{"id":6921,"date":"2025-06-24T15:40:48","date_gmt":"2025-06-24T07:40:48","guid":{"rendered":"https:\/\/www.excalibur-generator.com\/vs1046-allanadora-montable\/"},"modified":"2025-06-24T15:40:48","modified_gmt":"2025-06-24T07:40:48","slug":"vs1046-allanadora-montable","status":"publish","type":"product","link":"https:\/\/www.excalibur-generator.com\/es\/vs1046-allanadora-montable\/","title":{"rendered":"VS1046 Allanadora montable"},"content":{"rendered":"<table>\n<tbody>\n<tr>\n<td>TYPE<\/td>\n<td>VS1046<\/td>\n<\/tr>\n<tr>\n<td>TIPO DE MOTOR<\/td>\n<td>BRIGGS &amp; STRATTON<\/td>\n<\/tr>\n<tr>\n<td>FUERZA<\/td>\n<td>34HP<\/td>\n<\/tr>\n<tr>\n<td>MODO DE INICIO<\/td>\n<td>ARRANQUE EL\u00c9CTRICO<\/td>\n<\/tr>\n<tr>\n<td>TIPO DE COMBUSTIBLE<\/td>\n<td>GASOLINA DE M\u00c1S DE 90 NE<\/td>\n<\/tr>\n<tr>\n<td>TANQUE DE COMBUSTIBLE<\/td>\n<td>40L<\/td>\n<\/tr>\n<tr>\n<td>TANQUE DE INVIERNO<\/td>\n<td>40L<\/td>\n<\/tr>\n<tr>\n<td>MODO DE CONDUCCI\u00d3N<\/td>\n<td>ACCIONAMIENTO MEC\u00c1NICO<\/td>\n<\/tr>\n<tr>\n<td>DI\u00c1METRO DE TRABAJO<\/td>\n<td>120CM*2<\/td>\n<\/tr>\n<tr>\n<td>VELOCIDAD DE TRABAJO<\/td>\n<td>140-170RPM<\/td>\n<\/tr>\n<tr>\n<td>CANTIDAD DE HOJAS<\/td>\n<td>5*2<\/td>\n<\/tr>\n<tr>\n<td>MATERIAL DE LA HOJA<\/td>\n<td>65Mn<\/td>\n<\/tr>\n<tr>\n<td>TAMA\u00d1O DE LA HOJA<\/td>\n<td>450MM(L)X200MM(W)<\/td>\n<\/tr>\n<tr>\n<td>DIMENSI\u00d3N DEL CONTORNO<\/td>\n<td>2.54M*1.30M*1.52M<\/td>\n<\/tr>\n<tr>\n<td>TAMA\u00d1O DEL EMBALAJE<\/td>\n<td>2.65M*1.4,*1.6M<\/td>\n<\/tr>\n<tr>\n<td>PESO NETO<\/td>\n<td>480KGS<\/td>\n<\/tr>\n<tr>\n<td>PESO DEL EMBALAJE<\/td>\n<td>550KGS<\/td>\n<\/tr>\n<\/tbody>\n<\/table>\n","protected":false},"excerpt":{"rendered":"<ul>\n<li>Las bandejas dobles de 120 cm garantizan una cobertura de acabado amplia y eficiente<\/li>\n<li>Motor Briggs &amp; Stratton de 34 HP con sistema de arranque el\u00e9ctrico<\/li>\n<li>Las grandes cuchillas de 450 mm optimizan el acabado de la superficie del hormig\u00f3n<\/li>\n<\/ul>\n","protected":false},"featured_media":6535,"comment_status":"open","ping_status":"closed","template":"","meta":{"site-sidebar-layout":"default","site-content-layout":"","ast-site-content-layout":"default","site-content-style":"default","site-sidebar-style":"default","ast-global-header-display":"","ast-banner-title-visibility":"","ast-main-header-display":"","ast-hfb-above-header-display":"","ast-hfb-below-header-display":"","ast-hfb-mobile-header-display":"","site-post-title":"","ast-breadcrumbs-content":"","ast-featured-img":"","footer-sml-layout":"","theme-transparent-header-meta":"default","adv-header-id-meta":"","stick-header-meta":"","header-above-stick-meta":"","header-main-stick-meta":"","header-below-stick-meta":"","astra-migrate-meta-layouts":"default","ast-page-background-enabled":"default","ast-page-background-meta":{"desktop":{"background-color":"var(--ast-global-color-4)","background-image":"","background-repeat":"repeat","background-position":"center center","background-size":"auto","background-attachment":"scroll","background-type":"","background-media":"","overlay-type":"","overlay-color":"","overlay-opacity":"","overlay-gradient":""},"tablet":{"background-color":"","background-image":"","background-repeat":"repeat","background-position":"center center","background-size":"auto","background-attachment":"scroll","background-type":"","background-media":"","overlay-type":"","overlay-color":"","overlay-opacity":"","overlay-gradient":""},"mobile":{"background-color":"","background-image":"","background-repeat":"repeat","background-position":"center center","background-size":"auto","background-attachment":"scroll","background-type":"","background-media":"","overlay-type":"","overlay-color":"","overlay-opacity":"","overlay-gradient":""}},"ast-content-background-meta":{"desktop":{"background-color":"var(--ast-global-color-5)","background-image":"","background-repeat":"repeat","background-position":"center center","background-size":"auto","background-attachment":"scroll","background-type":"","background-media":"","overlay-type":"","overlay-color":"","overlay-opacity":"","overlay-gradient":""},"tablet":{"background-color":"var(--ast-global-color-5)","background-image":"","background-repeat":"repeat","background-position":"center center","background-size":"auto","background-attachment":"scroll","background-type":"","background-media":"","overlay-type":"","overlay-color":"","overlay-opacity":"","overlay-gradient":""},"mobile":{"background-color":"var(--ast-global-color-5)","background-image":"","background-repeat":"repeat","background-position":"center center","background-size":"auto","background-attachment":"scroll","background-type":"","background-media":"","overlay-type":"","overlay-color":"","overlay-opacity":"","overlay-gradient":""}}},"product_brand":[],"product_cat":[43],"product_tag":[76],"class_list":{"0":"post-6921","1":"product","2":"type-product","3":"status-publish","4":"has-post-thumbnail","6":"product_cat-sin-categorizar","7":"product_tag-llana-electrica-para-montar","8":"desktop-align-left","9":"tablet-align-left","10":"mobile-align-left","12":"first","13":"instock","14":"shipping-taxable","15":"product-type-simple"},"yoast_head":"<!-- This site is optimized with the Yoast SEO plugin v26.5 - https:\/\/yoast.com\/wordpress\/plugins\/seo\/ -->\n<title>VS1046 Allanadora montable &#8211; Excalibur Generator<\/title>\n<meta name=\"description\" content=\"La fratasadora el\u00e9ctrica con operador a bordo VS1046 cuenta con un motor de 34 HP, dos bandejas de 120 cm, accionamiento mec\u00e1nico y arranque el\u00e9ctrico para un acabado de concreto de alta eficiencia.\" \/>\n<meta name=\"robots\" content=\"index, follow, max-snippet:-1, max-image-preview:large, max-video-preview:-1\" \/>\n<link rel=\"canonical\" href=\"https:\/\/www.excalibur-generator.com\/es\/vs1046-allanadora-montable\/\" \/>\n<script type=\"application\/ld+json\" class=\"yoast-schema-graph\">{\"@context\":\"https:\/\/schema.org\",\"@graph\":[{\"@type\":\"WebPage\",\"@id\":\"https:\/\/www.excalibur-generator.com\/es\/vs1046-allanadora-montable\/\",\"url\":\"https:\/\/www.excalibur-generator.com\/es\/vs1046-allanadora-montable\/\",\"name\":\"VS1046 Allanadora montable &#8211; Excalibur Generator\",\"isPartOf\":{\"@id\":\"https:\/\/www.excalibur-generator.com\/es\/#website\"},\"primaryImageOfPage\":{\"@id\":\"https:\/\/www.excalibur-generator.com\/es\/vs1046-allanadora-montable\/#primaryimage\"},\"image\":{\"@id\":\"https:\/\/www.excalibur-generator.com\/es\/vs1046-allanadora-montable\/#primaryimage\"},\"thumbnailUrl\":\"https:\/\/www.excalibur-generator.com\/wp-content\/uploads\/2025\/06\/VS1046-Ride-on-Power-Trowel.jpg\",\"datePublished\":\"2025-06-24T07:40:48+00:00\",\"description\":\"La fratasadora el\u00e9ctrica con operador a bordo VS1046 cuenta con un motor de 34 HP, dos bandejas de 120 cm, accionamiento mec\u00e1nico y arranque el\u00e9ctrico para un acabado de concreto de alta eficiencia.\",\"breadcrumb\":{\"@id\":\"https:\/\/www.excalibur-generator.com\/es\/vs1046-allanadora-montable\/#breadcrumb\"},\"inLanguage\":\"es\",\"potentialAction\":[{\"@type\":\"ReadAction\",\"target\":[\"https:\/\/www.excalibur-generator.com\/es\/vs1046-allanadora-montable\/\"]}]},{\"@type\":\"ImageObject\",\"inLanguage\":\"es\",\"@id\":\"https:\/\/www.excalibur-generator.com\/es\/vs1046-allanadora-montable\/#primaryimage\",\"url\":\"https:\/\/www.excalibur-generator.com\/wp-content\/uploads\/2025\/06\/VS1046-Ride-on-Power-Trowel.jpg\",\"contentUrl\":\"https:\/\/www.excalibur-generator.com\/wp-content\/uploads\/2025\/06\/VS1046-Ride-on-Power-Trowel.jpg\",\"width\":800,\"height\":800,\"caption\":\"VS1046 Allanadora el\u00e9ctrica con operador a bordo\"},{\"@type\":\"BreadcrumbList\",\"@id\":\"https:\/\/www.excalibur-generator.com\/es\/vs1046-allanadora-montable\/#breadcrumb\",\"itemListElement\":[{\"@type\":\"ListItem\",\"position\":1,\"name\":\"Home\",\"item\":\"https:\/\/www.excalibur-generator.com\/es\/inicio\/\"},{\"@type\":\"ListItem\",\"position\":2,\"name\":\"Productos\",\"item\":\"https:\/\/www.excalibur-generator.com\/es\/productos.html\"},{\"@type\":\"ListItem\",\"position\":3,\"name\":\"VS1046 Allanadora montable\"}]},{\"@type\":\"WebSite\",\"@id\":\"https:\/\/www.excalibur-generator.com\/es\/#website\",\"url\":\"https:\/\/www.excalibur-generator.com\/es\/\",\"name\":\"Excalibur Generator\",\"description\":\"\",\"publisher\":{\"@id\":\"https:\/\/www.excalibur-generator.com\/es\/#organization\"},\"potentialAction\":[{\"@type\":\"SearchAction\",\"target\":{\"@type\":\"EntryPoint\",\"urlTemplate\":\"https:\/\/www.excalibur-generator.com\/es\/?s={search_term_string}\"},\"query-input\":{\"@type\":\"PropertyValueSpecification\",\"valueRequired\":true,\"valueName\":\"search_term_string\"}}],\"inLanguage\":\"es\"},{\"@type\":\"Organization\",\"@id\":\"https:\/\/www.excalibur-generator.com\/es\/#organization\",\"name\":\"Excalibur Generator\",\"url\":\"https:\/\/www.excalibur-generator.com\/es\/\",\"logo\":{\"@type\":\"ImageObject\",\"inLanguage\":\"es\",\"@id\":\"https:\/\/www.excalibur-generator.com\/es\/#\/schema\/logo\/image\/\",\"url\":\"https:\/\/www.excalibur-generator.com\/wp-content\/uploads\/2024\/05\/EXCALIBUR.png\",\"contentUrl\":\"https:\/\/www.excalibur-generator.com\/wp-content\/uploads\/2024\/05\/EXCALIBUR.png\",\"width\":350,\"height\":79,\"caption\":\"Excalibur Generator\"},\"image\":{\"@id\":\"https:\/\/www.excalibur-generator.com\/es\/#\/schema\/logo\/image\/\"}}]}<\/script>\n<!-- \/ Yoast SEO plugin. -->","yoast_head_json":{"title":"VS1046 Allanadora montable &#8211; Excalibur Generator","description":"La fratasadora el\u00e9ctrica con operador a bordo VS1046 cuenta con un motor de 34 HP, dos bandejas de 120 cm, accionamiento mec\u00e1nico y arranque el\u00e9ctrico para un acabado de concreto de alta eficiencia.","robots":{"index":"index","follow":"follow","max-snippet":"max-snippet:-1","max-image-preview":"max-image-preview:large","max-video-preview":"max-video-preview:-1"},"canonical":"https:\/\/www.excalibur-generator.com\/es\/vs1046-allanadora-montable\/","schema":{"@context":"https:\/\/schema.org","@graph":[{"@type":"WebPage","@id":"https:\/\/www.excalibur-generator.com\/es\/vs1046-allanadora-montable\/","url":"https:\/\/www.excalibur-generator.com\/es\/vs1046-allanadora-montable\/","name":"VS1046 Allanadora montable &#8211; Excalibur Generator","isPartOf":{"@id":"https:\/\/www.excalibur-generator.com\/es\/#website"},"primaryImageOfPage":{"@id":"https:\/\/www.excalibur-generator.com\/es\/vs1046-allanadora-montable\/#primaryimage"},"image":{"@id":"https:\/\/www.excalibur-generator.com\/es\/vs1046-allanadora-montable\/#primaryimage"},"thumbnailUrl":"https:\/\/www.excalibur-generator.com\/wp-content\/uploads\/2025\/06\/VS1046-Ride-on-Power-Trowel.jpg","datePublished":"2025-06-24T07:40:48+00:00","description":"La fratasadora el\u00e9ctrica con operador a bordo VS1046 cuenta con un motor de 34 HP, dos bandejas de 120 cm, accionamiento mec\u00e1nico y arranque el\u00e9ctrico para un acabado de concreto de alta eficiencia.","breadcrumb":{"@id":"https:\/\/www.excalibur-generator.com\/es\/vs1046-allanadora-montable\/#breadcrumb"},"inLanguage":"es","potentialAction":[{"@type":"ReadAction","target":["https:\/\/www.excalibur-generator.com\/es\/vs1046-allanadora-montable\/"]}]},{"@type":"ImageObject","inLanguage":"es","@id":"https:\/\/www.excalibur-generator.com\/es\/vs1046-allanadora-montable\/#primaryimage","url":"https:\/\/www.excalibur-generator.com\/wp-content\/uploads\/2025\/06\/VS1046-Ride-on-Power-Trowel.jpg","contentUrl":"https:\/\/www.excalibur-generator.com\/wp-content\/uploads\/2025\/06\/VS1046-Ride-on-Power-Trowel.jpg","width":800,"height":800,"caption":"VS1046 Allanadora el\u00e9ctrica con operador a bordo"},{"@type":"BreadcrumbList","@id":"https:\/\/www.excalibur-generator.com\/es\/vs1046-allanadora-montable\/#breadcrumb","itemListElement":[{"@type":"ListItem","position":1,"name":"Home","item":"https:\/\/www.excalibur-generator.com\/es\/inicio\/"},{"@type":"ListItem","position":2,"name":"Productos","item":"https:\/\/www.excalibur-generator.com\/es\/productos.html"},{"@type":"ListItem","position":3,"name":"VS1046 Allanadora montable"}]},{"@type":"WebSite","@id":"https:\/\/www.excalibur-generator.com\/es\/#website","url":"https:\/\/www.excalibur-generator.com\/es\/","name":"Excalibur Generator","description":"","publisher":{"@id":"https:\/\/www.excalibur-generator.com\/es\/#organization"},"potentialAction":[{"@type":"SearchAction","target":{"@type":"EntryPoint","urlTemplate":"https:\/\/www.excalibur-generator.com\/es\/?s={search_term_string}"},"query-input":{"@type":"PropertyValueSpecification","valueRequired":true,"valueName":"search_term_string"}}],"inLanguage":"es"},{"@type":"Organization","@id":"https:\/\/www.excalibur-generator.com\/es\/#organization","name":"Excalibur Generator","url":"https:\/\/www.excalibur-generator.com\/es\/","logo":{"@type":"ImageObject","inLanguage":"es","@id":"https:\/\/www.excalibur-generator.com\/es\/#\/schema\/logo\/image\/","url":"https:\/\/www.excalibur-generator.com\/wp-content\/uploads\/2024\/05\/EXCALIBUR.png","contentUrl":"https:\/\/www.excalibur-generator.com\/wp-content\/uploads\/2024\/05\/EXCALIBUR.png","width":350,"height":79,"caption":"Excalibur Generator"},"image":{"@id":"https:\/\/www.excalibur-generator.com\/es\/#\/schema\/logo\/image\/"}}]}},"_links":{"self":[{"href":"https:\/\/www.excalibur-generator.com\/es\/wp-json\/wp\/v2\/product\/6921","targetHints":{"allow":["GET"]}}],"collection":[{"href":"https:\/\/www.excalibur-generator.com\/es\/wp-json\/wp\/v2\/product"}],"about":[{"href":"https:\/\/www.excalibur-generator.com\/es\/wp-json\/wp\/v2\/types\/product"}],"replies":[{"embeddable":true,"href":"https:\/\/www.excalibur-generator.com\/es\/wp-json\/wp\/v2\/comments?post=6921"}],"wp:featuredmedia":[{"embeddable":true,"href":"https:\/\/www.excalibur-generator.com\/es\/wp-json\/wp\/v2\/media\/6535"}],"wp:attachment":[{"href":"https:\/\/www.excalibur-generator.com\/es\/wp-json\/wp\/v2\/media?parent=6921"}],"wp:term":[{"taxonomy":"product_brand","embeddable":true,"href":"https:\/\/www.excalibur-generator.com\/es\/wp-json\/wp\/v2\/product_brand?post=6921"},{"taxonomy":"product_cat","embeddable":true,"href":"https:\/\/www.excalibur-generator.com\/es\/wp-json\/wp\/v2\/product_cat?post=6921"},{"taxonomy":"product_tag","embeddable":true,"href":"https:\/\/www.excalibur-generator.com\/es\/wp-json\/wp\/v2\/product_tag?post=6921"}],"curies":[{"name":"wp","href":"https:\/\/api.w.org\/{rel}","templated":true}]}}