{"id":6924,"date":"2025-06-23T16:49:58","date_gmt":"2025-06-23T08:49:58","guid":{"rendered":"https:\/\/www.excalibur-generator.com\/allanadora-montable-vs830\/"},"modified":"2025-06-23T16:49:58","modified_gmt":"2025-06-23T08:49:58","slug":"allanadora-montable-vs830","status":"publish","type":"product","link":"https:\/\/www.excalibur-generator.com\/es\/allanadora-montable-vs830\/","title":{"rendered":"Allanadora montable VS830"},"content":{"rendered":"<table>\n<tbody>\n<tr>\n<td>Modelo<\/td>\n<td>VS830<\/td>\n<\/tr>\n<tr>\n<td>Dimensi\u00f3n (mm)<\/td>\n<td>1600*850*1080<\/td>\n<\/tr>\n<tr>\n<td>Peso total<\/td>\n<td>280Kg<\/td>\n<\/tr>\n<tr>\n<td>Velocidad de la cuchilla<\/td>\n<td>150 rpm<\/td>\n<\/tr>\n<tr>\n<td>Motor<\/td>\n<td>B&amp;S XR2100<\/td>\n<\/tr>\n<tr>\n<td>Di\u00e1metro de trabajo<\/td>\n<td>1600mm<\/td>\n<\/tr>\n<tr>\n<td>Volumen del tanque de combustible<\/td>\n<td>8L<\/td>\n<\/tr>\n<tr>\n<td>Modo de control<\/td>\n<td>Accionamiento mec\u00e1nico<\/td>\n<\/tr>\n<\/tbody>\n<\/table>\n","protected":false},"excerpt":{"rendered":"<ul>\n<li>Tama\u00f1o compacto con di\u00e1metro de trabajo de 1600 mm para una amplia cobertura.<\/li>\n<li>Impulsado por motor B&amp;S XR2100 con control mec\u00e1nico<\/li>\n<li>Peso de 280 kg, velocidad de la cuchilla de 150 rpm, tanque de combustible de 8 l<\/li>\n<\/ul>\n","protected":false},"featured_media":6525,"comment_status":"open","ping_status":"closed","template":"","meta":{"site-sidebar-layout":"default","site-content-layout":"","ast-site-content-layout":"default","site-content-style":"default","site-sidebar-style":"default","ast-global-header-display":"","ast-banner-title-visibility":"","ast-main-header-display":"","ast-hfb-above-header-display":"","ast-hfb-below-header-display":"","ast-hfb-mobile-header-display":"","site-post-title":"","ast-breadcrumbs-content":"","ast-featured-img":"","footer-sml-layout":"","theme-transparent-header-meta":"default","adv-header-id-meta":"","stick-header-meta":"","header-above-stick-meta":"","header-main-stick-meta":"","header-below-stick-meta":"","astra-migrate-meta-layouts":"default","ast-page-background-enabled":"default","ast-page-background-meta":{"desktop":{"background-color":"var(--ast-global-color-4)","background-image":"","background-repeat":"repeat","background-position":"center center","background-size":"auto","background-attachment":"scroll","background-type":"","background-media":"","overlay-type":"","overlay-color":"","overlay-opacity":"","overlay-gradient":""},"tablet":{"background-color":"","background-image":"","background-repeat":"repeat","background-position":"center center","background-size":"auto","background-attachment":"scroll","background-type":"","background-media":"","overlay-type":"","overlay-color":"","overlay-opacity":"","overlay-gradient":""},"mobile":{"background-color":"","background-image":"","background-repeat":"repeat","background-position":"center center","background-size":"auto","background-attachment":"scroll","background-type":"","background-media":"","overlay-type":"","overlay-color":"","overlay-opacity":"","overlay-gradient":""}},"ast-content-background-meta":{"desktop":{"background-color":"var(--ast-global-color-5)","background-image":"","background-repeat":"repeat","background-position":"center center","background-size":"auto","background-attachment":"scroll","background-type":"","background-media":"","overlay-type":"","overlay-color":"","overlay-opacity":"","overlay-gradient":""},"tablet":{"background-color":"var(--ast-global-color-5)","background-image":"","background-repeat":"repeat","background-position":"center center","background-size":"auto","background-attachment":"scroll","background-type":"","background-media":"","overlay-type":"","overlay-color":"","overlay-opacity":"","overlay-gradient":""},"mobile":{"background-color":"var(--ast-global-color-5)","background-image":"","background-repeat":"repeat","background-position":"center center","background-size":"auto","background-attachment":"scroll","background-type":"","background-media":"","overlay-type":"","overlay-color":"","overlay-opacity":"","overlay-gradient":""}}},"product_brand":[],"product_cat":[43],"product_tag":[76],"class_list":{"0":"post-6924","1":"product","2":"type-product","3":"status-publish","4":"has-post-thumbnail","6":"product_cat-sin-categorizar","7":"product_tag-llana-electrica-para-montar","8":"desktop-align-left","9":"tablet-align-left","10":"mobile-align-left","12":"first","13":"instock","14":"shipping-taxable","15":"product-type-simple"},"yoast_head":"<!-- This site is optimized with the Yoast SEO plugin v26.5 - https:\/\/yoast.com\/wordpress\/plugins\/seo\/ -->\n<title>Allanadora montable VS830 &#8211; Excalibur Generator<\/title>\n<meta name=\"description\" content=\"La fratasadora el\u00e9ctrica con operador a bordo VS830 tiene un di\u00e1metro de 1600 mm, una velocidad de hoja de 150 rpm y un accionamiento mec\u00e1nico para un acabado eficiente del hormig\u00f3n.\" \/>\n<meta name=\"robots\" content=\"index, follow, max-snippet:-1, max-image-preview:large, max-video-preview:-1\" \/>\n<link rel=\"canonical\" href=\"https:\/\/www.excalibur-generator.com\/es\/allanadora-montable-vs830\/\" \/>\n<script type=\"application\/ld+json\" class=\"yoast-schema-graph\">{\"@context\":\"https:\/\/schema.org\",\"@graph\":[{\"@type\":\"WebPage\",\"@id\":\"https:\/\/www.excalibur-generator.com\/es\/allanadora-montable-vs830\/\",\"url\":\"https:\/\/www.excalibur-generator.com\/es\/allanadora-montable-vs830\/\",\"name\":\"Allanadora montable VS830 &#8211; Excalibur Generator\",\"isPartOf\":{\"@id\":\"https:\/\/www.excalibur-generator.com\/es\/#website\"},\"primaryImageOfPage\":{\"@id\":\"https:\/\/www.excalibur-generator.com\/es\/allanadora-montable-vs830\/#primaryimage\"},\"image\":{\"@id\":\"https:\/\/www.excalibur-generator.com\/es\/allanadora-montable-vs830\/#primaryimage\"},\"thumbnailUrl\":\"https:\/\/www.excalibur-generator.com\/wp-content\/uploads\/2025\/06\/VS830-Ride-on-Power-Trowel.jpg\",\"datePublished\":\"2025-06-23T08:49:58+00:00\",\"description\":\"La fratasadora el\u00e9ctrica con operador a bordo VS830 tiene un di\u00e1metro de 1600 mm, una velocidad de hoja de 150 rpm y un accionamiento mec\u00e1nico para un acabado eficiente del hormig\u00f3n.\",\"breadcrumb\":{\"@id\":\"https:\/\/www.excalibur-generator.com\/es\/allanadora-montable-vs830\/#breadcrumb\"},\"inLanguage\":\"es\",\"potentialAction\":[{\"@type\":\"ReadAction\",\"target\":[\"https:\/\/www.excalibur-generator.com\/es\/allanadora-montable-vs830\/\"]}]},{\"@type\":\"ImageObject\",\"inLanguage\":\"es\",\"@id\":\"https:\/\/www.excalibur-generator.com\/es\/allanadora-montable-vs830\/#primaryimage\",\"url\":\"https:\/\/www.excalibur-generator.com\/wp-content\/uploads\/2025\/06\/VS830-Ride-on-Power-Trowel.jpg\",\"contentUrl\":\"https:\/\/www.excalibur-generator.com\/wp-content\/uploads\/2025\/06\/VS830-Ride-on-Power-Trowel.jpg\",\"width\":800,\"height\":800,\"caption\":\"Alisadora el\u00e9ctrica con operador a bordo VS830\"},{\"@type\":\"BreadcrumbList\",\"@id\":\"https:\/\/www.excalibur-generator.com\/es\/allanadora-montable-vs830\/#breadcrumb\",\"itemListElement\":[{\"@type\":\"ListItem\",\"position\":1,\"name\":\"Home\",\"item\":\"https:\/\/www.excalibur-generator.com\/es\/inicio\/\"},{\"@type\":\"ListItem\",\"position\":2,\"name\":\"Productos\",\"item\":\"https:\/\/www.excalibur-generator.com\/es\/productos.html\"},{\"@type\":\"ListItem\",\"position\":3,\"name\":\"Allanadora montable VS830\"}]},{\"@type\":\"WebSite\",\"@id\":\"https:\/\/www.excalibur-generator.com\/es\/#website\",\"url\":\"https:\/\/www.excalibur-generator.com\/es\/\",\"name\":\"Excalibur Generator\",\"description\":\"\",\"publisher\":{\"@id\":\"https:\/\/www.excalibur-generator.com\/es\/#organization\"},\"potentialAction\":[{\"@type\":\"SearchAction\",\"target\":{\"@type\":\"EntryPoint\",\"urlTemplate\":\"https:\/\/www.excalibur-generator.com\/es\/?s={search_term_string}\"},\"query-input\":{\"@type\":\"PropertyValueSpecification\",\"valueRequired\":true,\"valueName\":\"search_term_string\"}}],\"inLanguage\":\"es\"},{\"@type\":\"Organization\",\"@id\":\"https:\/\/www.excalibur-generator.com\/es\/#organization\",\"name\":\"Excalibur Generator\",\"url\":\"https:\/\/www.excalibur-generator.com\/es\/\",\"logo\":{\"@type\":\"ImageObject\",\"inLanguage\":\"es\",\"@id\":\"https:\/\/www.excalibur-generator.com\/es\/#\/schema\/logo\/image\/\",\"url\":\"https:\/\/www.excalibur-generator.com\/wp-content\/uploads\/2024\/05\/EXCALIBUR.png\",\"contentUrl\":\"https:\/\/www.excalibur-generator.com\/wp-content\/uploads\/2024\/05\/EXCALIBUR.png\",\"width\":350,\"height\":79,\"caption\":\"Excalibur Generator\"},\"image\":{\"@id\":\"https:\/\/www.excalibur-generator.com\/es\/#\/schema\/logo\/image\/\"}}]}<\/script>\n<!-- \/ Yoast SEO plugin. -->","yoast_head_json":{"title":"Allanadora montable VS830 &#8211; Excalibur Generator","description":"La fratasadora el\u00e9ctrica con operador a bordo VS830 tiene un di\u00e1metro de 1600 mm, una velocidad de hoja de 150 rpm y un accionamiento mec\u00e1nico para un acabado eficiente del hormig\u00f3n.","robots":{"index":"index","follow":"follow","max-snippet":"max-snippet:-1","max-image-preview":"max-image-preview:large","max-video-preview":"max-video-preview:-1"},"canonical":"https:\/\/www.excalibur-generator.com\/es\/allanadora-montable-vs830\/","schema":{"@context":"https:\/\/schema.org","@graph":[{"@type":"WebPage","@id":"https:\/\/www.excalibur-generator.com\/es\/allanadora-montable-vs830\/","url":"https:\/\/www.excalibur-generator.com\/es\/allanadora-montable-vs830\/","name":"Allanadora montable VS830 &#8211; Excalibur Generator","isPartOf":{"@id":"https:\/\/www.excalibur-generator.com\/es\/#website"},"primaryImageOfPage":{"@id":"https:\/\/www.excalibur-generator.com\/es\/allanadora-montable-vs830\/#primaryimage"},"image":{"@id":"https:\/\/www.excalibur-generator.com\/es\/allanadora-montable-vs830\/#primaryimage"},"thumbnailUrl":"https:\/\/www.excalibur-generator.com\/wp-content\/uploads\/2025\/06\/VS830-Ride-on-Power-Trowel.jpg","datePublished":"2025-06-23T08:49:58+00:00","description":"La fratasadora el\u00e9ctrica con operador a bordo VS830 tiene un di\u00e1metro de 1600 mm, una velocidad de hoja de 150 rpm y un accionamiento mec\u00e1nico para un acabado eficiente del hormig\u00f3n.","breadcrumb":{"@id":"https:\/\/www.excalibur-generator.com\/es\/allanadora-montable-vs830\/#breadcrumb"},"inLanguage":"es","potentialAction":[{"@type":"ReadAction","target":["https:\/\/www.excalibur-generator.com\/es\/allanadora-montable-vs830\/"]}]},{"@type":"ImageObject","inLanguage":"es","@id":"https:\/\/www.excalibur-generator.com\/es\/allanadora-montable-vs830\/#primaryimage","url":"https:\/\/www.excalibur-generator.com\/wp-content\/uploads\/2025\/06\/VS830-Ride-on-Power-Trowel.jpg","contentUrl":"https:\/\/www.excalibur-generator.com\/wp-content\/uploads\/2025\/06\/VS830-Ride-on-Power-Trowel.jpg","width":800,"height":800,"caption":"Alisadora el\u00e9ctrica con operador a bordo VS830"},{"@type":"BreadcrumbList","@id":"https:\/\/www.excalibur-generator.com\/es\/allanadora-montable-vs830\/#breadcrumb","itemListElement":[{"@type":"ListItem","position":1,"name":"Home","item":"https:\/\/www.excalibur-generator.com\/es\/inicio\/"},{"@type":"ListItem","position":2,"name":"Productos","item":"https:\/\/www.excalibur-generator.com\/es\/productos.html"},{"@type":"ListItem","position":3,"name":"Allanadora montable VS830"}]},{"@type":"WebSite","@id":"https:\/\/www.excalibur-generator.com\/es\/#website","url":"https:\/\/www.excalibur-generator.com\/es\/","name":"Excalibur Generator","description":"","publisher":{"@id":"https:\/\/www.excalibur-generator.com\/es\/#organization"},"potentialAction":[{"@type":"SearchAction","target":{"@type":"EntryPoint","urlTemplate":"https:\/\/www.excalibur-generator.com\/es\/?s={search_term_string}"},"query-input":{"@type":"PropertyValueSpecification","valueRequired":true,"valueName":"search_term_string"}}],"inLanguage":"es"},{"@type":"Organization","@id":"https:\/\/www.excalibur-generator.com\/es\/#organization","name":"Excalibur Generator","url":"https:\/\/www.excalibur-generator.com\/es\/","logo":{"@type":"ImageObject","inLanguage":"es","@id":"https:\/\/www.excalibur-generator.com\/es\/#\/schema\/logo\/image\/","url":"https:\/\/www.excalibur-generator.com\/wp-content\/uploads\/2024\/05\/EXCALIBUR.png","contentUrl":"https:\/\/www.excalibur-generator.com\/wp-content\/uploads\/2024\/05\/EXCALIBUR.png","width":350,"height":79,"caption":"Excalibur Generator"},"image":{"@id":"https:\/\/www.excalibur-generator.com\/es\/#\/schema\/logo\/image\/"}}]}},"_links":{"self":[{"href":"https:\/\/www.excalibur-generator.com\/es\/wp-json\/wp\/v2\/product\/6924","targetHints":{"allow":["GET"]}}],"collection":[{"href":"https:\/\/www.excalibur-generator.com\/es\/wp-json\/wp\/v2\/product"}],"about":[{"href":"https:\/\/www.excalibur-generator.com\/es\/wp-json\/wp\/v2\/types\/product"}],"replies":[{"embeddable":true,"href":"https:\/\/www.excalibur-generator.com\/es\/wp-json\/wp\/v2\/comments?post=6924"}],"wp:featuredmedia":[{"embeddable":true,"href":"https:\/\/www.excalibur-generator.com\/es\/wp-json\/wp\/v2\/media\/6525"}],"wp:attachment":[{"href":"https:\/\/www.excalibur-generator.com\/es\/wp-json\/wp\/v2\/media?parent=6924"}],"wp:term":[{"taxonomy":"product_brand","embeddable":true,"href":"https:\/\/www.excalibur-generator.com\/es\/wp-json\/wp\/v2\/product_brand?post=6924"},{"taxonomy":"product_cat","embeddable":true,"href":"https:\/\/www.excalibur-generator.com\/es\/wp-json\/wp\/v2\/product_cat?post=6924"},{"taxonomy":"product_tag","embeddable":true,"href":"https:\/\/www.excalibur-generator.com\/es\/wp-json\/wp\/v2\/product_tag?post=6924"}],"curies":[{"name":"wp","href":"https:\/\/api.w.org\/{rel}","templated":true}]}}