{"id":6925,"date":"2025-06-23T15:57:04","date_gmt":"2025-06-23T07:57:04","guid":{"rendered":"https:\/\/www.excalibur-generator.com\/allanadora-manual-serie-st-de-24-pulgadas-36-pulgadas-y-48-pulgadas\/"},"modified":"2025-06-23T15:57:04","modified_gmt":"2025-06-23T07:57:04","slug":"allanadora-manual-serie-st-de-24-pulgadas-36-pulgadas-y-48-pulgadas","status":"publish","type":"product","link":"https:\/\/www.excalibur-generator.com\/es\/allanadora-manual-serie-st-de-24-pulgadas-36-pulgadas-y-48-pulgadas\/","title":{"rendered":"Allanadora manual serie ST de 24 pulgadas, 36 pulgadas y 48 pulgadas"},"content":{"rendered":"<h2>Estructura del producto<\/h2>\n<table class=\"table0624\">\n<tbody>\n<tr>\n<td width=\"284\"><img fetchpriority=\"high\" decoding=\"async\" class=\"aligncenter wp-image-6376 size-full\" src=\"https:\/\/www.excalibur-generator.com\/wp-content\/uploads\/2025\/06\/Product-Structure.jpg\" alt=\"Estructura del producto\" width=\"600\" height=\"600\" srcset=\"https:\/\/www.excalibur-generator.com\/wp-content\/uploads\/2025\/06\/Product-Structure.jpg 600w, https:\/\/www.excalibur-generator.com\/wp-content\/uploads\/2025\/06\/Product-Structure-300x300.jpg 300w, https:\/\/www.excalibur-generator.com\/wp-content\/uploads\/2025\/06\/Product-Structure-150x150.jpg 150w, https:\/\/www.excalibur-generator.com\/wp-content\/uploads\/2025\/06\/Product-Structure-100x100.jpg 100w\" sizes=\"(max-width: 600px) 100vw, 600px\" \/><\/td>\n<td width=\"284\">1. Empu\u00f1adura regulable en altura que garantiza un control c\u00f3modo<\/p>\n<p>2. Asa ingeniosamente dise\u00f1ada para facilitar la accesibilidad del operador desde el puesto de conducci\u00f3n<\/p>\n<p>3. Gancho de elevaci\u00f3n f\u00e1cil<\/p>\n<p>4. Caja de engranajes de aluminio fundido<\/p>\n<p>5. Anillo protector con dise\u00f1o de seguridad<\/p>\n<p>&nbsp;<\/p>\n<p>&nbsp;<\/td>\n<\/tr>\n<\/tbody>\n<\/table>\n<h2>Opci\u00f3n de producto<\/h2>\n<ul>\n<li>Paletina el\u00e9ctrica cromada disponible, todos los colores se pueden personalizar.<\/li>\n<li>Mango tipo A, B, C para elegir<\/li>\n<li>Motor el\u00e9ctrico como fuente de energ\u00eda<\/li>\n<\/ul>\n<table class=\"table0624\">\n<tbody>\n<tr>\n<td width=\"189\"><img decoding=\"async\" class=\"alignnone size-full wp-image-6386\" src=\"https:\/\/www.excalibur-generator.com\/wp-content\/uploads\/2025\/06\/handle-type-A.jpg\" alt=\"mango tipo A\" width=\"600\" height=\"600\" srcset=\"https:\/\/www.excalibur-generator.com\/wp-content\/uploads\/2025\/06\/handle-type-A.jpg 600w, https:\/\/www.excalibur-generator.com\/wp-content\/uploads\/2025\/06\/handle-type-A-300x300.jpg 300w, https:\/\/www.excalibur-generator.com\/wp-content\/uploads\/2025\/06\/handle-type-A-150x150.jpg 150w, https:\/\/www.excalibur-generator.com\/wp-content\/uploads\/2025\/06\/handle-type-A-100x100.jpg 100w\" sizes=\"(max-width: 600px) 100vw, 600px\" \/><\/td>\n<td width=\"189\"><img decoding=\"async\" class=\"alignnone size-full wp-image-6389\" src=\"https:\/\/www.excalibur-generator.com\/wp-content\/uploads\/2025\/06\/handle-type-B.jpg\" alt=\"mango tipo B\" width=\"600\" height=\"600\" srcset=\"https:\/\/www.excalibur-generator.com\/wp-content\/uploads\/2025\/06\/handle-type-B.jpg 600w, https:\/\/www.excalibur-generator.com\/wp-content\/uploads\/2025\/06\/handle-type-B-300x300.jpg 300w, https:\/\/www.excalibur-generator.com\/wp-content\/uploads\/2025\/06\/handle-type-B-150x150.jpg 150w, https:\/\/www.excalibur-generator.com\/wp-content\/uploads\/2025\/06\/handle-type-B-100x100.jpg 100w\" sizes=\"(max-width: 600px) 100vw, 600px\" \/><\/td>\n<td width=\"189\"><img loading=\"lazy\" decoding=\"async\" class=\"alignnone size-full wp-image-6392\" src=\"https:\/\/www.excalibur-generator.com\/wp-content\/uploads\/2025\/06\/handle-type-C.jpg\" alt=\"mango tipo C\" width=\"600\" height=\"600\" srcset=\"https:\/\/www.excalibur-generator.com\/wp-content\/uploads\/2025\/06\/handle-type-C.jpg 600w, https:\/\/www.excalibur-generator.com\/wp-content\/uploads\/2025\/06\/handle-type-C-300x300.jpg 300w, https:\/\/www.excalibur-generator.com\/wp-content\/uploads\/2025\/06\/handle-type-C-150x150.jpg 150w, https:\/\/www.excalibur-generator.com\/wp-content\/uploads\/2025\/06\/handle-type-C-100x100.jpg 100w\" sizes=\"(max-width: 600px) 100vw, 600px\" \/><\/td>\n<\/tr>\n<tr>\n<td width=\"189\">Asa Tipo A<\/td>\n<td width=\"189\">Asa Tipo B<\/td>\n<td width=\"189\">Asa tipo C<\/td>\n<\/tr>\n<\/tbody>\n<\/table>\n<h2>Par\u00e1metros del producto<\/h2>\n<table>\n<tbody>\n<tr>\n<td>Modelo<\/td>\n<td>ST-24<\/td>\n<td>ST-30<\/td>\n<td>ST-36<\/td>\n<td>ST-48<\/td>\n<\/tr>\n<tr>\n<td>Di\u00e1metro de la llana (mm)<\/td>\n<td>600<\/td>\n<td>800<\/td>\n<td>1000<\/td>\n<td>1200<\/td>\n<\/tr>\n<tr>\n<td>N\u00famero de cuchillas<\/td>\n<td>4<\/td>\n<td>4<\/td>\n<td>4<\/td>\n<td>4<\/td>\n<\/tr>\n<tr>\n<td>Velocidad de conducci\u00f3n (rpm)<\/td>\n<td>50-100<\/td>\n<td>50-100<\/td>\n<td>50-130<\/td>\n<td>70-145<\/td>\n<\/tr>\n<tr>\n<td>Dimensi\u00f3n de la hoja (mm)<\/td>\n<td>220*130<\/td>\n<td>265*150<\/td>\n<td>350*150<\/td>\n<td>405*150<\/td>\n<\/tr>\n<tr>\n<td>Tama\u00f1o del embalaje (largo x ancho x alto) mm<\/td>\n<td>600*600*660<\/td>\n<td>1000*1000*660<\/td>\n<td>1000*1000*660<\/td>\n<td>1200*1200*880<\/td>\n<\/tr>\n<tr>\n<td>Peso neto (KG)<\/td>\n<td>60<\/td>\n<td>75<\/td>\n<td>75<\/td>\n<td>80<\/td>\n<\/tr>\n<tr>\n<td>Modelo de motor<\/td>\n<td>ROBIN EY20<br \/>\nHONDA GX160<br \/>\nLIFAN 200F<br \/>\nMOTOR EL\u00c9CTRICO<\/td>\n<td>ROBIN EY20<br \/>\nHONDA GX160<br \/>\nLIFAN 200F<br \/>\nMOTOR EL\u00c9CTRICO<\/td>\n<td>ROBIN EY20<br \/>\nHONDA GX160<br \/>\nLIFAN 200F<br \/>\nMOTOR EL\u00c9CTRICO<\/td>\n<td>HONDA GX270<br \/>\nLIFAN G270F<br \/>\nMOTOR EL\u00c9CTRICO<\/td>\n<\/tr>\n<\/tbody>\n<\/table>\n<p>&nbsp;<\/p>\n","protected":false},"excerpt":{"rendered":"<ul>\n<li>El dise\u00f1o de cuatro hojas proporciona un acabado de hormig\u00f3n suave y eficiente.<\/li>\n<li>M\u00faltiples opciones de motor: Honda, Robin, Lifan o el\u00e9ctrico.<\/li>\n<li>Los tama\u00f1os de las llanas var\u00edan de 600 mm a 1200 mm de di\u00e1metro.<\/li>\n<\/ul>\n","protected":false},"featured_media":6531,"comment_status":"open","ping_status":"closed","template":"","meta":{"site-sidebar-layout":"default","site-content-layout":"","ast-site-content-layout":"default","site-content-style":"default","site-sidebar-style":"default","ast-global-header-display":"","ast-banner-title-visibility":"","ast-main-header-display":"","ast-hfb-above-header-display":"","ast-hfb-below-header-display":"","ast-hfb-mobile-header-display":"","site-post-title":"","ast-breadcrumbs-content":"","ast-featured-img":"","footer-sml-layout":"","theme-transparent-header-meta":"default","adv-header-id-meta":"","stick-header-meta":"","header-above-stick-meta":"","header-main-stick-meta":"","header-below-stick-meta":"","astra-migrate-meta-layouts":"default","ast-page-background-enabled":"default","ast-page-background-meta":{"desktop":{"background-color":"var(--ast-global-color-4)","background-image":"","background-repeat":"repeat","background-position":"center center","background-size":"auto","background-attachment":"scroll","background-type":"","background-media":"","overlay-type":"","overlay-color":"","overlay-opacity":"","overlay-gradient":""},"tablet":{"background-color":"","background-image":"","background-repeat":"repeat","background-position":"center center","background-size":"auto","background-attachment":"scroll","background-type":"","background-media":"","overlay-type":"","overlay-color":"","overlay-opacity":"","overlay-gradient":""},"mobile":{"background-color":"","background-image":"","background-repeat":"repeat","background-position":"center center","background-size":"auto","background-attachment":"scroll","background-type":"","background-media":"","overlay-type":"","overlay-color":"","overlay-opacity":"","overlay-gradient":""}},"ast-content-background-meta":{"desktop":{"background-color":"var(--ast-global-color-5)","background-image":"","background-repeat":"repeat","background-position":"center center","background-size":"auto","background-attachment":"scroll","background-type":"","background-media":"","overlay-type":"","overlay-color":"","overlay-opacity":"","overlay-gradient":""},"tablet":{"background-color":"var(--ast-global-color-5)","background-image":"","background-repeat":"repeat","background-position":"center center","background-size":"auto","background-attachment":"scroll","background-type":"","background-media":"","overlay-type":"","overlay-color":"","overlay-opacity":"","overlay-gradient":""},"mobile":{"background-color":"var(--ast-global-color-5)","background-image":"","background-repeat":"repeat","background-position":"center center","background-size":"auto","background-attachment":"scroll","background-type":"","background-media":"","overlay-type":"","overlay-color":"","overlay-opacity":"","overlay-gradient":""}}},"product_brand":[],"product_cat":[],"product_tag":[],"class_list":{"0":"post-6925","1":"product","2":"type-product","3":"status-publish","4":"has-post-thumbnail","6":"desktop-align-left","7":"tablet-align-left","8":"mobile-align-left","10":"first","11":"instock","12":"shipping-taxable","13":"product-type-simple"},"yoast_head":"<!-- This site is optimized with the Yoast SEO plugin v26.5 - https:\/\/yoast.com\/wordpress\/plugins\/seo\/ -->\n<title>Allanadoras el\u00e9ctricas de empuje serie ST de 24 pulgadas, 36 pulgadas y 48 pulgadas &#8211; Excalibur Generator<\/title>\n<meta name=\"description\" content=\"Las fratasadoras el\u00e9ctricas de empuje de la serie ST ofrecen di\u00e1metros de 600 a 1200 mm, 4 hojas y un rendimiento de acabado de hormig\u00f3n suave y con velocidad ajustable.\" \/>\n<meta name=\"robots\" content=\"index, follow, max-snippet:-1, max-image-preview:large, max-video-preview:-1\" \/>\n<link rel=\"canonical\" href=\"https:\/\/www.excalibur-generator.com\/es\/allanadora-manual-serie-st-de-24-pulgadas-36-pulgadas-y-48-pulgadas\/\" \/>\n<meta name=\"twitter:label1\" content=\"Tiempo de lectura\" \/>\n\t<meta name=\"twitter:data1\" content=\"1 minuto\" \/>\n<script type=\"application\/ld+json\" class=\"yoast-schema-graph\">{\"@context\":\"https:\/\/schema.org\",\"@graph\":[{\"@type\":\"WebPage\",\"@id\":\"https:\/\/www.excalibur-generator.com\/es\/allanadora-manual-serie-st-de-24-pulgadas-36-pulgadas-y-48-pulgadas\/\",\"url\":\"https:\/\/www.excalibur-generator.com\/es\/allanadora-manual-serie-st-de-24-pulgadas-36-pulgadas-y-48-pulgadas\/\",\"name\":\"Allanadoras el\u00e9ctricas de empuje serie ST de 24 pulgadas, 36 pulgadas y 48 pulgadas &#8211; Excalibur Generator\",\"isPartOf\":{\"@id\":\"https:\/\/www.excalibur-generator.com\/es\/#website\"},\"primaryImageOfPage\":{\"@id\":\"https:\/\/www.excalibur-generator.com\/es\/allanadora-manual-serie-st-de-24-pulgadas-36-pulgadas-y-48-pulgadas\/#primaryimage\"},\"image\":{\"@id\":\"https:\/\/www.excalibur-generator.com\/es\/allanadora-manual-serie-st-de-24-pulgadas-36-pulgadas-y-48-pulgadas\/#primaryimage\"},\"thumbnailUrl\":\"https:\/\/www.excalibur-generator.com\/wp-content\/uploads\/2025\/06\/24-inch36-inch48-inch-ST-Series-Walk-behind-Power-Trowel.jpg\",\"datePublished\":\"2025-06-23T07:57:04+00:00\",\"description\":\"Las fratasadoras el\u00e9ctricas de empuje de la serie ST ofrecen di\u00e1metros de 600 a 1200 mm, 4 hojas y un rendimiento de acabado de hormig\u00f3n suave y con velocidad ajustable.\",\"breadcrumb\":{\"@id\":\"https:\/\/www.excalibur-generator.com\/es\/allanadora-manual-serie-st-de-24-pulgadas-36-pulgadas-y-48-pulgadas\/#breadcrumb\"},\"inLanguage\":\"es\",\"potentialAction\":[{\"@type\":\"ReadAction\",\"target\":[\"https:\/\/www.excalibur-generator.com\/es\/allanadora-manual-serie-st-de-24-pulgadas-36-pulgadas-y-48-pulgadas\/\"]}]},{\"@type\":\"ImageObject\",\"inLanguage\":\"es\",\"@id\":\"https:\/\/www.excalibur-generator.com\/es\/allanadora-manual-serie-st-de-24-pulgadas-36-pulgadas-y-48-pulgadas\/#primaryimage\",\"url\":\"https:\/\/www.excalibur-generator.com\/wp-content\/uploads\/2025\/06\/24-inch36-inch48-inch-ST-Series-Walk-behind-Power-Trowel.jpg\",\"contentUrl\":\"https:\/\/www.excalibur-generator.com\/wp-content\/uploads\/2025\/06\/24-inch36-inch48-inch-ST-Series-Walk-behind-Power-Trowel.jpg\",\"width\":800,\"height\":800,\"caption\":\"Allanadoras el\u00e9ctricas de empuje serie ST de 24 pulgadas, 36 pulgadas y 48 pulgadas\"},{\"@type\":\"BreadcrumbList\",\"@id\":\"https:\/\/www.excalibur-generator.com\/es\/allanadora-manual-serie-st-de-24-pulgadas-36-pulgadas-y-48-pulgadas\/#breadcrumb\",\"itemListElement\":[{\"@type\":\"ListItem\",\"position\":1,\"name\":\"Home\",\"item\":\"https:\/\/www.excalibur-generator.com\/es\/inicio\/\"},{\"@type\":\"ListItem\",\"position\":2,\"name\":\"Productos\",\"item\":\"https:\/\/www.excalibur-generator.com\/es\/productos.html\"},{\"@type\":\"ListItem\",\"position\":3,\"name\":\"Allanadora manual serie ST de 24 pulgadas, 36 pulgadas y 48 pulgadas\"}]},{\"@type\":\"WebSite\",\"@id\":\"https:\/\/www.excalibur-generator.com\/es\/#website\",\"url\":\"https:\/\/www.excalibur-generator.com\/es\/\",\"name\":\"Excalibur Generator\",\"description\":\"\",\"publisher\":{\"@id\":\"https:\/\/www.excalibur-generator.com\/es\/#organization\"},\"potentialAction\":[{\"@type\":\"SearchAction\",\"target\":{\"@type\":\"EntryPoint\",\"urlTemplate\":\"https:\/\/www.excalibur-generator.com\/es\/?s={search_term_string}\"},\"query-input\":{\"@type\":\"PropertyValueSpecification\",\"valueRequired\":true,\"valueName\":\"search_term_string\"}}],\"inLanguage\":\"es\"},{\"@type\":\"Organization\",\"@id\":\"https:\/\/www.excalibur-generator.com\/es\/#organization\",\"name\":\"Excalibur Generator\",\"url\":\"https:\/\/www.excalibur-generator.com\/es\/\",\"logo\":{\"@type\":\"ImageObject\",\"inLanguage\":\"es\",\"@id\":\"https:\/\/www.excalibur-generator.com\/es\/#\/schema\/logo\/image\/\",\"url\":\"https:\/\/www.excalibur-generator.com\/wp-content\/uploads\/2024\/05\/EXCALIBUR.png\",\"contentUrl\":\"https:\/\/www.excalibur-generator.com\/wp-content\/uploads\/2024\/05\/EXCALIBUR.png\",\"width\":350,\"height\":79,\"caption\":\"Excalibur Generator\"},\"image\":{\"@id\":\"https:\/\/www.excalibur-generator.com\/es\/#\/schema\/logo\/image\/\"}}]}<\/script>\n<!-- \/ Yoast SEO plugin. -->","yoast_head_json":{"title":"Allanadoras el\u00e9ctricas de empuje serie ST de 24 pulgadas, 36 pulgadas y 48 pulgadas &#8211; Excalibur Generator","description":"Las fratasadoras el\u00e9ctricas de empuje de la serie ST ofrecen di\u00e1metros de 600 a 1200 mm, 4 hojas y un rendimiento de acabado de hormig\u00f3n suave y con velocidad ajustable.","robots":{"index":"index","follow":"follow","max-snippet":"max-snippet:-1","max-image-preview":"max-image-preview:large","max-video-preview":"max-video-preview:-1"},"canonical":"https:\/\/www.excalibur-generator.com\/es\/allanadora-manual-serie-st-de-24-pulgadas-36-pulgadas-y-48-pulgadas\/","twitter_misc":{"Tiempo de lectura":"1 minuto"},"schema":{"@context":"https:\/\/schema.org","@graph":[{"@type":"WebPage","@id":"https:\/\/www.excalibur-generator.com\/es\/allanadora-manual-serie-st-de-24-pulgadas-36-pulgadas-y-48-pulgadas\/","url":"https:\/\/www.excalibur-generator.com\/es\/allanadora-manual-serie-st-de-24-pulgadas-36-pulgadas-y-48-pulgadas\/","name":"Allanadoras el\u00e9ctricas de empuje serie ST de 24 pulgadas, 36 pulgadas y 48 pulgadas &#8211; Excalibur Generator","isPartOf":{"@id":"https:\/\/www.excalibur-generator.com\/es\/#website"},"primaryImageOfPage":{"@id":"https:\/\/www.excalibur-generator.com\/es\/allanadora-manual-serie-st-de-24-pulgadas-36-pulgadas-y-48-pulgadas\/#primaryimage"},"image":{"@id":"https:\/\/www.excalibur-generator.com\/es\/allanadora-manual-serie-st-de-24-pulgadas-36-pulgadas-y-48-pulgadas\/#primaryimage"},"thumbnailUrl":"https:\/\/www.excalibur-generator.com\/wp-content\/uploads\/2025\/06\/24-inch36-inch48-inch-ST-Series-Walk-behind-Power-Trowel.jpg","datePublished":"2025-06-23T07:57:04+00:00","description":"Las fratasadoras el\u00e9ctricas de empuje de la serie ST ofrecen di\u00e1metros de 600 a 1200 mm, 4 hojas y un rendimiento de acabado de hormig\u00f3n suave y con velocidad ajustable.","breadcrumb":{"@id":"https:\/\/www.excalibur-generator.com\/es\/allanadora-manual-serie-st-de-24-pulgadas-36-pulgadas-y-48-pulgadas\/#breadcrumb"},"inLanguage":"es","potentialAction":[{"@type":"ReadAction","target":["https:\/\/www.excalibur-generator.com\/es\/allanadora-manual-serie-st-de-24-pulgadas-36-pulgadas-y-48-pulgadas\/"]}]},{"@type":"ImageObject","inLanguage":"es","@id":"https:\/\/www.excalibur-generator.com\/es\/allanadora-manual-serie-st-de-24-pulgadas-36-pulgadas-y-48-pulgadas\/#primaryimage","url":"https:\/\/www.excalibur-generator.com\/wp-content\/uploads\/2025\/06\/24-inch36-inch48-inch-ST-Series-Walk-behind-Power-Trowel.jpg","contentUrl":"https:\/\/www.excalibur-generator.com\/wp-content\/uploads\/2025\/06\/24-inch36-inch48-inch-ST-Series-Walk-behind-Power-Trowel.jpg","width":800,"height":800,"caption":"Allanadoras el\u00e9ctricas de empuje serie ST de 24 pulgadas, 36 pulgadas y 48 pulgadas"},{"@type":"BreadcrumbList","@id":"https:\/\/www.excalibur-generator.com\/es\/allanadora-manual-serie-st-de-24-pulgadas-36-pulgadas-y-48-pulgadas\/#breadcrumb","itemListElement":[{"@type":"ListItem","position":1,"name":"Home","item":"https:\/\/www.excalibur-generator.com\/es\/inicio\/"},{"@type":"ListItem","position":2,"name":"Productos","item":"https:\/\/www.excalibur-generator.com\/es\/productos.html"},{"@type":"ListItem","position":3,"name":"Allanadora manual serie ST de 24 pulgadas, 36 pulgadas y 48 pulgadas"}]},{"@type":"WebSite","@id":"https:\/\/www.excalibur-generator.com\/es\/#website","url":"https:\/\/www.excalibur-generator.com\/es\/","name":"Excalibur Generator","description":"","publisher":{"@id":"https:\/\/www.excalibur-generator.com\/es\/#organization"},"potentialAction":[{"@type":"SearchAction","target":{"@type":"EntryPoint","urlTemplate":"https:\/\/www.excalibur-generator.com\/es\/?s={search_term_string}"},"query-input":{"@type":"PropertyValueSpecification","valueRequired":true,"valueName":"search_term_string"}}],"inLanguage":"es"},{"@type":"Organization","@id":"https:\/\/www.excalibur-generator.com\/es\/#organization","name":"Excalibur Generator","url":"https:\/\/www.excalibur-generator.com\/es\/","logo":{"@type":"ImageObject","inLanguage":"es","@id":"https:\/\/www.excalibur-generator.com\/es\/#\/schema\/logo\/image\/","url":"https:\/\/www.excalibur-generator.com\/wp-content\/uploads\/2024\/05\/EXCALIBUR.png","contentUrl":"https:\/\/www.excalibur-generator.com\/wp-content\/uploads\/2024\/05\/EXCALIBUR.png","width":350,"height":79,"caption":"Excalibur Generator"},"image":{"@id":"https:\/\/www.excalibur-generator.com\/es\/#\/schema\/logo\/image\/"}}]}},"_links":{"self":[{"href":"https:\/\/www.excalibur-generator.com\/es\/wp-json\/wp\/v2\/product\/6925","targetHints":{"allow":["GET"]}}],"collection":[{"href":"https:\/\/www.excalibur-generator.com\/es\/wp-json\/wp\/v2\/product"}],"about":[{"href":"https:\/\/www.excalibur-generator.com\/es\/wp-json\/wp\/v2\/types\/product"}],"replies":[{"embeddable":true,"href":"https:\/\/www.excalibur-generator.com\/es\/wp-json\/wp\/v2\/comments?post=6925"}],"wp:featuredmedia":[{"embeddable":true,"href":"https:\/\/www.excalibur-generator.com\/es\/wp-json\/wp\/v2\/media\/6531"}],"wp:attachment":[{"href":"https:\/\/www.excalibur-generator.com\/es\/wp-json\/wp\/v2\/media?parent=6925"}],"wp:term":[{"taxonomy":"product_brand","embeddable":true,"href":"https:\/\/www.excalibur-generator.com\/es\/wp-json\/wp\/v2\/product_brand?post=6925"},{"taxonomy":"product_cat","embeddable":true,"href":"https:\/\/www.excalibur-generator.com\/es\/wp-json\/wp\/v2\/product_cat?post=6925"},{"taxonomy":"product_tag","embeddable":true,"href":"https:\/\/www.excalibur-generator.com\/es\/wp-json\/wp\/v2\/product_tag?post=6925"}],"curies":[{"name":"wp","href":"https:\/\/api.w.org\/{rel}","templated":true}]}}