{"id":6933,"date":"2025-06-23T14:03:02","date_gmt":"2025-06-23T06:03:02","guid":{"rendered":"https:\/\/www.excalibur-generator.com\/compactador-de-placa-delantera-sc-77\/"},"modified":"2025-07-07T10:51:35","modified_gmt":"2025-07-07T02:51:35","slug":"compactador-de-placa-delantera-sc-77","status":"publish","type":"product","link":"https:\/\/www.excalibur-generator.com\/es\/compactador-de-placa-delantera-sc-77\/","title":{"rendered":"Compactador de placa delantera SC-77"},"content":{"rendered":"<table>\n<tbody>\n<tr>\n<td>Modelo<\/td>\n<td>SC-77<\/td>\n<\/tr>\n<tr>\n<td>Tama\u00f1o de la placa L*W(mm)<\/td>\n<td>560*370<\/td>\n<\/tr>\n<tr>\n<td>Velocidad de viaje (m\/min)<\/td>\n<td>15-20<\/td>\n<\/tr>\n<tr>\n<td>Capacidad de grado limitada<\/td>\n<td>20<\/td>\n<\/tr>\n<tr>\n<td>Frecuencia de vibraci\u00f3n vpm(Hz)<\/td>\n<td>5600<\/td>\n<\/tr>\n<tr>\n<td>Fuerza centr\u00edfuga (KN)<\/td>\n<td>10.5<\/td>\n<\/tr>\n<tr>\n<td>Opci\u00f3n de modelo de motor<\/td>\n<td>Honda GX160\/Robin EY20\/Lifan 168F<br \/>\nMotor diesel S173F\/Motor el\u00e9ctrico 2,2kw<\/td>\n<\/tr>\n<tr>\n<td>Sistema de arranque<\/td>\n<td>Arrancador de retroceso<\/td>\n<\/tr>\n<tr>\n<td>Tama\u00f1o del embalaje (largo x ancho x alto) mm<\/td>\n<td>850*530*670<\/td>\n<\/tr>\n<tr>\n<td>Peso neto (KG)<\/td>\n<td>75<\/td>\n<\/tr>\n<\/tbody>\n<\/table>\n","protected":false},"excerpt":{"rendered":"<ul>\n<li>La placa delgada de 560 \u00d7 370 mm se adapta f\u00e1cilmente a las esquinas estrechas del lugar de trabajo.<\/li>\n<li>Proporciona una fuerza de 10,5 kN con una frecuencia de vibraci\u00f3n de 5600 Hz.<\/li>\n<li>Admite motores Honda, Robin, Lifan, di\u00e9sel o el\u00e9ctricos.<\/li>\n<\/ul>\n","protected":false},"featured_media":6501,"comment_status":"open","ping_status":"closed","template":"","meta":{"site-sidebar-layout":"default","site-content-layout":"","ast-site-content-layout":"default","site-content-style":"default","site-sidebar-style":"default","ast-global-header-display":"","ast-banner-title-visibility":"","ast-main-header-display":"","ast-hfb-above-header-display":"","ast-hfb-below-header-display":"","ast-hfb-mobile-header-display":"","site-post-title":"","ast-breadcrumbs-content":"","ast-featured-img":"","footer-sml-layout":"","theme-transparent-header-meta":"default","adv-header-id-meta":"","stick-header-meta":"","header-above-stick-meta":"","header-main-stick-meta":"","header-below-stick-meta":"","astra-migrate-meta-layouts":"default","ast-page-background-enabled":"default","ast-page-background-meta":{"desktop":{"background-color":"var(--ast-global-color-4)","background-image":"","background-repeat":"repeat","background-position":"center center","background-size":"auto","background-attachment":"scroll","background-type":"","background-media":"","overlay-type":"","overlay-color":"","overlay-opacity":"","overlay-gradient":""},"tablet":{"background-color":"","background-image":"","background-repeat":"repeat","background-position":"center center","background-size":"auto","background-attachment":"scroll","background-type":"","background-media":"","overlay-type":"","overlay-color":"","overlay-opacity":"","overlay-gradient":""},"mobile":{"background-color":"","background-image":"","background-repeat":"repeat","background-position":"center center","background-size":"auto","background-attachment":"scroll","background-type":"","background-media":"","overlay-type":"","overlay-color":"","overlay-opacity":"","overlay-gradient":""}},"ast-content-background-meta":{"desktop":{"background-color":"var(--ast-global-color-5)","background-image":"","background-repeat":"repeat","background-position":"center center","background-size":"auto","background-attachment":"scroll","background-type":"","background-media":"","overlay-type":"","overlay-color":"","overlay-opacity":"","overlay-gradient":""},"tablet":{"background-color":"var(--ast-global-color-5)","background-image":"","background-repeat":"repeat","background-position":"center center","background-size":"auto","background-attachment":"scroll","background-type":"","background-media":"","overlay-type":"","overlay-color":"","overlay-opacity":"","overlay-gradient":""},"mobile":{"background-color":"var(--ast-global-color-5)","background-image":"","background-repeat":"repeat","background-position":"center center","background-size":"auto","background-attachment":"scroll","background-type":"","background-media":"","overlay-type":"","overlay-color":"","overlay-opacity":"","overlay-gradient":""}}},"product_brand":[],"product_cat":[43],"product_tag":[77],"class_list":{"0":"post-6933","1":"product","2":"type-product","3":"status-publish","4":"has-post-thumbnail","6":"product_cat-sin-categorizar","7":"product_tag-compactador-de-placa-delantera","8":"desktop-align-left","9":"tablet-align-left","10":"mobile-align-left","12":"first","13":"instock","14":"shipping-taxable","15":"product-type-simple"},"yoast_head":"<!-- This site is optimized with the Yoast SEO plugin v26.5 - https:\/\/yoast.com\/wordpress\/plugins\/seo\/ -->\n<title>Compactador de placa delantera SC-77 &#8211; Excalibur Generator<\/title>\n<meta name=\"description\" content=\"La compactadora de placa vibratoria SC-77 proporciona una fuerza de 10,5 kN, una vibraci\u00f3n de 5600 Hz, compacta placas de 560 \u00d7 370 mm y m\u00faltiples opciones de motor.\" \/>\n<meta name=\"robots\" content=\"index, follow, max-snippet:-1, max-image-preview:large, max-video-preview:-1\" \/>\n<link rel=\"canonical\" href=\"https:\/\/www.excalibur-generator.com\/es\/compactador-de-placa-delantera-sc-77\/\" \/>\n<script type=\"application\/ld+json\" class=\"yoast-schema-graph\">{\"@context\":\"https:\/\/schema.org\",\"@graph\":[{\"@type\":\"WebPage\",\"@id\":\"https:\/\/www.excalibur-generator.com\/es\/compactador-de-placa-delantera-sc-77\/\",\"url\":\"https:\/\/www.excalibur-generator.com\/es\/compactador-de-placa-delantera-sc-77\/\",\"name\":\"Compactador de placa delantera SC-77 &#8211; Excalibur Generator\",\"isPartOf\":{\"@id\":\"https:\/\/www.excalibur-generator.com\/es\/#website\"},\"primaryImageOfPage\":{\"@id\":\"https:\/\/www.excalibur-generator.com\/es\/compactador-de-placa-delantera-sc-77\/#primaryimage\"},\"image\":{\"@id\":\"https:\/\/www.excalibur-generator.com\/es\/compactador-de-placa-delantera-sc-77\/#primaryimage\"},\"thumbnailUrl\":\"https:\/\/www.excalibur-generator.com\/wp-content\/uploads\/2025\/06\/SC-77-Single-Direction-Vibratory-Plate-Compactor.jpg\",\"datePublished\":\"2025-06-23T06:03:02+00:00\",\"dateModified\":\"2025-07-07T02:51:35+00:00\",\"description\":\"La compactadora de placa vibratoria SC-77 proporciona una fuerza de 10,5 kN, una vibraci\u00f3n de 5600 Hz, compacta placas de 560 \u00d7 370 mm y m\u00faltiples opciones de motor.\",\"breadcrumb\":{\"@id\":\"https:\/\/www.excalibur-generator.com\/es\/compactador-de-placa-delantera-sc-77\/#breadcrumb\"},\"inLanguage\":\"es\",\"potentialAction\":[{\"@type\":\"ReadAction\",\"target\":[\"https:\/\/www.excalibur-generator.com\/es\/compactador-de-placa-delantera-sc-77\/\"]}]},{\"@type\":\"ImageObject\",\"inLanguage\":\"es\",\"@id\":\"https:\/\/www.excalibur-generator.com\/es\/compactador-de-placa-delantera-sc-77\/#primaryimage\",\"url\":\"https:\/\/www.excalibur-generator.com\/wp-content\/uploads\/2025\/06\/SC-77-Single-Direction-Vibratory-Plate-Compactor.jpg\",\"contentUrl\":\"https:\/\/www.excalibur-generator.com\/wp-content\/uploads\/2025\/06\/SC-77-Single-Direction-Vibratory-Plate-Compactor.jpg\",\"width\":800,\"height\":800,\"caption\":\"Compactador de placa vibratoria de direcci\u00f3n \u00fanica SC-77\"},{\"@type\":\"BreadcrumbList\",\"@id\":\"https:\/\/www.excalibur-generator.com\/es\/compactador-de-placa-delantera-sc-77\/#breadcrumb\",\"itemListElement\":[{\"@type\":\"ListItem\",\"position\":1,\"name\":\"Home\",\"item\":\"https:\/\/www.excalibur-generator.com\/es\/inicio\/\"},{\"@type\":\"ListItem\",\"position\":2,\"name\":\"Productos\",\"item\":\"https:\/\/www.excalibur-generator.com\/es\/productos.html\"},{\"@type\":\"ListItem\",\"position\":3,\"name\":\"Compactador de placa delantera SC-77\"}]},{\"@type\":\"WebSite\",\"@id\":\"https:\/\/www.excalibur-generator.com\/es\/#website\",\"url\":\"https:\/\/www.excalibur-generator.com\/es\/\",\"name\":\"Excalibur Generator\",\"description\":\"\",\"publisher\":{\"@id\":\"https:\/\/www.excalibur-generator.com\/es\/#organization\"},\"potentialAction\":[{\"@type\":\"SearchAction\",\"target\":{\"@type\":\"EntryPoint\",\"urlTemplate\":\"https:\/\/www.excalibur-generator.com\/es\/?s={search_term_string}\"},\"query-input\":{\"@type\":\"PropertyValueSpecification\",\"valueRequired\":true,\"valueName\":\"search_term_string\"}}],\"inLanguage\":\"es\"},{\"@type\":\"Organization\",\"@id\":\"https:\/\/www.excalibur-generator.com\/es\/#organization\",\"name\":\"Excalibur Generator\",\"url\":\"https:\/\/www.excalibur-generator.com\/es\/\",\"logo\":{\"@type\":\"ImageObject\",\"inLanguage\":\"es\",\"@id\":\"https:\/\/www.excalibur-generator.com\/es\/#\/schema\/logo\/image\/\",\"url\":\"https:\/\/www.excalibur-generator.com\/wp-content\/uploads\/2024\/05\/EXCALIBUR.png\",\"contentUrl\":\"https:\/\/www.excalibur-generator.com\/wp-content\/uploads\/2024\/05\/EXCALIBUR.png\",\"width\":350,\"height\":79,\"caption\":\"Excalibur Generator\"},\"image\":{\"@id\":\"https:\/\/www.excalibur-generator.com\/es\/#\/schema\/logo\/image\/\"}}]}<\/script>\n<!-- \/ Yoast SEO plugin. -->","yoast_head_json":{"title":"Compactador de placa delantera SC-77 &#8211; Excalibur Generator","description":"La compactadora de placa vibratoria SC-77 proporciona una fuerza de 10,5 kN, una vibraci\u00f3n de 5600 Hz, compacta placas de 560 \u00d7 370 mm y m\u00faltiples opciones de motor.","robots":{"index":"index","follow":"follow","max-snippet":"max-snippet:-1","max-image-preview":"max-image-preview:large","max-video-preview":"max-video-preview:-1"},"canonical":"https:\/\/www.excalibur-generator.com\/es\/compactador-de-placa-delantera-sc-77\/","schema":{"@context":"https:\/\/schema.org","@graph":[{"@type":"WebPage","@id":"https:\/\/www.excalibur-generator.com\/es\/compactador-de-placa-delantera-sc-77\/","url":"https:\/\/www.excalibur-generator.com\/es\/compactador-de-placa-delantera-sc-77\/","name":"Compactador de placa delantera SC-77 &#8211; Excalibur Generator","isPartOf":{"@id":"https:\/\/www.excalibur-generator.com\/es\/#website"},"primaryImageOfPage":{"@id":"https:\/\/www.excalibur-generator.com\/es\/compactador-de-placa-delantera-sc-77\/#primaryimage"},"image":{"@id":"https:\/\/www.excalibur-generator.com\/es\/compactador-de-placa-delantera-sc-77\/#primaryimage"},"thumbnailUrl":"https:\/\/www.excalibur-generator.com\/wp-content\/uploads\/2025\/06\/SC-77-Single-Direction-Vibratory-Plate-Compactor.jpg","datePublished":"2025-06-23T06:03:02+00:00","dateModified":"2025-07-07T02:51:35+00:00","description":"La compactadora de placa vibratoria SC-77 proporciona una fuerza de 10,5 kN, una vibraci\u00f3n de 5600 Hz, compacta placas de 560 \u00d7 370 mm y m\u00faltiples opciones de motor.","breadcrumb":{"@id":"https:\/\/www.excalibur-generator.com\/es\/compactador-de-placa-delantera-sc-77\/#breadcrumb"},"inLanguage":"es","potentialAction":[{"@type":"ReadAction","target":["https:\/\/www.excalibur-generator.com\/es\/compactador-de-placa-delantera-sc-77\/"]}]},{"@type":"ImageObject","inLanguage":"es","@id":"https:\/\/www.excalibur-generator.com\/es\/compactador-de-placa-delantera-sc-77\/#primaryimage","url":"https:\/\/www.excalibur-generator.com\/wp-content\/uploads\/2025\/06\/SC-77-Single-Direction-Vibratory-Plate-Compactor.jpg","contentUrl":"https:\/\/www.excalibur-generator.com\/wp-content\/uploads\/2025\/06\/SC-77-Single-Direction-Vibratory-Plate-Compactor.jpg","width":800,"height":800,"caption":"Compactador de placa vibratoria de direcci\u00f3n \u00fanica SC-77"},{"@type":"BreadcrumbList","@id":"https:\/\/www.excalibur-generator.com\/es\/compactador-de-placa-delantera-sc-77\/#breadcrumb","itemListElement":[{"@type":"ListItem","position":1,"name":"Home","item":"https:\/\/www.excalibur-generator.com\/es\/inicio\/"},{"@type":"ListItem","position":2,"name":"Productos","item":"https:\/\/www.excalibur-generator.com\/es\/productos.html"},{"@type":"ListItem","position":3,"name":"Compactador de placa delantera SC-77"}]},{"@type":"WebSite","@id":"https:\/\/www.excalibur-generator.com\/es\/#website","url":"https:\/\/www.excalibur-generator.com\/es\/","name":"Excalibur Generator","description":"","publisher":{"@id":"https:\/\/www.excalibur-generator.com\/es\/#organization"},"potentialAction":[{"@type":"SearchAction","target":{"@type":"EntryPoint","urlTemplate":"https:\/\/www.excalibur-generator.com\/es\/?s={search_term_string}"},"query-input":{"@type":"PropertyValueSpecification","valueRequired":true,"valueName":"search_term_string"}}],"inLanguage":"es"},{"@type":"Organization","@id":"https:\/\/www.excalibur-generator.com\/es\/#organization","name":"Excalibur Generator","url":"https:\/\/www.excalibur-generator.com\/es\/","logo":{"@type":"ImageObject","inLanguage":"es","@id":"https:\/\/www.excalibur-generator.com\/es\/#\/schema\/logo\/image\/","url":"https:\/\/www.excalibur-generator.com\/wp-content\/uploads\/2024\/05\/EXCALIBUR.png","contentUrl":"https:\/\/www.excalibur-generator.com\/wp-content\/uploads\/2024\/05\/EXCALIBUR.png","width":350,"height":79,"caption":"Excalibur Generator"},"image":{"@id":"https:\/\/www.excalibur-generator.com\/es\/#\/schema\/logo\/image\/"}}]}},"_links":{"self":[{"href":"https:\/\/www.excalibur-generator.com\/es\/wp-json\/wp\/v2\/product\/6933","targetHints":{"allow":["GET"]}}],"collection":[{"href":"https:\/\/www.excalibur-generator.com\/es\/wp-json\/wp\/v2\/product"}],"about":[{"href":"https:\/\/www.excalibur-generator.com\/es\/wp-json\/wp\/v2\/types\/product"}],"replies":[{"embeddable":true,"href":"https:\/\/www.excalibur-generator.com\/es\/wp-json\/wp\/v2\/comments?post=6933"}],"wp:featuredmedia":[{"embeddable":true,"href":"https:\/\/www.excalibur-generator.com\/es\/wp-json\/wp\/v2\/media\/6501"}],"wp:attachment":[{"href":"https:\/\/www.excalibur-generator.com\/es\/wp-json\/wp\/v2\/media?parent=6933"}],"wp:term":[{"taxonomy":"product_brand","embeddable":true,"href":"https:\/\/www.excalibur-generator.com\/es\/wp-json\/wp\/v2\/product_brand?post=6933"},{"taxonomy":"product_cat","embeddable":true,"href":"https:\/\/www.excalibur-generator.com\/es\/wp-json\/wp\/v2\/product_cat?post=6933"},{"taxonomy":"product_tag","embeddable":true,"href":"https:\/\/www.excalibur-generator.com\/es\/wp-json\/wp\/v2\/product_tag?post=6933"}],"curies":[{"name":"wp","href":"https:\/\/api.w.org\/{rel}","templated":true}]}}