{"id":7176,"date":"2025-06-25T17:02:30","date_gmt":"2025-06-25T09:02:30","guid":{"rendered":"https:\/\/www.excalibur-generator.com\/rouleau-compacteur-hydraulique-shr-800-shr-800c\/"},"modified":"2025-06-25T17:02:30","modified_gmt":"2025-06-25T09:02:30","slug":"rouleau-compacteur-hydraulique-shr-800-shr-800c","status":"publish","type":"product","link":"https:\/\/www.excalibur-generator.com\/fr\/rouleau-compacteur-hydraulique-shr-800-shr-800c\/","title":{"rendered":"Rouleau compacteur hydraulique SHR-800\/SHR-800C"},"content":{"rendered":"<table>\n<tbody>\n<tr>\n<td>Mod\u00e8le<\/td>\n<td>SHR-800<\/td>\n<td>SHR-800C<\/td>\n<\/tr>\n<tr>\n<td>Vitesse de marche<\/td>\n<td colspan=\"2\">0-4km\/h<\/td>\n<\/tr>\n<tr>\n<td>Niveau de comp\u00e9tence<\/td>\n<td colspan=\"2\">30%<\/td>\n<\/tr>\n<tr>\n<td>Type de lecteur<\/td>\n<td colspan=\"2\">Transmission hydraulique<\/td>\n<\/tr>\n<tr>\n<td>Type de vibration<\/td>\n<td colspan=\"2\">Embrayage \u00e9lectromagn\u00e9tique<\/td>\n<\/tr>\n<tr>\n<td>Charge lin\u00e9aire statique<\/td>\n<td colspan=\"2\">75N\/cm<\/td>\n<\/tr>\n<tr>\n<td>Amplitude nominale<\/td>\n<td colspan=\"2\">0.5mm<\/td>\n<\/tr>\n<tr>\n<td>Fr\u00e9quence de vibration<\/td>\n<td colspan=\"2\">70Hz<\/td>\n<\/tr>\n<tr>\n<td>Force excitante<\/td>\n<td colspan=\"2\">20kN<\/td>\n<\/tr>\n<tr>\n<td>R\u00e9servoir d&#8217;eau<\/td>\n<td colspan=\"2\">26L<\/td>\n<\/tr>\n<tr>\n<td>R\u00e9servoir d&#8217;huile hydraulique<\/td>\n<td colspan=\"2\">20L<\/td>\n<\/tr>\n<tr>\n<td>Mod\u00e8le de moteur<\/td>\n<td>Honda GX390<\/td>\n<td>S186FA<\/td>\n<\/tr>\n<tr>\n<td>Pouvoir<\/td>\n<td>13.0HP<\/td>\n<td>10.0HP<\/td>\n<\/tr>\n<tr>\n<td>Taille des roues en acier<\/td>\n<td colspan=\"2\">\u00d8350X636mmX2<\/td>\n<\/tr>\n<tr>\n<td>Taille du paquet<\/td>\n<td colspan=\"2\"> 1510X870X1920mm<\/td>\n<\/tr>\n<tr>\n<td>Poids de travail<\/td>\n<td>780kg<\/td>\n<td>800kg<\/td>\n<\/tr>\n<tr>\n<td>Mode de d\u00e9marrage<\/td>\n<td colspan=\"2\">Manuel et \u00e9lectrique<\/td>\n<\/tr>\n<\/tbody>\n<\/table>\n","protected":false},"excerpt":{"rendered":"<ul>\n<li>L&#8217;entra\u00eenement hydraulique assure un fonctionnement fluide sur diff\u00e9rents types de surfaces.<\/li>\n<li>Une forte force de vibration et une aptitude \u00e0 la pente de 30 % am\u00e9liorent les performances.<\/li>\n<li>Les doubles tambours en acier et la conception compacte am\u00e9liorent le compactage du sol.<\/li>\n<\/ul>\n","protected":false},"featured_media":7177,"comment_status":"open","ping_status":"closed","template":"","meta":{"site-sidebar-layout":"default","site-content-layout":"","ast-site-content-layout":"default","site-content-style":"default","site-sidebar-style":"default","ast-global-header-display":"","ast-banner-title-visibility":"","ast-main-header-display":"","ast-hfb-above-header-display":"","ast-hfb-below-header-display":"","ast-hfb-mobile-header-display":"","site-post-title":"","ast-breadcrumbs-content":"","ast-featured-img":"","footer-sml-layout":"","theme-transparent-header-meta":"default","adv-header-id-meta":"","stick-header-meta":"","header-above-stick-meta":"","header-main-stick-meta":"","header-below-stick-meta":"","astra-migrate-meta-layouts":"default","ast-page-background-enabled":"default","ast-page-background-meta":{"desktop":{"background-color":"var(--ast-global-color-4)","background-image":"","background-repeat":"repeat","background-position":"center center","background-size":"auto","background-attachment":"scroll","background-type":"","background-media":"","overlay-type":"","overlay-color":"","overlay-opacity":"","overlay-gradient":""},"tablet":{"background-color":"","background-image":"","background-repeat":"repeat","background-position":"center center","background-size":"auto","background-attachment":"scroll","background-type":"","background-media":"","overlay-type":"","overlay-color":"","overlay-opacity":"","overlay-gradient":""},"mobile":{"background-color":"","background-image":"","background-repeat":"repeat","background-position":"center center","background-size":"auto","background-attachment":"scroll","background-type":"","background-media":"","overlay-type":"","overlay-color":"","overlay-opacity":"","overlay-gradient":""}},"ast-content-background-meta":{"desktop":{"background-color":"var(--ast-global-color-5)","background-image":"","background-repeat":"repeat","background-position":"center center","background-size":"auto","background-attachment":"scroll","background-type":"","background-media":"","overlay-type":"","overlay-color":"","overlay-opacity":"","overlay-gradient":""},"tablet":{"background-color":"var(--ast-global-color-5)","background-image":"","background-repeat":"repeat","background-position":"center center","background-size":"auto","background-attachment":"scroll","background-type":"","background-media":"","overlay-type":"","overlay-color":"","overlay-opacity":"","overlay-gradient":""},"mobile":{"background-color":"var(--ast-global-color-5)","background-image":"","background-repeat":"repeat","background-position":"center center","background-size":"auto","background-attachment":"scroll","background-type":"","background-media":"","overlay-type":"","overlay-color":"","overlay-opacity":"","overlay-gradient":""}}},"product_brand":[],"product_cat":[84],"product_tag":[],"class_list":{"0":"post-7176","1":"product","2":"type-product","3":"status-publish","4":"has-post-thumbnail","6":"product_cat-non-classe","7":"desktop-align-left","8":"tablet-align-left","9":"mobile-align-left","11":"first","12":"instock","13":"shipping-taxable","14":"product-type-simple"},"yoast_head":"<!-- This site is optimized with the Yoast SEO plugin v26.5 - https:\/\/yoast.com\/wordpress\/plugins\/seo\/ -->\n<title>Rouleau compacteur hydraulique SHR-800\/SHR-800C &#8211; Excalibur Generator<\/title>\n<meta name=\"description\" content=\"Le SHR-800\/SHR-800C est dot\u00e9 d&#039;un entra\u00eenement hydraulique, d&#039;une force de vibration \u00e9lev\u00e9e de 20 kN, de deux tambours en acier et d&#039;un compactage efficace jusqu&#039;\u00e0 30 % de pente.\" \/>\n<meta name=\"robots\" content=\"index, follow, max-snippet:-1, max-image-preview:large, max-video-preview:-1\" \/>\n<link rel=\"canonical\" href=\"https:\/\/www.excalibur-generator.com\/fr\/rouleau-compacteur-hydraulique-shr-800-shr-800c\/\" \/>\n<script type=\"application\/ld+json\" class=\"yoast-schema-graph\">{\"@context\":\"https:\/\/schema.org\",\"@graph\":[{\"@type\":\"WebPage\",\"@id\":\"https:\/\/www.excalibur-generator.com\/fr\/rouleau-compacteur-hydraulique-shr-800-shr-800c\/\",\"url\":\"https:\/\/www.excalibur-generator.com\/fr\/rouleau-compacteur-hydraulique-shr-800-shr-800c\/\",\"name\":\"Rouleau compacteur hydraulique SHR-800\/SHR-800C &#8211; Excalibur Generator\",\"isPartOf\":{\"@id\":\"https:\/\/www.excalibur-generator.com\/fr\/#website\"},\"primaryImageOfPage\":{\"@id\":\"https:\/\/www.excalibur-generator.com\/fr\/rouleau-compacteur-hydraulique-shr-800-shr-800c\/#primaryimage\"},\"image\":{\"@id\":\"https:\/\/www.excalibur-generator.com\/fr\/rouleau-compacteur-hydraulique-shr-800-shr-800c\/#primaryimage\"},\"thumbnailUrl\":\"https:\/\/www.excalibur-generator.com\/wp-content\/uploads\/2025\/06\/SHR-800SHR-800C-Hydraulic-Road-Roller-1.jpg\",\"datePublished\":\"2025-06-25T09:02:30+00:00\",\"description\":\"Le SHR-800\/SHR-800C est dot\u00e9 d'un entra\u00eenement hydraulique, d'une force de vibration \u00e9lev\u00e9e de 20 kN, de deux tambours en acier et d'un compactage efficace jusqu'\u00e0 30 % de pente.\",\"breadcrumb\":{\"@id\":\"https:\/\/www.excalibur-generator.com\/fr\/rouleau-compacteur-hydraulique-shr-800-shr-800c\/#breadcrumb\"},\"inLanguage\":\"fr-FR\",\"potentialAction\":[{\"@type\":\"ReadAction\",\"target\":[\"https:\/\/www.excalibur-generator.com\/fr\/rouleau-compacteur-hydraulique-shr-800-shr-800c\/\"]}]},{\"@type\":\"ImageObject\",\"inLanguage\":\"fr-FR\",\"@id\":\"https:\/\/www.excalibur-generator.com\/fr\/rouleau-compacteur-hydraulique-shr-800-shr-800c\/#primaryimage\",\"url\":\"https:\/\/www.excalibur-generator.com\/wp-content\/uploads\/2025\/06\/SHR-800SHR-800C-Hydraulic-Road-Roller-1.jpg\",\"contentUrl\":\"https:\/\/www.excalibur-generator.com\/wp-content\/uploads\/2025\/06\/SHR-800SHR-800C-Hydraulic-Road-Roller-1.jpg\",\"width\":800,\"height\":800,\"caption\":\"Rouleau compresseur hydraulique SHR-800SHR-800C\"},{\"@type\":\"BreadcrumbList\",\"@id\":\"https:\/\/www.excalibur-generator.com\/fr\/rouleau-compacteur-hydraulique-shr-800-shr-800c\/#breadcrumb\",\"itemListElement\":[{\"@type\":\"ListItem\",\"position\":1,\"name\":\"Home\",\"item\":\"https:\/\/www.excalibur-generator.com\/fr\/\"},{\"@type\":\"ListItem\",\"position\":2,\"name\":\"Produits\",\"item\":\"https:\/\/www.excalibur-generator.com\/fr\/produits\/\"},{\"@type\":\"ListItem\",\"position\":3,\"name\":\"Rouleau compacteur hydraulique SHR-800\/SHR-800C\"}]},{\"@type\":\"WebSite\",\"@id\":\"https:\/\/www.excalibur-generator.com\/fr\/#website\",\"url\":\"https:\/\/www.excalibur-generator.com\/fr\/\",\"name\":\"Excalibur Generator\",\"description\":\"\",\"publisher\":{\"@id\":\"https:\/\/www.excalibur-generator.com\/fr\/#organization\"},\"potentialAction\":[{\"@type\":\"SearchAction\",\"target\":{\"@type\":\"EntryPoint\",\"urlTemplate\":\"https:\/\/www.excalibur-generator.com\/fr\/?s={search_term_string}\"},\"query-input\":{\"@type\":\"PropertyValueSpecification\",\"valueRequired\":true,\"valueName\":\"search_term_string\"}}],\"inLanguage\":\"fr-FR\"},{\"@type\":\"Organization\",\"@id\":\"https:\/\/www.excalibur-generator.com\/fr\/#organization\",\"name\":\"Excalibur Generator\",\"url\":\"https:\/\/www.excalibur-generator.com\/fr\/\",\"logo\":{\"@type\":\"ImageObject\",\"inLanguage\":\"fr-FR\",\"@id\":\"https:\/\/www.excalibur-generator.com\/fr\/#\/schema\/logo\/image\/\",\"url\":\"https:\/\/www.excalibur-generator.com\/wp-content\/uploads\/2024\/05\/EXCALIBUR.png\",\"contentUrl\":\"https:\/\/www.excalibur-generator.com\/wp-content\/uploads\/2024\/05\/EXCALIBUR.png\",\"width\":350,\"height\":79,\"caption\":\"Excalibur Generator\"},\"image\":{\"@id\":\"https:\/\/www.excalibur-generator.com\/fr\/#\/schema\/logo\/image\/\"}}]}<\/script>\n<!-- \/ Yoast SEO plugin. -->","yoast_head_json":{"title":"Rouleau compacteur hydraulique SHR-800\/SHR-800C &#8211; Excalibur Generator","description":"Le SHR-800\/SHR-800C est dot\u00e9 d'un entra\u00eenement hydraulique, d'une force de vibration \u00e9lev\u00e9e de 20 kN, de deux tambours en acier et d'un compactage efficace jusqu'\u00e0 30 % de pente.","robots":{"index":"index","follow":"follow","max-snippet":"max-snippet:-1","max-image-preview":"max-image-preview:large","max-video-preview":"max-video-preview:-1"},"canonical":"https:\/\/www.excalibur-generator.com\/fr\/rouleau-compacteur-hydraulique-shr-800-shr-800c\/","schema":{"@context":"https:\/\/schema.org","@graph":[{"@type":"WebPage","@id":"https:\/\/www.excalibur-generator.com\/fr\/rouleau-compacteur-hydraulique-shr-800-shr-800c\/","url":"https:\/\/www.excalibur-generator.com\/fr\/rouleau-compacteur-hydraulique-shr-800-shr-800c\/","name":"Rouleau compacteur hydraulique SHR-800\/SHR-800C &#8211; Excalibur Generator","isPartOf":{"@id":"https:\/\/www.excalibur-generator.com\/fr\/#website"},"primaryImageOfPage":{"@id":"https:\/\/www.excalibur-generator.com\/fr\/rouleau-compacteur-hydraulique-shr-800-shr-800c\/#primaryimage"},"image":{"@id":"https:\/\/www.excalibur-generator.com\/fr\/rouleau-compacteur-hydraulique-shr-800-shr-800c\/#primaryimage"},"thumbnailUrl":"https:\/\/www.excalibur-generator.com\/wp-content\/uploads\/2025\/06\/SHR-800SHR-800C-Hydraulic-Road-Roller-1.jpg","datePublished":"2025-06-25T09:02:30+00:00","description":"Le SHR-800\/SHR-800C est dot\u00e9 d'un entra\u00eenement hydraulique, d'une force de vibration \u00e9lev\u00e9e de 20 kN, de deux tambours en acier et d'un compactage efficace jusqu'\u00e0 30 % de pente.","breadcrumb":{"@id":"https:\/\/www.excalibur-generator.com\/fr\/rouleau-compacteur-hydraulique-shr-800-shr-800c\/#breadcrumb"},"inLanguage":"fr-FR","potentialAction":[{"@type":"ReadAction","target":["https:\/\/www.excalibur-generator.com\/fr\/rouleau-compacteur-hydraulique-shr-800-shr-800c\/"]}]},{"@type":"ImageObject","inLanguage":"fr-FR","@id":"https:\/\/www.excalibur-generator.com\/fr\/rouleau-compacteur-hydraulique-shr-800-shr-800c\/#primaryimage","url":"https:\/\/www.excalibur-generator.com\/wp-content\/uploads\/2025\/06\/SHR-800SHR-800C-Hydraulic-Road-Roller-1.jpg","contentUrl":"https:\/\/www.excalibur-generator.com\/wp-content\/uploads\/2025\/06\/SHR-800SHR-800C-Hydraulic-Road-Roller-1.jpg","width":800,"height":800,"caption":"Rouleau compresseur hydraulique SHR-800SHR-800C"},{"@type":"BreadcrumbList","@id":"https:\/\/www.excalibur-generator.com\/fr\/rouleau-compacteur-hydraulique-shr-800-shr-800c\/#breadcrumb","itemListElement":[{"@type":"ListItem","position":1,"name":"Home","item":"https:\/\/www.excalibur-generator.com\/fr\/"},{"@type":"ListItem","position":2,"name":"Produits","item":"https:\/\/www.excalibur-generator.com\/fr\/produits\/"},{"@type":"ListItem","position":3,"name":"Rouleau compacteur hydraulique SHR-800\/SHR-800C"}]},{"@type":"WebSite","@id":"https:\/\/www.excalibur-generator.com\/fr\/#website","url":"https:\/\/www.excalibur-generator.com\/fr\/","name":"Excalibur Generator","description":"","publisher":{"@id":"https:\/\/www.excalibur-generator.com\/fr\/#organization"},"potentialAction":[{"@type":"SearchAction","target":{"@type":"EntryPoint","urlTemplate":"https:\/\/www.excalibur-generator.com\/fr\/?s={search_term_string}"},"query-input":{"@type":"PropertyValueSpecification","valueRequired":true,"valueName":"search_term_string"}}],"inLanguage":"fr-FR"},{"@type":"Organization","@id":"https:\/\/www.excalibur-generator.com\/fr\/#organization","name":"Excalibur Generator","url":"https:\/\/www.excalibur-generator.com\/fr\/","logo":{"@type":"ImageObject","inLanguage":"fr-FR","@id":"https:\/\/www.excalibur-generator.com\/fr\/#\/schema\/logo\/image\/","url":"https:\/\/www.excalibur-generator.com\/wp-content\/uploads\/2024\/05\/EXCALIBUR.png","contentUrl":"https:\/\/www.excalibur-generator.com\/wp-content\/uploads\/2024\/05\/EXCALIBUR.png","width":350,"height":79,"caption":"Excalibur Generator"},"image":{"@id":"https:\/\/www.excalibur-generator.com\/fr\/#\/schema\/logo\/image\/"}}]}},"_links":{"self":[{"href":"https:\/\/www.excalibur-generator.com\/fr\/wp-json\/wp\/v2\/product\/7176","targetHints":{"allow":["GET"]}}],"collection":[{"href":"https:\/\/www.excalibur-generator.com\/fr\/wp-json\/wp\/v2\/product"}],"about":[{"href":"https:\/\/www.excalibur-generator.com\/fr\/wp-json\/wp\/v2\/types\/product"}],"replies":[{"embeddable":true,"href":"https:\/\/www.excalibur-generator.com\/fr\/wp-json\/wp\/v2\/comments?post=7176"}],"wp:featuredmedia":[{"embeddable":true,"href":"https:\/\/www.excalibur-generator.com\/fr\/wp-json\/wp\/v2\/media\/7177"}],"wp:attachment":[{"href":"https:\/\/www.excalibur-generator.com\/fr\/wp-json\/wp\/v2\/media?parent=7176"}],"wp:term":[{"taxonomy":"product_brand","embeddable":true,"href":"https:\/\/www.excalibur-generator.com\/fr\/wp-json\/wp\/v2\/product_brand?post=7176"},{"taxonomy":"product_cat","embeddable":true,"href":"https:\/\/www.excalibur-generator.com\/fr\/wp-json\/wp\/v2\/product_cat?post=7176"},{"taxonomy":"product_tag","embeddable":true,"href":"https:\/\/www.excalibur-generator.com\/fr\/wp-json\/wp\/v2\/product_tag?post=7176"}],"curies":[{"name":"wp","href":"https:\/\/api.w.org\/{rel}","templated":true}]}}