{"id":7178,"date":"2025-06-25T16:54:57","date_gmt":"2025-06-25T08:54:57","guid":{"rendered":"https:\/\/www.excalibur-generator.com\/rouleau-compacteur-a-main-svr700h-700d\/"},"modified":"2025-06-25T16:54:57","modified_gmt":"2025-06-25T08:54:57","slug":"rouleau-compacteur-a-main-svr700h-700d","status":"publish","type":"product","link":"https:\/\/www.excalibur-generator.com\/fr\/rouleau-compacteur-a-main-svr700h-700d\/","title":{"rendered":"Rouleau compacteur \u00e0 main SVR700H\/700D"},"content":{"rendered":"<table width=\"892\">\n<tbody>\n<tr>\n<td width=\"269\">Mod\u00e8le<\/td>\n<td width=\"410\">SVR700H<\/td>\n<td width=\"213\">SVR700D<\/td>\n<\/tr>\n<tr>\n<td width=\"269\">Marque du moteur<\/td>\n<td width=\"410\">HONDA GX390\/GX270<\/td>\n<td width=\"213\">S178F<\/td>\n<\/tr>\n<tr>\n<td width=\"269\">Mod\u00e8le de moteur<\/td>\n<td width=\"410\">Essence &amp; Monocylindre &amp; Vertical &amp; Quatre temps &amp; Diesel &amp; Monocylindre &amp; Vertical &amp; Quatre temps &amp; Soupapes en t\u00eate<\/td>\n<td width=\"213\">Injection d&#8217;air et directe<\/td>\n<\/tr>\n<tr>\n<td width=\"269\">Pouvoir<\/td>\n<td width=\"410\">9.7kw<\/td>\n<td width=\"213\">4.4kw<\/td>\n<\/tr>\n<tr>\n<td width=\"269\">Vitesse de rotation<\/td>\n<td width=\"410\">3600rpm<\/td>\n<td width=\"213\">3600rpm<\/td>\n<\/tr>\n<tr>\n<td width=\"269\">Capacit\u00e9 de carburant<\/td>\n<td width=\"410\">6.5L<\/td>\n<td width=\"213\">3.5L<\/td>\n<\/tr>\n<tr>\n<td width=\"269\">Huile de graissage<\/td>\n<td width=\"410\">1.1L<\/td>\n<td width=\"213\">1.1L<\/td>\n<\/tr>\n<tr>\n<td width=\"269\">D\u00e9marrer<\/td>\n<td colspan=\"2\" width=\"623\">D\u00e9marrage manuel\/\u00e9lectrique<\/td>\n<\/tr>\n<tr>\n<td width=\"269\">Charge statique<\/td>\n<td colspan=\"2\">45n\/cm<\/td>\n<\/tr>\n<tr>\n<td width=\"269\">Fr\u00e9quence de vibration<\/td>\n<td colspan=\"2\" width=\"623\">70hz<\/td>\n<\/tr>\n<tr>\n<td width=\"269\">Amplitude nominale<\/td>\n<td colspan=\"2\" width=\"623\">0.6mm<\/td>\n<\/tr>\n<tr>\n<td width=\"269\">Force excitante<\/td>\n<td colspan=\"2\" width=\"623\">20kn<\/td>\n<\/tr>\n<tr>\n<td width=\"269\">Chemin de promenade<\/td>\n<td colspan=\"2\" width=\"623\">Entra\u00eenement hydraulique par cha\u00eene bidirectionnel<\/td>\n<\/tr>\n<tr>\n<td width=\"269\">Vitesse de marche<\/td>\n<td colspan=\"2\" width=\"623\">4.5km\/h<\/td>\n<\/tr>\n<tr>\n<td width=\"269\">Capacit\u00e9 th\u00e9orique d&#8217;escalade<\/td>\n<td colspan=\"2\" width=\"623\">30%<\/td>\n<\/tr>\n<tr>\n<td width=\"269\">Capacit\u00e9 du r\u00e9servoir hydraulique<\/td>\n<td width=\"410\">15L<\/td>\n<td width=\"213\">15L<\/td>\n<\/tr>\n<tr>\n<td width=\"269\">Capacit\u00e9 du r\u00e9servoir d&#8217;eau<\/td>\n<td colspan=\"2\" width=\"623\">20L<\/td>\n<\/tr>\n<tr>\n<td width=\"269\">Syst\u00e8me d&#8217;arrosage<\/td>\n<td colspan=\"2\" width=\"623\">Arrosage par gravit\u00e9<\/td>\n<\/tr>\n<tr>\n<td width=\"269\">Taille de la roue<\/td>\n<td colspan=\"2\" width=\"623\">\u03c6530*700mm<\/td>\n<\/tr>\n<tr>\n<td width=\"269\">Pleine largeur<\/td>\n<td colspan=\"2\" width=\"623\">880mm<\/td>\n<\/tr>\n<tr>\n<td width=\"269\">Longueur de la machine (basculement du ch\u00e2ssis de protection)<\/td>\n<td colspan=\"2\" width=\"623\">2150mm<\/td>\n<\/tr>\n<tr>\n<td width=\"269\">Hauteur de la machine (support de protection dress\u00e9)<\/td>\n<td colspan=\"2\" width=\"623\">1870mm<\/td>\n<\/tr>\n<tr>\n<td width=\"269\">Taille du paquet<\/td>\n<td colspan=\"2\" width=\"623\">1200*920*1920mm<\/td>\n<\/tr>\n<tr>\n<td width=\"269\">Poids<\/td>\n<td colspan=\"2\" width=\"623\">550kg<\/td>\n<\/tr>\n<\/tbody>\n<\/table>\n","protected":false},"excerpt":{"rendered":"<ul>\n<li>Puissance de marque, performances \u00e9lev\u00e9es et d\u00e9marrage facile.<\/li>\n<li>Le petit rayon d&#8217;action convient aux zones de travail extr\u00eamement \u00e9troites.<\/li>\n<li>Les pompes et moteurs hydrauliques domestiques assurent un fonctionnement bidirectionnel facile.<\/li>\n<li>Accoudoir allong\u00e9, confort de direction<\/li>\n<li>Les roulements FYH et les courroies MITSUBOSHI garantissent des performances fiables de la machine.<\/li>\n<li>Finition de surface par pulv\u00e9risation, aspect attrayant, r\u00e9sistant \u00e0 la rouille et \u00e0 la corrosion.<\/li>\n<\/ul>\n","protected":false},"featured_media":7179,"comment_status":"open","ping_status":"closed","template":"","meta":{"site-sidebar-layout":"default","site-content-layout":"","ast-site-content-layout":"default","site-content-style":"default","site-sidebar-style":"default","ast-global-header-display":"","ast-banner-title-visibility":"","ast-main-header-display":"","ast-hfb-above-header-display":"","ast-hfb-below-header-display":"","ast-hfb-mobile-header-display":"","site-post-title":"","ast-breadcrumbs-content":"","ast-featured-img":"","footer-sml-layout":"","theme-transparent-header-meta":"default","adv-header-id-meta":"","stick-header-meta":"","header-above-stick-meta":"","header-main-stick-meta":"","header-below-stick-meta":"","astra-migrate-meta-layouts":"default","ast-page-background-enabled":"default","ast-page-background-meta":{"desktop":{"background-color":"var(--ast-global-color-4)","background-image":"","background-repeat":"repeat","background-position":"center center","background-size":"auto","background-attachment":"scroll","background-type":"","background-media":"","overlay-type":"","overlay-color":"","overlay-opacity":"","overlay-gradient":""},"tablet":{"background-color":"","background-image":"","background-repeat":"repeat","background-position":"center center","background-size":"auto","background-attachment":"scroll","background-type":"","background-media":"","overlay-type":"","overlay-color":"","overlay-opacity":"","overlay-gradient":""},"mobile":{"background-color":"","background-image":"","background-repeat":"repeat","background-position":"center center","background-size":"auto","background-attachment":"scroll","background-type":"","background-media":"","overlay-type":"","overlay-color":"","overlay-opacity":"","overlay-gradient":""}},"ast-content-background-meta":{"desktop":{"background-color":"var(--ast-global-color-5)","background-image":"","background-repeat":"repeat","background-position":"center center","background-size":"auto","background-attachment":"scroll","background-type":"","background-media":"","overlay-type":"","overlay-color":"","overlay-opacity":"","overlay-gradient":""},"tablet":{"background-color":"var(--ast-global-color-5)","background-image":"","background-repeat":"repeat","background-position":"center center","background-size":"auto","background-attachment":"scroll","background-type":"","background-media":"","overlay-type":"","overlay-color":"","overlay-opacity":"","overlay-gradient":""},"mobile":{"background-color":"var(--ast-global-color-5)","background-image":"","background-repeat":"repeat","background-position":"center center","background-size":"auto","background-attachment":"scroll","background-type":"","background-media":"","overlay-type":"","overlay-color":"","overlay-opacity":"","overlay-gradient":""}}},"product_brand":[],"product_cat":[84],"product_tag":[],"class_list":{"0":"post-7178","1":"product","2":"type-product","3":"status-publish","4":"has-post-thumbnail","6":"product_cat-non-classe","7":"desktop-align-left","8":"tablet-align-left","9":"mobile-align-left","11":"first","12":"instock","13":"shipping-taxable","14":"product-type-simple"},"yoast_head":"<!-- This site is optimized with the Yoast SEO plugin v26.5 - https:\/\/yoast.com\/wordpress\/plugins\/seo\/ -->\n<title>Rouleau compacteur \u00e0 main SVR700H\/700D &#8211; Excalibur Generator<\/title>\n<meta name=\"description\" content=\"Le rouleau compresseur \u00e0 conducteur marchant SVR700H\/700D offre une force de 20 kN, un entra\u00eenement hydraulique bidirectionnel et un compactage efficace avec des options d&#039;alimentation \u00e0 essence ou diesel.\" \/>\n<meta name=\"robots\" content=\"index, follow, max-snippet:-1, max-image-preview:large, max-video-preview:-1\" \/>\n<link rel=\"canonical\" href=\"https:\/\/www.excalibur-generator.com\/fr\/rouleau-compacteur-a-main-svr700h-700d\/\" \/>\n<meta name=\"twitter:label1\" content=\"Dur\u00e9e de lecture estim\u00e9e\" \/>\n\t<meta name=\"twitter:data1\" content=\"1 minute\" \/>\n<script type=\"application\/ld+json\" class=\"yoast-schema-graph\">{\"@context\":\"https:\/\/schema.org\",\"@graph\":[{\"@type\":\"WebPage\",\"@id\":\"https:\/\/www.excalibur-generator.com\/fr\/rouleau-compacteur-a-main-svr700h-700d\/\",\"url\":\"https:\/\/www.excalibur-generator.com\/fr\/rouleau-compacteur-a-main-svr700h-700d\/\",\"name\":\"Rouleau compacteur \u00e0 main SVR700H\/700D &#8211; Excalibur Generator\",\"isPartOf\":{\"@id\":\"https:\/\/www.excalibur-generator.com\/fr\/#website\"},\"primaryImageOfPage\":{\"@id\":\"https:\/\/www.excalibur-generator.com\/fr\/rouleau-compacteur-a-main-svr700h-700d\/#primaryimage\"},\"image\":{\"@id\":\"https:\/\/www.excalibur-generator.com\/fr\/rouleau-compacteur-a-main-svr700h-700d\/#primaryimage\"},\"thumbnailUrl\":\"https:\/\/www.excalibur-generator.com\/wp-content\/uploads\/2025\/06\/SVR700H-700D-walk-behind-raod-roller.jpg\",\"datePublished\":\"2025-06-25T08:54:57+00:00\",\"description\":\"Le rouleau compresseur \u00e0 conducteur marchant SVR700H\/700D offre une force de 20 kN, un entra\u00eenement hydraulique bidirectionnel et un compactage efficace avec des options d'alimentation \u00e0 essence ou diesel.\",\"breadcrumb\":{\"@id\":\"https:\/\/www.excalibur-generator.com\/fr\/rouleau-compacteur-a-main-svr700h-700d\/#breadcrumb\"},\"inLanguage\":\"fr-FR\",\"potentialAction\":[{\"@type\":\"ReadAction\",\"target\":[\"https:\/\/www.excalibur-generator.com\/fr\/rouleau-compacteur-a-main-svr700h-700d\/\"]}]},{\"@type\":\"ImageObject\",\"inLanguage\":\"fr-FR\",\"@id\":\"https:\/\/www.excalibur-generator.com\/fr\/rouleau-compacteur-a-main-svr700h-700d\/#primaryimage\",\"url\":\"https:\/\/www.excalibur-generator.com\/wp-content\/uploads\/2025\/06\/SVR700H-700D-walk-behind-raod-roller.jpg\",\"contentUrl\":\"https:\/\/www.excalibur-generator.com\/wp-content\/uploads\/2025\/06\/SVR700H-700D-walk-behind-raod-roller.jpg\",\"width\":800,\"height\":800,\"caption\":\"Rouleau compresseur \u00e0 conducteur marchant SVR700H 700D\"},{\"@type\":\"BreadcrumbList\",\"@id\":\"https:\/\/www.excalibur-generator.com\/fr\/rouleau-compacteur-a-main-svr700h-700d\/#breadcrumb\",\"itemListElement\":[{\"@type\":\"ListItem\",\"position\":1,\"name\":\"Home\",\"item\":\"https:\/\/www.excalibur-generator.com\/fr\/\"},{\"@type\":\"ListItem\",\"position\":2,\"name\":\"Produits\",\"item\":\"https:\/\/www.excalibur-generator.com\/fr\/produits\/\"},{\"@type\":\"ListItem\",\"position\":3,\"name\":\"Rouleau compacteur \u00e0 main SVR700H\/700D\"}]},{\"@type\":\"WebSite\",\"@id\":\"https:\/\/www.excalibur-generator.com\/fr\/#website\",\"url\":\"https:\/\/www.excalibur-generator.com\/fr\/\",\"name\":\"Excalibur Generator\",\"description\":\"\",\"publisher\":{\"@id\":\"https:\/\/www.excalibur-generator.com\/fr\/#organization\"},\"potentialAction\":[{\"@type\":\"SearchAction\",\"target\":{\"@type\":\"EntryPoint\",\"urlTemplate\":\"https:\/\/www.excalibur-generator.com\/fr\/?s={search_term_string}\"},\"query-input\":{\"@type\":\"PropertyValueSpecification\",\"valueRequired\":true,\"valueName\":\"search_term_string\"}}],\"inLanguage\":\"fr-FR\"},{\"@type\":\"Organization\",\"@id\":\"https:\/\/www.excalibur-generator.com\/fr\/#organization\",\"name\":\"Excalibur Generator\",\"url\":\"https:\/\/www.excalibur-generator.com\/fr\/\",\"logo\":{\"@type\":\"ImageObject\",\"inLanguage\":\"fr-FR\",\"@id\":\"https:\/\/www.excalibur-generator.com\/fr\/#\/schema\/logo\/image\/\",\"url\":\"https:\/\/www.excalibur-generator.com\/wp-content\/uploads\/2024\/05\/EXCALIBUR.png\",\"contentUrl\":\"https:\/\/www.excalibur-generator.com\/wp-content\/uploads\/2024\/05\/EXCALIBUR.png\",\"width\":350,\"height\":79,\"caption\":\"Excalibur Generator\"},\"image\":{\"@id\":\"https:\/\/www.excalibur-generator.com\/fr\/#\/schema\/logo\/image\/\"}}]}<\/script>\n<!-- \/ Yoast SEO plugin. -->","yoast_head_json":{"title":"Rouleau compacteur \u00e0 main SVR700H\/700D &#8211; Excalibur Generator","description":"Le rouleau compresseur \u00e0 conducteur marchant SVR700H\/700D offre une force de 20 kN, un entra\u00eenement hydraulique bidirectionnel et un compactage efficace avec des options d'alimentation \u00e0 essence ou diesel.","robots":{"index":"index","follow":"follow","max-snippet":"max-snippet:-1","max-image-preview":"max-image-preview:large","max-video-preview":"max-video-preview:-1"},"canonical":"https:\/\/www.excalibur-generator.com\/fr\/rouleau-compacteur-a-main-svr700h-700d\/","twitter_misc":{"Dur\u00e9e de lecture estim\u00e9e":"1 minute"},"schema":{"@context":"https:\/\/schema.org","@graph":[{"@type":"WebPage","@id":"https:\/\/www.excalibur-generator.com\/fr\/rouleau-compacteur-a-main-svr700h-700d\/","url":"https:\/\/www.excalibur-generator.com\/fr\/rouleau-compacteur-a-main-svr700h-700d\/","name":"Rouleau compacteur \u00e0 main SVR700H\/700D &#8211; Excalibur Generator","isPartOf":{"@id":"https:\/\/www.excalibur-generator.com\/fr\/#website"},"primaryImageOfPage":{"@id":"https:\/\/www.excalibur-generator.com\/fr\/rouleau-compacteur-a-main-svr700h-700d\/#primaryimage"},"image":{"@id":"https:\/\/www.excalibur-generator.com\/fr\/rouleau-compacteur-a-main-svr700h-700d\/#primaryimage"},"thumbnailUrl":"https:\/\/www.excalibur-generator.com\/wp-content\/uploads\/2025\/06\/SVR700H-700D-walk-behind-raod-roller.jpg","datePublished":"2025-06-25T08:54:57+00:00","description":"Le rouleau compresseur \u00e0 conducteur marchant SVR700H\/700D offre une force de 20 kN, un entra\u00eenement hydraulique bidirectionnel et un compactage efficace avec des options d'alimentation \u00e0 essence ou diesel.","breadcrumb":{"@id":"https:\/\/www.excalibur-generator.com\/fr\/rouleau-compacteur-a-main-svr700h-700d\/#breadcrumb"},"inLanguage":"fr-FR","potentialAction":[{"@type":"ReadAction","target":["https:\/\/www.excalibur-generator.com\/fr\/rouleau-compacteur-a-main-svr700h-700d\/"]}]},{"@type":"ImageObject","inLanguage":"fr-FR","@id":"https:\/\/www.excalibur-generator.com\/fr\/rouleau-compacteur-a-main-svr700h-700d\/#primaryimage","url":"https:\/\/www.excalibur-generator.com\/wp-content\/uploads\/2025\/06\/SVR700H-700D-walk-behind-raod-roller.jpg","contentUrl":"https:\/\/www.excalibur-generator.com\/wp-content\/uploads\/2025\/06\/SVR700H-700D-walk-behind-raod-roller.jpg","width":800,"height":800,"caption":"Rouleau compresseur \u00e0 conducteur marchant SVR700H 700D"},{"@type":"BreadcrumbList","@id":"https:\/\/www.excalibur-generator.com\/fr\/rouleau-compacteur-a-main-svr700h-700d\/#breadcrumb","itemListElement":[{"@type":"ListItem","position":1,"name":"Home","item":"https:\/\/www.excalibur-generator.com\/fr\/"},{"@type":"ListItem","position":2,"name":"Produits","item":"https:\/\/www.excalibur-generator.com\/fr\/produits\/"},{"@type":"ListItem","position":3,"name":"Rouleau compacteur \u00e0 main SVR700H\/700D"}]},{"@type":"WebSite","@id":"https:\/\/www.excalibur-generator.com\/fr\/#website","url":"https:\/\/www.excalibur-generator.com\/fr\/","name":"Excalibur Generator","description":"","publisher":{"@id":"https:\/\/www.excalibur-generator.com\/fr\/#organization"},"potentialAction":[{"@type":"SearchAction","target":{"@type":"EntryPoint","urlTemplate":"https:\/\/www.excalibur-generator.com\/fr\/?s={search_term_string}"},"query-input":{"@type":"PropertyValueSpecification","valueRequired":true,"valueName":"search_term_string"}}],"inLanguage":"fr-FR"},{"@type":"Organization","@id":"https:\/\/www.excalibur-generator.com\/fr\/#organization","name":"Excalibur Generator","url":"https:\/\/www.excalibur-generator.com\/fr\/","logo":{"@type":"ImageObject","inLanguage":"fr-FR","@id":"https:\/\/www.excalibur-generator.com\/fr\/#\/schema\/logo\/image\/","url":"https:\/\/www.excalibur-generator.com\/wp-content\/uploads\/2024\/05\/EXCALIBUR.png","contentUrl":"https:\/\/www.excalibur-generator.com\/wp-content\/uploads\/2024\/05\/EXCALIBUR.png","width":350,"height":79,"caption":"Excalibur Generator"},"image":{"@id":"https:\/\/www.excalibur-generator.com\/fr\/#\/schema\/logo\/image\/"}}]}},"_links":{"self":[{"href":"https:\/\/www.excalibur-generator.com\/fr\/wp-json\/wp\/v2\/product\/7178","targetHints":{"allow":["GET"]}}],"collection":[{"href":"https:\/\/www.excalibur-generator.com\/fr\/wp-json\/wp\/v2\/product"}],"about":[{"href":"https:\/\/www.excalibur-generator.com\/fr\/wp-json\/wp\/v2\/types\/product"}],"replies":[{"embeddable":true,"href":"https:\/\/www.excalibur-generator.com\/fr\/wp-json\/wp\/v2\/comments?post=7178"}],"wp:featuredmedia":[{"embeddable":true,"href":"https:\/\/www.excalibur-generator.com\/fr\/wp-json\/wp\/v2\/media\/7179"}],"wp:attachment":[{"href":"https:\/\/www.excalibur-generator.com\/fr\/wp-json\/wp\/v2\/media?parent=7178"}],"wp:term":[{"taxonomy":"product_brand","embeddable":true,"href":"https:\/\/www.excalibur-generator.com\/fr\/wp-json\/wp\/v2\/product_brand?post=7178"},{"taxonomy":"product_cat","embeddable":true,"href":"https:\/\/www.excalibur-generator.com\/fr\/wp-json\/wp\/v2\/product_cat?post=7178"},{"taxonomy":"product_tag","embeddable":true,"href":"https:\/\/www.excalibur-generator.com\/fr\/wp-json\/wp\/v2\/product_tag?post=7178"}],"curies":[{"name":"wp","href":"https:\/\/api.w.org\/{rel}","templated":true}]}}