{"id":7180,"date":"2025-06-25T16:24:30","date_gmt":"2025-06-25T08:24:30","guid":{"rendered":"https:\/\/www.excalibur-generator.com\/rouleau-compacteur-a-main-dvr600h-600d\/"},"modified":"2025-06-25T16:24:30","modified_gmt":"2025-06-25T08:24:30","slug":"rouleau-compacteur-a-main-dvr600h-600d","status":"publish","type":"product","link":"https:\/\/www.excalibur-generator.com\/fr\/rouleau-compacteur-a-main-dvr600h-600d\/","title":{"rendered":"Rouleau compacteur \u00e0 main DVR600H\/600D"},"content":{"rendered":"<table>\n<tbody>\n<tr>\n<td>Mod\u00e8le<\/td>\n<td>DVR600H<\/td>\n<td>DVR600D<\/td>\n<\/tr>\n<tr>\n<td>Marque du moteur<\/td>\n<td>HONDA GX270<\/td>\n<td>S178<\/td>\n<\/tr>\n<tr>\n<td>Mod\u00e8le de moteur<\/td>\n<td>Essence et monocylindre et vertical et quatre temps et diesel et soupapes en t\u00eate<\/td>\n<td>Moteur diesel monocylindre vertical ou \u00e0 injection directe \u00e0 quatre temps<\/td>\n<\/tr>\n<tr>\n<td>Pouvoir<\/td>\n<td>6.7kw<\/td>\n<td>4.4kw<\/td>\n<\/tr>\n<tr>\n<td>Vitesse de rotation<\/td>\n<td>3600rpm<\/td>\n<td>3600rpm<\/td>\n<\/tr>\n<tr>\n<td>Capacit\u00e9 de carburant<\/td>\n<td>5.9L<\/td>\n<td>3.5L<\/td>\n<\/tr>\n<tr>\n<td>Huile de graissage<\/td>\n<td>1.1L<\/td>\n<td>1.1L<\/td>\n<\/tr>\n<tr>\n<td>D\u00e9marrer<\/td>\n<td colspan=\"2\">D\u00e9marrage manuel\/\u00e9lectrique<\/td>\n<\/tr>\n<tr>\n<td>Charge statique<\/td>\n<td colspan=\"2\">45n\/cm<\/td>\n<\/tr>\n<tr>\n<td>Fr\u00e9quence de vibration<\/td>\n<td colspan=\"2\">70hz<\/td>\n<\/tr>\n<tr>\n<td>Amplitude nominale<\/td>\n<td colspan=\"2\">0.6mm<\/td>\n<\/tr>\n<tr>\n<td>Force excitante<\/td>\n<td colspan=\"2\">20kn<\/td>\n<\/tr>\n<tr>\n<td>Chemin de promenade<\/td>\n<td colspan=\"2\">Entra\u00eenement hydraulique par cha\u00eene bidirectionnel<\/td>\n<\/tr>\n<tr>\n<td>Vitesse de marche<\/td>\n<td colspan=\"2\">0~3.8km\/h<\/td>\n<\/tr>\n<tr>\n<td>Capacit\u00e9 th\u00e9orique d&#8217;escalade<\/td>\n<td colspan=\"2\">30%<\/td>\n<\/tr>\n<tr>\n<td>Capacit\u00e9 du r\u00e9servoir hydraulique<\/td>\n<td colspan=\"2\">18L<\/td>\n<\/tr>\n<tr>\n<td>Capacit\u00e9 du r\u00e9servoir d&#8217;eau<\/td>\n<td>20L<\/td>\n<td>20L<\/td>\n<\/tr>\n<tr>\n<td>Syst\u00e8me d&#8217;arrosage<\/td>\n<td>Arrosage par gravit\u00e9<\/td>\n<td>Arrosage par gravit\u00e9<\/td>\n<\/tr>\n<tr>\n<td>Taille de la roue<\/td>\n<td colspan=\"2\">\u03c6426*600mm*2<\/td>\n<\/tr>\n<tr>\n<td>Pleine largeur<\/td>\n<td colspan=\"2\">780mm<\/td>\n<\/tr>\n<tr>\n<td>Longueur de la machine (basculement du cadre de protection)<\/td>\n<td colspan=\"2\">2480mm<\/td>\n<\/tr>\n<tr>\n<td>Hauteur de la machine (support de protection dress\u00e9)<\/td>\n<td colspan=\"2\">1820mm<\/td>\n<\/tr>\n<tr>\n<td>Taille du paquet<\/td>\n<td colspan=\"2\">1600*850*1900mm<\/td>\n<\/tr>\n<tr>\n<td>Poids<\/td>\n<td>540kg<\/td>\n<td>540kg<\/td>\n<\/tr>\n<\/tbody>\n<\/table>\n","protected":false},"excerpt":{"rendered":"<ul>\n<li>Moteur essence ou diesel, d\u00e9marrage \u00e9lectrique, force d&#8217;excitation 20kN.<\/li>\n<li>Conception \u00e0 double tambour, vibration de 70 Hz, amplitude de 0,6 mm, mont\u00e9e de 30 %.<\/li>\n<li>Entra\u00eenement par cha\u00eene hydraulique, largeur 780 mm, arrosage par gravit\u00e9, poids 540 kg.<\/li>\n<\/ul>\n","protected":false},"featured_media":7181,"comment_status":"open","ping_status":"closed","template":"","meta":{"site-sidebar-layout":"default","site-content-layout":"","ast-site-content-layout":"default","site-content-style":"default","site-sidebar-style":"default","ast-global-header-display":"","ast-banner-title-visibility":"","ast-main-header-display":"","ast-hfb-above-header-display":"","ast-hfb-below-header-display":"","ast-hfb-mobile-header-display":"","site-post-title":"","ast-breadcrumbs-content":"","ast-featured-img":"","footer-sml-layout":"","theme-transparent-header-meta":"default","adv-header-id-meta":"","stick-header-meta":"","header-above-stick-meta":"","header-main-stick-meta":"","header-below-stick-meta":"","astra-migrate-meta-layouts":"default","ast-page-background-enabled":"default","ast-page-background-meta":{"desktop":{"background-color":"var(--ast-global-color-4)","background-image":"","background-repeat":"repeat","background-position":"center center","background-size":"auto","background-attachment":"scroll","background-type":"","background-media":"","overlay-type":"","overlay-color":"","overlay-opacity":"","overlay-gradient":""},"tablet":{"background-color":"","background-image":"","background-repeat":"repeat","background-position":"center center","background-size":"auto","background-attachment":"scroll","background-type":"","background-media":"","overlay-type":"","overlay-color":"","overlay-opacity":"","overlay-gradient":""},"mobile":{"background-color":"","background-image":"","background-repeat":"repeat","background-position":"center center","background-size":"auto","background-attachment":"scroll","background-type":"","background-media":"","overlay-type":"","overlay-color":"","overlay-opacity":"","overlay-gradient":""}},"ast-content-background-meta":{"desktop":{"background-color":"var(--ast-global-color-5)","background-image":"","background-repeat":"repeat","background-position":"center center","background-size":"auto","background-attachment":"scroll","background-type":"","background-media":"","overlay-type":"","overlay-color":"","overlay-opacity":"","overlay-gradient":""},"tablet":{"background-color":"var(--ast-global-color-5)","background-image":"","background-repeat":"repeat","background-position":"center center","background-size":"auto","background-attachment":"scroll","background-type":"","background-media":"","overlay-type":"","overlay-color":"","overlay-opacity":"","overlay-gradient":""},"mobile":{"background-color":"var(--ast-global-color-5)","background-image":"","background-repeat":"repeat","background-position":"center center","background-size":"auto","background-attachment":"scroll","background-type":"","background-media":"","overlay-type":"","overlay-color":"","overlay-opacity":"","overlay-gradient":""}}},"product_brand":[],"product_cat":[84],"product_tag":[],"class_list":{"0":"post-7180","1":"product","2":"type-product","3":"status-publish","4":"has-post-thumbnail","6":"product_cat-non-classe","7":"desktop-align-left","8":"tablet-align-left","9":"mobile-align-left","11":"first","12":"instock","13":"shipping-taxable","14":"product-type-simple"},"yoast_head":"<!-- This site is optimized with the Yoast SEO plugin v26.5 - https:\/\/yoast.com\/wordpress\/plugins\/seo\/ -->\n<title>Rouleau compacteur \u00e0 main DVR600H\/600D &#8211; Excalibur Generator<\/title>\n<meta name=\"description\" content=\"Les rouleaux compresseurs \u00e0 conducteur marchant DVR600H\/600D sont dot\u00e9s de doubles tambours, d&#039;une force centrifuge de 20 kN, d&#039;une capacit\u00e9 de pente de 30 % et d&#039;une puissance efficace du moteur Honda ou diesel.\" \/>\n<meta name=\"robots\" content=\"index, follow, max-snippet:-1, max-image-preview:large, max-video-preview:-1\" \/>\n<link rel=\"canonical\" href=\"https:\/\/www.excalibur-generator.com\/fr\/rouleau-compacteur-a-main-dvr600h-600d\/\" \/>\n<meta name=\"twitter:label1\" content=\"Dur\u00e9e de lecture estim\u00e9e\" \/>\n\t<meta name=\"twitter:data1\" content=\"1 minute\" \/>\n<script type=\"application\/ld+json\" class=\"yoast-schema-graph\">{\"@context\":\"https:\/\/schema.org\",\"@graph\":[{\"@type\":\"WebPage\",\"@id\":\"https:\/\/www.excalibur-generator.com\/fr\/rouleau-compacteur-a-main-dvr600h-600d\/\",\"url\":\"https:\/\/www.excalibur-generator.com\/fr\/rouleau-compacteur-a-main-dvr600h-600d\/\",\"name\":\"Rouleau compacteur \u00e0 main DVR600H\/600D &#8211; Excalibur Generator\",\"isPartOf\":{\"@id\":\"https:\/\/www.excalibur-generator.com\/fr\/#website\"},\"primaryImageOfPage\":{\"@id\":\"https:\/\/www.excalibur-generator.com\/fr\/rouleau-compacteur-a-main-dvr600h-600d\/#primaryimage\"},\"image\":{\"@id\":\"https:\/\/www.excalibur-generator.com\/fr\/rouleau-compacteur-a-main-dvr600h-600d\/#primaryimage\"},\"thumbnailUrl\":\"https:\/\/www.excalibur-generator.com\/wp-content\/uploads\/2025\/06\/DVR60H-600D-walk-behind-road-roller.jpg\",\"datePublished\":\"2025-06-25T08:24:30+00:00\",\"description\":\"Les rouleaux compresseurs \u00e0 conducteur marchant DVR600H\/600D sont dot\u00e9s de doubles tambours, d'une force centrifuge de 20 kN, d'une capacit\u00e9 de pente de 30 % et d'une puissance efficace du moteur Honda ou diesel.\",\"breadcrumb\":{\"@id\":\"https:\/\/www.excalibur-generator.com\/fr\/rouleau-compacteur-a-main-dvr600h-600d\/#breadcrumb\"},\"inLanguage\":\"fr-FR\",\"potentialAction\":[{\"@type\":\"ReadAction\",\"target\":[\"https:\/\/www.excalibur-generator.com\/fr\/rouleau-compacteur-a-main-dvr600h-600d\/\"]}]},{\"@type\":\"ImageObject\",\"inLanguage\":\"fr-FR\",\"@id\":\"https:\/\/www.excalibur-generator.com\/fr\/rouleau-compacteur-a-main-dvr600h-600d\/#primaryimage\",\"url\":\"https:\/\/www.excalibur-generator.com\/wp-content\/uploads\/2025\/06\/DVR60H-600D-walk-behind-road-roller.jpg\",\"contentUrl\":\"https:\/\/www.excalibur-generator.com\/wp-content\/uploads\/2025\/06\/DVR60H-600D-walk-behind-road-roller.jpg\",\"width\":800,\"height\":800,\"caption\":\"Rouleau compresseur \u00e0 conducteur marchant DVR60H 600D\"},{\"@type\":\"BreadcrumbList\",\"@id\":\"https:\/\/www.excalibur-generator.com\/fr\/rouleau-compacteur-a-main-dvr600h-600d\/#breadcrumb\",\"itemListElement\":[{\"@type\":\"ListItem\",\"position\":1,\"name\":\"Home\",\"item\":\"https:\/\/www.excalibur-generator.com\/fr\/\"},{\"@type\":\"ListItem\",\"position\":2,\"name\":\"Produits\",\"item\":\"https:\/\/www.excalibur-generator.com\/fr\/produits\/\"},{\"@type\":\"ListItem\",\"position\":3,\"name\":\"Rouleau compacteur \u00e0 main DVR600H\/600D\"}]},{\"@type\":\"WebSite\",\"@id\":\"https:\/\/www.excalibur-generator.com\/fr\/#website\",\"url\":\"https:\/\/www.excalibur-generator.com\/fr\/\",\"name\":\"Excalibur Generator\",\"description\":\"\",\"publisher\":{\"@id\":\"https:\/\/www.excalibur-generator.com\/fr\/#organization\"},\"potentialAction\":[{\"@type\":\"SearchAction\",\"target\":{\"@type\":\"EntryPoint\",\"urlTemplate\":\"https:\/\/www.excalibur-generator.com\/fr\/?s={search_term_string}\"},\"query-input\":{\"@type\":\"PropertyValueSpecification\",\"valueRequired\":true,\"valueName\":\"search_term_string\"}}],\"inLanguage\":\"fr-FR\"},{\"@type\":\"Organization\",\"@id\":\"https:\/\/www.excalibur-generator.com\/fr\/#organization\",\"name\":\"Excalibur Generator\",\"url\":\"https:\/\/www.excalibur-generator.com\/fr\/\",\"logo\":{\"@type\":\"ImageObject\",\"inLanguage\":\"fr-FR\",\"@id\":\"https:\/\/www.excalibur-generator.com\/fr\/#\/schema\/logo\/image\/\",\"url\":\"https:\/\/www.excalibur-generator.com\/wp-content\/uploads\/2024\/05\/EXCALIBUR.png\",\"contentUrl\":\"https:\/\/www.excalibur-generator.com\/wp-content\/uploads\/2024\/05\/EXCALIBUR.png\",\"width\":350,\"height\":79,\"caption\":\"Excalibur Generator\"},\"image\":{\"@id\":\"https:\/\/www.excalibur-generator.com\/fr\/#\/schema\/logo\/image\/\"}}]}<\/script>\n<!-- \/ Yoast SEO plugin. -->","yoast_head_json":{"title":"Rouleau compacteur \u00e0 main DVR600H\/600D &#8211; Excalibur Generator","description":"Les rouleaux compresseurs \u00e0 conducteur marchant DVR600H\/600D sont dot\u00e9s de doubles tambours, d'une force centrifuge de 20 kN, d'une capacit\u00e9 de pente de 30 % et d'une puissance efficace du moteur Honda ou diesel.","robots":{"index":"index","follow":"follow","max-snippet":"max-snippet:-1","max-image-preview":"max-image-preview:large","max-video-preview":"max-video-preview:-1"},"canonical":"https:\/\/www.excalibur-generator.com\/fr\/rouleau-compacteur-a-main-dvr600h-600d\/","twitter_misc":{"Dur\u00e9e de lecture estim\u00e9e":"1 minute"},"schema":{"@context":"https:\/\/schema.org","@graph":[{"@type":"WebPage","@id":"https:\/\/www.excalibur-generator.com\/fr\/rouleau-compacteur-a-main-dvr600h-600d\/","url":"https:\/\/www.excalibur-generator.com\/fr\/rouleau-compacteur-a-main-dvr600h-600d\/","name":"Rouleau compacteur \u00e0 main DVR600H\/600D &#8211; Excalibur Generator","isPartOf":{"@id":"https:\/\/www.excalibur-generator.com\/fr\/#website"},"primaryImageOfPage":{"@id":"https:\/\/www.excalibur-generator.com\/fr\/rouleau-compacteur-a-main-dvr600h-600d\/#primaryimage"},"image":{"@id":"https:\/\/www.excalibur-generator.com\/fr\/rouleau-compacteur-a-main-dvr600h-600d\/#primaryimage"},"thumbnailUrl":"https:\/\/www.excalibur-generator.com\/wp-content\/uploads\/2025\/06\/DVR60H-600D-walk-behind-road-roller.jpg","datePublished":"2025-06-25T08:24:30+00:00","description":"Les rouleaux compresseurs \u00e0 conducteur marchant DVR600H\/600D sont dot\u00e9s de doubles tambours, d'une force centrifuge de 20 kN, d'une capacit\u00e9 de pente de 30 % et d'une puissance efficace du moteur Honda ou diesel.","breadcrumb":{"@id":"https:\/\/www.excalibur-generator.com\/fr\/rouleau-compacteur-a-main-dvr600h-600d\/#breadcrumb"},"inLanguage":"fr-FR","potentialAction":[{"@type":"ReadAction","target":["https:\/\/www.excalibur-generator.com\/fr\/rouleau-compacteur-a-main-dvr600h-600d\/"]}]},{"@type":"ImageObject","inLanguage":"fr-FR","@id":"https:\/\/www.excalibur-generator.com\/fr\/rouleau-compacteur-a-main-dvr600h-600d\/#primaryimage","url":"https:\/\/www.excalibur-generator.com\/wp-content\/uploads\/2025\/06\/DVR60H-600D-walk-behind-road-roller.jpg","contentUrl":"https:\/\/www.excalibur-generator.com\/wp-content\/uploads\/2025\/06\/DVR60H-600D-walk-behind-road-roller.jpg","width":800,"height":800,"caption":"Rouleau compresseur \u00e0 conducteur marchant DVR60H 600D"},{"@type":"BreadcrumbList","@id":"https:\/\/www.excalibur-generator.com\/fr\/rouleau-compacteur-a-main-dvr600h-600d\/#breadcrumb","itemListElement":[{"@type":"ListItem","position":1,"name":"Home","item":"https:\/\/www.excalibur-generator.com\/fr\/"},{"@type":"ListItem","position":2,"name":"Produits","item":"https:\/\/www.excalibur-generator.com\/fr\/produits\/"},{"@type":"ListItem","position":3,"name":"Rouleau compacteur \u00e0 main DVR600H\/600D"}]},{"@type":"WebSite","@id":"https:\/\/www.excalibur-generator.com\/fr\/#website","url":"https:\/\/www.excalibur-generator.com\/fr\/","name":"Excalibur Generator","description":"","publisher":{"@id":"https:\/\/www.excalibur-generator.com\/fr\/#organization"},"potentialAction":[{"@type":"SearchAction","target":{"@type":"EntryPoint","urlTemplate":"https:\/\/www.excalibur-generator.com\/fr\/?s={search_term_string}"},"query-input":{"@type":"PropertyValueSpecification","valueRequired":true,"valueName":"search_term_string"}}],"inLanguage":"fr-FR"},{"@type":"Organization","@id":"https:\/\/www.excalibur-generator.com\/fr\/#organization","name":"Excalibur Generator","url":"https:\/\/www.excalibur-generator.com\/fr\/","logo":{"@type":"ImageObject","inLanguage":"fr-FR","@id":"https:\/\/www.excalibur-generator.com\/fr\/#\/schema\/logo\/image\/","url":"https:\/\/www.excalibur-generator.com\/wp-content\/uploads\/2024\/05\/EXCALIBUR.png","contentUrl":"https:\/\/www.excalibur-generator.com\/wp-content\/uploads\/2024\/05\/EXCALIBUR.png","width":350,"height":79,"caption":"Excalibur Generator"},"image":{"@id":"https:\/\/www.excalibur-generator.com\/fr\/#\/schema\/logo\/image\/"}}]}},"_links":{"self":[{"href":"https:\/\/www.excalibur-generator.com\/fr\/wp-json\/wp\/v2\/product\/7180","targetHints":{"allow":["GET"]}}],"collection":[{"href":"https:\/\/www.excalibur-generator.com\/fr\/wp-json\/wp\/v2\/product"}],"about":[{"href":"https:\/\/www.excalibur-generator.com\/fr\/wp-json\/wp\/v2\/types\/product"}],"replies":[{"embeddable":true,"href":"https:\/\/www.excalibur-generator.com\/fr\/wp-json\/wp\/v2\/comments?post=7180"}],"wp:featuredmedia":[{"embeddable":true,"href":"https:\/\/www.excalibur-generator.com\/fr\/wp-json\/wp\/v2\/media\/7181"}],"wp:attachment":[{"href":"https:\/\/www.excalibur-generator.com\/fr\/wp-json\/wp\/v2\/media?parent=7180"}],"wp:term":[{"taxonomy":"product_brand","embeddable":true,"href":"https:\/\/www.excalibur-generator.com\/fr\/wp-json\/wp\/v2\/product_brand?post=7180"},{"taxonomy":"product_cat","embeddable":true,"href":"https:\/\/www.excalibur-generator.com\/fr\/wp-json\/wp\/v2\/product_cat?post=7180"},{"taxonomy":"product_tag","embeddable":true,"href":"https:\/\/www.excalibur-generator.com\/fr\/wp-json\/wp\/v2\/product_tag?post=7180"}],"curies":[{"name":"wp","href":"https:\/\/api.w.org\/{rel}","templated":true}]}}