{"id":7182,"date":"2025-06-25T16:09:09","date_gmt":"2025-06-25T08:09:09","guid":{"rendered":"https:\/\/www.excalibur-generator.com\/rouleau-compacteur-a-main-svr600h-600d\/"},"modified":"2025-06-25T16:09:09","modified_gmt":"2025-06-25T08:09:09","slug":"rouleau-compacteur-a-main-svr600h-600d","status":"publish","type":"product","link":"https:\/\/www.excalibur-generator.com\/fr\/rouleau-compacteur-a-main-svr600h-600d\/","title":{"rendered":"Rouleau compacteur \u00e0 main SVR600H\/600D"},"content":{"rendered":"<table>\n<tbody>\n<tr>\n<td>Mod\u00e8le<\/td>\n<td>SVR600H<\/td>\n<td>SVR600D<\/td>\n<\/tr>\n<tr>\n<td>Marque du moteur<\/td>\n<td>HONDAGX160<\/td>\n<td>S173F<\/td>\n<\/tr>\n<tr>\n<td>Mod\u00e8le de moteur<\/td>\n<td>Essence &amp; Monocylindre &amp; Vertical &amp; Quatre temps &amp; Diesel &amp; Monocylindre &amp; Vertical &amp; Quatre temps &amp; Soupapes en t\u00eate<\/td>\n<td>Injection d&#8217;air et directe<\/td>\n<\/tr>\n<tr>\n<td>Pouvoir<\/td>\n<td>4.1kw<\/td>\n<td>3.1kw<\/td>\n<\/tr>\n<tr>\n<td>Vitesse de rotation<\/td>\n<td>360Orpm<\/td>\n<td>3600rpm<\/td>\n<\/tr>\n<tr>\n<td>Capacit\u00e9 de carburant<\/td>\n<td>3.6L<\/td>\n<td>2.5L<\/td>\n<\/tr>\n<tr>\n<td>Huile de graissage<\/td>\n<td>0.6L<\/td>\n<td>0.75L<\/td>\n<\/tr>\n<tr>\n<td>D\u00e9marrer<\/td>\n<td colspan=\"2\">D\u00e9marrage manuel\/\u00e9lectrique<\/td>\n<\/tr>\n<tr>\n<td>Charge statique<\/td>\n<td colspan=\"2\">45n\/cm<\/td>\n<\/tr>\n<tr>\n<td>Fr\u00e9quence de vibration<\/td>\n<td colspan=\"2\">70hz<\/td>\n<\/tr>\n<tr>\n<td>Amplitude nominale<\/td>\n<td colspan=\"2\">0.6mm<\/td>\n<\/tr>\n<tr>\n<td>Force excitante<\/td>\n<td colspan=\"2\">15kn<\/td>\n<\/tr>\n<tr>\n<td>Chemin de promenade<\/td>\n<td colspan=\"2\">Entra\u00eenement hydraulique par cha\u00eene bidirectionnel<\/td>\n<\/tr>\n<tr>\n<td>Vitesse de marche<\/td>\n<td colspan=\"2\">3.8km\/h<\/td>\n<\/tr>\n<tr>\n<td>Capacit\u00e9 th\u00e9orique d&#8217;escalade<\/td>\n<td colspan=\"2\">30%<\/td>\n<\/tr>\n<tr>\n<td>Capacit\u00e9 du r\u00e9servoir hydraulique<\/td>\n<td>15L<\/td>\n<td>10L<\/td>\n<\/tr>\n<tr>\n<td>Capacit\u00e9 du r\u00e9servoir d&#8217;eau<\/td>\n<td colspan=\"2\">22L<\/td>\n<\/tr>\n<tr>\n<td>Syst\u00e8me d&#8217;arrosage<\/td>\n<td colspan=\"2\">Arrosage par gravit\u00e9<\/td>\n<\/tr>\n<tr>\n<td>Taille de la roue<\/td>\n<td colspan=\"2\">\u03c6426*600mm<\/td>\n<\/tr>\n<tr>\n<td>Pleine largeur<\/td>\n<td colspan=\"2\">780mm<\/td>\n<\/tr>\n<tr>\n<td>Longueur de la machine (basculement du ch\u00e2ssis de protection)<\/td>\n<td colspan=\"2\">1600mm<\/td>\n<\/tr>\n<tr>\n<td>Hauteur de la machine (support de protection dress\u00e9)<\/td>\n<td colspan=\"2\">1060mm<\/td>\n<\/tr>\n<tr>\n<td>Taille du paquet<\/td>\n<td colspan=\"2\">1050*850*1200mm<\/td>\n<\/tr>\n<tr>\n<td>Poids<\/td>\n<td colspan=\"2\">330kg<\/td>\n<\/tr>\n<\/tbody>\n<\/table>\n","protected":false},"excerpt":{"rendered":"<ul>\n<li>Puissance de marque c\u00e9l\u00e8bre, qualit\u00e9 assur\u00e9e, excellentes performances, facile \u00e0 d\u00e9marrer.<\/li>\n<li>Petit rayon d&#8217;action, peut travailler dans une zone tr\u00e8s \u00e9troite.<\/li>\n<li>Utilise des pompes hydrauliques et des moteurs domestiques haut de gamme ; d\u00e9placement et fonctionnement faciles.<\/li>\n<li>L&#8217;accoudoir s&#8217;ajuste de mani\u00e8re flexible, s&#8217;adapte facilement et convient aux op\u00e9rateurs de toutes tailles.<\/li>\n<li>Le roulement FYH japonais et la courroie Mitsuboshi garantissent des performances fiables de la machine.<\/li>\n<li>Pulv\u00e9risation de surface, belle apparence et r\u00e9sistance \u00e0 la corrosion par la rouille.<\/li>\n<\/ul>\n","protected":false},"featured_media":7183,"comment_status":"open","ping_status":"closed","template":"","meta":{"site-sidebar-layout":"default","site-content-layout":"","ast-site-content-layout":"default","site-content-style":"default","site-sidebar-style":"default","ast-global-header-display":"","ast-banner-title-visibility":"","ast-main-header-display":"","ast-hfb-above-header-display":"","ast-hfb-below-header-display":"","ast-hfb-mobile-header-display":"","site-post-title":"","ast-breadcrumbs-content":"","ast-featured-img":"","footer-sml-layout":"","theme-transparent-header-meta":"default","adv-header-id-meta":"","stick-header-meta":"","header-above-stick-meta":"","header-main-stick-meta":"","header-below-stick-meta":"","astra-migrate-meta-layouts":"default","ast-page-background-enabled":"default","ast-page-background-meta":{"desktop":{"background-color":"var(--ast-global-color-4)","background-image":"","background-repeat":"repeat","background-position":"center center","background-size":"auto","background-attachment":"scroll","background-type":"","background-media":"","overlay-type":"","overlay-color":"","overlay-opacity":"","overlay-gradient":""},"tablet":{"background-color":"","background-image":"","background-repeat":"repeat","background-position":"center center","background-size":"auto","background-attachment":"scroll","background-type":"","background-media":"","overlay-type":"","overlay-color":"","overlay-opacity":"","overlay-gradient":""},"mobile":{"background-color":"","background-image":"","background-repeat":"repeat","background-position":"center center","background-size":"auto","background-attachment":"scroll","background-type":"","background-media":"","overlay-type":"","overlay-color":"","overlay-opacity":"","overlay-gradient":""}},"ast-content-background-meta":{"desktop":{"background-color":"var(--ast-global-color-5)","background-image":"","background-repeat":"repeat","background-position":"center center","background-size":"auto","background-attachment":"scroll","background-type":"","background-media":"","overlay-type":"","overlay-color":"","overlay-opacity":"","overlay-gradient":""},"tablet":{"background-color":"var(--ast-global-color-5)","background-image":"","background-repeat":"repeat","background-position":"center center","background-size":"auto","background-attachment":"scroll","background-type":"","background-media":"","overlay-type":"","overlay-color":"","overlay-opacity":"","overlay-gradient":""},"mobile":{"background-color":"var(--ast-global-color-5)","background-image":"","background-repeat":"repeat","background-position":"center center","background-size":"auto","background-attachment":"scroll","background-type":"","background-media":"","overlay-type":"","overlay-color":"","overlay-opacity":"","overlay-gradient":""}}},"product_brand":[],"product_cat":[84],"product_tag":[],"class_list":{"0":"post-7182","1":"product","2":"type-product","3":"status-publish","4":"has-post-thumbnail","6":"product_cat-non-classe","7":"desktop-align-left","8":"tablet-align-left","9":"mobile-align-left","11":"first","12":"instock","13":"shipping-taxable","14":"product-type-simple"},"yoast_head":"<!-- This site is optimized with the Yoast SEO plugin v26.5 - https:\/\/yoast.com\/wordpress\/plugins\/seo\/ -->\n<title>Rouleau compacteur \u00e0 main SVR600H\/600D &#8211; Excalibur Generator<\/title>\n<meta name=\"description\" content=\"Les rouleaux compresseurs manuels SVR600H\/600D sont dot\u00e9s d&#039;une force de 15 kN, de vibrations de 70 Hz, d&#039;un entra\u00eenement hydraulique bidirectionnel et de moteurs \u00e0 essence ou diesel pour des performances compactes.\" \/>\n<meta name=\"robots\" content=\"index, follow, max-snippet:-1, max-image-preview:large, max-video-preview:-1\" \/>\n<link rel=\"canonical\" href=\"https:\/\/www.excalibur-generator.com\/fr\/rouleau-compacteur-a-main-svr600h-600d\/\" \/>\n<meta name=\"twitter:label1\" content=\"Dur\u00e9e de lecture estim\u00e9e\" \/>\n\t<meta name=\"twitter:data1\" content=\"1 minute\" \/>\n<script type=\"application\/ld+json\" class=\"yoast-schema-graph\">{\"@context\":\"https:\/\/schema.org\",\"@graph\":[{\"@type\":\"WebPage\",\"@id\":\"https:\/\/www.excalibur-generator.com\/fr\/rouleau-compacteur-a-main-svr600h-600d\/\",\"url\":\"https:\/\/www.excalibur-generator.com\/fr\/rouleau-compacteur-a-main-svr600h-600d\/\",\"name\":\"Rouleau compacteur \u00e0 main SVR600H\/600D &#8211; Excalibur Generator\",\"isPartOf\":{\"@id\":\"https:\/\/www.excalibur-generator.com\/fr\/#website\"},\"primaryImageOfPage\":{\"@id\":\"https:\/\/www.excalibur-generator.com\/fr\/rouleau-compacteur-a-main-svr600h-600d\/#primaryimage\"},\"image\":{\"@id\":\"https:\/\/www.excalibur-generator.com\/fr\/rouleau-compacteur-a-main-svr600h-600d\/#primaryimage\"},\"thumbnailUrl\":\"https:\/\/www.excalibur-generator.com\/wp-content\/uploads\/2025\/06\/SVR600HSVR600D-Hand-Road-Roller.jpg\",\"datePublished\":\"2025-06-25T08:09:09+00:00\",\"description\":\"Les rouleaux compresseurs manuels SVR600H\/600D sont dot\u00e9s d'une force de 15 kN, de vibrations de 70 Hz, d'un entra\u00eenement hydraulique bidirectionnel et de moteurs \u00e0 essence ou diesel pour des performances compactes.\",\"breadcrumb\":{\"@id\":\"https:\/\/www.excalibur-generator.com\/fr\/rouleau-compacteur-a-main-svr600h-600d\/#breadcrumb\"},\"inLanguage\":\"fr-FR\",\"potentialAction\":[{\"@type\":\"ReadAction\",\"target\":[\"https:\/\/www.excalibur-generator.com\/fr\/rouleau-compacteur-a-main-svr600h-600d\/\"]}]},{\"@type\":\"ImageObject\",\"inLanguage\":\"fr-FR\",\"@id\":\"https:\/\/www.excalibur-generator.com\/fr\/rouleau-compacteur-a-main-svr600h-600d\/#primaryimage\",\"url\":\"https:\/\/www.excalibur-generator.com\/wp-content\/uploads\/2025\/06\/SVR600HSVR600D-Hand-Road-Roller.jpg\",\"contentUrl\":\"https:\/\/www.excalibur-generator.com\/wp-content\/uploads\/2025\/06\/SVR600HSVR600D-Hand-Road-Roller.jpg\",\"width\":800,\"height\":800,\"caption\":\"Rouleau compresseur manuel SVR600HSVR600D\"},{\"@type\":\"BreadcrumbList\",\"@id\":\"https:\/\/www.excalibur-generator.com\/fr\/rouleau-compacteur-a-main-svr600h-600d\/#breadcrumb\",\"itemListElement\":[{\"@type\":\"ListItem\",\"position\":1,\"name\":\"Home\",\"item\":\"https:\/\/www.excalibur-generator.com\/fr\/\"},{\"@type\":\"ListItem\",\"position\":2,\"name\":\"Produits\",\"item\":\"https:\/\/www.excalibur-generator.com\/fr\/produits\/\"},{\"@type\":\"ListItem\",\"position\":3,\"name\":\"Rouleau compacteur \u00e0 main SVR600H\/600D\"}]},{\"@type\":\"WebSite\",\"@id\":\"https:\/\/www.excalibur-generator.com\/fr\/#website\",\"url\":\"https:\/\/www.excalibur-generator.com\/fr\/\",\"name\":\"Excalibur Generator\",\"description\":\"\",\"publisher\":{\"@id\":\"https:\/\/www.excalibur-generator.com\/fr\/#organization\"},\"potentialAction\":[{\"@type\":\"SearchAction\",\"target\":{\"@type\":\"EntryPoint\",\"urlTemplate\":\"https:\/\/www.excalibur-generator.com\/fr\/?s={search_term_string}\"},\"query-input\":{\"@type\":\"PropertyValueSpecification\",\"valueRequired\":true,\"valueName\":\"search_term_string\"}}],\"inLanguage\":\"fr-FR\"},{\"@type\":\"Organization\",\"@id\":\"https:\/\/www.excalibur-generator.com\/fr\/#organization\",\"name\":\"Excalibur Generator\",\"url\":\"https:\/\/www.excalibur-generator.com\/fr\/\",\"logo\":{\"@type\":\"ImageObject\",\"inLanguage\":\"fr-FR\",\"@id\":\"https:\/\/www.excalibur-generator.com\/fr\/#\/schema\/logo\/image\/\",\"url\":\"https:\/\/www.excalibur-generator.com\/wp-content\/uploads\/2024\/05\/EXCALIBUR.png\",\"contentUrl\":\"https:\/\/www.excalibur-generator.com\/wp-content\/uploads\/2024\/05\/EXCALIBUR.png\",\"width\":350,\"height\":79,\"caption\":\"Excalibur Generator\"},\"image\":{\"@id\":\"https:\/\/www.excalibur-generator.com\/fr\/#\/schema\/logo\/image\/\"}}]}<\/script>\n<!-- \/ Yoast SEO plugin. -->","yoast_head_json":{"title":"Rouleau compacteur \u00e0 main SVR600H\/600D &#8211; Excalibur Generator","description":"Les rouleaux compresseurs manuels SVR600H\/600D sont dot\u00e9s d'une force de 15 kN, de vibrations de 70 Hz, d'un entra\u00eenement hydraulique bidirectionnel et de moteurs \u00e0 essence ou diesel pour des performances compactes.","robots":{"index":"index","follow":"follow","max-snippet":"max-snippet:-1","max-image-preview":"max-image-preview:large","max-video-preview":"max-video-preview:-1"},"canonical":"https:\/\/www.excalibur-generator.com\/fr\/rouleau-compacteur-a-main-svr600h-600d\/","twitter_misc":{"Dur\u00e9e de lecture estim\u00e9e":"1 minute"},"schema":{"@context":"https:\/\/schema.org","@graph":[{"@type":"WebPage","@id":"https:\/\/www.excalibur-generator.com\/fr\/rouleau-compacteur-a-main-svr600h-600d\/","url":"https:\/\/www.excalibur-generator.com\/fr\/rouleau-compacteur-a-main-svr600h-600d\/","name":"Rouleau compacteur \u00e0 main SVR600H\/600D &#8211; Excalibur Generator","isPartOf":{"@id":"https:\/\/www.excalibur-generator.com\/fr\/#website"},"primaryImageOfPage":{"@id":"https:\/\/www.excalibur-generator.com\/fr\/rouleau-compacteur-a-main-svr600h-600d\/#primaryimage"},"image":{"@id":"https:\/\/www.excalibur-generator.com\/fr\/rouleau-compacteur-a-main-svr600h-600d\/#primaryimage"},"thumbnailUrl":"https:\/\/www.excalibur-generator.com\/wp-content\/uploads\/2025\/06\/SVR600HSVR600D-Hand-Road-Roller.jpg","datePublished":"2025-06-25T08:09:09+00:00","description":"Les rouleaux compresseurs manuels SVR600H\/600D sont dot\u00e9s d'une force de 15 kN, de vibrations de 70 Hz, d'un entra\u00eenement hydraulique bidirectionnel et de moteurs \u00e0 essence ou diesel pour des performances compactes.","breadcrumb":{"@id":"https:\/\/www.excalibur-generator.com\/fr\/rouleau-compacteur-a-main-svr600h-600d\/#breadcrumb"},"inLanguage":"fr-FR","potentialAction":[{"@type":"ReadAction","target":["https:\/\/www.excalibur-generator.com\/fr\/rouleau-compacteur-a-main-svr600h-600d\/"]}]},{"@type":"ImageObject","inLanguage":"fr-FR","@id":"https:\/\/www.excalibur-generator.com\/fr\/rouleau-compacteur-a-main-svr600h-600d\/#primaryimage","url":"https:\/\/www.excalibur-generator.com\/wp-content\/uploads\/2025\/06\/SVR600HSVR600D-Hand-Road-Roller.jpg","contentUrl":"https:\/\/www.excalibur-generator.com\/wp-content\/uploads\/2025\/06\/SVR600HSVR600D-Hand-Road-Roller.jpg","width":800,"height":800,"caption":"Rouleau compresseur manuel SVR600HSVR600D"},{"@type":"BreadcrumbList","@id":"https:\/\/www.excalibur-generator.com\/fr\/rouleau-compacteur-a-main-svr600h-600d\/#breadcrumb","itemListElement":[{"@type":"ListItem","position":1,"name":"Home","item":"https:\/\/www.excalibur-generator.com\/fr\/"},{"@type":"ListItem","position":2,"name":"Produits","item":"https:\/\/www.excalibur-generator.com\/fr\/produits\/"},{"@type":"ListItem","position":3,"name":"Rouleau compacteur \u00e0 main SVR600H\/600D"}]},{"@type":"WebSite","@id":"https:\/\/www.excalibur-generator.com\/fr\/#website","url":"https:\/\/www.excalibur-generator.com\/fr\/","name":"Excalibur Generator","description":"","publisher":{"@id":"https:\/\/www.excalibur-generator.com\/fr\/#organization"},"potentialAction":[{"@type":"SearchAction","target":{"@type":"EntryPoint","urlTemplate":"https:\/\/www.excalibur-generator.com\/fr\/?s={search_term_string}"},"query-input":{"@type":"PropertyValueSpecification","valueRequired":true,"valueName":"search_term_string"}}],"inLanguage":"fr-FR"},{"@type":"Organization","@id":"https:\/\/www.excalibur-generator.com\/fr\/#organization","name":"Excalibur Generator","url":"https:\/\/www.excalibur-generator.com\/fr\/","logo":{"@type":"ImageObject","inLanguage":"fr-FR","@id":"https:\/\/www.excalibur-generator.com\/fr\/#\/schema\/logo\/image\/","url":"https:\/\/www.excalibur-generator.com\/wp-content\/uploads\/2024\/05\/EXCALIBUR.png","contentUrl":"https:\/\/www.excalibur-generator.com\/wp-content\/uploads\/2024\/05\/EXCALIBUR.png","width":350,"height":79,"caption":"Excalibur Generator"},"image":{"@id":"https:\/\/www.excalibur-generator.com\/fr\/#\/schema\/logo\/image\/"}}]}},"_links":{"self":[{"href":"https:\/\/www.excalibur-generator.com\/fr\/wp-json\/wp\/v2\/product\/7182","targetHints":{"allow":["GET"]}}],"collection":[{"href":"https:\/\/www.excalibur-generator.com\/fr\/wp-json\/wp\/v2\/product"}],"about":[{"href":"https:\/\/www.excalibur-generator.com\/fr\/wp-json\/wp\/v2\/types\/product"}],"replies":[{"embeddable":true,"href":"https:\/\/www.excalibur-generator.com\/fr\/wp-json\/wp\/v2\/comments?post=7182"}],"wp:featuredmedia":[{"embeddable":true,"href":"https:\/\/www.excalibur-generator.com\/fr\/wp-json\/wp\/v2\/media\/7183"}],"wp:attachment":[{"href":"https:\/\/www.excalibur-generator.com\/fr\/wp-json\/wp\/v2\/media?parent=7182"}],"wp:term":[{"taxonomy":"product_brand","embeddable":true,"href":"https:\/\/www.excalibur-generator.com\/fr\/wp-json\/wp\/v2\/product_brand?post=7182"},{"taxonomy":"product_cat","embeddable":true,"href":"https:\/\/www.excalibur-generator.com\/fr\/wp-json\/wp\/v2\/product_cat?post=7182"},{"taxonomy":"product_tag","embeddable":true,"href":"https:\/\/www.excalibur-generator.com\/fr\/wp-json\/wp\/v2\/product_tag?post=7182"}],"curies":[{"name":"wp","href":"https:\/\/api.w.org\/{rel}","templated":true}]}}