{"id":7184,"date":"2025-06-25T15:45:15","date_gmt":"2025-06-25T07:45:15","guid":{"rendered":"https:\/\/www.excalibur-generator.com\/regle-vibrante-beton-sfs-1\/"},"modified":"2025-06-25T15:45:15","modified_gmt":"2025-06-25T07:45:15","slug":"regle-vibrante-beton-sfs-1","status":"publish","type":"product","link":"https:\/\/www.excalibur-generator.com\/fr\/regle-vibrante-beton-sfs-1\/","title":{"rendered":"Regle vibrante beton SFS-1"},"content":{"rendered":"<h2>Structure du produit<\/h2>\n<table>\n<tbody>\n<tr>\n<td width=\"284\"><img fetchpriority=\"high\" decoding=\"async\" class=\"alignnone size-full wp-image-6744\" src=\"https:\/\/www.excalibur-generator.com\/wp-content\/uploads\/2025\/06\/Vibrating-Concrete-Screed-Structure.webp\" alt=\"Structure de r\u00e8gle a b\u00e9ton\" width=\"600\" height=\"600\" srcset=\"https:\/\/www.excalibur-generator.com\/wp-content\/uploads\/2025\/06\/Vibrating-Concrete-Screed-Structure.webp 600w, https:\/\/www.excalibur-generator.com\/wp-content\/uploads\/2025\/06\/Vibrating-Concrete-Screed-Structure-300x300.webp 300w, https:\/\/www.excalibur-generator.com\/wp-content\/uploads\/2025\/06\/Vibrating-Concrete-Screed-Structure-150x150.webp 150w, https:\/\/www.excalibur-generator.com\/wp-content\/uploads\/2025\/06\/Vibrating-Concrete-Screed-Structure-100x100.webp 100w\" sizes=\"(max-width: 600px) 100vw, 600px\" \/><\/td>\n<td width=\"284\">\n<ol>\n<li>Commande des gaz : r\u00e9glage manuel de la vitesse de vibration.<\/li>\n<li>Options de moteur \u00e0 essence S35 ou GX35 disponibles.<\/li>\n<li>Commande des gaz : R\u00e9glage manuel de la vitesse de vibration.<\/li>\n<\/ol>\n<\/td>\n<\/tr>\n<\/tbody>\n<\/table>\n<h2>Param\u00e8tres du produit<\/h2>\n<table>\n<tbody>\n<tr>\n<td>Mod\u00e8le<\/td>\n<td>SFS-1<\/td>\n<\/tr>\n<tr>\n<td>Moteur<\/td>\n<td>Refroidi par air, 4 temps<\/td>\n<\/tr>\n<tr>\n<td>Type de moteur<\/td>\n<td>Honda GX35 ou moteur chinois<\/td>\n<\/tr>\n<tr>\n<td>Puissance kW (CV)<\/td>\n<td>1.2(1.6)<\/td>\n<\/tr>\n<tr>\n<td>Poids net kg(Ib)<\/td>\n<td>12.7(28.0)<\/td>\n<\/tr>\n<\/tbody>\n<\/table>\n<h2>Lame en option<\/h2>\n<p><img decoding=\"async\" class=\"size-full wp-image-6747 aligncenter\" src=\"https:\/\/www.excalibur-generator.com\/wp-content\/uploads\/2025\/06\/blade-optional.png\" alt=\"lame en option\" width=\"600\" height=\"286\" srcset=\"https:\/\/www.excalibur-generator.com\/wp-content\/uploads\/2025\/06\/blade-optional.png 600w, https:\/\/www.excalibur-generator.com\/wp-content\/uploads\/2025\/06\/blade-optional-300x143.png 300w\" sizes=\"(max-width: 600px) 100vw, 600px\" \/><\/p>\n<table>\n<tbody>\n<tr>\n<td>Taille de la lame m(pi)<\/td>\n<td>1.2(4)<\/td>\n<td>1.8(6)<\/td>\n<td>2.4(8)<\/td>\n<td>3.0(10)<\/td>\n<td>3.7(12)<\/td>\n<td>4.3(14)<\/td>\n<td>4.9(16)<\/td>\n<\/tr>\n<tr>\n<td>Poids net kg(Ib)<\/td>\n<td>2.9(6.4)<\/td>\n<td>4.36(9.6)<\/td>\n<td>5.81(12.8)<\/td>\n<td>7.27(16)<\/td>\n<td>8.72(19.2)<\/td>\n<td>10.16(22.4)<\/td>\n<td>11.61(25.6)<\/td>\n<\/tr>\n<\/tbody>\n<\/table>\n","protected":false},"excerpt":{"rendered":"<ul>\n<li>Propuls\u00e9 par un moteur 4 temps refroidi par air de 1,6 CV.<\/li>\n<li>Conception l\u00e9g\u00e8re de seulement 12,7 kg pour une manipulation facile.<\/li>\n<li>Compatible avec Honda GX35 ou moteur chinois fiable.<\/li>\n<\/ul>\n","protected":false},"featured_media":7185,"comment_status":"open","ping_status":"closed","template":"","meta":{"site-sidebar-layout":"default","site-content-layout":"","ast-site-content-layout":"default","site-content-style":"default","site-sidebar-style":"default","ast-global-header-display":"","ast-banner-title-visibility":"","ast-main-header-display":"","ast-hfb-above-header-display":"","ast-hfb-below-header-display":"","ast-hfb-mobile-header-display":"","site-post-title":"","ast-breadcrumbs-content":"","ast-featured-img":"","footer-sml-layout":"","theme-transparent-header-meta":"default","adv-header-id-meta":"","stick-header-meta":"","header-above-stick-meta":"","header-main-stick-meta":"","header-below-stick-meta":"","astra-migrate-meta-layouts":"default","ast-page-background-enabled":"default","ast-page-background-meta":{"desktop":{"background-color":"var(--ast-global-color-4)","background-image":"","background-repeat":"repeat","background-position":"center center","background-size":"auto","background-attachment":"scroll","background-type":"","background-media":"","overlay-type":"","overlay-color":"","overlay-opacity":"","overlay-gradient":""},"tablet":{"background-color":"","background-image":"","background-repeat":"repeat","background-position":"center center","background-size":"auto","background-attachment":"scroll","background-type":"","background-media":"","overlay-type":"","overlay-color":"","overlay-opacity":"","overlay-gradient":""},"mobile":{"background-color":"","background-image":"","background-repeat":"repeat","background-position":"center center","background-size":"auto","background-attachment":"scroll","background-type":"","background-media":"","overlay-type":"","overlay-color":"","overlay-opacity":"","overlay-gradient":""}},"ast-content-background-meta":{"desktop":{"background-color":"var(--ast-global-color-5)","background-image":"","background-repeat":"repeat","background-position":"center center","background-size":"auto","background-attachment":"scroll","background-type":"","background-media":"","overlay-type":"","overlay-color":"","overlay-opacity":"","overlay-gradient":""},"tablet":{"background-color":"var(--ast-global-color-5)","background-image":"","background-repeat":"repeat","background-position":"center center","background-size":"auto","background-attachment":"scroll","background-type":"","background-media":"","overlay-type":"","overlay-color":"","overlay-opacity":"","overlay-gradient":""},"mobile":{"background-color":"var(--ast-global-color-5)","background-image":"","background-repeat":"repeat","background-position":"center center","background-size":"auto","background-attachment":"scroll","background-type":"","background-media":"","overlay-type":"","overlay-color":"","overlay-opacity":"","overlay-gradient":""}}},"product_brand":[],"product_cat":[84],"product_tag":[],"class_list":{"0":"post-7184","1":"product","2":"type-product","3":"status-publish","4":"has-post-thumbnail","6":"product_cat-non-classe","7":"desktop-align-left","8":"tablet-align-left","9":"mobile-align-left","11":"first","12":"instock","13":"shipping-taxable","14":"product-type-simple"},"yoast_head":"<!-- This site is optimized with the Yoast SEO plugin v26.5 - https:\/\/yoast.com\/wordpress\/plugins\/seo\/ -->\n<title>Regle vibrante beton SFS-1 &#8211; Excalibur Generator<\/title>\n<meta name=\"description\" content=\"La r\u00e8gle vibrante \u00e0 b\u00e9ton SFS-1 est dot\u00e9e d&#039;un moteur \u00e0 4 temps, d&#039;une puissance de 1,6 CV et d&#039;une conception l\u00e9g\u00e8re de 12,7 kg pour une finition en douceur.\" \/>\n<meta name=\"robots\" content=\"index, follow, max-snippet:-1, max-image-preview:large, max-video-preview:-1\" \/>\n<link rel=\"canonical\" href=\"https:\/\/www.excalibur-generator.com\/fr\/regle-vibrante-beton-sfs-1\/\" \/>\n<script type=\"application\/ld+json\" class=\"yoast-schema-graph\">{\"@context\":\"https:\/\/schema.org\",\"@graph\":[{\"@type\":\"WebPage\",\"@id\":\"https:\/\/www.excalibur-generator.com\/fr\/regle-vibrante-beton-sfs-1\/\",\"url\":\"https:\/\/www.excalibur-generator.com\/fr\/regle-vibrante-beton-sfs-1\/\",\"name\":\"Regle vibrante beton SFS-1 &#8211; Excalibur Generator\",\"isPartOf\":{\"@id\":\"https:\/\/www.excalibur-generator.com\/fr\/#website\"},\"primaryImageOfPage\":{\"@id\":\"https:\/\/www.excalibur-generator.com\/fr\/regle-vibrante-beton-sfs-1\/#primaryimage\"},\"image\":{\"@id\":\"https:\/\/www.excalibur-generator.com\/fr\/regle-vibrante-beton-sfs-1\/#primaryimage\"},\"thumbnailUrl\":\"https:\/\/www.excalibur-generator.com\/wp-content\/uploads\/2025\/06\/Vibrating-Screed-1.webp\",\"datePublished\":\"2025-06-25T07:45:15+00:00\",\"description\":\"La r\u00e8gle vibrante \u00e0 b\u00e9ton SFS-1 est dot\u00e9e d'un moteur \u00e0 4 temps, d'une puissance de 1,6 CV et d'une conception l\u00e9g\u00e8re de 12,7 kg pour une finition en douceur.\",\"breadcrumb\":{\"@id\":\"https:\/\/www.excalibur-generator.com\/fr\/regle-vibrante-beton-sfs-1\/#breadcrumb\"},\"inLanguage\":\"fr-FR\",\"potentialAction\":[{\"@type\":\"ReadAction\",\"target\":[\"https:\/\/www.excalibur-generator.com\/fr\/regle-vibrante-beton-sfs-1\/\"]}]},{\"@type\":\"ImageObject\",\"inLanguage\":\"fr-FR\",\"@id\":\"https:\/\/www.excalibur-generator.com\/fr\/regle-vibrante-beton-sfs-1\/#primaryimage\",\"url\":\"https:\/\/www.excalibur-generator.com\/wp-content\/uploads\/2025\/06\/Vibrating-Screed-1.webp\",\"contentUrl\":\"https:\/\/www.excalibur-generator.com\/wp-content\/uploads\/2025\/06\/Vibrating-Screed-1.webp\",\"width\":800,\"height\":800,\"caption\":\"R\u00e8gle vibrante\"},{\"@type\":\"BreadcrumbList\",\"@id\":\"https:\/\/www.excalibur-generator.com\/fr\/regle-vibrante-beton-sfs-1\/#breadcrumb\",\"itemListElement\":[{\"@type\":\"ListItem\",\"position\":1,\"name\":\"Home\",\"item\":\"https:\/\/www.excalibur-generator.com\/fr\/\"},{\"@type\":\"ListItem\",\"position\":2,\"name\":\"Produits\",\"item\":\"https:\/\/www.excalibur-generator.com\/fr\/produits\/\"},{\"@type\":\"ListItem\",\"position\":3,\"name\":\"Regle vibrante beton SFS-1\"}]},{\"@type\":\"WebSite\",\"@id\":\"https:\/\/www.excalibur-generator.com\/fr\/#website\",\"url\":\"https:\/\/www.excalibur-generator.com\/fr\/\",\"name\":\"Excalibur Generator\",\"description\":\"\",\"publisher\":{\"@id\":\"https:\/\/www.excalibur-generator.com\/fr\/#organization\"},\"potentialAction\":[{\"@type\":\"SearchAction\",\"target\":{\"@type\":\"EntryPoint\",\"urlTemplate\":\"https:\/\/www.excalibur-generator.com\/fr\/?s={search_term_string}\"},\"query-input\":{\"@type\":\"PropertyValueSpecification\",\"valueRequired\":true,\"valueName\":\"search_term_string\"}}],\"inLanguage\":\"fr-FR\"},{\"@type\":\"Organization\",\"@id\":\"https:\/\/www.excalibur-generator.com\/fr\/#organization\",\"name\":\"Excalibur Generator\",\"url\":\"https:\/\/www.excalibur-generator.com\/fr\/\",\"logo\":{\"@type\":\"ImageObject\",\"inLanguage\":\"fr-FR\",\"@id\":\"https:\/\/www.excalibur-generator.com\/fr\/#\/schema\/logo\/image\/\",\"url\":\"https:\/\/www.excalibur-generator.com\/wp-content\/uploads\/2024\/05\/EXCALIBUR.png\",\"contentUrl\":\"https:\/\/www.excalibur-generator.com\/wp-content\/uploads\/2024\/05\/EXCALIBUR.png\",\"width\":350,\"height\":79,\"caption\":\"Excalibur Generator\"},\"image\":{\"@id\":\"https:\/\/www.excalibur-generator.com\/fr\/#\/schema\/logo\/image\/\"}}]}<\/script>\n<!-- \/ Yoast SEO plugin. -->","yoast_head_json":{"title":"Regle vibrante beton SFS-1 &#8211; Excalibur Generator","description":"La r\u00e8gle vibrante \u00e0 b\u00e9ton SFS-1 est dot\u00e9e d'un moteur \u00e0 4 temps, d'une puissance de 1,6 CV et d'une conception l\u00e9g\u00e8re de 12,7 kg pour une finition en douceur.","robots":{"index":"index","follow":"follow","max-snippet":"max-snippet:-1","max-image-preview":"max-image-preview:large","max-video-preview":"max-video-preview:-1"},"canonical":"https:\/\/www.excalibur-generator.com\/fr\/regle-vibrante-beton-sfs-1\/","schema":{"@context":"https:\/\/schema.org","@graph":[{"@type":"WebPage","@id":"https:\/\/www.excalibur-generator.com\/fr\/regle-vibrante-beton-sfs-1\/","url":"https:\/\/www.excalibur-generator.com\/fr\/regle-vibrante-beton-sfs-1\/","name":"Regle vibrante beton SFS-1 &#8211; Excalibur Generator","isPartOf":{"@id":"https:\/\/www.excalibur-generator.com\/fr\/#website"},"primaryImageOfPage":{"@id":"https:\/\/www.excalibur-generator.com\/fr\/regle-vibrante-beton-sfs-1\/#primaryimage"},"image":{"@id":"https:\/\/www.excalibur-generator.com\/fr\/regle-vibrante-beton-sfs-1\/#primaryimage"},"thumbnailUrl":"https:\/\/www.excalibur-generator.com\/wp-content\/uploads\/2025\/06\/Vibrating-Screed-1.webp","datePublished":"2025-06-25T07:45:15+00:00","description":"La r\u00e8gle vibrante \u00e0 b\u00e9ton SFS-1 est dot\u00e9e d'un moteur \u00e0 4 temps, d'une puissance de 1,6 CV et d'une conception l\u00e9g\u00e8re de 12,7 kg pour une finition en douceur.","breadcrumb":{"@id":"https:\/\/www.excalibur-generator.com\/fr\/regle-vibrante-beton-sfs-1\/#breadcrumb"},"inLanguage":"fr-FR","potentialAction":[{"@type":"ReadAction","target":["https:\/\/www.excalibur-generator.com\/fr\/regle-vibrante-beton-sfs-1\/"]}]},{"@type":"ImageObject","inLanguage":"fr-FR","@id":"https:\/\/www.excalibur-generator.com\/fr\/regle-vibrante-beton-sfs-1\/#primaryimage","url":"https:\/\/www.excalibur-generator.com\/wp-content\/uploads\/2025\/06\/Vibrating-Screed-1.webp","contentUrl":"https:\/\/www.excalibur-generator.com\/wp-content\/uploads\/2025\/06\/Vibrating-Screed-1.webp","width":800,"height":800,"caption":"R\u00e8gle vibrante"},{"@type":"BreadcrumbList","@id":"https:\/\/www.excalibur-generator.com\/fr\/regle-vibrante-beton-sfs-1\/#breadcrumb","itemListElement":[{"@type":"ListItem","position":1,"name":"Home","item":"https:\/\/www.excalibur-generator.com\/fr\/"},{"@type":"ListItem","position":2,"name":"Produits","item":"https:\/\/www.excalibur-generator.com\/fr\/produits\/"},{"@type":"ListItem","position":3,"name":"Regle vibrante beton SFS-1"}]},{"@type":"WebSite","@id":"https:\/\/www.excalibur-generator.com\/fr\/#website","url":"https:\/\/www.excalibur-generator.com\/fr\/","name":"Excalibur Generator","description":"","publisher":{"@id":"https:\/\/www.excalibur-generator.com\/fr\/#organization"},"potentialAction":[{"@type":"SearchAction","target":{"@type":"EntryPoint","urlTemplate":"https:\/\/www.excalibur-generator.com\/fr\/?s={search_term_string}"},"query-input":{"@type":"PropertyValueSpecification","valueRequired":true,"valueName":"search_term_string"}}],"inLanguage":"fr-FR"},{"@type":"Organization","@id":"https:\/\/www.excalibur-generator.com\/fr\/#organization","name":"Excalibur Generator","url":"https:\/\/www.excalibur-generator.com\/fr\/","logo":{"@type":"ImageObject","inLanguage":"fr-FR","@id":"https:\/\/www.excalibur-generator.com\/fr\/#\/schema\/logo\/image\/","url":"https:\/\/www.excalibur-generator.com\/wp-content\/uploads\/2024\/05\/EXCALIBUR.png","contentUrl":"https:\/\/www.excalibur-generator.com\/wp-content\/uploads\/2024\/05\/EXCALIBUR.png","width":350,"height":79,"caption":"Excalibur Generator"},"image":{"@id":"https:\/\/www.excalibur-generator.com\/fr\/#\/schema\/logo\/image\/"}}]}},"_links":{"self":[{"href":"https:\/\/www.excalibur-generator.com\/fr\/wp-json\/wp\/v2\/product\/7184","targetHints":{"allow":["GET"]}}],"collection":[{"href":"https:\/\/www.excalibur-generator.com\/fr\/wp-json\/wp\/v2\/product"}],"about":[{"href":"https:\/\/www.excalibur-generator.com\/fr\/wp-json\/wp\/v2\/types\/product"}],"replies":[{"embeddable":true,"href":"https:\/\/www.excalibur-generator.com\/fr\/wp-json\/wp\/v2\/comments?post=7184"}],"wp:featuredmedia":[{"embeddable":true,"href":"https:\/\/www.excalibur-generator.com\/fr\/wp-json\/wp\/v2\/media\/7185"}],"wp:attachment":[{"href":"https:\/\/www.excalibur-generator.com\/fr\/wp-json\/wp\/v2\/media?parent=7184"}],"wp:term":[{"taxonomy":"product_brand","embeddable":true,"href":"https:\/\/www.excalibur-generator.com\/fr\/wp-json\/wp\/v2\/product_brand?post=7184"},{"taxonomy":"product_cat","embeddable":true,"href":"https:\/\/www.excalibur-generator.com\/fr\/wp-json\/wp\/v2\/product_cat?post=7184"},{"taxonomy":"product_tag","embeddable":true,"href":"https:\/\/www.excalibur-generator.com\/fr\/wp-json\/wp\/v2\/product_tag?post=7184"}],"curies":[{"name":"wp","href":"https:\/\/api.w.org\/{rel}","templated":true}]}}