{"id":7188,"date":"2025-06-25T15:13:26","date_gmt":"2025-06-25T07:13:26","guid":{"rendered":"https:\/\/www.excalibur-generator.com\/regle-beton-avec-manche\/"},"modified":"2025-06-25T15:13:26","modified_gmt":"2025-06-25T07:13:26","slug":"regle-beton-avec-manche","status":"publish","type":"product","link":"https:\/\/www.excalibur-generator.com\/fr\/regle-beton-avec-manche\/","title":{"rendered":"Regle beton avec manche"},"content":{"rendered":"<h2>Structure du produit<\/h2>\n<table>\n<tbody>\n<tr>\n<td width=\"284\"><img fetchpriority=\"high\" decoding=\"async\" class=\"alignnone wp-image-6741 size-full\" src=\"https:\/\/www.excalibur-generator.com\/wp-content\/uploads\/2025\/06\/manual-screed-2.webp\" alt=\"Regle beton avec manche\" width=\"600\" height=\"600\" srcset=\"https:\/\/www.excalibur-generator.com\/wp-content\/uploads\/2025\/06\/manual-screed-2.webp 600w, https:\/\/www.excalibur-generator.com\/wp-content\/uploads\/2025\/06\/manual-screed-2-300x300.webp 300w, https:\/\/www.excalibur-generator.com\/wp-content\/uploads\/2025\/06\/manual-screed-2-150x150.webp 150w, https:\/\/www.excalibur-generator.com\/wp-content\/uploads\/2025\/06\/manual-screed-2-100x100.webp 100w\" sizes=\"(max-width: 600px) 100vw, 600px\" \/><\/td>\n<td width=\"284\">\n<ol>\n<li>Poign\u00e9e en caoutchouc antid\u00e9rapante<\/li>\n<li>Main courante en acier inoxydable<\/li>\n<li>La longueur du manche peut \u00eatre r\u00e9gl\u00e9e de mani\u00e8re flexible de 1,2 m \u00e0 2 m<\/li>\n<li>Rotation \u00e0 360\u00b0 de la poign\u00e9e<\/li>\n<li>Le grattoir est en acier inoxydable<\/li>\n<\/ol>\n<\/td>\n<\/tr>\n<\/tbody>\n<\/table>\n<h2>Param\u00e8tres du produit<\/h2>\n<table>\n<tbody>\n<tr>\n<td>LONGUEUR DE LA LAME<\/td>\n<td>MAT\u00c9RIAU DE LA LAME<\/td>\n<td>LARGEUR DE LA LAME<\/td>\n<td>G.W<\/td>\n<\/tr>\n<tr>\n<td>80CM<\/td>\n<td>Acier inoxydable<\/td>\n<td>10CM<\/td>\n<td>2.6KGS<\/td>\n<\/tr>\n<\/tbody>\n<\/table>\n","protected":false},"excerpt":{"rendered":"<ul>\n<li>La lame en acier inoxydable de 80 cm assure une finition lisse et uniforme du b\u00e9ton.<\/li>\n<li>La largeur de lame de 10 cm permet un nivellement pr\u00e9cis dans les zones \u00e9troites.<\/li>\n<li>L\u00e9ger \u00e0 2,6 kg pour un nivellement et un contr\u00f4le manuels faciles.<\/li>\n<\/ul>\n","protected":false},"featured_media":7189,"comment_status":"open","ping_status":"closed","template":"","meta":{"site-sidebar-layout":"default","site-content-layout":"","ast-site-content-layout":"default","site-content-style":"default","site-sidebar-style":"default","ast-global-header-display":"","ast-banner-title-visibility":"","ast-main-header-display":"","ast-hfb-above-header-display":"","ast-hfb-below-header-display":"","ast-hfb-mobile-header-display":"","site-post-title":"","ast-breadcrumbs-content":"","ast-featured-img":"","footer-sml-layout":"","theme-transparent-header-meta":"default","adv-header-id-meta":"","stick-header-meta":"","header-above-stick-meta":"","header-main-stick-meta":"","header-below-stick-meta":"","astra-migrate-meta-layouts":"default","ast-page-background-enabled":"default","ast-page-background-meta":{"desktop":{"background-color":"var(--ast-global-color-4)","background-image":"","background-repeat":"repeat","background-position":"center center","background-size":"auto","background-attachment":"scroll","background-type":"","background-media":"","overlay-type":"","overlay-color":"","overlay-opacity":"","overlay-gradient":""},"tablet":{"background-color":"","background-image":"","background-repeat":"repeat","background-position":"center center","background-size":"auto","background-attachment":"scroll","background-type":"","background-media":"","overlay-type":"","overlay-color":"","overlay-opacity":"","overlay-gradient":""},"mobile":{"background-color":"","background-image":"","background-repeat":"repeat","background-position":"center center","background-size":"auto","background-attachment":"scroll","background-type":"","background-media":"","overlay-type":"","overlay-color":"","overlay-opacity":"","overlay-gradient":""}},"ast-content-background-meta":{"desktop":{"background-color":"var(--ast-global-color-5)","background-image":"","background-repeat":"repeat","background-position":"center center","background-size":"auto","background-attachment":"scroll","background-type":"","background-media":"","overlay-type":"","overlay-color":"","overlay-opacity":"","overlay-gradient":""},"tablet":{"background-color":"var(--ast-global-color-5)","background-image":"","background-repeat":"repeat","background-position":"center center","background-size":"auto","background-attachment":"scroll","background-type":"","background-media":"","overlay-type":"","overlay-color":"","overlay-opacity":"","overlay-gradient":""},"mobile":{"background-color":"var(--ast-global-color-5)","background-image":"","background-repeat":"repeat","background-position":"center center","background-size":"auto","background-attachment":"scroll","background-type":"","background-media":"","overlay-type":"","overlay-color":"","overlay-opacity":"","overlay-gradient":""}}},"product_brand":[],"product_cat":[84],"product_tag":[],"class_list":{"0":"post-7188","1":"product","2":"type-product","3":"status-publish","4":"has-post-thumbnail","6":"product_cat-non-classe","7":"desktop-align-left","8":"tablet-align-left","9":"mobile-align-left","11":"first","12":"instock","13":"shipping-taxable","14":"product-type-simple"},"yoast_head":"<!-- This site is optimized with the Yoast SEO plugin v26.5 - https:\/\/yoast.com\/wordpress\/plugins\/seo\/ -->\n<title>Regle beton avec manche &#8211; Excalibur Generator<\/title>\n<meta name=\"description\" content=\"R\u00e8gle manuelle avec lame en acier inoxydable de 80 cm et largeur de 10 cm, pour un nivellement r\u00e9gulier du b\u00e9ton. L\u00e9g\u00e8re (2,6 kg) pour une manipulation ais\u00e9e.\" \/>\n<meta name=\"robots\" content=\"index, follow, max-snippet:-1, max-image-preview:large, max-video-preview:-1\" \/>\n<link rel=\"canonical\" href=\"https:\/\/www.excalibur-generator.com\/fr\/regle-beton-avec-manche\/\" \/>\n<script type=\"application\/ld+json\" class=\"yoast-schema-graph\">{\"@context\":\"https:\/\/schema.org\",\"@graph\":[{\"@type\":\"WebPage\",\"@id\":\"https:\/\/www.excalibur-generator.com\/fr\/regle-beton-avec-manche\/\",\"url\":\"https:\/\/www.excalibur-generator.com\/fr\/regle-beton-avec-manche\/\",\"name\":\"Regle beton avec manche &#8211; Excalibur Generator\",\"isPartOf\":{\"@id\":\"https:\/\/www.excalibur-generator.com\/fr\/#website\"},\"primaryImageOfPage\":{\"@id\":\"https:\/\/www.excalibur-generator.com\/fr\/regle-beton-avec-manche\/#primaryimage\"},\"image\":{\"@id\":\"https:\/\/www.excalibur-generator.com\/fr\/regle-beton-avec-manche\/#primaryimage\"},\"thumbnailUrl\":\"https:\/\/www.excalibur-generator.com\/wp-content\/uploads\/2025\/06\/Manual-Screed-1.webp\",\"datePublished\":\"2025-06-25T07:13:26+00:00\",\"description\":\"R\u00e8gle manuelle avec lame en acier inoxydable de 80 cm et largeur de 10 cm, pour un nivellement r\u00e9gulier du b\u00e9ton. L\u00e9g\u00e8re (2,6 kg) pour une manipulation ais\u00e9e.\",\"breadcrumb\":{\"@id\":\"https:\/\/www.excalibur-generator.com\/fr\/regle-beton-avec-manche\/#breadcrumb\"},\"inLanguage\":\"fr-FR\",\"potentialAction\":[{\"@type\":\"ReadAction\",\"target\":[\"https:\/\/www.excalibur-generator.com\/fr\/regle-beton-avec-manche\/\"]}]},{\"@type\":\"ImageObject\",\"inLanguage\":\"fr-FR\",\"@id\":\"https:\/\/www.excalibur-generator.com\/fr\/regle-beton-avec-manche\/#primaryimage\",\"url\":\"https:\/\/www.excalibur-generator.com\/wp-content\/uploads\/2025\/06\/Manual-Screed-1.webp\",\"contentUrl\":\"https:\/\/www.excalibur-generator.com\/wp-content\/uploads\/2025\/06\/Manual-Screed-1.webp\",\"width\":800,\"height\":800,\"caption\":\"R\u00e8gle manuelle\"},{\"@type\":\"BreadcrumbList\",\"@id\":\"https:\/\/www.excalibur-generator.com\/fr\/regle-beton-avec-manche\/#breadcrumb\",\"itemListElement\":[{\"@type\":\"ListItem\",\"position\":1,\"name\":\"Home\",\"item\":\"https:\/\/www.excalibur-generator.com\/fr\/\"},{\"@type\":\"ListItem\",\"position\":2,\"name\":\"Produits\",\"item\":\"https:\/\/www.excalibur-generator.com\/fr\/produits\/\"},{\"@type\":\"ListItem\",\"position\":3,\"name\":\"Regle beton avec manche\"}]},{\"@type\":\"WebSite\",\"@id\":\"https:\/\/www.excalibur-generator.com\/fr\/#website\",\"url\":\"https:\/\/www.excalibur-generator.com\/fr\/\",\"name\":\"Excalibur Generator\",\"description\":\"\",\"publisher\":{\"@id\":\"https:\/\/www.excalibur-generator.com\/fr\/#organization\"},\"potentialAction\":[{\"@type\":\"SearchAction\",\"target\":{\"@type\":\"EntryPoint\",\"urlTemplate\":\"https:\/\/www.excalibur-generator.com\/fr\/?s={search_term_string}\"},\"query-input\":{\"@type\":\"PropertyValueSpecification\",\"valueRequired\":true,\"valueName\":\"search_term_string\"}}],\"inLanguage\":\"fr-FR\"},{\"@type\":\"Organization\",\"@id\":\"https:\/\/www.excalibur-generator.com\/fr\/#organization\",\"name\":\"Excalibur Generator\",\"url\":\"https:\/\/www.excalibur-generator.com\/fr\/\",\"logo\":{\"@type\":\"ImageObject\",\"inLanguage\":\"fr-FR\",\"@id\":\"https:\/\/www.excalibur-generator.com\/fr\/#\/schema\/logo\/image\/\",\"url\":\"https:\/\/www.excalibur-generator.com\/wp-content\/uploads\/2024\/05\/EXCALIBUR.png\",\"contentUrl\":\"https:\/\/www.excalibur-generator.com\/wp-content\/uploads\/2024\/05\/EXCALIBUR.png\",\"width\":350,\"height\":79,\"caption\":\"Excalibur Generator\"},\"image\":{\"@id\":\"https:\/\/www.excalibur-generator.com\/fr\/#\/schema\/logo\/image\/\"}}]}<\/script>\n<!-- \/ Yoast SEO plugin. -->","yoast_head_json":{"title":"Regle beton avec manche &#8211; Excalibur Generator","description":"R\u00e8gle manuelle avec lame en acier inoxydable de 80 cm et largeur de 10 cm, pour un nivellement r\u00e9gulier du b\u00e9ton. L\u00e9g\u00e8re (2,6 kg) pour une manipulation ais\u00e9e.","robots":{"index":"index","follow":"follow","max-snippet":"max-snippet:-1","max-image-preview":"max-image-preview:large","max-video-preview":"max-video-preview:-1"},"canonical":"https:\/\/www.excalibur-generator.com\/fr\/regle-beton-avec-manche\/","schema":{"@context":"https:\/\/schema.org","@graph":[{"@type":"WebPage","@id":"https:\/\/www.excalibur-generator.com\/fr\/regle-beton-avec-manche\/","url":"https:\/\/www.excalibur-generator.com\/fr\/regle-beton-avec-manche\/","name":"Regle beton avec manche &#8211; Excalibur Generator","isPartOf":{"@id":"https:\/\/www.excalibur-generator.com\/fr\/#website"},"primaryImageOfPage":{"@id":"https:\/\/www.excalibur-generator.com\/fr\/regle-beton-avec-manche\/#primaryimage"},"image":{"@id":"https:\/\/www.excalibur-generator.com\/fr\/regle-beton-avec-manche\/#primaryimage"},"thumbnailUrl":"https:\/\/www.excalibur-generator.com\/wp-content\/uploads\/2025\/06\/Manual-Screed-1.webp","datePublished":"2025-06-25T07:13:26+00:00","description":"R\u00e8gle manuelle avec lame en acier inoxydable de 80 cm et largeur de 10 cm, pour un nivellement r\u00e9gulier du b\u00e9ton. L\u00e9g\u00e8re (2,6 kg) pour une manipulation ais\u00e9e.","breadcrumb":{"@id":"https:\/\/www.excalibur-generator.com\/fr\/regle-beton-avec-manche\/#breadcrumb"},"inLanguage":"fr-FR","potentialAction":[{"@type":"ReadAction","target":["https:\/\/www.excalibur-generator.com\/fr\/regle-beton-avec-manche\/"]}]},{"@type":"ImageObject","inLanguage":"fr-FR","@id":"https:\/\/www.excalibur-generator.com\/fr\/regle-beton-avec-manche\/#primaryimage","url":"https:\/\/www.excalibur-generator.com\/wp-content\/uploads\/2025\/06\/Manual-Screed-1.webp","contentUrl":"https:\/\/www.excalibur-generator.com\/wp-content\/uploads\/2025\/06\/Manual-Screed-1.webp","width":800,"height":800,"caption":"R\u00e8gle manuelle"},{"@type":"BreadcrumbList","@id":"https:\/\/www.excalibur-generator.com\/fr\/regle-beton-avec-manche\/#breadcrumb","itemListElement":[{"@type":"ListItem","position":1,"name":"Home","item":"https:\/\/www.excalibur-generator.com\/fr\/"},{"@type":"ListItem","position":2,"name":"Produits","item":"https:\/\/www.excalibur-generator.com\/fr\/produits\/"},{"@type":"ListItem","position":3,"name":"Regle beton avec manche"}]},{"@type":"WebSite","@id":"https:\/\/www.excalibur-generator.com\/fr\/#website","url":"https:\/\/www.excalibur-generator.com\/fr\/","name":"Excalibur Generator","description":"","publisher":{"@id":"https:\/\/www.excalibur-generator.com\/fr\/#organization"},"potentialAction":[{"@type":"SearchAction","target":{"@type":"EntryPoint","urlTemplate":"https:\/\/www.excalibur-generator.com\/fr\/?s={search_term_string}"},"query-input":{"@type":"PropertyValueSpecification","valueRequired":true,"valueName":"search_term_string"}}],"inLanguage":"fr-FR"},{"@type":"Organization","@id":"https:\/\/www.excalibur-generator.com\/fr\/#organization","name":"Excalibur Generator","url":"https:\/\/www.excalibur-generator.com\/fr\/","logo":{"@type":"ImageObject","inLanguage":"fr-FR","@id":"https:\/\/www.excalibur-generator.com\/fr\/#\/schema\/logo\/image\/","url":"https:\/\/www.excalibur-generator.com\/wp-content\/uploads\/2024\/05\/EXCALIBUR.png","contentUrl":"https:\/\/www.excalibur-generator.com\/wp-content\/uploads\/2024\/05\/EXCALIBUR.png","width":350,"height":79,"caption":"Excalibur Generator"},"image":{"@id":"https:\/\/www.excalibur-generator.com\/fr\/#\/schema\/logo\/image\/"}}]}},"_links":{"self":[{"href":"https:\/\/www.excalibur-generator.com\/fr\/wp-json\/wp\/v2\/product\/7188","targetHints":{"allow":["GET"]}}],"collection":[{"href":"https:\/\/www.excalibur-generator.com\/fr\/wp-json\/wp\/v2\/product"}],"about":[{"href":"https:\/\/www.excalibur-generator.com\/fr\/wp-json\/wp\/v2\/types\/product"}],"replies":[{"embeddable":true,"href":"https:\/\/www.excalibur-generator.com\/fr\/wp-json\/wp\/v2\/comments?post=7188"}],"wp:featuredmedia":[{"embeddable":true,"href":"https:\/\/www.excalibur-generator.com\/fr\/wp-json\/wp\/v2\/media\/7189"}],"wp:attachment":[{"href":"https:\/\/www.excalibur-generator.com\/fr\/wp-json\/wp\/v2\/media?parent=7188"}],"wp:term":[{"taxonomy":"product_brand","embeddable":true,"href":"https:\/\/www.excalibur-generator.com\/fr\/wp-json\/wp\/v2\/product_brand?post=7188"},{"taxonomy":"product_cat","embeddable":true,"href":"https:\/\/www.excalibur-generator.com\/fr\/wp-json\/wp\/v2\/product_cat?post=7188"},{"taxonomy":"product_tag","embeddable":true,"href":"https:\/\/www.excalibur-generator.com\/fr\/wp-json\/wp\/v2\/product_tag?post=7188"}],"curies":[{"name":"wp","href":"https:\/\/api.w.org\/{rel}","templated":true}]}}