{"id":7191,"date":"2025-06-25T14:32:01","date_gmt":"2025-06-25T06:32:01","guid":{"rendered":"https:\/\/www.excalibur-generator.com\/betonniere-sur-chassis-smt100\/"},"modified":"2025-06-25T14:32:01","modified_gmt":"2025-06-25T06:32:01","slug":"betonniere-sur-chassis-smt100","status":"publish","type":"product","link":"https:\/\/www.excalibur-generator.com\/fr\/betonniere-sur-chassis-smt100\/","title":{"rendered":"B\u00e9tonni\u00e8re sur ch\u00e2ssis SMT100"},"content":{"rendered":"<table>\n<tbody>\n<tr>\n<td>Mod\u00e8le<\/td>\n<td>SMT100<\/td>\n<\/tr>\n<tr>\n<td>Volume du tambour (L)<\/td>\n<td>100<\/td>\n<\/tr>\n<tr>\n<td>Vitesse du tambour (tr\/min)<\/td>\n<td>26.6<\/td>\n<\/tr>\n<tr>\n<td>Tension (V)<\/td>\n<td>110,230, 380<\/td>\n<\/tr>\n<tr>\n<td>Puissance du moteur (W)<\/td>\n<td>370<\/td>\n<\/tr>\n<tr>\n<td>Vitesse du moteur (tr\/min)<\/td>\n<td>2800<\/td>\n<\/tr>\n<tr>\n<td>Taille de la forme (mm)<\/td>\n<td>1280*620*880<\/td>\n<\/tr>\n<tr>\n<td>Taille de l&#8217;emballage (mm)<\/td>\n<td>740*580*380<\/td>\n<\/tr>\n<tr>\n<td>Poids net (kg)<\/td>\n<td>42<\/td>\n<\/tr>\n<\/tbody>\n<\/table>\n","protected":false},"excerpt":{"rendered":"<ul>\n<li>La capacit\u00e9 du tambour de 100 L offre des performances de m\u00e9lange constantes et efficaces.<\/li>\n<li>Aliment\u00e9 par un moteur de 370 W avec une rotation \u00e0 grande vitesse de 2 800 tr\/min.<\/li>\n<li>Compatible avec les syst\u00e8mes de tension 110 V, 230 V et 380 V.<\/li>\n<\/ul>\n","protected":false},"featured_media":7192,"comment_status":"open","ping_status":"closed","template":"","meta":{"site-sidebar-layout":"default","site-content-layout":"","ast-site-content-layout":"default","site-content-style":"default","site-sidebar-style":"default","ast-global-header-display":"","ast-banner-title-visibility":"","ast-main-header-display":"","ast-hfb-above-header-display":"","ast-hfb-below-header-display":"","ast-hfb-mobile-header-display":"","site-post-title":"","ast-breadcrumbs-content":"","ast-featured-img":"","footer-sml-layout":"","theme-transparent-header-meta":"default","adv-header-id-meta":"","stick-header-meta":"","header-above-stick-meta":"","header-main-stick-meta":"","header-below-stick-meta":"","astra-migrate-meta-layouts":"default","ast-page-background-enabled":"default","ast-page-background-meta":{"desktop":{"background-color":"var(--ast-global-color-4)","background-image":"","background-repeat":"repeat","background-position":"center center","background-size":"auto","background-attachment":"scroll","background-type":"","background-media":"","overlay-type":"","overlay-color":"","overlay-opacity":"","overlay-gradient":""},"tablet":{"background-color":"","background-image":"","background-repeat":"repeat","background-position":"center center","background-size":"auto","background-attachment":"scroll","background-type":"","background-media":"","overlay-type":"","overlay-color":"","overlay-opacity":"","overlay-gradient":""},"mobile":{"background-color":"","background-image":"","background-repeat":"repeat","background-position":"center center","background-size":"auto","background-attachment":"scroll","background-type":"","background-media":"","overlay-type":"","overlay-color":"","overlay-opacity":"","overlay-gradient":""}},"ast-content-background-meta":{"desktop":{"background-color":"var(--ast-global-color-5)","background-image":"","background-repeat":"repeat","background-position":"center center","background-size":"auto","background-attachment":"scroll","background-type":"","background-media":"","overlay-type":"","overlay-color":"","overlay-opacity":"","overlay-gradient":""},"tablet":{"background-color":"var(--ast-global-color-5)","background-image":"","background-repeat":"repeat","background-position":"center center","background-size":"auto","background-attachment":"scroll","background-type":"","background-media":"","overlay-type":"","overlay-color":"","overlay-opacity":"","overlay-gradient":""},"mobile":{"background-color":"var(--ast-global-color-5)","background-image":"","background-repeat":"repeat","background-position":"center center","background-size":"auto","background-attachment":"scroll","background-type":"","background-media":"","overlay-type":"","overlay-color":"","overlay-opacity":"","overlay-gradient":""}}},"product_brand":[],"product_cat":[84],"product_tag":[],"class_list":{"0":"post-7191","1":"product","2":"type-product","3":"status-publish","4":"has-post-thumbnail","6":"product_cat-non-classe","7":"desktop-align-left","8":"tablet-align-left","9":"mobile-align-left","11":"first","12":"instock","13":"shipping-taxable","14":"product-type-simple"},"yoast_head":"<!-- This site is optimized with the Yoast SEO plugin v26.5 - https:\/\/yoast.com\/wordpress\/plugins\/seo\/ -->\n<title>B\u00e9tonni\u00e8re sur ch\u00e2ssis SMT100 &#8211; Excalibur Generator<\/title>\n<meta name=\"description\" content=\"Le malaxeur \u00e0 b\u00e9ton \u00e0 cr\u00e9maill\u00e8re SM 100 est dot\u00e9 d&#039;un tambour de 100 L, d&#039;un moteur de 370 W et fonctionne efficacement \u00e0 26,6 tr\/min pour un m\u00e9lange \u00e0 petite \u00e9chelle.\" \/>\n<meta name=\"robots\" content=\"index, follow, max-snippet:-1, max-image-preview:large, max-video-preview:-1\" \/>\n<link rel=\"canonical\" href=\"https:\/\/www.excalibur-generator.com\/fr\/betonniere-sur-chassis-smt100\/\" \/>\n<script type=\"application\/ld+json\" class=\"yoast-schema-graph\">{\"@context\":\"https:\/\/schema.org\",\"@graph\":[{\"@type\":\"WebPage\",\"@id\":\"https:\/\/www.excalibur-generator.com\/fr\/betonniere-sur-chassis-smt100\/\",\"url\":\"https:\/\/www.excalibur-generator.com\/fr\/betonniere-sur-chassis-smt100\/\",\"name\":\"B\u00e9tonni\u00e8re sur ch\u00e2ssis SMT100 &#8211; Excalibur Generator\",\"isPartOf\":{\"@id\":\"https:\/\/www.excalibur-generator.com\/fr\/#website\"},\"primaryImageOfPage\":{\"@id\":\"https:\/\/www.excalibur-generator.com\/fr\/betonniere-sur-chassis-smt100\/#primaryimage\"},\"image\":{\"@id\":\"https:\/\/www.excalibur-generator.com\/fr\/betonniere-sur-chassis-smt100\/#primaryimage\"},\"thumbnailUrl\":\"https:\/\/www.excalibur-generator.com\/wp-content\/uploads\/2025\/06\/Rack-Concrete-Mixer-1.webp\",\"datePublished\":\"2025-06-25T06:32:01+00:00\",\"description\":\"Le malaxeur \u00e0 b\u00e9ton \u00e0 cr\u00e9maill\u00e8re SM 100 est dot\u00e9 d'un tambour de 100 L, d'un moteur de 370 W et fonctionne efficacement \u00e0 26,6 tr\/min pour un m\u00e9lange \u00e0 petite \u00e9chelle.\",\"breadcrumb\":{\"@id\":\"https:\/\/www.excalibur-generator.com\/fr\/betonniere-sur-chassis-smt100\/#breadcrumb\"},\"inLanguage\":\"fr-FR\",\"potentialAction\":[{\"@type\":\"ReadAction\",\"target\":[\"https:\/\/www.excalibur-generator.com\/fr\/betonniere-sur-chassis-smt100\/\"]}]},{\"@type\":\"ImageObject\",\"inLanguage\":\"fr-FR\",\"@id\":\"https:\/\/www.excalibur-generator.com\/fr\/betonniere-sur-chassis-smt100\/#primaryimage\",\"url\":\"https:\/\/www.excalibur-generator.com\/wp-content\/uploads\/2025\/06\/Rack-Concrete-Mixer-1.webp\",\"contentUrl\":\"https:\/\/www.excalibur-generator.com\/wp-content\/uploads\/2025\/06\/Rack-Concrete-Mixer-1.webp\",\"width\":800,\"height\":800,\"caption\":\"B\u00e9tonni\u00e8re \u00e0 cr\u00e9maill\u00e8re\"},{\"@type\":\"BreadcrumbList\",\"@id\":\"https:\/\/www.excalibur-generator.com\/fr\/betonniere-sur-chassis-smt100\/#breadcrumb\",\"itemListElement\":[{\"@type\":\"ListItem\",\"position\":1,\"name\":\"Home\",\"item\":\"https:\/\/www.excalibur-generator.com\/fr\/\"},{\"@type\":\"ListItem\",\"position\":2,\"name\":\"Produits\",\"item\":\"https:\/\/www.excalibur-generator.com\/fr\/produits\/\"},{\"@type\":\"ListItem\",\"position\":3,\"name\":\"B\u00e9tonni\u00e8re sur ch\u00e2ssis SMT100\"}]},{\"@type\":\"WebSite\",\"@id\":\"https:\/\/www.excalibur-generator.com\/fr\/#website\",\"url\":\"https:\/\/www.excalibur-generator.com\/fr\/\",\"name\":\"Excalibur Generator\",\"description\":\"\",\"publisher\":{\"@id\":\"https:\/\/www.excalibur-generator.com\/fr\/#organization\"},\"potentialAction\":[{\"@type\":\"SearchAction\",\"target\":{\"@type\":\"EntryPoint\",\"urlTemplate\":\"https:\/\/www.excalibur-generator.com\/fr\/?s={search_term_string}\"},\"query-input\":{\"@type\":\"PropertyValueSpecification\",\"valueRequired\":true,\"valueName\":\"search_term_string\"}}],\"inLanguage\":\"fr-FR\"},{\"@type\":\"Organization\",\"@id\":\"https:\/\/www.excalibur-generator.com\/fr\/#organization\",\"name\":\"Excalibur Generator\",\"url\":\"https:\/\/www.excalibur-generator.com\/fr\/\",\"logo\":{\"@type\":\"ImageObject\",\"inLanguage\":\"fr-FR\",\"@id\":\"https:\/\/www.excalibur-generator.com\/fr\/#\/schema\/logo\/image\/\",\"url\":\"https:\/\/www.excalibur-generator.com\/wp-content\/uploads\/2024\/05\/EXCALIBUR.png\",\"contentUrl\":\"https:\/\/www.excalibur-generator.com\/wp-content\/uploads\/2024\/05\/EXCALIBUR.png\",\"width\":350,\"height\":79,\"caption\":\"Excalibur Generator\"},\"image\":{\"@id\":\"https:\/\/www.excalibur-generator.com\/fr\/#\/schema\/logo\/image\/\"}}]}<\/script>\n<!-- \/ Yoast SEO plugin. -->","yoast_head_json":{"title":"B\u00e9tonni\u00e8re sur ch\u00e2ssis SMT100 &#8211; Excalibur Generator","description":"Le malaxeur \u00e0 b\u00e9ton \u00e0 cr\u00e9maill\u00e8re SM 100 est dot\u00e9 d'un tambour de 100 L, d'un moteur de 370 W et fonctionne efficacement \u00e0 26,6 tr\/min pour un m\u00e9lange \u00e0 petite \u00e9chelle.","robots":{"index":"index","follow":"follow","max-snippet":"max-snippet:-1","max-image-preview":"max-image-preview:large","max-video-preview":"max-video-preview:-1"},"canonical":"https:\/\/www.excalibur-generator.com\/fr\/betonniere-sur-chassis-smt100\/","schema":{"@context":"https:\/\/schema.org","@graph":[{"@type":"WebPage","@id":"https:\/\/www.excalibur-generator.com\/fr\/betonniere-sur-chassis-smt100\/","url":"https:\/\/www.excalibur-generator.com\/fr\/betonniere-sur-chassis-smt100\/","name":"B\u00e9tonni\u00e8re sur ch\u00e2ssis SMT100 &#8211; Excalibur Generator","isPartOf":{"@id":"https:\/\/www.excalibur-generator.com\/fr\/#website"},"primaryImageOfPage":{"@id":"https:\/\/www.excalibur-generator.com\/fr\/betonniere-sur-chassis-smt100\/#primaryimage"},"image":{"@id":"https:\/\/www.excalibur-generator.com\/fr\/betonniere-sur-chassis-smt100\/#primaryimage"},"thumbnailUrl":"https:\/\/www.excalibur-generator.com\/wp-content\/uploads\/2025\/06\/Rack-Concrete-Mixer-1.webp","datePublished":"2025-06-25T06:32:01+00:00","description":"Le malaxeur \u00e0 b\u00e9ton \u00e0 cr\u00e9maill\u00e8re SM 100 est dot\u00e9 d'un tambour de 100 L, d'un moteur de 370 W et fonctionne efficacement \u00e0 26,6 tr\/min pour un m\u00e9lange \u00e0 petite \u00e9chelle.","breadcrumb":{"@id":"https:\/\/www.excalibur-generator.com\/fr\/betonniere-sur-chassis-smt100\/#breadcrumb"},"inLanguage":"fr-FR","potentialAction":[{"@type":"ReadAction","target":["https:\/\/www.excalibur-generator.com\/fr\/betonniere-sur-chassis-smt100\/"]}]},{"@type":"ImageObject","inLanguage":"fr-FR","@id":"https:\/\/www.excalibur-generator.com\/fr\/betonniere-sur-chassis-smt100\/#primaryimage","url":"https:\/\/www.excalibur-generator.com\/wp-content\/uploads\/2025\/06\/Rack-Concrete-Mixer-1.webp","contentUrl":"https:\/\/www.excalibur-generator.com\/wp-content\/uploads\/2025\/06\/Rack-Concrete-Mixer-1.webp","width":800,"height":800,"caption":"B\u00e9tonni\u00e8re \u00e0 cr\u00e9maill\u00e8re"},{"@type":"BreadcrumbList","@id":"https:\/\/www.excalibur-generator.com\/fr\/betonniere-sur-chassis-smt100\/#breadcrumb","itemListElement":[{"@type":"ListItem","position":1,"name":"Home","item":"https:\/\/www.excalibur-generator.com\/fr\/"},{"@type":"ListItem","position":2,"name":"Produits","item":"https:\/\/www.excalibur-generator.com\/fr\/produits\/"},{"@type":"ListItem","position":3,"name":"B\u00e9tonni\u00e8re sur ch\u00e2ssis SMT100"}]},{"@type":"WebSite","@id":"https:\/\/www.excalibur-generator.com\/fr\/#website","url":"https:\/\/www.excalibur-generator.com\/fr\/","name":"Excalibur Generator","description":"","publisher":{"@id":"https:\/\/www.excalibur-generator.com\/fr\/#organization"},"potentialAction":[{"@type":"SearchAction","target":{"@type":"EntryPoint","urlTemplate":"https:\/\/www.excalibur-generator.com\/fr\/?s={search_term_string}"},"query-input":{"@type":"PropertyValueSpecification","valueRequired":true,"valueName":"search_term_string"}}],"inLanguage":"fr-FR"},{"@type":"Organization","@id":"https:\/\/www.excalibur-generator.com\/fr\/#organization","name":"Excalibur Generator","url":"https:\/\/www.excalibur-generator.com\/fr\/","logo":{"@type":"ImageObject","inLanguage":"fr-FR","@id":"https:\/\/www.excalibur-generator.com\/fr\/#\/schema\/logo\/image\/","url":"https:\/\/www.excalibur-generator.com\/wp-content\/uploads\/2024\/05\/EXCALIBUR.png","contentUrl":"https:\/\/www.excalibur-generator.com\/wp-content\/uploads\/2024\/05\/EXCALIBUR.png","width":350,"height":79,"caption":"Excalibur Generator"},"image":{"@id":"https:\/\/www.excalibur-generator.com\/fr\/#\/schema\/logo\/image\/"}}]}},"_links":{"self":[{"href":"https:\/\/www.excalibur-generator.com\/fr\/wp-json\/wp\/v2\/product\/7191","targetHints":{"allow":["GET"]}}],"collection":[{"href":"https:\/\/www.excalibur-generator.com\/fr\/wp-json\/wp\/v2\/product"}],"about":[{"href":"https:\/\/www.excalibur-generator.com\/fr\/wp-json\/wp\/v2\/types\/product"}],"replies":[{"embeddable":true,"href":"https:\/\/www.excalibur-generator.com\/fr\/wp-json\/wp\/v2\/comments?post=7191"}],"wp:featuredmedia":[{"embeddable":true,"href":"https:\/\/www.excalibur-generator.com\/fr\/wp-json\/wp\/v2\/media\/7192"}],"wp:attachment":[{"href":"https:\/\/www.excalibur-generator.com\/fr\/wp-json\/wp\/v2\/media?parent=7191"}],"wp:term":[{"taxonomy":"product_brand","embeddable":true,"href":"https:\/\/www.excalibur-generator.com\/fr\/wp-json\/wp\/v2\/product_brand?post=7191"},{"taxonomy":"product_cat","embeddable":true,"href":"https:\/\/www.excalibur-generator.com\/fr\/wp-json\/wp\/v2\/product_cat?post=7191"},{"taxonomy":"product_tag","embeddable":true,"href":"https:\/\/www.excalibur-generator.com\/fr\/wp-json\/wp\/v2\/product_tag?post=7191"}],"curies":[{"name":"wp","href":"https:\/\/api.w.org\/{rel}","templated":true}]}}