{"id":7195,"date":"2025-06-25T13:49:29","date_gmt":"2025-06-25T05:49:29","guid":{"rendered":"https:\/\/www.excalibur-generator.com\/betonniere-tracteur-sm80-100-120-130-140-160-180-200\/"},"modified":"2025-06-25T13:49:29","modified_gmt":"2025-06-25T05:49:29","slug":"betonniere-tracteur-sm80-100-120-130-140-160-180-200","status":"publish","type":"product","link":"https:\/\/www.excalibur-generator.com\/fr\/betonniere-tracteur-sm80-100-120-130-140-160-180-200\/","title":{"rendered":"Betonniere tracteur SM80\/100\/120\/130\/140\/160\/180\/200"},"content":{"rendered":"<table>\n<tbody>\n<tr>\n<td>Mod\u00e8le<\/td>\n<td>SM80<\/td>\n<td>SM100<\/td>\n<td>SM120<\/td>\n<td>SM130<\/td>\n<td>SM140<\/td>\n<td>SM160<\/td>\n<td>SM180<\/td>\n<td>SM200<\/td>\n<\/tr>\n<tr>\n<td>Volume du tambour (L)<\/td>\n<td>80<\/td>\n<td>100<\/td>\n<td>120<\/td>\n<td>130<\/td>\n<td>140<\/td>\n<td>160<\/td>\n<td>180<\/td>\n<td>200<\/td>\n<\/tr>\n<tr>\n<td>Vitesse du tambour (tr\/min)<\/td>\n<td>33<\/td>\n<td>33<\/td>\n<td>33<\/td>\n<td>30<\/td>\n<td>30<\/td>\n<td>28<\/td>\n<td>28<\/td>\n<td>28<\/td>\n<\/tr>\n<tr>\n<td>Tension (V)<\/td>\n<td colspan=\"8\">110, 230, 380<\/td>\n<\/tr>\n<tr>\n<td>Puissance du moteur (W)<\/td>\n<td>550<\/td>\n<td>550<\/td>\n<td>550<\/td>\n<td>550<\/td>\n<td>550<\/td>\n<td>650<\/td>\n<td>850<\/td>\n<td>850<\/td>\n<\/tr>\n<tr>\n<td>Vitesse du moteur (tr\/min)<\/td>\n<td>2800<\/td>\n<td>2800<\/td>\n<td>2800<\/td>\n<td>2800<\/td>\n<td>2800<\/td>\n<td>2800<\/td>\n<td>2800<\/td>\n<td>2800<\/td>\n<\/tr>\n<tr>\n<td>Taille de la forme (mm)<\/td>\n<td>1048*735*1202<\/td>\n<td>1048*735*1227<\/td>\n<td>1048*735*1266<\/td>\n<td>1102*735*1249<\/td>\n<td>1102*735*1284<\/td>\n<td>1145*735*1342<\/td>\n<td>1145*735*1367<\/td>\n<td>1145*735*1396<\/td>\n<\/tr>\n<tr>\n<td>Taille de l&#8217;emballage (mm)<\/td>\n<td>740*580*330<\/td>\n<td>740*580*380<\/td>\n<td>740*580*430<\/td>\n<td>790*640*380<\/td>\n<td>790*640*440<\/td>\n<td>830*680*430<\/td>\n<td>830*680*440<\/td>\n<td>830*680*470<\/td>\n<\/tr>\n<tr>\n<td>Poids net (kg)<\/td>\n<td>41<\/td>\n<td>42<\/td>\n<td>43<\/td>\n<td>47<\/td>\n<td>48<\/td>\n<td>53<\/td>\n<td>55<\/td>\n<td>57<\/td>\n<\/tr>\n<\/tbody>\n<\/table>\n","protected":false},"excerpt":{"rendered":"<ul>\n<li>Capacit\u00e9 du tambour de 80L \u00e0 200L pour un m\u00e9lange polyvalent.<\/li>\n<li>Conception remorquable avec cadre durable et sortie moteur stable.<\/li>\n<li>Disponible en options d&#8217;alimentation 110 V, 230 V ou 380 V.<\/li>\n<\/ul>\n","protected":false},"featured_media":7196,"comment_status":"open","ping_status":"closed","template":"","meta":{"site-sidebar-layout":"default","site-content-layout":"","ast-site-content-layout":"default","site-content-style":"default","site-sidebar-style":"default","ast-global-header-display":"","ast-banner-title-visibility":"","ast-main-header-display":"","ast-hfb-above-header-display":"","ast-hfb-below-header-display":"","ast-hfb-mobile-header-display":"","site-post-title":"","ast-breadcrumbs-content":"","ast-featured-img":"","footer-sml-layout":"","theme-transparent-header-meta":"default","adv-header-id-meta":"","stick-header-meta":"","header-above-stick-meta":"","header-main-stick-meta":"","header-below-stick-meta":"","astra-migrate-meta-layouts":"default","ast-page-background-enabled":"default","ast-page-background-meta":{"desktop":{"background-color":"var(--ast-global-color-4)","background-image":"","background-repeat":"repeat","background-position":"center center","background-size":"auto","background-attachment":"scroll","background-type":"","background-media":"","overlay-type":"","overlay-color":"","overlay-opacity":"","overlay-gradient":""},"tablet":{"background-color":"","background-image":"","background-repeat":"repeat","background-position":"center center","background-size":"auto","background-attachment":"scroll","background-type":"","background-media":"","overlay-type":"","overlay-color":"","overlay-opacity":"","overlay-gradient":""},"mobile":{"background-color":"","background-image":"","background-repeat":"repeat","background-position":"center center","background-size":"auto","background-attachment":"scroll","background-type":"","background-media":"","overlay-type":"","overlay-color":"","overlay-opacity":"","overlay-gradient":""}},"ast-content-background-meta":{"desktop":{"background-color":"var(--ast-global-color-5)","background-image":"","background-repeat":"repeat","background-position":"center center","background-size":"auto","background-attachment":"scroll","background-type":"","background-media":"","overlay-type":"","overlay-color":"","overlay-opacity":"","overlay-gradient":""},"tablet":{"background-color":"var(--ast-global-color-5)","background-image":"","background-repeat":"repeat","background-position":"center center","background-size":"auto","background-attachment":"scroll","background-type":"","background-media":"","overlay-type":"","overlay-color":"","overlay-opacity":"","overlay-gradient":""},"mobile":{"background-color":"var(--ast-global-color-5)","background-image":"","background-repeat":"repeat","background-position":"center center","background-size":"auto","background-attachment":"scroll","background-type":"","background-media":"","overlay-type":"","overlay-color":"","overlay-opacity":"","overlay-gradient":""}}},"product_brand":[],"product_cat":[84],"product_tag":[],"class_list":{"0":"post-7195","1":"product","2":"type-product","3":"status-publish","4":"has-post-thumbnail","6":"product_cat-non-classe","7":"desktop-align-left","8":"tablet-align-left","9":"mobile-align-left","11":"first","12":"instock","13":"shipping-taxable","14":"product-type-simple"},"yoast_head":"<!-- This site is optimized with the Yoast SEO plugin v26.5 - https:\/\/yoast.com\/wordpress\/plugins\/seo\/ -->\n<title>Betonniere tracteur SM80\/100\/120\/130\/140\/160\/180\/200 &#8211; Excalibur Generator<\/title>\n<meta name=\"description\" content=\"Le malaxeur \u00e0 b\u00e9ton tractable SM 80\u2013200 offre une capacit\u00e9 de tambour de 80 \u00e0 200 L, une vitesse de m\u00e9lange stable et un moteur \u00e9lectrique efficace pour divers besoins de construction.\" \/>\n<meta name=\"robots\" content=\"index, follow, max-snippet:-1, max-image-preview:large, max-video-preview:-1\" \/>\n<link rel=\"canonical\" href=\"https:\/\/www.excalibur-generator.com\/fr\/betonniere-tracteur-sm80-100-120-130-140-160-180-200\/\" \/>\n<script type=\"application\/ld+json\" class=\"yoast-schema-graph\">{\"@context\":\"https:\/\/schema.org\",\"@graph\":[{\"@type\":\"WebPage\",\"@id\":\"https:\/\/www.excalibur-generator.com\/fr\/betonniere-tracteur-sm80-100-120-130-140-160-180-200\/\",\"url\":\"https:\/\/www.excalibur-generator.com\/fr\/betonniere-tracteur-sm80-100-120-130-140-160-180-200\/\",\"name\":\"Betonniere tracteur SM80\/100\/120\/130\/140\/160\/180\/200 &#8211; Excalibur Generator\",\"isPartOf\":{\"@id\":\"https:\/\/www.excalibur-generator.com\/fr\/#website\"},\"primaryImageOfPage\":{\"@id\":\"https:\/\/www.excalibur-generator.com\/fr\/betonniere-tracteur-sm80-100-120-130-140-160-180-200\/#primaryimage\"},\"image\":{\"@id\":\"https:\/\/www.excalibur-generator.com\/fr\/betonniere-tracteur-sm80-100-120-130-140-160-180-200\/#primaryimage\"},\"thumbnailUrl\":\"https:\/\/www.excalibur-generator.com\/wp-content\/uploads\/2025\/06\/SM80-200-towable-concrete-mixer.webp\",\"datePublished\":\"2025-06-25T05:49:29+00:00\",\"description\":\"Le malaxeur \u00e0 b\u00e9ton tractable SM 80\u2013200 offre une capacit\u00e9 de tambour de 80 \u00e0 200 L, une vitesse de m\u00e9lange stable et un moteur \u00e9lectrique efficace pour divers besoins de construction.\",\"breadcrumb\":{\"@id\":\"https:\/\/www.excalibur-generator.com\/fr\/betonniere-tracteur-sm80-100-120-130-140-160-180-200\/#breadcrumb\"},\"inLanguage\":\"fr-FR\",\"potentialAction\":[{\"@type\":\"ReadAction\",\"target\":[\"https:\/\/www.excalibur-generator.com\/fr\/betonniere-tracteur-sm80-100-120-130-140-160-180-200\/\"]}]},{\"@type\":\"ImageObject\",\"inLanguage\":\"fr-FR\",\"@id\":\"https:\/\/www.excalibur-generator.com\/fr\/betonniere-tracteur-sm80-100-120-130-140-160-180-200\/#primaryimage\",\"url\":\"https:\/\/www.excalibur-generator.com\/wp-content\/uploads\/2025\/06\/SM80-200-towable-concrete-mixer.webp\",\"contentUrl\":\"https:\/\/www.excalibur-generator.com\/wp-content\/uploads\/2025\/06\/SM80-200-towable-concrete-mixer.webp\",\"width\":800,\"height\":800,\"caption\":\"Malaxeur \u00e0 b\u00e9ton tractable SM80-200\"},{\"@type\":\"BreadcrumbList\",\"@id\":\"https:\/\/www.excalibur-generator.com\/fr\/betonniere-tracteur-sm80-100-120-130-140-160-180-200\/#breadcrumb\",\"itemListElement\":[{\"@type\":\"ListItem\",\"position\":1,\"name\":\"Home\",\"item\":\"https:\/\/www.excalibur-generator.com\/fr\/\"},{\"@type\":\"ListItem\",\"position\":2,\"name\":\"Produits\",\"item\":\"https:\/\/www.excalibur-generator.com\/fr\/produits\/\"},{\"@type\":\"ListItem\",\"position\":3,\"name\":\"Betonniere tracteur SM80\/100\/120\/130\/140\/160\/180\/200\"}]},{\"@type\":\"WebSite\",\"@id\":\"https:\/\/www.excalibur-generator.com\/fr\/#website\",\"url\":\"https:\/\/www.excalibur-generator.com\/fr\/\",\"name\":\"Excalibur Generator\",\"description\":\"\",\"publisher\":{\"@id\":\"https:\/\/www.excalibur-generator.com\/fr\/#organization\"},\"potentialAction\":[{\"@type\":\"SearchAction\",\"target\":{\"@type\":\"EntryPoint\",\"urlTemplate\":\"https:\/\/www.excalibur-generator.com\/fr\/?s={search_term_string}\"},\"query-input\":{\"@type\":\"PropertyValueSpecification\",\"valueRequired\":true,\"valueName\":\"search_term_string\"}}],\"inLanguage\":\"fr-FR\"},{\"@type\":\"Organization\",\"@id\":\"https:\/\/www.excalibur-generator.com\/fr\/#organization\",\"name\":\"Excalibur Generator\",\"url\":\"https:\/\/www.excalibur-generator.com\/fr\/\",\"logo\":{\"@type\":\"ImageObject\",\"inLanguage\":\"fr-FR\",\"@id\":\"https:\/\/www.excalibur-generator.com\/fr\/#\/schema\/logo\/image\/\",\"url\":\"https:\/\/www.excalibur-generator.com\/wp-content\/uploads\/2024\/05\/EXCALIBUR.png\",\"contentUrl\":\"https:\/\/www.excalibur-generator.com\/wp-content\/uploads\/2024\/05\/EXCALIBUR.png\",\"width\":350,\"height\":79,\"caption\":\"Excalibur Generator\"},\"image\":{\"@id\":\"https:\/\/www.excalibur-generator.com\/fr\/#\/schema\/logo\/image\/\"}}]}<\/script>\n<!-- \/ Yoast SEO plugin. -->","yoast_head_json":{"title":"Betonniere tracteur SM80\/100\/120\/130\/140\/160\/180\/200 &#8211; Excalibur Generator","description":"Le malaxeur \u00e0 b\u00e9ton tractable SM 80\u2013200 offre une capacit\u00e9 de tambour de 80 \u00e0 200 L, une vitesse de m\u00e9lange stable et un moteur \u00e9lectrique efficace pour divers besoins de construction.","robots":{"index":"index","follow":"follow","max-snippet":"max-snippet:-1","max-image-preview":"max-image-preview:large","max-video-preview":"max-video-preview:-1"},"canonical":"https:\/\/www.excalibur-generator.com\/fr\/betonniere-tracteur-sm80-100-120-130-140-160-180-200\/","schema":{"@context":"https:\/\/schema.org","@graph":[{"@type":"WebPage","@id":"https:\/\/www.excalibur-generator.com\/fr\/betonniere-tracteur-sm80-100-120-130-140-160-180-200\/","url":"https:\/\/www.excalibur-generator.com\/fr\/betonniere-tracteur-sm80-100-120-130-140-160-180-200\/","name":"Betonniere tracteur SM80\/100\/120\/130\/140\/160\/180\/200 &#8211; Excalibur Generator","isPartOf":{"@id":"https:\/\/www.excalibur-generator.com\/fr\/#website"},"primaryImageOfPage":{"@id":"https:\/\/www.excalibur-generator.com\/fr\/betonniere-tracteur-sm80-100-120-130-140-160-180-200\/#primaryimage"},"image":{"@id":"https:\/\/www.excalibur-generator.com\/fr\/betonniere-tracteur-sm80-100-120-130-140-160-180-200\/#primaryimage"},"thumbnailUrl":"https:\/\/www.excalibur-generator.com\/wp-content\/uploads\/2025\/06\/SM80-200-towable-concrete-mixer.webp","datePublished":"2025-06-25T05:49:29+00:00","description":"Le malaxeur \u00e0 b\u00e9ton tractable SM 80\u2013200 offre une capacit\u00e9 de tambour de 80 \u00e0 200 L, une vitesse de m\u00e9lange stable et un moteur \u00e9lectrique efficace pour divers besoins de construction.","breadcrumb":{"@id":"https:\/\/www.excalibur-generator.com\/fr\/betonniere-tracteur-sm80-100-120-130-140-160-180-200\/#breadcrumb"},"inLanguage":"fr-FR","potentialAction":[{"@type":"ReadAction","target":["https:\/\/www.excalibur-generator.com\/fr\/betonniere-tracteur-sm80-100-120-130-140-160-180-200\/"]}]},{"@type":"ImageObject","inLanguage":"fr-FR","@id":"https:\/\/www.excalibur-generator.com\/fr\/betonniere-tracteur-sm80-100-120-130-140-160-180-200\/#primaryimage","url":"https:\/\/www.excalibur-generator.com\/wp-content\/uploads\/2025\/06\/SM80-200-towable-concrete-mixer.webp","contentUrl":"https:\/\/www.excalibur-generator.com\/wp-content\/uploads\/2025\/06\/SM80-200-towable-concrete-mixer.webp","width":800,"height":800,"caption":"Malaxeur \u00e0 b\u00e9ton tractable SM80-200"},{"@type":"BreadcrumbList","@id":"https:\/\/www.excalibur-generator.com\/fr\/betonniere-tracteur-sm80-100-120-130-140-160-180-200\/#breadcrumb","itemListElement":[{"@type":"ListItem","position":1,"name":"Home","item":"https:\/\/www.excalibur-generator.com\/fr\/"},{"@type":"ListItem","position":2,"name":"Produits","item":"https:\/\/www.excalibur-generator.com\/fr\/produits\/"},{"@type":"ListItem","position":3,"name":"Betonniere tracteur SM80\/100\/120\/130\/140\/160\/180\/200"}]},{"@type":"WebSite","@id":"https:\/\/www.excalibur-generator.com\/fr\/#website","url":"https:\/\/www.excalibur-generator.com\/fr\/","name":"Excalibur Generator","description":"","publisher":{"@id":"https:\/\/www.excalibur-generator.com\/fr\/#organization"},"potentialAction":[{"@type":"SearchAction","target":{"@type":"EntryPoint","urlTemplate":"https:\/\/www.excalibur-generator.com\/fr\/?s={search_term_string}"},"query-input":{"@type":"PropertyValueSpecification","valueRequired":true,"valueName":"search_term_string"}}],"inLanguage":"fr-FR"},{"@type":"Organization","@id":"https:\/\/www.excalibur-generator.com\/fr\/#organization","name":"Excalibur Generator","url":"https:\/\/www.excalibur-generator.com\/fr\/","logo":{"@type":"ImageObject","inLanguage":"fr-FR","@id":"https:\/\/www.excalibur-generator.com\/fr\/#\/schema\/logo\/image\/","url":"https:\/\/www.excalibur-generator.com\/wp-content\/uploads\/2024\/05\/EXCALIBUR.png","contentUrl":"https:\/\/www.excalibur-generator.com\/wp-content\/uploads\/2024\/05\/EXCALIBUR.png","width":350,"height":79,"caption":"Excalibur Generator"},"image":{"@id":"https:\/\/www.excalibur-generator.com\/fr\/#\/schema\/logo\/image\/"}}]}},"_links":{"self":[{"href":"https:\/\/www.excalibur-generator.com\/fr\/wp-json\/wp\/v2\/product\/7195","targetHints":{"allow":["GET"]}}],"collection":[{"href":"https:\/\/www.excalibur-generator.com\/fr\/wp-json\/wp\/v2\/product"}],"about":[{"href":"https:\/\/www.excalibur-generator.com\/fr\/wp-json\/wp\/v2\/types\/product"}],"replies":[{"embeddable":true,"href":"https:\/\/www.excalibur-generator.com\/fr\/wp-json\/wp\/v2\/comments?post=7195"}],"wp:featuredmedia":[{"embeddable":true,"href":"https:\/\/www.excalibur-generator.com\/fr\/wp-json\/wp\/v2\/media\/7196"}],"wp:attachment":[{"href":"https:\/\/www.excalibur-generator.com\/fr\/wp-json\/wp\/v2\/media?parent=7195"}],"wp:term":[{"taxonomy":"product_brand","embeddable":true,"href":"https:\/\/www.excalibur-generator.com\/fr\/wp-json\/wp\/v2\/product_brand?post=7195"},{"taxonomy":"product_cat","embeddable":true,"href":"https:\/\/www.excalibur-generator.com\/fr\/wp-json\/wp\/v2\/product_cat?post=7195"},{"taxonomy":"product_tag","embeddable":true,"href":"https:\/\/www.excalibur-generator.com\/fr\/wp-json\/wp\/v2\/product_tag?post=7195"}],"curies":[{"name":"wp","href":"https:\/\/api.w.org\/{rel}","templated":true}]}}