{"id":7198,"date":"2025-06-25T13:36:20","date_gmt":"2025-06-25T05:36:20","guid":{"rendered":"https:\/\/www.excalibur-generator.com\/betonniere-tracteur-sm-260-350-400-450-500\/"},"modified":"2025-06-25T13:36:20","modified_gmt":"2025-06-25T05:36:20","slug":"betonniere-tracteur-sm-260-350-400-450-500","status":"publish","type":"product","link":"https:\/\/www.excalibur-generator.com\/fr\/betonniere-tracteur-sm-260-350-400-450-500\/","title":{"rendered":"Betonniere tracteur SM 260\/350\/400\/450\/500"},"content":{"rendered":"<h2>Structure du produit<\/h2>\n<table>\n<tbody>\n<tr>\n<td width=\"284\"><img fetchpriority=\"high\" decoding=\"async\" class=\"alignnone size-full wp-image-6708\" src=\"https:\/\/www.excalibur-generator.com\/wp-content\/uploads\/2025\/06\/towable-concrete-mixer-structure.webp\" alt=\"structure de b\u00e9tonni\u00e8re tractable\" width=\"600\" height=\"600\" srcset=\"https:\/\/www.excalibur-generator.com\/wp-content\/uploads\/2025\/06\/towable-concrete-mixer-structure.webp 600w, https:\/\/www.excalibur-generator.com\/wp-content\/uploads\/2025\/06\/towable-concrete-mixer-structure-300x300.webp 300w, https:\/\/www.excalibur-generator.com\/wp-content\/uploads\/2025\/06\/towable-concrete-mixer-structure-150x150.webp 150w, https:\/\/www.excalibur-generator.com\/wp-content\/uploads\/2025\/06\/towable-concrete-mixer-structure-100x100.webp 100w\" sizes=\"(max-width: 600px) 100vw, 600px\" \/><\/td>\n<td width=\"284\">\n<ol>\n<li>La capacit\u00e9 de 260 L \u00e0 500 L convient parfaitement aux projets de petite et moyenne taille.<\/li>\n<li>Le tambour et le cadre rev\u00eatus de poudre am\u00e9liorent la r\u00e9sistance, la durabilit\u00e9 et la r\u00e9sistance \u00e0 la corrosion.<\/li>\n<li>La couronne dent\u00e9e en fonte monobloc assure la durabilit\u00e9 et une dur\u00e9e de vie prolong\u00e9e.<\/li>\n<li>Accepte les moteurs diesel Honda GX200, Robin EY20 et 178F.<\/li>\n<li>grandes roues de 17 pouces<\/li>\n<li>La conception de la poign\u00e9e remorquable permet un transport rapide et facile de l&#8217;unit\u00e9.<\/li>\n<\/ol>\n<\/td>\n<\/tr>\n<\/tbody>\n<\/table>\n<h2>Param\u00e8tres du produit<\/h2>\n<table>\n<tbody>\n<tr>\n<td>Mod\u00e8le<\/td>\n<td colspan=\"3\">SM260\/SM350<\/td>\n<td colspan=\"3\">SM400\/SM450<\/td>\n<td>SM500<\/td>\n<\/tr>\n<tr>\n<td>Mod\u00e8le de moteur<\/td>\n<td>S178F<\/td>\n<td>GX200<\/td>\n<td>moteur \u00e9lectrique<\/td>\n<td>S178F<\/td>\n<td>GX200<\/td>\n<td>moteur \u00e9lectrique<\/td>\n<td>S186FA<\/td>\n<\/tr>\n<tr>\n<td>Puissance nominale KW (HP)<\/td>\n<td>4.9(6.6)<\/td>\n<td>4.9(6.5)<\/td>\n<td>2.2(3)<\/td>\n<td>4.9(6.6)<\/td>\n<td>4.9(6.5)<\/td>\n<td>2.2(3)<\/td>\n<td>7.3(9.9)500<\/td>\n<\/tr>\n<tr>\n<td>Volume du tambour (L)<\/td>\n<td><\/td>\n<td>260\/350<\/td>\n<td><\/td>\n<td><\/td>\n<td>400\/450<\/td>\n<td><\/td>\n<td>500<\/td>\n<\/tr>\n<tr>\n<td>Productivit\u00e9 (m\u00b3\/h)<\/td>\n<td><\/td>\n<td>6-10\/10-14<\/td>\n<td><\/td>\n<td><\/td>\n<td>14-18\/16-20<\/td>\n<td><\/td>\n<td>18-22<\/td>\n<\/tr>\n<tr>\n<td>Nombre de roues<\/td>\n<td><\/td>\n<td>214<\/td>\n<td><\/td>\n<td><\/td>\n<td>2\/4<\/td>\n<td><\/td>\n<td>2\/4<\/td>\n<\/tr>\n<tr>\n<td>Vitesse du tambour de m\u00e9lange (tr\/min)<\/td>\n<td><\/td>\n<td>30<\/td>\n<td><\/td>\n<td><\/td>\n<td>30<\/td>\n<td><\/td>\n<td>30<\/td>\n<\/tr>\n<tr>\n<td>Syst\u00e8me de d\u00e9marrage<\/td>\n<td colspan=\"7\">D\u00e9marrage manuel\/\u00e9lectrique<\/td>\n<\/tr>\n<tr>\n<td>Conduite<\/td>\n<td><\/td>\n<td>Pouss\u00e9e manuelle<\/td>\n<td><\/td>\n<td><\/td>\n<td>Pouss\u00e9e manuelle<\/td>\n<td><\/td>\n<td>Pouss\u00e9e manuelle<\/td>\n<\/tr>\n<tr>\n<td>Dimensions de l&#8217;emballage (L x l x H) mm<\/td>\n<td><\/td>\n<td>1950*880*1125<\/td>\n<td><\/td>\n<td><\/td>\n<td>1950*880*1225<\/td>\n<td><\/td>\n<td>1950*880*1225<\/td>\n<\/tr>\n<tr>\n<td>Poids net (kg)<\/td>\n<td><\/td>\n<td>280\/330<\/td>\n<td><\/td>\n<td><\/td>\n<td>350\/370<\/td>\n<td><\/td>\n<td>390<\/td>\n<\/tr>\n<\/tbody>\n<\/table>\n","protected":false},"excerpt":{"rendered":"<ul>\n<li>Options de volume de tambour : 260 L ou 500 L pour plus de flexibilit\u00e9.<\/li>\n<li>D\u00e9bit de 6 \u00e0 20 m\u00b3\/h, id\u00e9al pour les projets de petite et moyenne taille.<\/li>\n<li>Options de d\u00e9marrage de moteur \u00e9lectrique, diesel ou essence incluses.<\/li>\n<\/ul>\n","protected":false},"featured_media":7199,"comment_status":"open","ping_status":"closed","template":"","meta":{"site-sidebar-layout":"default","site-content-layout":"","ast-site-content-layout":"default","site-content-style":"default","site-sidebar-style":"default","ast-global-header-display":"","ast-banner-title-visibility":"","ast-main-header-display":"","ast-hfb-above-header-display":"","ast-hfb-below-header-display":"","ast-hfb-mobile-header-display":"","site-post-title":"","ast-breadcrumbs-content":"","ast-featured-img":"","footer-sml-layout":"","theme-transparent-header-meta":"default","adv-header-id-meta":"","stick-header-meta":"","header-above-stick-meta":"","header-main-stick-meta":"","header-below-stick-meta":"","astra-migrate-meta-layouts":"default","ast-page-background-enabled":"default","ast-page-background-meta":{"desktop":{"background-color":"var(--ast-global-color-4)","background-image":"","background-repeat":"repeat","background-position":"center center","background-size":"auto","background-attachment":"scroll","background-type":"","background-media":"","overlay-type":"","overlay-color":"","overlay-opacity":"","overlay-gradient":""},"tablet":{"background-color":"","background-image":"","background-repeat":"repeat","background-position":"center center","background-size":"auto","background-attachment":"scroll","background-type":"","background-media":"","overlay-type":"","overlay-color":"","overlay-opacity":"","overlay-gradient":""},"mobile":{"background-color":"","background-image":"","background-repeat":"repeat","background-position":"center center","background-size":"auto","background-attachment":"scroll","background-type":"","background-media":"","overlay-type":"","overlay-color":"","overlay-opacity":"","overlay-gradient":""}},"ast-content-background-meta":{"desktop":{"background-color":"var(--ast-global-color-5)","background-image":"","background-repeat":"repeat","background-position":"center center","background-size":"auto","background-attachment":"scroll","background-type":"","background-media":"","overlay-type":"","overlay-color":"","overlay-opacity":"","overlay-gradient":""},"tablet":{"background-color":"var(--ast-global-color-5)","background-image":"","background-repeat":"repeat","background-position":"center center","background-size":"auto","background-attachment":"scroll","background-type":"","background-media":"","overlay-type":"","overlay-color":"","overlay-opacity":"","overlay-gradient":""},"mobile":{"background-color":"var(--ast-global-color-5)","background-image":"","background-repeat":"repeat","background-position":"center center","background-size":"auto","background-attachment":"scroll","background-type":"","background-media":"","overlay-type":"","overlay-color":"","overlay-opacity":"","overlay-gradient":""}}},"product_brand":[],"product_cat":[84],"product_tag":[],"class_list":{"0":"post-7198","1":"product","2":"type-product","3":"status-publish","4":"has-post-thumbnail","6":"product_cat-non-classe","7":"desktop-align-left","8":"tablet-align-left","9":"mobile-align-left","11":"first","12":"instock","13":"shipping-taxable","14":"product-type-simple"},"yoast_head":"<!-- This site is optimized with the Yoast SEO plugin v26.5 - https:\/\/yoast.com\/wordpress\/plugins\/seo\/ -->\n<title>Betonniere tracteur SM 260\/350\/400\/450\/500 &#8211; Excalibur Generator<\/title>\n<meta name=\"description\" content=\"Les malaxeurs \u00e0 b\u00e9ton tractables SM260\u2013SM500 sont dot\u00e9s de f\u00fbts de 260 \u00e0 500 L, d&#039;une pouss\u00e9e manuelle, d&#039;un d\u00e9marrage \u00e9lectrique\/manuel et offrent une productivit\u00e9 de m\u00e9lange de 6 \u00e0 22 m\u00b3\/h.\" \/>\n<meta name=\"robots\" content=\"index, follow, max-snippet:-1, max-image-preview:large, max-video-preview:-1\" \/>\n<link rel=\"canonical\" href=\"https:\/\/www.excalibur-generator.com\/fr\/betonniere-tracteur-sm-260-350-400-450-500\/\" \/>\n<meta name=\"twitter:label1\" content=\"Dur\u00e9e de lecture estim\u00e9e\" \/>\n\t<meta name=\"twitter:data1\" content=\"1 minute\" \/>\n<script type=\"application\/ld+json\" class=\"yoast-schema-graph\">{\"@context\":\"https:\/\/schema.org\",\"@graph\":[{\"@type\":\"WebPage\",\"@id\":\"https:\/\/www.excalibur-generator.com\/fr\/betonniere-tracteur-sm-260-350-400-450-500\/\",\"url\":\"https:\/\/www.excalibur-generator.com\/fr\/betonniere-tracteur-sm-260-350-400-450-500\/\",\"name\":\"Betonniere tracteur SM 260\/350\/400\/450\/500 &#8211; Excalibur Generator\",\"isPartOf\":{\"@id\":\"https:\/\/www.excalibur-generator.com\/fr\/#website\"},\"primaryImageOfPage\":{\"@id\":\"https:\/\/www.excalibur-generator.com\/fr\/betonniere-tracteur-sm-260-350-400-450-500\/#primaryimage\"},\"image\":{\"@id\":\"https:\/\/www.excalibur-generator.com\/fr\/betonniere-tracteur-sm-260-350-400-450-500\/#primaryimage\"},\"thumbnailUrl\":\"https:\/\/www.excalibur-generator.com\/wp-content\/uploads\/2025\/06\/SM260-500Towable-Concrete-Mixer.webp\",\"datePublished\":\"2025-06-25T05:36:20+00:00\",\"description\":\"Les malaxeurs \u00e0 b\u00e9ton tractables SM260\u2013SM500 sont dot\u00e9s de f\u00fbts de 260 \u00e0 500 L, d'une pouss\u00e9e manuelle, d'un d\u00e9marrage \u00e9lectrique\/manuel et offrent une productivit\u00e9 de m\u00e9lange de 6 \u00e0 22 m\u00b3\/h.\",\"breadcrumb\":{\"@id\":\"https:\/\/www.excalibur-generator.com\/fr\/betonniere-tracteur-sm-260-350-400-450-500\/#breadcrumb\"},\"inLanguage\":\"fr-FR\",\"potentialAction\":[{\"@type\":\"ReadAction\",\"target\":[\"https:\/\/www.excalibur-generator.com\/fr\/betonniere-tracteur-sm-260-350-400-450-500\/\"]}]},{\"@type\":\"ImageObject\",\"inLanguage\":\"fr-FR\",\"@id\":\"https:\/\/www.excalibur-generator.com\/fr\/betonniere-tracteur-sm-260-350-400-450-500\/#primaryimage\",\"url\":\"https:\/\/www.excalibur-generator.com\/wp-content\/uploads\/2025\/06\/SM260-500Towable-Concrete-Mixer.webp\",\"contentUrl\":\"https:\/\/www.excalibur-generator.com\/wp-content\/uploads\/2025\/06\/SM260-500Towable-Concrete-Mixer.webp\",\"width\":800,\"height\":800,\"caption\":\"B\u00e9tonni\u00e8re tractable SM260-500\"},{\"@type\":\"BreadcrumbList\",\"@id\":\"https:\/\/www.excalibur-generator.com\/fr\/betonniere-tracteur-sm-260-350-400-450-500\/#breadcrumb\",\"itemListElement\":[{\"@type\":\"ListItem\",\"position\":1,\"name\":\"Home\",\"item\":\"https:\/\/www.excalibur-generator.com\/fr\/\"},{\"@type\":\"ListItem\",\"position\":2,\"name\":\"Produits\",\"item\":\"https:\/\/www.excalibur-generator.com\/fr\/produits\/\"},{\"@type\":\"ListItem\",\"position\":3,\"name\":\"Betonniere tracteur SM 260\/350\/400\/450\/500\"}]},{\"@type\":\"WebSite\",\"@id\":\"https:\/\/www.excalibur-generator.com\/fr\/#website\",\"url\":\"https:\/\/www.excalibur-generator.com\/fr\/\",\"name\":\"Excalibur Generator\",\"description\":\"\",\"publisher\":{\"@id\":\"https:\/\/www.excalibur-generator.com\/fr\/#organization\"},\"potentialAction\":[{\"@type\":\"SearchAction\",\"target\":{\"@type\":\"EntryPoint\",\"urlTemplate\":\"https:\/\/www.excalibur-generator.com\/fr\/?s={search_term_string}\"},\"query-input\":{\"@type\":\"PropertyValueSpecification\",\"valueRequired\":true,\"valueName\":\"search_term_string\"}}],\"inLanguage\":\"fr-FR\"},{\"@type\":\"Organization\",\"@id\":\"https:\/\/www.excalibur-generator.com\/fr\/#organization\",\"name\":\"Excalibur Generator\",\"url\":\"https:\/\/www.excalibur-generator.com\/fr\/\",\"logo\":{\"@type\":\"ImageObject\",\"inLanguage\":\"fr-FR\",\"@id\":\"https:\/\/www.excalibur-generator.com\/fr\/#\/schema\/logo\/image\/\",\"url\":\"https:\/\/www.excalibur-generator.com\/wp-content\/uploads\/2024\/05\/EXCALIBUR.png\",\"contentUrl\":\"https:\/\/www.excalibur-generator.com\/wp-content\/uploads\/2024\/05\/EXCALIBUR.png\",\"width\":350,\"height\":79,\"caption\":\"Excalibur Generator\"},\"image\":{\"@id\":\"https:\/\/www.excalibur-generator.com\/fr\/#\/schema\/logo\/image\/\"}}]}<\/script>\n<!-- \/ Yoast SEO plugin. -->","yoast_head_json":{"title":"Betonniere tracteur SM 260\/350\/400\/450\/500 &#8211; Excalibur Generator","description":"Les malaxeurs \u00e0 b\u00e9ton tractables SM260\u2013SM500 sont dot\u00e9s de f\u00fbts de 260 \u00e0 500 L, d'une pouss\u00e9e manuelle, d'un d\u00e9marrage \u00e9lectrique\/manuel et offrent une productivit\u00e9 de m\u00e9lange de 6 \u00e0 22 m\u00b3\/h.","robots":{"index":"index","follow":"follow","max-snippet":"max-snippet:-1","max-image-preview":"max-image-preview:large","max-video-preview":"max-video-preview:-1"},"canonical":"https:\/\/www.excalibur-generator.com\/fr\/betonniere-tracteur-sm-260-350-400-450-500\/","twitter_misc":{"Dur\u00e9e de lecture estim\u00e9e":"1 minute"},"schema":{"@context":"https:\/\/schema.org","@graph":[{"@type":"WebPage","@id":"https:\/\/www.excalibur-generator.com\/fr\/betonniere-tracteur-sm-260-350-400-450-500\/","url":"https:\/\/www.excalibur-generator.com\/fr\/betonniere-tracteur-sm-260-350-400-450-500\/","name":"Betonniere tracteur SM 260\/350\/400\/450\/500 &#8211; Excalibur Generator","isPartOf":{"@id":"https:\/\/www.excalibur-generator.com\/fr\/#website"},"primaryImageOfPage":{"@id":"https:\/\/www.excalibur-generator.com\/fr\/betonniere-tracteur-sm-260-350-400-450-500\/#primaryimage"},"image":{"@id":"https:\/\/www.excalibur-generator.com\/fr\/betonniere-tracteur-sm-260-350-400-450-500\/#primaryimage"},"thumbnailUrl":"https:\/\/www.excalibur-generator.com\/wp-content\/uploads\/2025\/06\/SM260-500Towable-Concrete-Mixer.webp","datePublished":"2025-06-25T05:36:20+00:00","description":"Les malaxeurs \u00e0 b\u00e9ton tractables SM260\u2013SM500 sont dot\u00e9s de f\u00fbts de 260 \u00e0 500 L, d'une pouss\u00e9e manuelle, d'un d\u00e9marrage \u00e9lectrique\/manuel et offrent une productivit\u00e9 de m\u00e9lange de 6 \u00e0 22 m\u00b3\/h.","breadcrumb":{"@id":"https:\/\/www.excalibur-generator.com\/fr\/betonniere-tracteur-sm-260-350-400-450-500\/#breadcrumb"},"inLanguage":"fr-FR","potentialAction":[{"@type":"ReadAction","target":["https:\/\/www.excalibur-generator.com\/fr\/betonniere-tracteur-sm-260-350-400-450-500\/"]}]},{"@type":"ImageObject","inLanguage":"fr-FR","@id":"https:\/\/www.excalibur-generator.com\/fr\/betonniere-tracteur-sm-260-350-400-450-500\/#primaryimage","url":"https:\/\/www.excalibur-generator.com\/wp-content\/uploads\/2025\/06\/SM260-500Towable-Concrete-Mixer.webp","contentUrl":"https:\/\/www.excalibur-generator.com\/wp-content\/uploads\/2025\/06\/SM260-500Towable-Concrete-Mixer.webp","width":800,"height":800,"caption":"B\u00e9tonni\u00e8re tractable SM260-500"},{"@type":"BreadcrumbList","@id":"https:\/\/www.excalibur-generator.com\/fr\/betonniere-tracteur-sm-260-350-400-450-500\/#breadcrumb","itemListElement":[{"@type":"ListItem","position":1,"name":"Home","item":"https:\/\/www.excalibur-generator.com\/fr\/"},{"@type":"ListItem","position":2,"name":"Produits","item":"https:\/\/www.excalibur-generator.com\/fr\/produits\/"},{"@type":"ListItem","position":3,"name":"Betonniere tracteur SM 260\/350\/400\/450\/500"}]},{"@type":"WebSite","@id":"https:\/\/www.excalibur-generator.com\/fr\/#website","url":"https:\/\/www.excalibur-generator.com\/fr\/","name":"Excalibur Generator","description":"","publisher":{"@id":"https:\/\/www.excalibur-generator.com\/fr\/#organization"},"potentialAction":[{"@type":"SearchAction","target":{"@type":"EntryPoint","urlTemplate":"https:\/\/www.excalibur-generator.com\/fr\/?s={search_term_string}"},"query-input":{"@type":"PropertyValueSpecification","valueRequired":true,"valueName":"search_term_string"}}],"inLanguage":"fr-FR"},{"@type":"Organization","@id":"https:\/\/www.excalibur-generator.com\/fr\/#organization","name":"Excalibur Generator","url":"https:\/\/www.excalibur-generator.com\/fr\/","logo":{"@type":"ImageObject","inLanguage":"fr-FR","@id":"https:\/\/www.excalibur-generator.com\/fr\/#\/schema\/logo\/image\/","url":"https:\/\/www.excalibur-generator.com\/wp-content\/uploads\/2024\/05\/EXCALIBUR.png","contentUrl":"https:\/\/www.excalibur-generator.com\/wp-content\/uploads\/2024\/05\/EXCALIBUR.png","width":350,"height":79,"caption":"Excalibur Generator"},"image":{"@id":"https:\/\/www.excalibur-generator.com\/fr\/#\/schema\/logo\/image\/"}}]}},"_links":{"self":[{"href":"https:\/\/www.excalibur-generator.com\/fr\/wp-json\/wp\/v2\/product\/7198","targetHints":{"allow":["GET"]}}],"collection":[{"href":"https:\/\/www.excalibur-generator.com\/fr\/wp-json\/wp\/v2\/product"}],"about":[{"href":"https:\/\/www.excalibur-generator.com\/fr\/wp-json\/wp\/v2\/types\/product"}],"replies":[{"embeddable":true,"href":"https:\/\/www.excalibur-generator.com\/fr\/wp-json\/wp\/v2\/comments?post=7198"}],"wp:featuredmedia":[{"embeddable":true,"href":"https:\/\/www.excalibur-generator.com\/fr\/wp-json\/wp\/v2\/media\/7199"}],"wp:attachment":[{"href":"https:\/\/www.excalibur-generator.com\/fr\/wp-json\/wp\/v2\/media?parent=7198"}],"wp:term":[{"taxonomy":"product_brand","embeddable":true,"href":"https:\/\/www.excalibur-generator.com\/fr\/wp-json\/wp\/v2\/product_brand?post=7198"},{"taxonomy":"product_cat","embeddable":true,"href":"https:\/\/www.excalibur-generator.com\/fr\/wp-json\/wp\/v2\/product_cat?post=7198"},{"taxonomy":"product_tag","embeddable":true,"href":"https:\/\/www.excalibur-generator.com\/fr\/wp-json\/wp\/v2\/product_tag?post=7198"}],"curies":[{"name":"wp","href":"https:\/\/api.w.org\/{rel}","templated":true}]}}