{"id":7201,"date":"2025-06-25T11:10:16","date_gmt":"2025-06-25T03:10:16","guid":{"rendered":"https:\/\/www.excalibur-generator.com\/aiguilles-vibrantes-pour-beton-szna\/"},"modified":"2025-06-25T11:10:16","modified_gmt":"2025-06-25T03:10:16","slug":"aiguilles-vibrantes-pour-beton-szna","status":"publish","type":"product","link":"https:\/\/www.excalibur-generator.com\/fr\/aiguilles-vibrantes-pour-beton-szna\/","title":{"rendered":"Aiguilles vibrantes pour b\u00e9ton SZNA"},"content":{"rendered":"<table>\n<tbody>\n<tr>\n<td>Mod\u00e8le<\/td>\n<td>Tension d&#8217;alimentation<\/td>\n<td>Puissance<\/td>\n<td>Moteur<\/td>\n<\/tr>\n<tr>\n<td rowspan=\"4\"><img fetchpriority=\"high\" decoding=\"async\" class=\"aligncenter wp-image-6616 size-medium\" src=\"https:\/\/www.excalibur-generator.com\/wp-content\/uploads\/2025\/06\/Hand-Held-Concrete-Vibrator-300x300.jpg\" alt=\"Aiguilles vibrantes pour b\u00e9ton\" width=\"300\" height=\"300\" srcset=\"https:\/\/www.excalibur-generator.com\/wp-content\/uploads\/2025\/06\/Hand-Held-Concrete-Vibrator-300x300.jpg 300w, https:\/\/www.excalibur-generator.com\/wp-content\/uploads\/2025\/06\/Hand-Held-Concrete-Vibrator-150x150.jpg 150w, https:\/\/www.excalibur-generator.com\/wp-content\/uploads\/2025\/06\/Hand-Held-Concrete-Vibrator-768x768.jpg 768w, https:\/\/www.excalibur-generator.com\/wp-content\/uploads\/2025\/06\/Hand-Held-Concrete-Vibrator-600x600.jpg 600w, https:\/\/www.excalibur-generator.com\/wp-content\/uploads\/2025\/06\/Hand-Held-Concrete-Vibrator-100x100.jpg 100w, https:\/\/www.excalibur-generator.com\/wp-content\/uploads\/2025\/06\/Hand-Held-Concrete-Vibrator.jpg 800w\" sizes=\"(max-width: 300px) 100vw, 300px\" \/><\/td>\n<td>220V<\/td>\n<td>800W<\/td>\n<td>Hauteur du stator et du rotor : 35mm<\/td>\n<\/tr>\n<tr>\n<td>220V<\/td>\n<td>900W<\/td>\n<td>Hauteur du stator et du rotor : 40 mm<\/td>\n<\/tr>\n<tr>\n<td>220V<\/td>\n<td>1000W<\/td>\n<td>Hauteur du stator et du rotor : 45 mm<\/td>\n<\/tr>\n<tr>\n<td>220V<\/td>\n<td>1200W<\/td>\n<td>Hauteur du stator et du rotor : 50 mm<\/td>\n<\/tr>\n<tr>\n<td rowspan=\"4\"><img decoding=\"async\" class=\"wp-image-6619 size-medium aligncenter\" src=\"https:\/\/www.excalibur-generator.com\/wp-content\/uploads\/2025\/06\/SANA-2-pencil-concrete-vibrator-300x300.jpg\" alt=\"Aiguilles vibrantes pour b\u00e9ton SANA-2\" width=\"300\" height=\"300\" srcset=\"https:\/\/www.excalibur-generator.com\/wp-content\/uploads\/2025\/06\/SANA-2-pencil-concrete-vibrator-300x300.jpg 300w, https:\/\/www.excalibur-generator.com\/wp-content\/uploads\/2025\/06\/SANA-2-pencil-concrete-vibrator-150x150.jpg 150w, https:\/\/www.excalibur-generator.com\/wp-content\/uploads\/2025\/06\/SANA-2-pencil-concrete-vibrator-768x768.jpg 768w, https:\/\/www.excalibur-generator.com\/wp-content\/uploads\/2025\/06\/SANA-2-pencil-concrete-vibrator-600x600.jpg 600w, https:\/\/www.excalibur-generator.com\/wp-content\/uploads\/2025\/06\/SANA-2-pencil-concrete-vibrator-100x100.jpg 100w, https:\/\/www.excalibur-generator.com\/wp-content\/uploads\/2025\/06\/SANA-2-pencil-concrete-vibrator.jpg 800w\" sizes=\"(max-width: 300px) 100vw, 300px\" \/><\/td>\n<td>220V<\/td>\n<td>800W<\/td>\n<td>Hauteur du stator et du rotor : 35mm<\/td>\n<\/tr>\n<tr>\n<td>220V<\/td>\n<td>900W<\/td>\n<td>Hauteur du stator et du rotor : 40 mm<\/td>\n<\/tr>\n<tr>\n<td>220V<\/td>\n<td>1000W<\/td>\n<td>Hauteur du stator et du rotor : 45 mm<\/td>\n<\/tr>\n<tr>\n<td>220V<\/td>\n<td>1200W<\/td>\n<td>Hauteur du stator et du rotor : 50 mm<\/td>\n<\/tr>\n<tr>\n<td rowspan=\"4\"><img decoding=\"async\" class=\"wp-image-6622 size-medium aligncenter\" src=\"https:\/\/www.excalibur-generator.com\/wp-content\/uploads\/2025\/06\/SZNA-pencil-concrete-vibrator-300x300.jpg\" alt=\"Aiguilles vibrantes pour b\u00e9ton SZNA\" width=\"300\" height=\"300\" srcset=\"https:\/\/www.excalibur-generator.com\/wp-content\/uploads\/2025\/06\/SZNA-pencil-concrete-vibrator-300x300.jpg 300w, https:\/\/www.excalibur-generator.com\/wp-content\/uploads\/2025\/06\/SZNA-pencil-concrete-vibrator-150x150.jpg 150w, https:\/\/www.excalibur-generator.com\/wp-content\/uploads\/2025\/06\/SZNA-pencil-concrete-vibrator-768x768.jpg 768w, https:\/\/www.excalibur-generator.com\/wp-content\/uploads\/2025\/06\/SZNA-pencil-concrete-vibrator-600x600.jpg 600w, https:\/\/www.excalibur-generator.com\/wp-content\/uploads\/2025\/06\/SZNA-pencil-concrete-vibrator-100x100.jpg 100w, https:\/\/www.excalibur-generator.com\/wp-content\/uploads\/2025\/06\/SZNA-pencil-concrete-vibrator.jpg 800w\" sizes=\"(max-width: 300px) 100vw, 300px\" \/><\/td>\n<td>220V<\/td>\n<td>800W<\/td>\n<td>Hauteur du stator et du rotor : 35 mm, bo\u00eetier en aluminium<\/td>\n<\/tr>\n<tr>\n<td>220V<\/td>\n<td>900W<\/td>\n<td>Hauteur du stator et du rotor : 35 mm, bo\u00eetier en aluminium<\/td>\n<\/tr>\n<tr>\n<td>220V<\/td>\n<td>1000W<\/td>\n<td>Hauteur du stator et du rotor : 45 mm, bo\u00eetier en aluminium<\/td>\n<\/tr>\n<tr>\n<td>220V<\/td>\n<td>1200W<\/td>\n<td>Hauteur du stator et du rotor : 50 mm, bo\u00eetier en aluminium<\/td>\n<\/tr>\n<\/tbody>\n<\/table>\n<p><img loading=\"lazy\" decoding=\"async\" class=\"size-full wp-image-6639 aligncenter\" src=\"https:\/\/www.excalibur-generator.com\/wp-content\/uploads\/2025\/06\/Vibrator-Hose.jpg\" alt=\"Tuyau vibrant\" width=\"800\" height=\"106\" srcset=\"https:\/\/www.excalibur-generator.com\/wp-content\/uploads\/2025\/06\/Vibrator-Hose.jpg 800w, https:\/\/www.excalibur-generator.com\/wp-content\/uploads\/2025\/06\/Vibrator-Hose-300x40.jpg 300w, https:\/\/www.excalibur-generator.com\/wp-content\/uploads\/2025\/06\/Vibrator-Hose-768x102.jpg 768w, https:\/\/www.excalibur-generator.com\/wp-content\/uploads\/2025\/06\/Vibrator-Hose-600x80.jpg 600w\" sizes=\"(max-width: 800px) 100vw, 800px\" \/><\/p>\n<table>\n<tbody>\n<tr>\n<td colspan=\"7\">\n<p style=\"text-align: center;\">Options de tuyau vibrant<\/p>\n<\/td>\n<\/tr>\n<tr>\n<td>Taille de la t\u00eate d&#8217;arbre<\/td>\n<td>25mm<\/td>\n<td>25mm<\/td>\n<td>35mm<\/td>\n<td>35mm<\/td>\n<td>35mm<\/td>\n<td>35mm<\/td>\n<\/tr>\n<tr>\n<td>Options de longueur d&#8217;arbre (m)<\/td>\n<td>1M<\/td>\n<td>2M<\/td>\n<td>1M<\/td>\n<td>1.5M<\/td>\n<td>2M<\/td>\n<td>3M<\/td>\n<\/tr>\n<tr>\n<td>M\u00e9thode d&#8217;emballage<\/td>\n<td>5 pi\u00e8ces\/carton<\/td>\n<td>5 pi\u00e8ces\/carton<\/td>\n<td>5 pi\u00e8ces\/carton<\/td>\n<td>5 pi\u00e8ces\/carton<\/td>\n<td>5 pi\u00e8ces\/carton<\/td>\n<td>1 pi\u00e8ce\/carton<\/td>\n<\/tr>\n<\/tbody>\n<\/table>\n","protected":false},"excerpt":{"rendered":"<ul>\n<li>Offre une tension de 220 V avec une plage de puissance de 800 W \u00e0 1 200 W.<\/li>\n<li>La hauteur du stator et du rotor varie de 35 mm \u00e0 50 mm.<\/li>\n<li>Le bo\u00eetier en aluminium en option am\u00e9liore la durabilit\u00e9 et les performances de dissipation de la chaleur.<\/li>\n<\/ul>\n","protected":false},"featured_media":7202,"comment_status":"open","ping_status":"closed","template":"","meta":{"site-sidebar-layout":"default","site-content-layout":"","ast-site-content-layout":"default","site-content-style":"default","site-sidebar-style":"default","ast-global-header-display":"","ast-banner-title-visibility":"","ast-main-header-display":"","ast-hfb-above-header-display":"","ast-hfb-below-header-display":"","ast-hfb-mobile-header-display":"","site-post-title":"","ast-breadcrumbs-content":"","ast-featured-img":"","footer-sml-layout":"","theme-transparent-header-meta":"default","adv-header-id-meta":"","stick-header-meta":"","header-above-stick-meta":"","header-main-stick-meta":"","header-below-stick-meta":"","astra-migrate-meta-layouts":"default","ast-page-background-enabled":"default","ast-page-background-meta":{"desktop":{"background-color":"var(--ast-global-color-4)","background-image":"","background-repeat":"repeat","background-position":"center center","background-size":"auto","background-attachment":"scroll","background-type":"","background-media":"","overlay-type":"","overlay-color":"","overlay-opacity":"","overlay-gradient":""},"tablet":{"background-color":"","background-image":"","background-repeat":"repeat","background-position":"center center","background-size":"auto","background-attachment":"scroll","background-type":"","background-media":"","overlay-type":"","overlay-color":"","overlay-opacity":"","overlay-gradient":""},"mobile":{"background-color":"","background-image":"","background-repeat":"repeat","background-position":"center center","background-size":"auto","background-attachment":"scroll","background-type":"","background-media":"","overlay-type":"","overlay-color":"","overlay-opacity":"","overlay-gradient":""}},"ast-content-background-meta":{"desktop":{"background-color":"var(--ast-global-color-5)","background-image":"","background-repeat":"repeat","background-position":"center center","background-size":"auto","background-attachment":"scroll","background-type":"","background-media":"","overlay-type":"","overlay-color":"","overlay-opacity":"","overlay-gradient":""},"tablet":{"background-color":"var(--ast-global-color-5)","background-image":"","background-repeat":"repeat","background-position":"center center","background-size":"auto","background-attachment":"scroll","background-type":"","background-media":"","overlay-type":"","overlay-color":"","overlay-opacity":"","overlay-gradient":""},"mobile":{"background-color":"var(--ast-global-color-5)","background-image":"","background-repeat":"repeat","background-position":"center center","background-size":"auto","background-attachment":"scroll","background-type":"","background-media":"","overlay-type":"","overlay-color":"","overlay-opacity":"","overlay-gradient":""}}},"product_brand":[],"product_cat":[84],"product_tag":[],"class_list":{"0":"post-7201","1":"product","2":"type-product","3":"status-publish","4":"has-post-thumbnail","6":"product_cat-non-classe","7":"desktop-align-left","8":"tablet-align-left","9":"mobile-align-left","11":"first","12":"instock","13":"shipping-taxable","14":"product-type-simple"},"yoast_head":"<!-- This site is optimized with the Yoast SEO plugin v26.5 - https:\/\/yoast.com\/wordpress\/plugins\/seo\/ -->\n<title>Aiguilles vibrantes pour b\u00e9ton SZNA &#8211; Excalibur Generator<\/title>\n<meta name=\"description\" content=\"Le vibrateur \u00e0 b\u00e9ton \u00e0 crayon SZNA est dot\u00e9 d&#039;une alimentation de 220 V, d&#039;un moteur de 800 W \u00e0 1 200 W et d&#039;un bo\u00eetier en aluminium ou standard durable pour un compactage efficace du b\u00e9ton.\" \/>\n<meta name=\"robots\" content=\"index, follow, max-snippet:-1, max-image-preview:large, max-video-preview:-1\" \/>\n<link rel=\"canonical\" href=\"https:\/\/www.excalibur-generator.com\/fr\/aiguilles-vibrantes-pour-beton-szna\/\" \/>\n<meta name=\"twitter:label1\" content=\"Dur\u00e9e de lecture estim\u00e9e\" \/>\n\t<meta name=\"twitter:data1\" content=\"1 minute\" \/>\n<script type=\"application\/ld+json\" class=\"yoast-schema-graph\">{\"@context\":\"https:\/\/schema.org\",\"@graph\":[{\"@type\":\"WebPage\",\"@id\":\"https:\/\/www.excalibur-generator.com\/fr\/aiguilles-vibrantes-pour-beton-szna\/\",\"url\":\"https:\/\/www.excalibur-generator.com\/fr\/aiguilles-vibrantes-pour-beton-szna\/\",\"name\":\"Aiguilles vibrantes pour b\u00e9ton SZNA &#8211; Excalibur Generator\",\"isPartOf\":{\"@id\":\"https:\/\/www.excalibur-generator.com\/fr\/#website\"},\"primaryImageOfPage\":{\"@id\":\"https:\/\/www.excalibur-generator.com\/fr\/aiguilles-vibrantes-pour-beton-szna\/#primaryimage\"},\"image\":{\"@id\":\"https:\/\/www.excalibur-generator.com\/fr\/aiguilles-vibrantes-pour-beton-szna\/#primaryimage\"},\"thumbnailUrl\":\"https:\/\/www.excalibur-generator.com\/wp-content\/uploads\/2025\/06\/Hand-Held-Concrete-Vibrator.jpg\",\"datePublished\":\"2025-06-25T03:10:16+00:00\",\"description\":\"Le vibrateur \u00e0 b\u00e9ton \u00e0 crayon SZNA est dot\u00e9 d'une alimentation de 220 V, d'un moteur de 800 W \u00e0 1 200 W et d'un bo\u00eetier en aluminium ou standard durable pour un compactage efficace du b\u00e9ton.\",\"breadcrumb\":{\"@id\":\"https:\/\/www.excalibur-generator.com\/fr\/aiguilles-vibrantes-pour-beton-szna\/#breadcrumb\"},\"inLanguage\":\"fr-FR\",\"potentialAction\":[{\"@type\":\"ReadAction\",\"target\":[\"https:\/\/www.excalibur-generator.com\/fr\/aiguilles-vibrantes-pour-beton-szna\/\"]}]},{\"@type\":\"ImageObject\",\"inLanguage\":\"fr-FR\",\"@id\":\"https:\/\/www.excalibur-generator.com\/fr\/aiguilles-vibrantes-pour-beton-szna\/#primaryimage\",\"url\":\"https:\/\/www.excalibur-generator.com\/wp-content\/uploads\/2025\/06\/Hand-Held-Concrete-Vibrator.jpg\",\"contentUrl\":\"https:\/\/www.excalibur-generator.com\/wp-content\/uploads\/2025\/06\/Hand-Held-Concrete-Vibrator.jpg\",\"width\":800,\"height\":800,\"caption\":\"Vibrateur \u00e0 b\u00e9ton portatif\"},{\"@type\":\"BreadcrumbList\",\"@id\":\"https:\/\/www.excalibur-generator.com\/fr\/aiguilles-vibrantes-pour-beton-szna\/#breadcrumb\",\"itemListElement\":[{\"@type\":\"ListItem\",\"position\":1,\"name\":\"Home\",\"item\":\"https:\/\/www.excalibur-generator.com\/fr\/\"},{\"@type\":\"ListItem\",\"position\":2,\"name\":\"Produits\",\"item\":\"https:\/\/www.excalibur-generator.com\/fr\/produits\/\"},{\"@type\":\"ListItem\",\"position\":3,\"name\":\"Aiguilles vibrantes pour b\u00e9ton SZNA\"}]},{\"@type\":\"WebSite\",\"@id\":\"https:\/\/www.excalibur-generator.com\/fr\/#website\",\"url\":\"https:\/\/www.excalibur-generator.com\/fr\/\",\"name\":\"Excalibur Generator\",\"description\":\"\",\"publisher\":{\"@id\":\"https:\/\/www.excalibur-generator.com\/fr\/#organization\"},\"potentialAction\":[{\"@type\":\"SearchAction\",\"target\":{\"@type\":\"EntryPoint\",\"urlTemplate\":\"https:\/\/www.excalibur-generator.com\/fr\/?s={search_term_string}\"},\"query-input\":{\"@type\":\"PropertyValueSpecification\",\"valueRequired\":true,\"valueName\":\"search_term_string\"}}],\"inLanguage\":\"fr-FR\"},{\"@type\":\"Organization\",\"@id\":\"https:\/\/www.excalibur-generator.com\/fr\/#organization\",\"name\":\"Excalibur Generator\",\"url\":\"https:\/\/www.excalibur-generator.com\/fr\/\",\"logo\":{\"@type\":\"ImageObject\",\"inLanguage\":\"fr-FR\",\"@id\":\"https:\/\/www.excalibur-generator.com\/fr\/#\/schema\/logo\/image\/\",\"url\":\"https:\/\/www.excalibur-generator.com\/wp-content\/uploads\/2024\/05\/EXCALIBUR.png\",\"contentUrl\":\"https:\/\/www.excalibur-generator.com\/wp-content\/uploads\/2024\/05\/EXCALIBUR.png\",\"width\":350,\"height\":79,\"caption\":\"Excalibur Generator\"},\"image\":{\"@id\":\"https:\/\/www.excalibur-generator.com\/fr\/#\/schema\/logo\/image\/\"}}]}<\/script>\n<!-- \/ Yoast SEO plugin. -->","yoast_head_json":{"title":"Aiguilles vibrantes pour b\u00e9ton SZNA &#8211; Excalibur Generator","description":"Le vibrateur \u00e0 b\u00e9ton \u00e0 crayon SZNA est dot\u00e9 d'une alimentation de 220 V, d'un moteur de 800 W \u00e0 1 200 W et d'un bo\u00eetier en aluminium ou standard durable pour un compactage efficace du b\u00e9ton.","robots":{"index":"index","follow":"follow","max-snippet":"max-snippet:-1","max-image-preview":"max-image-preview:large","max-video-preview":"max-video-preview:-1"},"canonical":"https:\/\/www.excalibur-generator.com\/fr\/aiguilles-vibrantes-pour-beton-szna\/","twitter_misc":{"Dur\u00e9e de lecture estim\u00e9e":"1 minute"},"schema":{"@context":"https:\/\/schema.org","@graph":[{"@type":"WebPage","@id":"https:\/\/www.excalibur-generator.com\/fr\/aiguilles-vibrantes-pour-beton-szna\/","url":"https:\/\/www.excalibur-generator.com\/fr\/aiguilles-vibrantes-pour-beton-szna\/","name":"Aiguilles vibrantes pour b\u00e9ton SZNA &#8211; Excalibur Generator","isPartOf":{"@id":"https:\/\/www.excalibur-generator.com\/fr\/#website"},"primaryImageOfPage":{"@id":"https:\/\/www.excalibur-generator.com\/fr\/aiguilles-vibrantes-pour-beton-szna\/#primaryimage"},"image":{"@id":"https:\/\/www.excalibur-generator.com\/fr\/aiguilles-vibrantes-pour-beton-szna\/#primaryimage"},"thumbnailUrl":"https:\/\/www.excalibur-generator.com\/wp-content\/uploads\/2025\/06\/Hand-Held-Concrete-Vibrator.jpg","datePublished":"2025-06-25T03:10:16+00:00","description":"Le vibrateur \u00e0 b\u00e9ton \u00e0 crayon SZNA est dot\u00e9 d'une alimentation de 220 V, d'un moteur de 800 W \u00e0 1 200 W et d'un bo\u00eetier en aluminium ou standard durable pour un compactage efficace du b\u00e9ton.","breadcrumb":{"@id":"https:\/\/www.excalibur-generator.com\/fr\/aiguilles-vibrantes-pour-beton-szna\/#breadcrumb"},"inLanguage":"fr-FR","potentialAction":[{"@type":"ReadAction","target":["https:\/\/www.excalibur-generator.com\/fr\/aiguilles-vibrantes-pour-beton-szna\/"]}]},{"@type":"ImageObject","inLanguage":"fr-FR","@id":"https:\/\/www.excalibur-generator.com\/fr\/aiguilles-vibrantes-pour-beton-szna\/#primaryimage","url":"https:\/\/www.excalibur-generator.com\/wp-content\/uploads\/2025\/06\/Hand-Held-Concrete-Vibrator.jpg","contentUrl":"https:\/\/www.excalibur-generator.com\/wp-content\/uploads\/2025\/06\/Hand-Held-Concrete-Vibrator.jpg","width":800,"height":800,"caption":"Vibrateur \u00e0 b\u00e9ton portatif"},{"@type":"BreadcrumbList","@id":"https:\/\/www.excalibur-generator.com\/fr\/aiguilles-vibrantes-pour-beton-szna\/#breadcrumb","itemListElement":[{"@type":"ListItem","position":1,"name":"Home","item":"https:\/\/www.excalibur-generator.com\/fr\/"},{"@type":"ListItem","position":2,"name":"Produits","item":"https:\/\/www.excalibur-generator.com\/fr\/produits\/"},{"@type":"ListItem","position":3,"name":"Aiguilles vibrantes pour b\u00e9ton SZNA"}]},{"@type":"WebSite","@id":"https:\/\/www.excalibur-generator.com\/fr\/#website","url":"https:\/\/www.excalibur-generator.com\/fr\/","name":"Excalibur Generator","description":"","publisher":{"@id":"https:\/\/www.excalibur-generator.com\/fr\/#organization"},"potentialAction":[{"@type":"SearchAction","target":{"@type":"EntryPoint","urlTemplate":"https:\/\/www.excalibur-generator.com\/fr\/?s={search_term_string}"},"query-input":{"@type":"PropertyValueSpecification","valueRequired":true,"valueName":"search_term_string"}}],"inLanguage":"fr-FR"},{"@type":"Organization","@id":"https:\/\/www.excalibur-generator.com\/fr\/#organization","name":"Excalibur Generator","url":"https:\/\/www.excalibur-generator.com\/fr\/","logo":{"@type":"ImageObject","inLanguage":"fr-FR","@id":"https:\/\/www.excalibur-generator.com\/fr\/#\/schema\/logo\/image\/","url":"https:\/\/www.excalibur-generator.com\/wp-content\/uploads\/2024\/05\/EXCALIBUR.png","contentUrl":"https:\/\/www.excalibur-generator.com\/wp-content\/uploads\/2024\/05\/EXCALIBUR.png","width":350,"height":79,"caption":"Excalibur Generator"},"image":{"@id":"https:\/\/www.excalibur-generator.com\/fr\/#\/schema\/logo\/image\/"}}]}},"_links":{"self":[{"href":"https:\/\/www.excalibur-generator.com\/fr\/wp-json\/wp\/v2\/product\/7201","targetHints":{"allow":["GET"]}}],"collection":[{"href":"https:\/\/www.excalibur-generator.com\/fr\/wp-json\/wp\/v2\/product"}],"about":[{"href":"https:\/\/www.excalibur-generator.com\/fr\/wp-json\/wp\/v2\/types\/product"}],"replies":[{"embeddable":true,"href":"https:\/\/www.excalibur-generator.com\/fr\/wp-json\/wp\/v2\/comments?post=7201"}],"wp:featuredmedia":[{"embeddable":true,"href":"https:\/\/www.excalibur-generator.com\/fr\/wp-json\/wp\/v2\/media\/7202"}],"wp:attachment":[{"href":"https:\/\/www.excalibur-generator.com\/fr\/wp-json\/wp\/v2\/media?parent=7201"}],"wp:term":[{"taxonomy":"product_brand","embeddable":true,"href":"https:\/\/www.excalibur-generator.com\/fr\/wp-json\/wp\/v2\/product_brand?post=7201"},{"taxonomy":"product_cat","embeddable":true,"href":"https:\/\/www.excalibur-generator.com\/fr\/wp-json\/wp\/v2\/product_cat?post=7201"},{"taxonomy":"product_tag","embeddable":true,"href":"https:\/\/www.excalibur-generator.com\/fr\/wp-json\/wp\/v2\/product_tag?post=7201"}],"curies":[{"name":"wp","href":"https:\/\/api.w.org\/{rel}","templated":true}]}}