{"id":7219,"date":"2025-06-24T15:45:33","date_gmt":"2025-06-24T07:45:33","guid":{"rendered":"https:\/\/www.excalibur-generator.com\/truelle-a-conducteur-porte-vs1046h\/"},"modified":"2025-06-24T15:45:33","modified_gmt":"2025-06-24T07:45:33","slug":"truelle-a-conducteur-porte-vs1046h","status":"publish","type":"product","link":"https:\/\/www.excalibur-generator.com\/fr\/truelle-a-conducteur-porte-vs1046h\/","title":{"rendered":"Truelle \u00e0 conducteur port\u00e9 VS1046h"},"content":{"rendered":"<table>\n<tbody>\n<tr>\n<td>TYPE<\/td>\n<td>VS1046H<\/td>\n<\/tr>\n<tr>\n<td>TYPE DE MOTEUR<\/td>\n<td>BRIGGS &amp; STRATTON<\/td>\n<\/tr>\n<tr>\n<td>POUVOIR<\/td>\n<td>25.4KW<\/td>\n<\/tr>\n<tr>\n<td>MODE DE D\u00c9MARRAGE<\/td>\n<td>D\u00c9MARRAGE \u00c9LECTRIQUE<\/td>\n<\/tr>\n<tr>\n<td>TYPE DE CARBURANT<\/td>\n<td>PLUS DE 90# D&#8217;ESSENCE<\/td>\n<\/tr>\n<tr>\n<td>R\u00c9SERVOIR \u00c0 CARBURANT<\/td>\n<td>25L<\/td>\n<\/tr>\n<tr>\n<td>R\u00c9SERVOIR D&#8217;EAU<\/td>\n<td>25L<\/td>\n<\/tr>\n<tr>\n<td>MODE CONDUITE<\/td>\n<td>ENTRA\u00ceNEMENT HYDRAULIQUE<\/td>\n<\/tr>\n<tr>\n<td>DIAM\u00c8TRE DE TRAVAIL<\/td>\n<td>120CM*2<\/td>\n<\/tr>\n<tr>\n<td>VITESSE DE TRAVAIL<\/td>\n<td>150 tr\/min maximum<\/td>\n<\/tr>\n<tr>\n<td>QUANTIT\u00c9 DE LAMES<\/td>\n<td>5*2<\/td>\n<\/tr>\n<tr>\n<td>MAT\u00c9RIAU DE LA LAME<\/td>\n<td>65Mn<\/td>\n<\/tr>\n<tr>\n<td>TAILLE DE LA LAME<\/td>\n<td>450MM(L)\u00d7200MM(W)<\/td>\n<\/tr>\n<tr>\n<td>DIMENSION DU CONTOUR<\/td>\n<td>2.54M*1.30M*1.52M<\/td>\n<\/tr>\n<tr>\n<td>TAILLE DE L&#8217;EMBALLAGE<\/td>\n<td>2.65M*1.4,*1.6M<\/td>\n<\/tr>\n<tr>\n<td>POIDS NET<\/td>\n<td>580KGS<\/td>\n<\/tr>\n<tr>\n<td>POIDS DE L&#8217;EMBALLAGE<\/td>\n<td>680KGS<\/td>\n<\/tr>\n<\/tbody>\n<\/table>\n","protected":false},"excerpt":{"rendered":"<ul>\n<li>Moteur BRIGGS &amp; STRATTON de 25,4 kW<\/li>\n<li>Equip\u00e9 de 10 lames, mat\u00e9riau 65Mn<\/li>\n<li>Le syst\u00e8me d&#8217;entra\u00eenement hydraulique assure un mouvement fluide<\/li>\n<\/ul>\n","protected":false},"featured_media":7220,"comment_status":"open","ping_status":"closed","template":"","meta":{"site-sidebar-layout":"default","site-content-layout":"","ast-site-content-layout":"default","site-content-style":"default","site-sidebar-style":"default","ast-global-header-display":"","ast-banner-title-visibility":"","ast-main-header-display":"","ast-hfb-above-header-display":"","ast-hfb-below-header-display":"","ast-hfb-mobile-header-display":"","site-post-title":"","ast-breadcrumbs-content":"","ast-featured-img":"","footer-sml-layout":"","theme-transparent-header-meta":"default","adv-header-id-meta":"","stick-header-meta":"","header-above-stick-meta":"","header-main-stick-meta":"","header-below-stick-meta":"","astra-migrate-meta-layouts":"default","ast-page-background-enabled":"default","ast-page-background-meta":{"desktop":{"background-color":"var(--ast-global-color-4)","background-image":"","background-repeat":"repeat","background-position":"center center","background-size":"auto","background-attachment":"scroll","background-type":"","background-media":"","overlay-type":"","overlay-color":"","overlay-opacity":"","overlay-gradient":""},"tablet":{"background-color":"","background-image":"","background-repeat":"repeat","background-position":"center center","background-size":"auto","background-attachment":"scroll","background-type":"","background-media":"","overlay-type":"","overlay-color":"","overlay-opacity":"","overlay-gradient":""},"mobile":{"background-color":"","background-image":"","background-repeat":"repeat","background-position":"center center","background-size":"auto","background-attachment":"scroll","background-type":"","background-media":"","overlay-type":"","overlay-color":"","overlay-opacity":"","overlay-gradient":""}},"ast-content-background-meta":{"desktop":{"background-color":"var(--ast-global-color-5)","background-image":"","background-repeat":"repeat","background-position":"center center","background-size":"auto","background-attachment":"scroll","background-type":"","background-media":"","overlay-type":"","overlay-color":"","overlay-opacity":"","overlay-gradient":""},"tablet":{"background-color":"var(--ast-global-color-5)","background-image":"","background-repeat":"repeat","background-position":"center center","background-size":"auto","background-attachment":"scroll","background-type":"","background-media":"","overlay-type":"","overlay-color":"","overlay-opacity":"","overlay-gradient":""},"mobile":{"background-color":"var(--ast-global-color-5)","background-image":"","background-repeat":"repeat","background-position":"center center","background-size":"auto","background-attachment":"scroll","background-type":"","background-media":"","overlay-type":"","overlay-color":"","overlay-opacity":"","overlay-gradient":""}}},"product_brand":[],"product_cat":[84],"product_tag":[85],"class_list":{"0":"post-7219","1":"product","2":"type-product","3":"status-publish","4":"has-post-thumbnail","6":"product_cat-non-classe","7":"product_tag-truelle-a-conducteur-porte","8":"desktop-align-left","9":"tablet-align-left","10":"mobile-align-left","12":"first","13":"instock","14":"shipping-taxable","15":"product-type-simple"},"yoast_head":"<!-- This site is optimized with the Yoast SEO plugin v26.5 - https:\/\/yoast.com\/wordpress\/plugins\/seo\/ -->\n<title>Truelle \u00e0 conducteur port\u00e9 VS1046h &#8211; Excalibur Generator<\/title>\n<meta name=\"description\" content=\"La truelle \u00e9lectrique autoport\u00e9e VS1046H est dot\u00e9e d&#039;un moteur de 25,4 kW, d&#039;un entra\u00eenement hydraulique, de deux plateaux de 120 cm et de 10 lames durables de 65 Mn.\" \/>\n<meta name=\"robots\" content=\"index, follow, max-snippet:-1, max-image-preview:large, max-video-preview:-1\" \/>\n<link rel=\"canonical\" href=\"https:\/\/www.excalibur-generator.com\/fr\/truelle-a-conducteur-porte-vs1046h\/\" \/>\n<script type=\"application\/ld+json\" class=\"yoast-schema-graph\">{\"@context\":\"https:\/\/schema.org\",\"@graph\":[{\"@type\":\"WebPage\",\"@id\":\"https:\/\/www.excalibur-generator.com\/fr\/truelle-a-conducteur-porte-vs1046h\/\",\"url\":\"https:\/\/www.excalibur-generator.com\/fr\/truelle-a-conducteur-porte-vs1046h\/\",\"name\":\"Truelle \u00e0 conducteur port\u00e9 VS1046h &#8211; Excalibur Generator\",\"isPartOf\":{\"@id\":\"https:\/\/www.excalibur-generator.com\/fr\/#website\"},\"primaryImageOfPage\":{\"@id\":\"https:\/\/www.excalibur-generator.com\/fr\/truelle-a-conducteur-porte-vs1046h\/#primaryimage\"},\"image\":{\"@id\":\"https:\/\/www.excalibur-generator.com\/fr\/truelle-a-conducteur-porte-vs1046h\/#primaryimage\"},\"thumbnailUrl\":\"https:\/\/www.excalibur-generator.com\/wp-content\/uploads\/2025\/06\/VS1046H-Ride-on-Power-Trowel.jpg\",\"datePublished\":\"2025-06-24T07:45:33+00:00\",\"description\":\"La truelle \u00e9lectrique autoport\u00e9e VS1046H est dot\u00e9e d'un moteur de 25,4 kW, d'un entra\u00eenement hydraulique, de deux plateaux de 120 cm et de 10 lames durables de 65 Mn.\",\"breadcrumb\":{\"@id\":\"https:\/\/www.excalibur-generator.com\/fr\/truelle-a-conducteur-porte-vs1046h\/#breadcrumb\"},\"inLanguage\":\"fr-FR\",\"potentialAction\":[{\"@type\":\"ReadAction\",\"target\":[\"https:\/\/www.excalibur-generator.com\/fr\/truelle-a-conducteur-porte-vs1046h\/\"]}]},{\"@type\":\"ImageObject\",\"inLanguage\":\"fr-FR\",\"@id\":\"https:\/\/www.excalibur-generator.com\/fr\/truelle-a-conducteur-porte-vs1046h\/#primaryimage\",\"url\":\"https:\/\/www.excalibur-generator.com\/wp-content\/uploads\/2025\/06\/VS1046H-Ride-on-Power-Trowel.jpg\",\"contentUrl\":\"https:\/\/www.excalibur-generator.com\/wp-content\/uploads\/2025\/06\/VS1046H-Ride-on-Power-Trowel.jpg\",\"width\":800,\"height\":800,\"caption\":\"Truelle m\u00e9canique autoport\u00e9e VS1046H\"},{\"@type\":\"BreadcrumbList\",\"@id\":\"https:\/\/www.excalibur-generator.com\/fr\/truelle-a-conducteur-porte-vs1046h\/#breadcrumb\",\"itemListElement\":[{\"@type\":\"ListItem\",\"position\":1,\"name\":\"Home\",\"item\":\"https:\/\/www.excalibur-generator.com\/fr\/\"},{\"@type\":\"ListItem\",\"position\":2,\"name\":\"Produits\",\"item\":\"https:\/\/www.excalibur-generator.com\/fr\/produits\/\"},{\"@type\":\"ListItem\",\"position\":3,\"name\":\"Truelle \u00e0 conducteur port\u00e9 VS1046h\"}]},{\"@type\":\"WebSite\",\"@id\":\"https:\/\/www.excalibur-generator.com\/fr\/#website\",\"url\":\"https:\/\/www.excalibur-generator.com\/fr\/\",\"name\":\"Excalibur Generator\",\"description\":\"\",\"publisher\":{\"@id\":\"https:\/\/www.excalibur-generator.com\/fr\/#organization\"},\"potentialAction\":[{\"@type\":\"SearchAction\",\"target\":{\"@type\":\"EntryPoint\",\"urlTemplate\":\"https:\/\/www.excalibur-generator.com\/fr\/?s={search_term_string}\"},\"query-input\":{\"@type\":\"PropertyValueSpecification\",\"valueRequired\":true,\"valueName\":\"search_term_string\"}}],\"inLanguage\":\"fr-FR\"},{\"@type\":\"Organization\",\"@id\":\"https:\/\/www.excalibur-generator.com\/fr\/#organization\",\"name\":\"Excalibur Generator\",\"url\":\"https:\/\/www.excalibur-generator.com\/fr\/\",\"logo\":{\"@type\":\"ImageObject\",\"inLanguage\":\"fr-FR\",\"@id\":\"https:\/\/www.excalibur-generator.com\/fr\/#\/schema\/logo\/image\/\",\"url\":\"https:\/\/www.excalibur-generator.com\/wp-content\/uploads\/2024\/05\/EXCALIBUR.png\",\"contentUrl\":\"https:\/\/www.excalibur-generator.com\/wp-content\/uploads\/2024\/05\/EXCALIBUR.png\",\"width\":350,\"height\":79,\"caption\":\"Excalibur Generator\"},\"image\":{\"@id\":\"https:\/\/www.excalibur-generator.com\/fr\/#\/schema\/logo\/image\/\"}}]}<\/script>\n<!-- \/ Yoast SEO plugin. -->","yoast_head_json":{"title":"Truelle \u00e0 conducteur port\u00e9 VS1046h &#8211; Excalibur Generator","description":"La truelle \u00e9lectrique autoport\u00e9e VS1046H est dot\u00e9e d'un moteur de 25,4 kW, d'un entra\u00eenement hydraulique, de deux plateaux de 120 cm et de 10 lames durables de 65 Mn.","robots":{"index":"index","follow":"follow","max-snippet":"max-snippet:-1","max-image-preview":"max-image-preview:large","max-video-preview":"max-video-preview:-1"},"canonical":"https:\/\/www.excalibur-generator.com\/fr\/truelle-a-conducteur-porte-vs1046h\/","schema":{"@context":"https:\/\/schema.org","@graph":[{"@type":"WebPage","@id":"https:\/\/www.excalibur-generator.com\/fr\/truelle-a-conducteur-porte-vs1046h\/","url":"https:\/\/www.excalibur-generator.com\/fr\/truelle-a-conducteur-porte-vs1046h\/","name":"Truelle \u00e0 conducteur port\u00e9 VS1046h &#8211; Excalibur Generator","isPartOf":{"@id":"https:\/\/www.excalibur-generator.com\/fr\/#website"},"primaryImageOfPage":{"@id":"https:\/\/www.excalibur-generator.com\/fr\/truelle-a-conducteur-porte-vs1046h\/#primaryimage"},"image":{"@id":"https:\/\/www.excalibur-generator.com\/fr\/truelle-a-conducteur-porte-vs1046h\/#primaryimage"},"thumbnailUrl":"https:\/\/www.excalibur-generator.com\/wp-content\/uploads\/2025\/06\/VS1046H-Ride-on-Power-Trowel.jpg","datePublished":"2025-06-24T07:45:33+00:00","description":"La truelle \u00e9lectrique autoport\u00e9e VS1046H est dot\u00e9e d'un moteur de 25,4 kW, d'un entra\u00eenement hydraulique, de deux plateaux de 120 cm et de 10 lames durables de 65 Mn.","breadcrumb":{"@id":"https:\/\/www.excalibur-generator.com\/fr\/truelle-a-conducteur-porte-vs1046h\/#breadcrumb"},"inLanguage":"fr-FR","potentialAction":[{"@type":"ReadAction","target":["https:\/\/www.excalibur-generator.com\/fr\/truelle-a-conducteur-porte-vs1046h\/"]}]},{"@type":"ImageObject","inLanguage":"fr-FR","@id":"https:\/\/www.excalibur-generator.com\/fr\/truelle-a-conducteur-porte-vs1046h\/#primaryimage","url":"https:\/\/www.excalibur-generator.com\/wp-content\/uploads\/2025\/06\/VS1046H-Ride-on-Power-Trowel.jpg","contentUrl":"https:\/\/www.excalibur-generator.com\/wp-content\/uploads\/2025\/06\/VS1046H-Ride-on-Power-Trowel.jpg","width":800,"height":800,"caption":"Truelle m\u00e9canique autoport\u00e9e VS1046H"},{"@type":"BreadcrumbList","@id":"https:\/\/www.excalibur-generator.com\/fr\/truelle-a-conducteur-porte-vs1046h\/#breadcrumb","itemListElement":[{"@type":"ListItem","position":1,"name":"Home","item":"https:\/\/www.excalibur-generator.com\/fr\/"},{"@type":"ListItem","position":2,"name":"Produits","item":"https:\/\/www.excalibur-generator.com\/fr\/produits\/"},{"@type":"ListItem","position":3,"name":"Truelle \u00e0 conducteur port\u00e9 VS1046h"}]},{"@type":"WebSite","@id":"https:\/\/www.excalibur-generator.com\/fr\/#website","url":"https:\/\/www.excalibur-generator.com\/fr\/","name":"Excalibur Generator","description":"","publisher":{"@id":"https:\/\/www.excalibur-generator.com\/fr\/#organization"},"potentialAction":[{"@type":"SearchAction","target":{"@type":"EntryPoint","urlTemplate":"https:\/\/www.excalibur-generator.com\/fr\/?s={search_term_string}"},"query-input":{"@type":"PropertyValueSpecification","valueRequired":true,"valueName":"search_term_string"}}],"inLanguage":"fr-FR"},{"@type":"Organization","@id":"https:\/\/www.excalibur-generator.com\/fr\/#organization","name":"Excalibur Generator","url":"https:\/\/www.excalibur-generator.com\/fr\/","logo":{"@type":"ImageObject","inLanguage":"fr-FR","@id":"https:\/\/www.excalibur-generator.com\/fr\/#\/schema\/logo\/image\/","url":"https:\/\/www.excalibur-generator.com\/wp-content\/uploads\/2024\/05\/EXCALIBUR.png","contentUrl":"https:\/\/www.excalibur-generator.com\/wp-content\/uploads\/2024\/05\/EXCALIBUR.png","width":350,"height":79,"caption":"Excalibur Generator"},"image":{"@id":"https:\/\/www.excalibur-generator.com\/fr\/#\/schema\/logo\/image\/"}}]}},"_links":{"self":[{"href":"https:\/\/www.excalibur-generator.com\/fr\/wp-json\/wp\/v2\/product\/7219","targetHints":{"allow":["GET"]}}],"collection":[{"href":"https:\/\/www.excalibur-generator.com\/fr\/wp-json\/wp\/v2\/product"}],"about":[{"href":"https:\/\/www.excalibur-generator.com\/fr\/wp-json\/wp\/v2\/types\/product"}],"replies":[{"embeddable":true,"href":"https:\/\/www.excalibur-generator.com\/fr\/wp-json\/wp\/v2\/comments?post=7219"}],"wp:featuredmedia":[{"embeddable":true,"href":"https:\/\/www.excalibur-generator.com\/fr\/wp-json\/wp\/v2\/media\/7220"}],"wp:attachment":[{"href":"https:\/\/www.excalibur-generator.com\/fr\/wp-json\/wp\/v2\/media?parent=7219"}],"wp:term":[{"taxonomy":"product_brand","embeddable":true,"href":"https:\/\/www.excalibur-generator.com\/fr\/wp-json\/wp\/v2\/product_brand?post=7219"},{"taxonomy":"product_cat","embeddable":true,"href":"https:\/\/www.excalibur-generator.com\/fr\/wp-json\/wp\/v2\/product_cat?post=7219"},{"taxonomy":"product_tag","embeddable":true,"href":"https:\/\/www.excalibur-generator.com\/fr\/wp-json\/wp\/v2\/product_tag?post=7219"}],"curies":[{"name":"wp","href":"https:\/\/api.w.org\/{rel}","templated":true}]}}