{"id":7221,"date":"2025-06-24T15:40:48","date_gmt":"2025-06-24T07:40:48","guid":{"rendered":"https:\/\/www.excalibur-generator.com\/truelle-a-conducteur-porte-vs1046\/"},"modified":"2025-06-24T15:40:48","modified_gmt":"2025-06-24T07:40:48","slug":"truelle-a-conducteur-porte-vs1046","status":"publish","type":"product","link":"https:\/\/www.excalibur-generator.com\/fr\/truelle-a-conducteur-porte-vs1046\/","title":{"rendered":"Truelle \u00e0 conducteur port\u00e9 VS1046"},"content":{"rendered":"<table>\n<tbody>\n<tr>\n<td>TAPER<\/td>\n<td>VS1046<\/td>\n<\/tr>\n<tr>\n<td>TYPE DE MOTEUR<\/td>\n<td>BRIGGS &amp; STRATTON<\/td>\n<\/tr>\n<tr>\n<td>POUVOIR<\/td>\n<td>34HP<\/td>\n<\/tr>\n<tr>\n<td>MODE DE D\u00c9MARRAGE<\/td>\n<td>D\u00c9MARRAGE \u00c9LECTRIQUE<\/td>\n<\/tr>\n<tr>\n<td>TYPE DE CARBURANT<\/td>\n<td>PLUS DE 90# D&#8217;ESSENCE<\/td>\n<\/tr>\n<tr>\n<td>R\u00c9SERVOIR \u00c0 CARBURANT<\/td>\n<td>40L<\/td>\n<\/tr>\n<tr>\n<td>R\u00c9SERVOIR D&#8217;EAU<\/td>\n<td>40L<\/td>\n<\/tr>\n<tr>\n<td>MODE CONDUITE<\/td>\n<td>ENTRA\u00ceNEMENT M\u00c9CANIQUE<\/td>\n<\/tr>\n<tr>\n<td>DIAM\u00c8TRE DE TRAVAIL<\/td>\n<td>120CM*2<\/td>\n<\/tr>\n<tr>\n<td>VITESSE DE TRAVAIL<\/td>\n<td>140-170RPM<\/td>\n<\/tr>\n<tr>\n<td>QUANTIT\u00c9 DE LAMES<\/td>\n<td>5*2<\/td>\n<\/tr>\n<tr>\n<td>MAT\u00c9RIAU DE LA LAME<\/td>\n<td>65Mn<\/td>\n<\/tr>\n<tr>\n<td>TAILLE DE LA LAME<\/td>\n<td>450MM(L)X200MM(W)<\/td>\n<\/tr>\n<tr>\n<td>DIMENSION DU CONTOUR<\/td>\n<td>2.54M*1.30M*1.52M<\/td>\n<\/tr>\n<tr>\n<td>TAILLE DE L&#8217;EMBALLAGE<\/td>\n<td>2.65M*1.4,*1.6M<\/td>\n<\/tr>\n<tr>\n<td>POIDS NET<\/td>\n<td>480KGS<\/td>\n<\/tr>\n<tr>\n<td>POIDS DE L&#8217;EMBALLAGE<\/td>\n<td>550KGS<\/td>\n<\/tr>\n<\/tbody>\n<\/table>\n","protected":false},"excerpt":{"rendered":"<ul>\n<li>Les deux plateaux de 120 cm assurent une couverture de finition large et efficace<\/li>\n<li>Moteur Briggs &amp; Stratton 34 CV avec syst\u00e8me de d\u00e9marrage \u00e9lectrique<\/li>\n<li>Les grandes lames de 450 mm optimisent la finition de la surface du b\u00e9ton<\/li>\n<\/ul>\n","protected":false},"featured_media":7222,"comment_status":"open","ping_status":"closed","template":"","meta":{"site-sidebar-layout":"default","site-content-layout":"","ast-site-content-layout":"default","site-content-style":"default","site-sidebar-style":"default","ast-global-header-display":"","ast-banner-title-visibility":"","ast-main-header-display":"","ast-hfb-above-header-display":"","ast-hfb-below-header-display":"","ast-hfb-mobile-header-display":"","site-post-title":"","ast-breadcrumbs-content":"","ast-featured-img":"","footer-sml-layout":"","theme-transparent-header-meta":"default","adv-header-id-meta":"","stick-header-meta":"","header-above-stick-meta":"","header-main-stick-meta":"","header-below-stick-meta":"","astra-migrate-meta-layouts":"default","ast-page-background-enabled":"default","ast-page-background-meta":{"desktop":{"background-color":"var(--ast-global-color-4)","background-image":"","background-repeat":"repeat","background-position":"center center","background-size":"auto","background-attachment":"scroll","background-type":"","background-media":"","overlay-type":"","overlay-color":"","overlay-opacity":"","overlay-gradient":""},"tablet":{"background-color":"","background-image":"","background-repeat":"repeat","background-position":"center center","background-size":"auto","background-attachment":"scroll","background-type":"","background-media":"","overlay-type":"","overlay-color":"","overlay-opacity":"","overlay-gradient":""},"mobile":{"background-color":"","background-image":"","background-repeat":"repeat","background-position":"center center","background-size":"auto","background-attachment":"scroll","background-type":"","background-media":"","overlay-type":"","overlay-color":"","overlay-opacity":"","overlay-gradient":""}},"ast-content-background-meta":{"desktop":{"background-color":"var(--ast-global-color-5)","background-image":"","background-repeat":"repeat","background-position":"center center","background-size":"auto","background-attachment":"scroll","background-type":"","background-media":"","overlay-type":"","overlay-color":"","overlay-opacity":"","overlay-gradient":""},"tablet":{"background-color":"var(--ast-global-color-5)","background-image":"","background-repeat":"repeat","background-position":"center center","background-size":"auto","background-attachment":"scroll","background-type":"","background-media":"","overlay-type":"","overlay-color":"","overlay-opacity":"","overlay-gradient":""},"mobile":{"background-color":"var(--ast-global-color-5)","background-image":"","background-repeat":"repeat","background-position":"center center","background-size":"auto","background-attachment":"scroll","background-type":"","background-media":"","overlay-type":"","overlay-color":"","overlay-opacity":"","overlay-gradient":""}}},"product_brand":[],"product_cat":[84],"product_tag":[85],"class_list":{"0":"post-7221","1":"product","2":"type-product","3":"status-publish","4":"has-post-thumbnail","6":"product_cat-non-classe","7":"product_tag-truelle-a-conducteur-porte","8":"desktop-align-left","9":"tablet-align-left","10":"mobile-align-left","12":"first","13":"instock","14":"shipping-taxable","15":"product-type-simple"},"yoast_head":"<!-- This site is optimized with the Yoast SEO plugin v26.5 - https:\/\/yoast.com\/wordpress\/plugins\/seo\/ -->\n<title>Truelle \u00e0 conducteur port\u00e9 VS1046 &#8211; Excalibur Generator<\/title>\n<meta name=\"description\" content=\"La truelle m\u00e9canique autoport\u00e9e VS1046 est dot\u00e9e d&#039;un moteur de 34 CV, de deux plateaux de 120 cm, d&#039;un entra\u00eenement m\u00e9canique et d&#039;un d\u00e9marrage \u00e9lectrique pour une finition du b\u00e9ton \u00e0 haute efficacit\u00e9.\" \/>\n<meta name=\"robots\" content=\"index, follow, max-snippet:-1, max-image-preview:large, max-video-preview:-1\" \/>\n<link rel=\"canonical\" href=\"https:\/\/www.excalibur-generator.com\/fr\/truelle-a-conducteur-porte-vs1046\/\" \/>\n<script type=\"application\/ld+json\" class=\"yoast-schema-graph\">{\"@context\":\"https:\/\/schema.org\",\"@graph\":[{\"@type\":\"WebPage\",\"@id\":\"https:\/\/www.excalibur-generator.com\/fr\/truelle-a-conducteur-porte-vs1046\/\",\"url\":\"https:\/\/www.excalibur-generator.com\/fr\/truelle-a-conducteur-porte-vs1046\/\",\"name\":\"Truelle \u00e0 conducteur port\u00e9 VS1046 &#8211; Excalibur Generator\",\"isPartOf\":{\"@id\":\"https:\/\/www.excalibur-generator.com\/fr\/#website\"},\"primaryImageOfPage\":{\"@id\":\"https:\/\/www.excalibur-generator.com\/fr\/truelle-a-conducteur-porte-vs1046\/#primaryimage\"},\"image\":{\"@id\":\"https:\/\/www.excalibur-generator.com\/fr\/truelle-a-conducteur-porte-vs1046\/#primaryimage\"},\"thumbnailUrl\":\"https:\/\/www.excalibur-generator.com\/wp-content\/uploads\/2025\/06\/VS1046-Ride-on-Power-Trowel.jpg\",\"datePublished\":\"2025-06-24T07:40:48+00:00\",\"description\":\"La truelle m\u00e9canique autoport\u00e9e VS1046 est dot\u00e9e d'un moteur de 34 CV, de deux plateaux de 120 cm, d'un entra\u00eenement m\u00e9canique et d'un d\u00e9marrage \u00e9lectrique pour une finition du b\u00e9ton \u00e0 haute efficacit\u00e9.\",\"breadcrumb\":{\"@id\":\"https:\/\/www.excalibur-generator.com\/fr\/truelle-a-conducteur-porte-vs1046\/#breadcrumb\"},\"inLanguage\":\"fr-FR\",\"potentialAction\":[{\"@type\":\"ReadAction\",\"target\":[\"https:\/\/www.excalibur-generator.com\/fr\/truelle-a-conducteur-porte-vs1046\/\"]}]},{\"@type\":\"ImageObject\",\"inLanguage\":\"fr-FR\",\"@id\":\"https:\/\/www.excalibur-generator.com\/fr\/truelle-a-conducteur-porte-vs1046\/#primaryimage\",\"url\":\"https:\/\/www.excalibur-generator.com\/wp-content\/uploads\/2025\/06\/VS1046-Ride-on-Power-Trowel.jpg\",\"contentUrl\":\"https:\/\/www.excalibur-generator.com\/wp-content\/uploads\/2025\/06\/VS1046-Ride-on-Power-Trowel.jpg\",\"width\":800,\"height\":800,\"caption\":\"Truelle m\u00e9canique autoport\u00e9e VS1046\"},{\"@type\":\"BreadcrumbList\",\"@id\":\"https:\/\/www.excalibur-generator.com\/fr\/truelle-a-conducteur-porte-vs1046\/#breadcrumb\",\"itemListElement\":[{\"@type\":\"ListItem\",\"position\":1,\"name\":\"Home\",\"item\":\"https:\/\/www.excalibur-generator.com\/fr\/\"},{\"@type\":\"ListItem\",\"position\":2,\"name\":\"Produits\",\"item\":\"https:\/\/www.excalibur-generator.com\/fr\/produits\/\"},{\"@type\":\"ListItem\",\"position\":3,\"name\":\"Truelle \u00e0 conducteur port\u00e9 VS1046\"}]},{\"@type\":\"WebSite\",\"@id\":\"https:\/\/www.excalibur-generator.com\/fr\/#website\",\"url\":\"https:\/\/www.excalibur-generator.com\/fr\/\",\"name\":\"Excalibur Generator\",\"description\":\"\",\"publisher\":{\"@id\":\"https:\/\/www.excalibur-generator.com\/fr\/#organization\"},\"potentialAction\":[{\"@type\":\"SearchAction\",\"target\":{\"@type\":\"EntryPoint\",\"urlTemplate\":\"https:\/\/www.excalibur-generator.com\/fr\/?s={search_term_string}\"},\"query-input\":{\"@type\":\"PropertyValueSpecification\",\"valueRequired\":true,\"valueName\":\"search_term_string\"}}],\"inLanguage\":\"fr-FR\"},{\"@type\":\"Organization\",\"@id\":\"https:\/\/www.excalibur-generator.com\/fr\/#organization\",\"name\":\"Excalibur Generator\",\"url\":\"https:\/\/www.excalibur-generator.com\/fr\/\",\"logo\":{\"@type\":\"ImageObject\",\"inLanguage\":\"fr-FR\",\"@id\":\"https:\/\/www.excalibur-generator.com\/fr\/#\/schema\/logo\/image\/\",\"url\":\"https:\/\/www.excalibur-generator.com\/wp-content\/uploads\/2024\/05\/EXCALIBUR.png\",\"contentUrl\":\"https:\/\/www.excalibur-generator.com\/wp-content\/uploads\/2024\/05\/EXCALIBUR.png\",\"width\":350,\"height\":79,\"caption\":\"Excalibur Generator\"},\"image\":{\"@id\":\"https:\/\/www.excalibur-generator.com\/fr\/#\/schema\/logo\/image\/\"}}]}<\/script>\n<!-- \/ Yoast SEO plugin. -->","yoast_head_json":{"title":"Truelle \u00e0 conducteur port\u00e9 VS1046 &#8211; Excalibur Generator","description":"La truelle m\u00e9canique autoport\u00e9e VS1046 est dot\u00e9e d'un moteur de 34 CV, de deux plateaux de 120 cm, d'un entra\u00eenement m\u00e9canique et d'un d\u00e9marrage \u00e9lectrique pour une finition du b\u00e9ton \u00e0 haute efficacit\u00e9.","robots":{"index":"index","follow":"follow","max-snippet":"max-snippet:-1","max-image-preview":"max-image-preview:large","max-video-preview":"max-video-preview:-1"},"canonical":"https:\/\/www.excalibur-generator.com\/fr\/truelle-a-conducteur-porte-vs1046\/","schema":{"@context":"https:\/\/schema.org","@graph":[{"@type":"WebPage","@id":"https:\/\/www.excalibur-generator.com\/fr\/truelle-a-conducteur-porte-vs1046\/","url":"https:\/\/www.excalibur-generator.com\/fr\/truelle-a-conducteur-porte-vs1046\/","name":"Truelle \u00e0 conducteur port\u00e9 VS1046 &#8211; Excalibur Generator","isPartOf":{"@id":"https:\/\/www.excalibur-generator.com\/fr\/#website"},"primaryImageOfPage":{"@id":"https:\/\/www.excalibur-generator.com\/fr\/truelle-a-conducteur-porte-vs1046\/#primaryimage"},"image":{"@id":"https:\/\/www.excalibur-generator.com\/fr\/truelle-a-conducteur-porte-vs1046\/#primaryimage"},"thumbnailUrl":"https:\/\/www.excalibur-generator.com\/wp-content\/uploads\/2025\/06\/VS1046-Ride-on-Power-Trowel.jpg","datePublished":"2025-06-24T07:40:48+00:00","description":"La truelle m\u00e9canique autoport\u00e9e VS1046 est dot\u00e9e d'un moteur de 34 CV, de deux plateaux de 120 cm, d'un entra\u00eenement m\u00e9canique et d'un d\u00e9marrage \u00e9lectrique pour une finition du b\u00e9ton \u00e0 haute efficacit\u00e9.","breadcrumb":{"@id":"https:\/\/www.excalibur-generator.com\/fr\/truelle-a-conducteur-porte-vs1046\/#breadcrumb"},"inLanguage":"fr-FR","potentialAction":[{"@type":"ReadAction","target":["https:\/\/www.excalibur-generator.com\/fr\/truelle-a-conducteur-porte-vs1046\/"]}]},{"@type":"ImageObject","inLanguage":"fr-FR","@id":"https:\/\/www.excalibur-generator.com\/fr\/truelle-a-conducteur-porte-vs1046\/#primaryimage","url":"https:\/\/www.excalibur-generator.com\/wp-content\/uploads\/2025\/06\/VS1046-Ride-on-Power-Trowel.jpg","contentUrl":"https:\/\/www.excalibur-generator.com\/wp-content\/uploads\/2025\/06\/VS1046-Ride-on-Power-Trowel.jpg","width":800,"height":800,"caption":"Truelle m\u00e9canique autoport\u00e9e VS1046"},{"@type":"BreadcrumbList","@id":"https:\/\/www.excalibur-generator.com\/fr\/truelle-a-conducteur-porte-vs1046\/#breadcrumb","itemListElement":[{"@type":"ListItem","position":1,"name":"Home","item":"https:\/\/www.excalibur-generator.com\/fr\/"},{"@type":"ListItem","position":2,"name":"Produits","item":"https:\/\/www.excalibur-generator.com\/fr\/produits\/"},{"@type":"ListItem","position":3,"name":"Truelle \u00e0 conducteur port\u00e9 VS1046"}]},{"@type":"WebSite","@id":"https:\/\/www.excalibur-generator.com\/fr\/#website","url":"https:\/\/www.excalibur-generator.com\/fr\/","name":"Excalibur Generator","description":"","publisher":{"@id":"https:\/\/www.excalibur-generator.com\/fr\/#organization"},"potentialAction":[{"@type":"SearchAction","target":{"@type":"EntryPoint","urlTemplate":"https:\/\/www.excalibur-generator.com\/fr\/?s={search_term_string}"},"query-input":{"@type":"PropertyValueSpecification","valueRequired":true,"valueName":"search_term_string"}}],"inLanguage":"fr-FR"},{"@type":"Organization","@id":"https:\/\/www.excalibur-generator.com\/fr\/#organization","name":"Excalibur Generator","url":"https:\/\/www.excalibur-generator.com\/fr\/","logo":{"@type":"ImageObject","inLanguage":"fr-FR","@id":"https:\/\/www.excalibur-generator.com\/fr\/#\/schema\/logo\/image\/","url":"https:\/\/www.excalibur-generator.com\/wp-content\/uploads\/2024\/05\/EXCALIBUR.png","contentUrl":"https:\/\/www.excalibur-generator.com\/wp-content\/uploads\/2024\/05\/EXCALIBUR.png","width":350,"height":79,"caption":"Excalibur Generator"},"image":{"@id":"https:\/\/www.excalibur-generator.com\/fr\/#\/schema\/logo\/image\/"}}]}},"_links":{"self":[{"href":"https:\/\/www.excalibur-generator.com\/fr\/wp-json\/wp\/v2\/product\/7221","targetHints":{"allow":["GET"]}}],"collection":[{"href":"https:\/\/www.excalibur-generator.com\/fr\/wp-json\/wp\/v2\/product"}],"about":[{"href":"https:\/\/www.excalibur-generator.com\/fr\/wp-json\/wp\/v2\/types\/product"}],"replies":[{"embeddable":true,"href":"https:\/\/www.excalibur-generator.com\/fr\/wp-json\/wp\/v2\/comments?post=7221"}],"wp:featuredmedia":[{"embeddable":true,"href":"https:\/\/www.excalibur-generator.com\/fr\/wp-json\/wp\/v2\/media\/7222"}],"wp:attachment":[{"href":"https:\/\/www.excalibur-generator.com\/fr\/wp-json\/wp\/v2\/media?parent=7221"}],"wp:term":[{"taxonomy":"product_brand","embeddable":true,"href":"https:\/\/www.excalibur-generator.com\/fr\/wp-json\/wp\/v2\/product_brand?post=7221"},{"taxonomy":"product_cat","embeddable":true,"href":"https:\/\/www.excalibur-generator.com\/fr\/wp-json\/wp\/v2\/product_cat?post=7221"},{"taxonomy":"product_tag","embeddable":true,"href":"https:\/\/www.excalibur-generator.com\/fr\/wp-json\/wp\/v2\/product_tag?post=7221"}],"curies":[{"name":"wp","href":"https:\/\/api.w.org\/{rel}","templated":true}]}}