{"id":7223,"date":"2025-06-23T17:07:52","date_gmt":"2025-06-23T09:07:52","guid":{"rendered":"https:\/\/www.excalibur-generator.com\/truelle-a-conducteur-porte-vs836\/"},"modified":"2025-06-23T17:07:52","modified_gmt":"2025-06-23T09:07:52","slug":"truelle-a-conducteur-porte-vs836","status":"publish","type":"product","link":"https:\/\/www.excalibur-generator.com\/fr\/truelle-a-conducteur-porte-vs836\/","title":{"rendered":"Truelle \u00e0 conducteur port\u00e9 VS836"},"content":{"rendered":"<table>\n<tbody>\n<tr>\n<td>Mod\u00e8le<\/td>\n<td>VS836<\/td>\n<\/tr>\n<tr>\n<td>Dimension (mm)<\/td>\n<td>2000(L)\u00d71000(W)\u00d71350(H)<\/td>\n<\/tr>\n<tr>\n<td>Poids total<\/td>\n<td>360Kg<\/td>\n<\/tr>\n<tr>\n<td>Vitesse de la lame (max.)<\/td>\n<td>150 tr\/min \u00b1 10 tr\/min (lorsque le moteur tourne \u00e0 3 600 tr\/min)<\/td>\n<\/tr>\n<tr>\n<td>Moteur<\/td>\n<td>HONDA GX690<\/td>\n<\/tr>\n<tr>\n<td>Type de carburant<\/td>\n<td>Plus de 90# d&#8217;essence<\/td>\n<\/tr>\n<tr>\n<td>Huile de lubrification du moteur<\/td>\n<td>SAE30<\/td>\n<\/tr>\n<tr>\n<td>Huile pour bo\u00eete de r\u00e9duction<\/td>\n<td>Huile synth\u00e9tique sp\u00e9ciale Vanse<\/td>\n<\/tr>\n<tr>\n<td>R\u00e9servoir d&#8217;eau et r\u00e9servoir de carburant<\/td>\n<td>20L<\/td>\n<\/tr>\n<tr>\n<td>Mode de contr\u00f4le<\/td>\n<td>Entra\u00eenement m\u00e9canique<\/td>\n<\/tr>\n<\/tbody>\n<\/table>\n","protected":false},"excerpt":{"rendered":"<ul>\n<li>Puissant moteur Honda GX690, vitesse maximale de la lame 150 tr\/min.<\/li>\n<li>Entra\u00eenement m\u00e9canique, contr\u00f4le stable, r\u00e9servoir de carburant int\u00e9gr\u00e9 de 20 L.<\/li>\n<li>Taille compacte, poids de 360 kg, id\u00e9al pour la finition de grands sols.<\/li>\n<\/ul>\n","protected":false},"featured_media":7224,"comment_status":"open","ping_status":"closed","template":"","meta":{"site-sidebar-layout":"default","site-content-layout":"","ast-site-content-layout":"default","site-content-style":"default","site-sidebar-style":"default","ast-global-header-display":"","ast-banner-title-visibility":"","ast-main-header-display":"","ast-hfb-above-header-display":"","ast-hfb-below-header-display":"","ast-hfb-mobile-header-display":"","site-post-title":"","ast-breadcrumbs-content":"","ast-featured-img":"","footer-sml-layout":"","theme-transparent-header-meta":"default","adv-header-id-meta":"","stick-header-meta":"","header-above-stick-meta":"","header-main-stick-meta":"","header-below-stick-meta":"","astra-migrate-meta-layouts":"default","ast-page-background-enabled":"default","ast-page-background-meta":{"desktop":{"background-color":"var(--ast-global-color-4)","background-image":"","background-repeat":"repeat","background-position":"center center","background-size":"auto","background-attachment":"scroll","background-type":"","background-media":"","overlay-type":"","overlay-color":"","overlay-opacity":"","overlay-gradient":""},"tablet":{"background-color":"","background-image":"","background-repeat":"repeat","background-position":"center center","background-size":"auto","background-attachment":"scroll","background-type":"","background-media":"","overlay-type":"","overlay-color":"","overlay-opacity":"","overlay-gradient":""},"mobile":{"background-color":"","background-image":"","background-repeat":"repeat","background-position":"center center","background-size":"auto","background-attachment":"scroll","background-type":"","background-media":"","overlay-type":"","overlay-color":"","overlay-opacity":"","overlay-gradient":""}},"ast-content-background-meta":{"desktop":{"background-color":"var(--ast-global-color-5)","background-image":"","background-repeat":"repeat","background-position":"center center","background-size":"auto","background-attachment":"scroll","background-type":"","background-media":"","overlay-type":"","overlay-color":"","overlay-opacity":"","overlay-gradient":""},"tablet":{"background-color":"var(--ast-global-color-5)","background-image":"","background-repeat":"repeat","background-position":"center center","background-size":"auto","background-attachment":"scroll","background-type":"","background-media":"","overlay-type":"","overlay-color":"","overlay-opacity":"","overlay-gradient":""},"mobile":{"background-color":"var(--ast-global-color-5)","background-image":"","background-repeat":"repeat","background-position":"center center","background-size":"auto","background-attachment":"scroll","background-type":"","background-media":"","overlay-type":"","overlay-color":"","overlay-opacity":"","overlay-gradient":""}}},"product_brand":[],"product_cat":[84],"product_tag":[85],"class_list":{"0":"post-7223","1":"product","2":"type-product","3":"status-publish","4":"has-post-thumbnail","6":"product_cat-non-classe","7":"product_tag-truelle-a-conducteur-porte","8":"desktop-align-left","9":"tablet-align-left","10":"mobile-align-left","12":"first","13":"instock","14":"shipping-taxable","15":"product-type-simple"},"yoast_head":"<!-- This site is optimized with the Yoast SEO plugin v26.5 - https:\/\/yoast.com\/wordpress\/plugins\/seo\/ -->\n<title>Truelle \u00e0 conducteur port\u00e9 VS836 &#8211; Excalibur Generator<\/title>\n<meta name=\"description\" content=\"Truelle m\u00e9canique autoport\u00e9e VS836 avec moteur Honda GX690, vitesse de 150 tr\/min, entra\u00eenement m\u00e9canique et capacit\u00e9 de r\u00e9servoir double de 20 L.\" \/>\n<meta name=\"robots\" content=\"index, follow, max-snippet:-1, max-image-preview:large, max-video-preview:-1\" \/>\n<link rel=\"canonical\" href=\"https:\/\/www.excalibur-generator.com\/fr\/truelle-a-conducteur-porte-vs836\/\" \/>\n<script type=\"application\/ld+json\" class=\"yoast-schema-graph\">{\"@context\":\"https:\/\/schema.org\",\"@graph\":[{\"@type\":\"WebPage\",\"@id\":\"https:\/\/www.excalibur-generator.com\/fr\/truelle-a-conducteur-porte-vs836\/\",\"url\":\"https:\/\/www.excalibur-generator.com\/fr\/truelle-a-conducteur-porte-vs836\/\",\"name\":\"Truelle \u00e0 conducteur port\u00e9 VS836 &#8211; Excalibur Generator\",\"isPartOf\":{\"@id\":\"https:\/\/www.excalibur-generator.com\/fr\/#website\"},\"primaryImageOfPage\":{\"@id\":\"https:\/\/www.excalibur-generator.com\/fr\/truelle-a-conducteur-porte-vs836\/#primaryimage\"},\"image\":{\"@id\":\"https:\/\/www.excalibur-generator.com\/fr\/truelle-a-conducteur-porte-vs836\/#primaryimage\"},\"thumbnailUrl\":\"https:\/\/www.excalibur-generator.com\/wp-content\/uploads\/2025\/06\/VS836-Ride-on-Power-Trowel.jpg\",\"datePublished\":\"2025-06-23T09:07:52+00:00\",\"description\":\"Truelle m\u00e9canique autoport\u00e9e VS836 avec moteur Honda GX690, vitesse de 150 tr\/min, entra\u00eenement m\u00e9canique et capacit\u00e9 de r\u00e9servoir double de 20 L.\",\"breadcrumb\":{\"@id\":\"https:\/\/www.excalibur-generator.com\/fr\/truelle-a-conducteur-porte-vs836\/#breadcrumb\"},\"inLanguage\":\"fr-FR\",\"potentialAction\":[{\"@type\":\"ReadAction\",\"target\":[\"https:\/\/www.excalibur-generator.com\/fr\/truelle-a-conducteur-porte-vs836\/\"]}]},{\"@type\":\"ImageObject\",\"inLanguage\":\"fr-FR\",\"@id\":\"https:\/\/www.excalibur-generator.com\/fr\/truelle-a-conducteur-porte-vs836\/#primaryimage\",\"url\":\"https:\/\/www.excalibur-generator.com\/wp-content\/uploads\/2025\/06\/VS836-Ride-on-Power-Trowel.jpg\",\"contentUrl\":\"https:\/\/www.excalibur-generator.com\/wp-content\/uploads\/2025\/06\/VS836-Ride-on-Power-Trowel.jpg\",\"width\":800,\"height\":800,\"caption\":\"Truelle m\u00e9canique autoport\u00e9e VS836\"},{\"@type\":\"BreadcrumbList\",\"@id\":\"https:\/\/www.excalibur-generator.com\/fr\/truelle-a-conducteur-porte-vs836\/#breadcrumb\",\"itemListElement\":[{\"@type\":\"ListItem\",\"position\":1,\"name\":\"Home\",\"item\":\"https:\/\/www.excalibur-generator.com\/fr\/\"},{\"@type\":\"ListItem\",\"position\":2,\"name\":\"Produits\",\"item\":\"https:\/\/www.excalibur-generator.com\/fr\/produits\/\"},{\"@type\":\"ListItem\",\"position\":3,\"name\":\"Truelle \u00e0 conducteur port\u00e9 VS836\"}]},{\"@type\":\"WebSite\",\"@id\":\"https:\/\/www.excalibur-generator.com\/fr\/#website\",\"url\":\"https:\/\/www.excalibur-generator.com\/fr\/\",\"name\":\"Excalibur Generator\",\"description\":\"\",\"publisher\":{\"@id\":\"https:\/\/www.excalibur-generator.com\/fr\/#organization\"},\"potentialAction\":[{\"@type\":\"SearchAction\",\"target\":{\"@type\":\"EntryPoint\",\"urlTemplate\":\"https:\/\/www.excalibur-generator.com\/fr\/?s={search_term_string}\"},\"query-input\":{\"@type\":\"PropertyValueSpecification\",\"valueRequired\":true,\"valueName\":\"search_term_string\"}}],\"inLanguage\":\"fr-FR\"},{\"@type\":\"Organization\",\"@id\":\"https:\/\/www.excalibur-generator.com\/fr\/#organization\",\"name\":\"Excalibur Generator\",\"url\":\"https:\/\/www.excalibur-generator.com\/fr\/\",\"logo\":{\"@type\":\"ImageObject\",\"inLanguage\":\"fr-FR\",\"@id\":\"https:\/\/www.excalibur-generator.com\/fr\/#\/schema\/logo\/image\/\",\"url\":\"https:\/\/www.excalibur-generator.com\/wp-content\/uploads\/2024\/05\/EXCALIBUR.png\",\"contentUrl\":\"https:\/\/www.excalibur-generator.com\/wp-content\/uploads\/2024\/05\/EXCALIBUR.png\",\"width\":350,\"height\":79,\"caption\":\"Excalibur Generator\"},\"image\":{\"@id\":\"https:\/\/www.excalibur-generator.com\/fr\/#\/schema\/logo\/image\/\"}}]}<\/script>\n<!-- \/ Yoast SEO plugin. -->","yoast_head_json":{"title":"Truelle \u00e0 conducteur port\u00e9 VS836 &#8211; Excalibur Generator","description":"Truelle m\u00e9canique autoport\u00e9e VS836 avec moteur Honda GX690, vitesse de 150 tr\/min, entra\u00eenement m\u00e9canique et capacit\u00e9 de r\u00e9servoir double de 20 L.","robots":{"index":"index","follow":"follow","max-snippet":"max-snippet:-1","max-image-preview":"max-image-preview:large","max-video-preview":"max-video-preview:-1"},"canonical":"https:\/\/www.excalibur-generator.com\/fr\/truelle-a-conducteur-porte-vs836\/","schema":{"@context":"https:\/\/schema.org","@graph":[{"@type":"WebPage","@id":"https:\/\/www.excalibur-generator.com\/fr\/truelle-a-conducteur-porte-vs836\/","url":"https:\/\/www.excalibur-generator.com\/fr\/truelle-a-conducteur-porte-vs836\/","name":"Truelle \u00e0 conducteur port\u00e9 VS836 &#8211; Excalibur Generator","isPartOf":{"@id":"https:\/\/www.excalibur-generator.com\/fr\/#website"},"primaryImageOfPage":{"@id":"https:\/\/www.excalibur-generator.com\/fr\/truelle-a-conducteur-porte-vs836\/#primaryimage"},"image":{"@id":"https:\/\/www.excalibur-generator.com\/fr\/truelle-a-conducteur-porte-vs836\/#primaryimage"},"thumbnailUrl":"https:\/\/www.excalibur-generator.com\/wp-content\/uploads\/2025\/06\/VS836-Ride-on-Power-Trowel.jpg","datePublished":"2025-06-23T09:07:52+00:00","description":"Truelle m\u00e9canique autoport\u00e9e VS836 avec moteur Honda GX690, vitesse de 150 tr\/min, entra\u00eenement m\u00e9canique et capacit\u00e9 de r\u00e9servoir double de 20 L.","breadcrumb":{"@id":"https:\/\/www.excalibur-generator.com\/fr\/truelle-a-conducteur-porte-vs836\/#breadcrumb"},"inLanguage":"fr-FR","potentialAction":[{"@type":"ReadAction","target":["https:\/\/www.excalibur-generator.com\/fr\/truelle-a-conducteur-porte-vs836\/"]}]},{"@type":"ImageObject","inLanguage":"fr-FR","@id":"https:\/\/www.excalibur-generator.com\/fr\/truelle-a-conducteur-porte-vs836\/#primaryimage","url":"https:\/\/www.excalibur-generator.com\/wp-content\/uploads\/2025\/06\/VS836-Ride-on-Power-Trowel.jpg","contentUrl":"https:\/\/www.excalibur-generator.com\/wp-content\/uploads\/2025\/06\/VS836-Ride-on-Power-Trowel.jpg","width":800,"height":800,"caption":"Truelle m\u00e9canique autoport\u00e9e VS836"},{"@type":"BreadcrumbList","@id":"https:\/\/www.excalibur-generator.com\/fr\/truelle-a-conducteur-porte-vs836\/#breadcrumb","itemListElement":[{"@type":"ListItem","position":1,"name":"Home","item":"https:\/\/www.excalibur-generator.com\/fr\/"},{"@type":"ListItem","position":2,"name":"Produits","item":"https:\/\/www.excalibur-generator.com\/fr\/produits\/"},{"@type":"ListItem","position":3,"name":"Truelle \u00e0 conducteur port\u00e9 VS836"}]},{"@type":"WebSite","@id":"https:\/\/www.excalibur-generator.com\/fr\/#website","url":"https:\/\/www.excalibur-generator.com\/fr\/","name":"Excalibur Generator","description":"","publisher":{"@id":"https:\/\/www.excalibur-generator.com\/fr\/#organization"},"potentialAction":[{"@type":"SearchAction","target":{"@type":"EntryPoint","urlTemplate":"https:\/\/www.excalibur-generator.com\/fr\/?s={search_term_string}"},"query-input":{"@type":"PropertyValueSpecification","valueRequired":true,"valueName":"search_term_string"}}],"inLanguage":"fr-FR"},{"@type":"Organization","@id":"https:\/\/www.excalibur-generator.com\/fr\/#organization","name":"Excalibur Generator","url":"https:\/\/www.excalibur-generator.com\/fr\/","logo":{"@type":"ImageObject","inLanguage":"fr-FR","@id":"https:\/\/www.excalibur-generator.com\/fr\/#\/schema\/logo\/image\/","url":"https:\/\/www.excalibur-generator.com\/wp-content\/uploads\/2024\/05\/EXCALIBUR.png","contentUrl":"https:\/\/www.excalibur-generator.com\/wp-content\/uploads\/2024\/05\/EXCALIBUR.png","width":350,"height":79,"caption":"Excalibur Generator"},"image":{"@id":"https:\/\/www.excalibur-generator.com\/fr\/#\/schema\/logo\/image\/"}}]}},"_links":{"self":[{"href":"https:\/\/www.excalibur-generator.com\/fr\/wp-json\/wp\/v2\/product\/7223","targetHints":{"allow":["GET"]}}],"collection":[{"href":"https:\/\/www.excalibur-generator.com\/fr\/wp-json\/wp\/v2\/product"}],"about":[{"href":"https:\/\/www.excalibur-generator.com\/fr\/wp-json\/wp\/v2\/types\/product"}],"replies":[{"embeddable":true,"href":"https:\/\/www.excalibur-generator.com\/fr\/wp-json\/wp\/v2\/comments?post=7223"}],"wp:featuredmedia":[{"embeddable":true,"href":"https:\/\/www.excalibur-generator.com\/fr\/wp-json\/wp\/v2\/media\/7224"}],"wp:attachment":[{"href":"https:\/\/www.excalibur-generator.com\/fr\/wp-json\/wp\/v2\/media?parent=7223"}],"wp:term":[{"taxonomy":"product_brand","embeddable":true,"href":"https:\/\/www.excalibur-generator.com\/fr\/wp-json\/wp\/v2\/product_brand?post=7223"},{"taxonomy":"product_cat","embeddable":true,"href":"https:\/\/www.excalibur-generator.com\/fr\/wp-json\/wp\/v2\/product_cat?post=7223"},{"taxonomy":"product_tag","embeddable":true,"href":"https:\/\/www.excalibur-generator.com\/fr\/wp-json\/wp\/v2\/product_tag?post=7223"}],"curies":[{"name":"wp","href":"https:\/\/api.w.org\/{rel}","templated":true}]}}