{"id":7227,"date":"2025-06-23T15:57:04","date_gmt":"2025-06-23T07:57:04","guid":{"rendered":"https:\/\/www.excalibur-generator.com\/truelle-a-conducteur-marchant-24-inch-36-inch-48-inch-st-serie\/"},"modified":"2025-06-23T15:57:04","modified_gmt":"2025-06-23T07:57:04","slug":"truelle-a-conducteur-marchant-24-inch-36-inch-48-inch-st-serie","status":"publish","type":"product","link":"https:\/\/www.excalibur-generator.com\/fr\/truelle-a-conducteur-marchant-24-inch-36-inch-48-inch-st-serie\/","title":{"rendered":"Truelle \u00e0 conducteur marchant 24 inch\/36 inch\/48 inch ST S\u00e9rie"},"content":{"rendered":"<h2>Structure du produit<\/h2>\n<table class=\"table0624\">\n<tbody>\n<tr>\n<td width=\"284\"><img fetchpriority=\"high\" decoding=\"async\" class=\"aligncenter wp-image-6376 size-full\" src=\"https:\/\/www.excalibur-generator.com\/wp-content\/uploads\/2025\/06\/Product-Structure.jpg\" alt=\"Structure du produit\" width=\"600\" height=\"600\" srcset=\"https:\/\/www.excalibur-generator.com\/wp-content\/uploads\/2025\/06\/Product-Structure.jpg 600w, https:\/\/www.excalibur-generator.com\/wp-content\/uploads\/2025\/06\/Product-Structure-300x300.jpg 300w, https:\/\/www.excalibur-generator.com\/wp-content\/uploads\/2025\/06\/Product-Structure-150x150.jpg 150w, https:\/\/www.excalibur-generator.com\/wp-content\/uploads\/2025\/06\/Product-Structure-100x100.jpg 100w\" sizes=\"(max-width: 600px) 100vw, 600px\" \/><\/td>\n<td width=\"284\">1. La poign\u00e9e r\u00e9glable en hauteur assure un contr\u00f4le confortable<\/p>\n<p>2. Poign\u00e9e ing\u00e9nieusement con\u00e7ue pour faciliter l&#8217;acc\u00e8s de l&#8217;op\u00e9rateur depuis le poste de conduite<\/p>\n<p>3. Crochet de levage facile<\/p>\n<p>4. Bo\u00eete de vitesses en aluminium moul\u00e9<\/p>\n<p>5. Anneau de protection avec design de s\u00e9curit\u00e9<\/p>\n<p>&nbsp;<\/p>\n<p>&nbsp;<\/td>\n<\/tr>\n<\/tbody>\n<\/table>\n<h2>Option de produit<\/h2>\n<ul>\n<li>Truelle m\u00e9canique chrom\u00e9e disponible, toutes les couleurs peuvent \u00eatre personnalis\u00e9es<\/li>\n<li>Type de poign\u00e9e A, B, C au choix<\/li>\n<li>Le moteur \u00e9lectrique comme source d&#8217;\u00e9nergie<\/li>\n<\/ul>\n<table class=\"table0624\">\n<tbody>\n<tr>\n<td width=\"189\"><img decoding=\"async\" class=\"alignnone size-full wp-image-6386\" src=\"https:\/\/www.excalibur-generator.com\/wp-content\/uploads\/2025\/06\/handle-type-A.jpg\" alt=\"type de poign\u00e9e A\" width=\"600\" height=\"600\" srcset=\"https:\/\/www.excalibur-generator.com\/wp-content\/uploads\/2025\/06\/handle-type-A.jpg 600w, https:\/\/www.excalibur-generator.com\/wp-content\/uploads\/2025\/06\/handle-type-A-300x300.jpg 300w, https:\/\/www.excalibur-generator.com\/wp-content\/uploads\/2025\/06\/handle-type-A-150x150.jpg 150w, https:\/\/www.excalibur-generator.com\/wp-content\/uploads\/2025\/06\/handle-type-A-100x100.jpg 100w\" sizes=\"(max-width: 600px) 100vw, 600px\" \/><\/td>\n<td width=\"189\"><img decoding=\"async\" class=\"alignnone size-full wp-image-6389\" src=\"https:\/\/www.excalibur-generator.com\/wp-content\/uploads\/2025\/06\/handle-type-B.jpg\" alt=\"poign\u00e9e de type B\" width=\"600\" height=\"600\" srcset=\"https:\/\/www.excalibur-generator.com\/wp-content\/uploads\/2025\/06\/handle-type-B.jpg 600w, https:\/\/www.excalibur-generator.com\/wp-content\/uploads\/2025\/06\/handle-type-B-300x300.jpg 300w, https:\/\/www.excalibur-generator.com\/wp-content\/uploads\/2025\/06\/handle-type-B-150x150.jpg 150w, https:\/\/www.excalibur-generator.com\/wp-content\/uploads\/2025\/06\/handle-type-B-100x100.jpg 100w\" sizes=\"(max-width: 600px) 100vw, 600px\" \/><\/td>\n<td width=\"189\"><img loading=\"lazy\" decoding=\"async\" class=\"alignnone size-full wp-image-6392\" src=\"https:\/\/www.excalibur-generator.com\/wp-content\/uploads\/2025\/06\/handle-type-C.jpg\" alt=\"poign\u00e9e de type C\" width=\"600\" height=\"600\" srcset=\"https:\/\/www.excalibur-generator.com\/wp-content\/uploads\/2025\/06\/handle-type-C.jpg 600w, https:\/\/www.excalibur-generator.com\/wp-content\/uploads\/2025\/06\/handle-type-C-300x300.jpg 300w, https:\/\/www.excalibur-generator.com\/wp-content\/uploads\/2025\/06\/handle-type-C-150x150.jpg 150w, https:\/\/www.excalibur-generator.com\/wp-content\/uploads\/2025\/06\/handle-type-C-100x100.jpg 100w\" sizes=\"(max-width: 600px) 100vw, 600px\" \/><\/td>\n<\/tr>\n<tr>\n<td width=\"189\">Type de poign\u00e9e A<\/td>\n<td width=\"189\">Type de poign\u00e9e B<\/td>\n<td width=\"189\">Type de poign\u00e9e C<\/td>\n<\/tr>\n<\/tbody>\n<\/table>\n<h2>Param\u00e8tres du produit<\/h2>\n<table>\n<tbody>\n<tr>\n<td>Mod\u00e8le<\/td>\n<td>ST-24<\/td>\n<td>ST-30<\/td>\n<td>ST-36<\/td>\n<td>ST-48<\/td>\n<\/tr>\n<tr>\n<td>Diam\u00e8tre de la truelle (mm)<\/td>\n<td>600<\/td>\n<td>800<\/td>\n<td>1000<\/td>\n<td>1200<\/td>\n<\/tr>\n<tr>\n<td>Nombre de lames<\/td>\n<td>4<\/td>\n<td>4<\/td>\n<td>4<\/td>\n<td>4<\/td>\n<\/tr>\n<tr>\n<td>Vitesse de conduite (tr\/min)<\/td>\n<td>50-100<\/td>\n<td>50-100<\/td>\n<td>50-130<\/td>\n<td>70-145<\/td>\n<\/tr>\n<tr>\n<td>Dimensions de la lame (mm)<\/td>\n<td>220*130<\/td>\n<td>265*150<\/td>\n<td>350*150<\/td>\n<td>405*150<\/td>\n<\/tr>\n<tr>\n<td>Dimensions de l&#8217;emballage (L x l x H) mm<\/td>\n<td>600*600*660<\/td>\n<td>1000*1000*660<\/td>\n<td>1000*1000*660<\/td>\n<td>1200*1200*880<\/td>\n<\/tr>\n<tr>\n<td>Poids net (kg)<\/td>\n<td>60<\/td>\n<td>75<\/td>\n<td>75<\/td>\n<td>80<\/td>\n<\/tr>\n<tr>\n<td>Mod\u00e8le de moteur<\/td>\n<td>ROBIN EY20<br \/>\nHONDA GX160<br \/>\nLIFAN 200F<br \/>\nMOTEUR \u00c9LECTRIQUE<\/td>\n<td>ROBIN EY20<br \/>\nHONDA GX160<br \/>\nLIFAN 200F<br \/>\nMOTEUR \u00c9LECTRIQUE<\/td>\n<td>ROBIN EY20<br \/>\nHONDA GX160<br \/>\nLIFAN 200F<br \/>\nMOTEUR \u00c9LECTRIQUE<\/td>\n<td>HONDA GX270<br \/>\nLIFAN G270F<br \/>\nMOTEUR \u00c9LECTRIQUE<\/td>\n<\/tr>\n<\/tbody>\n<\/table>\n<p>&nbsp;<\/p>\n","protected":false},"excerpt":{"rendered":"<ul>\n<li>La conception \u00e0 quatre lames assure une finition du b\u00e9ton lisse et efficace.<\/li>\n<li>Plusieurs options de moteur : Honda, Robin, Lifan ou \u00e9lectrique.<\/li>\n<li>Les tailles de truelle varient de 600 mm \u00e0 1 200 mm de diam\u00e8tre.<\/li>\n<\/ul>\n","protected":false},"featured_media":7228,"comment_status":"open","ping_status":"closed","template":"","meta":{"site-sidebar-layout":"default","site-content-layout":"","ast-site-content-layout":"default","site-content-style":"default","site-sidebar-style":"default","ast-global-header-display":"","ast-banner-title-visibility":"","ast-main-header-display":"","ast-hfb-above-header-display":"","ast-hfb-below-header-display":"","ast-hfb-mobile-header-display":"","site-post-title":"","ast-breadcrumbs-content":"","ast-featured-img":"","footer-sml-layout":"","theme-transparent-header-meta":"default","adv-header-id-meta":"","stick-header-meta":"","header-above-stick-meta":"","header-main-stick-meta":"","header-below-stick-meta":"","astra-migrate-meta-layouts":"default","ast-page-background-enabled":"default","ast-page-background-meta":{"desktop":{"background-color":"var(--ast-global-color-4)","background-image":"","background-repeat":"repeat","background-position":"center center","background-size":"auto","background-attachment":"scroll","background-type":"","background-media":"","overlay-type":"","overlay-color":"","overlay-opacity":"","overlay-gradient":""},"tablet":{"background-color":"","background-image":"","background-repeat":"repeat","background-position":"center center","background-size":"auto","background-attachment":"scroll","background-type":"","background-media":"","overlay-type":"","overlay-color":"","overlay-opacity":"","overlay-gradient":""},"mobile":{"background-color":"","background-image":"","background-repeat":"repeat","background-position":"center center","background-size":"auto","background-attachment":"scroll","background-type":"","background-media":"","overlay-type":"","overlay-color":"","overlay-opacity":"","overlay-gradient":""}},"ast-content-background-meta":{"desktop":{"background-color":"var(--ast-global-color-5)","background-image":"","background-repeat":"repeat","background-position":"center center","background-size":"auto","background-attachment":"scroll","background-type":"","background-media":"","overlay-type":"","overlay-color":"","overlay-opacity":"","overlay-gradient":""},"tablet":{"background-color":"var(--ast-global-color-5)","background-image":"","background-repeat":"repeat","background-position":"center center","background-size":"auto","background-attachment":"scroll","background-type":"","background-media":"","overlay-type":"","overlay-color":"","overlay-opacity":"","overlay-gradient":""},"mobile":{"background-color":"var(--ast-global-color-5)","background-image":"","background-repeat":"repeat","background-position":"center center","background-size":"auto","background-attachment":"scroll","background-type":"","background-media":"","overlay-type":"","overlay-color":"","overlay-opacity":"","overlay-gradient":""}}},"product_brand":[],"product_cat":[],"product_tag":[],"class_list":{"0":"post-7227","1":"product","2":"type-product","3":"status-publish","4":"has-post-thumbnail","6":"desktop-align-left","7":"tablet-align-left","8":"mobile-align-left","10":"first","11":"instock","12":"shipping-taxable","13":"product-type-simple"},"yoast_head":"<!-- This site is optimized with the Yoast SEO plugin v26.5 - https:\/\/yoast.com\/wordpress\/plugins\/seo\/ -->\n<title>Truelle \u00e0 conducteur marchant 24 inch\/36 inch\/48 inch ST S\u00e9rie &#8211; Excalibur Generator<\/title>\n<meta name=\"description\" content=\"Les truelles m\u00e9caniques \u00e0 conducteur marchant de la s\u00e9rie ST offrent des diam\u00e8tres de 600 \u00e0 1 200 mm, 4 lames et des performances de finition du b\u00e9ton fluides et \u00e0 vitesse r\u00e9glable.\" \/>\n<meta name=\"robots\" content=\"index, follow, max-snippet:-1, max-image-preview:large, max-video-preview:-1\" \/>\n<link rel=\"canonical\" href=\"https:\/\/www.excalibur-generator.com\/fr\/truelle-a-conducteur-marchant-24-inch-36-inch-48-inch-st-serie\/\" \/>\n<meta name=\"twitter:label1\" content=\"Dur\u00e9e de lecture estim\u00e9e\" \/>\n\t<meta name=\"twitter:data1\" content=\"1 minute\" \/>\n<script type=\"application\/ld+json\" class=\"yoast-schema-graph\">{\"@context\":\"https:\/\/schema.org\",\"@graph\":[{\"@type\":\"WebPage\",\"@id\":\"https:\/\/www.excalibur-generator.com\/fr\/truelle-a-conducteur-marchant-24-inch-36-inch-48-inch-st-serie\/\",\"url\":\"https:\/\/www.excalibur-generator.com\/fr\/truelle-a-conducteur-marchant-24-inch-36-inch-48-inch-st-serie\/\",\"name\":\"Truelle \u00e0 conducteur marchant 24 inch\/36 inch\/48 inch ST S\u00e9rie &#8211; Excalibur Generator\",\"isPartOf\":{\"@id\":\"https:\/\/www.excalibur-generator.com\/fr\/#website\"},\"primaryImageOfPage\":{\"@id\":\"https:\/\/www.excalibur-generator.com\/fr\/truelle-a-conducteur-marchant-24-inch-36-inch-48-inch-st-serie\/#primaryimage\"},\"image\":{\"@id\":\"https:\/\/www.excalibur-generator.com\/fr\/truelle-a-conducteur-marchant-24-inch-36-inch-48-inch-st-serie\/#primaryimage\"},\"thumbnailUrl\":\"https:\/\/www.excalibur-generator.com\/wp-content\/uploads\/2025\/06\/24-inch36-inch48-inch-ST-Series-Walk-behind-Power-Trowel.jpg\",\"datePublished\":\"2025-06-23T07:57:04+00:00\",\"description\":\"Les truelles m\u00e9caniques \u00e0 conducteur marchant de la s\u00e9rie ST offrent des diam\u00e8tres de 600 \u00e0 1 200 mm, 4 lames et des performances de finition du b\u00e9ton fluides et \u00e0 vitesse r\u00e9glable.\",\"breadcrumb\":{\"@id\":\"https:\/\/www.excalibur-generator.com\/fr\/truelle-a-conducteur-marchant-24-inch-36-inch-48-inch-st-serie\/#breadcrumb\"},\"inLanguage\":\"fr-FR\",\"potentialAction\":[{\"@type\":\"ReadAction\",\"target\":[\"https:\/\/www.excalibur-generator.com\/fr\/truelle-a-conducteur-marchant-24-inch-36-inch-48-inch-st-serie\/\"]}]},{\"@type\":\"ImageObject\",\"inLanguage\":\"fr-FR\",\"@id\":\"https:\/\/www.excalibur-generator.com\/fr\/truelle-a-conducteur-marchant-24-inch-36-inch-48-inch-st-serie\/#primaryimage\",\"url\":\"https:\/\/www.excalibur-generator.com\/wp-content\/uploads\/2025\/06\/24-inch36-inch48-inch-ST-Series-Walk-behind-Power-Trowel.jpg\",\"contentUrl\":\"https:\/\/www.excalibur-generator.com\/wp-content\/uploads\/2025\/06\/24-inch36-inch48-inch-ST-Series-Walk-behind-Power-Trowel.jpg\",\"width\":800,\"height\":800,\"caption\":\"Truelle m\u00e9canique autoport\u00e9e s\u00e9rie ST de 24 pouces, 36 pouces, 48 pouces\"},{\"@type\":\"BreadcrumbList\",\"@id\":\"https:\/\/www.excalibur-generator.com\/fr\/truelle-a-conducteur-marchant-24-inch-36-inch-48-inch-st-serie\/#breadcrumb\",\"itemListElement\":[{\"@type\":\"ListItem\",\"position\":1,\"name\":\"Home\",\"item\":\"https:\/\/www.excalibur-generator.com\/fr\/\"},{\"@type\":\"ListItem\",\"position\":2,\"name\":\"Produits\",\"item\":\"https:\/\/www.excalibur-generator.com\/fr\/produits\/\"},{\"@type\":\"ListItem\",\"position\":3,\"name\":\"Truelle \u00e0 conducteur marchant 24 inch\/36 inch\/48 inch ST S\u00e9rie\"}]},{\"@type\":\"WebSite\",\"@id\":\"https:\/\/www.excalibur-generator.com\/fr\/#website\",\"url\":\"https:\/\/www.excalibur-generator.com\/fr\/\",\"name\":\"Excalibur Generator\",\"description\":\"\",\"publisher\":{\"@id\":\"https:\/\/www.excalibur-generator.com\/fr\/#organization\"},\"potentialAction\":[{\"@type\":\"SearchAction\",\"target\":{\"@type\":\"EntryPoint\",\"urlTemplate\":\"https:\/\/www.excalibur-generator.com\/fr\/?s={search_term_string}\"},\"query-input\":{\"@type\":\"PropertyValueSpecification\",\"valueRequired\":true,\"valueName\":\"search_term_string\"}}],\"inLanguage\":\"fr-FR\"},{\"@type\":\"Organization\",\"@id\":\"https:\/\/www.excalibur-generator.com\/fr\/#organization\",\"name\":\"Excalibur Generator\",\"url\":\"https:\/\/www.excalibur-generator.com\/fr\/\",\"logo\":{\"@type\":\"ImageObject\",\"inLanguage\":\"fr-FR\",\"@id\":\"https:\/\/www.excalibur-generator.com\/fr\/#\/schema\/logo\/image\/\",\"url\":\"https:\/\/www.excalibur-generator.com\/wp-content\/uploads\/2024\/05\/EXCALIBUR.png\",\"contentUrl\":\"https:\/\/www.excalibur-generator.com\/wp-content\/uploads\/2024\/05\/EXCALIBUR.png\",\"width\":350,\"height\":79,\"caption\":\"Excalibur Generator\"},\"image\":{\"@id\":\"https:\/\/www.excalibur-generator.com\/fr\/#\/schema\/logo\/image\/\"}}]}<\/script>\n<!-- \/ Yoast SEO plugin. -->","yoast_head_json":{"title":"Truelle \u00e0 conducteur marchant 24 inch\/36 inch\/48 inch ST S\u00e9rie &#8211; Excalibur Generator","description":"Les truelles m\u00e9caniques \u00e0 conducteur marchant de la s\u00e9rie ST offrent des diam\u00e8tres de 600 \u00e0 1 200 mm, 4 lames et des performances de finition du b\u00e9ton fluides et \u00e0 vitesse r\u00e9glable.","robots":{"index":"index","follow":"follow","max-snippet":"max-snippet:-1","max-image-preview":"max-image-preview:large","max-video-preview":"max-video-preview:-1"},"canonical":"https:\/\/www.excalibur-generator.com\/fr\/truelle-a-conducteur-marchant-24-inch-36-inch-48-inch-st-serie\/","twitter_misc":{"Dur\u00e9e de lecture estim\u00e9e":"1 minute"},"schema":{"@context":"https:\/\/schema.org","@graph":[{"@type":"WebPage","@id":"https:\/\/www.excalibur-generator.com\/fr\/truelle-a-conducteur-marchant-24-inch-36-inch-48-inch-st-serie\/","url":"https:\/\/www.excalibur-generator.com\/fr\/truelle-a-conducteur-marchant-24-inch-36-inch-48-inch-st-serie\/","name":"Truelle \u00e0 conducteur marchant 24 inch\/36 inch\/48 inch ST S\u00e9rie &#8211; Excalibur Generator","isPartOf":{"@id":"https:\/\/www.excalibur-generator.com\/fr\/#website"},"primaryImageOfPage":{"@id":"https:\/\/www.excalibur-generator.com\/fr\/truelle-a-conducteur-marchant-24-inch-36-inch-48-inch-st-serie\/#primaryimage"},"image":{"@id":"https:\/\/www.excalibur-generator.com\/fr\/truelle-a-conducteur-marchant-24-inch-36-inch-48-inch-st-serie\/#primaryimage"},"thumbnailUrl":"https:\/\/www.excalibur-generator.com\/wp-content\/uploads\/2025\/06\/24-inch36-inch48-inch-ST-Series-Walk-behind-Power-Trowel.jpg","datePublished":"2025-06-23T07:57:04+00:00","description":"Les truelles m\u00e9caniques \u00e0 conducteur marchant de la s\u00e9rie ST offrent des diam\u00e8tres de 600 \u00e0 1 200 mm, 4 lames et des performances de finition du b\u00e9ton fluides et \u00e0 vitesse r\u00e9glable.","breadcrumb":{"@id":"https:\/\/www.excalibur-generator.com\/fr\/truelle-a-conducteur-marchant-24-inch-36-inch-48-inch-st-serie\/#breadcrumb"},"inLanguage":"fr-FR","potentialAction":[{"@type":"ReadAction","target":["https:\/\/www.excalibur-generator.com\/fr\/truelle-a-conducteur-marchant-24-inch-36-inch-48-inch-st-serie\/"]}]},{"@type":"ImageObject","inLanguage":"fr-FR","@id":"https:\/\/www.excalibur-generator.com\/fr\/truelle-a-conducteur-marchant-24-inch-36-inch-48-inch-st-serie\/#primaryimage","url":"https:\/\/www.excalibur-generator.com\/wp-content\/uploads\/2025\/06\/24-inch36-inch48-inch-ST-Series-Walk-behind-Power-Trowel.jpg","contentUrl":"https:\/\/www.excalibur-generator.com\/wp-content\/uploads\/2025\/06\/24-inch36-inch48-inch-ST-Series-Walk-behind-Power-Trowel.jpg","width":800,"height":800,"caption":"Truelle m\u00e9canique autoport\u00e9e s\u00e9rie ST de 24 pouces, 36 pouces, 48 pouces"},{"@type":"BreadcrumbList","@id":"https:\/\/www.excalibur-generator.com\/fr\/truelle-a-conducteur-marchant-24-inch-36-inch-48-inch-st-serie\/#breadcrumb","itemListElement":[{"@type":"ListItem","position":1,"name":"Home","item":"https:\/\/www.excalibur-generator.com\/fr\/"},{"@type":"ListItem","position":2,"name":"Produits","item":"https:\/\/www.excalibur-generator.com\/fr\/produits\/"},{"@type":"ListItem","position":3,"name":"Truelle \u00e0 conducteur marchant 24 inch\/36 inch\/48 inch ST S\u00e9rie"}]},{"@type":"WebSite","@id":"https:\/\/www.excalibur-generator.com\/fr\/#website","url":"https:\/\/www.excalibur-generator.com\/fr\/","name":"Excalibur Generator","description":"","publisher":{"@id":"https:\/\/www.excalibur-generator.com\/fr\/#organization"},"potentialAction":[{"@type":"SearchAction","target":{"@type":"EntryPoint","urlTemplate":"https:\/\/www.excalibur-generator.com\/fr\/?s={search_term_string}"},"query-input":{"@type":"PropertyValueSpecification","valueRequired":true,"valueName":"search_term_string"}}],"inLanguage":"fr-FR"},{"@type":"Organization","@id":"https:\/\/www.excalibur-generator.com\/fr\/#organization","name":"Excalibur Generator","url":"https:\/\/www.excalibur-generator.com\/fr\/","logo":{"@type":"ImageObject","inLanguage":"fr-FR","@id":"https:\/\/www.excalibur-generator.com\/fr\/#\/schema\/logo\/image\/","url":"https:\/\/www.excalibur-generator.com\/wp-content\/uploads\/2024\/05\/EXCALIBUR.png","contentUrl":"https:\/\/www.excalibur-generator.com\/wp-content\/uploads\/2024\/05\/EXCALIBUR.png","width":350,"height":79,"caption":"Excalibur Generator"},"image":{"@id":"https:\/\/www.excalibur-generator.com\/fr\/#\/schema\/logo\/image\/"}}]}},"_links":{"self":[{"href":"https:\/\/www.excalibur-generator.com\/fr\/wp-json\/wp\/v2\/product\/7227","targetHints":{"allow":["GET"]}}],"collection":[{"href":"https:\/\/www.excalibur-generator.com\/fr\/wp-json\/wp\/v2\/product"}],"about":[{"href":"https:\/\/www.excalibur-generator.com\/fr\/wp-json\/wp\/v2\/types\/product"}],"replies":[{"embeddable":true,"href":"https:\/\/www.excalibur-generator.com\/fr\/wp-json\/wp\/v2\/comments?post=7227"}],"wp:featuredmedia":[{"embeddable":true,"href":"https:\/\/www.excalibur-generator.com\/fr\/wp-json\/wp\/v2\/media\/7228"}],"wp:attachment":[{"href":"https:\/\/www.excalibur-generator.com\/fr\/wp-json\/wp\/v2\/media?parent=7227"}],"wp:term":[{"taxonomy":"product_brand","embeddable":true,"href":"https:\/\/www.excalibur-generator.com\/fr\/wp-json\/wp\/v2\/product_brand?post=7227"},{"taxonomy":"product_cat","embeddable":true,"href":"https:\/\/www.excalibur-generator.com\/fr\/wp-json\/wp\/v2\/product_cat?post=7227"},{"taxonomy":"product_tag","embeddable":true,"href":"https:\/\/www.excalibur-generator.com\/fr\/wp-json\/wp\/v2\/product_tag?post=7227"}],"curies":[{"name":"wp","href":"https:\/\/api.w.org\/{rel}","templated":true}]}}