{"id":7247,"date":"2025-06-23T14:03:02","date_gmt":"2025-06-23T06:03:02","guid":{"rendered":"https:\/\/www.excalibur-generator.com\/compacteur-a-plaque-avant-sc-77\/"},"modified":"2025-06-23T14:03:02","modified_gmt":"2025-06-23T06:03:02","slug":"compacteur-a-plaque-avant-sc-77","status":"publish","type":"product","link":"https:\/\/www.excalibur-generator.com\/fr\/compacteur-a-plaque-avant-sc-77\/","title":{"rendered":"Compacteur \u00e0 plaque avant SC-77"},"content":{"rendered":"<table>\n<tbody>\n<tr>\n<td>Mod\u00e8le<\/td>\n<td>SC-77<\/td>\n<\/tr>\n<tr>\n<td>Taille de la plaque L*l (mm)<\/td>\n<td>560*370<\/td>\n<\/tr>\n<tr>\n<td>Vitesse de d\u00e9placement (m\/min)<\/td>\n<td>15-20<\/td>\n<\/tr>\n<tr>\n<td>Capacit\u00e9 de niveau limit\u00e9e<\/td>\n<td>20<\/td>\n<\/tr>\n<tr>\n<td>Fr\u00e9quence de vibration vpm (Hz)<\/td>\n<td>5600<\/td>\n<\/tr>\n<tr>\n<td>Force centrifuge (KN)<\/td>\n<td>10.5<\/td>\n<\/tr>\n<tr>\n<td>Option de mod\u00e8le de moteur<\/td>\n<td>Honda GX160\/Robin EY20\/Lifan 168F<br \/>\nMoteur diesel S173F \/ Moteur \u00e9lectrique 2,2 kW<\/td>\n<\/tr>\n<tr>\n<td>Syst\u00e8me de d\u00e9marrage<\/td>\n<td>D\u00e9marreur \u00e0 rappel<\/td>\n<\/tr>\n<tr>\n<td>Dimensions de l&#8217;emballage (L x l x H) mm<\/td>\n<td>850*530*670<\/td>\n<\/tr>\n<tr>\n<td>Poids net (kg)<\/td>\n<td>75<\/td>\n<\/tr>\n<\/tbody>\n<\/table>\n","protected":false},"excerpt":{"rendered":"<ul>\n<li>La plaque mince de 560 \u00d7 370 mm s&#8217;adapte facilement aux coins \u00e9troits du chantier.<\/li>\n<li>Fournit une force de 10,5 kN avec une fr\u00e9quence de vibration de 5 600 Hz.<\/li>\n<li>Prend en charge les moteurs Honda, Robin, Lifan, diesel ou \u00e9lectriques.<\/li>\n<\/ul>\n","protected":false},"featured_media":7248,"comment_status":"open","ping_status":"closed","template":"","meta":{"site-sidebar-layout":"default","site-content-layout":"","ast-site-content-layout":"default","site-content-style":"default","site-sidebar-style":"default","ast-global-header-display":"","ast-banner-title-visibility":"","ast-main-header-display":"","ast-hfb-above-header-display":"","ast-hfb-below-header-display":"","ast-hfb-mobile-header-display":"","site-post-title":"","ast-breadcrumbs-content":"","ast-featured-img":"","footer-sml-layout":"","theme-transparent-header-meta":"default","adv-header-id-meta":"","stick-header-meta":"","header-above-stick-meta":"","header-main-stick-meta":"","header-below-stick-meta":"","astra-migrate-meta-layouts":"default","ast-page-background-enabled":"default","ast-page-background-meta":{"desktop":{"background-color":"var(--ast-global-color-4)","background-image":"","background-repeat":"repeat","background-position":"center center","background-size":"auto","background-attachment":"scroll","background-type":"","background-media":"","overlay-type":"","overlay-color":"","overlay-opacity":"","overlay-gradient":""},"tablet":{"background-color":"","background-image":"","background-repeat":"repeat","background-position":"center center","background-size":"auto","background-attachment":"scroll","background-type":"","background-media":"","overlay-type":"","overlay-color":"","overlay-opacity":"","overlay-gradient":""},"mobile":{"background-color":"","background-image":"","background-repeat":"repeat","background-position":"center center","background-size":"auto","background-attachment":"scroll","background-type":"","background-media":"","overlay-type":"","overlay-color":"","overlay-opacity":"","overlay-gradient":""}},"ast-content-background-meta":{"desktop":{"background-color":"var(--ast-global-color-5)","background-image":"","background-repeat":"repeat","background-position":"center center","background-size":"auto","background-attachment":"scroll","background-type":"","background-media":"","overlay-type":"","overlay-color":"","overlay-opacity":"","overlay-gradient":""},"tablet":{"background-color":"var(--ast-global-color-5)","background-image":"","background-repeat":"repeat","background-position":"center center","background-size":"auto","background-attachment":"scroll","background-type":"","background-media":"","overlay-type":"","overlay-color":"","overlay-opacity":"","overlay-gradient":""},"mobile":{"background-color":"var(--ast-global-color-5)","background-image":"","background-repeat":"repeat","background-position":"center center","background-size":"auto","background-attachment":"scroll","background-type":"","background-media":"","overlay-type":"","overlay-color":"","overlay-opacity":"","overlay-gradient":""}}},"product_brand":[],"product_cat":[84],"product_tag":[86],"class_list":{"0":"post-7247","1":"product","2":"type-product","3":"status-publish","4":"has-post-thumbnail","6":"product_cat-non-classe","7":"product_tag-compacteur-a-plaque-avant","8":"desktop-align-left","9":"tablet-align-left","10":"mobile-align-left","12":"first","13":"instock","14":"shipping-taxable","15":"product-type-simple"},"yoast_head":"<!-- This site is optimized with the Yoast SEO plugin v26.5 - https:\/\/yoast.com\/wordpress\/plugins\/seo\/ -->\n<title>Compacteur \u00e0 plaque avant SC-77 &#8211; Excalibur Generator<\/title>\n<meta name=\"description\" content=\"Le compacteur \u00e0 plaque vibrante SC-77 fournit une force de 10,5 kN, une vibration de 5 600 Hz, compacte une plaque de 560 \u00d7 370 mm et plusieurs options de moteur.\" \/>\n<meta name=\"robots\" content=\"index, follow, max-snippet:-1, max-image-preview:large, max-video-preview:-1\" \/>\n<link rel=\"canonical\" href=\"https:\/\/www.excalibur-generator.com\/fr\/compacteur-a-plaque-avant-sc-77\/\" \/>\n<script type=\"application\/ld+json\" class=\"yoast-schema-graph\">{\"@context\":\"https:\/\/schema.org\",\"@graph\":[{\"@type\":\"WebPage\",\"@id\":\"https:\/\/www.excalibur-generator.com\/fr\/compacteur-a-plaque-avant-sc-77\/\",\"url\":\"https:\/\/www.excalibur-generator.com\/fr\/compacteur-a-plaque-avant-sc-77\/\",\"name\":\"Compacteur \u00e0 plaque avant SC-77 &#8211; Excalibur Generator\",\"isPartOf\":{\"@id\":\"https:\/\/www.excalibur-generator.com\/fr\/#website\"},\"primaryImageOfPage\":{\"@id\":\"https:\/\/www.excalibur-generator.com\/fr\/compacteur-a-plaque-avant-sc-77\/#primaryimage\"},\"image\":{\"@id\":\"https:\/\/www.excalibur-generator.com\/fr\/compacteur-a-plaque-avant-sc-77\/#primaryimage\"},\"thumbnailUrl\":\"https:\/\/www.excalibur-generator.com\/wp-content\/uploads\/2025\/06\/SC-77-Single-Direction-Vibratory-Plate-Compactor.jpg\",\"datePublished\":\"2025-06-23T06:03:02+00:00\",\"description\":\"Le compacteur \u00e0 plaque vibrante SC-77 fournit une force de 10,5 kN, une vibration de 5 600 Hz, compacte une plaque de 560 \u00d7 370 mm et plusieurs options de moteur.\",\"breadcrumb\":{\"@id\":\"https:\/\/www.excalibur-generator.com\/fr\/compacteur-a-plaque-avant-sc-77\/#breadcrumb\"},\"inLanguage\":\"fr-FR\",\"potentialAction\":[{\"@type\":\"ReadAction\",\"target\":[\"https:\/\/www.excalibur-generator.com\/fr\/compacteur-a-plaque-avant-sc-77\/\"]}]},{\"@type\":\"ImageObject\",\"inLanguage\":\"fr-FR\",\"@id\":\"https:\/\/www.excalibur-generator.com\/fr\/compacteur-a-plaque-avant-sc-77\/#primaryimage\",\"url\":\"https:\/\/www.excalibur-generator.com\/wp-content\/uploads\/2025\/06\/SC-77-Single-Direction-Vibratory-Plate-Compactor.jpg\",\"contentUrl\":\"https:\/\/www.excalibur-generator.com\/wp-content\/uploads\/2025\/06\/SC-77-Single-Direction-Vibratory-Plate-Compactor.jpg\",\"width\":800,\"height\":800,\"caption\":\"Compacteur \u00e0 plaque vibrante unidirectionnel SC-77\"},{\"@type\":\"BreadcrumbList\",\"@id\":\"https:\/\/www.excalibur-generator.com\/fr\/compacteur-a-plaque-avant-sc-77\/#breadcrumb\",\"itemListElement\":[{\"@type\":\"ListItem\",\"position\":1,\"name\":\"Home\",\"item\":\"https:\/\/www.excalibur-generator.com\/fr\/\"},{\"@type\":\"ListItem\",\"position\":2,\"name\":\"Produits\",\"item\":\"https:\/\/www.excalibur-generator.com\/fr\/produits\/\"},{\"@type\":\"ListItem\",\"position\":3,\"name\":\"Compacteur \u00e0 plaque avant SC-77\"}]},{\"@type\":\"WebSite\",\"@id\":\"https:\/\/www.excalibur-generator.com\/fr\/#website\",\"url\":\"https:\/\/www.excalibur-generator.com\/fr\/\",\"name\":\"Excalibur Generator\",\"description\":\"\",\"publisher\":{\"@id\":\"https:\/\/www.excalibur-generator.com\/fr\/#organization\"},\"potentialAction\":[{\"@type\":\"SearchAction\",\"target\":{\"@type\":\"EntryPoint\",\"urlTemplate\":\"https:\/\/www.excalibur-generator.com\/fr\/?s={search_term_string}\"},\"query-input\":{\"@type\":\"PropertyValueSpecification\",\"valueRequired\":true,\"valueName\":\"search_term_string\"}}],\"inLanguage\":\"fr-FR\"},{\"@type\":\"Organization\",\"@id\":\"https:\/\/www.excalibur-generator.com\/fr\/#organization\",\"name\":\"Excalibur Generator\",\"url\":\"https:\/\/www.excalibur-generator.com\/fr\/\",\"logo\":{\"@type\":\"ImageObject\",\"inLanguage\":\"fr-FR\",\"@id\":\"https:\/\/www.excalibur-generator.com\/fr\/#\/schema\/logo\/image\/\",\"url\":\"https:\/\/www.excalibur-generator.com\/wp-content\/uploads\/2024\/05\/EXCALIBUR.png\",\"contentUrl\":\"https:\/\/www.excalibur-generator.com\/wp-content\/uploads\/2024\/05\/EXCALIBUR.png\",\"width\":350,\"height\":79,\"caption\":\"Excalibur Generator\"},\"image\":{\"@id\":\"https:\/\/www.excalibur-generator.com\/fr\/#\/schema\/logo\/image\/\"}}]}<\/script>\n<!-- \/ Yoast SEO plugin. -->","yoast_head_json":{"title":"Compacteur \u00e0 plaque avant SC-77 &#8211; Excalibur Generator","description":"Le compacteur \u00e0 plaque vibrante SC-77 fournit une force de 10,5 kN, une vibration de 5 600 Hz, compacte une plaque de 560 \u00d7 370 mm et plusieurs options de moteur.","robots":{"index":"index","follow":"follow","max-snippet":"max-snippet:-1","max-image-preview":"max-image-preview:large","max-video-preview":"max-video-preview:-1"},"canonical":"https:\/\/www.excalibur-generator.com\/fr\/compacteur-a-plaque-avant-sc-77\/","schema":{"@context":"https:\/\/schema.org","@graph":[{"@type":"WebPage","@id":"https:\/\/www.excalibur-generator.com\/fr\/compacteur-a-plaque-avant-sc-77\/","url":"https:\/\/www.excalibur-generator.com\/fr\/compacteur-a-plaque-avant-sc-77\/","name":"Compacteur \u00e0 plaque avant SC-77 &#8211; Excalibur Generator","isPartOf":{"@id":"https:\/\/www.excalibur-generator.com\/fr\/#website"},"primaryImageOfPage":{"@id":"https:\/\/www.excalibur-generator.com\/fr\/compacteur-a-plaque-avant-sc-77\/#primaryimage"},"image":{"@id":"https:\/\/www.excalibur-generator.com\/fr\/compacteur-a-plaque-avant-sc-77\/#primaryimage"},"thumbnailUrl":"https:\/\/www.excalibur-generator.com\/wp-content\/uploads\/2025\/06\/SC-77-Single-Direction-Vibratory-Plate-Compactor.jpg","datePublished":"2025-06-23T06:03:02+00:00","description":"Le compacteur \u00e0 plaque vibrante SC-77 fournit une force de 10,5 kN, une vibration de 5 600 Hz, compacte une plaque de 560 \u00d7 370 mm et plusieurs options de moteur.","breadcrumb":{"@id":"https:\/\/www.excalibur-generator.com\/fr\/compacteur-a-plaque-avant-sc-77\/#breadcrumb"},"inLanguage":"fr-FR","potentialAction":[{"@type":"ReadAction","target":["https:\/\/www.excalibur-generator.com\/fr\/compacteur-a-plaque-avant-sc-77\/"]}]},{"@type":"ImageObject","inLanguage":"fr-FR","@id":"https:\/\/www.excalibur-generator.com\/fr\/compacteur-a-plaque-avant-sc-77\/#primaryimage","url":"https:\/\/www.excalibur-generator.com\/wp-content\/uploads\/2025\/06\/SC-77-Single-Direction-Vibratory-Plate-Compactor.jpg","contentUrl":"https:\/\/www.excalibur-generator.com\/wp-content\/uploads\/2025\/06\/SC-77-Single-Direction-Vibratory-Plate-Compactor.jpg","width":800,"height":800,"caption":"Compacteur \u00e0 plaque vibrante unidirectionnel SC-77"},{"@type":"BreadcrumbList","@id":"https:\/\/www.excalibur-generator.com\/fr\/compacteur-a-plaque-avant-sc-77\/#breadcrumb","itemListElement":[{"@type":"ListItem","position":1,"name":"Home","item":"https:\/\/www.excalibur-generator.com\/fr\/"},{"@type":"ListItem","position":2,"name":"Produits","item":"https:\/\/www.excalibur-generator.com\/fr\/produits\/"},{"@type":"ListItem","position":3,"name":"Compacteur \u00e0 plaque avant SC-77"}]},{"@type":"WebSite","@id":"https:\/\/www.excalibur-generator.com\/fr\/#website","url":"https:\/\/www.excalibur-generator.com\/fr\/","name":"Excalibur Generator","description":"","publisher":{"@id":"https:\/\/www.excalibur-generator.com\/fr\/#organization"},"potentialAction":[{"@type":"SearchAction","target":{"@type":"EntryPoint","urlTemplate":"https:\/\/www.excalibur-generator.com\/fr\/?s={search_term_string}"},"query-input":{"@type":"PropertyValueSpecification","valueRequired":true,"valueName":"search_term_string"}}],"inLanguage":"fr-FR"},{"@type":"Organization","@id":"https:\/\/www.excalibur-generator.com\/fr\/#organization","name":"Excalibur Generator","url":"https:\/\/www.excalibur-generator.com\/fr\/","logo":{"@type":"ImageObject","inLanguage":"fr-FR","@id":"https:\/\/www.excalibur-generator.com\/fr\/#\/schema\/logo\/image\/","url":"https:\/\/www.excalibur-generator.com\/wp-content\/uploads\/2024\/05\/EXCALIBUR.png","contentUrl":"https:\/\/www.excalibur-generator.com\/wp-content\/uploads\/2024\/05\/EXCALIBUR.png","width":350,"height":79,"caption":"Excalibur Generator"},"image":{"@id":"https:\/\/www.excalibur-generator.com\/fr\/#\/schema\/logo\/image\/"}}]}},"_links":{"self":[{"href":"https:\/\/www.excalibur-generator.com\/fr\/wp-json\/wp\/v2\/product\/7247","targetHints":{"allow":["GET"]}}],"collection":[{"href":"https:\/\/www.excalibur-generator.com\/fr\/wp-json\/wp\/v2\/product"}],"about":[{"href":"https:\/\/www.excalibur-generator.com\/fr\/wp-json\/wp\/v2\/types\/product"}],"replies":[{"embeddable":true,"href":"https:\/\/www.excalibur-generator.com\/fr\/wp-json\/wp\/v2\/comments?post=7247"}],"wp:featuredmedia":[{"embeddable":true,"href":"https:\/\/www.excalibur-generator.com\/fr\/wp-json\/wp\/v2\/media\/7248"}],"wp:attachment":[{"href":"https:\/\/www.excalibur-generator.com\/fr\/wp-json\/wp\/v2\/media?parent=7247"}],"wp:term":[{"taxonomy":"product_brand","embeddable":true,"href":"https:\/\/www.excalibur-generator.com\/fr\/wp-json\/wp\/v2\/product_brand?post=7247"},{"taxonomy":"product_cat","embeddable":true,"href":"https:\/\/www.excalibur-generator.com\/fr\/wp-json\/wp\/v2\/product_cat?post=7247"},{"taxonomy":"product_tag","embeddable":true,"href":"https:\/\/www.excalibur-generator.com\/fr\/wp-json\/wp\/v2\/product_tag?post=7247"}],"curies":[{"name":"wp","href":"https:\/\/api.w.org\/{rel}","templated":true}]}}