{"id":7260,"date":"2024-05-27T09:56:39","date_gmt":"2024-05-27T01:56:39","guid":{"rendered":"https:\/\/www.excalibur-generator.com\/generateur-diesel-silencieux-7kw\/"},"modified":"2024-05-27T09:56:39","modified_gmt":"2024-05-27T01:56:39","slug":"generateur-diesel-silencieux-7kw","status":"publish","type":"product","link":"https:\/\/www.excalibur-generator.com\/fr\/generateur-diesel-silencieux-7kw\/","title":{"rendered":"Generateur diesel silencieux 7kw"},"content":{"rendered":"<table>\n<colgroup>\n<col>\n<col><\/colgroup>\n<tbody>\n<tr class=\"firstRow\">\n<td>Mod\u00e8le<\/td>\n<td>SW10DES\/SW10DES3<\/td>\n<\/tr>\n<tr>\n<td>Fr\u00e9quence (Hz)<\/td>\n<td>50\/60<\/td>\n<\/tr>\n<tr>\n<td>Tension nominale (V)<\/td>\n<td>110\/115\/120\/220\/230\/240\/380\/400\/415\/420<\/td>\n<\/tr>\n<tr>\n<td>Puissance nominale en kW<\/td>\n<td>6.5<\/td>\n<\/tr>\n<tr>\n<td>Puissance maximale en kW<\/td>\n<td>7<\/td>\n<\/tr>\n<tr>\n<td>Sortie CC<\/td>\n<td>12V-8.3A<\/td>\n<\/tr>\n<tr>\n<td>Facteur de puissance<\/td>\n<td>1\/0.8<\/td>\n<\/tr>\n<tr>\n<td>Niveau sonore (7 m) dB (A)<\/td>\n<td>72<\/td>\n<\/tr>\n<tr>\n<td>Mod\u00e8le de moteur<\/td>\n<td>S192FEW<\/td>\n<\/tr>\n<tr>\n<td>Type de moteur<\/td>\n<td>Monocylindre, refroidi par eau et par air, 4 temps<\/td>\n<\/tr>\n<tr>\n<td>Al\u00e9sage*Course (mm)<\/td>\n<td>92*75<\/td>\n<\/tr>\n<tr>\n<td>Cylindr\u00e9e (cm3)<\/td>\n<td>498<\/td>\n<\/tr>\n<tr>\n<td>Type de carburant<\/td>\n<td>0 # Diesel (\u00e9t\u00e9), -10 # Diesel (hiver), -35 # Diesel (tr\u00e8s froid)<\/td>\n<\/tr>\n<tr>\n<td>Capacit\u00e9 du r\u00e9servoir de carburant (L)<\/td>\n<td>20<\/td>\n<\/tr>\n<tr>\n<td>Syst\u00e8me de d\u00e9marrage<\/td>\n<td>D\u00e9marrage \u00e9lectrique<\/td>\n<\/tr>\n<tr>\n<td>Poids net (kg)<\/td>\n<td>157<\/td>\n<\/tr>\n<tr>\n<td>Taille de l&#8217;emballage de la s\u00e9rie r\u00e9guli\u00e8re (L x l x H) mm<\/td>\n<td>950*530*700<\/td>\n<\/tr>\n<tr>\n<td>Dimensions de l&#8217;emballage de la s\u00e9rie Pro (L x l x H) mm<\/td>\n<td>\/<\/td>\n<\/tr>\n<tr>\n<td>Longueur et diam\u00e8tre du noyau du moteur (mm)<\/td>\n<td>204*140<\/td>\n<\/tr>\n<tr>\n<td>Caract\u00e9ristiques standard<\/td>\n<td>\u25cben option, \u25cfConfiguration standard<\/td>\n<\/tr>\n<tr>\n<td>Protection de l&#8217;huile<\/td>\n<td>\u25cf<\/td>\n<\/tr>\n<tr>\n<td>Roues 4&#215;4&#8243;<\/td>\n<td>\u25cf<\/td>\n<\/tr>\n<tr>\n<td>ATS<\/td>\n<td>\u25cb<\/td>\n<\/tr>\n<tr>\n<td>Mod\u00e8le adapt\u00e9 \u00e0 l&#8217;ATS<\/td>\n<td>EX-ATS-001,EX-ATS-002,EX-ATS-003<\/td>\n<\/tr>\n<tr>\n<td>compteur num\u00e9rique<\/td>\n<td>\u25cb<\/td>\n<\/tr>\n<tr>\n<td>Syst\u00e8me de d\u00e9marrage \u00e0 distance<\/td>\n<td>\u25cb<\/td>\n<\/tr>\n<tr>\n<td>Sortie USB USB<\/td>\n<td>\u25cb<\/td>\n<\/tr>\n<tr>\n<td>Rendement plus l\u00e9ger<\/td>\n<td>\u25cb<\/td>\n<\/tr>\n<\/tbody>\n<\/table>\n","protected":false},"excerpt":{"rendered":"<p><strong>Mod\u00e8le:<\/strong><\/p>\n<div>SW10DES<\/div>\n<div><\/div>\n<div><strong>Puissance nominale :<\/strong><\/div>\n<div>6.5KW<\/div>\n<div><\/div>\n<div><strong>Sortie CC :<\/strong><\/div>\n<div>12V-8.3A<\/div>\n<div><\/div>\n<div><strong>Niveau sonore (7 m) db(A) :<\/strong><\/div>\n<div>72<\/div>\n","protected":false},"featured_media":7261,"comment_status":"open","ping_status":"closed","template":"","meta":{"site-sidebar-layout":"default","site-content-layout":"","ast-site-content-layout":"default","site-content-style":"default","site-sidebar-style":"default","ast-global-header-display":"","ast-banner-title-visibility":"","ast-main-header-display":"","ast-hfb-above-header-display":"","ast-hfb-below-header-display":"","ast-hfb-mobile-header-display":"","site-post-title":"","ast-breadcrumbs-content":"","ast-featured-img":"","footer-sml-layout":"","theme-transparent-header-meta":"default","adv-header-id-meta":"","stick-header-meta":"","header-above-stick-meta":"","header-main-stick-meta":"","header-below-stick-meta":"","astra-migrate-meta-layouts":"default","ast-page-background-enabled":"default","ast-page-background-meta":{"desktop":{"background-color":"var(--ast-global-color-4)","background-image":"","background-repeat":"repeat","background-position":"center center","background-size":"auto","background-attachment":"scroll","background-type":"","background-media":"","overlay-type":"","overlay-color":"","overlay-opacity":"","overlay-gradient":""},"tablet":{"background-color":"","background-image":"","background-repeat":"repeat","background-position":"center center","background-size":"auto","background-attachment":"scroll","background-type":"","background-media":"","overlay-type":"","overlay-color":"","overlay-opacity":"","overlay-gradient":""},"mobile":{"background-color":"","background-image":"","background-repeat":"repeat","background-position":"center center","background-size":"auto","background-attachment":"scroll","background-type":"","background-media":"","overlay-type":"","overlay-color":"","overlay-opacity":"","overlay-gradient":""}},"ast-content-background-meta":{"desktop":{"background-color":"var(--ast-global-color-5)","background-image":"","background-repeat":"repeat","background-position":"center center","background-size":"auto","background-attachment":"scroll","background-type":"","background-media":"","overlay-type":"","overlay-color":"","overlay-opacity":"","overlay-gradient":""},"tablet":{"background-color":"var(--ast-global-color-5)","background-image":"","background-repeat":"repeat","background-position":"center center","background-size":"auto","background-attachment":"scroll","background-type":"","background-media":"","overlay-type":"","overlay-color":"","overlay-opacity":"","overlay-gradient":""},"mobile":{"background-color":"var(--ast-global-color-5)","background-image":"","background-repeat":"repeat","background-position":"center center","background-size":"auto","background-attachment":"scroll","background-type":"","background-media":"","overlay-type":"","overlay-color":"","overlay-opacity":"","overlay-gradient":""}}},"product_brand":[],"product_cat":[84],"product_tag":[87],"class_list":{"0":"post-7260","1":"product","2":"type-product","3":"status-publish","4":"has-post-thumbnail","6":"product_cat-non-classe","7":"product_tag-generateur-silencieux","8":"desktop-align-left","9":"tablet-align-left","10":"mobile-align-left","12":"first","13":"instock","14":"shipping-taxable","15":"product-type-simple"},"yoast_head":"<!-- This site is optimized with the Yoast SEO plugin v26.5 - https:\/\/yoast.com\/wordpress\/plugins\/seo\/ -->\n<title>Generateur diesel silencieux 7kw &#8211; Excalibur Generator<\/title>\n<meta name=\"description\" content=\"Ce groupe \u00e9lectrog\u00e8ne diesel silencieux de 6,5 kVA offre une alimentation de secours fiable et silencieuse. Id\u00e9al pour les particuliers et les entreprises, il garantit des performances optimales en cas de panne.\" \/>\n<meta name=\"robots\" content=\"index, follow, max-snippet:-1, max-image-preview:large, max-video-preview:-1\" \/>\n<link rel=\"canonical\" href=\"https:\/\/www.excalibur-generator.com\/fr\/generateur-diesel-silencieux-7kw\/\" \/>\n<meta name=\"twitter:label1\" content=\"Dur\u00e9e de lecture estim\u00e9e\" \/>\n\t<meta name=\"twitter:data1\" content=\"1 minute\" \/>\n<script type=\"application\/ld+json\" class=\"yoast-schema-graph\">{\"@context\":\"https:\/\/schema.org\",\"@graph\":[{\"@type\":\"WebPage\",\"@id\":\"https:\/\/www.excalibur-generator.com\/fr\/generateur-diesel-silencieux-7kw\/\",\"url\":\"https:\/\/www.excalibur-generator.com\/fr\/generateur-diesel-silencieux-7kw\/\",\"name\":\"Generateur diesel silencieux 7kw &#8211; Excalibur Generator\",\"isPartOf\":{\"@id\":\"https:\/\/www.excalibur-generator.com\/fr\/#website\"},\"primaryImageOfPage\":{\"@id\":\"https:\/\/www.excalibur-generator.com\/fr\/generateur-diesel-silencieux-7kw\/#primaryimage\"},\"image\":{\"@id\":\"https:\/\/www.excalibur-generator.com\/fr\/generateur-diesel-silencieux-7kw\/#primaryimage\"},\"thumbnailUrl\":\"https:\/\/www.excalibur-generator.com\/wp-content\/uploads\/2024\/05\/7kva-silent-diesel-generator.webp\",\"datePublished\":\"2024-05-27T01:56:39+00:00\",\"description\":\"Ce groupe \u00e9lectrog\u00e8ne diesel silencieux de 6,5 kVA offre une alimentation de secours fiable et silencieuse. Id\u00e9al pour les particuliers et les entreprises, il garantit des performances optimales en cas de panne.\",\"breadcrumb\":{\"@id\":\"https:\/\/www.excalibur-generator.com\/fr\/generateur-diesel-silencieux-7kw\/#breadcrumb\"},\"inLanguage\":\"fr-FR\",\"potentialAction\":[{\"@type\":\"ReadAction\",\"target\":[\"https:\/\/www.excalibur-generator.com\/fr\/generateur-diesel-silencieux-7kw\/\"]}]},{\"@type\":\"ImageObject\",\"inLanguage\":\"fr-FR\",\"@id\":\"https:\/\/www.excalibur-generator.com\/fr\/generateur-diesel-silencieux-7kw\/#primaryimage\",\"url\":\"https:\/\/www.excalibur-generator.com\/wp-content\/uploads\/2024\/05\/7kva-silent-diesel-generator.webp\",\"contentUrl\":\"https:\/\/www.excalibur-generator.com\/wp-content\/uploads\/2024\/05\/7kva-silent-diesel-generator.webp\",\"width\":800,\"height\":800,\"caption\":\"G\u00e9n\u00e9rateur diesel silencieux de 7 kVA\"},{\"@type\":\"BreadcrumbList\",\"@id\":\"https:\/\/www.excalibur-generator.com\/fr\/generateur-diesel-silencieux-7kw\/#breadcrumb\",\"itemListElement\":[{\"@type\":\"ListItem\",\"position\":1,\"name\":\"Home\",\"item\":\"https:\/\/www.excalibur-generator.com\/fr\/\"},{\"@type\":\"ListItem\",\"position\":2,\"name\":\"Produits\",\"item\":\"https:\/\/www.excalibur-generator.com\/fr\/produits\/\"},{\"@type\":\"ListItem\",\"position\":3,\"name\":\"Generateur diesel silencieux 7kw\"}]},{\"@type\":\"WebSite\",\"@id\":\"https:\/\/www.excalibur-generator.com\/fr\/#website\",\"url\":\"https:\/\/www.excalibur-generator.com\/fr\/\",\"name\":\"Excalibur Generator\",\"description\":\"\",\"publisher\":{\"@id\":\"https:\/\/www.excalibur-generator.com\/fr\/#organization\"},\"potentialAction\":[{\"@type\":\"SearchAction\",\"target\":{\"@type\":\"EntryPoint\",\"urlTemplate\":\"https:\/\/www.excalibur-generator.com\/fr\/?s={search_term_string}\"},\"query-input\":{\"@type\":\"PropertyValueSpecification\",\"valueRequired\":true,\"valueName\":\"search_term_string\"}}],\"inLanguage\":\"fr-FR\"},{\"@type\":\"Organization\",\"@id\":\"https:\/\/www.excalibur-generator.com\/fr\/#organization\",\"name\":\"Excalibur Generator\",\"url\":\"https:\/\/www.excalibur-generator.com\/fr\/\",\"logo\":{\"@type\":\"ImageObject\",\"inLanguage\":\"fr-FR\",\"@id\":\"https:\/\/www.excalibur-generator.com\/fr\/#\/schema\/logo\/image\/\",\"url\":\"https:\/\/www.excalibur-generator.com\/wp-content\/uploads\/2024\/05\/EXCALIBUR.png\",\"contentUrl\":\"https:\/\/www.excalibur-generator.com\/wp-content\/uploads\/2024\/05\/EXCALIBUR.png\",\"width\":350,\"height\":79,\"caption\":\"Excalibur Generator\"},\"image\":{\"@id\":\"https:\/\/www.excalibur-generator.com\/fr\/#\/schema\/logo\/image\/\"}}]}<\/script>\n<!-- \/ Yoast SEO plugin. -->","yoast_head_json":{"title":"Generateur diesel silencieux 7kw &#8211; Excalibur Generator","description":"Ce groupe \u00e9lectrog\u00e8ne diesel silencieux de 6,5 kVA offre une alimentation de secours fiable et silencieuse. Id\u00e9al pour les particuliers et les entreprises, il garantit des performances optimales en cas de panne.","robots":{"index":"index","follow":"follow","max-snippet":"max-snippet:-1","max-image-preview":"max-image-preview:large","max-video-preview":"max-video-preview:-1"},"canonical":"https:\/\/www.excalibur-generator.com\/fr\/generateur-diesel-silencieux-7kw\/","twitter_misc":{"Dur\u00e9e de lecture estim\u00e9e":"1 minute"},"schema":{"@context":"https:\/\/schema.org","@graph":[{"@type":"WebPage","@id":"https:\/\/www.excalibur-generator.com\/fr\/generateur-diesel-silencieux-7kw\/","url":"https:\/\/www.excalibur-generator.com\/fr\/generateur-diesel-silencieux-7kw\/","name":"Generateur diesel silencieux 7kw &#8211; Excalibur Generator","isPartOf":{"@id":"https:\/\/www.excalibur-generator.com\/fr\/#website"},"primaryImageOfPage":{"@id":"https:\/\/www.excalibur-generator.com\/fr\/generateur-diesel-silencieux-7kw\/#primaryimage"},"image":{"@id":"https:\/\/www.excalibur-generator.com\/fr\/generateur-diesel-silencieux-7kw\/#primaryimage"},"thumbnailUrl":"https:\/\/www.excalibur-generator.com\/wp-content\/uploads\/2024\/05\/7kva-silent-diesel-generator.webp","datePublished":"2024-05-27T01:56:39+00:00","description":"Ce groupe \u00e9lectrog\u00e8ne diesel silencieux de 6,5 kVA offre une alimentation de secours fiable et silencieuse. Id\u00e9al pour les particuliers et les entreprises, il garantit des performances optimales en cas de panne.","breadcrumb":{"@id":"https:\/\/www.excalibur-generator.com\/fr\/generateur-diesel-silencieux-7kw\/#breadcrumb"},"inLanguage":"fr-FR","potentialAction":[{"@type":"ReadAction","target":["https:\/\/www.excalibur-generator.com\/fr\/generateur-diesel-silencieux-7kw\/"]}]},{"@type":"ImageObject","inLanguage":"fr-FR","@id":"https:\/\/www.excalibur-generator.com\/fr\/generateur-diesel-silencieux-7kw\/#primaryimage","url":"https:\/\/www.excalibur-generator.com\/wp-content\/uploads\/2024\/05\/7kva-silent-diesel-generator.webp","contentUrl":"https:\/\/www.excalibur-generator.com\/wp-content\/uploads\/2024\/05\/7kva-silent-diesel-generator.webp","width":800,"height":800,"caption":"G\u00e9n\u00e9rateur diesel silencieux de 7 kVA"},{"@type":"BreadcrumbList","@id":"https:\/\/www.excalibur-generator.com\/fr\/generateur-diesel-silencieux-7kw\/#breadcrumb","itemListElement":[{"@type":"ListItem","position":1,"name":"Home","item":"https:\/\/www.excalibur-generator.com\/fr\/"},{"@type":"ListItem","position":2,"name":"Produits","item":"https:\/\/www.excalibur-generator.com\/fr\/produits\/"},{"@type":"ListItem","position":3,"name":"Generateur diesel silencieux 7kw"}]},{"@type":"WebSite","@id":"https:\/\/www.excalibur-generator.com\/fr\/#website","url":"https:\/\/www.excalibur-generator.com\/fr\/","name":"Excalibur Generator","description":"","publisher":{"@id":"https:\/\/www.excalibur-generator.com\/fr\/#organization"},"potentialAction":[{"@type":"SearchAction","target":{"@type":"EntryPoint","urlTemplate":"https:\/\/www.excalibur-generator.com\/fr\/?s={search_term_string}"},"query-input":{"@type":"PropertyValueSpecification","valueRequired":true,"valueName":"search_term_string"}}],"inLanguage":"fr-FR"},{"@type":"Organization","@id":"https:\/\/www.excalibur-generator.com\/fr\/#organization","name":"Excalibur Generator","url":"https:\/\/www.excalibur-generator.com\/fr\/","logo":{"@type":"ImageObject","inLanguage":"fr-FR","@id":"https:\/\/www.excalibur-generator.com\/fr\/#\/schema\/logo\/image\/","url":"https:\/\/www.excalibur-generator.com\/wp-content\/uploads\/2024\/05\/EXCALIBUR.png","contentUrl":"https:\/\/www.excalibur-generator.com\/wp-content\/uploads\/2024\/05\/EXCALIBUR.png","width":350,"height":79,"caption":"Excalibur Generator"},"image":{"@id":"https:\/\/www.excalibur-generator.com\/fr\/#\/schema\/logo\/image\/"}}]}},"_links":{"self":[{"href":"https:\/\/www.excalibur-generator.com\/fr\/wp-json\/wp\/v2\/product\/7260","targetHints":{"allow":["GET"]}}],"collection":[{"href":"https:\/\/www.excalibur-generator.com\/fr\/wp-json\/wp\/v2\/product"}],"about":[{"href":"https:\/\/www.excalibur-generator.com\/fr\/wp-json\/wp\/v2\/types\/product"}],"replies":[{"embeddable":true,"href":"https:\/\/www.excalibur-generator.com\/fr\/wp-json\/wp\/v2\/comments?post=7260"}],"wp:featuredmedia":[{"embeddable":true,"href":"https:\/\/www.excalibur-generator.com\/fr\/wp-json\/wp\/v2\/media\/7261"}],"wp:attachment":[{"href":"https:\/\/www.excalibur-generator.com\/fr\/wp-json\/wp\/v2\/media?parent=7260"}],"wp:term":[{"taxonomy":"product_brand","embeddable":true,"href":"https:\/\/www.excalibur-generator.com\/fr\/wp-json\/wp\/v2\/product_brand?post=7260"},{"taxonomy":"product_cat","embeddable":true,"href":"https:\/\/www.excalibur-generator.com\/fr\/wp-json\/wp\/v2\/product_cat?post=7260"},{"taxonomy":"product_tag","embeddable":true,"href":"https:\/\/www.excalibur-generator.com\/fr\/wp-json\/wp\/v2\/product_tag?post=7260"}],"curies":[{"name":"wp","href":"https:\/\/api.w.org\/{rel}","templated":true}]}}