{"id":7276,"date":"2024-05-27T09:37:00","date_gmt":"2024-05-27T01:37:00","guid":{"rendered":"https:\/\/www.excalibur-generator.com\/generateur-a-onduleur-a-essence-ouvert-220-v-ca\/"},"modified":"2024-05-27T09:37:00","modified_gmt":"2024-05-27T01:37:00","slug":"generateur-a-onduleur-a-essence-ouvert-220-v-ca","status":"publish","type":"product","link":"https:\/\/www.excalibur-generator.com\/fr\/generateur-a-onduleur-a-essence-ouvert-220-v-ca\/","title":{"rendered":"G\u00e9n\u00e9rateur \u00e0 onduleur \u00e0 essence ouvert 220 V CA"},"content":{"rendered":"<p>\u25cfEn utilisant un alternateur sans balais \u00e0 aimant permanent, 100 % cuivre, le taux de conversion peut atteindre 90 %, \u00e9conomisant ainsi environ 10 % de carburant.<br \/>\n\u25cfPuissance de sortie stable, THD &lt;3%.<br \/>\n\u25cfPlusieurs machines peuvent \u00eatre connect\u00e9es en parall\u00e8le .<br \/>\n\u25cfTaille compacte et poids l\u00e9ger, moins de 32 kg.<\/p>\n<table align=\"center\">\n<colgroup>\n<col>\n<col>\n<col>\n<col><\/colgroup>\n<tbody>\n<tr class=\"firstRow\">\n<td>Mod\u00e8le<\/td>\n<td>SX40001<\/td>\n<td>SX5000i<\/td>\n<td>SX6000i<\/td>\n<\/tr>\n<tr>\n<td>Tension nominale<\/td>\n<td>220V AC<\/td>\n<td>220V AC<\/td>\n<td>220V AC<\/td>\n<\/tr>\n<tr>\n<td>Fr\u00e9quence nominale<\/td>\n<td>50Hz<\/td>\n<td>50Hz<\/td>\n<td>50Hz<\/td>\n<\/tr>\n<tr>\n<td>Courant nominal<\/td>\n<td>13A<\/td>\n<td>17A<\/td>\n<td>20A<\/td>\n<\/tr>\n<tr>\n<td>Puissance nominale<\/td>\n<td>3200W<\/td>\n<td>4000W<\/td>\n<td>4500W<\/td>\n<\/tr>\n<tr>\n<td>Sortie max.<\/td>\n<td>3500W<\/td>\n<td>4200W<\/td>\n<td>5000W<\/td>\n<\/tr>\n<tr>\n<td>Taux de distorsion (THD)<\/td>\n<td>&lt;3%<\/td>\n<td>&lt;3%<\/td>\n<td>&lt;3%<\/td>\n<\/tr>\n<\/tbody>\n<\/table>\n","protected":false},"excerpt":{"rendered":"<p><strong>Mod\u00e8le:<\/strong><\/p>\n<div>SX4000i<\/div>\n<div>SX5000i<\/div>\n<div>SX6000i<\/div>\n<div><\/div>\n<div><strong>Puissance nominale :<\/strong><\/div>\n<div>3.2KW\/4KW\/4.5KW<\/div>\n<div><strong>Courant nominal :<\/strong><\/div>\n<div>13A\/17A\/20A<\/div>\n","protected":false},"featured_media":7277,"comment_status":"open","ping_status":"closed","template":"","meta":{"site-sidebar-layout":"default","site-content-layout":"","ast-site-content-layout":"default","site-content-style":"default","site-sidebar-style":"default","ast-global-header-display":"","ast-banner-title-visibility":"","ast-main-header-display":"","ast-hfb-above-header-display":"","ast-hfb-below-header-display":"","ast-hfb-mobile-header-display":"","site-post-title":"","ast-breadcrumbs-content":"","ast-featured-img":"","footer-sml-layout":"","theme-transparent-header-meta":"default","adv-header-id-meta":"","stick-header-meta":"","header-above-stick-meta":"","header-main-stick-meta":"","header-below-stick-meta":"","astra-migrate-meta-layouts":"default","ast-page-background-enabled":"default","ast-page-background-meta":{"desktop":{"background-color":"var(--ast-global-color-4)","background-image":"","background-repeat":"repeat","background-position":"center center","background-size":"auto","background-attachment":"scroll","background-type":"","background-media":"","overlay-type":"","overlay-color":"","overlay-opacity":"","overlay-gradient":""},"tablet":{"background-color":"","background-image":"","background-repeat":"repeat","background-position":"center center","background-size":"auto","background-attachment":"scroll","background-type":"","background-media":"","overlay-type":"","overlay-color":"","overlay-opacity":"","overlay-gradient":""},"mobile":{"background-color":"","background-image":"","background-repeat":"repeat","background-position":"center center","background-size":"auto","background-attachment":"scroll","background-type":"","background-media":"","overlay-type":"","overlay-color":"","overlay-opacity":"","overlay-gradient":""}},"ast-content-background-meta":{"desktop":{"background-color":"var(--ast-global-color-5)","background-image":"","background-repeat":"repeat","background-position":"center center","background-size":"auto","background-attachment":"scroll","background-type":"","background-media":"","overlay-type":"","overlay-color":"","overlay-opacity":"","overlay-gradient":""},"tablet":{"background-color":"var(--ast-global-color-5)","background-image":"","background-repeat":"repeat","background-position":"center center","background-size":"auto","background-attachment":"scroll","background-type":"","background-media":"","overlay-type":"","overlay-color":"","overlay-opacity":"","overlay-gradient":""},"mobile":{"background-color":"var(--ast-global-color-5)","background-image":"","background-repeat":"repeat","background-position":"center center","background-size":"auto","background-attachment":"scroll","background-type":"","background-media":"","overlay-type":"","overlay-color":"","overlay-opacity":"","overlay-gradient":""}}},"product_brand":[],"product_cat":[84],"product_tag":[88],"class_list":{"0":"post-7276","1":"product","2":"type-product","3":"status-publish","4":"has-post-thumbnail","6":"product_cat-non-classe","7":"product_tag-generateur-ouvert","8":"desktop-align-left","9":"tablet-align-left","10":"mobile-align-left","12":"first","13":"instock","14":"shipping-taxable","15":"product-type-simple"},"yoast_head":"<!-- This site is optimized with the Yoast SEO plugin v26.5 - https:\/\/yoast.com\/wordpress\/plugins\/seo\/ -->\n<title>G\u00e9n\u00e9rateur \u00e0 onduleur \u00e0 essence ouvert 220 V CA &#8211; Excalibur Generator<\/title>\n<meta name=\"description\" content=\"Le g\u00e9n\u00e9rateur \u00e0 onduleur essence ouvert 220 V CA offre une solution d&#039;alimentation portable. Gr\u00e2ce \u00e0 sa technologie d&#039;onduleur performante, il assure une sortie stable de 220 V, id\u00e9ale pour divers appareils \u00e9lectroniques et \u00e9lectrom\u00e9nagers.\" \/>\n<meta name=\"robots\" content=\"index, follow, max-snippet:-1, max-image-preview:large, max-video-preview:-1\" \/>\n<link rel=\"canonical\" href=\"https:\/\/www.excalibur-generator.com\/fr\/generateur-a-onduleur-a-essence-ouvert-220-v-ca\/\" \/>\n<script type=\"application\/ld+json\" class=\"yoast-schema-graph\">{\"@context\":\"https:\/\/schema.org\",\"@graph\":[{\"@type\":\"WebPage\",\"@id\":\"https:\/\/www.excalibur-generator.com\/fr\/generateur-a-onduleur-a-essence-ouvert-220-v-ca\/\",\"url\":\"https:\/\/www.excalibur-generator.com\/fr\/generateur-a-onduleur-a-essence-ouvert-220-v-ca\/\",\"name\":\"G\u00e9n\u00e9rateur \u00e0 onduleur \u00e0 essence ouvert 220 V CA &#8211; Excalibur Generator\",\"isPartOf\":{\"@id\":\"https:\/\/www.excalibur-generator.com\/fr\/#website\"},\"primaryImageOfPage\":{\"@id\":\"https:\/\/www.excalibur-generator.com\/fr\/generateur-a-onduleur-a-essence-ouvert-220-v-ca\/#primaryimage\"},\"image\":{\"@id\":\"https:\/\/www.excalibur-generator.com\/fr\/generateur-a-onduleur-a-essence-ouvert-220-v-ca\/#primaryimage\"},\"thumbnailUrl\":\"https:\/\/www.excalibur-generator.com\/wp-content\/uploads\/2024\/05\/open-Inverter-Gasoline-Generator.webp\",\"datePublished\":\"2024-05-27T01:37:00+00:00\",\"description\":\"Le g\u00e9n\u00e9rateur \u00e0 onduleur essence ouvert 220 V CA offre une solution d'alimentation portable. Gr\u00e2ce \u00e0 sa technologie d'onduleur performante, il assure une sortie stable de 220 V, id\u00e9ale pour divers appareils \u00e9lectroniques et \u00e9lectrom\u00e9nagers.\",\"breadcrumb\":{\"@id\":\"https:\/\/www.excalibur-generator.com\/fr\/generateur-a-onduleur-a-essence-ouvert-220-v-ca\/#breadcrumb\"},\"inLanguage\":\"fr-FR\",\"potentialAction\":[{\"@type\":\"ReadAction\",\"target\":[\"https:\/\/www.excalibur-generator.com\/fr\/generateur-a-onduleur-a-essence-ouvert-220-v-ca\/\"]}]},{\"@type\":\"ImageObject\",\"inLanguage\":\"fr-FR\",\"@id\":\"https:\/\/www.excalibur-generator.com\/fr\/generateur-a-onduleur-a-essence-ouvert-220-v-ca\/#primaryimage\",\"url\":\"https:\/\/www.excalibur-generator.com\/wp-content\/uploads\/2024\/05\/open-Inverter-Gasoline-Generator.webp\",\"contentUrl\":\"https:\/\/www.excalibur-generator.com\/wp-content\/uploads\/2024\/05\/open-Inverter-Gasoline-Generator.webp\",\"width\":800,\"height\":800,\"caption\":\"g\u00e9n\u00e9rateur \u00e0 essence \u00e0 onduleur ouvert\"},{\"@type\":\"BreadcrumbList\",\"@id\":\"https:\/\/www.excalibur-generator.com\/fr\/generateur-a-onduleur-a-essence-ouvert-220-v-ca\/#breadcrumb\",\"itemListElement\":[{\"@type\":\"ListItem\",\"position\":1,\"name\":\"Home\",\"item\":\"https:\/\/www.excalibur-generator.com\/fr\/\"},{\"@type\":\"ListItem\",\"position\":2,\"name\":\"Produits\",\"item\":\"https:\/\/www.excalibur-generator.com\/fr\/produits\/\"},{\"@type\":\"ListItem\",\"position\":3,\"name\":\"G\u00e9n\u00e9rateur \u00e0 onduleur \u00e0 essence ouvert 220 V CA\"}]},{\"@type\":\"WebSite\",\"@id\":\"https:\/\/www.excalibur-generator.com\/fr\/#website\",\"url\":\"https:\/\/www.excalibur-generator.com\/fr\/\",\"name\":\"Excalibur Generator\",\"description\":\"\",\"publisher\":{\"@id\":\"https:\/\/www.excalibur-generator.com\/fr\/#organization\"},\"potentialAction\":[{\"@type\":\"SearchAction\",\"target\":{\"@type\":\"EntryPoint\",\"urlTemplate\":\"https:\/\/www.excalibur-generator.com\/fr\/?s={search_term_string}\"},\"query-input\":{\"@type\":\"PropertyValueSpecification\",\"valueRequired\":true,\"valueName\":\"search_term_string\"}}],\"inLanguage\":\"fr-FR\"},{\"@type\":\"Organization\",\"@id\":\"https:\/\/www.excalibur-generator.com\/fr\/#organization\",\"name\":\"Excalibur Generator\",\"url\":\"https:\/\/www.excalibur-generator.com\/fr\/\",\"logo\":{\"@type\":\"ImageObject\",\"inLanguage\":\"fr-FR\",\"@id\":\"https:\/\/www.excalibur-generator.com\/fr\/#\/schema\/logo\/image\/\",\"url\":\"https:\/\/www.excalibur-generator.com\/wp-content\/uploads\/2024\/05\/EXCALIBUR.png\",\"contentUrl\":\"https:\/\/www.excalibur-generator.com\/wp-content\/uploads\/2024\/05\/EXCALIBUR.png\",\"width\":350,\"height\":79,\"caption\":\"Excalibur Generator\"},\"image\":{\"@id\":\"https:\/\/www.excalibur-generator.com\/fr\/#\/schema\/logo\/image\/\"}}]}<\/script>\n<!-- \/ Yoast SEO plugin. -->","yoast_head_json":{"title":"G\u00e9n\u00e9rateur \u00e0 onduleur \u00e0 essence ouvert 220 V CA &#8211; Excalibur Generator","description":"Le g\u00e9n\u00e9rateur \u00e0 onduleur essence ouvert 220 V CA offre une solution d'alimentation portable. Gr\u00e2ce \u00e0 sa technologie d'onduleur performante, il assure une sortie stable de 220 V, id\u00e9ale pour divers appareils \u00e9lectroniques et \u00e9lectrom\u00e9nagers.","robots":{"index":"index","follow":"follow","max-snippet":"max-snippet:-1","max-image-preview":"max-image-preview:large","max-video-preview":"max-video-preview:-1"},"canonical":"https:\/\/www.excalibur-generator.com\/fr\/generateur-a-onduleur-a-essence-ouvert-220-v-ca\/","schema":{"@context":"https:\/\/schema.org","@graph":[{"@type":"WebPage","@id":"https:\/\/www.excalibur-generator.com\/fr\/generateur-a-onduleur-a-essence-ouvert-220-v-ca\/","url":"https:\/\/www.excalibur-generator.com\/fr\/generateur-a-onduleur-a-essence-ouvert-220-v-ca\/","name":"G\u00e9n\u00e9rateur \u00e0 onduleur \u00e0 essence ouvert 220 V CA &#8211; Excalibur Generator","isPartOf":{"@id":"https:\/\/www.excalibur-generator.com\/fr\/#website"},"primaryImageOfPage":{"@id":"https:\/\/www.excalibur-generator.com\/fr\/generateur-a-onduleur-a-essence-ouvert-220-v-ca\/#primaryimage"},"image":{"@id":"https:\/\/www.excalibur-generator.com\/fr\/generateur-a-onduleur-a-essence-ouvert-220-v-ca\/#primaryimage"},"thumbnailUrl":"https:\/\/www.excalibur-generator.com\/wp-content\/uploads\/2024\/05\/open-Inverter-Gasoline-Generator.webp","datePublished":"2024-05-27T01:37:00+00:00","description":"Le g\u00e9n\u00e9rateur \u00e0 onduleur essence ouvert 220 V CA offre une solution d'alimentation portable. Gr\u00e2ce \u00e0 sa technologie d'onduleur performante, il assure une sortie stable de 220 V, id\u00e9ale pour divers appareils \u00e9lectroniques et \u00e9lectrom\u00e9nagers.","breadcrumb":{"@id":"https:\/\/www.excalibur-generator.com\/fr\/generateur-a-onduleur-a-essence-ouvert-220-v-ca\/#breadcrumb"},"inLanguage":"fr-FR","potentialAction":[{"@type":"ReadAction","target":["https:\/\/www.excalibur-generator.com\/fr\/generateur-a-onduleur-a-essence-ouvert-220-v-ca\/"]}]},{"@type":"ImageObject","inLanguage":"fr-FR","@id":"https:\/\/www.excalibur-generator.com\/fr\/generateur-a-onduleur-a-essence-ouvert-220-v-ca\/#primaryimage","url":"https:\/\/www.excalibur-generator.com\/wp-content\/uploads\/2024\/05\/open-Inverter-Gasoline-Generator.webp","contentUrl":"https:\/\/www.excalibur-generator.com\/wp-content\/uploads\/2024\/05\/open-Inverter-Gasoline-Generator.webp","width":800,"height":800,"caption":"g\u00e9n\u00e9rateur \u00e0 essence \u00e0 onduleur ouvert"},{"@type":"BreadcrumbList","@id":"https:\/\/www.excalibur-generator.com\/fr\/generateur-a-onduleur-a-essence-ouvert-220-v-ca\/#breadcrumb","itemListElement":[{"@type":"ListItem","position":1,"name":"Home","item":"https:\/\/www.excalibur-generator.com\/fr\/"},{"@type":"ListItem","position":2,"name":"Produits","item":"https:\/\/www.excalibur-generator.com\/fr\/produits\/"},{"@type":"ListItem","position":3,"name":"G\u00e9n\u00e9rateur \u00e0 onduleur \u00e0 essence ouvert 220 V CA"}]},{"@type":"WebSite","@id":"https:\/\/www.excalibur-generator.com\/fr\/#website","url":"https:\/\/www.excalibur-generator.com\/fr\/","name":"Excalibur Generator","description":"","publisher":{"@id":"https:\/\/www.excalibur-generator.com\/fr\/#organization"},"potentialAction":[{"@type":"SearchAction","target":{"@type":"EntryPoint","urlTemplate":"https:\/\/www.excalibur-generator.com\/fr\/?s={search_term_string}"},"query-input":{"@type":"PropertyValueSpecification","valueRequired":true,"valueName":"search_term_string"}}],"inLanguage":"fr-FR"},{"@type":"Organization","@id":"https:\/\/www.excalibur-generator.com\/fr\/#organization","name":"Excalibur Generator","url":"https:\/\/www.excalibur-generator.com\/fr\/","logo":{"@type":"ImageObject","inLanguage":"fr-FR","@id":"https:\/\/www.excalibur-generator.com\/fr\/#\/schema\/logo\/image\/","url":"https:\/\/www.excalibur-generator.com\/wp-content\/uploads\/2024\/05\/EXCALIBUR.png","contentUrl":"https:\/\/www.excalibur-generator.com\/wp-content\/uploads\/2024\/05\/EXCALIBUR.png","width":350,"height":79,"caption":"Excalibur Generator"},"image":{"@id":"https:\/\/www.excalibur-generator.com\/fr\/#\/schema\/logo\/image\/"}}]}},"_links":{"self":[{"href":"https:\/\/www.excalibur-generator.com\/fr\/wp-json\/wp\/v2\/product\/7276","targetHints":{"allow":["GET"]}}],"collection":[{"href":"https:\/\/www.excalibur-generator.com\/fr\/wp-json\/wp\/v2\/product"}],"about":[{"href":"https:\/\/www.excalibur-generator.com\/fr\/wp-json\/wp\/v2\/types\/product"}],"replies":[{"embeddable":true,"href":"https:\/\/www.excalibur-generator.com\/fr\/wp-json\/wp\/v2\/comments?post=7276"}],"wp:featuredmedia":[{"embeddable":true,"href":"https:\/\/www.excalibur-generator.com\/fr\/wp-json\/wp\/v2\/media\/7277"}],"wp:attachment":[{"href":"https:\/\/www.excalibur-generator.com\/fr\/wp-json\/wp\/v2\/media?parent=7276"}],"wp:term":[{"taxonomy":"product_brand","embeddable":true,"href":"https:\/\/www.excalibur-generator.com\/fr\/wp-json\/wp\/v2\/product_brand?post=7276"},{"taxonomy":"product_cat","embeddable":true,"href":"https:\/\/www.excalibur-generator.com\/fr\/wp-json\/wp\/v2\/product_cat?post=7276"},{"taxonomy":"product_tag","embeddable":true,"href":"https:\/\/www.excalibur-generator.com\/fr\/wp-json\/wp\/v2\/product_tag?post=7276"}],"curies":[{"name":"wp","href":"https:\/\/api.w.org\/{rel}","templated":true}]}}