{"id":7286,"date":"2024-05-27T09:11:32","date_gmt":"2024-05-27T01:11:32","guid":{"rendered":"https:\/\/www.excalibur-generator.com\/generateur-a-onduleur-a-essence-silencieux-de-haute-qualite-de-8-kw\/"},"modified":"2024-05-27T09:11:32","modified_gmt":"2024-05-27T01:11:32","slug":"generateur-a-onduleur-a-essence-silencieux-de-haute-qualite-de-8-kw","status":"publish","type":"product","link":"https:\/\/www.excalibur-generator.com\/fr\/generateur-a-onduleur-a-essence-silencieux-de-haute-qualite-de-8-kw\/","title":{"rendered":"G\u00e9n\u00e9rateur \u00e0 onduleur \u00e0 essence silencieux de haute qualit\u00e9 de 8 kW"},"content":{"rendered":"<p>\u25cf Facile \u00e0 r\u00e9parer, \u00e0 d\u00e9monter et \u00e0 entretenir.<\/p>\n<p>\u25cf Facile \u00e0 d\u00e9marrer : peut \u00eatre d\u00e9marr\u00e9 avec succ\u00e8s en trois fois moins de -5 \u00e0 40 \u00b0C.<\/p>\n<p>\u25cf Longue dur\u00e9e de vie : utilisation d&#8217;une batterie au lithium et aucune alimentation suppl\u00e9mentaire n\u00e9cessaire dans les 2 ans.<\/p>\n<p>\u25cf Plusieurs configurations optionnelles : d\u00e9marrage \u00e0 distance, d\u00e9marrage \u00e0 un bouton, r\u00e9initialisation, USB, connexion r\u00e9seau et autres.<\/p>\n<p>\u25cf En utilisant un moteur pas \u00e0 pas et un carburateur pour contr\u00f4ler, vous pouvez r\u00e9aliser un d\u00e9marrage \u00e0 un bouton, une t\u00e9l\u00e9commande et un contr\u00f4le APP \u00e0 distance.<\/p>\n<table align=\"center\">\n<colgroup>\n<col>\n<col><\/colgroup>\n<tbody>\n<tr class=\"firstRow\">\n<td>Mod\u00e8le de g\u00e9n\u00e9rateur<\/td>\n<td>S81000iE<\/td>\n<\/tr>\n<tr>\n<td>Type de g\u00e9n\u00e9rateur<\/td>\n<td>G\u00c9N\u00c9RATEUR \u00c0 ONDULEUR<\/td>\n<\/tr>\n<tr>\n<td>Fr\u00e9quence CA (Hz)<\/td>\n<td>50<\/td>\n<\/tr>\n<tr>\n<td>Sortie CC (V\/A)<\/td>\n<td>12\/8.3<\/td>\n<\/tr>\n<tr>\n<td>Tension de sortie CA (V)<\/td>\n<td>230<\/td>\n<\/tr>\n<tr>\n<td>Courant A<\/td>\n<td>32.6<\/td>\n<\/tr>\n<tr>\n<td>Puissance de sortie CA continue (kW)<\/td>\n<td>7.5<\/td>\n<\/tr>\n<tr>\n<td>Puissance de sortie CA (kW)<\/td>\n<td>8.0<\/td>\n<\/tr>\n<tr>\n<td>Num\u00e9ro de phase<\/td>\n<td>monophas\u00e9<\/td>\n<\/tr>\n<tr>\n<td>Mod\u00e8le de moteur<\/td>\n<td>S420i<\/td>\n<\/tr>\n<tr>\n<td>Niveau sonore (7 m \u00e0 25 %) (dB)<\/td>\n<td>76<\/td>\n<\/tr>\n<tr>\n<td>Type de moteur<\/td>\n<td>Monocylindre, refroidi par air forc\u00e9, 4 temps<\/td>\n<\/tr>\n<tr>\n<td>Syst\u00e8me de d\u00e9marrage<\/td>\n<td>D\u00e9marrage \u00e0 rappel\/D\u00e9marrage \u00e9lectrique\/D\u00e9marrage \u00e0 distance<\/td>\n<\/tr>\n<tr>\n<td>Al\u00e9sage*Course (mm)<\/td>\n<td>90&#215;66<\/td>\n<\/tr>\n<tr>\n<td>Capacit\u00e9 du r\u00e9servoir de carburant (L)<\/td>\n<td>24<\/td>\n<\/tr>\n<tr>\n<td>Capacit\u00e9 d&#8217;huile (L)<\/td>\n<td>1.1<\/td>\n<\/tr>\n<tr>\n<td>Prises<\/td>\n<td>prise europ\u00e9enne<\/td>\n<\/tr>\n<tr>\n<td>Dimensions du produit<\/td>\n<td>699*641*643<\/td>\n<\/tr>\n<tr>\n<td>Dimensions de l&#8217;emballage (mm)<\/td>\n<td>725*661*670<\/td>\n<\/tr>\n<tr>\n<td>Poids net (kg)<\/td>\n<td>76<\/td>\n<\/tr>\n<tr>\n<td>D\u00e9placement t(ml)<\/td>\n<td>420<\/td>\n<\/tr>\n<tr>\n<td>Consommation de carburant (g\/w.h)<\/td>\n<td>3000<\/td>\n<\/tr>\n<tr>\n<td>Dur\u00e9e de fonctionnement continu (h)<\/td>\n<td>8 (50 % de charge)<\/td>\n<\/tr>\n<tr>\n<td>Certification<\/td>\n<td>EPA\/CARB\/CE\/EU5<\/td>\n<\/tr>\n<tr>\n<td>Protection contre l&#8217;huile<\/td>\n<td>\u25cf<\/td>\n<\/tr>\n<tr>\n<td>Compteur d&#8217;affichage<\/td>\n<td>\u25cf<\/td>\n<\/tr>\n<tr>\n<td>Sortie USB<\/td>\n<td>\u25cf<\/td>\n<\/tr>\n<tr>\n<td>Sortie DC12V<\/td>\n<td>\u25cf<\/td>\n<\/tr>\n<tr>\n<td>Rendement plus l\u00e9ger<\/td>\n<td>\u25cb<\/td>\n<\/tr>\n<tr>\n<td>Mode de d\u00e9marrage<\/td>\n<td>\u25cf<\/td>\n<\/tr>\n<tr>\n<td>D\u00e9marrage \u00e0 distance<\/td>\n<td>\u25cf<\/td>\n<\/tr>\n<tr>\n<td>Mode parall\u00e8le<\/td>\n<td>\u25cf<\/td>\n<\/tr>\n<tr>\n<td>THD (%)<\/td>\n<td>\u22643<\/td>\n<\/tr>\n<\/tbody>\n<\/table>\n","protected":false},"excerpt":{"rendered":"<p><strong>Mod\u00e8le:<\/strong><\/p>\n<div>S8000iE<\/div>\n<div><\/div>\n<div><strong>Sortie CA continue :<\/strong><\/div>\n<div>7.5KW<\/div>\n<div><\/div>\n<div><strong>Sortie CC :<\/strong><\/div>\n<div>12 V\/8,3 A<\/div>\n<div><\/div>\n<div><strong>Niveau sonore (7 m) db(A) :<\/strong><\/div>\n<div>76<\/div>\n","protected":false},"featured_media":7287,"comment_status":"open","ping_status":"closed","template":"","meta":{"site-sidebar-layout":"default","site-content-layout":"","ast-site-content-layout":"default","site-content-style":"default","site-sidebar-style":"default","ast-global-header-display":"","ast-banner-title-visibility":"","ast-main-header-display":"","ast-hfb-above-header-display":"","ast-hfb-below-header-display":"","ast-hfb-mobile-header-display":"","site-post-title":"","ast-breadcrumbs-content":"","ast-featured-img":"","footer-sml-layout":"","theme-transparent-header-meta":"default","adv-header-id-meta":"","stick-header-meta":"","header-above-stick-meta":"","header-main-stick-meta":"","header-below-stick-meta":"","astra-migrate-meta-layouts":"default","ast-page-background-enabled":"default","ast-page-background-meta":{"desktop":{"background-color":"var(--ast-global-color-4)","background-image":"","background-repeat":"repeat","background-position":"center center","background-size":"auto","background-attachment":"scroll","background-type":"","background-media":"","overlay-type":"","overlay-color":"","overlay-opacity":"","overlay-gradient":""},"tablet":{"background-color":"","background-image":"","background-repeat":"repeat","background-position":"center center","background-size":"auto","background-attachment":"scroll","background-type":"","background-media":"","overlay-type":"","overlay-color":"","overlay-opacity":"","overlay-gradient":""},"mobile":{"background-color":"","background-image":"","background-repeat":"repeat","background-position":"center center","background-size":"auto","background-attachment":"scroll","background-type":"","background-media":"","overlay-type":"","overlay-color":"","overlay-opacity":"","overlay-gradient":""}},"ast-content-background-meta":{"desktop":{"background-color":"var(--ast-global-color-5)","background-image":"","background-repeat":"repeat","background-position":"center center","background-size":"auto","background-attachment":"scroll","background-type":"","background-media":"","overlay-type":"","overlay-color":"","overlay-opacity":"","overlay-gradient":""},"tablet":{"background-color":"var(--ast-global-color-5)","background-image":"","background-repeat":"repeat","background-position":"center center","background-size":"auto","background-attachment":"scroll","background-type":"","background-media":"","overlay-type":"","overlay-color":"","overlay-opacity":"","overlay-gradient":""},"mobile":{"background-color":"var(--ast-global-color-5)","background-image":"","background-repeat":"repeat","background-position":"center center","background-size":"auto","background-attachment":"scroll","background-type":"","background-media":"","overlay-type":"","overlay-color":"","overlay-opacity":"","overlay-gradient":""}}},"product_brand":[],"product_cat":[84],"product_tag":[87],"class_list":{"0":"post-7286","1":"product","2":"type-product","3":"status-publish","4":"has-post-thumbnail","6":"product_cat-non-classe","7":"product_tag-generateur-silencieux","8":"desktop-align-left","9":"tablet-align-left","10":"mobile-align-left","12":"first","13":"instock","14":"shipping-taxable","15":"product-type-simple"},"yoast_head":"<!-- This site is optimized with the Yoast SEO plugin v26.5 - https:\/\/yoast.com\/wordpress\/plugins\/seo\/ -->\n<title>G\u00e9n\u00e9rateur \u00e0 onduleur \u00e0 essence silencieux de haute qualit\u00e9 de 8 kW &#8211; Excalibur Generator<\/title>\n<meta name=\"description\" content=\"Ce groupe \u00e9lectrog\u00e8ne \u00e0 onduleur essence silencieux de 8 kW de haute qualit\u00e9 allie puissance et silence. Con\u00e7u pour offrir efficacit\u00e9 et faible bruit, il fournit une \u00e9lectricit\u00e9 fiable, adapt\u00e9e \u00e0 diverses applications o\u00f9 le silence est essentiel.\" \/>\n<meta name=\"robots\" content=\"index, follow, max-snippet:-1, max-image-preview:large, max-video-preview:-1\" \/>\n<link rel=\"canonical\" href=\"https:\/\/www.excalibur-generator.com\/fr\/generateur-a-onduleur-a-essence-silencieux-de-haute-qualite-de-8-kw\/\" \/>\n<meta name=\"twitter:label1\" content=\"Dur\u00e9e de lecture estim\u00e9e\" \/>\n\t<meta name=\"twitter:data1\" content=\"1 minute\" \/>\n<script type=\"application\/ld+json\" class=\"yoast-schema-graph\">{\"@context\":\"https:\/\/schema.org\",\"@graph\":[{\"@type\":\"WebPage\",\"@id\":\"https:\/\/www.excalibur-generator.com\/fr\/generateur-a-onduleur-a-essence-silencieux-de-haute-qualite-de-8-kw\/\",\"url\":\"https:\/\/www.excalibur-generator.com\/fr\/generateur-a-onduleur-a-essence-silencieux-de-haute-qualite-de-8-kw\/\",\"name\":\"G\u00e9n\u00e9rateur \u00e0 onduleur \u00e0 essence silencieux de haute qualit\u00e9 de 8 kW &#8211; Excalibur Generator\",\"isPartOf\":{\"@id\":\"https:\/\/www.excalibur-generator.com\/fr\/#website\"},\"primaryImageOfPage\":{\"@id\":\"https:\/\/www.excalibur-generator.com\/fr\/generateur-a-onduleur-a-essence-silencieux-de-haute-qualite-de-8-kw\/#primaryimage\"},\"image\":{\"@id\":\"https:\/\/www.excalibur-generator.com\/fr\/generateur-a-onduleur-a-essence-silencieux-de-haute-qualite-de-8-kw\/#primaryimage\"},\"thumbnailUrl\":\"https:\/\/www.excalibur-generator.com\/wp-content\/uploads\/2024\/05\/Inverter-Gasoline-Generator-Silent.webp\",\"datePublished\":\"2024-05-27T01:11:32+00:00\",\"description\":\"Ce groupe \u00e9lectrog\u00e8ne \u00e0 onduleur essence silencieux de 8 kW de haute qualit\u00e9 allie puissance et silence. Con\u00e7u pour offrir efficacit\u00e9 et faible bruit, il fournit une \u00e9lectricit\u00e9 fiable, adapt\u00e9e \u00e0 diverses applications o\u00f9 le silence est essentiel.\",\"breadcrumb\":{\"@id\":\"https:\/\/www.excalibur-generator.com\/fr\/generateur-a-onduleur-a-essence-silencieux-de-haute-qualite-de-8-kw\/#breadcrumb\"},\"inLanguage\":\"fr-FR\",\"potentialAction\":[{\"@type\":\"ReadAction\",\"target\":[\"https:\/\/www.excalibur-generator.com\/fr\/generateur-a-onduleur-a-essence-silencieux-de-haute-qualite-de-8-kw\/\"]}]},{\"@type\":\"ImageObject\",\"inLanguage\":\"fr-FR\",\"@id\":\"https:\/\/www.excalibur-generator.com\/fr\/generateur-a-onduleur-a-essence-silencieux-de-haute-qualite-de-8-kw\/#primaryimage\",\"url\":\"https:\/\/www.excalibur-generator.com\/wp-content\/uploads\/2024\/05\/Inverter-Gasoline-Generator-Silent.webp\",\"contentUrl\":\"https:\/\/www.excalibur-generator.com\/wp-content\/uploads\/2024\/05\/Inverter-Gasoline-Generator-Silent.webp\",\"width\":800,\"height\":800,\"caption\":\"G\u00e9n\u00e9rateur \u00e0 essence \u00e0 onduleur silencieux\"},{\"@type\":\"BreadcrumbList\",\"@id\":\"https:\/\/www.excalibur-generator.com\/fr\/generateur-a-onduleur-a-essence-silencieux-de-haute-qualite-de-8-kw\/#breadcrumb\",\"itemListElement\":[{\"@type\":\"ListItem\",\"position\":1,\"name\":\"Home\",\"item\":\"https:\/\/www.excalibur-generator.com\/fr\/\"},{\"@type\":\"ListItem\",\"position\":2,\"name\":\"Produits\",\"item\":\"https:\/\/www.excalibur-generator.com\/fr\/produits\/\"},{\"@type\":\"ListItem\",\"position\":3,\"name\":\"G\u00e9n\u00e9rateur \u00e0 onduleur \u00e0 essence silencieux de haute qualit\u00e9 de 8 kW\"}]},{\"@type\":\"WebSite\",\"@id\":\"https:\/\/www.excalibur-generator.com\/fr\/#website\",\"url\":\"https:\/\/www.excalibur-generator.com\/fr\/\",\"name\":\"Excalibur Generator\",\"description\":\"\",\"publisher\":{\"@id\":\"https:\/\/www.excalibur-generator.com\/fr\/#organization\"},\"potentialAction\":[{\"@type\":\"SearchAction\",\"target\":{\"@type\":\"EntryPoint\",\"urlTemplate\":\"https:\/\/www.excalibur-generator.com\/fr\/?s={search_term_string}\"},\"query-input\":{\"@type\":\"PropertyValueSpecification\",\"valueRequired\":true,\"valueName\":\"search_term_string\"}}],\"inLanguage\":\"fr-FR\"},{\"@type\":\"Organization\",\"@id\":\"https:\/\/www.excalibur-generator.com\/fr\/#organization\",\"name\":\"Excalibur Generator\",\"url\":\"https:\/\/www.excalibur-generator.com\/fr\/\",\"logo\":{\"@type\":\"ImageObject\",\"inLanguage\":\"fr-FR\",\"@id\":\"https:\/\/www.excalibur-generator.com\/fr\/#\/schema\/logo\/image\/\",\"url\":\"https:\/\/www.excalibur-generator.com\/wp-content\/uploads\/2024\/05\/EXCALIBUR.png\",\"contentUrl\":\"https:\/\/www.excalibur-generator.com\/wp-content\/uploads\/2024\/05\/EXCALIBUR.png\",\"width\":350,\"height\":79,\"caption\":\"Excalibur Generator\"},\"image\":{\"@id\":\"https:\/\/www.excalibur-generator.com\/fr\/#\/schema\/logo\/image\/\"}}]}<\/script>\n<!-- \/ Yoast SEO plugin. -->","yoast_head_json":{"title":"G\u00e9n\u00e9rateur \u00e0 onduleur \u00e0 essence silencieux de haute qualit\u00e9 de 8 kW &#8211; Excalibur Generator","description":"Ce groupe \u00e9lectrog\u00e8ne \u00e0 onduleur essence silencieux de 8 kW de haute qualit\u00e9 allie puissance et silence. Con\u00e7u pour offrir efficacit\u00e9 et faible bruit, il fournit une \u00e9lectricit\u00e9 fiable, adapt\u00e9e \u00e0 diverses applications o\u00f9 le silence est essentiel.","robots":{"index":"index","follow":"follow","max-snippet":"max-snippet:-1","max-image-preview":"max-image-preview:large","max-video-preview":"max-video-preview:-1"},"canonical":"https:\/\/www.excalibur-generator.com\/fr\/generateur-a-onduleur-a-essence-silencieux-de-haute-qualite-de-8-kw\/","twitter_misc":{"Dur\u00e9e de lecture estim\u00e9e":"1 minute"},"schema":{"@context":"https:\/\/schema.org","@graph":[{"@type":"WebPage","@id":"https:\/\/www.excalibur-generator.com\/fr\/generateur-a-onduleur-a-essence-silencieux-de-haute-qualite-de-8-kw\/","url":"https:\/\/www.excalibur-generator.com\/fr\/generateur-a-onduleur-a-essence-silencieux-de-haute-qualite-de-8-kw\/","name":"G\u00e9n\u00e9rateur \u00e0 onduleur \u00e0 essence silencieux de haute qualit\u00e9 de 8 kW &#8211; Excalibur Generator","isPartOf":{"@id":"https:\/\/www.excalibur-generator.com\/fr\/#website"},"primaryImageOfPage":{"@id":"https:\/\/www.excalibur-generator.com\/fr\/generateur-a-onduleur-a-essence-silencieux-de-haute-qualite-de-8-kw\/#primaryimage"},"image":{"@id":"https:\/\/www.excalibur-generator.com\/fr\/generateur-a-onduleur-a-essence-silencieux-de-haute-qualite-de-8-kw\/#primaryimage"},"thumbnailUrl":"https:\/\/www.excalibur-generator.com\/wp-content\/uploads\/2024\/05\/Inverter-Gasoline-Generator-Silent.webp","datePublished":"2024-05-27T01:11:32+00:00","description":"Ce groupe \u00e9lectrog\u00e8ne \u00e0 onduleur essence silencieux de 8 kW de haute qualit\u00e9 allie puissance et silence. Con\u00e7u pour offrir efficacit\u00e9 et faible bruit, il fournit une \u00e9lectricit\u00e9 fiable, adapt\u00e9e \u00e0 diverses applications o\u00f9 le silence est essentiel.","breadcrumb":{"@id":"https:\/\/www.excalibur-generator.com\/fr\/generateur-a-onduleur-a-essence-silencieux-de-haute-qualite-de-8-kw\/#breadcrumb"},"inLanguage":"fr-FR","potentialAction":[{"@type":"ReadAction","target":["https:\/\/www.excalibur-generator.com\/fr\/generateur-a-onduleur-a-essence-silencieux-de-haute-qualite-de-8-kw\/"]}]},{"@type":"ImageObject","inLanguage":"fr-FR","@id":"https:\/\/www.excalibur-generator.com\/fr\/generateur-a-onduleur-a-essence-silencieux-de-haute-qualite-de-8-kw\/#primaryimage","url":"https:\/\/www.excalibur-generator.com\/wp-content\/uploads\/2024\/05\/Inverter-Gasoline-Generator-Silent.webp","contentUrl":"https:\/\/www.excalibur-generator.com\/wp-content\/uploads\/2024\/05\/Inverter-Gasoline-Generator-Silent.webp","width":800,"height":800,"caption":"G\u00e9n\u00e9rateur \u00e0 essence \u00e0 onduleur silencieux"},{"@type":"BreadcrumbList","@id":"https:\/\/www.excalibur-generator.com\/fr\/generateur-a-onduleur-a-essence-silencieux-de-haute-qualite-de-8-kw\/#breadcrumb","itemListElement":[{"@type":"ListItem","position":1,"name":"Home","item":"https:\/\/www.excalibur-generator.com\/fr\/"},{"@type":"ListItem","position":2,"name":"Produits","item":"https:\/\/www.excalibur-generator.com\/fr\/produits\/"},{"@type":"ListItem","position":3,"name":"G\u00e9n\u00e9rateur \u00e0 onduleur \u00e0 essence silencieux de haute qualit\u00e9 de 8 kW"}]},{"@type":"WebSite","@id":"https:\/\/www.excalibur-generator.com\/fr\/#website","url":"https:\/\/www.excalibur-generator.com\/fr\/","name":"Excalibur Generator","description":"","publisher":{"@id":"https:\/\/www.excalibur-generator.com\/fr\/#organization"},"potentialAction":[{"@type":"SearchAction","target":{"@type":"EntryPoint","urlTemplate":"https:\/\/www.excalibur-generator.com\/fr\/?s={search_term_string}"},"query-input":{"@type":"PropertyValueSpecification","valueRequired":true,"valueName":"search_term_string"}}],"inLanguage":"fr-FR"},{"@type":"Organization","@id":"https:\/\/www.excalibur-generator.com\/fr\/#organization","name":"Excalibur Generator","url":"https:\/\/www.excalibur-generator.com\/fr\/","logo":{"@type":"ImageObject","inLanguage":"fr-FR","@id":"https:\/\/www.excalibur-generator.com\/fr\/#\/schema\/logo\/image\/","url":"https:\/\/www.excalibur-generator.com\/wp-content\/uploads\/2024\/05\/EXCALIBUR.png","contentUrl":"https:\/\/www.excalibur-generator.com\/wp-content\/uploads\/2024\/05\/EXCALIBUR.png","width":350,"height":79,"caption":"Excalibur Generator"},"image":{"@id":"https:\/\/www.excalibur-generator.com\/fr\/#\/schema\/logo\/image\/"}}]}},"_links":{"self":[{"href":"https:\/\/www.excalibur-generator.com\/fr\/wp-json\/wp\/v2\/product\/7286","targetHints":{"allow":["GET"]}}],"collection":[{"href":"https:\/\/www.excalibur-generator.com\/fr\/wp-json\/wp\/v2\/product"}],"about":[{"href":"https:\/\/www.excalibur-generator.com\/fr\/wp-json\/wp\/v2\/types\/product"}],"replies":[{"embeddable":true,"href":"https:\/\/www.excalibur-generator.com\/fr\/wp-json\/wp\/v2\/comments?post=7286"}],"wp:featuredmedia":[{"embeddable":true,"href":"https:\/\/www.excalibur-generator.com\/fr\/wp-json\/wp\/v2\/media\/7287"}],"wp:attachment":[{"href":"https:\/\/www.excalibur-generator.com\/fr\/wp-json\/wp\/v2\/media?parent=7286"}],"wp:term":[{"taxonomy":"product_brand","embeddable":true,"href":"https:\/\/www.excalibur-generator.com\/fr\/wp-json\/wp\/v2\/product_brand?post=7286"},{"taxonomy":"product_cat","embeddable":true,"href":"https:\/\/www.excalibur-generator.com\/fr\/wp-json\/wp\/v2\/product_cat?post=7286"},{"taxonomy":"product_tag","embeddable":true,"href":"https:\/\/www.excalibur-generator.com\/fr\/wp-json\/wp\/v2\/product_tag?post=7286"}],"curies":[{"name":"wp","href":"https:\/\/api.w.org\/{rel}","templated":true}]}}