{"id":7290,"date":"2024-05-27T09:04:57","date_gmt":"2024-05-27T01:04:57","guid":{"rendered":"https:\/\/www.excalibur-generator.com\/poste-a-souder-et-generateur-diesel-silencieux-2-kw-5-kw\/"},"modified":"2024-05-27T09:04:57","modified_gmt":"2024-05-27T01:04:57","slug":"poste-a-souder-et-generateur-diesel-silencieux-2-kw-5-kw","status":"publish","type":"product","link":"https:\/\/www.excalibur-generator.com\/fr\/poste-a-souder-et-generateur-diesel-silencieux-2-kw-5-kw\/","title":{"rendered":"Poste \u00e0 souder et g\u00e9n\u00e9rateur diesel silencieux 2 kW\/5 kW"},"content":{"rendered":"<table align=\"center\">\n<colgroup>\n<col>\n<col>\n<col>\n<col><\/colgroup>\n<tbody>\n<tr class=\"firstRow\">\n<td>Mod\u00e8le<\/td>\n<td>S6500DSW-1<\/td>\n<td>S7500DSW-1<\/td>\n<td>S8500DSW-1<\/td>\n<\/tr>\n<tr>\n<td>Fr\u00e9quence (HZ)<\/td>\n<td colspan=\"3\">50\/60<\/td>\n<\/tr>\n<tr>\n<td>Tension nominale (V)<\/td>\n<td colspan=\"3\">110,120,220,230,240<\/td>\n<\/tr>\n<tr>\n<td>Puissance nominale en kW<\/td>\n<td>4.6\/5.0 1.8\/2.0<\/td>\n<td>2.0\/2.2 5.0\/5.5<\/td>\n<td>2.8\/3.0 6.0\/6.5<\/td>\n<\/tr>\n<tr>\n<td>Sortie CC<\/td>\n<td colspan=\"3\">12V-8.3A<\/td>\n<\/tr>\n<tr>\n<td>Facteur de puissance<\/td>\n<td colspan=\"3\">1.0<\/td>\n<\/tr>\n<tr>\n<td>Tension de soudage (CC) (V)<\/td>\n<td colspan=\"3\">25-30<\/td>\n<\/tr>\n<tr>\n<td>Courant de soudage nominal CC<\/td>\n<td>50A-180A<\/td>\n<td>50A-190A<\/td>\n<td>50A-230A<\/td>\n<\/tr>\n<tr>\n<td>\u00c9lectrode (mm)<\/td>\n<td colspan=\"3\">1.6-4.0<\/td>\n<\/tr>\n<tr>\n<td>Niveau sonore (7 m) db(A)<\/td>\n<td colspan=\"3\">69-72<\/td>\n<\/tr>\n<tr>\n<td>Mode moteur<\/td>\n<td>S186FA(E)<\/td>\n<td>S188FB(E)<\/td>\n<td>S192F(E)<\/td>\n<\/tr>\n<tr>\n<td>Capacit\u00e9 du r\u00e9servoir de carburant (L)<\/td>\n<td colspan=\"3\">20<\/td>\n<\/tr>\n<tr>\n<td>Dur\u00e9e de fonctionnement continu (h)<\/td>\n<td>9.1<\/td>\n<td>8.3<\/td>\n<td>6.7<\/td>\n<\/tr>\n<tr>\n<td>Syst\u00e8me de d\u00e9marrage<\/td>\n<td colspan=\"3\">D\u00e9marrage \u00e9lectrique<\/td>\n<\/tr>\n<tr>\n<td>Dimensions de l&#8217;emballage (L x l x H) mm<\/td>\n<td colspan=\"3\">950*545*710<\/td>\n<\/tr>\n<tr>\n<td>Poids net (kg)<\/td>\n<td>153<\/td>\n<td>155<\/td>\n<td>160<\/td>\n<\/tr>\n<\/tbody>\n<\/table>\n","protected":false},"excerpt":{"rendered":"<p><strong>Mod\u00e8le:<\/strong><\/p>\n<div>S6500DSW<\/div>\n<div><\/div>\n<div><strong>Puissance nominale :<\/strong><\/div>\n<div>4.6KW\/5KW<\/div>\n<div><\/div>\n<div><strong>Courant nominal :<\/strong><\/div>\n<div>50A-230A<\/div>\n<div><\/div>\n<div><strong>Sortie CC :<\/strong><\/div>\n<div>12V-8.3A<\/div>\n<div><\/div>\n<div><strong>Niveau sonore (7 m) db(A) :<\/strong><\/div>\n<div>69-72<\/div>\n","protected":false},"featured_media":7291,"comment_status":"open","ping_status":"closed","template":"","meta":{"site-sidebar-layout":"default","site-content-layout":"","ast-site-content-layout":"default","site-content-style":"default","site-sidebar-style":"default","ast-global-header-display":"","ast-banner-title-visibility":"","ast-main-header-display":"","ast-hfb-above-header-display":"","ast-hfb-below-header-display":"","ast-hfb-mobile-header-display":"","site-post-title":"","ast-breadcrumbs-content":"","ast-featured-img":"","footer-sml-layout":"","theme-transparent-header-meta":"default","adv-header-id-meta":"","stick-header-meta":"","header-above-stick-meta":"","header-main-stick-meta":"","header-below-stick-meta":"","astra-migrate-meta-layouts":"default","ast-page-background-enabled":"default","ast-page-background-meta":{"desktop":{"background-color":"var(--ast-global-color-4)","background-image":"","background-repeat":"repeat","background-position":"center center","background-size":"auto","background-attachment":"scroll","background-type":"","background-media":"","overlay-type":"","overlay-color":"","overlay-opacity":"","overlay-gradient":""},"tablet":{"background-color":"","background-image":"","background-repeat":"repeat","background-position":"center center","background-size":"auto","background-attachment":"scroll","background-type":"","background-media":"","overlay-type":"","overlay-color":"","overlay-opacity":"","overlay-gradient":""},"mobile":{"background-color":"","background-image":"","background-repeat":"repeat","background-position":"center center","background-size":"auto","background-attachment":"scroll","background-type":"","background-media":"","overlay-type":"","overlay-color":"","overlay-opacity":"","overlay-gradient":""}},"ast-content-background-meta":{"desktop":{"background-color":"var(--ast-global-color-5)","background-image":"","background-repeat":"repeat","background-position":"center center","background-size":"auto","background-attachment":"scroll","background-type":"","background-media":"","overlay-type":"","overlay-color":"","overlay-opacity":"","overlay-gradient":""},"tablet":{"background-color":"var(--ast-global-color-5)","background-image":"","background-repeat":"repeat","background-position":"center center","background-size":"auto","background-attachment":"scroll","background-type":"","background-media":"","overlay-type":"","overlay-color":"","overlay-opacity":"","overlay-gradient":""},"mobile":{"background-color":"var(--ast-global-color-5)","background-image":"","background-repeat":"repeat","background-position":"center center","background-size":"auto","background-attachment":"scroll","background-type":"","background-media":"","overlay-type":"","overlay-color":"","overlay-opacity":"","overlay-gradient":""}}},"product_brand":[],"product_cat":[84],"product_tag":[87],"class_list":{"0":"post-7290","1":"product","2":"type-product","3":"status-publish","4":"has-post-thumbnail","6":"product_cat-non-classe","7":"product_tag-generateur-silencieux","8":"desktop-align-left","9":"tablet-align-left","10":"mobile-align-left","12":"first","13":"instock","14":"shipping-taxable","15":"product-type-simple"},"yoast_head":"<!-- This site is optimized with the Yoast SEO plugin v26.5 - https:\/\/yoast.com\/wordpress\/plugins\/seo\/ -->\n<title>Poste \u00e0 souder et g\u00e9n\u00e9rateur diesel silencieux 2 kW\/5 kW &#8211; Excalibur Generator<\/title>\n<meta name=\"description\" content=\"Le poste \u00e0 souder et g\u00e9n\u00e9rateur diesel silencieux de 2 kW\/5 kW assure un soudage et une production d&#039;\u00e9lectricit\u00e9 silencieux et efficaces. Sa conception silencieuse garantit polyvalence et fiabilit\u00e9 pour diverses applications.\" \/>\n<meta name=\"robots\" content=\"index, follow, max-snippet:-1, max-image-preview:large, max-video-preview:-1\" \/>\n<link rel=\"canonical\" href=\"https:\/\/www.excalibur-generator.com\/fr\/poste-a-souder-et-generateur-diesel-silencieux-2-kw-5-kw\/\" \/>\n<script type=\"application\/ld+json\" class=\"yoast-schema-graph\">{\"@context\":\"https:\/\/schema.org\",\"@graph\":[{\"@type\":\"WebPage\",\"@id\":\"https:\/\/www.excalibur-generator.com\/fr\/poste-a-souder-et-generateur-diesel-silencieux-2-kw-5-kw\/\",\"url\":\"https:\/\/www.excalibur-generator.com\/fr\/poste-a-souder-et-generateur-diesel-silencieux-2-kw-5-kw\/\",\"name\":\"Poste \u00e0 souder et g\u00e9n\u00e9rateur diesel silencieux 2 kW\/5 kW &#8211; Excalibur Generator\",\"isPartOf\":{\"@id\":\"https:\/\/www.excalibur-generator.com\/fr\/#website\"},\"primaryImageOfPage\":{\"@id\":\"https:\/\/www.excalibur-generator.com\/fr\/poste-a-souder-et-generateur-diesel-silencieux-2-kw-5-kw\/#primaryimage\"},\"image\":{\"@id\":\"https:\/\/www.excalibur-generator.com\/fr\/poste-a-souder-et-generateur-diesel-silencieux-2-kw-5-kw\/#primaryimage\"},\"thumbnailUrl\":\"https:\/\/www.excalibur-generator.com\/wp-content\/uploads\/2024\/05\/Silent-diesel-welder-generator.webp\",\"datePublished\":\"2024-05-27T01:04:57+00:00\",\"description\":\"Le poste \u00e0 souder et g\u00e9n\u00e9rateur diesel silencieux de 2 kW\/5 kW assure un soudage et une production d'\u00e9lectricit\u00e9 silencieux et efficaces. Sa conception silencieuse garantit polyvalence et fiabilit\u00e9 pour diverses applications.\",\"breadcrumb\":{\"@id\":\"https:\/\/www.excalibur-generator.com\/fr\/poste-a-souder-et-generateur-diesel-silencieux-2-kw-5-kw\/#breadcrumb\"},\"inLanguage\":\"fr-FR\",\"potentialAction\":[{\"@type\":\"ReadAction\",\"target\":[\"https:\/\/www.excalibur-generator.com\/fr\/poste-a-souder-et-generateur-diesel-silencieux-2-kw-5-kw\/\"]}]},{\"@type\":\"ImageObject\",\"inLanguage\":\"fr-FR\",\"@id\":\"https:\/\/www.excalibur-generator.com\/fr\/poste-a-souder-et-generateur-diesel-silencieux-2-kw-5-kw\/#primaryimage\",\"url\":\"https:\/\/www.excalibur-generator.com\/wp-content\/uploads\/2024\/05\/Silent-diesel-welder-generator.webp\",\"contentUrl\":\"https:\/\/www.excalibur-generator.com\/wp-content\/uploads\/2024\/05\/Silent-diesel-welder-generator.webp\",\"width\":800,\"height\":800,\"caption\":\"G\u00e9n\u00e9rateur de soudage diesel silencieux\"},{\"@type\":\"BreadcrumbList\",\"@id\":\"https:\/\/www.excalibur-generator.com\/fr\/poste-a-souder-et-generateur-diesel-silencieux-2-kw-5-kw\/#breadcrumb\",\"itemListElement\":[{\"@type\":\"ListItem\",\"position\":1,\"name\":\"Home\",\"item\":\"https:\/\/www.excalibur-generator.com\/fr\/\"},{\"@type\":\"ListItem\",\"position\":2,\"name\":\"Produits\",\"item\":\"https:\/\/www.excalibur-generator.com\/fr\/produits\/\"},{\"@type\":\"ListItem\",\"position\":3,\"name\":\"Poste \u00e0 souder et g\u00e9n\u00e9rateur diesel silencieux 2 kW\/5 kW\"}]},{\"@type\":\"WebSite\",\"@id\":\"https:\/\/www.excalibur-generator.com\/fr\/#website\",\"url\":\"https:\/\/www.excalibur-generator.com\/fr\/\",\"name\":\"Excalibur Generator\",\"description\":\"\",\"publisher\":{\"@id\":\"https:\/\/www.excalibur-generator.com\/fr\/#organization\"},\"potentialAction\":[{\"@type\":\"SearchAction\",\"target\":{\"@type\":\"EntryPoint\",\"urlTemplate\":\"https:\/\/www.excalibur-generator.com\/fr\/?s={search_term_string}\"},\"query-input\":{\"@type\":\"PropertyValueSpecification\",\"valueRequired\":true,\"valueName\":\"search_term_string\"}}],\"inLanguage\":\"fr-FR\"},{\"@type\":\"Organization\",\"@id\":\"https:\/\/www.excalibur-generator.com\/fr\/#organization\",\"name\":\"Excalibur Generator\",\"url\":\"https:\/\/www.excalibur-generator.com\/fr\/\",\"logo\":{\"@type\":\"ImageObject\",\"inLanguage\":\"fr-FR\",\"@id\":\"https:\/\/www.excalibur-generator.com\/fr\/#\/schema\/logo\/image\/\",\"url\":\"https:\/\/www.excalibur-generator.com\/wp-content\/uploads\/2024\/05\/EXCALIBUR.png\",\"contentUrl\":\"https:\/\/www.excalibur-generator.com\/wp-content\/uploads\/2024\/05\/EXCALIBUR.png\",\"width\":350,\"height\":79,\"caption\":\"Excalibur Generator\"},\"image\":{\"@id\":\"https:\/\/www.excalibur-generator.com\/fr\/#\/schema\/logo\/image\/\"}}]}<\/script>\n<!-- \/ Yoast SEO plugin. -->","yoast_head_json":{"title":"Poste \u00e0 souder et g\u00e9n\u00e9rateur diesel silencieux 2 kW\/5 kW &#8211; Excalibur Generator","description":"Le poste \u00e0 souder et g\u00e9n\u00e9rateur diesel silencieux de 2 kW\/5 kW assure un soudage et une production d'\u00e9lectricit\u00e9 silencieux et efficaces. Sa conception silencieuse garantit polyvalence et fiabilit\u00e9 pour diverses applications.","robots":{"index":"index","follow":"follow","max-snippet":"max-snippet:-1","max-image-preview":"max-image-preview:large","max-video-preview":"max-video-preview:-1"},"canonical":"https:\/\/www.excalibur-generator.com\/fr\/poste-a-souder-et-generateur-diesel-silencieux-2-kw-5-kw\/","schema":{"@context":"https:\/\/schema.org","@graph":[{"@type":"WebPage","@id":"https:\/\/www.excalibur-generator.com\/fr\/poste-a-souder-et-generateur-diesel-silencieux-2-kw-5-kw\/","url":"https:\/\/www.excalibur-generator.com\/fr\/poste-a-souder-et-generateur-diesel-silencieux-2-kw-5-kw\/","name":"Poste \u00e0 souder et g\u00e9n\u00e9rateur diesel silencieux 2 kW\/5 kW &#8211; Excalibur Generator","isPartOf":{"@id":"https:\/\/www.excalibur-generator.com\/fr\/#website"},"primaryImageOfPage":{"@id":"https:\/\/www.excalibur-generator.com\/fr\/poste-a-souder-et-generateur-diesel-silencieux-2-kw-5-kw\/#primaryimage"},"image":{"@id":"https:\/\/www.excalibur-generator.com\/fr\/poste-a-souder-et-generateur-diesel-silencieux-2-kw-5-kw\/#primaryimage"},"thumbnailUrl":"https:\/\/www.excalibur-generator.com\/wp-content\/uploads\/2024\/05\/Silent-diesel-welder-generator.webp","datePublished":"2024-05-27T01:04:57+00:00","description":"Le poste \u00e0 souder et g\u00e9n\u00e9rateur diesel silencieux de 2 kW\/5 kW assure un soudage et une production d'\u00e9lectricit\u00e9 silencieux et efficaces. Sa conception silencieuse garantit polyvalence et fiabilit\u00e9 pour diverses applications.","breadcrumb":{"@id":"https:\/\/www.excalibur-generator.com\/fr\/poste-a-souder-et-generateur-diesel-silencieux-2-kw-5-kw\/#breadcrumb"},"inLanguage":"fr-FR","potentialAction":[{"@type":"ReadAction","target":["https:\/\/www.excalibur-generator.com\/fr\/poste-a-souder-et-generateur-diesel-silencieux-2-kw-5-kw\/"]}]},{"@type":"ImageObject","inLanguage":"fr-FR","@id":"https:\/\/www.excalibur-generator.com\/fr\/poste-a-souder-et-generateur-diesel-silencieux-2-kw-5-kw\/#primaryimage","url":"https:\/\/www.excalibur-generator.com\/wp-content\/uploads\/2024\/05\/Silent-diesel-welder-generator.webp","contentUrl":"https:\/\/www.excalibur-generator.com\/wp-content\/uploads\/2024\/05\/Silent-diesel-welder-generator.webp","width":800,"height":800,"caption":"G\u00e9n\u00e9rateur de soudage diesel silencieux"},{"@type":"BreadcrumbList","@id":"https:\/\/www.excalibur-generator.com\/fr\/poste-a-souder-et-generateur-diesel-silencieux-2-kw-5-kw\/#breadcrumb","itemListElement":[{"@type":"ListItem","position":1,"name":"Home","item":"https:\/\/www.excalibur-generator.com\/fr\/"},{"@type":"ListItem","position":2,"name":"Produits","item":"https:\/\/www.excalibur-generator.com\/fr\/produits\/"},{"@type":"ListItem","position":3,"name":"Poste \u00e0 souder et g\u00e9n\u00e9rateur diesel silencieux 2 kW\/5 kW"}]},{"@type":"WebSite","@id":"https:\/\/www.excalibur-generator.com\/fr\/#website","url":"https:\/\/www.excalibur-generator.com\/fr\/","name":"Excalibur Generator","description":"","publisher":{"@id":"https:\/\/www.excalibur-generator.com\/fr\/#organization"},"potentialAction":[{"@type":"SearchAction","target":{"@type":"EntryPoint","urlTemplate":"https:\/\/www.excalibur-generator.com\/fr\/?s={search_term_string}"},"query-input":{"@type":"PropertyValueSpecification","valueRequired":true,"valueName":"search_term_string"}}],"inLanguage":"fr-FR"},{"@type":"Organization","@id":"https:\/\/www.excalibur-generator.com\/fr\/#organization","name":"Excalibur Generator","url":"https:\/\/www.excalibur-generator.com\/fr\/","logo":{"@type":"ImageObject","inLanguage":"fr-FR","@id":"https:\/\/www.excalibur-generator.com\/fr\/#\/schema\/logo\/image\/","url":"https:\/\/www.excalibur-generator.com\/wp-content\/uploads\/2024\/05\/EXCALIBUR.png","contentUrl":"https:\/\/www.excalibur-generator.com\/wp-content\/uploads\/2024\/05\/EXCALIBUR.png","width":350,"height":79,"caption":"Excalibur Generator"},"image":{"@id":"https:\/\/www.excalibur-generator.com\/fr\/#\/schema\/logo\/image\/"}}]}},"_links":{"self":[{"href":"https:\/\/www.excalibur-generator.com\/fr\/wp-json\/wp\/v2\/product\/7290","targetHints":{"allow":["GET"]}}],"collection":[{"href":"https:\/\/www.excalibur-generator.com\/fr\/wp-json\/wp\/v2\/product"}],"about":[{"href":"https:\/\/www.excalibur-generator.com\/fr\/wp-json\/wp\/v2\/types\/product"}],"replies":[{"embeddable":true,"href":"https:\/\/www.excalibur-generator.com\/fr\/wp-json\/wp\/v2\/comments?post=7290"}],"wp:featuredmedia":[{"embeddable":true,"href":"https:\/\/www.excalibur-generator.com\/fr\/wp-json\/wp\/v2\/media\/7291"}],"wp:attachment":[{"href":"https:\/\/www.excalibur-generator.com\/fr\/wp-json\/wp\/v2\/media?parent=7290"}],"wp:term":[{"taxonomy":"product_brand","embeddable":true,"href":"https:\/\/www.excalibur-generator.com\/fr\/wp-json\/wp\/v2\/product_brand?post=7290"},{"taxonomy":"product_cat","embeddable":true,"href":"https:\/\/www.excalibur-generator.com\/fr\/wp-json\/wp\/v2\/product_cat?post=7290"},{"taxonomy":"product_tag","embeddable":true,"href":"https:\/\/www.excalibur-generator.com\/fr\/wp-json\/wp\/v2\/product_tag?post=7290"}],"curies":[{"name":"wp","href":"https:\/\/api.w.org\/{rel}","templated":true}]}}