{"id":7294,"date":"2024-05-27T09:00:24","date_gmt":"2024-05-27T01:00:24","guid":{"rendered":"https:\/\/www.excalibur-generator.com\/poste-a-souder-et-generateur-a-essence-ouvert-2-kw-3-kw\/"},"modified":"2024-05-27T09:00:24","modified_gmt":"2024-05-27T01:00:24","slug":"poste-a-souder-et-generateur-a-essence-ouvert-2-kw-3-kw","status":"publish","type":"product","link":"https:\/\/www.excalibur-generator.com\/fr\/poste-a-souder-et-generateur-a-essence-ouvert-2-kw-3-kw\/","title":{"rendered":"Poste \u00e0 souder et g\u00e9n\u00e9rateur \u00e0 essence ouvert 2 kW\/3 kW"},"content":{"rendered":"<h2><strong>Caract\u00e9ristiques du produit<\/strong><\/h2>\n<p>\u25cf MONOPHAS\u00c9 UNIQUEMENT<\/p>\n<p>\u25cf Puissance de soudage CC maximale de 230 A<\/p>\n<p>\u25cf 2800 watts de d\u00e9marrage maximum, 3000 watts de fonctionnement<\/p>\n<p>\u25cf Dispose d&#8217;un moteur \u00e0 essence Excalibur 465cc puissant et fiable<\/p>\n<p>\u25cf 13 heures d&#8217;autonomie \u00e0 50 % de charge<\/p>\n<p>\u25cf D\u00e9marrage \u00e9lectrique avec secours manuel, 1 batterie 2v incluse<\/p>\n<p>\u25cf Affichage num\u00e9rique pour des configurations de soudage rapides et faciles (en option)<\/p>\n<p>\u25cf Kit de roues de 8 pouces inclus pour une portabilit\u00e9 facile sur le chantier <\/p>\n<h2><strong>Param\u00e8tres du produit<\/strong><\/h2>\n<table align=\"center\">\n<colgroup>\n<col>\n<col>\n<col>\n<col><\/colgroup>\n<tbody>\n<tr class=\"firstRow\">\n<td>Mod\u00e8le<\/td>\n<td>S6500CXW<\/td>\n<td>S7500CXW<\/td>\n<td>S8500CXW<\/td>\n<\/tr>\n<tr>\n<td>Fr\u00e9quence (HZ)<\/td>\n<td>50Hz or 60Hz<\/td>\n<td>50Hz or 60Hz<\/td>\n<td>50Hz or 60Hz<\/td>\n<\/tr>\n<tr>\n<td>Tension nominale (V)<\/td>\n<td colspan=\"3\">110V,220V,230V,240V<\/td>\n<\/tr>\n<tr>\n<td>Puissance nominale kW<\/td>\n<td>1.8\/2.0<\/td>\n<td>2.0 \/2.2<\/td>\n<td>2.8\/3.0<\/td>\n<\/tr>\n<tr>\n<td>Sortie CC<\/td>\n<td>12V-8.3A<\/td>\n<td>12V-8.3A<\/td>\n<td>12V-8.3A<\/td>\n<\/tr>\n<tr>\n<td>Facteur de puissance<\/td>\n<td>1.0<\/td>\n<td>1.0<\/td>\n<td>1.0<\/td>\n<\/tr>\n<tr>\n<td>Tension de soudage (CC) (V)<\/td>\n<td>50-30<\/td>\n<td>50-30<\/td>\n<td>50-30<\/td>\n<\/tr>\n<tr>\n<td>Courant de soudage nominal CC<\/td>\n<td>50A-180A<\/td>\n<td>50A-190A<\/td>\n<td>50A-230A<\/td>\n<\/tr>\n<tr>\n<td>\u00c9lectrode (mm)<\/td>\n<td>1.6-4.0<\/td>\n<td>1.6-4.0<\/td>\n<td>1.6-4.0<\/td>\n<\/tr>\n<tr>\n<td>Niveau sonore (7 m) db(A)<\/td>\n<td>68<\/td>\n<td>68<\/td>\n<td>68<\/td>\n<\/tr>\n<tr>\n<td>Mod\u00e8le de moteur<\/td>\n<td>S420<\/td>\n<td>S420<\/td>\n<td>S460<\/td>\n<\/tr>\n<tr>\n<td>Capacit\u00e9 du r\u00e9servoir de carburant (L)<\/td>\n<td>25<\/td>\n<td>25<\/td>\n<td>25<\/td>\n<\/tr>\n<tr>\n<td>Dur\u00e9e de fonctionnement continu (h)<\/td>\n<td>13h<\/td>\n<td>13h<\/td>\n<td>13h<\/td>\n<\/tr>\n<tr>\n<td>Syst\u00e8me de d\u00e9marrage<\/td>\n<td colspan=\"3\">D\u00e9marrage manuel\/\u00e9lectrique<\/td>\n<\/tr>\n<tr>\n<td>Dimensions de l&#8217;emballage (L x l x H) mm<\/td>\n<td>750*600*640<\/td>\n<td>750*600*640<\/td>\n<td>750*600*640<\/td>\n<\/tr>\n<tr>\n<td>Poids net (KG)<\/td>\n<td>95<\/td>\n<td>97<\/td>\n<td>103<\/td>\n<\/tr>\n<\/tbody>\n<\/table>\n","protected":false},"excerpt":{"rendered":"<p><strong>Mod\u00e8le:<\/strong><\/p>\n<div>S8500CXW<\/div>\n<div><\/div>\n<div><strong>Puissance nominale :<\/strong><\/div>\n<div>2.8KW\/3.0KW<\/div>\n<div><\/div>\n<div><strong>Courant nominal :<\/strong><\/div>\n<div>50A-230A<\/div>\n<div><\/div>\n<div><strong>Sortie CC :<\/strong><\/div>\n<div>12V-8.3A<\/div>\n<div><\/div>\n<div><strong>Niveau sonore (7 m) db(A) :<\/strong><\/div>\n<div>68<\/div>\n","protected":false},"featured_media":7295,"comment_status":"open","ping_status":"closed","template":"","meta":{"site-sidebar-layout":"default","site-content-layout":"","ast-site-content-layout":"default","site-content-style":"default","site-sidebar-style":"default","ast-global-header-display":"","ast-banner-title-visibility":"","ast-main-header-display":"","ast-hfb-above-header-display":"","ast-hfb-below-header-display":"","ast-hfb-mobile-header-display":"","site-post-title":"","ast-breadcrumbs-content":"","ast-featured-img":"","footer-sml-layout":"","theme-transparent-header-meta":"default","adv-header-id-meta":"","stick-header-meta":"","header-above-stick-meta":"","header-main-stick-meta":"","header-below-stick-meta":"","astra-migrate-meta-layouts":"default","ast-page-background-enabled":"default","ast-page-background-meta":{"desktop":{"background-color":"var(--ast-global-color-4)","background-image":"","background-repeat":"repeat","background-position":"center center","background-size":"auto","background-attachment":"scroll","background-type":"","background-media":"","overlay-type":"","overlay-color":"","overlay-opacity":"","overlay-gradient":""},"tablet":{"background-color":"","background-image":"","background-repeat":"repeat","background-position":"center center","background-size":"auto","background-attachment":"scroll","background-type":"","background-media":"","overlay-type":"","overlay-color":"","overlay-opacity":"","overlay-gradient":""},"mobile":{"background-color":"","background-image":"","background-repeat":"repeat","background-position":"center center","background-size":"auto","background-attachment":"scroll","background-type":"","background-media":"","overlay-type":"","overlay-color":"","overlay-opacity":"","overlay-gradient":""}},"ast-content-background-meta":{"desktop":{"background-color":"var(--ast-global-color-5)","background-image":"","background-repeat":"repeat","background-position":"center center","background-size":"auto","background-attachment":"scroll","background-type":"","background-media":"","overlay-type":"","overlay-color":"","overlay-opacity":"","overlay-gradient":""},"tablet":{"background-color":"var(--ast-global-color-5)","background-image":"","background-repeat":"repeat","background-position":"center center","background-size":"auto","background-attachment":"scroll","background-type":"","background-media":"","overlay-type":"","overlay-color":"","overlay-opacity":"","overlay-gradient":""},"mobile":{"background-color":"var(--ast-global-color-5)","background-image":"","background-repeat":"repeat","background-position":"center center","background-size":"auto","background-attachment":"scroll","background-type":"","background-media":"","overlay-type":"","overlay-color":"","overlay-opacity":"","overlay-gradient":""}}},"product_brand":[],"product_cat":[84],"product_tag":[88],"class_list":{"0":"post-7294","1":"product","2":"type-product","3":"status-publish","4":"has-post-thumbnail","6":"product_cat-non-classe","7":"product_tag-generateur-ouvert","8":"desktop-align-left","9":"tablet-align-left","10":"mobile-align-left","12":"first","13":"instock","14":"shipping-taxable","15":"product-type-simple"},"yoast_head":"<!-- This site is optimized with the Yoast SEO plugin v26.5 - https:\/\/yoast.com\/wordpress\/plugins\/seo\/ -->\n<title>Poste \u00e0 souder et g\u00e9n\u00e9rateur \u00e0 essence ouvert 2 kW\/3 kW &#8211; Excalibur Generator<\/title>\n<meta name=\"description\" content=\"Le poste \u00e0 souder et g\u00e9n\u00e9rateur \u00e0 essence ouvert de 2 kW\/3 kW offre un soudage et une production d&#039;\u00e9nergie portables et efficaces. Sa conception ouverte garantit accessibilit\u00e9 et simplicit\u00e9 d&#039;utilisation pour des applications polyvalentes.\" \/>\n<meta name=\"robots\" content=\"index, follow, max-snippet:-1, max-image-preview:large, max-video-preview:-1\" \/>\n<link rel=\"canonical\" href=\"https:\/\/www.excalibur-generator.com\/fr\/poste-a-souder-et-generateur-a-essence-ouvert-2-kw-3-kw\/\" \/>\n<meta name=\"twitter:label1\" content=\"Dur\u00e9e de lecture estim\u00e9e\" \/>\n\t<meta name=\"twitter:data1\" content=\"1 minute\" \/>\n<script type=\"application\/ld+json\" class=\"yoast-schema-graph\">{\"@context\":\"https:\/\/schema.org\",\"@graph\":[{\"@type\":\"WebPage\",\"@id\":\"https:\/\/www.excalibur-generator.com\/fr\/poste-a-souder-et-generateur-a-essence-ouvert-2-kw-3-kw\/\",\"url\":\"https:\/\/www.excalibur-generator.com\/fr\/poste-a-souder-et-generateur-a-essence-ouvert-2-kw-3-kw\/\",\"name\":\"Poste \u00e0 souder et g\u00e9n\u00e9rateur \u00e0 essence ouvert 2 kW\/3 kW &#8211; Excalibur Generator\",\"isPartOf\":{\"@id\":\"https:\/\/www.excalibur-generator.com\/fr\/#website\"},\"primaryImageOfPage\":{\"@id\":\"https:\/\/www.excalibur-generator.com\/fr\/poste-a-souder-et-generateur-a-essence-ouvert-2-kw-3-kw\/#primaryimage\"},\"image\":{\"@id\":\"https:\/\/www.excalibur-generator.com\/fr\/poste-a-souder-et-generateur-a-essence-ouvert-2-kw-3-kw\/#primaryimage\"},\"thumbnailUrl\":\"https:\/\/www.excalibur-generator.com\/wp-content\/uploads\/2024\/05\/gasoline-welder-generator.webp\",\"datePublished\":\"2024-05-27T01:00:24+00:00\",\"description\":\"Le poste \u00e0 souder et g\u00e9n\u00e9rateur \u00e0 essence ouvert de 2 kW\/3 kW offre un soudage et une production d'\u00e9nergie portables et efficaces. Sa conception ouverte garantit accessibilit\u00e9 et simplicit\u00e9 d'utilisation pour des applications polyvalentes.\",\"breadcrumb\":{\"@id\":\"https:\/\/www.excalibur-generator.com\/fr\/poste-a-souder-et-generateur-a-essence-ouvert-2-kw-3-kw\/#breadcrumb\"},\"inLanguage\":\"fr-FR\",\"potentialAction\":[{\"@type\":\"ReadAction\",\"target\":[\"https:\/\/www.excalibur-generator.com\/fr\/poste-a-souder-et-generateur-a-essence-ouvert-2-kw-3-kw\/\"]}]},{\"@type\":\"ImageObject\",\"inLanguage\":\"fr-FR\",\"@id\":\"https:\/\/www.excalibur-generator.com\/fr\/poste-a-souder-et-generateur-a-essence-ouvert-2-kw-3-kw\/#primaryimage\",\"url\":\"https:\/\/www.excalibur-generator.com\/wp-content\/uploads\/2024\/05\/gasoline-welder-generator.webp\",\"contentUrl\":\"https:\/\/www.excalibur-generator.com\/wp-content\/uploads\/2024\/05\/gasoline-welder-generator.webp\",\"width\":800,\"height\":800,\"caption\":\"soudeuse-g\u00e9n\u00e9rateur \u00e0 essence\"},{\"@type\":\"BreadcrumbList\",\"@id\":\"https:\/\/www.excalibur-generator.com\/fr\/poste-a-souder-et-generateur-a-essence-ouvert-2-kw-3-kw\/#breadcrumb\",\"itemListElement\":[{\"@type\":\"ListItem\",\"position\":1,\"name\":\"Home\",\"item\":\"https:\/\/www.excalibur-generator.com\/fr\/\"},{\"@type\":\"ListItem\",\"position\":2,\"name\":\"Produits\",\"item\":\"https:\/\/www.excalibur-generator.com\/fr\/produits\/\"},{\"@type\":\"ListItem\",\"position\":3,\"name\":\"Poste \u00e0 souder et g\u00e9n\u00e9rateur \u00e0 essence ouvert 2 kW\/3 kW\"}]},{\"@type\":\"WebSite\",\"@id\":\"https:\/\/www.excalibur-generator.com\/fr\/#website\",\"url\":\"https:\/\/www.excalibur-generator.com\/fr\/\",\"name\":\"Excalibur Generator\",\"description\":\"\",\"publisher\":{\"@id\":\"https:\/\/www.excalibur-generator.com\/fr\/#organization\"},\"potentialAction\":[{\"@type\":\"SearchAction\",\"target\":{\"@type\":\"EntryPoint\",\"urlTemplate\":\"https:\/\/www.excalibur-generator.com\/fr\/?s={search_term_string}\"},\"query-input\":{\"@type\":\"PropertyValueSpecification\",\"valueRequired\":true,\"valueName\":\"search_term_string\"}}],\"inLanguage\":\"fr-FR\"},{\"@type\":\"Organization\",\"@id\":\"https:\/\/www.excalibur-generator.com\/fr\/#organization\",\"name\":\"Excalibur Generator\",\"url\":\"https:\/\/www.excalibur-generator.com\/fr\/\",\"logo\":{\"@type\":\"ImageObject\",\"inLanguage\":\"fr-FR\",\"@id\":\"https:\/\/www.excalibur-generator.com\/fr\/#\/schema\/logo\/image\/\",\"url\":\"https:\/\/www.excalibur-generator.com\/wp-content\/uploads\/2024\/05\/EXCALIBUR.png\",\"contentUrl\":\"https:\/\/www.excalibur-generator.com\/wp-content\/uploads\/2024\/05\/EXCALIBUR.png\",\"width\":350,\"height\":79,\"caption\":\"Excalibur Generator\"},\"image\":{\"@id\":\"https:\/\/www.excalibur-generator.com\/fr\/#\/schema\/logo\/image\/\"}}]}<\/script>\n<!-- \/ Yoast SEO plugin. -->","yoast_head_json":{"title":"Poste \u00e0 souder et g\u00e9n\u00e9rateur \u00e0 essence ouvert 2 kW\/3 kW &#8211; Excalibur Generator","description":"Le poste \u00e0 souder et g\u00e9n\u00e9rateur \u00e0 essence ouvert de 2 kW\/3 kW offre un soudage et une production d'\u00e9nergie portables et efficaces. Sa conception ouverte garantit accessibilit\u00e9 et simplicit\u00e9 d'utilisation pour des applications polyvalentes.","robots":{"index":"index","follow":"follow","max-snippet":"max-snippet:-1","max-image-preview":"max-image-preview:large","max-video-preview":"max-video-preview:-1"},"canonical":"https:\/\/www.excalibur-generator.com\/fr\/poste-a-souder-et-generateur-a-essence-ouvert-2-kw-3-kw\/","twitter_misc":{"Dur\u00e9e de lecture estim\u00e9e":"1 minute"},"schema":{"@context":"https:\/\/schema.org","@graph":[{"@type":"WebPage","@id":"https:\/\/www.excalibur-generator.com\/fr\/poste-a-souder-et-generateur-a-essence-ouvert-2-kw-3-kw\/","url":"https:\/\/www.excalibur-generator.com\/fr\/poste-a-souder-et-generateur-a-essence-ouvert-2-kw-3-kw\/","name":"Poste \u00e0 souder et g\u00e9n\u00e9rateur \u00e0 essence ouvert 2 kW\/3 kW &#8211; Excalibur Generator","isPartOf":{"@id":"https:\/\/www.excalibur-generator.com\/fr\/#website"},"primaryImageOfPage":{"@id":"https:\/\/www.excalibur-generator.com\/fr\/poste-a-souder-et-generateur-a-essence-ouvert-2-kw-3-kw\/#primaryimage"},"image":{"@id":"https:\/\/www.excalibur-generator.com\/fr\/poste-a-souder-et-generateur-a-essence-ouvert-2-kw-3-kw\/#primaryimage"},"thumbnailUrl":"https:\/\/www.excalibur-generator.com\/wp-content\/uploads\/2024\/05\/gasoline-welder-generator.webp","datePublished":"2024-05-27T01:00:24+00:00","description":"Le poste \u00e0 souder et g\u00e9n\u00e9rateur \u00e0 essence ouvert de 2 kW\/3 kW offre un soudage et une production d'\u00e9nergie portables et efficaces. Sa conception ouverte garantit accessibilit\u00e9 et simplicit\u00e9 d'utilisation pour des applications polyvalentes.","breadcrumb":{"@id":"https:\/\/www.excalibur-generator.com\/fr\/poste-a-souder-et-generateur-a-essence-ouvert-2-kw-3-kw\/#breadcrumb"},"inLanguage":"fr-FR","potentialAction":[{"@type":"ReadAction","target":["https:\/\/www.excalibur-generator.com\/fr\/poste-a-souder-et-generateur-a-essence-ouvert-2-kw-3-kw\/"]}]},{"@type":"ImageObject","inLanguage":"fr-FR","@id":"https:\/\/www.excalibur-generator.com\/fr\/poste-a-souder-et-generateur-a-essence-ouvert-2-kw-3-kw\/#primaryimage","url":"https:\/\/www.excalibur-generator.com\/wp-content\/uploads\/2024\/05\/gasoline-welder-generator.webp","contentUrl":"https:\/\/www.excalibur-generator.com\/wp-content\/uploads\/2024\/05\/gasoline-welder-generator.webp","width":800,"height":800,"caption":"soudeuse-g\u00e9n\u00e9rateur \u00e0 essence"},{"@type":"BreadcrumbList","@id":"https:\/\/www.excalibur-generator.com\/fr\/poste-a-souder-et-generateur-a-essence-ouvert-2-kw-3-kw\/#breadcrumb","itemListElement":[{"@type":"ListItem","position":1,"name":"Home","item":"https:\/\/www.excalibur-generator.com\/fr\/"},{"@type":"ListItem","position":2,"name":"Produits","item":"https:\/\/www.excalibur-generator.com\/fr\/produits\/"},{"@type":"ListItem","position":3,"name":"Poste \u00e0 souder et g\u00e9n\u00e9rateur \u00e0 essence ouvert 2 kW\/3 kW"}]},{"@type":"WebSite","@id":"https:\/\/www.excalibur-generator.com\/fr\/#website","url":"https:\/\/www.excalibur-generator.com\/fr\/","name":"Excalibur Generator","description":"","publisher":{"@id":"https:\/\/www.excalibur-generator.com\/fr\/#organization"},"potentialAction":[{"@type":"SearchAction","target":{"@type":"EntryPoint","urlTemplate":"https:\/\/www.excalibur-generator.com\/fr\/?s={search_term_string}"},"query-input":{"@type":"PropertyValueSpecification","valueRequired":true,"valueName":"search_term_string"}}],"inLanguage":"fr-FR"},{"@type":"Organization","@id":"https:\/\/www.excalibur-generator.com\/fr\/#organization","name":"Excalibur Generator","url":"https:\/\/www.excalibur-generator.com\/fr\/","logo":{"@type":"ImageObject","inLanguage":"fr-FR","@id":"https:\/\/www.excalibur-generator.com\/fr\/#\/schema\/logo\/image\/","url":"https:\/\/www.excalibur-generator.com\/wp-content\/uploads\/2024\/05\/EXCALIBUR.png","contentUrl":"https:\/\/www.excalibur-generator.com\/wp-content\/uploads\/2024\/05\/EXCALIBUR.png","width":350,"height":79,"caption":"Excalibur Generator"},"image":{"@id":"https:\/\/www.excalibur-generator.com\/fr\/#\/schema\/logo\/image\/"}}]}},"_links":{"self":[{"href":"https:\/\/www.excalibur-generator.com\/fr\/wp-json\/wp\/v2\/product\/7294","targetHints":{"allow":["GET"]}}],"collection":[{"href":"https:\/\/www.excalibur-generator.com\/fr\/wp-json\/wp\/v2\/product"}],"about":[{"href":"https:\/\/www.excalibur-generator.com\/fr\/wp-json\/wp\/v2\/types\/product"}],"replies":[{"embeddable":true,"href":"https:\/\/www.excalibur-generator.com\/fr\/wp-json\/wp\/v2\/comments?post=7294"}],"wp:featuredmedia":[{"embeddable":true,"href":"https:\/\/www.excalibur-generator.com\/fr\/wp-json\/wp\/v2\/media\/7295"}],"wp:attachment":[{"href":"https:\/\/www.excalibur-generator.com\/fr\/wp-json\/wp\/v2\/media?parent=7294"}],"wp:term":[{"taxonomy":"product_brand","embeddable":true,"href":"https:\/\/www.excalibur-generator.com\/fr\/wp-json\/wp\/v2\/product_brand?post=7294"},{"taxonomy":"product_cat","embeddable":true,"href":"https:\/\/www.excalibur-generator.com\/fr\/wp-json\/wp\/v2\/product_cat?post=7294"},{"taxonomy":"product_tag","embeddable":true,"href":"https:\/\/www.excalibur-generator.com\/fr\/wp-json\/wp\/v2\/product_tag?post=7294"}],"curies":[{"name":"wp","href":"https:\/\/api.w.org\/{rel}","templated":true}]}}