{"id":7306,"date":"2024-05-24T10:56:33","date_gmt":"2024-05-24T02:56:33","guid":{"rendered":"https:\/\/www.excalibur-generator.com\/moteur-diesel-s2v98fe-2-cylindres-4-temps\/"},"modified":"2024-05-24T10:56:33","modified_gmt":"2024-05-24T02:56:33","slug":"moteur-diesel-s2v98fe-2-cylindres-4-temps","status":"publish","type":"product","link":"https:\/\/www.excalibur-generator.com\/fr\/moteur-diesel-s2v98fe-2-cylindres-4-temps\/","title":{"rendered":"Moteur diesel S2V98FE 2 cylindres 4 temps"},"content":{"rendered":"<table>\n<colgroup>\n<col>\n<col><\/colgroup>\n<tbody>\n<tr class=\"firstRow\">\n<td>Model<\/td>\n<td>S2V98FE<\/td>\n<\/tr>\n<tr>\n<td>Taper<\/td>\n<td>Bicylindre, en \u00ab V \u00bb, 4 temps, refroidi par air, injection directe<\/td>\n<\/tr>\n<tr>\n<td>Al\u00e9sage*Course (mm)<\/td>\n<td>99*88<\/td>\n<\/tr>\n<tr>\n<td>Cylindr\u00e9e (cm3)<\/td>\n<td>1.326<\/td>\n<\/tr>\n<tr>\n<td>Rapport de combustion<\/td>\n<td>20:1<\/td>\n<\/tr>\n<tr>\n<td rowspan=\"2\">Puissance nominale (kW\/tr\/min)<\/td>\n<td>20\/3000<\/td>\n<\/tr>\n<tr>\n<td>21\/3600<\/td>\n<\/tr>\n<tr>\n<td>Carburant<\/td>\n<td>0# (\u00e9t\u00e9) -10# (hiver) \uff0c-35# (tr\u00e8s froid) Diesel<\/td>\n<\/tr>\n<tr>\n<td>Type d&#8217;huile lubrifiante<\/td>\n<td>SAE10W30 (ampleur CD)<\/td>\n<\/tr>\n<tr>\n<td>Lubrifiant [L(US.gal)]<\/td>\n<td>2.7<\/td>\n<\/tr>\n<tr>\n<td>Chemin vers le travail<\/td>\n<td>12 heures de fonctionnement continu<\/td>\n<\/tr>\n<tr>\n<td>Consommation de carburant (100 % de charge)<\/td>\n<td>\u2264250g\/kw.h<\/td>\n<\/tr>\n<tr>\n<td>Capacit\u00e9 du r\u00e9servoir de carburant (L)<\/td>\n<td>12.5<\/td>\n<\/tr>\n<tr>\n<td>Niveau sonore (7 m) db (A)<\/td>\n<td>80<\/td>\n<\/tr>\n<tr>\n<td>Syst\u00e8me de d\u00e9marrage<\/td>\n<td>D\u00e9marrage \u00e9lectrique<\/td>\n<\/tr>\n<tr>\n<td>Dimensions de l&#8217;emballage (L x l x H) mm<\/td>\n<td>640*640*845<\/td>\n<\/tr>\n<tr>\n<td>Poids net (kg)<\/td>\n<td>92<\/td>\n<\/tr>\n<\/tbody>\n<\/table>\n","protected":false},"excerpt":{"rendered":"<p>Model S2V98FE Taper Bicylindre, en \u00ab V \u00bb, 4 temps, refroidi par air, injection directe Al\u00e9sage*Course (mm) 99*88 Cylindr\u00e9e (cm3) 1.326 Rapport de combustion 20:1 Puissance nominale (kW\/tr\/min) 20\/3000 21\/3600 Carburant 0# (\u00e9t\u00e9) -10# (hiver) \uff0c-35# (tr\u00e8s froid) Diesel Type d&#8217;huile lubrifiante SAE10W30 (ampleur CD) Lubrifiant [L(US.gal)] 2.7 Chemin vers le travail 12 heures de fonctionnement continu Consommation de carburant (100 % de charge) \u2264250g\/kw.h Capacit\u00e9 du r\u00e9servoir de carburant (L) 12.5 Niveau sonore (7 m) db (A) 80 Syst\u00e8me de d\u00e9marrage D\u00e9marrage \u00e9lectrique Dimensions de l&#8217;emballage (L x l x H) mm 640*640*845 Poids net (kg) 92<\/p>\n","protected":false},"featured_media":7307,"comment_status":"open","ping_status":"closed","template":"","meta":{"site-sidebar-layout":"default","site-content-layout":"","ast-site-content-layout":"default","site-content-style":"default","site-sidebar-style":"default","ast-global-header-display":"","ast-banner-title-visibility":"","ast-main-header-display":"","ast-hfb-above-header-display":"","ast-hfb-below-header-display":"","ast-hfb-mobile-header-display":"","site-post-title":"","ast-breadcrumbs-content":"","ast-featured-img":"","footer-sml-layout":"","theme-transparent-header-meta":"default","adv-header-id-meta":"","stick-header-meta":"","header-above-stick-meta":"","header-main-stick-meta":"","header-below-stick-meta":"","astra-migrate-meta-layouts":"default","ast-page-background-enabled":"default","ast-page-background-meta":{"desktop":{"background-color":"var(--ast-global-color-4)","background-image":"","background-repeat":"repeat","background-position":"center center","background-size":"auto","background-attachment":"scroll","background-type":"","background-media":"","overlay-type":"","overlay-color":"","overlay-opacity":"","overlay-gradient":""},"tablet":{"background-color":"","background-image":"","background-repeat":"repeat","background-position":"center center","background-size":"auto","background-attachment":"scroll","background-type":"","background-media":"","overlay-type":"","overlay-color":"","overlay-opacity":"","overlay-gradient":""},"mobile":{"background-color":"","background-image":"","background-repeat":"repeat","background-position":"center center","background-size":"auto","background-attachment":"scroll","background-type":"","background-media":"","overlay-type":"","overlay-color":"","overlay-opacity":"","overlay-gradient":""}},"ast-content-background-meta":{"desktop":{"background-color":"var(--ast-global-color-5)","background-image":"","background-repeat":"repeat","background-position":"center center","background-size":"auto","background-attachment":"scroll","background-type":"","background-media":"","overlay-type":"","overlay-color":"","overlay-opacity":"","overlay-gradient":""},"tablet":{"background-color":"var(--ast-global-color-5)","background-image":"","background-repeat":"repeat","background-position":"center center","background-size":"auto","background-attachment":"scroll","background-type":"","background-media":"","overlay-type":"","overlay-color":"","overlay-opacity":"","overlay-gradient":""},"mobile":{"background-color":"var(--ast-global-color-5)","background-image":"","background-repeat":"repeat","background-position":"center center","background-size":"auto","background-attachment":"scroll","background-type":"","background-media":"","overlay-type":"","overlay-color":"","overlay-opacity":"","overlay-gradient":""}}},"product_brand":[],"product_cat":[84],"product_tag":[],"class_list":{"0":"post-7306","1":"product","2":"type-product","3":"status-publish","4":"has-post-thumbnail","6":"product_cat-non-classe","7":"desktop-align-left","8":"tablet-align-left","9":"mobile-align-left","11":"first","12":"instock","13":"shipping-taxable","14":"product-type-simple"},"yoast_head":"<!-- This site is optimized with the Yoast SEO plugin v26.5 - https:\/\/yoast.com\/wordpress\/plugins\/seo\/ -->\n<title>Moteur diesel S2V98FE 2 cylindres 4 temps &#8211; Excalibur Generator<\/title>\n<meta name=\"description\" content=\"Le moteur diesel S2V98FE, dot\u00e9 d&#039;une conception \u00e0 2 cylindres et 4 temps, fournit une puissance robuste et efficace pour diverses applications, garantissant fiabilit\u00e9 et performances optimales.\" \/>\n<meta name=\"robots\" content=\"index, follow, max-snippet:-1, max-image-preview:large, max-video-preview:-1\" \/>\n<link rel=\"canonical\" href=\"https:\/\/www.excalibur-generator.com\/fr\/moteur-diesel-s2v98fe-2-cylindres-4-temps\/\" \/>\n<script type=\"application\/ld+json\" class=\"yoast-schema-graph\">{\"@context\":\"https:\/\/schema.org\",\"@graph\":[{\"@type\":\"WebPage\",\"@id\":\"https:\/\/www.excalibur-generator.com\/fr\/moteur-diesel-s2v98fe-2-cylindres-4-temps\/\",\"url\":\"https:\/\/www.excalibur-generator.com\/fr\/moteur-diesel-s2v98fe-2-cylindres-4-temps\/\",\"name\":\"Moteur diesel S2V98FE 2 cylindres 4 temps &#8211; Excalibur Generator\",\"isPartOf\":{\"@id\":\"https:\/\/www.excalibur-generator.com\/fr\/#website\"},\"primaryImageOfPage\":{\"@id\":\"https:\/\/www.excalibur-generator.com\/fr\/moteur-diesel-s2v98fe-2-cylindres-4-temps\/#primaryimage\"},\"image\":{\"@id\":\"https:\/\/www.excalibur-generator.com\/fr\/moteur-diesel-s2v98fe-2-cylindres-4-temps\/#primaryimage\"},\"thumbnailUrl\":\"https:\/\/www.excalibur-generator.com\/wp-content\/uploads\/2024\/05\/S2V98FE-Diesel-Engine-2-Cylinder-4-stroke.jpg\",\"datePublished\":\"2024-05-24T02:56:33+00:00\",\"description\":\"Le moteur diesel S2V98FE, dot\u00e9 d'une conception \u00e0 2 cylindres et 4 temps, fournit une puissance robuste et efficace pour diverses applications, garantissant fiabilit\u00e9 et performances optimales.\",\"breadcrumb\":{\"@id\":\"https:\/\/www.excalibur-generator.com\/fr\/moteur-diesel-s2v98fe-2-cylindres-4-temps\/#breadcrumb\"},\"inLanguage\":\"fr-FR\",\"potentialAction\":[{\"@type\":\"ReadAction\",\"target\":[\"https:\/\/www.excalibur-generator.com\/fr\/moteur-diesel-s2v98fe-2-cylindres-4-temps\/\"]}]},{\"@type\":\"ImageObject\",\"inLanguage\":\"fr-FR\",\"@id\":\"https:\/\/www.excalibur-generator.com\/fr\/moteur-diesel-s2v98fe-2-cylindres-4-temps\/#primaryimage\",\"url\":\"https:\/\/www.excalibur-generator.com\/wp-content\/uploads\/2024\/05\/S2V98FE-Diesel-Engine-2-Cylinder-4-stroke.jpg\",\"contentUrl\":\"https:\/\/www.excalibur-generator.com\/wp-content\/uploads\/2024\/05\/S2V98FE-Diesel-Engine-2-Cylinder-4-stroke.jpg\",\"width\":800,\"height\":800,\"caption\":\"Moteur diesel 2 cylindres 4 temps S2V98FE\"},{\"@type\":\"BreadcrumbList\",\"@id\":\"https:\/\/www.excalibur-generator.com\/fr\/moteur-diesel-s2v98fe-2-cylindres-4-temps\/#breadcrumb\",\"itemListElement\":[{\"@type\":\"ListItem\",\"position\":1,\"name\":\"Home\",\"item\":\"https:\/\/www.excalibur-generator.com\/fr\/\"},{\"@type\":\"ListItem\",\"position\":2,\"name\":\"Produits\",\"item\":\"https:\/\/www.excalibur-generator.com\/fr\/produits\/\"},{\"@type\":\"ListItem\",\"position\":3,\"name\":\"Moteur diesel S2V98FE 2 cylindres 4 temps\"}]},{\"@type\":\"WebSite\",\"@id\":\"https:\/\/www.excalibur-generator.com\/fr\/#website\",\"url\":\"https:\/\/www.excalibur-generator.com\/fr\/\",\"name\":\"Excalibur Generator\",\"description\":\"\",\"publisher\":{\"@id\":\"https:\/\/www.excalibur-generator.com\/fr\/#organization\"},\"potentialAction\":[{\"@type\":\"SearchAction\",\"target\":{\"@type\":\"EntryPoint\",\"urlTemplate\":\"https:\/\/www.excalibur-generator.com\/fr\/?s={search_term_string}\"},\"query-input\":{\"@type\":\"PropertyValueSpecification\",\"valueRequired\":true,\"valueName\":\"search_term_string\"}}],\"inLanguage\":\"fr-FR\"},{\"@type\":\"Organization\",\"@id\":\"https:\/\/www.excalibur-generator.com\/fr\/#organization\",\"name\":\"Excalibur Generator\",\"url\":\"https:\/\/www.excalibur-generator.com\/fr\/\",\"logo\":{\"@type\":\"ImageObject\",\"inLanguage\":\"fr-FR\",\"@id\":\"https:\/\/www.excalibur-generator.com\/fr\/#\/schema\/logo\/image\/\",\"url\":\"https:\/\/www.excalibur-generator.com\/wp-content\/uploads\/2024\/05\/EXCALIBUR.png\",\"contentUrl\":\"https:\/\/www.excalibur-generator.com\/wp-content\/uploads\/2024\/05\/EXCALIBUR.png\",\"width\":350,\"height\":79,\"caption\":\"Excalibur Generator\"},\"image\":{\"@id\":\"https:\/\/www.excalibur-generator.com\/fr\/#\/schema\/logo\/image\/\"}}]}<\/script>\n<!-- \/ Yoast SEO plugin. -->","yoast_head_json":{"title":"Moteur diesel S2V98FE 2 cylindres 4 temps &#8211; Excalibur Generator","description":"Le moteur diesel S2V98FE, dot\u00e9 d'une conception \u00e0 2 cylindres et 4 temps, fournit une puissance robuste et efficace pour diverses applications, garantissant fiabilit\u00e9 et performances optimales.","robots":{"index":"index","follow":"follow","max-snippet":"max-snippet:-1","max-image-preview":"max-image-preview:large","max-video-preview":"max-video-preview:-1"},"canonical":"https:\/\/www.excalibur-generator.com\/fr\/moteur-diesel-s2v98fe-2-cylindres-4-temps\/","schema":{"@context":"https:\/\/schema.org","@graph":[{"@type":"WebPage","@id":"https:\/\/www.excalibur-generator.com\/fr\/moteur-diesel-s2v98fe-2-cylindres-4-temps\/","url":"https:\/\/www.excalibur-generator.com\/fr\/moteur-diesel-s2v98fe-2-cylindres-4-temps\/","name":"Moteur diesel S2V98FE 2 cylindres 4 temps &#8211; Excalibur Generator","isPartOf":{"@id":"https:\/\/www.excalibur-generator.com\/fr\/#website"},"primaryImageOfPage":{"@id":"https:\/\/www.excalibur-generator.com\/fr\/moteur-diesel-s2v98fe-2-cylindres-4-temps\/#primaryimage"},"image":{"@id":"https:\/\/www.excalibur-generator.com\/fr\/moteur-diesel-s2v98fe-2-cylindres-4-temps\/#primaryimage"},"thumbnailUrl":"https:\/\/www.excalibur-generator.com\/wp-content\/uploads\/2024\/05\/S2V98FE-Diesel-Engine-2-Cylinder-4-stroke.jpg","datePublished":"2024-05-24T02:56:33+00:00","description":"Le moteur diesel S2V98FE, dot\u00e9 d'une conception \u00e0 2 cylindres et 4 temps, fournit une puissance robuste et efficace pour diverses applications, garantissant fiabilit\u00e9 et performances optimales.","breadcrumb":{"@id":"https:\/\/www.excalibur-generator.com\/fr\/moteur-diesel-s2v98fe-2-cylindres-4-temps\/#breadcrumb"},"inLanguage":"fr-FR","potentialAction":[{"@type":"ReadAction","target":["https:\/\/www.excalibur-generator.com\/fr\/moteur-diesel-s2v98fe-2-cylindres-4-temps\/"]}]},{"@type":"ImageObject","inLanguage":"fr-FR","@id":"https:\/\/www.excalibur-generator.com\/fr\/moteur-diesel-s2v98fe-2-cylindres-4-temps\/#primaryimage","url":"https:\/\/www.excalibur-generator.com\/wp-content\/uploads\/2024\/05\/S2V98FE-Diesel-Engine-2-Cylinder-4-stroke.jpg","contentUrl":"https:\/\/www.excalibur-generator.com\/wp-content\/uploads\/2024\/05\/S2V98FE-Diesel-Engine-2-Cylinder-4-stroke.jpg","width":800,"height":800,"caption":"Moteur diesel 2 cylindres 4 temps S2V98FE"},{"@type":"BreadcrumbList","@id":"https:\/\/www.excalibur-generator.com\/fr\/moteur-diesel-s2v98fe-2-cylindres-4-temps\/#breadcrumb","itemListElement":[{"@type":"ListItem","position":1,"name":"Home","item":"https:\/\/www.excalibur-generator.com\/fr\/"},{"@type":"ListItem","position":2,"name":"Produits","item":"https:\/\/www.excalibur-generator.com\/fr\/produits\/"},{"@type":"ListItem","position":3,"name":"Moteur diesel S2V98FE 2 cylindres 4 temps"}]},{"@type":"WebSite","@id":"https:\/\/www.excalibur-generator.com\/fr\/#website","url":"https:\/\/www.excalibur-generator.com\/fr\/","name":"Excalibur Generator","description":"","publisher":{"@id":"https:\/\/www.excalibur-generator.com\/fr\/#organization"},"potentialAction":[{"@type":"SearchAction","target":{"@type":"EntryPoint","urlTemplate":"https:\/\/www.excalibur-generator.com\/fr\/?s={search_term_string}"},"query-input":{"@type":"PropertyValueSpecification","valueRequired":true,"valueName":"search_term_string"}}],"inLanguage":"fr-FR"},{"@type":"Organization","@id":"https:\/\/www.excalibur-generator.com\/fr\/#organization","name":"Excalibur Generator","url":"https:\/\/www.excalibur-generator.com\/fr\/","logo":{"@type":"ImageObject","inLanguage":"fr-FR","@id":"https:\/\/www.excalibur-generator.com\/fr\/#\/schema\/logo\/image\/","url":"https:\/\/www.excalibur-generator.com\/wp-content\/uploads\/2024\/05\/EXCALIBUR.png","contentUrl":"https:\/\/www.excalibur-generator.com\/wp-content\/uploads\/2024\/05\/EXCALIBUR.png","width":350,"height":79,"caption":"Excalibur Generator"},"image":{"@id":"https:\/\/www.excalibur-generator.com\/fr\/#\/schema\/logo\/image\/"}}]}},"_links":{"self":[{"href":"https:\/\/www.excalibur-generator.com\/fr\/wp-json\/wp\/v2\/product\/7306","targetHints":{"allow":["GET"]}}],"collection":[{"href":"https:\/\/www.excalibur-generator.com\/fr\/wp-json\/wp\/v2\/product"}],"about":[{"href":"https:\/\/www.excalibur-generator.com\/fr\/wp-json\/wp\/v2\/types\/product"}],"replies":[{"embeddable":true,"href":"https:\/\/www.excalibur-generator.com\/fr\/wp-json\/wp\/v2\/comments?post=7306"}],"wp:featuredmedia":[{"embeddable":true,"href":"https:\/\/www.excalibur-generator.com\/fr\/wp-json\/wp\/v2\/media\/7307"}],"wp:attachment":[{"href":"https:\/\/www.excalibur-generator.com\/fr\/wp-json\/wp\/v2\/media?parent=7306"}],"wp:term":[{"taxonomy":"product_brand","embeddable":true,"href":"https:\/\/www.excalibur-generator.com\/fr\/wp-json\/wp\/v2\/product_brand?post=7306"},{"taxonomy":"product_cat","embeddable":true,"href":"https:\/\/www.excalibur-generator.com\/fr\/wp-json\/wp\/v2\/product_cat?post=7306"},{"taxonomy":"product_tag","embeddable":true,"href":"https:\/\/www.excalibur-generator.com\/fr\/wp-json\/wp\/v2\/product_tag?post=7306"}],"curies":[{"name":"wp","href":"https:\/\/api.w.org\/{rel}","templated":true}]}}