{"id":7312,"date":"2024-05-24T10:46:33","date_gmt":"2024-05-24T02:46:33","guid":{"rendered":"https:\/\/www.excalibur-generator.com\/moteur-a-essence-vertical-s20\/"},"modified":"2024-05-24T10:46:33","modified_gmt":"2024-05-24T02:46:33","slug":"moteur-a-essence-vertical-s20","status":"publish","type":"product","link":"https:\/\/www.excalibur-generator.com\/fr\/moteur-a-essence-vertical-s20\/","title":{"rendered":"Moteur \u00e0 essence vertical S20"},"content":{"rendered":"<table>\n<colgroup>\n<col>\n<col><\/colgroup>\n<tbody>\n<tr class=\"firstRow\">\n<td>Mod\u00e8le<\/td>\n<td>S20<\/td>\n<\/tr>\n<tr>\n<td>Taper<\/td>\n<td>Refroidi par air, 4 temps, monocylindre, soupapes lat\u00e9rales<\/td>\n<\/tr>\n<tr>\n<td>Al\u00e9sage*Course (mm)<\/td>\n<td>67*52<\/td>\n<\/tr>\n<tr>\n<td>Cylindr\u00e9e (cm3)<\/td>\n<td>183<\/td>\n<\/tr>\n<tr>\n<td>Puissance nominale kW (ch)\/tr\/min<\/td>\n<td>2.65(3.5)\/3600<\/td>\n<\/tr>\n<tr>\n<td>Puissance de sortie maximale kW (ch)\/tr\/min<\/td>\n<td>3.73(5.0)\/4000<\/td>\n<\/tr>\n<tr>\n<td>Sens de rotation<\/td>\n<td>Sens inverse des aiguilles d&#8217;une montre, face \u00e0 l&#8217;arbre de prise de force<\/td>\n<\/tr>\n<tr>\n<td>Carburant<\/td>\n<td>Essence automobile sans plomb<\/td>\n<\/tr>\n<tr>\n<td>Capacit\u00e9 du r\u00e9servoir de carburant (L)<\/td>\n<td>3.8<\/td>\n<\/tr>\n<tr>\n<td>Capacit\u00e9 d&#8217;huile lubrifiante (L)<\/td>\n<td>0.6<\/td>\n<\/tr>\n<tr>\n<td>Bougie<\/td>\n<td>E6TC<\/td>\n<\/tr>\n<tr>\n<td>Syst\u00e8me de d\u00e9marrage<\/td>\n<td>D\u00e9marreur \u00e0 rappel<\/td>\n<\/tr>\n<tr>\n<td>Taille de l&#8217;emballage (mm)<\/td>\n<td>380*370*425<\/td>\n<\/tr>\n<tr>\n<td>Poids net<\/td>\n<td>15<\/td>\n<\/tr>\n<\/tbody>\n<\/table>\n","protected":false},"excerpt":{"rendered":"<p>Mod\u00e8le S20 Taper Refroidi par air, 4 temps, monocylindre, soupapes lat\u00e9rales Al\u00e9sage*Course (mm) 67*52 Cylindr\u00e9e (cm3) 183 Puissance nominale kW (ch)\/tr\/min 2.65(3.5)\/3600 Puissance de sortie maximale kW (ch)\/tr\/min 3.73(5.0)\/4000 Sens de rotation Sens inverse des aiguilles d&#8217;une montre, face \u00e0 l&#8217;arbre de prise de force Carburant Essence automobile sans plomb Capacit\u00e9 du r\u00e9servoir de carburant (L) 3.8 Capacit\u00e9 d&#8217;huile lubrifiante (L) 0.6 Bougie E6TC Syst\u00e8me de d\u00e9marrage D\u00e9marreur \u00e0 rappel Taille de l&#8217;emballage (mm) 380*370*425 Poids net 15<\/p>\n","protected":false},"featured_media":7313,"comment_status":"open","ping_status":"closed","template":"","meta":{"site-sidebar-layout":"default","site-content-layout":"","ast-site-content-layout":"default","site-content-style":"default","site-sidebar-style":"default","ast-global-header-display":"","ast-banner-title-visibility":"","ast-main-header-display":"","ast-hfb-above-header-display":"","ast-hfb-below-header-display":"","ast-hfb-mobile-header-display":"","site-post-title":"","ast-breadcrumbs-content":"","ast-featured-img":"","footer-sml-layout":"","theme-transparent-header-meta":"default","adv-header-id-meta":"","stick-header-meta":"","header-above-stick-meta":"","header-main-stick-meta":"","header-below-stick-meta":"","astra-migrate-meta-layouts":"default","ast-page-background-enabled":"default","ast-page-background-meta":{"desktop":{"background-color":"var(--ast-global-color-4)","background-image":"","background-repeat":"repeat","background-position":"center center","background-size":"auto","background-attachment":"scroll","background-type":"","background-media":"","overlay-type":"","overlay-color":"","overlay-opacity":"","overlay-gradient":""},"tablet":{"background-color":"","background-image":"","background-repeat":"repeat","background-position":"center center","background-size":"auto","background-attachment":"scroll","background-type":"","background-media":"","overlay-type":"","overlay-color":"","overlay-opacity":"","overlay-gradient":""},"mobile":{"background-color":"","background-image":"","background-repeat":"repeat","background-position":"center center","background-size":"auto","background-attachment":"scroll","background-type":"","background-media":"","overlay-type":"","overlay-color":"","overlay-opacity":"","overlay-gradient":""}},"ast-content-background-meta":{"desktop":{"background-color":"var(--ast-global-color-5)","background-image":"","background-repeat":"repeat","background-position":"center center","background-size":"auto","background-attachment":"scroll","background-type":"","background-media":"","overlay-type":"","overlay-color":"","overlay-opacity":"","overlay-gradient":""},"tablet":{"background-color":"var(--ast-global-color-5)","background-image":"","background-repeat":"repeat","background-position":"center center","background-size":"auto","background-attachment":"scroll","background-type":"","background-media":"","overlay-type":"","overlay-color":"","overlay-opacity":"","overlay-gradient":""},"mobile":{"background-color":"var(--ast-global-color-5)","background-image":"","background-repeat":"repeat","background-position":"center center","background-size":"auto","background-attachment":"scroll","background-type":"","background-media":"","overlay-type":"","overlay-color":"","overlay-opacity":"","overlay-gradient":""}}},"product_brand":[],"product_cat":[84],"product_tag":[],"class_list":{"0":"post-7312","1":"product","2":"type-product","3":"status-publish","4":"has-post-thumbnail","6":"product_cat-non-classe","7":"desktop-align-left","8":"tablet-align-left","9":"mobile-align-left","11":"first","12":"instock","13":"shipping-taxable","14":"product-type-simple"},"yoast_head":"<!-- This site is optimized with the Yoast SEO plugin v26.5 - https:\/\/yoast.com\/wordpress\/plugins\/seo\/ -->\n<title>Moteur \u00e0 essence vertical S20 &#8211; Excalibur Generator<\/title>\n<meta name=\"description\" content=\"Le moteur essence vertical S20 b\u00e9n\u00e9ficie d&#039;une conception puissante, id\u00e9ale pour diverses applications. Sa construction robuste et sa puissance de 20 chevaux garantissent des performances et une efficacit\u00e9 fiables, ce qui en fait un choix polyvalent pour diff\u00e9rentes t\u00e2ches.\" \/>\n<meta name=\"robots\" content=\"index, follow, max-snippet:-1, max-image-preview:large, max-video-preview:-1\" \/>\n<link rel=\"canonical\" href=\"https:\/\/www.excalibur-generator.com\/fr\/moteur-a-essence-vertical-s20\/\" \/>\n<script type=\"application\/ld+json\" class=\"yoast-schema-graph\">{\"@context\":\"https:\/\/schema.org\",\"@graph\":[{\"@type\":\"WebPage\",\"@id\":\"https:\/\/www.excalibur-generator.com\/fr\/moteur-a-essence-vertical-s20\/\",\"url\":\"https:\/\/www.excalibur-generator.com\/fr\/moteur-a-essence-vertical-s20\/\",\"name\":\"Moteur \u00e0 essence vertical S20 &#8211; Excalibur Generator\",\"isPartOf\":{\"@id\":\"https:\/\/www.excalibur-generator.com\/fr\/#website\"},\"primaryImageOfPage\":{\"@id\":\"https:\/\/www.excalibur-generator.com\/fr\/moteur-a-essence-vertical-s20\/#primaryimage\"},\"image\":{\"@id\":\"https:\/\/www.excalibur-generator.com\/fr\/moteur-a-essence-vertical-s20\/#primaryimage\"},\"thumbnailUrl\":\"https:\/\/www.excalibur-generator.com\/wp-content\/uploads\/2024\/05\/S20-Vertical-Gasoline-Engine.jpg\",\"datePublished\":\"2024-05-24T02:46:33+00:00\",\"description\":\"Le moteur essence vertical S20 b\u00e9n\u00e9ficie d'une conception puissante, id\u00e9ale pour diverses applications. Sa construction robuste et sa puissance de 20 chevaux garantissent des performances et une efficacit\u00e9 fiables, ce qui en fait un choix polyvalent pour diff\u00e9rentes t\u00e2ches.\",\"breadcrumb\":{\"@id\":\"https:\/\/www.excalibur-generator.com\/fr\/moteur-a-essence-vertical-s20\/#breadcrumb\"},\"inLanguage\":\"fr-FR\",\"potentialAction\":[{\"@type\":\"ReadAction\",\"target\":[\"https:\/\/www.excalibur-generator.com\/fr\/moteur-a-essence-vertical-s20\/\"]}]},{\"@type\":\"ImageObject\",\"inLanguage\":\"fr-FR\",\"@id\":\"https:\/\/www.excalibur-generator.com\/fr\/moteur-a-essence-vertical-s20\/#primaryimage\",\"url\":\"https:\/\/www.excalibur-generator.com\/wp-content\/uploads\/2024\/05\/S20-Vertical-Gasoline-Engine.jpg\",\"contentUrl\":\"https:\/\/www.excalibur-generator.com\/wp-content\/uploads\/2024\/05\/S20-Vertical-Gasoline-Engine.jpg\",\"width\":800,\"height\":800,\"caption\":\"Moteur \u00e0 essence vertical S20\"},{\"@type\":\"BreadcrumbList\",\"@id\":\"https:\/\/www.excalibur-generator.com\/fr\/moteur-a-essence-vertical-s20\/#breadcrumb\",\"itemListElement\":[{\"@type\":\"ListItem\",\"position\":1,\"name\":\"Home\",\"item\":\"https:\/\/www.excalibur-generator.com\/fr\/\"},{\"@type\":\"ListItem\",\"position\":2,\"name\":\"Produits\",\"item\":\"https:\/\/www.excalibur-generator.com\/fr\/produits\/\"},{\"@type\":\"ListItem\",\"position\":3,\"name\":\"Moteur \u00e0 essence vertical S20\"}]},{\"@type\":\"WebSite\",\"@id\":\"https:\/\/www.excalibur-generator.com\/fr\/#website\",\"url\":\"https:\/\/www.excalibur-generator.com\/fr\/\",\"name\":\"Excalibur Generator\",\"description\":\"\",\"publisher\":{\"@id\":\"https:\/\/www.excalibur-generator.com\/fr\/#organization\"},\"potentialAction\":[{\"@type\":\"SearchAction\",\"target\":{\"@type\":\"EntryPoint\",\"urlTemplate\":\"https:\/\/www.excalibur-generator.com\/fr\/?s={search_term_string}\"},\"query-input\":{\"@type\":\"PropertyValueSpecification\",\"valueRequired\":true,\"valueName\":\"search_term_string\"}}],\"inLanguage\":\"fr-FR\"},{\"@type\":\"Organization\",\"@id\":\"https:\/\/www.excalibur-generator.com\/fr\/#organization\",\"name\":\"Excalibur Generator\",\"url\":\"https:\/\/www.excalibur-generator.com\/fr\/\",\"logo\":{\"@type\":\"ImageObject\",\"inLanguage\":\"fr-FR\",\"@id\":\"https:\/\/www.excalibur-generator.com\/fr\/#\/schema\/logo\/image\/\",\"url\":\"https:\/\/www.excalibur-generator.com\/wp-content\/uploads\/2024\/05\/EXCALIBUR.png\",\"contentUrl\":\"https:\/\/www.excalibur-generator.com\/wp-content\/uploads\/2024\/05\/EXCALIBUR.png\",\"width\":350,\"height\":79,\"caption\":\"Excalibur Generator\"},\"image\":{\"@id\":\"https:\/\/www.excalibur-generator.com\/fr\/#\/schema\/logo\/image\/\"}}]}<\/script>\n<!-- \/ Yoast SEO plugin. -->","yoast_head_json":{"title":"Moteur \u00e0 essence vertical S20 &#8211; Excalibur Generator","description":"Le moteur essence vertical S20 b\u00e9n\u00e9ficie d'une conception puissante, id\u00e9ale pour diverses applications. Sa construction robuste et sa puissance de 20 chevaux garantissent des performances et une efficacit\u00e9 fiables, ce qui en fait un choix polyvalent pour diff\u00e9rentes t\u00e2ches.","robots":{"index":"index","follow":"follow","max-snippet":"max-snippet:-1","max-image-preview":"max-image-preview:large","max-video-preview":"max-video-preview:-1"},"canonical":"https:\/\/www.excalibur-generator.com\/fr\/moteur-a-essence-vertical-s20\/","schema":{"@context":"https:\/\/schema.org","@graph":[{"@type":"WebPage","@id":"https:\/\/www.excalibur-generator.com\/fr\/moteur-a-essence-vertical-s20\/","url":"https:\/\/www.excalibur-generator.com\/fr\/moteur-a-essence-vertical-s20\/","name":"Moteur \u00e0 essence vertical S20 &#8211; Excalibur Generator","isPartOf":{"@id":"https:\/\/www.excalibur-generator.com\/fr\/#website"},"primaryImageOfPage":{"@id":"https:\/\/www.excalibur-generator.com\/fr\/moteur-a-essence-vertical-s20\/#primaryimage"},"image":{"@id":"https:\/\/www.excalibur-generator.com\/fr\/moteur-a-essence-vertical-s20\/#primaryimage"},"thumbnailUrl":"https:\/\/www.excalibur-generator.com\/wp-content\/uploads\/2024\/05\/S20-Vertical-Gasoline-Engine.jpg","datePublished":"2024-05-24T02:46:33+00:00","description":"Le moteur essence vertical S20 b\u00e9n\u00e9ficie d'une conception puissante, id\u00e9ale pour diverses applications. Sa construction robuste et sa puissance de 20 chevaux garantissent des performances et une efficacit\u00e9 fiables, ce qui en fait un choix polyvalent pour diff\u00e9rentes t\u00e2ches.","breadcrumb":{"@id":"https:\/\/www.excalibur-generator.com\/fr\/moteur-a-essence-vertical-s20\/#breadcrumb"},"inLanguage":"fr-FR","potentialAction":[{"@type":"ReadAction","target":["https:\/\/www.excalibur-generator.com\/fr\/moteur-a-essence-vertical-s20\/"]}]},{"@type":"ImageObject","inLanguage":"fr-FR","@id":"https:\/\/www.excalibur-generator.com\/fr\/moteur-a-essence-vertical-s20\/#primaryimage","url":"https:\/\/www.excalibur-generator.com\/wp-content\/uploads\/2024\/05\/S20-Vertical-Gasoline-Engine.jpg","contentUrl":"https:\/\/www.excalibur-generator.com\/wp-content\/uploads\/2024\/05\/S20-Vertical-Gasoline-Engine.jpg","width":800,"height":800,"caption":"Moteur \u00e0 essence vertical S20"},{"@type":"BreadcrumbList","@id":"https:\/\/www.excalibur-generator.com\/fr\/moteur-a-essence-vertical-s20\/#breadcrumb","itemListElement":[{"@type":"ListItem","position":1,"name":"Home","item":"https:\/\/www.excalibur-generator.com\/fr\/"},{"@type":"ListItem","position":2,"name":"Produits","item":"https:\/\/www.excalibur-generator.com\/fr\/produits\/"},{"@type":"ListItem","position":3,"name":"Moteur \u00e0 essence vertical S20"}]},{"@type":"WebSite","@id":"https:\/\/www.excalibur-generator.com\/fr\/#website","url":"https:\/\/www.excalibur-generator.com\/fr\/","name":"Excalibur Generator","description":"","publisher":{"@id":"https:\/\/www.excalibur-generator.com\/fr\/#organization"},"potentialAction":[{"@type":"SearchAction","target":{"@type":"EntryPoint","urlTemplate":"https:\/\/www.excalibur-generator.com\/fr\/?s={search_term_string}"},"query-input":{"@type":"PropertyValueSpecification","valueRequired":true,"valueName":"search_term_string"}}],"inLanguage":"fr-FR"},{"@type":"Organization","@id":"https:\/\/www.excalibur-generator.com\/fr\/#organization","name":"Excalibur Generator","url":"https:\/\/www.excalibur-generator.com\/fr\/","logo":{"@type":"ImageObject","inLanguage":"fr-FR","@id":"https:\/\/www.excalibur-generator.com\/fr\/#\/schema\/logo\/image\/","url":"https:\/\/www.excalibur-generator.com\/wp-content\/uploads\/2024\/05\/EXCALIBUR.png","contentUrl":"https:\/\/www.excalibur-generator.com\/wp-content\/uploads\/2024\/05\/EXCALIBUR.png","width":350,"height":79,"caption":"Excalibur Generator"},"image":{"@id":"https:\/\/www.excalibur-generator.com\/fr\/#\/schema\/logo\/image\/"}}]}},"_links":{"self":[{"href":"https:\/\/www.excalibur-generator.com\/fr\/wp-json\/wp\/v2\/product\/7312","targetHints":{"allow":["GET"]}}],"collection":[{"href":"https:\/\/www.excalibur-generator.com\/fr\/wp-json\/wp\/v2\/product"}],"about":[{"href":"https:\/\/www.excalibur-generator.com\/fr\/wp-json\/wp\/v2\/types\/product"}],"replies":[{"embeddable":true,"href":"https:\/\/www.excalibur-generator.com\/fr\/wp-json\/wp\/v2\/comments?post=7312"}],"wp:featuredmedia":[{"embeddable":true,"href":"https:\/\/www.excalibur-generator.com\/fr\/wp-json\/wp\/v2\/media\/7313"}],"wp:attachment":[{"href":"https:\/\/www.excalibur-generator.com\/fr\/wp-json\/wp\/v2\/media?parent=7312"}],"wp:term":[{"taxonomy":"product_brand","embeddable":true,"href":"https:\/\/www.excalibur-generator.com\/fr\/wp-json\/wp\/v2\/product_brand?post=7312"},{"taxonomy":"product_cat","embeddable":true,"href":"https:\/\/www.excalibur-generator.com\/fr\/wp-json\/wp\/v2\/product_cat?post=7312"},{"taxonomy":"product_tag","embeddable":true,"href":"https:\/\/www.excalibur-generator.com\/fr\/wp-json\/wp\/v2\/product_tag?post=7312"}],"curies":[{"name":"wp","href":"https:\/\/api.w.org\/{rel}","templated":true}]}}