{"id":7320,"date":"2024-05-24T10:24:57","date_gmt":"2024-05-24T02:24:57","guid":{"rendered":"https:\/\/www.excalibur-generator.com\/moteur-a-essence-horizontal-s500-de-15-cv\/"},"modified":"2024-05-24T10:24:57","modified_gmt":"2024-05-24T02:24:57","slug":"moteur-a-essence-horizontal-s500-de-15-cv","status":"publish","type":"product","link":"https:\/\/www.excalibur-generator.com\/fr\/moteur-a-essence-horizontal-s500-de-15-cv\/","title":{"rendered":"Moteur \u00e0 essence horizontal S500 de 15 CV"},"content":{"rendered":"<table>\n<colgroup>\n<col>\n<col><\/colgroup>\n<tbody>\n<tr class=\"firstRow\">\n<td>Mod\u00e8le<\/td>\n<td>S500<\/td>\n<\/tr>\n<tr>\n<td>Taper<\/td>\n<td>Refroidi par air, 4 temps, monocylindre, soupapes lat\u00e9rales<\/td>\n<\/tr>\n<tr>\n<td>Al\u00e9sage*Course (mm)<\/td>\n<td>94*72<\/td>\n<\/tr>\n<tr>\n<td>Cylindr\u00e9e (cm3)<\/td>\n<td>500<\/td>\n<\/tr>\n<tr>\n<td>Taux de compression<\/td>\n<td>8.5:1<\/td>\n<\/tr>\n<tr>\n<td>Puissance de sortie maximale (CV\/tr\/min) <\/td>\n<td>18\/3600<\/td>\n<\/tr>\n<tr>\n<td>Couple max. (N.m\/) <\/td>\n<td>31<\/td>\n<\/tr>\n<tr>\n<td>syst\u00e8me d&#8217;allumage<\/td>\n<td>Syst\u00e8me d&#8217;allumage Allumage transistoris\u00e9 sans contact (T.C.I)<\/td>\n<\/tr>\n<tr>\n<td>Syst\u00e8me de d\u00e9marrage<\/td>\n<td>Recul\/\u00c9lectrique<\/td>\n<\/tr>\n<tr>\n<td>Filtre \u00e0 air<\/td>\n<td>Bain semi-sec, double, double silencieux et de type cyclone<\/td>\n<\/tr>\n<tr>\n<td>R\u00e9servoir de carburant (L)<\/td>\n<td>6.9<\/td>\n<\/tr>\n<tr>\n<td>Capacit\u00e9 d&#8217;huile (L)<\/td>\n<td>1.2<\/td>\n<\/tr>\n<tr>\n<td>Consommation de carburant (g\/kw-heure)<\/td>\n<td>\u2264374<\/td>\n<\/tr>\n<tr>\n<td>Dimensions (L x l x H) mm<\/td>\n<td>475*425*440<\/td>\n<\/tr>\n<tr>\n<td>Poids brut\/poids net (kg)<\/td>\n<td>39\/36<\/td>\n<\/tr>\n<\/tbody>\n<\/table>\n","protected":false},"excerpt":{"rendered":"<p>Mod\u00e8le S500 Taper Refroidi par air, 4 temps, monocylindre, soupapes lat\u00e9rales Al\u00e9sage*Course (mm) 94*72 Cylindr\u00e9e (cm3) 500 Taux de compression 8.5:1 Puissance de sortie maximale (CV\/tr\/min) 18\/3600 Couple max. (N.m\/) 31 syst\u00e8me d&#8217;allumage Syst\u00e8me d&#8217;allumage Allumage transistoris\u00e9 sans contact (T.C.I) Syst\u00e8me de d\u00e9marrage Recul\/\u00c9lectrique Filtre \u00e0 air Bain semi-sec, double, double silencieux et de type cyclone R\u00e9servoir de carburant (L) 6.9 Capacit\u00e9 d&#8217;huile (L) 1.2 Consommation de carburant (g\/kw-heure) \u2264374 Dimensions (L x l x H) mm 475*425*440 Poids brut\/poids net (kg) 39\/36<\/p>\n","protected":false},"featured_media":7321,"comment_status":"open","ping_status":"closed","template":"","meta":{"site-sidebar-layout":"default","site-content-layout":"","ast-site-content-layout":"default","site-content-style":"default","site-sidebar-style":"default","ast-global-header-display":"","ast-banner-title-visibility":"","ast-main-header-display":"","ast-hfb-above-header-display":"","ast-hfb-below-header-display":"","ast-hfb-mobile-header-display":"","site-post-title":"","ast-breadcrumbs-content":"","ast-featured-img":"","footer-sml-layout":"","theme-transparent-header-meta":"default","adv-header-id-meta":"","stick-header-meta":"","header-above-stick-meta":"","header-main-stick-meta":"","header-below-stick-meta":"","astra-migrate-meta-layouts":"default","ast-page-background-enabled":"default","ast-page-background-meta":{"desktop":{"background-color":"var(--ast-global-color-4)","background-image":"","background-repeat":"repeat","background-position":"center center","background-size":"auto","background-attachment":"scroll","background-type":"","background-media":"","overlay-type":"","overlay-color":"","overlay-opacity":"","overlay-gradient":""},"tablet":{"background-color":"","background-image":"","background-repeat":"repeat","background-position":"center center","background-size":"auto","background-attachment":"scroll","background-type":"","background-media":"","overlay-type":"","overlay-color":"","overlay-opacity":"","overlay-gradient":""},"mobile":{"background-color":"","background-image":"","background-repeat":"repeat","background-position":"center center","background-size":"auto","background-attachment":"scroll","background-type":"","background-media":"","overlay-type":"","overlay-color":"","overlay-opacity":"","overlay-gradient":""}},"ast-content-background-meta":{"desktop":{"background-color":"var(--ast-global-color-5)","background-image":"","background-repeat":"repeat","background-position":"center center","background-size":"auto","background-attachment":"scroll","background-type":"","background-media":"","overlay-type":"","overlay-color":"","overlay-opacity":"","overlay-gradient":""},"tablet":{"background-color":"var(--ast-global-color-5)","background-image":"","background-repeat":"repeat","background-position":"center center","background-size":"auto","background-attachment":"scroll","background-type":"","background-media":"","overlay-type":"","overlay-color":"","overlay-opacity":"","overlay-gradient":""},"mobile":{"background-color":"var(--ast-global-color-5)","background-image":"","background-repeat":"repeat","background-position":"center center","background-size":"auto","background-attachment":"scroll","background-type":"","background-media":"","overlay-type":"","overlay-color":"","overlay-opacity":"","overlay-gradient":""}}},"product_brand":[],"product_cat":[84],"product_tag":[],"class_list":{"0":"post-7320","1":"product","2":"type-product","3":"status-publish","4":"has-post-thumbnail","6":"product_cat-non-classe","7":"desktop-align-left","8":"tablet-align-left","9":"mobile-align-left","11":"first","12":"instock","13":"shipping-taxable","14":"product-type-simple"},"yoast_head":"<!-- This site is optimized with the Yoast SEO plugin v26.5 - https:\/\/yoast.com\/wordpress\/plugins\/seo\/ -->\n<title>Moteur \u00e0 essence horizontal S500 de 15 CV &#8211; Excalibur Generator<\/title>\n<meta name=\"description\" content=\"Le moteur essence horizontal S500 de 15 CV est un moteur compact et performant, con\u00e7u pour la polyvalence. Dot\u00e9 d&#039;une conception robuste \u00e0 4 temps, il offre une puissance fiable pour diverses applications, garantissant efficacit\u00e9 et durabilit\u00e9 dans un format compact.\" \/>\n<meta name=\"robots\" content=\"index, follow, max-snippet:-1, max-image-preview:large, max-video-preview:-1\" \/>\n<link rel=\"canonical\" href=\"https:\/\/www.excalibur-generator.com\/fr\/moteur-a-essence-horizontal-s500-de-15-cv\/\" \/>\n<script type=\"application\/ld+json\" class=\"yoast-schema-graph\">{\"@context\":\"https:\/\/schema.org\",\"@graph\":[{\"@type\":\"WebPage\",\"@id\":\"https:\/\/www.excalibur-generator.com\/fr\/moteur-a-essence-horizontal-s500-de-15-cv\/\",\"url\":\"https:\/\/www.excalibur-generator.com\/fr\/moteur-a-essence-horizontal-s500-de-15-cv\/\",\"name\":\"Moteur \u00e0 essence horizontal S500 de 15 CV &#8211; Excalibur Generator\",\"isPartOf\":{\"@id\":\"https:\/\/www.excalibur-generator.com\/fr\/#website\"},\"primaryImageOfPage\":{\"@id\":\"https:\/\/www.excalibur-generator.com\/fr\/moteur-a-essence-horizontal-s500-de-15-cv\/#primaryimage\"},\"image\":{\"@id\":\"https:\/\/www.excalibur-generator.com\/fr\/moteur-a-essence-horizontal-s500-de-15-cv\/#primaryimage\"},\"thumbnailUrl\":\"https:\/\/www.excalibur-generator.com\/wp-content\/uploads\/2024\/05\/15HP-S500-Horizontal-Gasoline-Engine.jpg\",\"datePublished\":\"2024-05-24T02:24:57+00:00\",\"description\":\"Le moteur essence horizontal S500 de 15 CV est un moteur compact et performant, con\u00e7u pour la polyvalence. Dot\u00e9 d'une conception robuste \u00e0 4 temps, il offre une puissance fiable pour diverses applications, garantissant efficacit\u00e9 et durabilit\u00e9 dans un format compact.\",\"breadcrumb\":{\"@id\":\"https:\/\/www.excalibur-generator.com\/fr\/moteur-a-essence-horizontal-s500-de-15-cv\/#breadcrumb\"},\"inLanguage\":\"fr-FR\",\"potentialAction\":[{\"@type\":\"ReadAction\",\"target\":[\"https:\/\/www.excalibur-generator.com\/fr\/moteur-a-essence-horizontal-s500-de-15-cv\/\"]}]},{\"@type\":\"ImageObject\",\"inLanguage\":\"fr-FR\",\"@id\":\"https:\/\/www.excalibur-generator.com\/fr\/moteur-a-essence-horizontal-s500-de-15-cv\/#primaryimage\",\"url\":\"https:\/\/www.excalibur-generator.com\/wp-content\/uploads\/2024\/05\/15HP-S500-Horizontal-Gasoline-Engine.jpg\",\"contentUrl\":\"https:\/\/www.excalibur-generator.com\/wp-content\/uploads\/2024\/05\/15HP-S500-Horizontal-Gasoline-Engine.jpg\",\"width\":800,\"height\":800,\"caption\":\"Moteur \u00e0 essence horizontal S500 15 CV\"},{\"@type\":\"BreadcrumbList\",\"@id\":\"https:\/\/www.excalibur-generator.com\/fr\/moteur-a-essence-horizontal-s500-de-15-cv\/#breadcrumb\",\"itemListElement\":[{\"@type\":\"ListItem\",\"position\":1,\"name\":\"Home\",\"item\":\"https:\/\/www.excalibur-generator.com\/fr\/\"},{\"@type\":\"ListItem\",\"position\":2,\"name\":\"Produits\",\"item\":\"https:\/\/www.excalibur-generator.com\/fr\/produits\/\"},{\"@type\":\"ListItem\",\"position\":3,\"name\":\"Moteur \u00e0 essence horizontal S500 de 15 CV\"}]},{\"@type\":\"WebSite\",\"@id\":\"https:\/\/www.excalibur-generator.com\/fr\/#website\",\"url\":\"https:\/\/www.excalibur-generator.com\/fr\/\",\"name\":\"Excalibur Generator\",\"description\":\"\",\"publisher\":{\"@id\":\"https:\/\/www.excalibur-generator.com\/fr\/#organization\"},\"potentialAction\":[{\"@type\":\"SearchAction\",\"target\":{\"@type\":\"EntryPoint\",\"urlTemplate\":\"https:\/\/www.excalibur-generator.com\/fr\/?s={search_term_string}\"},\"query-input\":{\"@type\":\"PropertyValueSpecification\",\"valueRequired\":true,\"valueName\":\"search_term_string\"}}],\"inLanguage\":\"fr-FR\"},{\"@type\":\"Organization\",\"@id\":\"https:\/\/www.excalibur-generator.com\/fr\/#organization\",\"name\":\"Excalibur Generator\",\"url\":\"https:\/\/www.excalibur-generator.com\/fr\/\",\"logo\":{\"@type\":\"ImageObject\",\"inLanguage\":\"fr-FR\",\"@id\":\"https:\/\/www.excalibur-generator.com\/fr\/#\/schema\/logo\/image\/\",\"url\":\"https:\/\/www.excalibur-generator.com\/wp-content\/uploads\/2024\/05\/EXCALIBUR.png\",\"contentUrl\":\"https:\/\/www.excalibur-generator.com\/wp-content\/uploads\/2024\/05\/EXCALIBUR.png\",\"width\":350,\"height\":79,\"caption\":\"Excalibur Generator\"},\"image\":{\"@id\":\"https:\/\/www.excalibur-generator.com\/fr\/#\/schema\/logo\/image\/\"}}]}<\/script>\n<!-- \/ Yoast SEO plugin. -->","yoast_head_json":{"title":"Moteur \u00e0 essence horizontal S500 de 15 CV &#8211; Excalibur Generator","description":"Le moteur essence horizontal S500 de 15 CV est un moteur compact et performant, con\u00e7u pour la polyvalence. Dot\u00e9 d'une conception robuste \u00e0 4 temps, il offre une puissance fiable pour diverses applications, garantissant efficacit\u00e9 et durabilit\u00e9 dans un format compact.","robots":{"index":"index","follow":"follow","max-snippet":"max-snippet:-1","max-image-preview":"max-image-preview:large","max-video-preview":"max-video-preview:-1"},"canonical":"https:\/\/www.excalibur-generator.com\/fr\/moteur-a-essence-horizontal-s500-de-15-cv\/","schema":{"@context":"https:\/\/schema.org","@graph":[{"@type":"WebPage","@id":"https:\/\/www.excalibur-generator.com\/fr\/moteur-a-essence-horizontal-s500-de-15-cv\/","url":"https:\/\/www.excalibur-generator.com\/fr\/moteur-a-essence-horizontal-s500-de-15-cv\/","name":"Moteur \u00e0 essence horizontal S500 de 15 CV &#8211; Excalibur Generator","isPartOf":{"@id":"https:\/\/www.excalibur-generator.com\/fr\/#website"},"primaryImageOfPage":{"@id":"https:\/\/www.excalibur-generator.com\/fr\/moteur-a-essence-horizontal-s500-de-15-cv\/#primaryimage"},"image":{"@id":"https:\/\/www.excalibur-generator.com\/fr\/moteur-a-essence-horizontal-s500-de-15-cv\/#primaryimage"},"thumbnailUrl":"https:\/\/www.excalibur-generator.com\/wp-content\/uploads\/2024\/05\/15HP-S500-Horizontal-Gasoline-Engine.jpg","datePublished":"2024-05-24T02:24:57+00:00","description":"Le moteur essence horizontal S500 de 15 CV est un moteur compact et performant, con\u00e7u pour la polyvalence. Dot\u00e9 d'une conception robuste \u00e0 4 temps, il offre une puissance fiable pour diverses applications, garantissant efficacit\u00e9 et durabilit\u00e9 dans un format compact.","breadcrumb":{"@id":"https:\/\/www.excalibur-generator.com\/fr\/moteur-a-essence-horizontal-s500-de-15-cv\/#breadcrumb"},"inLanguage":"fr-FR","potentialAction":[{"@type":"ReadAction","target":["https:\/\/www.excalibur-generator.com\/fr\/moteur-a-essence-horizontal-s500-de-15-cv\/"]}]},{"@type":"ImageObject","inLanguage":"fr-FR","@id":"https:\/\/www.excalibur-generator.com\/fr\/moteur-a-essence-horizontal-s500-de-15-cv\/#primaryimage","url":"https:\/\/www.excalibur-generator.com\/wp-content\/uploads\/2024\/05\/15HP-S500-Horizontal-Gasoline-Engine.jpg","contentUrl":"https:\/\/www.excalibur-generator.com\/wp-content\/uploads\/2024\/05\/15HP-S500-Horizontal-Gasoline-Engine.jpg","width":800,"height":800,"caption":"Moteur \u00e0 essence horizontal S500 15 CV"},{"@type":"BreadcrumbList","@id":"https:\/\/www.excalibur-generator.com\/fr\/moteur-a-essence-horizontal-s500-de-15-cv\/#breadcrumb","itemListElement":[{"@type":"ListItem","position":1,"name":"Home","item":"https:\/\/www.excalibur-generator.com\/fr\/"},{"@type":"ListItem","position":2,"name":"Produits","item":"https:\/\/www.excalibur-generator.com\/fr\/produits\/"},{"@type":"ListItem","position":3,"name":"Moteur \u00e0 essence horizontal S500 de 15 CV"}]},{"@type":"WebSite","@id":"https:\/\/www.excalibur-generator.com\/fr\/#website","url":"https:\/\/www.excalibur-generator.com\/fr\/","name":"Excalibur Generator","description":"","publisher":{"@id":"https:\/\/www.excalibur-generator.com\/fr\/#organization"},"potentialAction":[{"@type":"SearchAction","target":{"@type":"EntryPoint","urlTemplate":"https:\/\/www.excalibur-generator.com\/fr\/?s={search_term_string}"},"query-input":{"@type":"PropertyValueSpecification","valueRequired":true,"valueName":"search_term_string"}}],"inLanguage":"fr-FR"},{"@type":"Organization","@id":"https:\/\/www.excalibur-generator.com\/fr\/#organization","name":"Excalibur Generator","url":"https:\/\/www.excalibur-generator.com\/fr\/","logo":{"@type":"ImageObject","inLanguage":"fr-FR","@id":"https:\/\/www.excalibur-generator.com\/fr\/#\/schema\/logo\/image\/","url":"https:\/\/www.excalibur-generator.com\/wp-content\/uploads\/2024\/05\/EXCALIBUR.png","contentUrl":"https:\/\/www.excalibur-generator.com\/wp-content\/uploads\/2024\/05\/EXCALIBUR.png","width":350,"height":79,"caption":"Excalibur Generator"},"image":{"@id":"https:\/\/www.excalibur-generator.com\/fr\/#\/schema\/logo\/image\/"}}]}},"_links":{"self":[{"href":"https:\/\/www.excalibur-generator.com\/fr\/wp-json\/wp\/v2\/product\/7320","targetHints":{"allow":["GET"]}}],"collection":[{"href":"https:\/\/www.excalibur-generator.com\/fr\/wp-json\/wp\/v2\/product"}],"about":[{"href":"https:\/\/www.excalibur-generator.com\/fr\/wp-json\/wp\/v2\/types\/product"}],"replies":[{"embeddable":true,"href":"https:\/\/www.excalibur-generator.com\/fr\/wp-json\/wp\/v2\/comments?post=7320"}],"wp:featuredmedia":[{"embeddable":true,"href":"https:\/\/www.excalibur-generator.com\/fr\/wp-json\/wp\/v2\/media\/7321"}],"wp:attachment":[{"href":"https:\/\/www.excalibur-generator.com\/fr\/wp-json\/wp\/v2\/media?parent=7320"}],"wp:term":[{"taxonomy":"product_brand","embeddable":true,"href":"https:\/\/www.excalibur-generator.com\/fr\/wp-json\/wp\/v2\/product_brand?post=7320"},{"taxonomy":"product_cat","embeddable":true,"href":"https:\/\/www.excalibur-generator.com\/fr\/wp-json\/wp\/v2\/product_cat?post=7320"},{"taxonomy":"product_tag","embeddable":true,"href":"https:\/\/www.excalibur-generator.com\/fr\/wp-json\/wp\/v2\/product_tag?post=7320"}],"curies":[{"name":"wp","href":"https:\/\/api.w.org\/{rel}","templated":true}]}}