{"id":7324,"date":"2024-05-24T10:08:28","date_gmt":"2024-05-24T02:08:28","guid":{"rendered":"https:\/\/www.excalibur-generator.com\/moteur-diesel-monocylindre-5-cv\/"},"modified":"2024-05-24T10:08:28","modified_gmt":"2024-05-24T02:08:28","slug":"moteur-diesel-monocylindre-5-cv","status":"publish","type":"product","link":"https:\/\/www.excalibur-generator.com\/fr\/moteur-diesel-monocylindre-5-cv\/","title":{"rendered":"Moteur diesel monocylindre 5 CV"},"content":{"rendered":"<table>\n<colgroup>\n<col>\n<col><\/colgroup>\n<tbody>\n<tr class=\"firstRow\">\n<td>Mod\u00e8le<\/td>\n<td>S173F(E)<\/td>\n<\/tr>\n<tr>\n<td>Taper<\/td>\n<td>Refroidi par air, 4 temps, monocylindre, vertical<\/td>\n<\/tr>\n<tr>\n<td>Al\u00e9sage*Course (mm)<\/td>\n<td>73*58<\/td>\n<\/tr>\n<tr>\n<td>Cylindr\u00e9e (cm3)<\/td>\n<td>243<\/td>\n<\/tr>\n<tr>\n<td>Syst\u00e8me de combustion<\/td>\n<td>Injection directe<\/td>\n<\/tr>\n<tr>\n<td rowspan=\"2\">Puissance nominale kW (ch)\/tr\/min<\/td>\n<td>3.5(5.2)\/3000<\/td>\n<\/tr>\n<tr>\n<td>3.8(5.5)\/3600<\/td>\n<\/tr>\n<tr>\n<td rowspan=\"2\">Puissance de sortie maximale kW (ch)\/tr\/min<\/td>\n<td>3.8(5.5)\/3000<\/td>\n<\/tr>\n<tr>\n<td>4.05(6.0)\/3600<\/td>\n<\/tr>\n<tr>\n<td>Sens de rotation<\/td>\n<td>Sens inverse des aiguilles d&#8217;une montre, face \u00e0 l&#8217;arbre de prise de force<\/td>\n<\/tr>\n<tr>\n<td>Carburant<\/td>\n<td>0#(\u00e9t\u00e9)\/-10#(hiver)<\/td>\n<\/tr>\n<tr>\n<td>Capacit\u00e9 du r\u00e9servoir de carburant (L)<\/td>\n<td>2.5<\/td>\n<\/tr>\n<tr>\n<td>Capacit\u00e9 d&#8217;huile lubrifiante (L)<\/td>\n<td>0.75<\/td>\n<\/tr>\n<tr>\n<td>Syst\u00e8me de lubrification<\/td>\n<td>Pression \u00e9clabouss\u00e9e<\/td>\n<\/tr>\n<tr>\n<td>Syst\u00e8me de d\u00e9marrage<\/td>\n<td>D\u00e9marreur \u00e0 rappel\/D\u00e9marreur \u00e9lectrique<\/td>\n<\/tr>\n<tr>\n<td>Taille de l&#8217;emballage (mm)<\/td>\n<td>420*380*460<\/td>\n<\/tr>\n<tr>\n<td>Poids net<\/td>\n<td>27<\/td>\n<\/tr>\n<\/tbody>\n<\/table>\n","protected":false},"excerpt":{"rendered":"<p>Mod\u00e8le S173F(E) Taper Refroidi par air, 4 temps, monocylindre, vertical Al\u00e9sage*Course (mm) 73*58 Cylindr\u00e9e (cm3) 243 Syst\u00e8me de combustion Injection directe Puissance nominale kW (ch)\/tr\/min 3.5(5.2)\/3000 3.8(5.5)\/3600 Puissance de sortie maximale kW (ch)\/tr\/min 3.8(5.5)\/3000 4.05(6.0)\/3600 Sens de rotation Sens inverse des aiguilles d&#8217;une montre, face \u00e0 l&#8217;arbre de prise de force Carburant 0#(\u00e9t\u00e9)\/-10#(hiver) Capacit\u00e9 du r\u00e9servoir de carburant (L) 2.5 Capacit\u00e9 d&#8217;huile lubrifiante (L) 0.75 Syst\u00e8me de lubrification Pression \u00e9clabouss\u00e9e Syst\u00e8me de d\u00e9marrage D\u00e9marreur \u00e0 rappel\/D\u00e9marreur \u00e9lectrique Taille de l&#8217;emballage (mm) 420*380*460 Poids net 27<\/p>\n","protected":false},"featured_media":7325,"comment_status":"open","ping_status":"closed","template":"","meta":{"site-sidebar-layout":"default","site-content-layout":"","ast-site-content-layout":"default","site-content-style":"default","site-sidebar-style":"default","ast-global-header-display":"","ast-banner-title-visibility":"","ast-main-header-display":"","ast-hfb-above-header-display":"","ast-hfb-below-header-display":"","ast-hfb-mobile-header-display":"","site-post-title":"","ast-breadcrumbs-content":"","ast-featured-img":"","footer-sml-layout":"","theme-transparent-header-meta":"default","adv-header-id-meta":"","stick-header-meta":"","header-above-stick-meta":"","header-main-stick-meta":"","header-below-stick-meta":"","astra-migrate-meta-layouts":"default","ast-page-background-enabled":"default","ast-page-background-meta":{"desktop":{"background-color":"var(--ast-global-color-4)","background-image":"","background-repeat":"repeat","background-position":"center center","background-size":"auto","background-attachment":"scroll","background-type":"","background-media":"","overlay-type":"","overlay-color":"","overlay-opacity":"","overlay-gradient":""},"tablet":{"background-color":"","background-image":"","background-repeat":"repeat","background-position":"center center","background-size":"auto","background-attachment":"scroll","background-type":"","background-media":"","overlay-type":"","overlay-color":"","overlay-opacity":"","overlay-gradient":""},"mobile":{"background-color":"","background-image":"","background-repeat":"repeat","background-position":"center center","background-size":"auto","background-attachment":"scroll","background-type":"","background-media":"","overlay-type":"","overlay-color":"","overlay-opacity":"","overlay-gradient":""}},"ast-content-background-meta":{"desktop":{"background-color":"var(--ast-global-color-5)","background-image":"","background-repeat":"repeat","background-position":"center center","background-size":"auto","background-attachment":"scroll","background-type":"","background-media":"","overlay-type":"","overlay-color":"","overlay-opacity":"","overlay-gradient":""},"tablet":{"background-color":"var(--ast-global-color-5)","background-image":"","background-repeat":"repeat","background-position":"center center","background-size":"auto","background-attachment":"scroll","background-type":"","background-media":"","overlay-type":"","overlay-color":"","overlay-opacity":"","overlay-gradient":""},"mobile":{"background-color":"var(--ast-global-color-5)","background-image":"","background-repeat":"repeat","background-position":"center center","background-size":"auto","background-attachment":"scroll","background-type":"","background-media":"","overlay-type":"","overlay-color":"","overlay-opacity":"","overlay-gradient":""}}},"product_brand":[],"product_cat":[84],"product_tag":[],"class_list":{"0":"post-7324","1":"product","2":"type-product","3":"status-publish","4":"has-post-thumbnail","6":"product_cat-non-classe","7":"desktop-align-left","8":"tablet-align-left","9":"mobile-align-left","11":"first","12":"instock","13":"shipping-taxable","14":"product-type-simple"},"yoast_head":"<!-- This site is optimized with the Yoast SEO plugin v26.5 - https:\/\/yoast.com\/wordpress\/plugins\/seo\/ -->\n<title>Moteur diesel monocylindre 5 CV &#8211; Excalibur Generator<\/title>\n<meta name=\"description\" content=\"Un moteur diesel de 5 CV est une machine \u00e0 combustion interne puissante et efficace avec une puissance de sortie de cinq chevaux, couramment utilis\u00e9e pour diverses applications, notamment les machines agricoles, les g\u00e9n\u00e9rateurs et les \u00e9quipements industriels.\" \/>\n<meta name=\"robots\" content=\"index, follow, max-snippet:-1, max-image-preview:large, max-video-preview:-1\" \/>\n<link rel=\"canonical\" href=\"https:\/\/www.excalibur-generator.com\/fr\/moteur-diesel-monocylindre-5-cv\/\" \/>\n<script type=\"application\/ld+json\" class=\"yoast-schema-graph\">{\"@context\":\"https:\/\/schema.org\",\"@graph\":[{\"@type\":\"WebPage\",\"@id\":\"https:\/\/www.excalibur-generator.com\/fr\/moteur-diesel-monocylindre-5-cv\/\",\"url\":\"https:\/\/www.excalibur-generator.com\/fr\/moteur-diesel-monocylindre-5-cv\/\",\"name\":\"Moteur diesel monocylindre 5 CV &#8211; Excalibur Generator\",\"isPartOf\":{\"@id\":\"https:\/\/www.excalibur-generator.com\/fr\/#website\"},\"primaryImageOfPage\":{\"@id\":\"https:\/\/www.excalibur-generator.com\/fr\/moteur-diesel-monocylindre-5-cv\/#primaryimage\"},\"image\":{\"@id\":\"https:\/\/www.excalibur-generator.com\/fr\/moteur-diesel-monocylindre-5-cv\/#primaryimage\"},\"thumbnailUrl\":\"https:\/\/www.excalibur-generator.com\/wp-content\/uploads\/2024\/05\/5HP-Diesel-Engine-Single-Cylinder.jpg\",\"datePublished\":\"2024-05-24T02:08:28+00:00\",\"description\":\"Un moteur diesel de 5 CV est une machine \u00e0 combustion interne puissante et efficace avec une puissance de sortie de cinq chevaux, couramment utilis\u00e9e pour diverses applications, notamment les machines agricoles, les g\u00e9n\u00e9rateurs et les \u00e9quipements industriels.\",\"breadcrumb\":{\"@id\":\"https:\/\/www.excalibur-generator.com\/fr\/moteur-diesel-monocylindre-5-cv\/#breadcrumb\"},\"inLanguage\":\"fr-FR\",\"potentialAction\":[{\"@type\":\"ReadAction\",\"target\":[\"https:\/\/www.excalibur-generator.com\/fr\/moteur-diesel-monocylindre-5-cv\/\"]}]},{\"@type\":\"ImageObject\",\"inLanguage\":\"fr-FR\",\"@id\":\"https:\/\/www.excalibur-generator.com\/fr\/moteur-diesel-monocylindre-5-cv\/#primaryimage\",\"url\":\"https:\/\/www.excalibur-generator.com\/wp-content\/uploads\/2024\/05\/5HP-Diesel-Engine-Single-Cylinder.jpg\",\"contentUrl\":\"https:\/\/www.excalibur-generator.com\/wp-content\/uploads\/2024\/05\/5HP-Diesel-Engine-Single-Cylinder.jpg\",\"width\":800,\"height\":800,\"caption\":\"Moteur diesel monocylindre 5 CV\"},{\"@type\":\"BreadcrumbList\",\"@id\":\"https:\/\/www.excalibur-generator.com\/fr\/moteur-diesel-monocylindre-5-cv\/#breadcrumb\",\"itemListElement\":[{\"@type\":\"ListItem\",\"position\":1,\"name\":\"Home\",\"item\":\"https:\/\/www.excalibur-generator.com\/fr\/\"},{\"@type\":\"ListItem\",\"position\":2,\"name\":\"Produits\",\"item\":\"https:\/\/www.excalibur-generator.com\/fr\/produits\/\"},{\"@type\":\"ListItem\",\"position\":3,\"name\":\"Moteur diesel monocylindre 5 CV\"}]},{\"@type\":\"WebSite\",\"@id\":\"https:\/\/www.excalibur-generator.com\/fr\/#website\",\"url\":\"https:\/\/www.excalibur-generator.com\/fr\/\",\"name\":\"Excalibur Generator\",\"description\":\"\",\"publisher\":{\"@id\":\"https:\/\/www.excalibur-generator.com\/fr\/#organization\"},\"potentialAction\":[{\"@type\":\"SearchAction\",\"target\":{\"@type\":\"EntryPoint\",\"urlTemplate\":\"https:\/\/www.excalibur-generator.com\/fr\/?s={search_term_string}\"},\"query-input\":{\"@type\":\"PropertyValueSpecification\",\"valueRequired\":true,\"valueName\":\"search_term_string\"}}],\"inLanguage\":\"fr-FR\"},{\"@type\":\"Organization\",\"@id\":\"https:\/\/www.excalibur-generator.com\/fr\/#organization\",\"name\":\"Excalibur Generator\",\"url\":\"https:\/\/www.excalibur-generator.com\/fr\/\",\"logo\":{\"@type\":\"ImageObject\",\"inLanguage\":\"fr-FR\",\"@id\":\"https:\/\/www.excalibur-generator.com\/fr\/#\/schema\/logo\/image\/\",\"url\":\"https:\/\/www.excalibur-generator.com\/wp-content\/uploads\/2024\/05\/EXCALIBUR.png\",\"contentUrl\":\"https:\/\/www.excalibur-generator.com\/wp-content\/uploads\/2024\/05\/EXCALIBUR.png\",\"width\":350,\"height\":79,\"caption\":\"Excalibur Generator\"},\"image\":{\"@id\":\"https:\/\/www.excalibur-generator.com\/fr\/#\/schema\/logo\/image\/\"}}]}<\/script>\n<!-- \/ Yoast SEO plugin. -->","yoast_head_json":{"title":"Moteur diesel monocylindre 5 CV &#8211; Excalibur Generator","description":"Un moteur diesel de 5 CV est une machine \u00e0 combustion interne puissante et efficace avec une puissance de sortie de cinq chevaux, couramment utilis\u00e9e pour diverses applications, notamment les machines agricoles, les g\u00e9n\u00e9rateurs et les \u00e9quipements industriels.","robots":{"index":"index","follow":"follow","max-snippet":"max-snippet:-1","max-image-preview":"max-image-preview:large","max-video-preview":"max-video-preview:-1"},"canonical":"https:\/\/www.excalibur-generator.com\/fr\/moteur-diesel-monocylindre-5-cv\/","schema":{"@context":"https:\/\/schema.org","@graph":[{"@type":"WebPage","@id":"https:\/\/www.excalibur-generator.com\/fr\/moteur-diesel-monocylindre-5-cv\/","url":"https:\/\/www.excalibur-generator.com\/fr\/moteur-diesel-monocylindre-5-cv\/","name":"Moteur diesel monocylindre 5 CV &#8211; Excalibur Generator","isPartOf":{"@id":"https:\/\/www.excalibur-generator.com\/fr\/#website"},"primaryImageOfPage":{"@id":"https:\/\/www.excalibur-generator.com\/fr\/moteur-diesel-monocylindre-5-cv\/#primaryimage"},"image":{"@id":"https:\/\/www.excalibur-generator.com\/fr\/moteur-diesel-monocylindre-5-cv\/#primaryimage"},"thumbnailUrl":"https:\/\/www.excalibur-generator.com\/wp-content\/uploads\/2024\/05\/5HP-Diesel-Engine-Single-Cylinder.jpg","datePublished":"2024-05-24T02:08:28+00:00","description":"Un moteur diesel de 5 CV est une machine \u00e0 combustion interne puissante et efficace avec une puissance de sortie de cinq chevaux, couramment utilis\u00e9e pour diverses applications, notamment les machines agricoles, les g\u00e9n\u00e9rateurs et les \u00e9quipements industriels.","breadcrumb":{"@id":"https:\/\/www.excalibur-generator.com\/fr\/moteur-diesel-monocylindre-5-cv\/#breadcrumb"},"inLanguage":"fr-FR","potentialAction":[{"@type":"ReadAction","target":["https:\/\/www.excalibur-generator.com\/fr\/moteur-diesel-monocylindre-5-cv\/"]}]},{"@type":"ImageObject","inLanguage":"fr-FR","@id":"https:\/\/www.excalibur-generator.com\/fr\/moteur-diesel-monocylindre-5-cv\/#primaryimage","url":"https:\/\/www.excalibur-generator.com\/wp-content\/uploads\/2024\/05\/5HP-Diesel-Engine-Single-Cylinder.jpg","contentUrl":"https:\/\/www.excalibur-generator.com\/wp-content\/uploads\/2024\/05\/5HP-Diesel-Engine-Single-Cylinder.jpg","width":800,"height":800,"caption":"Moteur diesel monocylindre 5 CV"},{"@type":"BreadcrumbList","@id":"https:\/\/www.excalibur-generator.com\/fr\/moteur-diesel-monocylindre-5-cv\/#breadcrumb","itemListElement":[{"@type":"ListItem","position":1,"name":"Home","item":"https:\/\/www.excalibur-generator.com\/fr\/"},{"@type":"ListItem","position":2,"name":"Produits","item":"https:\/\/www.excalibur-generator.com\/fr\/produits\/"},{"@type":"ListItem","position":3,"name":"Moteur diesel monocylindre 5 CV"}]},{"@type":"WebSite","@id":"https:\/\/www.excalibur-generator.com\/fr\/#website","url":"https:\/\/www.excalibur-generator.com\/fr\/","name":"Excalibur Generator","description":"","publisher":{"@id":"https:\/\/www.excalibur-generator.com\/fr\/#organization"},"potentialAction":[{"@type":"SearchAction","target":{"@type":"EntryPoint","urlTemplate":"https:\/\/www.excalibur-generator.com\/fr\/?s={search_term_string}"},"query-input":{"@type":"PropertyValueSpecification","valueRequired":true,"valueName":"search_term_string"}}],"inLanguage":"fr-FR"},{"@type":"Organization","@id":"https:\/\/www.excalibur-generator.com\/fr\/#organization","name":"Excalibur Generator","url":"https:\/\/www.excalibur-generator.com\/fr\/","logo":{"@type":"ImageObject","inLanguage":"fr-FR","@id":"https:\/\/www.excalibur-generator.com\/fr\/#\/schema\/logo\/image\/","url":"https:\/\/www.excalibur-generator.com\/wp-content\/uploads\/2024\/05\/EXCALIBUR.png","contentUrl":"https:\/\/www.excalibur-generator.com\/wp-content\/uploads\/2024\/05\/EXCALIBUR.png","width":350,"height":79,"caption":"Excalibur Generator"},"image":{"@id":"https:\/\/www.excalibur-generator.com\/fr\/#\/schema\/logo\/image\/"}}]}},"_links":{"self":[{"href":"https:\/\/www.excalibur-generator.com\/fr\/wp-json\/wp\/v2\/product\/7324","targetHints":{"allow":["GET"]}}],"collection":[{"href":"https:\/\/www.excalibur-generator.com\/fr\/wp-json\/wp\/v2\/product"}],"about":[{"href":"https:\/\/www.excalibur-generator.com\/fr\/wp-json\/wp\/v2\/types\/product"}],"replies":[{"embeddable":true,"href":"https:\/\/www.excalibur-generator.com\/fr\/wp-json\/wp\/v2\/comments?post=7324"}],"wp:featuredmedia":[{"embeddable":true,"href":"https:\/\/www.excalibur-generator.com\/fr\/wp-json\/wp\/v2\/media\/7325"}],"wp:attachment":[{"href":"https:\/\/www.excalibur-generator.com\/fr\/wp-json\/wp\/v2\/media?parent=7324"}],"wp:term":[{"taxonomy":"product_brand","embeddable":true,"href":"https:\/\/www.excalibur-generator.com\/fr\/wp-json\/wp\/v2\/product_brand?post=7324"},{"taxonomy":"product_cat","embeddable":true,"href":"https:\/\/www.excalibur-generator.com\/fr\/wp-json\/wp\/v2\/product_cat?post=7324"},{"taxonomy":"product_tag","embeddable":true,"href":"https:\/\/www.excalibur-generator.com\/fr\/wp-json\/wp\/v2\/product_tag?post=7324"}],"curies":[{"name":"wp","href":"https:\/\/api.w.org\/{rel}","templated":true}]}}