{"id":7328,"date":"2024-05-24T09:35:53","date_gmt":"2024-05-24T01:35:53","guid":{"rendered":"https:\/\/www.excalibur-generator.com\/pompe-a-eau-semi-poubelle\/"},"modified":"2024-05-24T09:35:53","modified_gmt":"2024-05-24T01:35:53","slug":"pompe-a-eau-semi-poubelle","status":"publish","type":"product","link":"https:\/\/www.excalibur-generator.com\/fr\/pompe-a-eau-semi-poubelle\/","title":{"rendered":"Pompe \u00e0 eau semi-poubelle"},"content":{"rendered":"<table width=\"907\">\n<colgroup>\n<col>\n<col span=\"3\">\n<col>\n<col span=\"2\"><\/colgroup>\n<tbody>\n<tr class=\"firstRow\">\n<td colspan=\"5\">TYPE D&#8217;ESSENCE<\/td>\n<td colspan=\"2\">SP405D(E)<\/td>\n<\/tr>\n<tr>\n<td>Mod\u00e8le<\/td>\n<td>STP205B<\/td>\n<td>STP305B<\/td>\n<td>STP405B<\/td>\n<td>STP205D<\/td>\n<td>STP305D<\/td>\n<td>STP405D<\/td>\n<\/tr>\n<tr>\n<td>Aspiration*d\u00e9bit (mm)(pouce)<\/td>\n<td>2\u201d<\/td>\n<td>3\u201d<\/td>\n<td>4\u201d<\/td>\n<td>2\u201d<\/td>\n<td>3\u201d<\/td>\n<td>4\u201d<\/td>\n<\/tr>\n<tr>\n<td>Hauteur manom\u00e9trique totale (m)<\/td>\n<td>46<\/td>\n<td>32<\/td>\n<td>28<\/td>\n<td>46<\/td>\n<td>32<\/td>\n<td>28<\/td>\n<\/tr>\n<tr>\n<td>Hauteur d&#8217;aspiration (m)<\/td>\n<td>8<\/td>\n<td>8<\/td>\n<td>8<\/td>\n<td>8<\/td>\n<td>8<\/td>\n<td>8<\/td>\n<\/tr>\n<tr>\n<td>Volume de refoulement maximal (m\u00b3\/h)<\/td>\n<td>36<\/td>\n<td>60<\/td>\n<td>80<\/td>\n<td>36<\/td>\n<td>60<\/td>\n<td>80<\/td>\n<\/tr>\n<tr>\n<td>garniture m\u00e9canique<\/td>\n<td colspan=\"6\">Carbone c\u00e9ramique<\/td>\n<\/tr>\n<tr>\n<td>Mod\u00e8le de moteur<\/td>\n<td>S200<\/td>\n<td>S200<\/td>\n<td>S390<\/td>\n<td>S173F<\/td>\n<td>S178F<\/td>\n<td>S186F<\/td>\n<\/tr>\n<tr>\n<td>Capacit\u00e9 du r\u00e9servoir de carburant (L)<\/td>\n<td>3.5<\/td>\n<td>6.5<\/td>\n<td>6.5<\/td>\n<td>2.5<\/td>\n<td>3.5<\/td>\n<td>5.5<\/td>\n<\/tr>\n<tr>\n<td>Syst\u00e8me de d\u00e9marrage<\/td>\n<td colspan=\"6\">D\u00e9marrage manuel\/d\u00e9marrage \u00e9lectrique<\/td>\n<\/tr>\n<tr>\n<td>Dimensions de l&#8217;emballage (L x l x H) mm<\/td>\n<td>485*385*380<\/td>\n<td>510*385*425<\/td>\n<td>635*455*545<\/td>\n<td>520*420*380<\/td>\n<td>590*500*535<\/td>\n<td>690*535*560<\/td>\n<\/tr>\n<tr>\n<td>Poids net (KG)<\/td>\n<td>26<\/td>\n<td>28<\/td>\n<td>47<\/td>\n<td>32<\/td>\n<td>46<\/td>\n<td>64<\/td>\n<\/tr>\n<\/tbody>\n<\/table>\n","protected":false},"excerpt":{"rendered":"<p>TYPE D&#8217;ESSENCE SP405D(E) Mod\u00e8le STP205B STP305B STP405B STP205D STP305D STP405D Aspiration*d\u00e9bit (mm)(pouce) 2\u201d 3\u201d 4\u201d 2\u201d 3\u201d 4\u201d Hauteur manom\u00e9trique totale (m) 46 32 28 46 32 28 Hauteur d&#8217;aspiration (m) 8 8 8 8 8 8 Volume de refoulement maximal (m\u00b3\/h) 36 60 80 36 60 80 garniture m\u00e9canique Carbone c\u00e9ramique Mod\u00e8le de moteur S200 S200 S390 S173F S178F S186F Capacit\u00e9 du r\u00e9servoir de carburant (L) 3.5 6.5 6.5 2.5 3.5 5.5 Syst\u00e8me de d\u00e9marrage D\u00e9marrage manuel\/d\u00e9marrage \u00e9lectrique Dimensions de l&#8217;emballage (L x l x H) mm 485*385*380 510*385*425 635*455*545 520*420*380 590*500*535 690*535*560 Poids net (KG) 26 28 47 32 46 64<\/p>\n","protected":false},"featured_media":7329,"comment_status":"open","ping_status":"closed","template":"","meta":{"site-sidebar-layout":"default","site-content-layout":"","ast-site-content-layout":"default","site-content-style":"default","site-sidebar-style":"default","ast-global-header-display":"","ast-banner-title-visibility":"","ast-main-header-display":"","ast-hfb-above-header-display":"","ast-hfb-below-header-display":"","ast-hfb-mobile-header-display":"","site-post-title":"","ast-breadcrumbs-content":"","ast-featured-img":"","footer-sml-layout":"","theme-transparent-header-meta":"default","adv-header-id-meta":"","stick-header-meta":"","header-above-stick-meta":"","header-main-stick-meta":"","header-below-stick-meta":"","astra-migrate-meta-layouts":"default","ast-page-background-enabled":"default","ast-page-background-meta":{"desktop":{"background-color":"var(--ast-global-color-4)","background-image":"","background-repeat":"repeat","background-position":"center center","background-size":"auto","background-attachment":"scroll","background-type":"","background-media":"","overlay-type":"","overlay-color":"","overlay-opacity":"","overlay-gradient":""},"tablet":{"background-color":"","background-image":"","background-repeat":"repeat","background-position":"center center","background-size":"auto","background-attachment":"scroll","background-type":"","background-media":"","overlay-type":"","overlay-color":"","overlay-opacity":"","overlay-gradient":""},"mobile":{"background-color":"","background-image":"","background-repeat":"repeat","background-position":"center center","background-size":"auto","background-attachment":"scroll","background-type":"","background-media":"","overlay-type":"","overlay-color":"","overlay-opacity":"","overlay-gradient":""}},"ast-content-background-meta":{"desktop":{"background-color":"var(--ast-global-color-5)","background-image":"","background-repeat":"repeat","background-position":"center center","background-size":"auto","background-attachment":"scroll","background-type":"","background-media":"","overlay-type":"","overlay-color":"","overlay-opacity":"","overlay-gradient":""},"tablet":{"background-color":"var(--ast-global-color-5)","background-image":"","background-repeat":"repeat","background-position":"center center","background-size":"auto","background-attachment":"scroll","background-type":"","background-media":"","overlay-type":"","overlay-color":"","overlay-opacity":"","overlay-gradient":""},"mobile":{"background-color":"var(--ast-global-color-5)","background-image":"","background-repeat":"repeat","background-position":"center center","background-size":"auto","background-attachment":"scroll","background-type":"","background-media":"","overlay-type":"","overlay-color":"","overlay-opacity":"","overlay-gradient":""}}},"product_brand":[],"product_cat":[84],"product_tag":[],"class_list":{"0":"post-7328","1":"product","2":"type-product","3":"status-publish","4":"has-post-thumbnail","6":"product_cat-non-classe","7":"desktop-align-left","8":"tablet-align-left","9":"mobile-align-left","11":"first","12":"instock","13":"shipping-taxable","14":"product-type-simple"},"yoast_head":"<!-- This site is optimized with the Yoast SEO plugin v26.5 - https:\/\/yoast.com\/wordpress\/plugins\/seo\/ -->\n<title>Pompe \u00e0 eau semi-poubelle &#8211; Excalibur Generator<\/title>\n<meta name=\"description\" content=\"Une pompe \u00e0 eau semi-poubelle est un appareil robuste con\u00e7u pour le traitement des eaux charg\u00e9es de d\u00e9bris. Elle pompe efficacement l&#039;eau contenant des particules solides, ce qui la rend adapt\u00e9e \u00e0 diverses applications comme la construction et la lutte contre les inondations.\" \/>\n<meta name=\"robots\" content=\"index, follow, max-snippet:-1, max-image-preview:large, max-video-preview:-1\" \/>\n<link rel=\"canonical\" href=\"https:\/\/www.excalibur-generator.com\/fr\/pompe-a-eau-semi-poubelle\/\" \/>\n<script type=\"application\/ld+json\" class=\"yoast-schema-graph\">{\"@context\":\"https:\/\/schema.org\",\"@graph\":[{\"@type\":\"WebPage\",\"@id\":\"https:\/\/www.excalibur-generator.com\/fr\/pompe-a-eau-semi-poubelle\/\",\"url\":\"https:\/\/www.excalibur-generator.com\/fr\/pompe-a-eau-semi-poubelle\/\",\"name\":\"Pompe \u00e0 eau semi-poubelle &#8211; Excalibur Generator\",\"isPartOf\":{\"@id\":\"https:\/\/www.excalibur-generator.com\/fr\/#website\"},\"primaryImageOfPage\":{\"@id\":\"https:\/\/www.excalibur-generator.com\/fr\/pompe-a-eau-semi-poubelle\/#primaryimage\"},\"image\":{\"@id\":\"https:\/\/www.excalibur-generator.com\/fr\/pompe-a-eau-semi-poubelle\/#primaryimage\"},\"thumbnailUrl\":\"https:\/\/www.excalibur-generator.com\/wp-content\/uploads\/2024\/05\/Semi-Trash-Water-Pump.jpg\",\"datePublished\":\"2024-05-24T01:35:53+00:00\",\"description\":\"Une pompe \u00e0 eau semi-poubelle est un appareil robuste con\u00e7u pour le traitement des eaux charg\u00e9es de d\u00e9bris. Elle pompe efficacement l'eau contenant des particules solides, ce qui la rend adapt\u00e9e \u00e0 diverses applications comme la construction et la lutte contre les inondations.\",\"breadcrumb\":{\"@id\":\"https:\/\/www.excalibur-generator.com\/fr\/pompe-a-eau-semi-poubelle\/#breadcrumb\"},\"inLanguage\":\"fr-FR\",\"potentialAction\":[{\"@type\":\"ReadAction\",\"target\":[\"https:\/\/www.excalibur-generator.com\/fr\/pompe-a-eau-semi-poubelle\/\"]}]},{\"@type\":\"ImageObject\",\"inLanguage\":\"fr-FR\",\"@id\":\"https:\/\/www.excalibur-generator.com\/fr\/pompe-a-eau-semi-poubelle\/#primaryimage\",\"url\":\"https:\/\/www.excalibur-generator.com\/wp-content\/uploads\/2024\/05\/Semi-Trash-Water-Pump.jpg\",\"contentUrl\":\"https:\/\/www.excalibur-generator.com\/wp-content\/uploads\/2024\/05\/Semi-Trash-Water-Pump.jpg\",\"width\":800,\"height\":800,\"caption\":\"Pompe \u00e0 eau semi-poubelle\"},{\"@type\":\"BreadcrumbList\",\"@id\":\"https:\/\/www.excalibur-generator.com\/fr\/pompe-a-eau-semi-poubelle\/#breadcrumb\",\"itemListElement\":[{\"@type\":\"ListItem\",\"position\":1,\"name\":\"Home\",\"item\":\"https:\/\/www.excalibur-generator.com\/fr\/\"},{\"@type\":\"ListItem\",\"position\":2,\"name\":\"Produits\",\"item\":\"https:\/\/www.excalibur-generator.com\/fr\/produits\/\"},{\"@type\":\"ListItem\",\"position\":3,\"name\":\"Pompe \u00e0 eau semi-poubelle\"}]},{\"@type\":\"WebSite\",\"@id\":\"https:\/\/www.excalibur-generator.com\/fr\/#website\",\"url\":\"https:\/\/www.excalibur-generator.com\/fr\/\",\"name\":\"Excalibur Generator\",\"description\":\"\",\"publisher\":{\"@id\":\"https:\/\/www.excalibur-generator.com\/fr\/#organization\"},\"potentialAction\":[{\"@type\":\"SearchAction\",\"target\":{\"@type\":\"EntryPoint\",\"urlTemplate\":\"https:\/\/www.excalibur-generator.com\/fr\/?s={search_term_string}\"},\"query-input\":{\"@type\":\"PropertyValueSpecification\",\"valueRequired\":true,\"valueName\":\"search_term_string\"}}],\"inLanguage\":\"fr-FR\"},{\"@type\":\"Organization\",\"@id\":\"https:\/\/www.excalibur-generator.com\/fr\/#organization\",\"name\":\"Excalibur Generator\",\"url\":\"https:\/\/www.excalibur-generator.com\/fr\/\",\"logo\":{\"@type\":\"ImageObject\",\"inLanguage\":\"fr-FR\",\"@id\":\"https:\/\/www.excalibur-generator.com\/fr\/#\/schema\/logo\/image\/\",\"url\":\"https:\/\/www.excalibur-generator.com\/wp-content\/uploads\/2024\/05\/EXCALIBUR.png\",\"contentUrl\":\"https:\/\/www.excalibur-generator.com\/wp-content\/uploads\/2024\/05\/EXCALIBUR.png\",\"width\":350,\"height\":79,\"caption\":\"Excalibur Generator\"},\"image\":{\"@id\":\"https:\/\/www.excalibur-generator.com\/fr\/#\/schema\/logo\/image\/\"}}]}<\/script>\n<!-- \/ Yoast SEO plugin. -->","yoast_head_json":{"title":"Pompe \u00e0 eau semi-poubelle &#8211; Excalibur Generator","description":"Une pompe \u00e0 eau semi-poubelle est un appareil robuste con\u00e7u pour le traitement des eaux charg\u00e9es de d\u00e9bris. Elle pompe efficacement l'eau contenant des particules solides, ce qui la rend adapt\u00e9e \u00e0 diverses applications comme la construction et la lutte contre les inondations.","robots":{"index":"index","follow":"follow","max-snippet":"max-snippet:-1","max-image-preview":"max-image-preview:large","max-video-preview":"max-video-preview:-1"},"canonical":"https:\/\/www.excalibur-generator.com\/fr\/pompe-a-eau-semi-poubelle\/","schema":{"@context":"https:\/\/schema.org","@graph":[{"@type":"WebPage","@id":"https:\/\/www.excalibur-generator.com\/fr\/pompe-a-eau-semi-poubelle\/","url":"https:\/\/www.excalibur-generator.com\/fr\/pompe-a-eau-semi-poubelle\/","name":"Pompe \u00e0 eau semi-poubelle &#8211; Excalibur Generator","isPartOf":{"@id":"https:\/\/www.excalibur-generator.com\/fr\/#website"},"primaryImageOfPage":{"@id":"https:\/\/www.excalibur-generator.com\/fr\/pompe-a-eau-semi-poubelle\/#primaryimage"},"image":{"@id":"https:\/\/www.excalibur-generator.com\/fr\/pompe-a-eau-semi-poubelle\/#primaryimage"},"thumbnailUrl":"https:\/\/www.excalibur-generator.com\/wp-content\/uploads\/2024\/05\/Semi-Trash-Water-Pump.jpg","datePublished":"2024-05-24T01:35:53+00:00","description":"Une pompe \u00e0 eau semi-poubelle est un appareil robuste con\u00e7u pour le traitement des eaux charg\u00e9es de d\u00e9bris. Elle pompe efficacement l'eau contenant des particules solides, ce qui la rend adapt\u00e9e \u00e0 diverses applications comme la construction et la lutte contre les inondations.","breadcrumb":{"@id":"https:\/\/www.excalibur-generator.com\/fr\/pompe-a-eau-semi-poubelle\/#breadcrumb"},"inLanguage":"fr-FR","potentialAction":[{"@type":"ReadAction","target":["https:\/\/www.excalibur-generator.com\/fr\/pompe-a-eau-semi-poubelle\/"]}]},{"@type":"ImageObject","inLanguage":"fr-FR","@id":"https:\/\/www.excalibur-generator.com\/fr\/pompe-a-eau-semi-poubelle\/#primaryimage","url":"https:\/\/www.excalibur-generator.com\/wp-content\/uploads\/2024\/05\/Semi-Trash-Water-Pump.jpg","contentUrl":"https:\/\/www.excalibur-generator.com\/wp-content\/uploads\/2024\/05\/Semi-Trash-Water-Pump.jpg","width":800,"height":800,"caption":"Pompe \u00e0 eau semi-poubelle"},{"@type":"BreadcrumbList","@id":"https:\/\/www.excalibur-generator.com\/fr\/pompe-a-eau-semi-poubelle\/#breadcrumb","itemListElement":[{"@type":"ListItem","position":1,"name":"Home","item":"https:\/\/www.excalibur-generator.com\/fr\/"},{"@type":"ListItem","position":2,"name":"Produits","item":"https:\/\/www.excalibur-generator.com\/fr\/produits\/"},{"@type":"ListItem","position":3,"name":"Pompe \u00e0 eau semi-poubelle"}]},{"@type":"WebSite","@id":"https:\/\/www.excalibur-generator.com\/fr\/#website","url":"https:\/\/www.excalibur-generator.com\/fr\/","name":"Excalibur Generator","description":"","publisher":{"@id":"https:\/\/www.excalibur-generator.com\/fr\/#organization"},"potentialAction":[{"@type":"SearchAction","target":{"@type":"EntryPoint","urlTemplate":"https:\/\/www.excalibur-generator.com\/fr\/?s={search_term_string}"},"query-input":{"@type":"PropertyValueSpecification","valueRequired":true,"valueName":"search_term_string"}}],"inLanguage":"fr-FR"},{"@type":"Organization","@id":"https:\/\/www.excalibur-generator.com\/fr\/#organization","name":"Excalibur Generator","url":"https:\/\/www.excalibur-generator.com\/fr\/","logo":{"@type":"ImageObject","inLanguage":"fr-FR","@id":"https:\/\/www.excalibur-generator.com\/fr\/#\/schema\/logo\/image\/","url":"https:\/\/www.excalibur-generator.com\/wp-content\/uploads\/2024\/05\/EXCALIBUR.png","contentUrl":"https:\/\/www.excalibur-generator.com\/wp-content\/uploads\/2024\/05\/EXCALIBUR.png","width":350,"height":79,"caption":"Excalibur Generator"},"image":{"@id":"https:\/\/www.excalibur-generator.com\/fr\/#\/schema\/logo\/image\/"}}]}},"_links":{"self":[{"href":"https:\/\/www.excalibur-generator.com\/fr\/wp-json\/wp\/v2\/product\/7328","targetHints":{"allow":["GET"]}}],"collection":[{"href":"https:\/\/www.excalibur-generator.com\/fr\/wp-json\/wp\/v2\/product"}],"about":[{"href":"https:\/\/www.excalibur-generator.com\/fr\/wp-json\/wp\/v2\/types\/product"}],"replies":[{"embeddable":true,"href":"https:\/\/www.excalibur-generator.com\/fr\/wp-json\/wp\/v2\/comments?post=7328"}],"wp:featuredmedia":[{"embeddable":true,"href":"https:\/\/www.excalibur-generator.com\/fr\/wp-json\/wp\/v2\/media\/7329"}],"wp:attachment":[{"href":"https:\/\/www.excalibur-generator.com\/fr\/wp-json\/wp\/v2\/media?parent=7328"}],"wp:term":[{"taxonomy":"product_brand","embeddable":true,"href":"https:\/\/www.excalibur-generator.com\/fr\/wp-json\/wp\/v2\/product_brand?post=7328"},{"taxonomy":"product_cat","embeddable":true,"href":"https:\/\/www.excalibur-generator.com\/fr\/wp-json\/wp\/v2\/product_cat?post=7328"},{"taxonomy":"product_tag","embeddable":true,"href":"https:\/\/www.excalibur-generator.com\/fr\/wp-json\/wp\/v2\/product_tag?post=7328"}],"curies":[{"name":"wp","href":"https:\/\/api.w.org\/{rel}","templated":true}]}}