{"id":7330,"date":"2024-05-24T09:22:22","date_gmt":"2024-05-24T01:22:22","guid":{"rendered":"https:\/\/www.excalibur-generator.com\/pompe-a-eau-chimique\/"},"modified":"2024-05-24T09:22:22","modified_gmt":"2024-05-24T01:22:22","slug":"pompe-a-eau-chimique","status":"publish","type":"product","link":"https:\/\/www.excalibur-generator.com\/fr\/pompe-a-eau-chimique\/","title":{"rendered":"Pompe \u00e0 eau chimique"},"content":{"rendered":"<table>\n<colgroup>\n<col>\n<col span=\"3\"><\/colgroup>\n<tbody>\n<tr class=\"firstRow\">\n<td><\/td>\n<td>Mod\u00e8le<\/td>\n<td>SP50DC<\/td>\n<td>SP80DC<\/td>\n<\/tr>\n<tr>\n<td rowspan=\"4\">Pompe<\/td>\n<td>Aspiration*d\u00e9bit (mm)\/(pouce)<\/td>\n<td>50*50\/2*2<\/td>\n<td>80*80\/3*3<\/td>\n<\/tr>\n<tr>\n<td>Hauteur manom\u00e9trique nominale (m)<\/td>\n<td>36<\/td>\n<td>26<\/td>\n<\/tr>\n<tr>\n<td>Hauteur d&#8217;aspiration max. (m) <\/td>\n<td>8<\/td>\n<td>8<\/td>\n<\/tr>\n<tr>\n<td>Volume de distribution maximal (m\u00b3\/h)<\/td>\n<td>36<\/td>\n<td>65<\/td>\n<\/tr>\n<tr>\n<td rowspan=\"5\">Moteur<\/td>\n<td>Model<\/td>\n<td>S173F(E)<\/td>\n<td>S178F(E)<\/td>\n<\/tr>\n<tr>\n<td>Puissance du moteur<\/td>\n<td>6HP<\/td>\n<td>7HP<\/td>\n<\/tr>\n<tr>\n<td>Type de moteur<\/td>\n<td colspan=\"2\">Moteur diesel vertical monocylindre, 4 temps, refroidi par air<\/td>\n<\/tr>\n<tr>\n<td>Syst\u00e8me de d\u00e9marrage<\/td>\n<td colspan=\"2\">D\u00e9marrage manuel\/\u00e9lectrique<\/td>\n<\/tr>\n<tr>\n<td>R\u00e9servoir de carburant (L)<\/td>\n<td>2.5<\/td>\n<td>3.5<\/td>\n<\/tr>\n<tr>\n<td rowspan=\"3\">Ensemble de pompe<\/td>\n<td>Dur\u00e9e de fonctionnement continu (h)<\/td>\n<td>2<\/td>\n<td>2.5<\/td>\n<\/tr>\n<tr>\n<td>Poids net \/ Poids net (kg)<\/td>\n<td>34\/37<\/td>\n<td>50\/53<\/td>\n<\/tr>\n<tr>\n<td>Dimensions de l&#8217;emballage (L x l x H) (mm)<\/td>\n<td>570*420*530<\/td>\n<td>610*460*560<\/td>\n<\/tr>\n<\/tbody>\n<\/table>\n","protected":false},"excerpt":{"rendered":"<p>Mod\u00e8le SP50DC SP80DC Pompe Aspiration*d\u00e9bit (mm)\/(pouce) 50*50\/2*2 80*80\/3*3 Hauteur manom\u00e9trique nominale (m) 36 26 Hauteur d&#8217;aspiration max. (m) 8 8 Volume de distribution maximal (m\u00b3\/h) 36 65 Moteur Model S173F(E) S178F(E) Puissance du moteur 6HP 7HP Type de moteur Moteur diesel vertical monocylindre, 4 temps, refroidi par air Syst\u00e8me de d\u00e9marrage D\u00e9marrage manuel\/\u00e9lectrique R\u00e9servoir de carburant (L) 2.5 3.5 Ensemble de pompe Dur\u00e9e de fonctionnement continu (h) 2 2.5 Poids net \/ Poids net (kg) 34\/37 50\/53 Dimensions de l&#8217;emballage (L x l x H) (mm) 570*420*530 610*460*560<\/p>\n","protected":false},"featured_media":7331,"comment_status":"open","ping_status":"closed","template":"","meta":{"site-sidebar-layout":"default","site-content-layout":"","ast-site-content-layout":"default","site-content-style":"default","site-sidebar-style":"default","ast-global-header-display":"","ast-banner-title-visibility":"","ast-main-header-display":"","ast-hfb-above-header-display":"","ast-hfb-below-header-display":"","ast-hfb-mobile-header-display":"","site-post-title":"","ast-breadcrumbs-content":"","ast-featured-img":"","footer-sml-layout":"","theme-transparent-header-meta":"default","adv-header-id-meta":"","stick-header-meta":"","header-above-stick-meta":"","header-main-stick-meta":"","header-below-stick-meta":"","astra-migrate-meta-layouts":"default","ast-page-background-enabled":"default","ast-page-background-meta":{"desktop":{"background-color":"var(--ast-global-color-4)","background-image":"","background-repeat":"repeat","background-position":"center center","background-size":"auto","background-attachment":"scroll","background-type":"","background-media":"","overlay-type":"","overlay-color":"","overlay-opacity":"","overlay-gradient":""},"tablet":{"background-color":"","background-image":"","background-repeat":"repeat","background-position":"center center","background-size":"auto","background-attachment":"scroll","background-type":"","background-media":"","overlay-type":"","overlay-color":"","overlay-opacity":"","overlay-gradient":""},"mobile":{"background-color":"","background-image":"","background-repeat":"repeat","background-position":"center center","background-size":"auto","background-attachment":"scroll","background-type":"","background-media":"","overlay-type":"","overlay-color":"","overlay-opacity":"","overlay-gradient":""}},"ast-content-background-meta":{"desktop":{"background-color":"var(--ast-global-color-5)","background-image":"","background-repeat":"repeat","background-position":"center center","background-size":"auto","background-attachment":"scroll","background-type":"","background-media":"","overlay-type":"","overlay-color":"","overlay-opacity":"","overlay-gradient":""},"tablet":{"background-color":"var(--ast-global-color-5)","background-image":"","background-repeat":"repeat","background-position":"center center","background-size":"auto","background-attachment":"scroll","background-type":"","background-media":"","overlay-type":"","overlay-color":"","overlay-opacity":"","overlay-gradient":""},"mobile":{"background-color":"var(--ast-global-color-5)","background-image":"","background-repeat":"repeat","background-position":"center center","background-size":"auto","background-attachment":"scroll","background-type":"","background-media":"","overlay-type":"","overlay-color":"","overlay-opacity":"","overlay-gradient":""}}},"product_brand":[],"product_cat":[84],"product_tag":[],"class_list":{"0":"post-7330","1":"product","2":"type-product","3":"status-publish","4":"has-post-thumbnail","6":"product_cat-non-classe","7":"desktop-align-left","8":"tablet-align-left","9":"mobile-align-left","11":"first","12":"instock","13":"shipping-taxable","14":"product-type-simple"},"yoast_head":"<!-- This site is optimized with the Yoast SEO plugin v26.5 - https:\/\/yoast.com\/wordpress\/plugins\/seo\/ -->\n<title>Pompe \u00e0 eau chimique &#8211; Excalibur Generator<\/title>\n<meta name=\"description\" content=\"La pompe \u00e0 eau chimique transf\u00e8re efficacement divers liquides, garantissant un mouvement pr\u00e9cis et fiable. Con\u00e7ue pour les applications chimiques, elle offre une r\u00e9sistance \u00e0 la corrosion et des performances optimales, conformes aux normes industrielles.\" \/>\n<meta name=\"robots\" content=\"index, follow, max-snippet:-1, max-image-preview:large, max-video-preview:-1\" \/>\n<link rel=\"canonical\" href=\"https:\/\/www.excalibur-generator.com\/fr\/pompe-a-eau-chimique\/\" \/>\n<script type=\"application\/ld+json\" class=\"yoast-schema-graph\">{\"@context\":\"https:\/\/schema.org\",\"@graph\":[{\"@type\":\"WebPage\",\"@id\":\"https:\/\/www.excalibur-generator.com\/fr\/pompe-a-eau-chimique\/\",\"url\":\"https:\/\/www.excalibur-generator.com\/fr\/pompe-a-eau-chimique\/\",\"name\":\"Pompe \u00e0 eau chimique &#8211; Excalibur Generator\",\"isPartOf\":{\"@id\":\"https:\/\/www.excalibur-generator.com\/fr\/#website\"},\"primaryImageOfPage\":{\"@id\":\"https:\/\/www.excalibur-generator.com\/fr\/pompe-a-eau-chimique\/#primaryimage\"},\"image\":{\"@id\":\"https:\/\/www.excalibur-generator.com\/fr\/pompe-a-eau-chimique\/#primaryimage\"},\"thumbnailUrl\":\"https:\/\/www.excalibur-generator.com\/wp-content\/uploads\/2024\/05\/Chemical-Water-Pump.jpg\",\"datePublished\":\"2024-05-24T01:22:22+00:00\",\"description\":\"La pompe \u00e0 eau chimique transf\u00e8re efficacement divers liquides, garantissant un mouvement pr\u00e9cis et fiable. Con\u00e7ue pour les applications chimiques, elle offre une r\u00e9sistance \u00e0 la corrosion et des performances optimales, conformes aux normes industrielles.\",\"breadcrumb\":{\"@id\":\"https:\/\/www.excalibur-generator.com\/fr\/pompe-a-eau-chimique\/#breadcrumb\"},\"inLanguage\":\"fr-FR\",\"potentialAction\":[{\"@type\":\"ReadAction\",\"target\":[\"https:\/\/www.excalibur-generator.com\/fr\/pompe-a-eau-chimique\/\"]}]},{\"@type\":\"ImageObject\",\"inLanguage\":\"fr-FR\",\"@id\":\"https:\/\/www.excalibur-generator.com\/fr\/pompe-a-eau-chimique\/#primaryimage\",\"url\":\"https:\/\/www.excalibur-generator.com\/wp-content\/uploads\/2024\/05\/Chemical-Water-Pump.jpg\",\"contentUrl\":\"https:\/\/www.excalibur-generator.com\/wp-content\/uploads\/2024\/05\/Chemical-Water-Pump.jpg\",\"width\":800,\"height\":800,\"caption\":\"Pompe \u00e0 eau chimique\"},{\"@type\":\"BreadcrumbList\",\"@id\":\"https:\/\/www.excalibur-generator.com\/fr\/pompe-a-eau-chimique\/#breadcrumb\",\"itemListElement\":[{\"@type\":\"ListItem\",\"position\":1,\"name\":\"Home\",\"item\":\"https:\/\/www.excalibur-generator.com\/fr\/\"},{\"@type\":\"ListItem\",\"position\":2,\"name\":\"Produits\",\"item\":\"https:\/\/www.excalibur-generator.com\/fr\/produits\/\"},{\"@type\":\"ListItem\",\"position\":3,\"name\":\"Pompe \u00e0 eau chimique\"}]},{\"@type\":\"WebSite\",\"@id\":\"https:\/\/www.excalibur-generator.com\/fr\/#website\",\"url\":\"https:\/\/www.excalibur-generator.com\/fr\/\",\"name\":\"Excalibur Generator\",\"description\":\"\",\"publisher\":{\"@id\":\"https:\/\/www.excalibur-generator.com\/fr\/#organization\"},\"potentialAction\":[{\"@type\":\"SearchAction\",\"target\":{\"@type\":\"EntryPoint\",\"urlTemplate\":\"https:\/\/www.excalibur-generator.com\/fr\/?s={search_term_string}\"},\"query-input\":{\"@type\":\"PropertyValueSpecification\",\"valueRequired\":true,\"valueName\":\"search_term_string\"}}],\"inLanguage\":\"fr-FR\"},{\"@type\":\"Organization\",\"@id\":\"https:\/\/www.excalibur-generator.com\/fr\/#organization\",\"name\":\"Excalibur Generator\",\"url\":\"https:\/\/www.excalibur-generator.com\/fr\/\",\"logo\":{\"@type\":\"ImageObject\",\"inLanguage\":\"fr-FR\",\"@id\":\"https:\/\/www.excalibur-generator.com\/fr\/#\/schema\/logo\/image\/\",\"url\":\"https:\/\/www.excalibur-generator.com\/wp-content\/uploads\/2024\/05\/EXCALIBUR.png\",\"contentUrl\":\"https:\/\/www.excalibur-generator.com\/wp-content\/uploads\/2024\/05\/EXCALIBUR.png\",\"width\":350,\"height\":79,\"caption\":\"Excalibur Generator\"},\"image\":{\"@id\":\"https:\/\/www.excalibur-generator.com\/fr\/#\/schema\/logo\/image\/\"}}]}<\/script>\n<!-- \/ Yoast SEO plugin. -->","yoast_head_json":{"title":"Pompe \u00e0 eau chimique &#8211; Excalibur Generator","description":"La pompe \u00e0 eau chimique transf\u00e8re efficacement divers liquides, garantissant un mouvement pr\u00e9cis et fiable. Con\u00e7ue pour les applications chimiques, elle offre une r\u00e9sistance \u00e0 la corrosion et des performances optimales, conformes aux normes industrielles.","robots":{"index":"index","follow":"follow","max-snippet":"max-snippet:-1","max-image-preview":"max-image-preview:large","max-video-preview":"max-video-preview:-1"},"canonical":"https:\/\/www.excalibur-generator.com\/fr\/pompe-a-eau-chimique\/","schema":{"@context":"https:\/\/schema.org","@graph":[{"@type":"WebPage","@id":"https:\/\/www.excalibur-generator.com\/fr\/pompe-a-eau-chimique\/","url":"https:\/\/www.excalibur-generator.com\/fr\/pompe-a-eau-chimique\/","name":"Pompe \u00e0 eau chimique &#8211; Excalibur Generator","isPartOf":{"@id":"https:\/\/www.excalibur-generator.com\/fr\/#website"},"primaryImageOfPage":{"@id":"https:\/\/www.excalibur-generator.com\/fr\/pompe-a-eau-chimique\/#primaryimage"},"image":{"@id":"https:\/\/www.excalibur-generator.com\/fr\/pompe-a-eau-chimique\/#primaryimage"},"thumbnailUrl":"https:\/\/www.excalibur-generator.com\/wp-content\/uploads\/2024\/05\/Chemical-Water-Pump.jpg","datePublished":"2024-05-24T01:22:22+00:00","description":"La pompe \u00e0 eau chimique transf\u00e8re efficacement divers liquides, garantissant un mouvement pr\u00e9cis et fiable. Con\u00e7ue pour les applications chimiques, elle offre une r\u00e9sistance \u00e0 la corrosion et des performances optimales, conformes aux normes industrielles.","breadcrumb":{"@id":"https:\/\/www.excalibur-generator.com\/fr\/pompe-a-eau-chimique\/#breadcrumb"},"inLanguage":"fr-FR","potentialAction":[{"@type":"ReadAction","target":["https:\/\/www.excalibur-generator.com\/fr\/pompe-a-eau-chimique\/"]}]},{"@type":"ImageObject","inLanguage":"fr-FR","@id":"https:\/\/www.excalibur-generator.com\/fr\/pompe-a-eau-chimique\/#primaryimage","url":"https:\/\/www.excalibur-generator.com\/wp-content\/uploads\/2024\/05\/Chemical-Water-Pump.jpg","contentUrl":"https:\/\/www.excalibur-generator.com\/wp-content\/uploads\/2024\/05\/Chemical-Water-Pump.jpg","width":800,"height":800,"caption":"Pompe \u00e0 eau chimique"},{"@type":"BreadcrumbList","@id":"https:\/\/www.excalibur-generator.com\/fr\/pompe-a-eau-chimique\/#breadcrumb","itemListElement":[{"@type":"ListItem","position":1,"name":"Home","item":"https:\/\/www.excalibur-generator.com\/fr\/"},{"@type":"ListItem","position":2,"name":"Produits","item":"https:\/\/www.excalibur-generator.com\/fr\/produits\/"},{"@type":"ListItem","position":3,"name":"Pompe \u00e0 eau chimique"}]},{"@type":"WebSite","@id":"https:\/\/www.excalibur-generator.com\/fr\/#website","url":"https:\/\/www.excalibur-generator.com\/fr\/","name":"Excalibur Generator","description":"","publisher":{"@id":"https:\/\/www.excalibur-generator.com\/fr\/#organization"},"potentialAction":[{"@type":"SearchAction","target":{"@type":"EntryPoint","urlTemplate":"https:\/\/www.excalibur-generator.com\/fr\/?s={search_term_string}"},"query-input":{"@type":"PropertyValueSpecification","valueRequired":true,"valueName":"search_term_string"}}],"inLanguage":"fr-FR"},{"@type":"Organization","@id":"https:\/\/www.excalibur-generator.com\/fr\/#organization","name":"Excalibur Generator","url":"https:\/\/www.excalibur-generator.com\/fr\/","logo":{"@type":"ImageObject","inLanguage":"fr-FR","@id":"https:\/\/www.excalibur-generator.com\/fr\/#\/schema\/logo\/image\/","url":"https:\/\/www.excalibur-generator.com\/wp-content\/uploads\/2024\/05\/EXCALIBUR.png","contentUrl":"https:\/\/www.excalibur-generator.com\/wp-content\/uploads\/2024\/05\/EXCALIBUR.png","width":350,"height":79,"caption":"Excalibur Generator"},"image":{"@id":"https:\/\/www.excalibur-generator.com\/fr\/#\/schema\/logo\/image\/"}}]}},"_links":{"self":[{"href":"https:\/\/www.excalibur-generator.com\/fr\/wp-json\/wp\/v2\/product\/7330","targetHints":{"allow":["GET"]}}],"collection":[{"href":"https:\/\/www.excalibur-generator.com\/fr\/wp-json\/wp\/v2\/product"}],"about":[{"href":"https:\/\/www.excalibur-generator.com\/fr\/wp-json\/wp\/v2\/types\/product"}],"replies":[{"embeddable":true,"href":"https:\/\/www.excalibur-generator.com\/fr\/wp-json\/wp\/v2\/comments?post=7330"}],"wp:featuredmedia":[{"embeddable":true,"href":"https:\/\/www.excalibur-generator.com\/fr\/wp-json\/wp\/v2\/media\/7331"}],"wp:attachment":[{"href":"https:\/\/www.excalibur-generator.com\/fr\/wp-json\/wp\/v2\/media?parent=7330"}],"wp:term":[{"taxonomy":"product_brand","embeddable":true,"href":"https:\/\/www.excalibur-generator.com\/fr\/wp-json\/wp\/v2\/product_brand?post=7330"},{"taxonomy":"product_cat","embeddable":true,"href":"https:\/\/www.excalibur-generator.com\/fr\/wp-json\/wp\/v2\/product_cat?post=7330"},{"taxonomy":"product_tag","embeddable":true,"href":"https:\/\/www.excalibur-generator.com\/fr\/wp-json\/wp\/v2\/product_tag?post=7330"}],"curies":[{"name":"wp","href":"https:\/\/api.w.org\/{rel}","templated":true}]}}