{"id":7332,"date":"2024-05-23T17:27:11","date_gmt":"2024-05-23T09:27:11","guid":{"rendered":"https:\/\/www.excalibur-generator.com\/pompe-a-eau-a-arbre-flexible\/"},"modified":"2024-05-23T17:27:11","modified_gmt":"2024-05-23T09:27:11","slug":"pompe-a-eau-a-arbre-flexible","status":"publish","type":"product","link":"https:\/\/www.excalibur-generator.com\/fr\/pompe-a-eau-a-arbre-flexible\/","title":{"rendered":"Pompe \u00e0 eau \u00e0 arbre flexible"},"content":{"rendered":"<table>\n<tbody>\n<tr class=\"firstRow\">\n<td>Mod\u00e8le<\/td>\n<td>SFP50<\/td>\n<td>SFP80<\/td>\n<\/tr>\n<tr>\n<td>Diam\u00e8tre de refoulement (mm)<\/td>\n<td>50<\/td>\n<td>80<\/td>\n<\/tr>\n<tr>\n<td>Arbre flexible (m)<\/td>\n<td>6<\/td>\n<td>6<\/td>\n<\/tr>\n<tr>\n<td>Type de jointure<\/td>\n<td colspan=\"2\">TYPE DE BROCHE : TYPE PAPILLON<\/td>\n<\/tr>\n<tr>\n<td>Port\u00e9e maximale (m)<\/td>\n<td>16<\/td>\n<td>12<\/td>\n<\/tr>\n<tr>\n<td>Volume de refoulement maximal (m3\/h)<\/td>\n<td>25<\/td>\n<td>40<\/td>\n<\/tr>\n<tr>\n<td>Mod\u00e8le de moteur<\/td>\n<td colspan=\"2\">S20<\/td>\n<\/tr>\n<tr>\n<td>Capacit\u00e9 du r\u00e9servoir de carburant (L)<\/td>\n<td>3.8<\/td>\n<td>3.8<\/td>\n<\/tr>\n<tr>\n<td>Syst\u00e8me de d\u00e9marrage<\/td>\n<td colspan=\"2\">D\u00e9marreur \u00e0 rappel<\/td>\n<\/tr>\n<tr>\n<td>Dimensions de l&#8217;emballage (L x l x H) mm<\/td>\n<td colspan=\"2\">515*380*515<\/td>\n<\/tr>\n<tr>\n<td>Poids net (KG)<\/td>\n<td>22<\/td>\n<td>24<\/td>\n<\/tr>\n<\/tbody>\n<\/table>\n","protected":false},"excerpt":{"rendered":"<p>Mod\u00e8le SFP50 SFP80 Diam\u00e8tre de refoulement (mm) 50 80 Arbre flexible (m) 6 6 Type de jointure TYPE DE BROCHE : TYPE PAPILLON Port\u00e9e maximale (m) 16 12 Volume de refoulement maximal (m3\/h) 25 40 Mod\u00e8le de moteur S20 Capacit\u00e9 du r\u00e9servoir de carburant (L) 3.8 3.8 Syst\u00e8me de d\u00e9marrage D\u00e9marreur \u00e0 rappel Dimensions de l&#8217;emballage (L x l x H) mm 515*380*515 Poids net (KG) 22 24<\/p>\n","protected":false},"featured_media":7333,"comment_status":"open","ping_status":"closed","template":"","meta":{"site-sidebar-layout":"default","site-content-layout":"","ast-site-content-layout":"default","site-content-style":"default","site-sidebar-style":"default","ast-global-header-display":"","ast-banner-title-visibility":"","ast-main-header-display":"","ast-hfb-above-header-display":"","ast-hfb-below-header-display":"","ast-hfb-mobile-header-display":"","site-post-title":"","ast-breadcrumbs-content":"","ast-featured-img":"","footer-sml-layout":"","theme-transparent-header-meta":"default","adv-header-id-meta":"","stick-header-meta":"","header-above-stick-meta":"","header-main-stick-meta":"","header-below-stick-meta":"","astra-migrate-meta-layouts":"default","ast-page-background-enabled":"default","ast-page-background-meta":{"desktop":{"background-color":"var(--ast-global-color-4)","background-image":"","background-repeat":"repeat","background-position":"center center","background-size":"auto","background-attachment":"scroll","background-type":"","background-media":"","overlay-type":"","overlay-color":"","overlay-opacity":"","overlay-gradient":""},"tablet":{"background-color":"","background-image":"","background-repeat":"repeat","background-position":"center center","background-size":"auto","background-attachment":"scroll","background-type":"","background-media":"","overlay-type":"","overlay-color":"","overlay-opacity":"","overlay-gradient":""},"mobile":{"background-color":"","background-image":"","background-repeat":"repeat","background-position":"center center","background-size":"auto","background-attachment":"scroll","background-type":"","background-media":"","overlay-type":"","overlay-color":"","overlay-opacity":"","overlay-gradient":""}},"ast-content-background-meta":{"desktop":{"background-color":"var(--ast-global-color-5)","background-image":"","background-repeat":"repeat","background-position":"center center","background-size":"auto","background-attachment":"scroll","background-type":"","background-media":"","overlay-type":"","overlay-color":"","overlay-opacity":"","overlay-gradient":""},"tablet":{"background-color":"var(--ast-global-color-5)","background-image":"","background-repeat":"repeat","background-position":"center center","background-size":"auto","background-attachment":"scroll","background-type":"","background-media":"","overlay-type":"","overlay-color":"","overlay-opacity":"","overlay-gradient":""},"mobile":{"background-color":"var(--ast-global-color-5)","background-image":"","background-repeat":"repeat","background-position":"center center","background-size":"auto","background-attachment":"scroll","background-type":"","background-media":"","overlay-type":"","overlay-color":"","overlay-opacity":"","overlay-gradient":""}}},"product_brand":[],"product_cat":[84],"product_tag":[],"class_list":{"0":"post-7332","1":"product","2":"type-product","3":"status-publish","4":"has-post-thumbnail","6":"product_cat-non-classe","7":"desktop-align-left","8":"tablet-align-left","9":"mobile-align-left","11":"first","12":"instock","13":"shipping-taxable","14":"product-type-simple"},"yoast_head":"<!-- This site is optimized with the Yoast SEO plugin v26.5 - https:\/\/yoast.com\/wordpress\/plugins\/seo\/ -->\n<title>Pompe \u00e0 eau \u00e0 arbre flexible &#8211; Excalibur Generator<\/title>\n<meta name=\"description\" content=\"Une pompe \u00e0 eau \u00e0 arbre flexible est un appareil polyvalent con\u00e7u pour diverses applications de transfert d&#039;eau. Son arbre flexible permet un pompage efficace dans les zones difficiles d&#039;acc\u00e8s, offrant commodit\u00e9 et adaptabilit\u00e9.\" \/>\n<meta name=\"robots\" content=\"index, follow, max-snippet:-1, max-image-preview:large, max-video-preview:-1\" \/>\n<link rel=\"canonical\" href=\"https:\/\/www.excalibur-generator.com\/fr\/pompe-a-eau-a-arbre-flexible\/\" \/>\n<script type=\"application\/ld+json\" class=\"yoast-schema-graph\">{\"@context\":\"https:\/\/schema.org\",\"@graph\":[{\"@type\":\"WebPage\",\"@id\":\"https:\/\/www.excalibur-generator.com\/fr\/pompe-a-eau-a-arbre-flexible\/\",\"url\":\"https:\/\/www.excalibur-generator.com\/fr\/pompe-a-eau-a-arbre-flexible\/\",\"name\":\"Pompe \u00e0 eau \u00e0 arbre flexible &#8211; Excalibur Generator\",\"isPartOf\":{\"@id\":\"https:\/\/www.excalibur-generator.com\/fr\/#website\"},\"primaryImageOfPage\":{\"@id\":\"https:\/\/www.excalibur-generator.com\/fr\/pompe-a-eau-a-arbre-flexible\/#primaryimage\"},\"image\":{\"@id\":\"https:\/\/www.excalibur-generator.com\/fr\/pompe-a-eau-a-arbre-flexible\/#primaryimage\"},\"thumbnailUrl\":\"https:\/\/www.excalibur-generator.com\/wp-content\/uploads\/2024\/05\/Flexible-Shaft-Water-Pump.jpg\",\"datePublished\":\"2024-05-23T09:27:11+00:00\",\"description\":\"Une pompe \u00e0 eau \u00e0 arbre flexible est un appareil polyvalent con\u00e7u pour diverses applications de transfert d'eau. Son arbre flexible permet un pompage efficace dans les zones difficiles d'acc\u00e8s, offrant commodit\u00e9 et adaptabilit\u00e9.\",\"breadcrumb\":{\"@id\":\"https:\/\/www.excalibur-generator.com\/fr\/pompe-a-eau-a-arbre-flexible\/#breadcrumb\"},\"inLanguage\":\"fr-FR\",\"potentialAction\":[{\"@type\":\"ReadAction\",\"target\":[\"https:\/\/www.excalibur-generator.com\/fr\/pompe-a-eau-a-arbre-flexible\/\"]}]},{\"@type\":\"ImageObject\",\"inLanguage\":\"fr-FR\",\"@id\":\"https:\/\/www.excalibur-generator.com\/fr\/pompe-a-eau-a-arbre-flexible\/#primaryimage\",\"url\":\"https:\/\/www.excalibur-generator.com\/wp-content\/uploads\/2024\/05\/Flexible-Shaft-Water-Pump.jpg\",\"contentUrl\":\"https:\/\/www.excalibur-generator.com\/wp-content\/uploads\/2024\/05\/Flexible-Shaft-Water-Pump.jpg\",\"width\":800,\"height\":800,\"caption\":\"Pompe \u00e0 eau \u00e0 arbre flexible\"},{\"@type\":\"BreadcrumbList\",\"@id\":\"https:\/\/www.excalibur-generator.com\/fr\/pompe-a-eau-a-arbre-flexible\/#breadcrumb\",\"itemListElement\":[{\"@type\":\"ListItem\",\"position\":1,\"name\":\"Home\",\"item\":\"https:\/\/www.excalibur-generator.com\/fr\/\"},{\"@type\":\"ListItem\",\"position\":2,\"name\":\"Produits\",\"item\":\"https:\/\/www.excalibur-generator.com\/fr\/produits\/\"},{\"@type\":\"ListItem\",\"position\":3,\"name\":\"Pompe \u00e0 eau \u00e0 arbre flexible\"}]},{\"@type\":\"WebSite\",\"@id\":\"https:\/\/www.excalibur-generator.com\/fr\/#website\",\"url\":\"https:\/\/www.excalibur-generator.com\/fr\/\",\"name\":\"Excalibur Generator\",\"description\":\"\",\"publisher\":{\"@id\":\"https:\/\/www.excalibur-generator.com\/fr\/#organization\"},\"potentialAction\":[{\"@type\":\"SearchAction\",\"target\":{\"@type\":\"EntryPoint\",\"urlTemplate\":\"https:\/\/www.excalibur-generator.com\/fr\/?s={search_term_string}\"},\"query-input\":{\"@type\":\"PropertyValueSpecification\",\"valueRequired\":true,\"valueName\":\"search_term_string\"}}],\"inLanguage\":\"fr-FR\"},{\"@type\":\"Organization\",\"@id\":\"https:\/\/www.excalibur-generator.com\/fr\/#organization\",\"name\":\"Excalibur Generator\",\"url\":\"https:\/\/www.excalibur-generator.com\/fr\/\",\"logo\":{\"@type\":\"ImageObject\",\"inLanguage\":\"fr-FR\",\"@id\":\"https:\/\/www.excalibur-generator.com\/fr\/#\/schema\/logo\/image\/\",\"url\":\"https:\/\/www.excalibur-generator.com\/wp-content\/uploads\/2024\/05\/EXCALIBUR.png\",\"contentUrl\":\"https:\/\/www.excalibur-generator.com\/wp-content\/uploads\/2024\/05\/EXCALIBUR.png\",\"width\":350,\"height\":79,\"caption\":\"Excalibur Generator\"},\"image\":{\"@id\":\"https:\/\/www.excalibur-generator.com\/fr\/#\/schema\/logo\/image\/\"}}]}<\/script>\n<!-- \/ Yoast SEO plugin. -->","yoast_head_json":{"title":"Pompe \u00e0 eau \u00e0 arbre flexible &#8211; Excalibur Generator","description":"Une pompe \u00e0 eau \u00e0 arbre flexible est un appareil polyvalent con\u00e7u pour diverses applications de transfert d'eau. Son arbre flexible permet un pompage efficace dans les zones difficiles d'acc\u00e8s, offrant commodit\u00e9 et adaptabilit\u00e9.","robots":{"index":"index","follow":"follow","max-snippet":"max-snippet:-1","max-image-preview":"max-image-preview:large","max-video-preview":"max-video-preview:-1"},"canonical":"https:\/\/www.excalibur-generator.com\/fr\/pompe-a-eau-a-arbre-flexible\/","schema":{"@context":"https:\/\/schema.org","@graph":[{"@type":"WebPage","@id":"https:\/\/www.excalibur-generator.com\/fr\/pompe-a-eau-a-arbre-flexible\/","url":"https:\/\/www.excalibur-generator.com\/fr\/pompe-a-eau-a-arbre-flexible\/","name":"Pompe \u00e0 eau \u00e0 arbre flexible &#8211; Excalibur Generator","isPartOf":{"@id":"https:\/\/www.excalibur-generator.com\/fr\/#website"},"primaryImageOfPage":{"@id":"https:\/\/www.excalibur-generator.com\/fr\/pompe-a-eau-a-arbre-flexible\/#primaryimage"},"image":{"@id":"https:\/\/www.excalibur-generator.com\/fr\/pompe-a-eau-a-arbre-flexible\/#primaryimage"},"thumbnailUrl":"https:\/\/www.excalibur-generator.com\/wp-content\/uploads\/2024\/05\/Flexible-Shaft-Water-Pump.jpg","datePublished":"2024-05-23T09:27:11+00:00","description":"Une pompe \u00e0 eau \u00e0 arbre flexible est un appareil polyvalent con\u00e7u pour diverses applications de transfert d'eau. Son arbre flexible permet un pompage efficace dans les zones difficiles d'acc\u00e8s, offrant commodit\u00e9 et adaptabilit\u00e9.","breadcrumb":{"@id":"https:\/\/www.excalibur-generator.com\/fr\/pompe-a-eau-a-arbre-flexible\/#breadcrumb"},"inLanguage":"fr-FR","potentialAction":[{"@type":"ReadAction","target":["https:\/\/www.excalibur-generator.com\/fr\/pompe-a-eau-a-arbre-flexible\/"]}]},{"@type":"ImageObject","inLanguage":"fr-FR","@id":"https:\/\/www.excalibur-generator.com\/fr\/pompe-a-eau-a-arbre-flexible\/#primaryimage","url":"https:\/\/www.excalibur-generator.com\/wp-content\/uploads\/2024\/05\/Flexible-Shaft-Water-Pump.jpg","contentUrl":"https:\/\/www.excalibur-generator.com\/wp-content\/uploads\/2024\/05\/Flexible-Shaft-Water-Pump.jpg","width":800,"height":800,"caption":"Pompe \u00e0 eau \u00e0 arbre flexible"},{"@type":"BreadcrumbList","@id":"https:\/\/www.excalibur-generator.com\/fr\/pompe-a-eau-a-arbre-flexible\/#breadcrumb","itemListElement":[{"@type":"ListItem","position":1,"name":"Home","item":"https:\/\/www.excalibur-generator.com\/fr\/"},{"@type":"ListItem","position":2,"name":"Produits","item":"https:\/\/www.excalibur-generator.com\/fr\/produits\/"},{"@type":"ListItem","position":3,"name":"Pompe \u00e0 eau \u00e0 arbre flexible"}]},{"@type":"WebSite","@id":"https:\/\/www.excalibur-generator.com\/fr\/#website","url":"https:\/\/www.excalibur-generator.com\/fr\/","name":"Excalibur Generator","description":"","publisher":{"@id":"https:\/\/www.excalibur-generator.com\/fr\/#organization"},"potentialAction":[{"@type":"SearchAction","target":{"@type":"EntryPoint","urlTemplate":"https:\/\/www.excalibur-generator.com\/fr\/?s={search_term_string}"},"query-input":{"@type":"PropertyValueSpecification","valueRequired":true,"valueName":"search_term_string"}}],"inLanguage":"fr-FR"},{"@type":"Organization","@id":"https:\/\/www.excalibur-generator.com\/fr\/#organization","name":"Excalibur Generator","url":"https:\/\/www.excalibur-generator.com\/fr\/","logo":{"@type":"ImageObject","inLanguage":"fr-FR","@id":"https:\/\/www.excalibur-generator.com\/fr\/#\/schema\/logo\/image\/","url":"https:\/\/www.excalibur-generator.com\/wp-content\/uploads\/2024\/05\/EXCALIBUR.png","contentUrl":"https:\/\/www.excalibur-generator.com\/wp-content\/uploads\/2024\/05\/EXCALIBUR.png","width":350,"height":79,"caption":"Excalibur Generator"},"image":{"@id":"https:\/\/www.excalibur-generator.com\/fr\/#\/schema\/logo\/image\/"}}]}},"_links":{"self":[{"href":"https:\/\/www.excalibur-generator.com\/fr\/wp-json\/wp\/v2\/product\/7332","targetHints":{"allow":["GET"]}}],"collection":[{"href":"https:\/\/www.excalibur-generator.com\/fr\/wp-json\/wp\/v2\/product"}],"about":[{"href":"https:\/\/www.excalibur-generator.com\/fr\/wp-json\/wp\/v2\/types\/product"}],"replies":[{"embeddable":true,"href":"https:\/\/www.excalibur-generator.com\/fr\/wp-json\/wp\/v2\/comments?post=7332"}],"wp:featuredmedia":[{"embeddable":true,"href":"https:\/\/www.excalibur-generator.com\/fr\/wp-json\/wp\/v2\/media\/7333"}],"wp:attachment":[{"href":"https:\/\/www.excalibur-generator.com\/fr\/wp-json\/wp\/v2\/media?parent=7332"}],"wp:term":[{"taxonomy":"product_brand","embeddable":true,"href":"https:\/\/www.excalibur-generator.com\/fr\/wp-json\/wp\/v2\/product_brand?post=7332"},{"taxonomy":"product_cat","embeddable":true,"href":"https:\/\/www.excalibur-generator.com\/fr\/wp-json\/wp\/v2\/product_cat?post=7332"},{"taxonomy":"product_tag","embeddable":true,"href":"https:\/\/www.excalibur-generator.com\/fr\/wp-json\/wp\/v2\/product_tag?post=7332"}],"curies":[{"name":"wp","href":"https:\/\/api.w.org\/{rel}","templated":true}]}}