{"id":7336,"date":"2024-05-23T17:15:08","date_gmt":"2024-05-23T09:15:08","guid":{"rendered":"https:\/\/www.excalibur-generator.com\/pompe-a-eau-claire-diesel\/"},"modified":"2024-05-23T17:15:08","modified_gmt":"2024-05-23T09:15:08","slug":"pompe-a-eau-claire-diesel","status":"publish","type":"product","link":"https:\/\/www.excalibur-generator.com\/fr\/pompe-a-eau-claire-diesel\/","title":{"rendered":"Pompe \u00e0 eau claire diesel"},"content":{"rendered":"<table>\n<colgroup>\n<col>\n<col span=\"2\">\n<col>\n<col>\n<col span=\"2\">\n<col span=\"2\"><\/colgroup>\n<tbody>\n<tr class=\"firstRow\">\n<td>Mod\u00e8le<\/td>\n<td>SP205D(E)<\/td>\n<td>SP205D(E)-1<\/td>\n<td>SP305D(E)<\/td>\n<td>SP305D(E)-1<\/td>\n<td>SP405D(E)<\/td>\n<td>SP405D(E)-1<\/td>\n<td>SP605D(E)-1<\/td>\n<td>SP805D(E)-1<\/td>\n<\/tr>\n<tr>\n<td>Taper<\/td>\n<td colspan=\"8\">Pompe centrifuge auto-amor\u00e7ante<\/td>\n<\/tr>\n<tr>\n<td>Aspiration*d\u00e9bit (mm)(pouce)<\/td>\n<td colspan=\"2\">50*50\/2*2<\/td>\n<td colspan=\"2\">80*80\/3*3<\/td>\n<td colspan=\"2\">100*100\/4*4<\/td>\n<td>155*155\/6*6<\/td>\n<td>200*200\/8*8<\/td>\n<\/tr>\n<tr>\n<td>Hauteur manom\u00e9trique totale (m)<\/td>\n<td colspan=\"2\">46<\/td>\n<td colspan=\"2\">32<\/td>\n<td colspan=\"2\">25<\/td>\n<td>15<\/td>\n<td>25<\/td>\n<\/tr>\n<tr>\n<td>Hauteur d&#8217;aspiration (m)<\/td>\n<td colspan=\"2\">8<\/td>\n<td colspan=\"2\">8<\/td>\n<td colspan=\"2\">8<\/td>\n<td>8<\/td>\n<td>5<\/td>\n<\/tr>\n<tr>\n<td>Volume de refoulement maximal (m\u00b3\/h)<\/td>\n<td colspan=\"2\">36<\/td>\n<td colspan=\"2\">60<\/td>\n<td colspan=\"2\">80<\/td>\n<td>200<\/td>\n<td>242<\/td>\n<\/tr>\n<tr>\n<td>Garniture m\u00e9canique<\/td>\n<td><\/td>\n<td><\/td>\n<td><\/td>\n<td><\/td>\n<td>Carbone c\u00e9ramique<\/td>\n<td><\/td>\n<td><\/td>\n<td><\/td>\n<\/tr>\n<tr>\n<td>Mod\u00e8le de moteur<\/td>\n<td colspan=\"2\">S173F(E)<\/td>\n<td colspan=\"2\">S178F(E)<\/td>\n<td colspan=\"2\">S186FA(E)<\/td>\n<td>S192F(E)<\/td>\n<td>SV292FE<\/td>\n<\/tr>\n<tr>\n<td>Capacit\u00e9 du r\u00e9servoir de carburant (L)<\/td>\n<td>2.5<\/td>\n<td>12.5<\/td>\n<td>3.5<\/td>\n<td>12.5<\/td>\n<td>5.5<\/td>\n<td>12.5<\/td>\n<td>12.5<\/td>\n<td>25<\/td>\n<\/tr>\n<tr>\n<td>Syst\u00e8me de d\u00e9marrage<\/td>\n<td><\/td>\n<td><\/td>\n<td colspan=\"2\">D\u00e9marrage manuel\/d\u00e9marrage \u00e9lectrique<\/td>\n<td><\/td>\n<td><\/td>\n<td>d\u00e9marrage \u00e9lectrique<\/td>\n<td>D\u00e9marrage \u00e9lectrique<\/td>\n<\/tr>\n<tr>\n<td>Dimensions de l&#8217;emballage (L x l x H) mm<\/td>\n<td>520*420*380<\/td>\n<td>535*465*615<\/td>\n<td>570*465*560<\/td>\n<td>590*465*660<\/td>\n<td>590*465*660<\/td>\n<td>690*510*720<\/td>\n<td>785*600*790<\/td>\n<td>1045*715*980<\/td>\n<\/tr>\n<tr>\n<td>Poids net (KG)<\/td>\n<td>32<\/td>\n<td>38<\/td>\n<td>45<\/td>\n<td>50<\/td>\n<td>64<\/td>\n<td>70<\/td>\n<td>130<\/td>\n<td>180<\/td>\n<\/tr>\n<\/tbody>\n<\/table>\n","protected":false},"excerpt":{"rendered":"<p>Mod\u00e8le SP205D(E) SP205D(E)-1 SP305D(E) SP305D(E)-1 SP405D(E) SP405D(E)-1 SP605D(E)-1 SP805D(E)-1 Taper Pompe centrifuge auto-amor\u00e7ante Aspiration*d\u00e9bit (mm)(pouce) 50*50\/2*2 80*80\/3*3 100*100\/4*4 155*155\/6*6 200*200\/8*8 Hauteur manom\u00e9trique totale (m) 46 32 25 15 25 Hauteur d&#8217;aspiration (m) 8 8 8 8 5 Volume de refoulement maximal (m\u00b3\/h) 36 60 80 200 242 Garniture m\u00e9canique Carbone c\u00e9ramique Mod\u00e8le de moteur S173F(E) S178F(E) S186FA(E) S192F(E) SV292FE Capacit\u00e9 du r\u00e9servoir de carburant (L) 2.5 12.5 3.5 12.5 5.5 12.5 12.5 25 Syst\u00e8me de d\u00e9marrage D\u00e9marrage manuel\/d\u00e9marrage \u00e9lectrique d\u00e9marrage \u00e9lectrique D\u00e9marrage \u00e9lectrique Dimensions de l&#8217;emballage (L x l x H) mm 520*420*380 535*465*615 570*465*560 590*465*660 590*465*660 690*510*720 785*600*790 1045*715*980 Poids net (KG) 32 38 45 50 64 70 130 180<\/p>\n","protected":false},"featured_media":7337,"comment_status":"open","ping_status":"closed","template":"","meta":{"site-sidebar-layout":"default","site-content-layout":"","ast-site-content-layout":"default","site-content-style":"default","site-sidebar-style":"default","ast-global-header-display":"","ast-banner-title-visibility":"","ast-main-header-display":"","ast-hfb-above-header-display":"","ast-hfb-below-header-display":"","ast-hfb-mobile-header-display":"","site-post-title":"","ast-breadcrumbs-content":"","ast-featured-img":"","footer-sml-layout":"","theme-transparent-header-meta":"default","adv-header-id-meta":"","stick-header-meta":"","header-above-stick-meta":"","header-main-stick-meta":"","header-below-stick-meta":"","astra-migrate-meta-layouts":"default","ast-page-background-enabled":"default","ast-page-background-meta":{"desktop":{"background-color":"var(--ast-global-color-4)","background-image":"","background-repeat":"repeat","background-position":"center center","background-size":"auto","background-attachment":"scroll","background-type":"","background-media":"","overlay-type":"","overlay-color":"","overlay-opacity":"","overlay-gradient":""},"tablet":{"background-color":"","background-image":"","background-repeat":"repeat","background-position":"center center","background-size":"auto","background-attachment":"scroll","background-type":"","background-media":"","overlay-type":"","overlay-color":"","overlay-opacity":"","overlay-gradient":""},"mobile":{"background-color":"","background-image":"","background-repeat":"repeat","background-position":"center center","background-size":"auto","background-attachment":"scroll","background-type":"","background-media":"","overlay-type":"","overlay-color":"","overlay-opacity":"","overlay-gradient":""}},"ast-content-background-meta":{"desktop":{"background-color":"var(--ast-global-color-5)","background-image":"","background-repeat":"repeat","background-position":"center center","background-size":"auto","background-attachment":"scroll","background-type":"","background-media":"","overlay-type":"","overlay-color":"","overlay-opacity":"","overlay-gradient":""},"tablet":{"background-color":"var(--ast-global-color-5)","background-image":"","background-repeat":"repeat","background-position":"center center","background-size":"auto","background-attachment":"scroll","background-type":"","background-media":"","overlay-type":"","overlay-color":"","overlay-opacity":"","overlay-gradient":""},"mobile":{"background-color":"var(--ast-global-color-5)","background-image":"","background-repeat":"repeat","background-position":"center center","background-size":"auto","background-attachment":"scroll","background-type":"","background-media":"","overlay-type":"","overlay-color":"","overlay-opacity":"","overlay-gradient":""}}},"product_brand":[],"product_cat":[84],"product_tag":[],"class_list":{"0":"post-7336","1":"product","2":"type-product","3":"status-publish","4":"has-post-thumbnail","6":"product_cat-non-classe","7":"desktop-align-left","8":"tablet-align-left","9":"mobile-align-left","11":"first","12":"instock","13":"shipping-taxable","14":"product-type-simple"},"yoast_head":"<!-- This site is optimized with the Yoast SEO plugin v26.5 - https:\/\/yoast.com\/wordpress\/plugins\/seo\/ -->\n<title>Pompe \u00e0 eau claire diesel &#8211; Excalibur Generator<\/title>\n<meta name=\"description\" content=\"La pompe \u00e0 eau claire diesel est un appareil robuste et efficace con\u00e7u pour le transfert d&#039;eau claire. Aliment\u00e9e au diesel, elle offre des performances fiables dans diverses applications de pompage d&#039;eau.\" \/>\n<meta name=\"robots\" content=\"index, follow, max-snippet:-1, max-image-preview:large, max-video-preview:-1\" \/>\n<link rel=\"canonical\" href=\"https:\/\/www.excalibur-generator.com\/fr\/pompe-a-eau-claire-diesel\/\" \/>\n<meta name=\"twitter:label1\" content=\"Dur\u00e9e de lecture estim\u00e9e\" \/>\n\t<meta name=\"twitter:data1\" content=\"1 minute\" \/>\n<script type=\"application\/ld+json\" class=\"yoast-schema-graph\">{\"@context\":\"https:\/\/schema.org\",\"@graph\":[{\"@type\":\"WebPage\",\"@id\":\"https:\/\/www.excalibur-generator.com\/fr\/pompe-a-eau-claire-diesel\/\",\"url\":\"https:\/\/www.excalibur-generator.com\/fr\/pompe-a-eau-claire-diesel\/\",\"name\":\"Pompe \u00e0 eau claire diesel &#8211; Excalibur Generator\",\"isPartOf\":{\"@id\":\"https:\/\/www.excalibur-generator.com\/fr\/#website\"},\"primaryImageOfPage\":{\"@id\":\"https:\/\/www.excalibur-generator.com\/fr\/pompe-a-eau-claire-diesel\/#primaryimage\"},\"image\":{\"@id\":\"https:\/\/www.excalibur-generator.com\/fr\/pompe-a-eau-claire-diesel\/#primaryimage\"},\"thumbnailUrl\":\"https:\/\/www.excalibur-generator.com\/wp-content\/uploads\/2024\/05\/Diesel-Clear-Water-Pump.jpg\",\"datePublished\":\"2024-05-23T09:15:08+00:00\",\"description\":\"La pompe \u00e0 eau claire diesel est un appareil robuste et efficace con\u00e7u pour le transfert d'eau claire. Aliment\u00e9e au diesel, elle offre des performances fiables dans diverses applications de pompage d'eau.\",\"breadcrumb\":{\"@id\":\"https:\/\/www.excalibur-generator.com\/fr\/pompe-a-eau-claire-diesel\/#breadcrumb\"},\"inLanguage\":\"fr-FR\",\"potentialAction\":[{\"@type\":\"ReadAction\",\"target\":[\"https:\/\/www.excalibur-generator.com\/fr\/pompe-a-eau-claire-diesel\/\"]}]},{\"@type\":\"ImageObject\",\"inLanguage\":\"fr-FR\",\"@id\":\"https:\/\/www.excalibur-generator.com\/fr\/pompe-a-eau-claire-diesel\/#primaryimage\",\"url\":\"https:\/\/www.excalibur-generator.com\/wp-content\/uploads\/2024\/05\/Diesel-Clear-Water-Pump.jpg\",\"contentUrl\":\"https:\/\/www.excalibur-generator.com\/wp-content\/uploads\/2024\/05\/Diesel-Clear-Water-Pump.jpg\",\"width\":800,\"height\":800,\"caption\":\"Pompe \u00e0 eau claire diesel\"},{\"@type\":\"BreadcrumbList\",\"@id\":\"https:\/\/www.excalibur-generator.com\/fr\/pompe-a-eau-claire-diesel\/#breadcrumb\",\"itemListElement\":[{\"@type\":\"ListItem\",\"position\":1,\"name\":\"Home\",\"item\":\"https:\/\/www.excalibur-generator.com\/fr\/\"},{\"@type\":\"ListItem\",\"position\":2,\"name\":\"Produits\",\"item\":\"https:\/\/www.excalibur-generator.com\/fr\/produits\/\"},{\"@type\":\"ListItem\",\"position\":3,\"name\":\"Pompe \u00e0 eau claire diesel\"}]},{\"@type\":\"WebSite\",\"@id\":\"https:\/\/www.excalibur-generator.com\/fr\/#website\",\"url\":\"https:\/\/www.excalibur-generator.com\/fr\/\",\"name\":\"Excalibur Generator\",\"description\":\"\",\"publisher\":{\"@id\":\"https:\/\/www.excalibur-generator.com\/fr\/#organization\"},\"potentialAction\":[{\"@type\":\"SearchAction\",\"target\":{\"@type\":\"EntryPoint\",\"urlTemplate\":\"https:\/\/www.excalibur-generator.com\/fr\/?s={search_term_string}\"},\"query-input\":{\"@type\":\"PropertyValueSpecification\",\"valueRequired\":true,\"valueName\":\"search_term_string\"}}],\"inLanguage\":\"fr-FR\"},{\"@type\":\"Organization\",\"@id\":\"https:\/\/www.excalibur-generator.com\/fr\/#organization\",\"name\":\"Excalibur Generator\",\"url\":\"https:\/\/www.excalibur-generator.com\/fr\/\",\"logo\":{\"@type\":\"ImageObject\",\"inLanguage\":\"fr-FR\",\"@id\":\"https:\/\/www.excalibur-generator.com\/fr\/#\/schema\/logo\/image\/\",\"url\":\"https:\/\/www.excalibur-generator.com\/wp-content\/uploads\/2024\/05\/EXCALIBUR.png\",\"contentUrl\":\"https:\/\/www.excalibur-generator.com\/wp-content\/uploads\/2024\/05\/EXCALIBUR.png\",\"width\":350,\"height\":79,\"caption\":\"Excalibur Generator\"},\"image\":{\"@id\":\"https:\/\/www.excalibur-generator.com\/fr\/#\/schema\/logo\/image\/\"}}]}<\/script>\n<!-- \/ Yoast SEO plugin. -->","yoast_head_json":{"title":"Pompe \u00e0 eau claire diesel &#8211; Excalibur Generator","description":"La pompe \u00e0 eau claire diesel est un appareil robuste et efficace con\u00e7u pour le transfert d'eau claire. Aliment\u00e9e au diesel, elle offre des performances fiables dans diverses applications de pompage d'eau.","robots":{"index":"index","follow":"follow","max-snippet":"max-snippet:-1","max-image-preview":"max-image-preview:large","max-video-preview":"max-video-preview:-1"},"canonical":"https:\/\/www.excalibur-generator.com\/fr\/pompe-a-eau-claire-diesel\/","twitter_misc":{"Dur\u00e9e de lecture estim\u00e9e":"1 minute"},"schema":{"@context":"https:\/\/schema.org","@graph":[{"@type":"WebPage","@id":"https:\/\/www.excalibur-generator.com\/fr\/pompe-a-eau-claire-diesel\/","url":"https:\/\/www.excalibur-generator.com\/fr\/pompe-a-eau-claire-diesel\/","name":"Pompe \u00e0 eau claire diesel &#8211; Excalibur Generator","isPartOf":{"@id":"https:\/\/www.excalibur-generator.com\/fr\/#website"},"primaryImageOfPage":{"@id":"https:\/\/www.excalibur-generator.com\/fr\/pompe-a-eau-claire-diesel\/#primaryimage"},"image":{"@id":"https:\/\/www.excalibur-generator.com\/fr\/pompe-a-eau-claire-diesel\/#primaryimage"},"thumbnailUrl":"https:\/\/www.excalibur-generator.com\/wp-content\/uploads\/2024\/05\/Diesel-Clear-Water-Pump.jpg","datePublished":"2024-05-23T09:15:08+00:00","description":"La pompe \u00e0 eau claire diesel est un appareil robuste et efficace con\u00e7u pour le transfert d'eau claire. Aliment\u00e9e au diesel, elle offre des performances fiables dans diverses applications de pompage d'eau.","breadcrumb":{"@id":"https:\/\/www.excalibur-generator.com\/fr\/pompe-a-eau-claire-diesel\/#breadcrumb"},"inLanguage":"fr-FR","potentialAction":[{"@type":"ReadAction","target":["https:\/\/www.excalibur-generator.com\/fr\/pompe-a-eau-claire-diesel\/"]}]},{"@type":"ImageObject","inLanguage":"fr-FR","@id":"https:\/\/www.excalibur-generator.com\/fr\/pompe-a-eau-claire-diesel\/#primaryimage","url":"https:\/\/www.excalibur-generator.com\/wp-content\/uploads\/2024\/05\/Diesel-Clear-Water-Pump.jpg","contentUrl":"https:\/\/www.excalibur-generator.com\/wp-content\/uploads\/2024\/05\/Diesel-Clear-Water-Pump.jpg","width":800,"height":800,"caption":"Pompe \u00e0 eau claire diesel"},{"@type":"BreadcrumbList","@id":"https:\/\/www.excalibur-generator.com\/fr\/pompe-a-eau-claire-diesel\/#breadcrumb","itemListElement":[{"@type":"ListItem","position":1,"name":"Home","item":"https:\/\/www.excalibur-generator.com\/fr\/"},{"@type":"ListItem","position":2,"name":"Produits","item":"https:\/\/www.excalibur-generator.com\/fr\/produits\/"},{"@type":"ListItem","position":3,"name":"Pompe \u00e0 eau claire diesel"}]},{"@type":"WebSite","@id":"https:\/\/www.excalibur-generator.com\/fr\/#website","url":"https:\/\/www.excalibur-generator.com\/fr\/","name":"Excalibur Generator","description":"","publisher":{"@id":"https:\/\/www.excalibur-generator.com\/fr\/#organization"},"potentialAction":[{"@type":"SearchAction","target":{"@type":"EntryPoint","urlTemplate":"https:\/\/www.excalibur-generator.com\/fr\/?s={search_term_string}"},"query-input":{"@type":"PropertyValueSpecification","valueRequired":true,"valueName":"search_term_string"}}],"inLanguage":"fr-FR"},{"@type":"Organization","@id":"https:\/\/www.excalibur-generator.com\/fr\/#organization","name":"Excalibur Generator","url":"https:\/\/www.excalibur-generator.com\/fr\/","logo":{"@type":"ImageObject","inLanguage":"fr-FR","@id":"https:\/\/www.excalibur-generator.com\/fr\/#\/schema\/logo\/image\/","url":"https:\/\/www.excalibur-generator.com\/wp-content\/uploads\/2024\/05\/EXCALIBUR.png","contentUrl":"https:\/\/www.excalibur-generator.com\/wp-content\/uploads\/2024\/05\/EXCALIBUR.png","width":350,"height":79,"caption":"Excalibur Generator"},"image":{"@id":"https:\/\/www.excalibur-generator.com\/fr\/#\/schema\/logo\/image\/"}}]}},"_links":{"self":[{"href":"https:\/\/www.excalibur-generator.com\/fr\/wp-json\/wp\/v2\/product\/7336","targetHints":{"allow":["GET"]}}],"collection":[{"href":"https:\/\/www.excalibur-generator.com\/fr\/wp-json\/wp\/v2\/product"}],"about":[{"href":"https:\/\/www.excalibur-generator.com\/fr\/wp-json\/wp\/v2\/types\/product"}],"replies":[{"embeddable":true,"href":"https:\/\/www.excalibur-generator.com\/fr\/wp-json\/wp\/v2\/comments?post=7336"}],"wp:featuredmedia":[{"embeddable":true,"href":"https:\/\/www.excalibur-generator.com\/fr\/wp-json\/wp\/v2\/media\/7337"}],"wp:attachment":[{"href":"https:\/\/www.excalibur-generator.com\/fr\/wp-json\/wp\/v2\/media?parent=7336"}],"wp:term":[{"taxonomy":"product_brand","embeddable":true,"href":"https:\/\/www.excalibur-generator.com\/fr\/wp-json\/wp\/v2\/product_brand?post=7336"},{"taxonomy":"product_cat","embeddable":true,"href":"https:\/\/www.excalibur-generator.com\/fr\/wp-json\/wp\/v2\/product_cat?post=7336"},{"taxonomy":"product_tag","embeddable":true,"href":"https:\/\/www.excalibur-generator.com\/fr\/wp-json\/wp\/v2\/product_tag?post=7336"}],"curies":[{"name":"wp","href":"https:\/\/api.w.org\/{rel}","templated":true}]}}