{"id":7338,"date":"2024-05-23T16:42:31","date_gmt":"2024-05-23T08:42:31","guid":{"rendered":"https:\/\/www.excalibur-generator.com\/pompe-en-aluminium-haute-pression\/"},"modified":"2024-05-23T16:42:31","modified_gmt":"2024-05-23T08:42:31","slug":"pompe-en-aluminium-haute-pression","status":"publish","type":"product","link":"https:\/\/www.excalibur-generator.com\/fr\/pompe-en-aluminium-haute-pression\/","title":{"rendered":"Pompe en aluminium haute pression"},"content":{"rendered":"<table>\n<colgroup>\n<col>\n<col>\n<col>\n<col>\n<col>\n<col>\n<col><\/colgroup>\n<tbody>\n<tr class=\"firstRow\">\n<td><\/td>\n<td colspan=\"3\">TYPE D&#8217;ESSENCE<\/td>\n<td colspan=\"3\">TYPE DIESEL<\/td>\n<\/tr>\n<tr>\n<td>Mod\u00e8le<\/td>\n<td>SHP-15B<\/td>\n<td>SHP-20B<\/td>\n<td>SHP-30B<\/td>\n<td>SHP-15D<\/td>\n<td>SHP-20D<\/td>\n<td>SHP-30D<\/td>\n<\/tr>\n<tr>\n<td>Taper<\/td>\n<td colspan=\"6\">Pompe centrifuge auto-amor\u00e7ante<\/td>\n<\/tr>\n<tr>\n<td>Aspiration (pouce)<\/td>\n<td>1*1.5<\/td>\n<td>1*2<\/td>\n<td>1*3<\/td>\n<td>1*1.5<\/td>\n<td>1*2<\/td>\n<td>1*3<\/td>\n<\/tr>\n<tr>\n<td>Livraison (pouce)<\/td>\n<td>1*1.5 inch+2*1 inch<\/td>\n<td>1*2inch+2*1.5 inch<\/td>\n<td>1*3 inch<\/td>\n<td>1*1.5 inch+2*1 inch<\/td>\n<td>1*2inch+2*1.5 inch<\/td>\n<td>1*3 inch<\/td>\n<\/tr>\n<tr>\n<td>Hauteur manom\u00e9trique totale (m)<\/td>\n<td>55<\/td>\n<td>65<\/td>\n<td>80<\/td>\n<td>55<\/td>\n<td>65<\/td>\n<td>80<\/td>\n<\/tr>\n<tr>\n<td>Hauteur d&#8217;aspiration (m)<\/td>\n<td>7<\/td>\n<td>7<\/td>\n<td>7<\/td>\n<td>7<\/td>\n<td>7<\/td>\n<td>7<\/td>\n<\/tr>\n<tr>\n<td>Volume de refoulement maximal (m3\/h)<\/td>\n<td>20<\/td>\n<td>30<\/td>\n<td>40<\/td>\n<td>20<\/td>\n<td>30<\/td>\n<td>40<\/td>\n<\/tr>\n<tr>\n<td>Garniture m\u00e9canique<\/td>\n<td colspan=\"6\">Carbone c\u00e9ramique<\/td>\n<\/tr>\n<tr>\n<td>Mod\u00e8le de moteur<\/td>\n<td colspan=\"2\">S200F 6.5hp<\/td>\n<td>S390F 13hp<\/td>\n<td>S173F(E)<\/td>\n<td>S178F(E)<\/td>\n<td>S186FA(E)<\/td>\n<\/tr>\n<tr>\n<td>Capacit\u00e9 du r\u00e9servoir de carburant (L)<\/td>\n<td>3.6<\/td>\n<td>3.6<\/td>\n<td>6.5<\/td>\n<td>2.5<\/td>\n<td>3.5<\/td>\n<td>5.5<\/td>\n<\/tr>\n<tr>\n<td>Syst\u00e8me de d\u00e9marrage<\/td>\n<td colspan=\"3\">D\u00e9marrage manuel<\/td>\n<td colspan=\"3\">D\u00e9marrage manuel ou d\u00e9marrage \u00e9lectrique<\/td>\n<\/tr>\n<tr>\n<td>Dimensions de l&#8217;emballage (L x l x H) mm<\/td>\n<td>535*490*465<\/td>\n<td>510*380*450<\/td>\n<td>620*535*545<\/td>\n<td>520*420*380<\/td>\n<td>570*465*560<\/td>\n<td>690*535*560<\/td>\n<\/tr>\n<tr>\n<td>Poids net (kg)<\/td>\n<td>30<\/td>\n<td>28<\/td>\n<td>50<\/td>\n<td>32<\/td>\n<td>45<\/td>\n<td>64<\/td>\n<\/tr>\n<\/tbody>\n<\/table>\n","protected":false},"excerpt":{"rendered":"<p>TYPE D&#8217;ESSENCE TYPE DIESEL Mod\u00e8le SHP-15B SHP-20B SHP-30B SHP-15D SHP-20D SHP-30D Taper Pompe centrifuge auto-amor\u00e7ante Aspiration (pouce) 1*1.5 1*2 1*3 1*1.5 1*2 1*3 Livraison (pouce) 1*1.5 inch+2*1 inch 1*2inch+2*1.5 inch 1*3 inch 1*1.5 inch+2*1 inch 1*2inch+2*1.5 inch 1*3 inch Hauteur manom\u00e9trique totale (m) 55 65 80 55 65 80 Hauteur d&#8217;aspiration (m) 7 7 7 7 7 7 Volume de refoulement maximal (m3\/h) 20 30 40 20 30 40 Garniture m\u00e9canique Carbone c\u00e9ramique Mod\u00e8le de moteur S200F 6.5hp S390F 13hp S173F(E) S178F(E) S186FA(E) Capacit\u00e9 du r\u00e9servoir de carburant (L) 3.6 3.6 6.5 2.5 3.5 5.5 Syst\u00e8me de d\u00e9marrage D\u00e9marrage manuel D\u00e9marrage manuel ou d\u00e9marrage \u00e9lectrique Dimensions de l&#8217;emballage (L x l x H) mm 535*490*465 510*380*450 620*535*545 520*420*380 570*465*560 690*535*560 Poids net (kg) 30 28 50 32 45 64<\/p>\n","protected":false},"featured_media":7339,"comment_status":"open","ping_status":"closed","template":"","meta":{"site-sidebar-layout":"default","site-content-layout":"","ast-site-content-layout":"default","site-content-style":"default","site-sidebar-style":"default","ast-global-header-display":"","ast-banner-title-visibility":"","ast-main-header-display":"","ast-hfb-above-header-display":"","ast-hfb-below-header-display":"","ast-hfb-mobile-header-display":"","site-post-title":"","ast-breadcrumbs-content":"","ast-featured-img":"","footer-sml-layout":"","theme-transparent-header-meta":"default","adv-header-id-meta":"","stick-header-meta":"","header-above-stick-meta":"","header-main-stick-meta":"","header-below-stick-meta":"","astra-migrate-meta-layouts":"default","ast-page-background-enabled":"default","ast-page-background-meta":{"desktop":{"background-color":"var(--ast-global-color-4)","background-image":"","background-repeat":"repeat","background-position":"center center","background-size":"auto","background-attachment":"scroll","background-type":"","background-media":"","overlay-type":"","overlay-color":"","overlay-opacity":"","overlay-gradient":""},"tablet":{"background-color":"","background-image":"","background-repeat":"repeat","background-position":"center center","background-size":"auto","background-attachment":"scroll","background-type":"","background-media":"","overlay-type":"","overlay-color":"","overlay-opacity":"","overlay-gradient":""},"mobile":{"background-color":"","background-image":"","background-repeat":"repeat","background-position":"center center","background-size":"auto","background-attachment":"scroll","background-type":"","background-media":"","overlay-type":"","overlay-color":"","overlay-opacity":"","overlay-gradient":""}},"ast-content-background-meta":{"desktop":{"background-color":"var(--ast-global-color-5)","background-image":"","background-repeat":"repeat","background-position":"center center","background-size":"auto","background-attachment":"scroll","background-type":"","background-media":"","overlay-type":"","overlay-color":"","overlay-opacity":"","overlay-gradient":""},"tablet":{"background-color":"var(--ast-global-color-5)","background-image":"","background-repeat":"repeat","background-position":"center center","background-size":"auto","background-attachment":"scroll","background-type":"","background-media":"","overlay-type":"","overlay-color":"","overlay-opacity":"","overlay-gradient":""},"mobile":{"background-color":"var(--ast-global-color-5)","background-image":"","background-repeat":"repeat","background-position":"center center","background-size":"auto","background-attachment":"scroll","background-type":"","background-media":"","overlay-type":"","overlay-color":"","overlay-opacity":"","overlay-gradient":""}}},"product_brand":[],"product_cat":[84],"product_tag":[],"class_list":{"0":"post-7338","1":"product","2":"type-product","3":"status-publish","4":"has-post-thumbnail","6":"product_cat-non-classe","7":"desktop-align-left","8":"tablet-align-left","9":"mobile-align-left","11":"first","12":"instock","13":"shipping-taxable","14":"product-type-simple"},"yoast_head":"<!-- This site is optimized with the Yoast SEO plugin v26.5 - https:\/\/yoast.com\/wordpress\/plugins\/seo\/ -->\n<title>Pompe en aluminium haute pression &#8211; Excalibur Generator<\/title>\n<meta name=\"description\" content=\"La pompe en aluminium haute pression offre des performances sup\u00e9rieures, une durabilit\u00e9 et une portabilit\u00e9 l\u00e9g\u00e8re pour un transfert d&#039;eau efficace, ce qui la rend id\u00e9ale pour diverses applications dans des environnements exigeants.\" \/>\n<meta name=\"robots\" content=\"index, follow, max-snippet:-1, max-image-preview:large, max-video-preview:-1\" \/>\n<link rel=\"canonical\" href=\"https:\/\/www.excalibur-generator.com\/fr\/pompe-en-aluminium-haute-pression\/\" \/>\n<meta name=\"twitter:label1\" content=\"Dur\u00e9e de lecture estim\u00e9e\" \/>\n\t<meta name=\"twitter:data1\" content=\"1 minute\" \/>\n<script type=\"application\/ld+json\" class=\"yoast-schema-graph\">{\"@context\":\"https:\/\/schema.org\",\"@graph\":[{\"@type\":\"WebPage\",\"@id\":\"https:\/\/www.excalibur-generator.com\/fr\/pompe-en-aluminium-haute-pression\/\",\"url\":\"https:\/\/www.excalibur-generator.com\/fr\/pompe-en-aluminium-haute-pression\/\",\"name\":\"Pompe en aluminium haute pression &#8211; Excalibur Generator\",\"isPartOf\":{\"@id\":\"https:\/\/www.excalibur-generator.com\/fr\/#website\"},\"primaryImageOfPage\":{\"@id\":\"https:\/\/www.excalibur-generator.com\/fr\/pompe-en-aluminium-haute-pression\/#primaryimage\"},\"image\":{\"@id\":\"https:\/\/www.excalibur-generator.com\/fr\/pompe-en-aluminium-haute-pression\/#primaryimage\"},\"thumbnailUrl\":\"https:\/\/www.excalibur-generator.com\/wp-content\/uploads\/2024\/05\/High-Pressure-Aluminum-Pump.jpg\",\"datePublished\":\"2024-05-23T08:42:31+00:00\",\"description\":\"La pompe en aluminium haute pression offre des performances sup\u00e9rieures, une durabilit\u00e9 et une portabilit\u00e9 l\u00e9g\u00e8re pour un transfert d'eau efficace, ce qui la rend id\u00e9ale pour diverses applications dans des environnements exigeants.\",\"breadcrumb\":{\"@id\":\"https:\/\/www.excalibur-generator.com\/fr\/pompe-en-aluminium-haute-pression\/#breadcrumb\"},\"inLanguage\":\"fr-FR\",\"potentialAction\":[{\"@type\":\"ReadAction\",\"target\":[\"https:\/\/www.excalibur-generator.com\/fr\/pompe-en-aluminium-haute-pression\/\"]}]},{\"@type\":\"ImageObject\",\"inLanguage\":\"fr-FR\",\"@id\":\"https:\/\/www.excalibur-generator.com\/fr\/pompe-en-aluminium-haute-pression\/#primaryimage\",\"url\":\"https:\/\/www.excalibur-generator.com\/wp-content\/uploads\/2024\/05\/High-Pressure-Aluminum-Pump.jpg\",\"contentUrl\":\"https:\/\/www.excalibur-generator.com\/wp-content\/uploads\/2024\/05\/High-Pressure-Aluminum-Pump.jpg\",\"width\":800,\"height\":800,\"caption\":\"Pompe haute pression en aluminium\"},{\"@type\":\"BreadcrumbList\",\"@id\":\"https:\/\/www.excalibur-generator.com\/fr\/pompe-en-aluminium-haute-pression\/#breadcrumb\",\"itemListElement\":[{\"@type\":\"ListItem\",\"position\":1,\"name\":\"Home\",\"item\":\"https:\/\/www.excalibur-generator.com\/fr\/\"},{\"@type\":\"ListItem\",\"position\":2,\"name\":\"Produits\",\"item\":\"https:\/\/www.excalibur-generator.com\/fr\/produits\/\"},{\"@type\":\"ListItem\",\"position\":3,\"name\":\"Pompe en aluminium haute pression\"}]},{\"@type\":\"WebSite\",\"@id\":\"https:\/\/www.excalibur-generator.com\/fr\/#website\",\"url\":\"https:\/\/www.excalibur-generator.com\/fr\/\",\"name\":\"Excalibur Generator\",\"description\":\"\",\"publisher\":{\"@id\":\"https:\/\/www.excalibur-generator.com\/fr\/#organization\"},\"potentialAction\":[{\"@type\":\"SearchAction\",\"target\":{\"@type\":\"EntryPoint\",\"urlTemplate\":\"https:\/\/www.excalibur-generator.com\/fr\/?s={search_term_string}\"},\"query-input\":{\"@type\":\"PropertyValueSpecification\",\"valueRequired\":true,\"valueName\":\"search_term_string\"}}],\"inLanguage\":\"fr-FR\"},{\"@type\":\"Organization\",\"@id\":\"https:\/\/www.excalibur-generator.com\/fr\/#organization\",\"name\":\"Excalibur Generator\",\"url\":\"https:\/\/www.excalibur-generator.com\/fr\/\",\"logo\":{\"@type\":\"ImageObject\",\"inLanguage\":\"fr-FR\",\"@id\":\"https:\/\/www.excalibur-generator.com\/fr\/#\/schema\/logo\/image\/\",\"url\":\"https:\/\/www.excalibur-generator.com\/wp-content\/uploads\/2024\/05\/EXCALIBUR.png\",\"contentUrl\":\"https:\/\/www.excalibur-generator.com\/wp-content\/uploads\/2024\/05\/EXCALIBUR.png\",\"width\":350,\"height\":79,\"caption\":\"Excalibur Generator\"},\"image\":{\"@id\":\"https:\/\/www.excalibur-generator.com\/fr\/#\/schema\/logo\/image\/\"}}]}<\/script>\n<!-- \/ Yoast SEO plugin. -->","yoast_head_json":{"title":"Pompe en aluminium haute pression &#8211; Excalibur Generator","description":"La pompe en aluminium haute pression offre des performances sup\u00e9rieures, une durabilit\u00e9 et une portabilit\u00e9 l\u00e9g\u00e8re pour un transfert d'eau efficace, ce qui la rend id\u00e9ale pour diverses applications dans des environnements exigeants.","robots":{"index":"index","follow":"follow","max-snippet":"max-snippet:-1","max-image-preview":"max-image-preview:large","max-video-preview":"max-video-preview:-1"},"canonical":"https:\/\/www.excalibur-generator.com\/fr\/pompe-en-aluminium-haute-pression\/","twitter_misc":{"Dur\u00e9e de lecture estim\u00e9e":"1 minute"},"schema":{"@context":"https:\/\/schema.org","@graph":[{"@type":"WebPage","@id":"https:\/\/www.excalibur-generator.com\/fr\/pompe-en-aluminium-haute-pression\/","url":"https:\/\/www.excalibur-generator.com\/fr\/pompe-en-aluminium-haute-pression\/","name":"Pompe en aluminium haute pression &#8211; Excalibur Generator","isPartOf":{"@id":"https:\/\/www.excalibur-generator.com\/fr\/#website"},"primaryImageOfPage":{"@id":"https:\/\/www.excalibur-generator.com\/fr\/pompe-en-aluminium-haute-pression\/#primaryimage"},"image":{"@id":"https:\/\/www.excalibur-generator.com\/fr\/pompe-en-aluminium-haute-pression\/#primaryimage"},"thumbnailUrl":"https:\/\/www.excalibur-generator.com\/wp-content\/uploads\/2024\/05\/High-Pressure-Aluminum-Pump.jpg","datePublished":"2024-05-23T08:42:31+00:00","description":"La pompe en aluminium haute pression offre des performances sup\u00e9rieures, une durabilit\u00e9 et une portabilit\u00e9 l\u00e9g\u00e8re pour un transfert d'eau efficace, ce qui la rend id\u00e9ale pour diverses applications dans des environnements exigeants.","breadcrumb":{"@id":"https:\/\/www.excalibur-generator.com\/fr\/pompe-en-aluminium-haute-pression\/#breadcrumb"},"inLanguage":"fr-FR","potentialAction":[{"@type":"ReadAction","target":["https:\/\/www.excalibur-generator.com\/fr\/pompe-en-aluminium-haute-pression\/"]}]},{"@type":"ImageObject","inLanguage":"fr-FR","@id":"https:\/\/www.excalibur-generator.com\/fr\/pompe-en-aluminium-haute-pression\/#primaryimage","url":"https:\/\/www.excalibur-generator.com\/wp-content\/uploads\/2024\/05\/High-Pressure-Aluminum-Pump.jpg","contentUrl":"https:\/\/www.excalibur-generator.com\/wp-content\/uploads\/2024\/05\/High-Pressure-Aluminum-Pump.jpg","width":800,"height":800,"caption":"Pompe haute pression en aluminium"},{"@type":"BreadcrumbList","@id":"https:\/\/www.excalibur-generator.com\/fr\/pompe-en-aluminium-haute-pression\/#breadcrumb","itemListElement":[{"@type":"ListItem","position":1,"name":"Home","item":"https:\/\/www.excalibur-generator.com\/fr\/"},{"@type":"ListItem","position":2,"name":"Produits","item":"https:\/\/www.excalibur-generator.com\/fr\/produits\/"},{"@type":"ListItem","position":3,"name":"Pompe en aluminium haute pression"}]},{"@type":"WebSite","@id":"https:\/\/www.excalibur-generator.com\/fr\/#website","url":"https:\/\/www.excalibur-generator.com\/fr\/","name":"Excalibur Generator","description":"","publisher":{"@id":"https:\/\/www.excalibur-generator.com\/fr\/#organization"},"potentialAction":[{"@type":"SearchAction","target":{"@type":"EntryPoint","urlTemplate":"https:\/\/www.excalibur-generator.com\/fr\/?s={search_term_string}"},"query-input":{"@type":"PropertyValueSpecification","valueRequired":true,"valueName":"search_term_string"}}],"inLanguage":"fr-FR"},{"@type":"Organization","@id":"https:\/\/www.excalibur-generator.com\/fr\/#organization","name":"Excalibur Generator","url":"https:\/\/www.excalibur-generator.com\/fr\/","logo":{"@type":"ImageObject","inLanguage":"fr-FR","@id":"https:\/\/www.excalibur-generator.com\/fr\/#\/schema\/logo\/image\/","url":"https:\/\/www.excalibur-generator.com\/wp-content\/uploads\/2024\/05\/EXCALIBUR.png","contentUrl":"https:\/\/www.excalibur-generator.com\/wp-content\/uploads\/2024\/05\/EXCALIBUR.png","width":350,"height":79,"caption":"Excalibur Generator"},"image":{"@id":"https:\/\/www.excalibur-generator.com\/fr\/#\/schema\/logo\/image\/"}}]}},"_links":{"self":[{"href":"https:\/\/www.excalibur-generator.com\/fr\/wp-json\/wp\/v2\/product\/7338","targetHints":{"allow":["GET"]}}],"collection":[{"href":"https:\/\/www.excalibur-generator.com\/fr\/wp-json\/wp\/v2\/product"}],"about":[{"href":"https:\/\/www.excalibur-generator.com\/fr\/wp-json\/wp\/v2\/types\/product"}],"replies":[{"embeddable":true,"href":"https:\/\/www.excalibur-generator.com\/fr\/wp-json\/wp\/v2\/comments?post=7338"}],"wp:featuredmedia":[{"embeddable":true,"href":"https:\/\/www.excalibur-generator.com\/fr\/wp-json\/wp\/v2\/media\/7339"}],"wp:attachment":[{"href":"https:\/\/www.excalibur-generator.com\/fr\/wp-json\/wp\/v2\/media?parent=7338"}],"wp:term":[{"taxonomy":"product_brand","embeddable":true,"href":"https:\/\/www.excalibur-generator.com\/fr\/wp-json\/wp\/v2\/product_brand?post=7338"},{"taxonomy":"product_cat","embeddable":true,"href":"https:\/\/www.excalibur-generator.com\/fr\/wp-json\/wp\/v2\/product_cat?post=7338"},{"taxonomy":"product_tag","embeddable":true,"href":"https:\/\/www.excalibur-generator.com\/fr\/wp-json\/wp\/v2\/product_tag?post=7338"}],"curies":[{"name":"wp","href":"https:\/\/api.w.org\/{rel}","templated":true}]}}