{"id":7340,"date":"2024-05-23T16:38:41","date_gmt":"2024-05-23T08:38:41","guid":{"rendered":"https:\/\/www.excalibur-generator.com\/pompe-en-fonte-haute-pression\/"},"modified":"2024-05-23T16:38:41","modified_gmt":"2024-05-23T08:38:41","slug":"pompe-en-fonte-haute-pression","status":"publish","type":"product","link":"https:\/\/www.excalibur-generator.com\/fr\/pompe-en-fonte-haute-pression\/","title":{"rendered":"Pompe en fonte haute pression"},"content":{"rendered":"<table width=\"1064\">\n<colgroup>\n<col span=\"2\">\n<col span=\"3\">\n<col>\n<col>\n<col>\n<col><\/colgroup>\n<tbody>\n<tr class=\"firstRow\">\n<td><\/td>\n<td colspan=\"3\">Type diesel<\/td>\n<td colspan=\"3\">Type d&#8217;essence<\/td>\n<td colspan=\"2\">Type diesel \u00e0 deux cylindres<\/td>\n<\/tr>\n<tr>\n<td>Mod\u00e8le<\/td>\n<td>SHP5ODEI<\/td>\n<td>SHP8ODEI<\/td>\n<td>SHP100DEI<\/td>\n<td>SHP50BI<\/td>\n<td>SHP80BI<\/td>\n<td>SHP100BI<\/td>\n<td>SHP8ODEI<\/td>\n<td>SHP100DEI<\/td>\n<\/tr>\n<tr>\n<td>Taper<\/td>\n<td colspan=\"6\">Pompe centrifuge auto-amor\u00e7ante<\/td>\n<td colspan=\"2\">Pompe centrifuge auto-amor\u00e7ante<\/td>\n<\/tr>\n<tr>\n<td>Aspiration*d\u00e9bit (mm) (pouces)<\/td>\n<td>50*50\/2*2<\/td>\n<td>80*80\/3*3<\/td>\n<td>100*100\/4*4<\/td>\n<td>50*50\/2*2<\/td>\n<td>80*80\/3*3<\/td>\n<td>100*100\/4*4<\/td>\n<td>80*80<\/td>\n<td>100*100<\/td>\n<\/tr>\n<tr>\n<td>Hauteur manom\u00e9trique totale (m)<\/td>\n<td>85<\/td>\n<td>75<\/td>\n<td>55<\/td>\n<td>85<\/td>\n<td>75<\/td>\n<td>55<\/td>\n<td>95<\/td>\n<td>85<\/td>\n<\/tr>\n<tr>\n<td>Hauteur d&#8217;aspiration (m)<\/td>\n<td>6<\/td>\n<td>6<\/td>\n<td>6<\/td>\n<td>6<\/td>\n<td>6<\/td>\n<td>6<\/td>\n<td>6<\/td>\n<td>6<\/td>\n<\/tr>\n<tr>\n<td>Volume de refoulement maximal (m3\/h)<\/td>\n<td>35<\/td>\n<td>42<\/td>\n<td>120<\/td>\n<td>35<\/td>\n<td>42<\/td>\n<td>120<\/td>\n<td>101<\/td>\n<td>120<\/td>\n<\/tr>\n<tr>\n<td>garniture m\u00e9canique<\/td>\n<td colspan=\"8\">Carbone c\u00e9ramique<\/td>\n<\/tr>\n<tr>\n<td>Mod\u00e8le de moteur<\/td>\n<td>S178F(E)<\/td>\n<td>S186FA(E)<\/td>\n<td>S192F(E)<\/td>\n<td>S210F<\/td>\n<td>S210F<\/td>\n<td>S420F<\/td>\n<td colspan=\"2\">SV292FE<\/td>\n<\/tr>\n<tr>\n<td>Capacit\u00e9 du r\u00e9servoir de carburant (L)<\/td>\n<td>3.5<\/td>\n<td>5.5<\/td>\n<td>5.5<\/td>\n<td>3.6<\/td>\n<td>3.6<\/td>\n<td>6.5<\/td>\n<td colspan=\"2\">12.5<\/td>\n<\/tr>\n<tr>\n<td>Syst\u00e8me de d\u00e9marrage<\/td>\n<td colspan=\"8\">D\u00e9marrage manuel \/ d\u00e9marrage \u00e9lectrique<\/td>\n<\/tr>\n<tr>\n<td>Dimensions de l&#8217;emballage (L x l x H) mm<\/td>\n<td>580*490*570<\/td>\n<td>580*490*630<\/td>\n<td>585*490*635<\/td>\n<td>470*380*450<\/td>\n<td>510*38*450<\/td>\n<td>620*535*545<\/td>\n<td colspan=\"2\" rowspan=\"2\"><\/td>\n<\/tr>\n<tr>\n<td>Poids net (KG)<\/td>\n<td>50<\/td>\n<td>68<\/td>\n<td>75<\/td>\n<td>35<\/td>\n<td>42<\/td>\n<td>55<\/td>\n<\/tr>\n<\/tbody>\n<\/table>\n","protected":false},"excerpt":{"rendered":"<p>Type diesel Type d&#8217;essence Type diesel \u00e0 deux cylindres Mod\u00e8le SHP5ODEI SHP8ODEI SHP100DEI SHP50BI SHP80BI SHP100BI SHP8ODEI SHP100DEI Taper Pompe centrifuge auto-amor\u00e7ante Pompe centrifuge auto-amor\u00e7ante Aspiration*d\u00e9bit (mm) (pouces) 50*50\/2*2 80*80\/3*3 100*100\/4*4 50*50\/2*2 80*80\/3*3 100*100\/4*4 80*80 100*100 Hauteur manom\u00e9trique totale (m) 85 75 55 85 75 55 95 85 Hauteur d&#8217;aspiration (m) 6 6 6 6 6 6 6 6 Volume de refoulement maximal (m3\/h) 35 42 120 35 42 120 101 120 garniture m\u00e9canique Carbone c\u00e9ramique Mod\u00e8le de moteur S178F(E) S186FA(E) S192F(E) S210F S210F S420F SV292FE Capacit\u00e9 du r\u00e9servoir de carburant (L) 3.5 5.5 5.5 3.6 3.6 6.5 12.5 Syst\u00e8me de d\u00e9marrage D\u00e9marrage manuel \/ d\u00e9marrage \u00e9lectrique Dimensions de l&#8217;emballage (L x l x H) mm 580*490*570 580*490*630 585*490*635 470*380*450 510*38*450 620*535*545 Poids net (KG) 50 68 75 35 42 55<\/p>\n","protected":false},"featured_media":7341,"comment_status":"open","ping_status":"closed","template":"","meta":{"site-sidebar-layout":"default","site-content-layout":"","ast-site-content-layout":"default","site-content-style":"default","site-sidebar-style":"default","ast-global-header-display":"","ast-banner-title-visibility":"","ast-main-header-display":"","ast-hfb-above-header-display":"","ast-hfb-below-header-display":"","ast-hfb-mobile-header-display":"","site-post-title":"","ast-breadcrumbs-content":"","ast-featured-img":"","footer-sml-layout":"","theme-transparent-header-meta":"default","adv-header-id-meta":"","stick-header-meta":"","header-above-stick-meta":"","header-main-stick-meta":"","header-below-stick-meta":"","astra-migrate-meta-layouts":"default","ast-page-background-enabled":"default","ast-page-background-meta":{"desktop":{"background-color":"var(--ast-global-color-4)","background-image":"","background-repeat":"repeat","background-position":"center center","background-size":"auto","background-attachment":"scroll","background-type":"","background-media":"","overlay-type":"","overlay-color":"","overlay-opacity":"","overlay-gradient":""},"tablet":{"background-color":"","background-image":"","background-repeat":"repeat","background-position":"center center","background-size":"auto","background-attachment":"scroll","background-type":"","background-media":"","overlay-type":"","overlay-color":"","overlay-opacity":"","overlay-gradient":""},"mobile":{"background-color":"","background-image":"","background-repeat":"repeat","background-position":"center center","background-size":"auto","background-attachment":"scroll","background-type":"","background-media":"","overlay-type":"","overlay-color":"","overlay-opacity":"","overlay-gradient":""}},"ast-content-background-meta":{"desktop":{"background-color":"var(--ast-global-color-5)","background-image":"","background-repeat":"repeat","background-position":"center center","background-size":"auto","background-attachment":"scroll","background-type":"","background-media":"","overlay-type":"","overlay-color":"","overlay-opacity":"","overlay-gradient":""},"tablet":{"background-color":"var(--ast-global-color-5)","background-image":"","background-repeat":"repeat","background-position":"center center","background-size":"auto","background-attachment":"scroll","background-type":"","background-media":"","overlay-type":"","overlay-color":"","overlay-opacity":"","overlay-gradient":""},"mobile":{"background-color":"var(--ast-global-color-5)","background-image":"","background-repeat":"repeat","background-position":"center center","background-size":"auto","background-attachment":"scroll","background-type":"","background-media":"","overlay-type":"","overlay-color":"","overlay-opacity":"","overlay-gradient":""}}},"product_brand":[],"product_cat":[84],"product_tag":[],"class_list":{"0":"post-7340","1":"product","2":"type-product","3":"status-publish","4":"has-post-thumbnail","6":"product_cat-non-classe","7":"desktop-align-left","8":"tablet-align-left","9":"mobile-align-left","11":"first","12":"instock","13":"shipping-taxable","14":"product-type-simple"},"yoast_head":"<!-- This site is optimized with the Yoast SEO plugin v26.5 - https:\/\/yoast.com\/wordpress\/plugins\/seo\/ -->\n<title>Pompe en fonte haute pression &#8211; Excalibur Generator<\/title>\n<meta name=\"description\" content=\"La pompe haute pression en fonte offre des performances robustes et une durabilit\u00e9 optimale pour les t\u00e2ches exigeantes. Sa construction robuste garantit une efficacit\u00e9 durable dans diverses applications industrielles et commerciales.\" \/>\n<meta name=\"robots\" content=\"index, follow, max-snippet:-1, max-image-preview:large, max-video-preview:-1\" \/>\n<link rel=\"canonical\" href=\"https:\/\/www.excalibur-generator.com\/fr\/pompe-en-fonte-haute-pression\/\" \/>\n<meta name=\"twitter:label1\" content=\"Dur\u00e9e de lecture estim\u00e9e\" \/>\n\t<meta name=\"twitter:data1\" content=\"1 minute\" \/>\n<script type=\"application\/ld+json\" class=\"yoast-schema-graph\">{\"@context\":\"https:\/\/schema.org\",\"@graph\":[{\"@type\":\"WebPage\",\"@id\":\"https:\/\/www.excalibur-generator.com\/fr\/pompe-en-fonte-haute-pression\/\",\"url\":\"https:\/\/www.excalibur-generator.com\/fr\/pompe-en-fonte-haute-pression\/\",\"name\":\"Pompe en fonte haute pression &#8211; Excalibur Generator\",\"isPartOf\":{\"@id\":\"https:\/\/www.excalibur-generator.com\/fr\/#website\"},\"primaryImageOfPage\":{\"@id\":\"https:\/\/www.excalibur-generator.com\/fr\/pompe-en-fonte-haute-pression\/#primaryimage\"},\"image\":{\"@id\":\"https:\/\/www.excalibur-generator.com\/fr\/pompe-en-fonte-haute-pression\/#primaryimage\"},\"thumbnailUrl\":\"https:\/\/www.excalibur-generator.com\/wp-content\/uploads\/2024\/05\/High-Pressure-Cast-Iron-Pump.jpg\",\"datePublished\":\"2024-05-23T08:38:41+00:00\",\"description\":\"La pompe haute pression en fonte offre des performances robustes et une durabilit\u00e9 optimale pour les t\u00e2ches exigeantes. Sa construction robuste garantit une efficacit\u00e9 durable dans diverses applications industrielles et commerciales.\",\"breadcrumb\":{\"@id\":\"https:\/\/www.excalibur-generator.com\/fr\/pompe-en-fonte-haute-pression\/#breadcrumb\"},\"inLanguage\":\"fr-FR\",\"potentialAction\":[{\"@type\":\"ReadAction\",\"target\":[\"https:\/\/www.excalibur-generator.com\/fr\/pompe-en-fonte-haute-pression\/\"]}]},{\"@type\":\"ImageObject\",\"inLanguage\":\"fr-FR\",\"@id\":\"https:\/\/www.excalibur-generator.com\/fr\/pompe-en-fonte-haute-pression\/#primaryimage\",\"url\":\"https:\/\/www.excalibur-generator.com\/wp-content\/uploads\/2024\/05\/High-Pressure-Cast-Iron-Pump.jpg\",\"contentUrl\":\"https:\/\/www.excalibur-generator.com\/wp-content\/uploads\/2024\/05\/High-Pressure-Cast-Iron-Pump.jpg\",\"width\":800,\"height\":800,\"caption\":\"Pompe haute pression en fonte\"},{\"@type\":\"BreadcrumbList\",\"@id\":\"https:\/\/www.excalibur-generator.com\/fr\/pompe-en-fonte-haute-pression\/#breadcrumb\",\"itemListElement\":[{\"@type\":\"ListItem\",\"position\":1,\"name\":\"Home\",\"item\":\"https:\/\/www.excalibur-generator.com\/fr\/\"},{\"@type\":\"ListItem\",\"position\":2,\"name\":\"Produits\",\"item\":\"https:\/\/www.excalibur-generator.com\/fr\/produits\/\"},{\"@type\":\"ListItem\",\"position\":3,\"name\":\"Pompe en fonte haute pression\"}]},{\"@type\":\"WebSite\",\"@id\":\"https:\/\/www.excalibur-generator.com\/fr\/#website\",\"url\":\"https:\/\/www.excalibur-generator.com\/fr\/\",\"name\":\"Excalibur Generator\",\"description\":\"\",\"publisher\":{\"@id\":\"https:\/\/www.excalibur-generator.com\/fr\/#organization\"},\"potentialAction\":[{\"@type\":\"SearchAction\",\"target\":{\"@type\":\"EntryPoint\",\"urlTemplate\":\"https:\/\/www.excalibur-generator.com\/fr\/?s={search_term_string}\"},\"query-input\":{\"@type\":\"PropertyValueSpecification\",\"valueRequired\":true,\"valueName\":\"search_term_string\"}}],\"inLanguage\":\"fr-FR\"},{\"@type\":\"Organization\",\"@id\":\"https:\/\/www.excalibur-generator.com\/fr\/#organization\",\"name\":\"Excalibur Generator\",\"url\":\"https:\/\/www.excalibur-generator.com\/fr\/\",\"logo\":{\"@type\":\"ImageObject\",\"inLanguage\":\"fr-FR\",\"@id\":\"https:\/\/www.excalibur-generator.com\/fr\/#\/schema\/logo\/image\/\",\"url\":\"https:\/\/www.excalibur-generator.com\/wp-content\/uploads\/2024\/05\/EXCALIBUR.png\",\"contentUrl\":\"https:\/\/www.excalibur-generator.com\/wp-content\/uploads\/2024\/05\/EXCALIBUR.png\",\"width\":350,\"height\":79,\"caption\":\"Excalibur Generator\"},\"image\":{\"@id\":\"https:\/\/www.excalibur-generator.com\/fr\/#\/schema\/logo\/image\/\"}}]}<\/script>\n<!-- \/ Yoast SEO plugin. -->","yoast_head_json":{"title":"Pompe en fonte haute pression &#8211; Excalibur Generator","description":"La pompe haute pression en fonte offre des performances robustes et une durabilit\u00e9 optimale pour les t\u00e2ches exigeantes. Sa construction robuste garantit une efficacit\u00e9 durable dans diverses applications industrielles et commerciales.","robots":{"index":"index","follow":"follow","max-snippet":"max-snippet:-1","max-image-preview":"max-image-preview:large","max-video-preview":"max-video-preview:-1"},"canonical":"https:\/\/www.excalibur-generator.com\/fr\/pompe-en-fonte-haute-pression\/","twitter_misc":{"Dur\u00e9e de lecture estim\u00e9e":"1 minute"},"schema":{"@context":"https:\/\/schema.org","@graph":[{"@type":"WebPage","@id":"https:\/\/www.excalibur-generator.com\/fr\/pompe-en-fonte-haute-pression\/","url":"https:\/\/www.excalibur-generator.com\/fr\/pompe-en-fonte-haute-pression\/","name":"Pompe en fonte haute pression &#8211; Excalibur Generator","isPartOf":{"@id":"https:\/\/www.excalibur-generator.com\/fr\/#website"},"primaryImageOfPage":{"@id":"https:\/\/www.excalibur-generator.com\/fr\/pompe-en-fonte-haute-pression\/#primaryimage"},"image":{"@id":"https:\/\/www.excalibur-generator.com\/fr\/pompe-en-fonte-haute-pression\/#primaryimage"},"thumbnailUrl":"https:\/\/www.excalibur-generator.com\/wp-content\/uploads\/2024\/05\/High-Pressure-Cast-Iron-Pump.jpg","datePublished":"2024-05-23T08:38:41+00:00","description":"La pompe haute pression en fonte offre des performances robustes et une durabilit\u00e9 optimale pour les t\u00e2ches exigeantes. Sa construction robuste garantit une efficacit\u00e9 durable dans diverses applications industrielles et commerciales.","breadcrumb":{"@id":"https:\/\/www.excalibur-generator.com\/fr\/pompe-en-fonte-haute-pression\/#breadcrumb"},"inLanguage":"fr-FR","potentialAction":[{"@type":"ReadAction","target":["https:\/\/www.excalibur-generator.com\/fr\/pompe-en-fonte-haute-pression\/"]}]},{"@type":"ImageObject","inLanguage":"fr-FR","@id":"https:\/\/www.excalibur-generator.com\/fr\/pompe-en-fonte-haute-pression\/#primaryimage","url":"https:\/\/www.excalibur-generator.com\/wp-content\/uploads\/2024\/05\/High-Pressure-Cast-Iron-Pump.jpg","contentUrl":"https:\/\/www.excalibur-generator.com\/wp-content\/uploads\/2024\/05\/High-Pressure-Cast-Iron-Pump.jpg","width":800,"height":800,"caption":"Pompe haute pression en fonte"},{"@type":"BreadcrumbList","@id":"https:\/\/www.excalibur-generator.com\/fr\/pompe-en-fonte-haute-pression\/#breadcrumb","itemListElement":[{"@type":"ListItem","position":1,"name":"Home","item":"https:\/\/www.excalibur-generator.com\/fr\/"},{"@type":"ListItem","position":2,"name":"Produits","item":"https:\/\/www.excalibur-generator.com\/fr\/produits\/"},{"@type":"ListItem","position":3,"name":"Pompe en fonte haute pression"}]},{"@type":"WebSite","@id":"https:\/\/www.excalibur-generator.com\/fr\/#website","url":"https:\/\/www.excalibur-generator.com\/fr\/","name":"Excalibur Generator","description":"","publisher":{"@id":"https:\/\/www.excalibur-generator.com\/fr\/#organization"},"potentialAction":[{"@type":"SearchAction","target":{"@type":"EntryPoint","urlTemplate":"https:\/\/www.excalibur-generator.com\/fr\/?s={search_term_string}"},"query-input":{"@type":"PropertyValueSpecification","valueRequired":true,"valueName":"search_term_string"}}],"inLanguage":"fr-FR"},{"@type":"Organization","@id":"https:\/\/www.excalibur-generator.com\/fr\/#organization","name":"Excalibur Generator","url":"https:\/\/www.excalibur-generator.com\/fr\/","logo":{"@type":"ImageObject","inLanguage":"fr-FR","@id":"https:\/\/www.excalibur-generator.com\/fr\/#\/schema\/logo\/image\/","url":"https:\/\/www.excalibur-generator.com\/wp-content\/uploads\/2024\/05\/EXCALIBUR.png","contentUrl":"https:\/\/www.excalibur-generator.com\/wp-content\/uploads\/2024\/05\/EXCALIBUR.png","width":350,"height":79,"caption":"Excalibur Generator"},"image":{"@id":"https:\/\/www.excalibur-generator.com\/fr\/#\/schema\/logo\/image\/"}}]}},"_links":{"self":[{"href":"https:\/\/www.excalibur-generator.com\/fr\/wp-json\/wp\/v2\/product\/7340","targetHints":{"allow":["GET"]}}],"collection":[{"href":"https:\/\/www.excalibur-generator.com\/fr\/wp-json\/wp\/v2\/product"}],"about":[{"href":"https:\/\/www.excalibur-generator.com\/fr\/wp-json\/wp\/v2\/types\/product"}],"replies":[{"embeddable":true,"href":"https:\/\/www.excalibur-generator.com\/fr\/wp-json\/wp\/v2\/comments?post=7340"}],"wp:featuredmedia":[{"embeddable":true,"href":"https:\/\/www.excalibur-generator.com\/fr\/wp-json\/wp\/v2\/media\/7341"}],"wp:attachment":[{"href":"https:\/\/www.excalibur-generator.com\/fr\/wp-json\/wp\/v2\/media?parent=7340"}],"wp:term":[{"taxonomy":"product_brand","embeddable":true,"href":"https:\/\/www.excalibur-generator.com\/fr\/wp-json\/wp\/v2\/product_brand?post=7340"},{"taxonomy":"product_cat","embeddable":true,"href":"https:\/\/www.excalibur-generator.com\/fr\/wp-json\/wp\/v2\/product_cat?post=7340"},{"taxonomy":"product_tag","embeddable":true,"href":"https:\/\/www.excalibur-generator.com\/fr\/wp-json\/wp\/v2\/product_tag?post=7340"}],"curies":[{"name":"wp","href":"https:\/\/api.w.org\/{rel}","templated":true}]}}