{"id":4246,"date":"2024-05-27T09:56:39","date_gmt":"2024-05-27T01:56:39","guid":{"rendered":"https:\/\/www.excalibur-generator.com\/gerador-silenciado-diesel-de-7-kw\/"},"modified":"2024-05-27T09:56:39","modified_gmt":"2024-05-27T01:56:39","slug":"gerador-silenciado-diesel-de-7-kw","status":"publish","type":"product","link":"https:\/\/www.excalibur-generator.com\/pt-br\/gerador-silenciado-diesel-de-7-kw\/","title":{"rendered":"Gerador silenciado diesel de 7 kW"},"content":{"rendered":"<table>\n<colgroup>\n<col>\n<col><\/colgroup>\n<tbody>\n<tr class=\"firstRow\">\n<td>Modelo<\/td>\n<td>SW10DES\/SW10DES3<\/td>\n<\/tr>\n<tr>\n<td>Frequ\u00eancia (Hz)<\/td>\n<td>50\/60<\/td>\n<\/tr>\n<tr>\n<td>Tens\u00e3o nominal (V)<\/td>\n<td>110\/115\/120\/220\/230\/240\/380\/400\/415\/420<\/td>\n<\/tr>\n<tr>\n<td>Sa\u00edda nominal KW<\/td>\n<td>6.5<\/td>\n<\/tr>\n<tr>\n<td>Sa\u00edda m\u00e1ximaKW<\/td>\n<td>7<\/td>\n<\/tr>\n<tr>\n<td>Sa\u00edda CC<\/td>\n<td>12V-8,3A<\/td>\n<\/tr>\n<tr>\n<td>Fator de pot\u00eancia<\/td>\n<td>1\/0.8<\/td>\n<\/tr>\n<tr>\n<td>N\u00edvel de ru\u00eddo (7 m) db(A)<\/td>\n<td>72<\/td>\n<\/tr>\n<tr>\n<td>Modelo do motor<\/td>\n<td>S192FEW<\/td>\n<\/tr>\n<tr>\n<td>Tipo de motor<\/td>\n<td>Cilindro \u00fanico, refrigerado a \u00e1gua e ar, 4 tempos<\/td>\n<\/tr>\n<tr>\n<td>Di\u00e2metro*Tra\u00e7o (mm)<\/td>\n<td>92*75<\/td>\n<\/tr>\n<tr>\n<td>Deslocamento (cc)<\/td>\n<td>498<\/td>\n<\/tr>\n<tr>\n<td>Tipo de combust\u00edvel<\/td>\n<td>0 # Diesel (ver\u00e3o), -10# Diesel (inverno), -35# Diesel (muito frio)<\/td>\n<\/tr>\n<tr>\n<td>Capacidade do tanque de combust\u00edvel (L)<\/td>\n<td>20<\/td>\n<\/tr>\n<tr>\n<td>Sistema de partida<\/td>\n<td>Partida el\u00e9trica<\/td>\n<\/tr>\n<tr>\n<td>Peso l\u00edquido (kg)<\/td>\n<td>157<\/td>\n<\/tr>\n<tr>\n<td>Tamanho da embalagem da s\u00e9rie regular\uff08(C*L*A) mm<\/td>\n<td>950*530*700<\/td>\n<\/tr>\n<tr>\n<td>S\u00e9rie Pro Tamanho da embalagem (C*L*A) mm<\/td>\n<td>\/<\/td>\n<\/tr>\n<tr>\n<td>Comprimento e di\u00e2metro do n\u00facleo do motor (mm)<\/td>\n<td>204*140<\/td>\n<\/tr>\n<tr>\n<td>Caracter\u00edsticas Padr\u00e3o<\/td>\n<td>\u25cbopcional, \u25cfConfigura\u00e7\u00e3o padr\u00e3o<\/td>\n<\/tr>\n<tr>\n<td>Prote\u00e7\u00e3o contra \u00f3leo<\/td>\n<td>\u25cf<\/td>\n<\/tr>\n<tr>\n<td>Rodas 4&#215;4&#8243;<\/td>\n<td>\u25cf<\/td>\n<\/tr>\n<tr>\n<td>Interruptor de transfer\u00eancia autom\u00e1tica<\/td>\n<td>\u25cb<\/td>\n<\/tr>\n<tr>\n<td>Modelo adequado de ATS<\/td>\n<td>EX-ATS-001,EX-ATS-002,EX-ATS-003<\/td>\n<\/tr>\n<tr>\n<td>Medidor digital<\/td>\n<td>\u25cb<\/td>\n<\/tr>\n<tr>\n<td>Sistema de partida remota<\/td>\n<td>\u25cb<\/td>\n<\/tr>\n<tr>\n<td>Sa\u00edda USB USB<\/td>\n<td>\u25cb<\/td>\n<\/tr>\n<tr>\n<td>Sa\u00edda mais leve<\/td>\n<td>\u25cb<\/td>\n<\/tr>\n<\/tbody>\n<\/table>\n","protected":false},"excerpt":{"rendered":"<p><strong>Modelo:<\/strong><\/p>\n<div>SW10DES<\/div>\n<div><\/div>\n<div><strong>Sa\u00edda nominal:<\/strong><\/div>\n<div>6.5KW<\/div>\n<div><\/div>\n<div><strong>Sa\u00edda de corrente cont\u00ednua:<\/strong><\/div>\n<div>12V-8,3A<\/div>\n<div><\/div>\n<div><strong>N\u00edvel de ru\u00eddo (7m) db(A):<\/strong><\/div>\n<div>72<\/div>\n","protected":false},"featured_media":4247,"comment_status":"open","ping_status":"closed","template":"","meta":{"site-sidebar-layout":"default","site-content-layout":"","ast-site-content-layout":"default","site-content-style":"default","site-sidebar-style":"default","ast-global-header-display":"","ast-banner-title-visibility":"","ast-main-header-display":"","ast-hfb-above-header-display":"","ast-hfb-below-header-display":"","ast-hfb-mobile-header-display":"","site-post-title":"","ast-breadcrumbs-content":"","ast-featured-img":"","footer-sml-layout":"","theme-transparent-header-meta":"default","adv-header-id-meta":"","stick-header-meta":"","header-above-stick-meta":"","header-main-stick-meta":"","header-below-stick-meta":"","astra-migrate-meta-layouts":"default","ast-page-background-enabled":"default","ast-page-background-meta":{"desktop":{"background-color":"var(--ast-global-color-4)","background-image":"","background-repeat":"repeat","background-position":"center center","background-size":"auto","background-attachment":"scroll","background-type":"","background-media":"","overlay-type":"","overlay-color":"","overlay-opacity":"","overlay-gradient":""},"tablet":{"background-color":"","background-image":"","background-repeat":"repeat","background-position":"center center","background-size":"auto","background-attachment":"scroll","background-type":"","background-media":"","overlay-type":"","overlay-color":"","overlay-opacity":"","overlay-gradient":""},"mobile":{"background-color":"","background-image":"","background-repeat":"repeat","background-position":"center center","background-size":"auto","background-attachment":"scroll","background-type":"","background-media":"","overlay-type":"","overlay-color":"","overlay-opacity":"","overlay-gradient":""}},"ast-content-background-meta":{"desktop":{"background-color":"var(--ast-global-color-5)","background-image":"","background-repeat":"repeat","background-position":"center center","background-size":"auto","background-attachment":"scroll","background-type":"","background-media":"","overlay-type":"","overlay-color":"","overlay-opacity":"","overlay-gradient":""},"tablet":{"background-color":"var(--ast-global-color-5)","background-image":"","background-repeat":"repeat","background-position":"center center","background-size":"auto","background-attachment":"scroll","background-type":"","background-media":"","overlay-type":"","overlay-color":"","overlay-opacity":"","overlay-gradient":""},"mobile":{"background-color":"var(--ast-global-color-5)","background-image":"","background-repeat":"repeat","background-position":"center center","background-size":"auto","background-attachment":"scroll","background-type":"","background-media":"","overlay-type":"","overlay-color":"","overlay-opacity":"","overlay-gradient":""}}},"product_brand":[],"product_cat":[67],"product_tag":[68],"class_list":{"0":"post-4246","1":"product","2":"type-product","3":"status-publish","4":"has-post-thumbnail","6":"product_cat-sem-categoria","7":"product_tag-gerador-silencioso","8":"desktop-align-left","9":"tablet-align-left","10":"mobile-align-left","12":"first","13":"instock","14":"shipping-taxable","15":"product-type-simple"},"yoast_head":"<!-- This site is optimized with the Yoast SEO plugin v26.5 - https:\/\/yoast.com\/wordpress\/plugins\/seo\/ -->\n<title>Gerador silenciado diesel de 7 kW &#8211; Excalibur Generator<\/title>\n<meta name=\"description\" content=\"O gerador a diesel silencioso de 6,5 kva fornece energia de reserva confi\u00e1vel com baixas emiss\u00f5es de ru\u00eddo. Ideal para resid\u00eancias e empresas, ele garante desempenho eficiente durante interrup\u00e7\u00f5es.\" \/>\n<meta name=\"robots\" content=\"index, follow, max-snippet:-1, max-image-preview:large, max-video-preview:-1\" \/>\n<link rel=\"canonical\" href=\"https:\/\/www.excalibur-generator.com\/pt-br\/gerador-silenciado-diesel-de-7-kw\/\" \/>\n<meta name=\"twitter:label1\" content=\"Est. tempo de leitura\" \/>\n\t<meta name=\"twitter:data1\" content=\"1 minuto\" \/>\n<script type=\"application\/ld+json\" class=\"yoast-schema-graph\">{\"@context\":\"https:\/\/schema.org\",\"@graph\":[{\"@type\":\"WebPage\",\"@id\":\"https:\/\/www.excalibur-generator.com\/pt-br\/gerador-silenciado-diesel-de-7-kw\/\",\"url\":\"https:\/\/www.excalibur-generator.com\/pt-br\/gerador-silenciado-diesel-de-7-kw\/\",\"name\":\"Gerador silenciado diesel de 7 kW &#8211; Excalibur Generator\",\"isPartOf\":{\"@id\":\"https:\/\/www.excalibur-generator.com\/pt-br\/#website\"},\"primaryImageOfPage\":{\"@id\":\"https:\/\/www.excalibur-generator.com\/pt-br\/gerador-silenciado-diesel-de-7-kw\/#primaryimage\"},\"image\":{\"@id\":\"https:\/\/www.excalibur-generator.com\/pt-br\/gerador-silenciado-diesel-de-7-kw\/#primaryimage\"},\"thumbnailUrl\":\"https:\/\/www.excalibur-generator.com\/wp-content\/uploads\/2024\/05\/7kva-silent-diesel-generator.webp\",\"datePublished\":\"2024-05-27T01:56:39+00:00\",\"description\":\"O gerador a diesel silencioso de 6,5 kva fornece energia de reserva confi\u00e1vel com baixas emiss\u00f5es de ru\u00eddo. Ideal para resid\u00eancias e empresas, ele garante desempenho eficiente durante interrup\u00e7\u00f5es.\",\"breadcrumb\":{\"@id\":\"https:\/\/www.excalibur-generator.com\/pt-br\/gerador-silenciado-diesel-de-7-kw\/#breadcrumb\"},\"inLanguage\":\"pt-BR\",\"potentialAction\":[{\"@type\":\"ReadAction\",\"target\":[\"https:\/\/www.excalibur-generator.com\/pt-br\/gerador-silenciado-diesel-de-7-kw\/\"]}]},{\"@type\":\"ImageObject\",\"inLanguage\":\"pt-BR\",\"@id\":\"https:\/\/www.excalibur-generator.com\/pt-br\/gerador-silenciado-diesel-de-7-kw\/#primaryimage\",\"url\":\"https:\/\/www.excalibur-generator.com\/wp-content\/uploads\/2024\/05\/7kva-silent-diesel-generator.webp\",\"contentUrl\":\"https:\/\/www.excalibur-generator.com\/wp-content\/uploads\/2024\/05\/7kva-silent-diesel-generator.webp\",\"width\":800,\"height\":800,\"caption\":\"gerador diesel silencioso de 7 kVA\"},{\"@type\":\"BreadcrumbList\",\"@id\":\"https:\/\/www.excalibur-generator.com\/pt-br\/gerador-silenciado-diesel-de-7-kw\/#breadcrumb\",\"itemListElement\":[{\"@type\":\"ListItem\",\"position\":1,\"name\":\"Home\",\"item\":\"https:\/\/www.excalibur-generator.com\/pt-br\/\"},{\"@type\":\"ListItem\",\"position\":2,\"name\":\"Produtos\",\"item\":\"https:\/\/www.excalibur-generator.com\/pt-br\/produtos.html\"},{\"@type\":\"ListItem\",\"position\":3,\"name\":\"Gerador silenciado diesel de 7 kW\"}]},{\"@type\":\"WebSite\",\"@id\":\"https:\/\/www.excalibur-generator.com\/pt-br\/#website\",\"url\":\"https:\/\/www.excalibur-generator.com\/pt-br\/\",\"name\":\"Excalibur Generator\",\"description\":\"\",\"publisher\":{\"@id\":\"https:\/\/www.excalibur-generator.com\/pt-br\/#organization\"},\"potentialAction\":[{\"@type\":\"SearchAction\",\"target\":{\"@type\":\"EntryPoint\",\"urlTemplate\":\"https:\/\/www.excalibur-generator.com\/pt-br\/?s={search_term_string}\"},\"query-input\":{\"@type\":\"PropertyValueSpecification\",\"valueRequired\":true,\"valueName\":\"search_term_string\"}}],\"inLanguage\":\"pt-BR\"},{\"@type\":\"Organization\",\"@id\":\"https:\/\/www.excalibur-generator.com\/pt-br\/#organization\",\"name\":\"Excalibur Generator\",\"url\":\"https:\/\/www.excalibur-generator.com\/pt-br\/\",\"logo\":{\"@type\":\"ImageObject\",\"inLanguage\":\"pt-BR\",\"@id\":\"https:\/\/www.excalibur-generator.com\/pt-br\/#\/schema\/logo\/image\/\",\"url\":\"https:\/\/www.excalibur-generator.com\/wp-content\/uploads\/2024\/05\/EXCALIBUR.png\",\"contentUrl\":\"https:\/\/www.excalibur-generator.com\/wp-content\/uploads\/2024\/05\/EXCALIBUR.png\",\"width\":350,\"height\":79,\"caption\":\"Excalibur Generator\"},\"image\":{\"@id\":\"https:\/\/www.excalibur-generator.com\/pt-br\/#\/schema\/logo\/image\/\"}}]}<\/script>\n<!-- \/ Yoast SEO plugin. -->","yoast_head_json":{"title":"Gerador silenciado diesel de 7 kW &#8211; Excalibur Generator","description":"O gerador a diesel silencioso de 6,5 kva fornece energia de reserva confi\u00e1vel com baixas emiss\u00f5es de ru\u00eddo. Ideal para resid\u00eancias e empresas, ele garante desempenho eficiente durante interrup\u00e7\u00f5es.","robots":{"index":"index","follow":"follow","max-snippet":"max-snippet:-1","max-image-preview":"max-image-preview:large","max-video-preview":"max-video-preview:-1"},"canonical":"https:\/\/www.excalibur-generator.com\/pt-br\/gerador-silenciado-diesel-de-7-kw\/","twitter_misc":{"Est. tempo de leitura":"1 minuto"},"schema":{"@context":"https:\/\/schema.org","@graph":[{"@type":"WebPage","@id":"https:\/\/www.excalibur-generator.com\/pt-br\/gerador-silenciado-diesel-de-7-kw\/","url":"https:\/\/www.excalibur-generator.com\/pt-br\/gerador-silenciado-diesel-de-7-kw\/","name":"Gerador silenciado diesel de 7 kW &#8211; Excalibur Generator","isPartOf":{"@id":"https:\/\/www.excalibur-generator.com\/pt-br\/#website"},"primaryImageOfPage":{"@id":"https:\/\/www.excalibur-generator.com\/pt-br\/gerador-silenciado-diesel-de-7-kw\/#primaryimage"},"image":{"@id":"https:\/\/www.excalibur-generator.com\/pt-br\/gerador-silenciado-diesel-de-7-kw\/#primaryimage"},"thumbnailUrl":"https:\/\/www.excalibur-generator.com\/wp-content\/uploads\/2024\/05\/7kva-silent-diesel-generator.webp","datePublished":"2024-05-27T01:56:39+00:00","description":"O gerador a diesel silencioso de 6,5 kva fornece energia de reserva confi\u00e1vel com baixas emiss\u00f5es de ru\u00eddo. Ideal para resid\u00eancias e empresas, ele garante desempenho eficiente durante interrup\u00e7\u00f5es.","breadcrumb":{"@id":"https:\/\/www.excalibur-generator.com\/pt-br\/gerador-silenciado-diesel-de-7-kw\/#breadcrumb"},"inLanguage":"pt-BR","potentialAction":[{"@type":"ReadAction","target":["https:\/\/www.excalibur-generator.com\/pt-br\/gerador-silenciado-diesel-de-7-kw\/"]}]},{"@type":"ImageObject","inLanguage":"pt-BR","@id":"https:\/\/www.excalibur-generator.com\/pt-br\/gerador-silenciado-diesel-de-7-kw\/#primaryimage","url":"https:\/\/www.excalibur-generator.com\/wp-content\/uploads\/2024\/05\/7kva-silent-diesel-generator.webp","contentUrl":"https:\/\/www.excalibur-generator.com\/wp-content\/uploads\/2024\/05\/7kva-silent-diesel-generator.webp","width":800,"height":800,"caption":"gerador diesel silencioso de 7 kVA"},{"@type":"BreadcrumbList","@id":"https:\/\/www.excalibur-generator.com\/pt-br\/gerador-silenciado-diesel-de-7-kw\/#breadcrumb","itemListElement":[{"@type":"ListItem","position":1,"name":"Home","item":"https:\/\/www.excalibur-generator.com\/pt-br\/"},{"@type":"ListItem","position":2,"name":"Produtos","item":"https:\/\/www.excalibur-generator.com\/pt-br\/produtos.html"},{"@type":"ListItem","position":3,"name":"Gerador silenciado diesel de 7 kW"}]},{"@type":"WebSite","@id":"https:\/\/www.excalibur-generator.com\/pt-br\/#website","url":"https:\/\/www.excalibur-generator.com\/pt-br\/","name":"Excalibur Generator","description":"","publisher":{"@id":"https:\/\/www.excalibur-generator.com\/pt-br\/#organization"},"potentialAction":[{"@type":"SearchAction","target":{"@type":"EntryPoint","urlTemplate":"https:\/\/www.excalibur-generator.com\/pt-br\/?s={search_term_string}"},"query-input":{"@type":"PropertyValueSpecification","valueRequired":true,"valueName":"search_term_string"}}],"inLanguage":"pt-BR"},{"@type":"Organization","@id":"https:\/\/www.excalibur-generator.com\/pt-br\/#organization","name":"Excalibur Generator","url":"https:\/\/www.excalibur-generator.com\/pt-br\/","logo":{"@type":"ImageObject","inLanguage":"pt-BR","@id":"https:\/\/www.excalibur-generator.com\/pt-br\/#\/schema\/logo\/image\/","url":"https:\/\/www.excalibur-generator.com\/wp-content\/uploads\/2024\/05\/EXCALIBUR.png","contentUrl":"https:\/\/www.excalibur-generator.com\/wp-content\/uploads\/2024\/05\/EXCALIBUR.png","width":350,"height":79,"caption":"Excalibur Generator"},"image":{"@id":"https:\/\/www.excalibur-generator.com\/pt-br\/#\/schema\/logo\/image\/"}}]}},"_links":{"self":[{"href":"https:\/\/www.excalibur-generator.com\/pt-br\/wp-json\/wp\/v2\/product\/4246","targetHints":{"allow":["GET"]}}],"collection":[{"href":"https:\/\/www.excalibur-generator.com\/pt-br\/wp-json\/wp\/v2\/product"}],"about":[{"href":"https:\/\/www.excalibur-generator.com\/pt-br\/wp-json\/wp\/v2\/types\/product"}],"replies":[{"embeddable":true,"href":"https:\/\/www.excalibur-generator.com\/pt-br\/wp-json\/wp\/v2\/comments?post=4246"}],"wp:featuredmedia":[{"embeddable":true,"href":"https:\/\/www.excalibur-generator.com\/pt-br\/wp-json\/wp\/v2\/media\/4247"}],"wp:attachment":[{"href":"https:\/\/www.excalibur-generator.com\/pt-br\/wp-json\/wp\/v2\/media?parent=4246"}],"wp:term":[{"taxonomy":"product_brand","embeddable":true,"href":"https:\/\/www.excalibur-generator.com\/pt-br\/wp-json\/wp\/v2\/product_brand?post=4246"},{"taxonomy":"product_cat","embeddable":true,"href":"https:\/\/www.excalibur-generator.com\/pt-br\/wp-json\/wp\/v2\/product_cat?post=4246"},{"taxonomy":"product_tag","embeddable":true,"href":"https:\/\/www.excalibur-generator.com\/pt-br\/wp-json\/wp\/v2\/product_tag?post=4246"}],"curies":[{"name":"wp","href":"https:\/\/api.w.org\/{rel}","templated":true}]}}