{"id":4260,"date":"2024-05-27T09:41:26","date_gmt":"2024-05-27T01:41:26","guid":{"rendered":"https:\/\/www.excalibur-generator.com\/gerador-a-gasolina-aberto-inversor-5kw-7kw\/"},"modified":"2024-05-27T09:41:26","modified_gmt":"2024-05-27T01:41:26","slug":"gerador-a-gasolina-aberto-inversor-5kw-7kw","status":"publish","type":"product","link":"https:\/\/www.excalibur-generator.com\/pt-br\/gerador-a-gasolina-aberto-inversor-5kw-7kw\/","title":{"rendered":"Gerador a gasolina aberto inversor 5kw\/7kw"},"content":{"rendered":"<table align=\"center\">\n<colgroup>\n<col>\n<col>\n<col><\/colgroup>\n<tbody>\n<tr class=\"firstRow\">\n<td>Modelo Gerador<\/td>\n<td>S6000iD<\/td>\n<td>S8000iD<\/td>\n<\/tr>\n<tr>\n<td>Tipo de gerador<\/td>\n<td colspan=\"2\">GERADOR INVERSOR<\/td>\n<\/tr>\n<tr>\n<td>Frequ\u00eancia de corrente alternada (Hz)<\/td>\n<td>50<\/td>\n<td>50<\/td>\n<\/tr>\n<tr>\n<td>Sa\u00edda CC (V\/A)<\/td>\n<td>12\/8.3<\/td>\n<td>12\/8.3<\/td>\n<\/tr>\n<tr>\n<td>Tens\u00e3o de sa\u00edda de corrente alternada (V)<\/td>\n<td>230<\/td>\n<td>230<\/td>\n<\/tr>\n<tr>\n<td>Atual A<\/td>\n<td>24<\/td>\n<td>30.4<\/td>\n<\/tr>\n<tr>\n<td>Sa\u00edda de corrente alternada cont\u00ednua (Kw)<\/td>\n<td>5<\/td>\n<td>7<\/td>\n<\/tr>\n<tr>\n<td>Sa\u00edda m\u00e1xima de corrente alternada (Kw)<\/td>\n<td>5.5<\/td>\n<td>7.5<\/td>\n<\/tr>\n<tr>\n<td>N\u00famero da fase<\/td>\n<td>Fase \u00fanica<\/td>\n<td>Monof\u00e1sico<\/td>\n<\/tr>\n<tr>\n<td>Modelo do motor<\/td>\n<td>S300<\/td>\n<td>S420<\/td>\n<\/tr>\n<tr>\n<td>Tipo de motor<\/td>\n<td colspan=\"2\">Cilindro \u00fanico, refrigera\u00e7\u00e3o for\u00e7ada a ar, 4 tempos<\/td>\n<\/tr>\n<tr>\n<td>Sistema de partida<\/td>\n<td colspan=\"2\">Partida de recuo\/Partida el\u00e9trica<\/td>\n<\/tr>\n<tr>\n<td>Furo*Curso (mm)<\/td>\n<td>80\u00d760<\/td>\n<td>90&#215;66<\/td>\n<\/tr>\n<tr>\n<td>Capacidade do tanque de combust\u00edvel (L)<\/td>\n<td>16<\/td>\n<td>16<\/td>\n<\/tr>\n<tr>\n<td>Capacidade de \u00f3leo (L)<\/td>\n<td>0.8<\/td>\n<td>1.1<\/td>\n<\/tr>\n<tr>\n<td>Soquetes<\/td>\n<td colspan=\"2\">Soquete europeu (opcional)<\/td>\n<\/tr>\n<tr>\n<td>Dimens\u00f5es da embalagem (mm)<\/td>\n<td>605X514X537<\/td>\n<td>605X514X537<\/td>\n<\/tr>\n<tr>\n<td>Peso l\u00edquido (kg)<\/td>\n<td>60<\/td>\n<td>65<\/td>\n<\/tr>\n<tr>\n<td>Deslocamento (ml)<\/td>\n<td>300<\/td>\n<td>420<\/td>\n<\/tr>\n<tr>\n<td>Consumo de combust\u00edvel (g\/kw.h)<\/td>\n<td>600<\/td>\n<td>1000<\/td>\n<\/tr>\n<tr>\n<td>Tempo de funcionamento cont\u00ednuo (h)<\/td>\n<td>9,0 (50% de carga)<\/td>\n<td>5(50% de carga)<\/td>\n<\/tr>\n<tr>\n<td>Certifica\u00e7\u00e3o<\/td>\n<td colspan=\"2\"><\/td>\n<\/tr>\n<tr>\n<td>Prote\u00e7\u00e3o contra \u00f3leo<\/td>\n<td>\u25cf<\/td>\n<td>\u25cf<\/td>\n<\/tr>\n<tr>\n<td>Medidor de exibi\u00e7\u00e3o<\/td>\n<td>\u25cf<\/td>\n<td>\u25cf<\/td>\n<\/tr>\n<tr>\n<td>Sa\u00edda USB<\/td>\n<td>\u25cf<\/td>\n<td>\u25cf<\/td>\n<\/tr>\n<tr>\n<td>Sa\u00edda de corrente cont\u00ednua 12V<\/td>\n<td>\u25cf<\/td>\n<td>\u25cf<\/td>\n<\/tr>\n<tr>\n<td>Sa\u00edda mais leve<\/td>\n<td>\u25cb<\/td>\n<td>\u25cb<\/td>\n<\/tr>\n<tr>\n<td>Modo de partida<\/td>\n<td>\u25cf<\/td>\n<td>\u25cf<\/td>\n<\/tr>\n<tr>\n<td>In\u00edcio remoto<\/td>\n<td>\u25cb<\/td>\n<td>\u25cb<\/td>\n<\/tr>\n<tr>\n<td>Modo paralelo<\/td>\n<td>\u25cf<\/td>\n<td>\u25cf<\/td>\n<\/tr>\n<tr>\n<td>THD(%)<\/td>\n<td>\u22643<\/td>\n<td>\u22643<\/td>\n<\/tr>\n<\/tbody>\n<\/table>\n","protected":false},"excerpt":{"rendered":"<p><strong>Modelo:<\/strong><\/p>\n<div>S6000iD<\/div>\n<div>S8000iD<\/div>\n<div><\/div>\n<div><strong>Sa\u00edda de corrente alternada cont\u00ednua:<\/strong><\/div>\n<div>5KW\/7KW<\/div>\n<div><\/div>\n<div><strong>Sa\u00edda de corrente cont\u00ednua:<\/strong><\/div>\n<div>12V\/8.3A<\/div>\n","protected":false},"featured_media":4261,"comment_status":"open","ping_status":"closed","template":"","meta":{"site-sidebar-layout":"default","site-content-layout":"","ast-site-content-layout":"default","site-content-style":"default","site-sidebar-style":"default","ast-global-header-display":"","ast-banner-title-visibility":"","ast-main-header-display":"","ast-hfb-above-header-display":"","ast-hfb-below-header-display":"","ast-hfb-mobile-header-display":"","site-post-title":"","ast-breadcrumbs-content":"","ast-featured-img":"","footer-sml-layout":"","theme-transparent-header-meta":"default","adv-header-id-meta":"","stick-header-meta":"","header-above-stick-meta":"","header-main-stick-meta":"","header-below-stick-meta":"","astra-migrate-meta-layouts":"default","ast-page-background-enabled":"default","ast-page-background-meta":{"desktop":{"background-color":"var(--ast-global-color-4)","background-image":"","background-repeat":"repeat","background-position":"center center","background-size":"auto","background-attachment":"scroll","background-type":"","background-media":"","overlay-type":"","overlay-color":"","overlay-opacity":"","overlay-gradient":""},"tablet":{"background-color":"","background-image":"","background-repeat":"repeat","background-position":"center center","background-size":"auto","background-attachment":"scroll","background-type":"","background-media":"","overlay-type":"","overlay-color":"","overlay-opacity":"","overlay-gradient":""},"mobile":{"background-color":"","background-image":"","background-repeat":"repeat","background-position":"center center","background-size":"auto","background-attachment":"scroll","background-type":"","background-media":"","overlay-type":"","overlay-color":"","overlay-opacity":"","overlay-gradient":""}},"ast-content-background-meta":{"desktop":{"background-color":"var(--ast-global-color-5)","background-image":"","background-repeat":"repeat","background-position":"center center","background-size":"auto","background-attachment":"scroll","background-type":"","background-media":"","overlay-type":"","overlay-color":"","overlay-opacity":"","overlay-gradient":""},"tablet":{"background-color":"var(--ast-global-color-5)","background-image":"","background-repeat":"repeat","background-position":"center center","background-size":"auto","background-attachment":"scroll","background-type":"","background-media":"","overlay-type":"","overlay-color":"","overlay-opacity":"","overlay-gradient":""},"mobile":{"background-color":"var(--ast-global-color-5)","background-image":"","background-repeat":"repeat","background-position":"center center","background-size":"auto","background-attachment":"scroll","background-type":"","background-media":"","overlay-type":"","overlay-color":"","overlay-opacity":"","overlay-gradient":""}}},"product_brand":[],"product_cat":[67],"product_tag":[69],"class_list":{"0":"post-4260","1":"product","2":"type-product","3":"status-publish","4":"has-post-thumbnail","6":"product_cat-sem-categoria","7":"product_tag-gerador-aberto","8":"desktop-align-left","9":"tablet-align-left","10":"mobile-align-left","12":"first","13":"instock","14":"shipping-taxable","15":"product-type-simple"},"yoast_head":"<!-- This site is optimized with the Yoast SEO plugin v26.5 - https:\/\/yoast.com\/wordpress\/plugins\/seo\/ -->\n<title>Gerador a gasolina aberto inversor 5kw\/7kw &#8211; Excalibur Generator<\/title>\n<meta name=\"description\" content=\"Geradores inversores de estrutura aberta 5kW\/7kW fornece energia confi\u00e1vel para v\u00e1rias aplica\u00e7\u00f5es. Com tecnologia de inversor avan\u00e7ada, ele garante uma sa\u00edda de eletricidade est\u00e1vel e eficiente, tornando-o vers\u00e1til e confi\u00e1vel.\" \/>\n<meta name=\"robots\" content=\"index, follow, max-snippet:-1, max-image-preview:large, max-video-preview:-1\" \/>\n<link rel=\"canonical\" href=\"https:\/\/www.excalibur-generator.com\/pt-br\/gerador-a-gasolina-aberto-inversor-5kw-7kw\/\" \/>\n<meta name=\"twitter:label1\" content=\"Est. tempo de leitura\" \/>\n\t<meta name=\"twitter:data1\" content=\"1 minuto\" \/>\n<script type=\"application\/ld+json\" class=\"yoast-schema-graph\">{\"@context\":\"https:\/\/schema.org\",\"@graph\":[{\"@type\":\"WebPage\",\"@id\":\"https:\/\/www.excalibur-generator.com\/pt-br\/gerador-a-gasolina-aberto-inversor-5kw-7kw\/\",\"url\":\"https:\/\/www.excalibur-generator.com\/pt-br\/gerador-a-gasolina-aberto-inversor-5kw-7kw\/\",\"name\":\"Gerador a gasolina aberto inversor 5kw\/7kw &#8211; Excalibur Generator\",\"isPartOf\":{\"@id\":\"https:\/\/www.excalibur-generator.com\/pt-br\/#website\"},\"primaryImageOfPage\":{\"@id\":\"https:\/\/www.excalibur-generator.com\/pt-br\/gerador-a-gasolina-aberto-inversor-5kw-7kw\/#primaryimage\"},\"image\":{\"@id\":\"https:\/\/www.excalibur-generator.com\/pt-br\/gerador-a-gasolina-aberto-inversor-5kw-7kw\/#primaryimage\"},\"thumbnailUrl\":\"https:\/\/www.excalibur-generator.com\/wp-content\/uploads\/2024\/05\/Inverter-Gasoline-Generator-open.webp\",\"datePublished\":\"2024-05-27T01:41:26+00:00\",\"description\":\"Geradores inversores de estrutura aberta 5kW\/7kW fornece energia confi\u00e1vel para v\u00e1rias aplica\u00e7\u00f5es. Com tecnologia de inversor avan\u00e7ada, ele garante uma sa\u00edda de eletricidade est\u00e1vel e eficiente, tornando-o vers\u00e1til e confi\u00e1vel.\",\"breadcrumb\":{\"@id\":\"https:\/\/www.excalibur-generator.com\/pt-br\/gerador-a-gasolina-aberto-inversor-5kw-7kw\/#breadcrumb\"},\"inLanguage\":\"pt-BR\",\"potentialAction\":[{\"@type\":\"ReadAction\",\"target\":[\"https:\/\/www.excalibur-generator.com\/pt-br\/gerador-a-gasolina-aberto-inversor-5kw-7kw\/\"]}]},{\"@type\":\"ImageObject\",\"inLanguage\":\"pt-BR\",\"@id\":\"https:\/\/www.excalibur-generator.com\/pt-br\/gerador-a-gasolina-aberto-inversor-5kw-7kw\/#primaryimage\",\"url\":\"https:\/\/www.excalibur-generator.com\/wp-content\/uploads\/2024\/05\/Inverter-Gasoline-Generator-open.webp\",\"contentUrl\":\"https:\/\/www.excalibur-generator.com\/wp-content\/uploads\/2024\/05\/Inverter-Gasoline-Generator-open.webp\",\"width\":800,\"height\":800,\"caption\":\"Inversor-Gasolina-Gerador-aberto\"},{\"@type\":\"BreadcrumbList\",\"@id\":\"https:\/\/www.excalibur-generator.com\/pt-br\/gerador-a-gasolina-aberto-inversor-5kw-7kw\/#breadcrumb\",\"itemListElement\":[{\"@type\":\"ListItem\",\"position\":1,\"name\":\"Home\",\"item\":\"https:\/\/www.excalibur-generator.com\/pt-br\/\"},{\"@type\":\"ListItem\",\"position\":2,\"name\":\"Produtos\",\"item\":\"https:\/\/www.excalibur-generator.com\/pt-br\/produtos.html\"},{\"@type\":\"ListItem\",\"position\":3,\"name\":\"Gerador a gasolina aberto inversor 5kw\/7kw\"}]},{\"@type\":\"WebSite\",\"@id\":\"https:\/\/www.excalibur-generator.com\/pt-br\/#website\",\"url\":\"https:\/\/www.excalibur-generator.com\/pt-br\/\",\"name\":\"Excalibur Generator\",\"description\":\"\",\"publisher\":{\"@id\":\"https:\/\/www.excalibur-generator.com\/pt-br\/#organization\"},\"potentialAction\":[{\"@type\":\"SearchAction\",\"target\":{\"@type\":\"EntryPoint\",\"urlTemplate\":\"https:\/\/www.excalibur-generator.com\/pt-br\/?s={search_term_string}\"},\"query-input\":{\"@type\":\"PropertyValueSpecification\",\"valueRequired\":true,\"valueName\":\"search_term_string\"}}],\"inLanguage\":\"pt-BR\"},{\"@type\":\"Organization\",\"@id\":\"https:\/\/www.excalibur-generator.com\/pt-br\/#organization\",\"name\":\"Excalibur Generator\",\"url\":\"https:\/\/www.excalibur-generator.com\/pt-br\/\",\"logo\":{\"@type\":\"ImageObject\",\"inLanguage\":\"pt-BR\",\"@id\":\"https:\/\/www.excalibur-generator.com\/pt-br\/#\/schema\/logo\/image\/\",\"url\":\"https:\/\/www.excalibur-generator.com\/wp-content\/uploads\/2024\/05\/EXCALIBUR.png\",\"contentUrl\":\"https:\/\/www.excalibur-generator.com\/wp-content\/uploads\/2024\/05\/EXCALIBUR.png\",\"width\":350,\"height\":79,\"caption\":\"Excalibur Generator\"},\"image\":{\"@id\":\"https:\/\/www.excalibur-generator.com\/pt-br\/#\/schema\/logo\/image\/\"}}]}<\/script>\n<!-- \/ Yoast SEO plugin. -->","yoast_head_json":{"title":"Gerador a gasolina aberto inversor 5kw\/7kw &#8211; Excalibur Generator","description":"Geradores inversores de estrutura aberta 5kW\/7kW fornece energia confi\u00e1vel para v\u00e1rias aplica\u00e7\u00f5es. Com tecnologia de inversor avan\u00e7ada, ele garante uma sa\u00edda de eletricidade est\u00e1vel e eficiente, tornando-o vers\u00e1til e confi\u00e1vel.","robots":{"index":"index","follow":"follow","max-snippet":"max-snippet:-1","max-image-preview":"max-image-preview:large","max-video-preview":"max-video-preview:-1"},"canonical":"https:\/\/www.excalibur-generator.com\/pt-br\/gerador-a-gasolina-aberto-inversor-5kw-7kw\/","twitter_misc":{"Est. tempo de leitura":"1 minuto"},"schema":{"@context":"https:\/\/schema.org","@graph":[{"@type":"WebPage","@id":"https:\/\/www.excalibur-generator.com\/pt-br\/gerador-a-gasolina-aberto-inversor-5kw-7kw\/","url":"https:\/\/www.excalibur-generator.com\/pt-br\/gerador-a-gasolina-aberto-inversor-5kw-7kw\/","name":"Gerador a gasolina aberto inversor 5kw\/7kw &#8211; Excalibur Generator","isPartOf":{"@id":"https:\/\/www.excalibur-generator.com\/pt-br\/#website"},"primaryImageOfPage":{"@id":"https:\/\/www.excalibur-generator.com\/pt-br\/gerador-a-gasolina-aberto-inversor-5kw-7kw\/#primaryimage"},"image":{"@id":"https:\/\/www.excalibur-generator.com\/pt-br\/gerador-a-gasolina-aberto-inversor-5kw-7kw\/#primaryimage"},"thumbnailUrl":"https:\/\/www.excalibur-generator.com\/wp-content\/uploads\/2024\/05\/Inverter-Gasoline-Generator-open.webp","datePublished":"2024-05-27T01:41:26+00:00","description":"Geradores inversores de estrutura aberta 5kW\/7kW fornece energia confi\u00e1vel para v\u00e1rias aplica\u00e7\u00f5es. Com tecnologia de inversor avan\u00e7ada, ele garante uma sa\u00edda de eletricidade est\u00e1vel e eficiente, tornando-o vers\u00e1til e confi\u00e1vel.","breadcrumb":{"@id":"https:\/\/www.excalibur-generator.com\/pt-br\/gerador-a-gasolina-aberto-inversor-5kw-7kw\/#breadcrumb"},"inLanguage":"pt-BR","potentialAction":[{"@type":"ReadAction","target":["https:\/\/www.excalibur-generator.com\/pt-br\/gerador-a-gasolina-aberto-inversor-5kw-7kw\/"]}]},{"@type":"ImageObject","inLanguage":"pt-BR","@id":"https:\/\/www.excalibur-generator.com\/pt-br\/gerador-a-gasolina-aberto-inversor-5kw-7kw\/#primaryimage","url":"https:\/\/www.excalibur-generator.com\/wp-content\/uploads\/2024\/05\/Inverter-Gasoline-Generator-open.webp","contentUrl":"https:\/\/www.excalibur-generator.com\/wp-content\/uploads\/2024\/05\/Inverter-Gasoline-Generator-open.webp","width":800,"height":800,"caption":"Inversor-Gasolina-Gerador-aberto"},{"@type":"BreadcrumbList","@id":"https:\/\/www.excalibur-generator.com\/pt-br\/gerador-a-gasolina-aberto-inversor-5kw-7kw\/#breadcrumb","itemListElement":[{"@type":"ListItem","position":1,"name":"Home","item":"https:\/\/www.excalibur-generator.com\/pt-br\/"},{"@type":"ListItem","position":2,"name":"Produtos","item":"https:\/\/www.excalibur-generator.com\/pt-br\/produtos.html"},{"@type":"ListItem","position":3,"name":"Gerador a gasolina aberto inversor 5kw\/7kw"}]},{"@type":"WebSite","@id":"https:\/\/www.excalibur-generator.com\/pt-br\/#website","url":"https:\/\/www.excalibur-generator.com\/pt-br\/","name":"Excalibur Generator","description":"","publisher":{"@id":"https:\/\/www.excalibur-generator.com\/pt-br\/#organization"},"potentialAction":[{"@type":"SearchAction","target":{"@type":"EntryPoint","urlTemplate":"https:\/\/www.excalibur-generator.com\/pt-br\/?s={search_term_string}"},"query-input":{"@type":"PropertyValueSpecification","valueRequired":true,"valueName":"search_term_string"}}],"inLanguage":"pt-BR"},{"@type":"Organization","@id":"https:\/\/www.excalibur-generator.com\/pt-br\/#organization","name":"Excalibur Generator","url":"https:\/\/www.excalibur-generator.com\/pt-br\/","logo":{"@type":"ImageObject","inLanguage":"pt-BR","@id":"https:\/\/www.excalibur-generator.com\/pt-br\/#\/schema\/logo\/image\/","url":"https:\/\/www.excalibur-generator.com\/wp-content\/uploads\/2024\/05\/EXCALIBUR.png","contentUrl":"https:\/\/www.excalibur-generator.com\/wp-content\/uploads\/2024\/05\/EXCALIBUR.png","width":350,"height":79,"caption":"Excalibur Generator"},"image":{"@id":"https:\/\/www.excalibur-generator.com\/pt-br\/#\/schema\/logo\/image\/"}}]}},"_links":{"self":[{"href":"https:\/\/www.excalibur-generator.com\/pt-br\/wp-json\/wp\/v2\/product\/4260","targetHints":{"allow":["GET"]}}],"collection":[{"href":"https:\/\/www.excalibur-generator.com\/pt-br\/wp-json\/wp\/v2\/product"}],"about":[{"href":"https:\/\/www.excalibur-generator.com\/pt-br\/wp-json\/wp\/v2\/types\/product"}],"replies":[{"embeddable":true,"href":"https:\/\/www.excalibur-generator.com\/pt-br\/wp-json\/wp\/v2\/comments?post=4260"}],"wp:featuredmedia":[{"embeddable":true,"href":"https:\/\/www.excalibur-generator.com\/pt-br\/wp-json\/wp\/v2\/media\/4261"}],"wp:attachment":[{"href":"https:\/\/www.excalibur-generator.com\/pt-br\/wp-json\/wp\/v2\/media?parent=4260"}],"wp:term":[{"taxonomy":"product_brand","embeddable":true,"href":"https:\/\/www.excalibur-generator.com\/pt-br\/wp-json\/wp\/v2\/product_brand?post=4260"},{"taxonomy":"product_cat","embeddable":true,"href":"https:\/\/www.excalibur-generator.com\/pt-br\/wp-json\/wp\/v2\/product_cat?post=4260"},{"taxonomy":"product_tag","embeddable":true,"href":"https:\/\/www.excalibur-generator.com\/pt-br\/wp-json\/wp\/v2\/product_tag?post=4260"}],"curies":[{"name":"wp","href":"https:\/\/api.w.org\/{rel}","templated":true}]}}