{"id":4263,"date":"2024-05-27T09:37:00","date_gmt":"2024-05-27T01:37:00","guid":{"rendered":"https:\/\/www.excalibur-generator.com\/gerador-inversor-a-gasolina-aberto-220-v-ca\/"},"modified":"2024-09-27T13:20:37","modified_gmt":"2024-09-27T05:20:37","slug":"gerador-inversor-a-gasolina-aberto-220-v-ca","status":"publish","type":"product","link":"https:\/\/www.excalibur-generator.com\/pt-br\/gerador-inversor-a-gasolina-aberto-220-v-ca.html","title":{"rendered":"Gerador inversor a gasolina aberto 220 V CA"},"content":{"rendered":"<ul>\n<li>Usando alternador sem escova de \u00edm\u00e3 permanente, 100% cobre, a taxa de convers\u00e3o \u00e9 de at\u00e9 90%, economizando combust\u00edvel em cerca de 10%.<\/li>\n<li>Sa\u00edda de energia est\u00e1vel, THD &lt; 3%.<\/li>\n<li>V\u00e1rias m\u00e1quinas podem ser conectadas em paralelo.<\/li>\n<li>Tamanho compacto e peso leve, menos de 32 kg.<\/li>\n<\/ul>\n<table align=\"center\">\n<colgroup>\n<col \/>\n<col \/>\n<col \/>\n<col \/><\/colgroup>\n<tbody>\n<tr class=\"firstRow\">\n<td>Modelo<\/td>\n<td>SX40001<\/td>\n<td>SX5000i<\/td>\n<td>SX6000i<\/td>\n<\/tr>\n<tr>\n<td>Tens\u00e3o nominal<\/td>\n<td>220V AC<\/td>\n<td>220V AC<\/td>\n<td>220V AC<\/td>\n<\/tr>\n<tr>\n<td>Frequ\u00eancia Nominal<\/td>\n<td>50Hz<\/td>\n<td>50Hz<\/td>\n<td>50Hz<\/td>\n<\/tr>\n<tr>\n<td>Corrente nominal<\/td>\n<td>13A<\/td>\n<td>17A<\/td>\n<td>20A<\/td>\n<\/tr>\n<tr>\n<td>Sa\u00edda nominal<\/td>\n<td>3200W<\/td>\n<td>4000W<\/td>\n<td>4500W<\/td>\n<\/tr>\n<tr>\n<td>Sa\u00edda M\u00e1xima<\/td>\n<td>3500W<\/td>\n<td>4200W<\/td>\n<td>5000W<\/td>\n<\/tr>\n<tr>\n<td>Taxa de distor\u00e7\u00e3o(Distor\u00e7\u00e3o harm\u00f4nica total)<\/td>\n<td>&lt;3%<\/td>\n<td>&lt;3%<\/td>\n<td>&lt;3%<\/td>\n<\/tr>\n<\/tbody>\n<\/table>\n","protected":false},"excerpt":{"rendered":"<p><strong>Modelo:<\/strong><\/p>\n<div>SX4000i<\/div>\n<div>SX5000i<\/div>\n<div>SX6000i<\/div>\n<div><\/div>\n<div><strong>Sa\u00edda nominal:<\/strong><\/div>\n<div>3.2KW\/4KW\/4.5KW<\/div>\n<div><strong>Corrente nominal:<\/strong><\/div>\n<div>13A\/17A\/20A<\/div>\n","protected":false},"featured_media":4264,"comment_status":"open","ping_status":"closed","template":"","meta":{"site-sidebar-layout":"default","site-content-layout":"","ast-site-content-layout":"default","site-content-style":"default","site-sidebar-style":"default","ast-global-header-display":"","ast-banner-title-visibility":"","ast-main-header-display":"","ast-hfb-above-header-display":"","ast-hfb-below-header-display":"","ast-hfb-mobile-header-display":"","site-post-title":"","ast-breadcrumbs-content":"","ast-featured-img":"","footer-sml-layout":"","theme-transparent-header-meta":"default","adv-header-id-meta":"","stick-header-meta":"","header-above-stick-meta":"","header-main-stick-meta":"","header-below-stick-meta":"","astra-migrate-meta-layouts":"set","ast-page-background-enabled":"default","ast-page-background-meta":{"desktop":{"background-color":"var(--ast-global-color-4)","background-image":"","background-repeat":"repeat","background-position":"center center","background-size":"auto","background-attachment":"scroll","background-type":"","background-media":"","overlay-type":"","overlay-color":"","overlay-opacity":"","overlay-gradient":""},"tablet":{"background-color":"","background-image":"","background-repeat":"repeat","background-position":"center center","background-size":"auto","background-attachment":"scroll","background-type":"","background-media":"","overlay-type":"","overlay-color":"","overlay-opacity":"","overlay-gradient":""},"mobile":{"background-color":"","background-image":"","background-repeat":"repeat","background-position":"center center","background-size":"auto","background-attachment":"scroll","background-type":"","background-media":"","overlay-type":"","overlay-color":"","overlay-opacity":"","overlay-gradient":""}},"ast-content-background-meta":{"desktop":{"background-color":"var(--ast-global-color-5)","background-image":"","background-repeat":"repeat","background-position":"center center","background-size":"auto","background-attachment":"scroll","background-type":"","background-media":"","overlay-type":"","overlay-color":"","overlay-opacity":"","overlay-gradient":""},"tablet":{"background-color":"var(--ast-global-color-5)","background-image":"","background-repeat":"repeat","background-position":"center center","background-size":"auto","background-attachment":"scroll","background-type":"","background-media":"","overlay-type":"","overlay-color":"","overlay-opacity":"","overlay-gradient":""},"mobile":{"background-color":"var(--ast-global-color-5)","background-image":"","background-repeat":"repeat","background-position":"center center","background-size":"auto","background-attachment":"scroll","background-type":"","background-media":"","overlay-type":"","overlay-color":"","overlay-opacity":"","overlay-gradient":""}}},"product_brand":[],"product_cat":[67],"product_tag":[69],"class_list":{"0":"post-4263","1":"product","2":"type-product","3":"status-publish","4":"has-post-thumbnail","6":"product_cat-sem-categoria","7":"product_tag-gerador-aberto","8":"desktop-align-left","9":"tablet-align-left","10":"mobile-align-left","12":"first","13":"instock","14":"shipping-taxable","15":"product-type-simple"},"yoast_head":"<!-- This site is optimized with the Yoast SEO plugin v26.5 - https:\/\/yoast.com\/wordpress\/plugins\/seo\/ -->\n<title>Gerador inversor a gasolina aberto 220 V CA &#8211; Excalibur Generator<\/title>\n<meta name=\"description\" content=\"O gerador inversor a gasolina aberto de 220 V CA fornece uma solu\u00e7\u00e3o de energia port\u00e1til. Com tecnologia de inversor eficiente, ele garante uma sa\u00edda est\u00e1vel de 220 V, tornando-o ideal para diversos dispositivos e aparelhos eletr\u00f4nicos.\" \/>\n<meta name=\"robots\" content=\"index, follow, max-snippet:-1, max-image-preview:large, max-video-preview:-1\" \/>\n<link rel=\"canonical\" href=\"https:\/\/www.excalibur-generator.com\/pt-br\/gerador-inversor-a-gasolina-aberto-220-v-ca.html\" \/>\n<meta name=\"twitter:label1\" content=\"Est. tempo de leitura\" \/>\n\t<meta name=\"twitter:data1\" content=\"1 minuto\" \/>\n<script type=\"application\/ld+json\" class=\"yoast-schema-graph\">{\"@context\":\"https:\/\/schema.org\",\"@graph\":[{\"@type\":\"WebPage\",\"@id\":\"https:\/\/www.excalibur-generator.com\/pt-br\/gerador-inversor-a-gasolina-aberto-220-v-ca.html\",\"url\":\"https:\/\/www.excalibur-generator.com\/pt-br\/gerador-inversor-a-gasolina-aberto-220-v-ca.html\",\"name\":\"Gerador inversor a gasolina aberto 220 V CA &#8211; Excalibur Generator\",\"isPartOf\":{\"@id\":\"https:\/\/www.excalibur-generator.com\/pt-br\/#website\"},\"primaryImageOfPage\":{\"@id\":\"https:\/\/www.excalibur-generator.com\/pt-br\/gerador-inversor-a-gasolina-aberto-220-v-ca.html#primaryimage\"},\"image\":{\"@id\":\"https:\/\/www.excalibur-generator.com\/pt-br\/gerador-inversor-a-gasolina-aberto-220-v-ca.html#primaryimage\"},\"thumbnailUrl\":\"https:\/\/www.excalibur-generator.com\/wp-content\/uploads\/2024\/05\/open-Inverter-Gasoline-Generator.webp\",\"datePublished\":\"2024-05-27T01:37:00+00:00\",\"dateModified\":\"2024-09-27T05:20:37+00:00\",\"description\":\"O gerador inversor a gasolina aberto de 220 V CA fornece uma solu\u00e7\u00e3o de energia port\u00e1til. Com tecnologia de inversor eficiente, ele garante uma sa\u00edda est\u00e1vel de 220 V, tornando-o ideal para diversos dispositivos e aparelhos eletr\u00f4nicos.\",\"breadcrumb\":{\"@id\":\"https:\/\/www.excalibur-generator.com\/pt-br\/gerador-inversor-a-gasolina-aberto-220-v-ca.html#breadcrumb\"},\"inLanguage\":\"pt-BR\",\"potentialAction\":[{\"@type\":\"ReadAction\",\"target\":[\"https:\/\/www.excalibur-generator.com\/pt-br\/gerador-inversor-a-gasolina-aberto-220-v-ca.html\"]}]},{\"@type\":\"ImageObject\",\"inLanguage\":\"pt-BR\",\"@id\":\"https:\/\/www.excalibur-generator.com\/pt-br\/gerador-inversor-a-gasolina-aberto-220-v-ca.html#primaryimage\",\"url\":\"https:\/\/www.excalibur-generator.com\/wp-content\/uploads\/2024\/05\/open-Inverter-Gasoline-Generator.webp\",\"contentUrl\":\"https:\/\/www.excalibur-generator.com\/wp-content\/uploads\/2024\/05\/open-Inverter-Gasoline-Generator.webp\",\"width\":800,\"height\":800,\"caption\":\"gerador a gasolina inversor aberto\"},{\"@type\":\"BreadcrumbList\",\"@id\":\"https:\/\/www.excalibur-generator.com\/pt-br\/gerador-inversor-a-gasolina-aberto-220-v-ca.html#breadcrumb\",\"itemListElement\":[{\"@type\":\"ListItem\",\"position\":1,\"name\":\"Home\",\"item\":\"https:\/\/www.excalibur-generator.com\/pt-br\/\"},{\"@type\":\"ListItem\",\"position\":2,\"name\":\"Produtos\",\"item\":\"https:\/\/www.excalibur-generator.com\/pt-br\/produtos.html\"},{\"@type\":\"ListItem\",\"position\":3,\"name\":\"Gerador inversor a gasolina aberto 220 V CA\"}]},{\"@type\":\"WebSite\",\"@id\":\"https:\/\/www.excalibur-generator.com\/pt-br\/#website\",\"url\":\"https:\/\/www.excalibur-generator.com\/pt-br\/\",\"name\":\"Excalibur Generator\",\"description\":\"\",\"publisher\":{\"@id\":\"https:\/\/www.excalibur-generator.com\/pt-br\/#organization\"},\"potentialAction\":[{\"@type\":\"SearchAction\",\"target\":{\"@type\":\"EntryPoint\",\"urlTemplate\":\"https:\/\/www.excalibur-generator.com\/pt-br\/?s={search_term_string}\"},\"query-input\":{\"@type\":\"PropertyValueSpecification\",\"valueRequired\":true,\"valueName\":\"search_term_string\"}}],\"inLanguage\":\"pt-BR\"},{\"@type\":\"Organization\",\"@id\":\"https:\/\/www.excalibur-generator.com\/pt-br\/#organization\",\"name\":\"Excalibur Generator\",\"url\":\"https:\/\/www.excalibur-generator.com\/pt-br\/\",\"logo\":{\"@type\":\"ImageObject\",\"inLanguage\":\"pt-BR\",\"@id\":\"https:\/\/www.excalibur-generator.com\/pt-br\/#\/schema\/logo\/image\/\",\"url\":\"https:\/\/www.excalibur-generator.com\/wp-content\/uploads\/2024\/05\/EXCALIBUR.png\",\"contentUrl\":\"https:\/\/www.excalibur-generator.com\/wp-content\/uploads\/2024\/05\/EXCALIBUR.png\",\"width\":350,\"height\":79,\"caption\":\"Excalibur Generator\"},\"image\":{\"@id\":\"https:\/\/www.excalibur-generator.com\/pt-br\/#\/schema\/logo\/image\/\"}}]}<\/script>\n<!-- \/ Yoast SEO plugin. -->","yoast_head_json":{"title":"Gerador inversor a gasolina aberto 220 V CA &#8211; Excalibur Generator","description":"O gerador inversor a gasolina aberto de 220 V CA fornece uma solu\u00e7\u00e3o de energia port\u00e1til. Com tecnologia de inversor eficiente, ele garante uma sa\u00edda est\u00e1vel de 220 V, tornando-o ideal para diversos dispositivos e aparelhos eletr\u00f4nicos.","robots":{"index":"index","follow":"follow","max-snippet":"max-snippet:-1","max-image-preview":"max-image-preview:large","max-video-preview":"max-video-preview:-1"},"canonical":"https:\/\/www.excalibur-generator.com\/pt-br\/gerador-inversor-a-gasolina-aberto-220-v-ca.html","twitter_misc":{"Est. tempo de leitura":"1 minuto"},"schema":{"@context":"https:\/\/schema.org","@graph":[{"@type":"WebPage","@id":"https:\/\/www.excalibur-generator.com\/pt-br\/gerador-inversor-a-gasolina-aberto-220-v-ca.html","url":"https:\/\/www.excalibur-generator.com\/pt-br\/gerador-inversor-a-gasolina-aberto-220-v-ca.html","name":"Gerador inversor a gasolina aberto 220 V CA &#8211; Excalibur Generator","isPartOf":{"@id":"https:\/\/www.excalibur-generator.com\/pt-br\/#website"},"primaryImageOfPage":{"@id":"https:\/\/www.excalibur-generator.com\/pt-br\/gerador-inversor-a-gasolina-aberto-220-v-ca.html#primaryimage"},"image":{"@id":"https:\/\/www.excalibur-generator.com\/pt-br\/gerador-inversor-a-gasolina-aberto-220-v-ca.html#primaryimage"},"thumbnailUrl":"https:\/\/www.excalibur-generator.com\/wp-content\/uploads\/2024\/05\/open-Inverter-Gasoline-Generator.webp","datePublished":"2024-05-27T01:37:00+00:00","dateModified":"2024-09-27T05:20:37+00:00","description":"O gerador inversor a gasolina aberto de 220 V CA fornece uma solu\u00e7\u00e3o de energia port\u00e1til. Com tecnologia de inversor eficiente, ele garante uma sa\u00edda est\u00e1vel de 220 V, tornando-o ideal para diversos dispositivos e aparelhos eletr\u00f4nicos.","breadcrumb":{"@id":"https:\/\/www.excalibur-generator.com\/pt-br\/gerador-inversor-a-gasolina-aberto-220-v-ca.html#breadcrumb"},"inLanguage":"pt-BR","potentialAction":[{"@type":"ReadAction","target":["https:\/\/www.excalibur-generator.com\/pt-br\/gerador-inversor-a-gasolina-aberto-220-v-ca.html"]}]},{"@type":"ImageObject","inLanguage":"pt-BR","@id":"https:\/\/www.excalibur-generator.com\/pt-br\/gerador-inversor-a-gasolina-aberto-220-v-ca.html#primaryimage","url":"https:\/\/www.excalibur-generator.com\/wp-content\/uploads\/2024\/05\/open-Inverter-Gasoline-Generator.webp","contentUrl":"https:\/\/www.excalibur-generator.com\/wp-content\/uploads\/2024\/05\/open-Inverter-Gasoline-Generator.webp","width":800,"height":800,"caption":"gerador a gasolina inversor aberto"},{"@type":"BreadcrumbList","@id":"https:\/\/www.excalibur-generator.com\/pt-br\/gerador-inversor-a-gasolina-aberto-220-v-ca.html#breadcrumb","itemListElement":[{"@type":"ListItem","position":1,"name":"Home","item":"https:\/\/www.excalibur-generator.com\/pt-br\/"},{"@type":"ListItem","position":2,"name":"Produtos","item":"https:\/\/www.excalibur-generator.com\/pt-br\/produtos.html"},{"@type":"ListItem","position":3,"name":"Gerador inversor a gasolina aberto 220 V CA"}]},{"@type":"WebSite","@id":"https:\/\/www.excalibur-generator.com\/pt-br\/#website","url":"https:\/\/www.excalibur-generator.com\/pt-br\/","name":"Excalibur Generator","description":"","publisher":{"@id":"https:\/\/www.excalibur-generator.com\/pt-br\/#organization"},"potentialAction":[{"@type":"SearchAction","target":{"@type":"EntryPoint","urlTemplate":"https:\/\/www.excalibur-generator.com\/pt-br\/?s={search_term_string}"},"query-input":{"@type":"PropertyValueSpecification","valueRequired":true,"valueName":"search_term_string"}}],"inLanguage":"pt-BR"},{"@type":"Organization","@id":"https:\/\/www.excalibur-generator.com\/pt-br\/#organization","name":"Excalibur Generator","url":"https:\/\/www.excalibur-generator.com\/pt-br\/","logo":{"@type":"ImageObject","inLanguage":"pt-BR","@id":"https:\/\/www.excalibur-generator.com\/pt-br\/#\/schema\/logo\/image\/","url":"https:\/\/www.excalibur-generator.com\/wp-content\/uploads\/2024\/05\/EXCALIBUR.png","contentUrl":"https:\/\/www.excalibur-generator.com\/wp-content\/uploads\/2024\/05\/EXCALIBUR.png","width":350,"height":79,"caption":"Excalibur Generator"},"image":{"@id":"https:\/\/www.excalibur-generator.com\/pt-br\/#\/schema\/logo\/image\/"}}]}},"_links":{"self":[{"href":"https:\/\/www.excalibur-generator.com\/pt-br\/wp-json\/wp\/v2\/product\/4263","targetHints":{"allow":["GET"]}}],"collection":[{"href":"https:\/\/www.excalibur-generator.com\/pt-br\/wp-json\/wp\/v2\/product"}],"about":[{"href":"https:\/\/www.excalibur-generator.com\/pt-br\/wp-json\/wp\/v2\/types\/product"}],"replies":[{"embeddable":true,"href":"https:\/\/www.excalibur-generator.com\/pt-br\/wp-json\/wp\/v2\/comments?post=4263"}],"wp:featuredmedia":[{"embeddable":true,"href":"https:\/\/www.excalibur-generator.com\/pt-br\/wp-json\/wp\/v2\/media\/4264"}],"wp:attachment":[{"href":"https:\/\/www.excalibur-generator.com\/pt-br\/wp-json\/wp\/v2\/media?parent=4263"}],"wp:term":[{"taxonomy":"product_brand","embeddable":true,"href":"https:\/\/www.excalibur-generator.com\/pt-br\/wp-json\/wp\/v2\/product_brand?post=4263"},{"taxonomy":"product_cat","embeddable":true,"href":"https:\/\/www.excalibur-generator.com\/pt-br\/wp-json\/wp\/v2\/product_cat?post=4263"},{"taxonomy":"product_tag","embeddable":true,"href":"https:\/\/www.excalibur-generator.com\/pt-br\/wp-json\/wp\/v2\/product_tag?post=4263"}],"curies":[{"name":"wp","href":"https:\/\/api.w.org\/{rel}","templated":true}]}}