{"id":4276,"date":"2024-05-27T09:07:51","date_gmt":"2024-05-27T01:07:51","guid":{"rendered":"https:\/\/www.excalibur-generator.com\/gerador-de-energia-a-diesel-24-v-cc\/"},"modified":"2025-07-16T08:47:22","modified_gmt":"2025-07-16T00:47:22","slug":"gerador-de-energia-a-diesel-24-v-cc","status":"publish","type":"product","link":"https:\/\/www.excalibur-generator.com\/pt-br\/gerador-de-energia-a-diesel-24-v-cc.html","title":{"rendered":"Gerador de energia a diesel 24 V CC"},"content":{"rendered":"<h2><strong>A caracter\u00edstica do gerador diesel de 24 V CC<\/strong><\/h2>\n<p>\u25cf Design silencioso, seguro e com baixo consumo de combust\u00edvel<\/p>\n<div>\u25cf Design de apar\u00eancia inovadora, tamanho compacto<\/div>\n<div>\u25cf Motor de \u00edm\u00e3 permanente, 100% cobre, desempenho est\u00e1vel<br \/>\n\u25cfPartida e parada autom\u00e1ticas, prote\u00e7\u00e3o contra falta de \u00f3leo, prote\u00e7\u00e3o contra sobrecarga<\/p>\n<h2><strong>Os par\u00e2metros do gerador diesel de 24 V CC<\/strong><\/h2>\n<p>&nbsp;<\/p>\n<table align=\"center\">\n<colgroup>\n<col>\n<col>\n<col><\/colgroup>\n<tbody>\n<tr class=\"firstRow\">\n<td><\/td>\n<td>Tipo<\/td>\n<td>SDC2000DS<br \/>\n24V DC<\/td>\n<\/tr>\n<tr>\n<td rowspan=\"5\">Motor<\/td>\n<td>Modo do motor<\/td>\n<td>170FB<\/td>\n<\/tr>\n<tr>\n<td>M\u00e9todo de partida<\/td>\n<td>Partida el\u00e9trica<\/td>\n<\/tr>\n<tr>\n<td>Consumo de combust\u00edvel<\/td>\n<td>0,6 L\/h<\/td>\n<\/tr>\n<tr>\n<td>Capacidade de \u00f3leo (L)<\/td>\n<td>0.8<\/td>\n<\/tr>\n<tr>\n<td>Capacidade do tanque de combust\u00edvel (L)<\/td>\n<td>5.5<\/td>\n<\/tr>\n<tr>\n<td rowspan=\"8\">Gerador<\/td>\n<td>Tens\u00e3o (V)<\/td>\n<td>24V<\/td>\n<\/tr>\n<tr>\n<td>Sa\u00edda nominal (KVA)<\/td>\n<td>2<\/td>\n<\/tr>\n<tr>\n<td>Corrente m\u00e1xima de carregamento (A)<\/td>\n<td>75<\/td>\n<\/tr>\n<tr>\n<td>Olho isolante<\/td>\n<td>F<\/td>\n<\/tr>\n<tr>\n<td>N\u00edvel de ru\u00eddo (dB)<\/td>\n<td>\u226472<\/td>\n<\/tr>\n<tr>\n<td>M\u00e9todo de carregamento<\/td>\n<td>Carregamento autom\u00e1tico quando a bateria est\u00e1 sem energia<\/td>\n<\/tr>\n<tr>\n<td>Tamanho da embalagem (C*L*A) (mm)<\/td>\n<td>680*420*525<\/td>\n<\/tr>\n<tr>\n<td>Peso (kg)<\/td>\n<td>65<\/td>\n<\/tr>\n<\/tbody>\n<\/table>\n<\/div>\n","protected":false},"excerpt":{"rendered":"<p><strong>Modelo:<\/strong><\/p>\n<div>SDC2000DS<br \/>\n24V DC<\/div>\n<div><\/div>\n<div><strong>Sa\u00edda nominal:<\/strong><\/div>\n<div>2KVA<\/div>\n<div><\/div>\n<div><strong>N\u00edvel de ru\u00eddo (dB):<\/strong><\/div>\n<div>\u226472<\/div>\n","protected":false},"featured_media":4277,"comment_status":"open","ping_status":"closed","template":"","meta":{"site-sidebar-layout":"default","site-content-layout":"","ast-site-content-layout":"default","site-content-style":"default","site-sidebar-style":"default","ast-global-header-display":"","ast-banner-title-visibility":"","ast-main-header-display":"","ast-hfb-above-header-display":"","ast-hfb-below-header-display":"","ast-hfb-mobile-header-display":"","site-post-title":"","ast-breadcrumbs-content":"","ast-featured-img":"","footer-sml-layout":"","theme-transparent-header-meta":"default","adv-header-id-meta":"","stick-header-meta":"","header-above-stick-meta":"","header-main-stick-meta":"","header-below-stick-meta":"","astra-migrate-meta-layouts":"set","ast-page-background-enabled":"default","ast-page-background-meta":{"desktop":{"background-color":"var(--ast-global-color-4)","background-image":"","background-repeat":"repeat","background-position":"center center","background-size":"auto","background-attachment":"scroll","background-type":"","background-media":"","overlay-type":"","overlay-color":"","overlay-opacity":"","overlay-gradient":""},"tablet":{"background-color":"","background-image":"","background-repeat":"repeat","background-position":"center center","background-size":"auto","background-attachment":"scroll","background-type":"","background-media":"","overlay-type":"","overlay-color":"","overlay-opacity":"","overlay-gradient":""},"mobile":{"background-color":"","background-image":"","background-repeat":"repeat","background-position":"center center","background-size":"auto","background-attachment":"scroll","background-type":"","background-media":"","overlay-type":"","overlay-color":"","overlay-opacity":"","overlay-gradient":""}},"ast-content-background-meta":{"desktop":{"background-color":"var(--ast-global-color-5)","background-image":"","background-repeat":"repeat","background-position":"center center","background-size":"auto","background-attachment":"scroll","background-type":"","background-media":"","overlay-type":"","overlay-color":"","overlay-opacity":"","overlay-gradient":""},"tablet":{"background-color":"var(--ast-global-color-5)","background-image":"","background-repeat":"repeat","background-position":"center center","background-size":"auto","background-attachment":"scroll","background-type":"","background-media":"","overlay-type":"","overlay-color":"","overlay-opacity":"","overlay-gradient":""},"mobile":{"background-color":"var(--ast-global-color-5)","background-image":"","background-repeat":"repeat","background-position":"center center","background-size":"auto","background-attachment":"scroll","background-type":"","background-media":"","overlay-type":"","overlay-color":"","overlay-opacity":"","overlay-gradient":""}}},"product_brand":[],"product_cat":[67],"product_tag":[],"class_list":{"0":"post-4276","1":"product","2":"type-product","3":"status-publish","4":"has-post-thumbnail","6":"product_cat-sem-categoria","7":"desktop-align-left","8":"tablet-align-left","9":"mobile-align-left","11":"first","12":"instock","13":"shipping-taxable","14":"product-type-simple"},"yoast_head":"<!-- This site is optimized with the Yoast SEO plugin v26.5 - https:\/\/yoast.com\/wordpress\/plugins\/seo\/ -->\n<title>Gerador de energia a diesel 24 V CC &#8211; Excalibur Generator<\/title>\n<meta name=\"description\" content=\"O gerador a diesel 24V DC fornece energia confi\u00e1vel para v\u00e1rias aplica\u00e7\u00f5es. Compacto e eficiente, ele fornece 24 volts de corrente cont\u00ednua, adequado para necessidades de energia off-grid em diversas configura\u00e7\u00f5es.\" \/>\n<meta name=\"robots\" content=\"index, follow, max-snippet:-1, max-image-preview:large, max-video-preview:-1\" \/>\n<link rel=\"canonical\" href=\"https:\/\/www.excalibur-generator.com\/pt-br\/gerador-de-energia-a-diesel-24-v-cc.html\" \/>\n<meta name=\"twitter:label1\" content=\"Est. tempo de leitura\" \/>\n\t<meta name=\"twitter:data1\" content=\"1 minuto\" \/>\n<script type=\"application\/ld+json\" class=\"yoast-schema-graph\">{\"@context\":\"https:\/\/schema.org\",\"@graph\":[{\"@type\":\"WebPage\",\"@id\":\"https:\/\/www.excalibur-generator.com\/pt-br\/gerador-de-energia-a-diesel-24-v-cc.html\",\"url\":\"https:\/\/www.excalibur-generator.com\/pt-br\/gerador-de-energia-a-diesel-24-v-cc.html\",\"name\":\"Gerador de energia a diesel 24 V CC &#8211; Excalibur Generator\",\"isPartOf\":{\"@id\":\"https:\/\/www.excalibur-generator.com\/pt-br\/#website\"},\"primaryImageOfPage\":{\"@id\":\"https:\/\/www.excalibur-generator.com\/pt-br\/gerador-de-energia-a-diesel-24-v-cc.html#primaryimage\"},\"image\":{\"@id\":\"https:\/\/www.excalibur-generator.com\/pt-br\/gerador-de-energia-a-diesel-24-v-cc.html#primaryimage\"},\"thumbnailUrl\":\"https:\/\/www.excalibur-generator.com\/wp-content\/uploads\/2024\/05\/24V-DC-Diesel-Generator.webp\",\"datePublished\":\"2024-05-27T01:07:51+00:00\",\"dateModified\":\"2025-07-16T00:47:22+00:00\",\"description\":\"O gerador a diesel 24V DC fornece energia confi\u00e1vel para v\u00e1rias aplica\u00e7\u00f5es. Compacto e eficiente, ele fornece 24 volts de corrente cont\u00ednua, adequado para necessidades de energia off-grid em diversas configura\u00e7\u00f5es.\",\"breadcrumb\":{\"@id\":\"https:\/\/www.excalibur-generator.com\/pt-br\/gerador-de-energia-a-diesel-24-v-cc.html#breadcrumb\"},\"inLanguage\":\"pt-BR\",\"potentialAction\":[{\"@type\":\"ReadAction\",\"target\":[\"https:\/\/www.excalibur-generator.com\/pt-br\/gerador-de-energia-a-diesel-24-v-cc.html\"]}]},{\"@type\":\"ImageObject\",\"inLanguage\":\"pt-BR\",\"@id\":\"https:\/\/www.excalibur-generator.com\/pt-br\/gerador-de-energia-a-diesel-24-v-cc.html#primaryimage\",\"url\":\"https:\/\/www.excalibur-generator.com\/wp-content\/uploads\/2024\/05\/24V-DC-Diesel-Generator.webp\",\"contentUrl\":\"https:\/\/www.excalibur-generator.com\/wp-content\/uploads\/2024\/05\/24V-DC-Diesel-Generator.webp\",\"width\":800,\"height\":800,\"caption\":\"Gerador a diesel de 24 V CC\"},{\"@type\":\"BreadcrumbList\",\"@id\":\"https:\/\/www.excalibur-generator.com\/pt-br\/gerador-de-energia-a-diesel-24-v-cc.html#breadcrumb\",\"itemListElement\":[{\"@type\":\"ListItem\",\"position\":1,\"name\":\"Home\",\"item\":\"https:\/\/www.excalibur-generator.com\/pt-br\/\"},{\"@type\":\"ListItem\",\"position\":2,\"name\":\"Produtos\",\"item\":\"https:\/\/www.excalibur-generator.com\/pt-br\/produtos.html\"},{\"@type\":\"ListItem\",\"position\":3,\"name\":\"Gerador de energia a diesel 24 V CC\"}]},{\"@type\":\"WebSite\",\"@id\":\"https:\/\/www.excalibur-generator.com\/pt-br\/#website\",\"url\":\"https:\/\/www.excalibur-generator.com\/pt-br\/\",\"name\":\"Excalibur Generator\",\"description\":\"\",\"publisher\":{\"@id\":\"https:\/\/www.excalibur-generator.com\/pt-br\/#organization\"},\"potentialAction\":[{\"@type\":\"SearchAction\",\"target\":{\"@type\":\"EntryPoint\",\"urlTemplate\":\"https:\/\/www.excalibur-generator.com\/pt-br\/?s={search_term_string}\"},\"query-input\":{\"@type\":\"PropertyValueSpecification\",\"valueRequired\":true,\"valueName\":\"search_term_string\"}}],\"inLanguage\":\"pt-BR\"},{\"@type\":\"Organization\",\"@id\":\"https:\/\/www.excalibur-generator.com\/pt-br\/#organization\",\"name\":\"Excalibur Generator\",\"url\":\"https:\/\/www.excalibur-generator.com\/pt-br\/\",\"logo\":{\"@type\":\"ImageObject\",\"inLanguage\":\"pt-BR\",\"@id\":\"https:\/\/www.excalibur-generator.com\/pt-br\/#\/schema\/logo\/image\/\",\"url\":\"https:\/\/www.excalibur-generator.com\/wp-content\/uploads\/2024\/05\/EXCALIBUR.png\",\"contentUrl\":\"https:\/\/www.excalibur-generator.com\/wp-content\/uploads\/2024\/05\/EXCALIBUR.png\",\"width\":350,\"height\":79,\"caption\":\"Excalibur Generator\"},\"image\":{\"@id\":\"https:\/\/www.excalibur-generator.com\/pt-br\/#\/schema\/logo\/image\/\"}}]}<\/script>\n<!-- \/ Yoast SEO plugin. -->","yoast_head_json":{"title":"Gerador de energia a diesel 24 V CC &#8211; Excalibur Generator","description":"O gerador a diesel 24V DC fornece energia confi\u00e1vel para v\u00e1rias aplica\u00e7\u00f5es. Compacto e eficiente, ele fornece 24 volts de corrente cont\u00ednua, adequado para necessidades de energia off-grid em diversas configura\u00e7\u00f5es.","robots":{"index":"index","follow":"follow","max-snippet":"max-snippet:-1","max-image-preview":"max-image-preview:large","max-video-preview":"max-video-preview:-1"},"canonical":"https:\/\/www.excalibur-generator.com\/pt-br\/gerador-de-energia-a-diesel-24-v-cc.html","twitter_misc":{"Est. tempo de leitura":"1 minuto"},"schema":{"@context":"https:\/\/schema.org","@graph":[{"@type":"WebPage","@id":"https:\/\/www.excalibur-generator.com\/pt-br\/gerador-de-energia-a-diesel-24-v-cc.html","url":"https:\/\/www.excalibur-generator.com\/pt-br\/gerador-de-energia-a-diesel-24-v-cc.html","name":"Gerador de energia a diesel 24 V CC &#8211; Excalibur Generator","isPartOf":{"@id":"https:\/\/www.excalibur-generator.com\/pt-br\/#website"},"primaryImageOfPage":{"@id":"https:\/\/www.excalibur-generator.com\/pt-br\/gerador-de-energia-a-diesel-24-v-cc.html#primaryimage"},"image":{"@id":"https:\/\/www.excalibur-generator.com\/pt-br\/gerador-de-energia-a-diesel-24-v-cc.html#primaryimage"},"thumbnailUrl":"https:\/\/www.excalibur-generator.com\/wp-content\/uploads\/2024\/05\/24V-DC-Diesel-Generator.webp","datePublished":"2024-05-27T01:07:51+00:00","dateModified":"2025-07-16T00:47:22+00:00","description":"O gerador a diesel 24V DC fornece energia confi\u00e1vel para v\u00e1rias aplica\u00e7\u00f5es. Compacto e eficiente, ele fornece 24 volts de corrente cont\u00ednua, adequado para necessidades de energia off-grid em diversas configura\u00e7\u00f5es.","breadcrumb":{"@id":"https:\/\/www.excalibur-generator.com\/pt-br\/gerador-de-energia-a-diesel-24-v-cc.html#breadcrumb"},"inLanguage":"pt-BR","potentialAction":[{"@type":"ReadAction","target":["https:\/\/www.excalibur-generator.com\/pt-br\/gerador-de-energia-a-diesel-24-v-cc.html"]}]},{"@type":"ImageObject","inLanguage":"pt-BR","@id":"https:\/\/www.excalibur-generator.com\/pt-br\/gerador-de-energia-a-diesel-24-v-cc.html#primaryimage","url":"https:\/\/www.excalibur-generator.com\/wp-content\/uploads\/2024\/05\/24V-DC-Diesel-Generator.webp","contentUrl":"https:\/\/www.excalibur-generator.com\/wp-content\/uploads\/2024\/05\/24V-DC-Diesel-Generator.webp","width":800,"height":800,"caption":"Gerador a diesel de 24 V CC"},{"@type":"BreadcrumbList","@id":"https:\/\/www.excalibur-generator.com\/pt-br\/gerador-de-energia-a-diesel-24-v-cc.html#breadcrumb","itemListElement":[{"@type":"ListItem","position":1,"name":"Home","item":"https:\/\/www.excalibur-generator.com\/pt-br\/"},{"@type":"ListItem","position":2,"name":"Produtos","item":"https:\/\/www.excalibur-generator.com\/pt-br\/produtos.html"},{"@type":"ListItem","position":3,"name":"Gerador de energia a diesel 24 V CC"}]},{"@type":"WebSite","@id":"https:\/\/www.excalibur-generator.com\/pt-br\/#website","url":"https:\/\/www.excalibur-generator.com\/pt-br\/","name":"Excalibur Generator","description":"","publisher":{"@id":"https:\/\/www.excalibur-generator.com\/pt-br\/#organization"},"potentialAction":[{"@type":"SearchAction","target":{"@type":"EntryPoint","urlTemplate":"https:\/\/www.excalibur-generator.com\/pt-br\/?s={search_term_string}"},"query-input":{"@type":"PropertyValueSpecification","valueRequired":true,"valueName":"search_term_string"}}],"inLanguage":"pt-BR"},{"@type":"Organization","@id":"https:\/\/www.excalibur-generator.com\/pt-br\/#organization","name":"Excalibur Generator","url":"https:\/\/www.excalibur-generator.com\/pt-br\/","logo":{"@type":"ImageObject","inLanguage":"pt-BR","@id":"https:\/\/www.excalibur-generator.com\/pt-br\/#\/schema\/logo\/image\/","url":"https:\/\/www.excalibur-generator.com\/wp-content\/uploads\/2024\/05\/EXCALIBUR.png","contentUrl":"https:\/\/www.excalibur-generator.com\/wp-content\/uploads\/2024\/05\/EXCALIBUR.png","width":350,"height":79,"caption":"Excalibur Generator"},"image":{"@id":"https:\/\/www.excalibur-generator.com\/pt-br\/#\/schema\/logo\/image\/"}}]}},"_links":{"self":[{"href":"https:\/\/www.excalibur-generator.com\/pt-br\/wp-json\/wp\/v2\/product\/4276","targetHints":{"allow":["GET"]}}],"collection":[{"href":"https:\/\/www.excalibur-generator.com\/pt-br\/wp-json\/wp\/v2\/product"}],"about":[{"href":"https:\/\/www.excalibur-generator.com\/pt-br\/wp-json\/wp\/v2\/types\/product"}],"replies":[{"embeddable":true,"href":"https:\/\/www.excalibur-generator.com\/pt-br\/wp-json\/wp\/v2\/comments?post=4276"}],"wp:featuredmedia":[{"embeddable":true,"href":"https:\/\/www.excalibur-generator.com\/pt-br\/wp-json\/wp\/v2\/media\/4277"}],"wp:attachment":[{"href":"https:\/\/www.excalibur-generator.com\/pt-br\/wp-json\/wp\/v2\/media?parent=4276"}],"wp:term":[{"taxonomy":"product_brand","embeddable":true,"href":"https:\/\/www.excalibur-generator.com\/pt-br\/wp-json\/wp\/v2\/product_brand?post=4276"},{"taxonomy":"product_cat","embeddable":true,"href":"https:\/\/www.excalibur-generator.com\/pt-br\/wp-json\/wp\/v2\/product_cat?post=4276"},{"taxonomy":"product_tag","embeddable":true,"href":"https:\/\/www.excalibur-generator.com\/pt-br\/wp-json\/wp\/v2\/product_tag?post=4276"}],"curies":[{"name":"wp","href":"https:\/\/api.w.org\/{rel}","templated":true}]}}