{"id":4279,"date":"2024-05-27T09:04:57","date_gmt":"2024-05-27T01:04:57","guid":{"rendered":"https:\/\/www.excalibur-generator.com\/gerador-soldador-a-diesel-silencioso-de-2-kw-5-kw\/"},"modified":"2024-09-27T14:51:45","modified_gmt":"2024-09-27T06:51:45","slug":"gerador-soldador-a-diesel-silencioso-de-2-kw-5-kw","status":"publish","type":"product","link":"https:\/\/www.excalibur-generator.com\/pt-br\/gerador-soldador-a-diesel-silencioso-de-2-kw-5-kw.html","title":{"rendered":"Gerador soldador a diesel silencioso de 2 kW\/5 kW"},"content":{"rendered":"<table align=\"center\">\n<colgroup>\n<col \/>\n<col \/>\n<col \/>\n<col \/><\/colgroup>\n<tbody>\n<tr class=\"firstRow\">\n<td>Modelo<\/td>\n<td>S6500DSW-1<\/td>\n<td>S7500DSW-1<\/td>\n<td>S8500DSW-1<\/td>\n<\/tr>\n<tr>\n<td>Frequ\u00eancia (HZ)<\/td>\n<td colspan=\"3\">50\/60<\/td>\n<\/tr>\n<tr>\n<td>Tens\u00e3o nominal (V)<\/td>\n<td colspan=\"3\">110,120,220,230,240<\/td>\n<\/tr>\n<tr>\n<td>Pot\u00eancia nominal de sa\u00edda KW<\/td>\n<td>4.6\/5.0 1.8\/2.0<\/td>\n<td>2.0\/2.2 5.0\/5.5<\/td>\n<td>2.8\/3.0 6.0\/6.5<\/td>\n<\/tr>\n<tr>\n<td>Sa\u00edda CC<\/td>\n<td colspan=\"3\">12V-8,3A<\/td>\n<\/tr>\n<tr>\n<td>Fator de pot\u00eancia<\/td>\n<td colspan=\"3\">1.0<\/td>\n<\/tr>\n<tr>\n<td>Tens\u00e3o de soldagem (CC) (V)<\/td>\n<td colspan=\"3\">25-30<\/td>\n<\/tr>\n<tr>\n<td>Corrente nominal de soldagem CC<\/td>\n<td>50A-180A<\/td>\n<td>50A-190A<\/td>\n<td>50A-230A<\/td>\n<\/tr>\n<tr>\n<td>Eletrodo (mm)<\/td>\n<td colspan=\"3\">1.6-4.0<\/td>\n<\/tr>\n<tr>\n<td>N\u00edvel de ru\u00eddo (7m)db(A)<\/td>\n<td colspan=\"3\">69-72<\/td>\n<\/tr>\n<tr>\n<td>Modelo do motor<\/td>\n<td>S186FA(E)<\/td>\n<td>S188FB(E)<\/td>\n<td>S192F(E)<\/td>\n<\/tr>\n<tr>\n<td>Capacidade do tanque de combust\u00edvel (L)<\/td>\n<td colspan=\"3\">20<\/td>\n<\/tr>\n<tr>\n<td>Tempo de execu\u00e7\u00e3o cont\u00ednua (h)<\/td>\n<td>9.1<\/td>\n<td>8.3<\/td>\n<td>6.7<\/td>\n<\/tr>\n<tr>\n<td>Sistema de partida<\/td>\n<td colspan=\"3\">Partida el\u00e9trica<\/td>\n<\/tr>\n<tr>\n<td>Tamanho da embalagem (C*L*A) mm<\/td>\n<td colspan=\"3\">950*545*710<\/td>\n<\/tr>\n<tr>\n<td>Peso l\u00edquido (KG)<\/td>\n<td>153<\/td>\n<td>155<\/td>\n<td>160<\/td>\n<\/tr>\n<\/tbody>\n<\/table>\n","protected":false},"excerpt":{"rendered":"<p><strong>Modelo:<\/strong><\/p>\n<div>S6500DSW<\/div>\n<div><\/div>\n<div><strong>Sa\u00edda nominal:<\/strong><\/div>\n<div>4.6KW\/5KW<\/div>\n<div><\/div>\n<div><strong>Corrente nominal:<\/strong><\/div>\n<div>50A-230A<\/div>\n<div><\/div>\n<div><strong>Sa\u00edda de corrente cont\u00ednua:<\/strong><\/div>\n<div>12V-8,3A<\/div>\n<div><\/div>\n<div><strong>N\u00edvel de ru\u00eddo (7m) db(A):<\/strong><\/div>\n<div>69-72<\/div>\n","protected":false},"featured_media":4280,"comment_status":"open","ping_status":"closed","template":"","meta":{"site-sidebar-layout":"default","site-content-layout":"","ast-site-content-layout":"default","site-content-style":"default","site-sidebar-style":"default","ast-global-header-display":"","ast-banner-title-visibility":"","ast-main-header-display":"","ast-hfb-above-header-display":"","ast-hfb-below-header-display":"","ast-hfb-mobile-header-display":"","site-post-title":"","ast-breadcrumbs-content":"","ast-featured-img":"","footer-sml-layout":"","theme-transparent-header-meta":"default","adv-header-id-meta":"","stick-header-meta":"","header-above-stick-meta":"","header-main-stick-meta":"","header-below-stick-meta":"","astra-migrate-meta-layouts":"set","ast-page-background-enabled":"default","ast-page-background-meta":{"desktop":{"background-color":"var(--ast-global-color-4)","background-image":"","background-repeat":"repeat","background-position":"center center","background-size":"auto","background-attachment":"scroll","background-type":"","background-media":"","overlay-type":"","overlay-color":"","overlay-opacity":"","overlay-gradient":""},"tablet":{"background-color":"","background-image":"","background-repeat":"repeat","background-position":"center center","background-size":"auto","background-attachment":"scroll","background-type":"","background-media":"","overlay-type":"","overlay-color":"","overlay-opacity":"","overlay-gradient":""},"mobile":{"background-color":"","background-image":"","background-repeat":"repeat","background-position":"center center","background-size":"auto","background-attachment":"scroll","background-type":"","background-media":"","overlay-type":"","overlay-color":"","overlay-opacity":"","overlay-gradient":""}},"ast-content-background-meta":{"desktop":{"background-color":"var(--ast-global-color-5)","background-image":"","background-repeat":"repeat","background-position":"center center","background-size":"auto","background-attachment":"scroll","background-type":"","background-media":"","overlay-type":"","overlay-color":"","overlay-opacity":"","overlay-gradient":""},"tablet":{"background-color":"var(--ast-global-color-5)","background-image":"","background-repeat":"repeat","background-position":"center center","background-size":"auto","background-attachment":"scroll","background-type":"","background-media":"","overlay-type":"","overlay-color":"","overlay-opacity":"","overlay-gradient":""},"mobile":{"background-color":"var(--ast-global-color-5)","background-image":"","background-repeat":"repeat","background-position":"center center","background-size":"auto","background-attachment":"scroll","background-type":"","background-media":"","overlay-type":"","overlay-color":"","overlay-opacity":"","overlay-gradient":""}}},"product_brand":[],"product_cat":[67],"product_tag":[68],"class_list":{"0":"post-4279","1":"product","2":"type-product","3":"status-publish","4":"has-post-thumbnail","6":"product_cat-sem-categoria","7":"product_tag-gerador-silencioso","8":"desktop-align-left","9":"tablet-align-left","10":"mobile-align-left","12":"first","13":"instock","14":"shipping-taxable","15":"product-type-simple"},"yoast_head":"<!-- This site is optimized with the Yoast SEO plugin v26.5 - https:\/\/yoast.com\/wordpress\/plugins\/seo\/ -->\n<title>Gerador soldador a diesel silencioso de 2 kW\/5 kW &#8211; Excalibur Generator<\/title>\n<meta name=\"description\" content=\"O Soldador e Gerador a Diesel Silencioso de 2kw\/5kw proporciona soldagem e gera\u00e7\u00e3o de energia silenciosas e eficientes. Com um design silencioso, ele garante versatilidade e confiabilidade para diversas aplica\u00e7\u00f5es.\" \/>\n<meta name=\"robots\" content=\"index, follow, max-snippet:-1, max-image-preview:large, max-video-preview:-1\" \/>\n<link rel=\"canonical\" href=\"https:\/\/www.excalibur-generator.com\/pt-br\/gerador-soldador-a-diesel-silencioso-de-2-kw-5-kw.html\" \/>\n<meta name=\"twitter:label1\" content=\"Est. tempo de leitura\" \/>\n\t<meta name=\"twitter:data1\" content=\"1 minuto\" \/>\n<script type=\"application\/ld+json\" class=\"yoast-schema-graph\">{\"@context\":\"https:\/\/schema.org\",\"@graph\":[{\"@type\":\"WebPage\",\"@id\":\"https:\/\/www.excalibur-generator.com\/pt-br\/gerador-soldador-a-diesel-silencioso-de-2-kw-5-kw.html\",\"url\":\"https:\/\/www.excalibur-generator.com\/pt-br\/gerador-soldador-a-diesel-silencioso-de-2-kw-5-kw.html\",\"name\":\"Gerador soldador a diesel silencioso de 2 kW\/5 kW &#8211; Excalibur Generator\",\"isPartOf\":{\"@id\":\"https:\/\/www.excalibur-generator.com\/pt-br\/#website\"},\"primaryImageOfPage\":{\"@id\":\"https:\/\/www.excalibur-generator.com\/pt-br\/gerador-soldador-a-diesel-silencioso-de-2-kw-5-kw.html#primaryimage\"},\"image\":{\"@id\":\"https:\/\/www.excalibur-generator.com\/pt-br\/gerador-soldador-a-diesel-silencioso-de-2-kw-5-kw.html#primaryimage\"},\"thumbnailUrl\":\"https:\/\/www.excalibur-generator.com\/wp-content\/uploads\/2024\/05\/Silent-diesel-welder-generator.webp\",\"datePublished\":\"2024-05-27T01:04:57+00:00\",\"dateModified\":\"2024-09-27T06:51:45+00:00\",\"description\":\"O Soldador e Gerador a Diesel Silencioso de 2kw\/5kw proporciona soldagem e gera\u00e7\u00e3o de energia silenciosas e eficientes. Com um design silencioso, ele garante versatilidade e confiabilidade para diversas aplica\u00e7\u00f5es.\",\"breadcrumb\":{\"@id\":\"https:\/\/www.excalibur-generator.com\/pt-br\/gerador-soldador-a-diesel-silencioso-de-2-kw-5-kw.html#breadcrumb\"},\"inLanguage\":\"pt-BR\",\"potentialAction\":[{\"@type\":\"ReadAction\",\"target\":[\"https:\/\/www.excalibur-generator.com\/pt-br\/gerador-soldador-a-diesel-silencioso-de-2-kw-5-kw.html\"]}]},{\"@type\":\"ImageObject\",\"inLanguage\":\"pt-BR\",\"@id\":\"https:\/\/www.excalibur-generator.com\/pt-br\/gerador-soldador-a-diesel-silencioso-de-2-kw-5-kw.html#primaryimage\",\"url\":\"https:\/\/www.excalibur-generator.com\/wp-content\/uploads\/2024\/05\/Silent-diesel-welder-generator.webp\",\"contentUrl\":\"https:\/\/www.excalibur-generator.com\/wp-content\/uploads\/2024\/05\/Silent-diesel-welder-generator.webp\",\"width\":800,\"height\":800,\"caption\":\"Gerador de solda a diesel silencioso\"},{\"@type\":\"BreadcrumbList\",\"@id\":\"https:\/\/www.excalibur-generator.com\/pt-br\/gerador-soldador-a-diesel-silencioso-de-2-kw-5-kw.html#breadcrumb\",\"itemListElement\":[{\"@type\":\"ListItem\",\"position\":1,\"name\":\"Home\",\"item\":\"https:\/\/www.excalibur-generator.com\/pt-br\/\"},{\"@type\":\"ListItem\",\"position\":2,\"name\":\"Produtos\",\"item\":\"https:\/\/www.excalibur-generator.com\/pt-br\/produtos.html\"},{\"@type\":\"ListItem\",\"position\":3,\"name\":\"Gerador soldador a diesel silencioso de 2 kW\/5 kW\"}]},{\"@type\":\"WebSite\",\"@id\":\"https:\/\/www.excalibur-generator.com\/pt-br\/#website\",\"url\":\"https:\/\/www.excalibur-generator.com\/pt-br\/\",\"name\":\"Excalibur Generator\",\"description\":\"\",\"publisher\":{\"@id\":\"https:\/\/www.excalibur-generator.com\/pt-br\/#organization\"},\"potentialAction\":[{\"@type\":\"SearchAction\",\"target\":{\"@type\":\"EntryPoint\",\"urlTemplate\":\"https:\/\/www.excalibur-generator.com\/pt-br\/?s={search_term_string}\"},\"query-input\":{\"@type\":\"PropertyValueSpecification\",\"valueRequired\":true,\"valueName\":\"search_term_string\"}}],\"inLanguage\":\"pt-BR\"},{\"@type\":\"Organization\",\"@id\":\"https:\/\/www.excalibur-generator.com\/pt-br\/#organization\",\"name\":\"Excalibur Generator\",\"url\":\"https:\/\/www.excalibur-generator.com\/pt-br\/\",\"logo\":{\"@type\":\"ImageObject\",\"inLanguage\":\"pt-BR\",\"@id\":\"https:\/\/www.excalibur-generator.com\/pt-br\/#\/schema\/logo\/image\/\",\"url\":\"https:\/\/www.excalibur-generator.com\/wp-content\/uploads\/2024\/05\/EXCALIBUR.png\",\"contentUrl\":\"https:\/\/www.excalibur-generator.com\/wp-content\/uploads\/2024\/05\/EXCALIBUR.png\",\"width\":350,\"height\":79,\"caption\":\"Excalibur Generator\"},\"image\":{\"@id\":\"https:\/\/www.excalibur-generator.com\/pt-br\/#\/schema\/logo\/image\/\"}}]}<\/script>\n<!-- \/ Yoast SEO plugin. -->","yoast_head_json":{"title":"Gerador soldador a diesel silencioso de 2 kW\/5 kW &#8211; Excalibur Generator","description":"O Soldador e Gerador a Diesel Silencioso de 2kw\/5kw proporciona soldagem e gera\u00e7\u00e3o de energia silenciosas e eficientes. Com um design silencioso, ele garante versatilidade e confiabilidade para diversas aplica\u00e7\u00f5es.","robots":{"index":"index","follow":"follow","max-snippet":"max-snippet:-1","max-image-preview":"max-image-preview:large","max-video-preview":"max-video-preview:-1"},"canonical":"https:\/\/www.excalibur-generator.com\/pt-br\/gerador-soldador-a-diesel-silencioso-de-2-kw-5-kw.html","twitter_misc":{"Est. tempo de leitura":"1 minuto"},"schema":{"@context":"https:\/\/schema.org","@graph":[{"@type":"WebPage","@id":"https:\/\/www.excalibur-generator.com\/pt-br\/gerador-soldador-a-diesel-silencioso-de-2-kw-5-kw.html","url":"https:\/\/www.excalibur-generator.com\/pt-br\/gerador-soldador-a-diesel-silencioso-de-2-kw-5-kw.html","name":"Gerador soldador a diesel silencioso de 2 kW\/5 kW &#8211; Excalibur Generator","isPartOf":{"@id":"https:\/\/www.excalibur-generator.com\/pt-br\/#website"},"primaryImageOfPage":{"@id":"https:\/\/www.excalibur-generator.com\/pt-br\/gerador-soldador-a-diesel-silencioso-de-2-kw-5-kw.html#primaryimage"},"image":{"@id":"https:\/\/www.excalibur-generator.com\/pt-br\/gerador-soldador-a-diesel-silencioso-de-2-kw-5-kw.html#primaryimage"},"thumbnailUrl":"https:\/\/www.excalibur-generator.com\/wp-content\/uploads\/2024\/05\/Silent-diesel-welder-generator.webp","datePublished":"2024-05-27T01:04:57+00:00","dateModified":"2024-09-27T06:51:45+00:00","description":"O Soldador e Gerador a Diesel Silencioso de 2kw\/5kw proporciona soldagem e gera\u00e7\u00e3o de energia silenciosas e eficientes. Com um design silencioso, ele garante versatilidade e confiabilidade para diversas aplica\u00e7\u00f5es.","breadcrumb":{"@id":"https:\/\/www.excalibur-generator.com\/pt-br\/gerador-soldador-a-diesel-silencioso-de-2-kw-5-kw.html#breadcrumb"},"inLanguage":"pt-BR","potentialAction":[{"@type":"ReadAction","target":["https:\/\/www.excalibur-generator.com\/pt-br\/gerador-soldador-a-diesel-silencioso-de-2-kw-5-kw.html"]}]},{"@type":"ImageObject","inLanguage":"pt-BR","@id":"https:\/\/www.excalibur-generator.com\/pt-br\/gerador-soldador-a-diesel-silencioso-de-2-kw-5-kw.html#primaryimage","url":"https:\/\/www.excalibur-generator.com\/wp-content\/uploads\/2024\/05\/Silent-diesel-welder-generator.webp","contentUrl":"https:\/\/www.excalibur-generator.com\/wp-content\/uploads\/2024\/05\/Silent-diesel-welder-generator.webp","width":800,"height":800,"caption":"Gerador de solda a diesel silencioso"},{"@type":"BreadcrumbList","@id":"https:\/\/www.excalibur-generator.com\/pt-br\/gerador-soldador-a-diesel-silencioso-de-2-kw-5-kw.html#breadcrumb","itemListElement":[{"@type":"ListItem","position":1,"name":"Home","item":"https:\/\/www.excalibur-generator.com\/pt-br\/"},{"@type":"ListItem","position":2,"name":"Produtos","item":"https:\/\/www.excalibur-generator.com\/pt-br\/produtos.html"},{"@type":"ListItem","position":3,"name":"Gerador soldador a diesel silencioso de 2 kW\/5 kW"}]},{"@type":"WebSite","@id":"https:\/\/www.excalibur-generator.com\/pt-br\/#website","url":"https:\/\/www.excalibur-generator.com\/pt-br\/","name":"Excalibur Generator","description":"","publisher":{"@id":"https:\/\/www.excalibur-generator.com\/pt-br\/#organization"},"potentialAction":[{"@type":"SearchAction","target":{"@type":"EntryPoint","urlTemplate":"https:\/\/www.excalibur-generator.com\/pt-br\/?s={search_term_string}"},"query-input":{"@type":"PropertyValueSpecification","valueRequired":true,"valueName":"search_term_string"}}],"inLanguage":"pt-BR"},{"@type":"Organization","@id":"https:\/\/www.excalibur-generator.com\/pt-br\/#organization","name":"Excalibur Generator","url":"https:\/\/www.excalibur-generator.com\/pt-br\/","logo":{"@type":"ImageObject","inLanguage":"pt-BR","@id":"https:\/\/www.excalibur-generator.com\/pt-br\/#\/schema\/logo\/image\/","url":"https:\/\/www.excalibur-generator.com\/wp-content\/uploads\/2024\/05\/EXCALIBUR.png","contentUrl":"https:\/\/www.excalibur-generator.com\/wp-content\/uploads\/2024\/05\/EXCALIBUR.png","width":350,"height":79,"caption":"Excalibur Generator"},"image":{"@id":"https:\/\/www.excalibur-generator.com\/pt-br\/#\/schema\/logo\/image\/"}}]}},"_links":{"self":[{"href":"https:\/\/www.excalibur-generator.com\/pt-br\/wp-json\/wp\/v2\/product\/4279","targetHints":{"allow":["GET"]}}],"collection":[{"href":"https:\/\/www.excalibur-generator.com\/pt-br\/wp-json\/wp\/v2\/product"}],"about":[{"href":"https:\/\/www.excalibur-generator.com\/pt-br\/wp-json\/wp\/v2\/types\/product"}],"replies":[{"embeddable":true,"href":"https:\/\/www.excalibur-generator.com\/pt-br\/wp-json\/wp\/v2\/comments?post=4279"}],"wp:featuredmedia":[{"embeddable":true,"href":"https:\/\/www.excalibur-generator.com\/pt-br\/wp-json\/wp\/v2\/media\/4280"}],"wp:attachment":[{"href":"https:\/\/www.excalibur-generator.com\/pt-br\/wp-json\/wp\/v2\/media?parent=4279"}],"wp:term":[{"taxonomy":"product_brand","embeddable":true,"href":"https:\/\/www.excalibur-generator.com\/pt-br\/wp-json\/wp\/v2\/product_brand?post=4279"},{"taxonomy":"product_cat","embeddable":true,"href":"https:\/\/www.excalibur-generator.com\/pt-br\/wp-json\/wp\/v2\/product_cat?post=4279"},{"taxonomy":"product_tag","embeddable":true,"href":"https:\/\/www.excalibur-generator.com\/pt-br\/wp-json\/wp\/v2\/product_tag?post=4279"}],"curies":[{"name":"wp","href":"https:\/\/api.w.org\/{rel}","templated":true}]}}