{"id":4283,"date":"2024-05-27T09:00:24","date_gmt":"2024-05-27T01:00:24","guid":{"rendered":"https:\/\/www.excalibur-generator.com\/gerador-soldador-a-gasolina-aberto-de-2-kw-3-kw\/"},"modified":"2024-09-27T15:07:20","modified_gmt":"2024-09-27T07:07:20","slug":"gerador-soldador-a-gasolina-aberto-de-2-kw-3-kw","status":"publish","type":"product","link":"https:\/\/www.excalibur-generator.com\/pt-br\/gerador-soldador-a-gasolina-aberto-de-2-kw-3-kw.html","title":{"rendered":"Gerador soldador a gasolina aberto de 2 kW\/3 kW"},"content":{"rendered":"<h2><strong>Caracter\u00edstica do produto<\/strong><\/h2>\n<ul>\n<li>SOMENTE MONOF\u00c1SICO<\/li>\n<li>Sa\u00edda m\u00e1xima de soldagem CC de 230 A<\/li>\n<li>2.800 watts de partida m\u00e1xima, 3.000 watts de funcionamento<\/li>\n<li>Possui um motor a gasolina Excalibur 465 cc potente e confi\u00e1vel<\/li>\n<li>13 horas de autonomia com 50% de carga<\/li>\n<li>Partida el\u00e9trica com backup manual, 1 bateria de 2 V inclu\u00edda<\/li>\n<li>Visor digital para configura\u00e7\u00f5es de soldagem r\u00e1pidas e f\u00e1ceis (opcional)<\/li>\n<li>Kit de roda de 8 pol. inclu\u00eddo para f\u00e1cil portabilidade no local de trabalho<\/li>\n<\/ul>\n<h2><strong>Par\u00e2metros do produto<\/strong><\/h2>\n<table align=\"center\">\n<colgroup>\n<col \/>\n<col \/>\n<col \/>\n<col \/><\/colgroup>\n<tbody>\n<tr class=\"firstRow\">\n<td>Modelo<\/td>\n<td>S6500CXW<\/td>\n<td>S7500CXW<\/td>\n<td>S8500CXW<\/td>\n<\/tr>\n<tr>\n<td>Frequ\u00eancia (HZ)<\/td>\n<td>50Hz or 60Hz<\/td>\n<td>50Hz or 60Hz<\/td>\n<td>50Hz or 60Hz<\/td>\n<\/tr>\n<tr>\n<td>Tens\u00e3o nominal (V)<\/td>\n<td colspan=\"3\">110V,220V,230V,240V<\/td>\n<\/tr>\n<tr>\n<td>Pot\u00eancia de sa\u00edda nominal kW<\/td>\n<td>1.8\/2.0<\/td>\n<td>2.0 \/2.2<\/td>\n<td>2.8\/3.0<\/td>\n<\/tr>\n<tr>\n<td>Sa\u00edda CC<\/td>\n<td>12V-8.3A<\/td>\n<td>12V-8.3A<\/td>\n<td>12V-8.3A<\/td>\n<\/tr>\n<tr>\n<td>Fator de pot\u00eancia<\/td>\n<td>1.0<\/td>\n<td>1.0<\/td>\n<td>1.0<\/td>\n<\/tr>\n<tr>\n<td>Tens\u00e3o de soldagem (CC)(V)<\/td>\n<td>50-30<\/td>\n<td>50-30<\/td>\n<td>50-30<\/td>\n<\/tr>\n<tr>\n<td>Corrente nominal de soldagem CC<\/td>\n<td>50A-180A<\/td>\n<td>50A-190A<\/td>\n<td>50A-230A<\/td>\n<\/tr>\n<tr>\n<td>Eletrodo (mm)<\/td>\n<td>1.6-4.0<\/td>\n<td>1.6-4.0<\/td>\n<td>1.6-4.0<\/td>\n<\/tr>\n<tr>\n<td>N\u00edvel de ru\u00eddo (7m)db(A)<\/td>\n<td>68<\/td>\n<td>68<\/td>\n<td>68<\/td>\n<\/tr>\n<tr>\n<td>Modelo do motor<\/td>\n<td>S420<\/td>\n<td>S420<\/td>\n<td>S460<\/td>\n<\/tr>\n<tr>\n<td>Capacidade do tanque de combust\u00edvel (L)<\/td>\n<td>25<\/td>\n<td>25<\/td>\n<td>25<\/td>\n<\/tr>\n<tr>\n<td>Tempo de execu\u00e7\u00e3o cont\u00ednua (h)<\/td>\n<td>13h<\/td>\n<td>13h<\/td>\n<td>13h<\/td>\n<\/tr>\n<tr>\n<td>Sistema de partida<\/td>\n<td colspan=\"3\">Partida manual\/el\u00e9trica<\/td>\n<\/tr>\n<tr>\n<td>Tamanho da embalagem (C*L*A) mm<\/td>\n<td>750*600*640<\/td>\n<td>750*600*640<\/td>\n<td>750*600*640<\/td>\n<\/tr>\n<tr>\n<td>Peso l\u00edquido (KG\uff09<\/td>\n<td>95<\/td>\n<td>97<\/td>\n<td>103<\/td>\n<\/tr>\n<\/tbody>\n<\/table>\n","protected":false},"excerpt":{"rendered":"<p><strong>Modelo:<\/strong><\/p>\n<div>S8500CXW<\/div>\n<div><\/div>\n<div><strong>Sa\u00edda nominal:<\/strong><\/div>\n<div>2.8KW\/3.0KW<\/div>\n<div><\/div>\n<div><strong>Corrente nominal:<\/strong><\/div>\n<div>50A-230A<\/div>\n<div><\/div>\n<div><strong>Sa\u00edda de corrente cont\u00ednua:<\/strong><\/div>\n<div>12V-8,3A<\/div>\n<div><\/div>\n<div><strong>N\u00edvel de ru\u00eddo (7m) db(A):<\/strong><\/div>\n<div>68<\/div>\n","protected":false},"featured_media":4284,"comment_status":"open","ping_status":"closed","template":"","meta":{"site-sidebar-layout":"default","site-content-layout":"","ast-site-content-layout":"default","site-content-style":"default","site-sidebar-style":"default","ast-global-header-display":"","ast-banner-title-visibility":"","ast-main-header-display":"","ast-hfb-above-header-display":"","ast-hfb-below-header-display":"","ast-hfb-mobile-header-display":"","site-post-title":"","ast-breadcrumbs-content":"","ast-featured-img":"","footer-sml-layout":"","theme-transparent-header-meta":"default","adv-header-id-meta":"","stick-header-meta":"","header-above-stick-meta":"","header-main-stick-meta":"","header-below-stick-meta":"","astra-migrate-meta-layouts":"set","ast-page-background-enabled":"default","ast-page-background-meta":{"desktop":{"background-color":"var(--ast-global-color-4)","background-image":"","background-repeat":"repeat","background-position":"center center","background-size":"auto","background-attachment":"scroll","background-type":"","background-media":"","overlay-type":"","overlay-color":"","overlay-opacity":"","overlay-gradient":""},"tablet":{"background-color":"","background-image":"","background-repeat":"repeat","background-position":"center center","background-size":"auto","background-attachment":"scroll","background-type":"","background-media":"","overlay-type":"","overlay-color":"","overlay-opacity":"","overlay-gradient":""},"mobile":{"background-color":"","background-image":"","background-repeat":"repeat","background-position":"center center","background-size":"auto","background-attachment":"scroll","background-type":"","background-media":"","overlay-type":"","overlay-color":"","overlay-opacity":"","overlay-gradient":""}},"ast-content-background-meta":{"desktop":{"background-color":"var(--ast-global-color-5)","background-image":"","background-repeat":"repeat","background-position":"center center","background-size":"auto","background-attachment":"scroll","background-type":"","background-media":"","overlay-type":"","overlay-color":"","overlay-opacity":"","overlay-gradient":""},"tablet":{"background-color":"var(--ast-global-color-5)","background-image":"","background-repeat":"repeat","background-position":"center center","background-size":"auto","background-attachment":"scroll","background-type":"","background-media":"","overlay-type":"","overlay-color":"","overlay-opacity":"","overlay-gradient":""},"mobile":{"background-color":"var(--ast-global-color-5)","background-image":"","background-repeat":"repeat","background-position":"center center","background-size":"auto","background-attachment":"scroll","background-type":"","background-media":"","overlay-type":"","overlay-color":"","overlay-opacity":"","overlay-gradient":""}}},"product_brand":[],"product_cat":[67],"product_tag":[69],"class_list":{"0":"post-4283","1":"product","2":"type-product","3":"status-publish","4":"has-post-thumbnail","6":"product_cat-sem-categoria","7":"product_tag-gerador-aberto","8":"desktop-align-left","9":"tablet-align-left","10":"mobile-align-left","12":"first","13":"instock","14":"shipping-taxable","15":"product-type-simple"},"yoast_head":"<!-- This site is optimized with the Yoast SEO plugin v26.5 - https:\/\/yoast.com\/wordpress\/plugins\/seo\/ -->\n<title>Gerador soldador a gasolina aberto de 2 kW\/3 kW &#8211; Excalibur Generator<\/title>\n<meta name=\"description\" content=\"O Soldador e Gerador Aberto a Gasolina de 2kw\/3kw fornece soldagem e gera\u00e7\u00e3o de energia port\u00e1teis e eficientes. Seu design aberto garante acessibilidade e facilidade de uso para aplica\u00e7\u00f5es vers\u00e1teis.\" \/>\n<meta name=\"robots\" content=\"index, follow, max-snippet:-1, max-image-preview:large, max-video-preview:-1\" \/>\n<link rel=\"canonical\" href=\"https:\/\/www.excalibur-generator.com\/pt-br\/gerador-soldador-a-gasolina-aberto-de-2-kw-3-kw.html\" \/>\n<meta name=\"twitter:label1\" content=\"Est. tempo de leitura\" \/>\n\t<meta name=\"twitter:data1\" content=\"2 minutos\" \/>\n<script type=\"application\/ld+json\" class=\"yoast-schema-graph\">{\"@context\":\"https:\/\/schema.org\",\"@graph\":[{\"@type\":\"WebPage\",\"@id\":\"https:\/\/www.excalibur-generator.com\/pt-br\/gerador-soldador-a-gasolina-aberto-de-2-kw-3-kw.html\",\"url\":\"https:\/\/www.excalibur-generator.com\/pt-br\/gerador-soldador-a-gasolina-aberto-de-2-kw-3-kw.html\",\"name\":\"Gerador soldador a gasolina aberto de 2 kW\/3 kW &#8211; Excalibur Generator\",\"isPartOf\":{\"@id\":\"https:\/\/www.excalibur-generator.com\/pt-br\/#website\"},\"primaryImageOfPage\":{\"@id\":\"https:\/\/www.excalibur-generator.com\/pt-br\/gerador-soldador-a-gasolina-aberto-de-2-kw-3-kw.html#primaryimage\"},\"image\":{\"@id\":\"https:\/\/www.excalibur-generator.com\/pt-br\/gerador-soldador-a-gasolina-aberto-de-2-kw-3-kw.html#primaryimage\"},\"thumbnailUrl\":\"https:\/\/www.excalibur-generator.com\/wp-content\/uploads\/2024\/05\/gasoline-welder-generator.webp\",\"datePublished\":\"2024-05-27T01:00:24+00:00\",\"dateModified\":\"2024-09-27T07:07:20+00:00\",\"description\":\"O Soldador e Gerador Aberto a Gasolina de 2kw\/3kw fornece soldagem e gera\u00e7\u00e3o de energia port\u00e1teis e eficientes. Seu design aberto garante acessibilidade e facilidade de uso para aplica\u00e7\u00f5es vers\u00e1teis.\",\"breadcrumb\":{\"@id\":\"https:\/\/www.excalibur-generator.com\/pt-br\/gerador-soldador-a-gasolina-aberto-de-2-kw-3-kw.html#breadcrumb\"},\"inLanguage\":\"pt-BR\",\"potentialAction\":[{\"@type\":\"ReadAction\",\"target\":[\"https:\/\/www.excalibur-generator.com\/pt-br\/gerador-soldador-a-gasolina-aberto-de-2-kw-3-kw.html\"]}]},{\"@type\":\"ImageObject\",\"inLanguage\":\"pt-BR\",\"@id\":\"https:\/\/www.excalibur-generator.com\/pt-br\/gerador-soldador-a-gasolina-aberto-de-2-kw-3-kw.html#primaryimage\",\"url\":\"https:\/\/www.excalibur-generator.com\/wp-content\/uploads\/2024\/05\/gasoline-welder-generator.webp\",\"contentUrl\":\"https:\/\/www.excalibur-generator.com\/wp-content\/uploads\/2024\/05\/gasoline-welder-generator.webp\",\"width\":800,\"height\":800,\"caption\":\"gerador de soldador a gasolina\"},{\"@type\":\"BreadcrumbList\",\"@id\":\"https:\/\/www.excalibur-generator.com\/pt-br\/gerador-soldador-a-gasolina-aberto-de-2-kw-3-kw.html#breadcrumb\",\"itemListElement\":[{\"@type\":\"ListItem\",\"position\":1,\"name\":\"Home\",\"item\":\"https:\/\/www.excalibur-generator.com\/pt-br\/\"},{\"@type\":\"ListItem\",\"position\":2,\"name\":\"Produtos\",\"item\":\"https:\/\/www.excalibur-generator.com\/pt-br\/produtos.html\"},{\"@type\":\"ListItem\",\"position\":3,\"name\":\"Gerador soldador a gasolina aberto de 2 kW\/3 kW\"}]},{\"@type\":\"WebSite\",\"@id\":\"https:\/\/www.excalibur-generator.com\/pt-br\/#website\",\"url\":\"https:\/\/www.excalibur-generator.com\/pt-br\/\",\"name\":\"Excalibur Generator\",\"description\":\"\",\"publisher\":{\"@id\":\"https:\/\/www.excalibur-generator.com\/pt-br\/#organization\"},\"potentialAction\":[{\"@type\":\"SearchAction\",\"target\":{\"@type\":\"EntryPoint\",\"urlTemplate\":\"https:\/\/www.excalibur-generator.com\/pt-br\/?s={search_term_string}\"},\"query-input\":{\"@type\":\"PropertyValueSpecification\",\"valueRequired\":true,\"valueName\":\"search_term_string\"}}],\"inLanguage\":\"pt-BR\"},{\"@type\":\"Organization\",\"@id\":\"https:\/\/www.excalibur-generator.com\/pt-br\/#organization\",\"name\":\"Excalibur Generator\",\"url\":\"https:\/\/www.excalibur-generator.com\/pt-br\/\",\"logo\":{\"@type\":\"ImageObject\",\"inLanguage\":\"pt-BR\",\"@id\":\"https:\/\/www.excalibur-generator.com\/pt-br\/#\/schema\/logo\/image\/\",\"url\":\"https:\/\/www.excalibur-generator.com\/wp-content\/uploads\/2024\/05\/EXCALIBUR.png\",\"contentUrl\":\"https:\/\/www.excalibur-generator.com\/wp-content\/uploads\/2024\/05\/EXCALIBUR.png\",\"width\":350,\"height\":79,\"caption\":\"Excalibur Generator\"},\"image\":{\"@id\":\"https:\/\/www.excalibur-generator.com\/pt-br\/#\/schema\/logo\/image\/\"}}]}<\/script>\n<!-- \/ Yoast SEO plugin. -->","yoast_head_json":{"title":"Gerador soldador a gasolina aberto de 2 kW\/3 kW &#8211; Excalibur Generator","description":"O Soldador e Gerador Aberto a Gasolina de 2kw\/3kw fornece soldagem e gera\u00e7\u00e3o de energia port\u00e1teis e eficientes. Seu design aberto garante acessibilidade e facilidade de uso para aplica\u00e7\u00f5es vers\u00e1teis.","robots":{"index":"index","follow":"follow","max-snippet":"max-snippet:-1","max-image-preview":"max-image-preview:large","max-video-preview":"max-video-preview:-1"},"canonical":"https:\/\/www.excalibur-generator.com\/pt-br\/gerador-soldador-a-gasolina-aberto-de-2-kw-3-kw.html","twitter_misc":{"Est. tempo de leitura":"2 minutos"},"schema":{"@context":"https:\/\/schema.org","@graph":[{"@type":"WebPage","@id":"https:\/\/www.excalibur-generator.com\/pt-br\/gerador-soldador-a-gasolina-aberto-de-2-kw-3-kw.html","url":"https:\/\/www.excalibur-generator.com\/pt-br\/gerador-soldador-a-gasolina-aberto-de-2-kw-3-kw.html","name":"Gerador soldador a gasolina aberto de 2 kW\/3 kW &#8211; Excalibur Generator","isPartOf":{"@id":"https:\/\/www.excalibur-generator.com\/pt-br\/#website"},"primaryImageOfPage":{"@id":"https:\/\/www.excalibur-generator.com\/pt-br\/gerador-soldador-a-gasolina-aberto-de-2-kw-3-kw.html#primaryimage"},"image":{"@id":"https:\/\/www.excalibur-generator.com\/pt-br\/gerador-soldador-a-gasolina-aberto-de-2-kw-3-kw.html#primaryimage"},"thumbnailUrl":"https:\/\/www.excalibur-generator.com\/wp-content\/uploads\/2024\/05\/gasoline-welder-generator.webp","datePublished":"2024-05-27T01:00:24+00:00","dateModified":"2024-09-27T07:07:20+00:00","description":"O Soldador e Gerador Aberto a Gasolina de 2kw\/3kw fornece soldagem e gera\u00e7\u00e3o de energia port\u00e1teis e eficientes. Seu design aberto garante acessibilidade e facilidade de uso para aplica\u00e7\u00f5es vers\u00e1teis.","breadcrumb":{"@id":"https:\/\/www.excalibur-generator.com\/pt-br\/gerador-soldador-a-gasolina-aberto-de-2-kw-3-kw.html#breadcrumb"},"inLanguage":"pt-BR","potentialAction":[{"@type":"ReadAction","target":["https:\/\/www.excalibur-generator.com\/pt-br\/gerador-soldador-a-gasolina-aberto-de-2-kw-3-kw.html"]}]},{"@type":"ImageObject","inLanguage":"pt-BR","@id":"https:\/\/www.excalibur-generator.com\/pt-br\/gerador-soldador-a-gasolina-aberto-de-2-kw-3-kw.html#primaryimage","url":"https:\/\/www.excalibur-generator.com\/wp-content\/uploads\/2024\/05\/gasoline-welder-generator.webp","contentUrl":"https:\/\/www.excalibur-generator.com\/wp-content\/uploads\/2024\/05\/gasoline-welder-generator.webp","width":800,"height":800,"caption":"gerador de soldador a gasolina"},{"@type":"BreadcrumbList","@id":"https:\/\/www.excalibur-generator.com\/pt-br\/gerador-soldador-a-gasolina-aberto-de-2-kw-3-kw.html#breadcrumb","itemListElement":[{"@type":"ListItem","position":1,"name":"Home","item":"https:\/\/www.excalibur-generator.com\/pt-br\/"},{"@type":"ListItem","position":2,"name":"Produtos","item":"https:\/\/www.excalibur-generator.com\/pt-br\/produtos.html"},{"@type":"ListItem","position":3,"name":"Gerador soldador a gasolina aberto de 2 kW\/3 kW"}]},{"@type":"WebSite","@id":"https:\/\/www.excalibur-generator.com\/pt-br\/#website","url":"https:\/\/www.excalibur-generator.com\/pt-br\/","name":"Excalibur Generator","description":"","publisher":{"@id":"https:\/\/www.excalibur-generator.com\/pt-br\/#organization"},"potentialAction":[{"@type":"SearchAction","target":{"@type":"EntryPoint","urlTemplate":"https:\/\/www.excalibur-generator.com\/pt-br\/?s={search_term_string}"},"query-input":{"@type":"PropertyValueSpecification","valueRequired":true,"valueName":"search_term_string"}}],"inLanguage":"pt-BR"},{"@type":"Organization","@id":"https:\/\/www.excalibur-generator.com\/pt-br\/#organization","name":"Excalibur Generator","url":"https:\/\/www.excalibur-generator.com\/pt-br\/","logo":{"@type":"ImageObject","inLanguage":"pt-BR","@id":"https:\/\/www.excalibur-generator.com\/pt-br\/#\/schema\/logo\/image\/","url":"https:\/\/www.excalibur-generator.com\/wp-content\/uploads\/2024\/05\/EXCALIBUR.png","contentUrl":"https:\/\/www.excalibur-generator.com\/wp-content\/uploads\/2024\/05\/EXCALIBUR.png","width":350,"height":79,"caption":"Excalibur Generator"},"image":{"@id":"https:\/\/www.excalibur-generator.com\/pt-br\/#\/schema\/logo\/image\/"}}]}},"_links":{"self":[{"href":"https:\/\/www.excalibur-generator.com\/pt-br\/wp-json\/wp\/v2\/product\/4283","targetHints":{"allow":["GET"]}}],"collection":[{"href":"https:\/\/www.excalibur-generator.com\/pt-br\/wp-json\/wp\/v2\/product"}],"about":[{"href":"https:\/\/www.excalibur-generator.com\/pt-br\/wp-json\/wp\/v2\/types\/product"}],"replies":[{"embeddable":true,"href":"https:\/\/www.excalibur-generator.com\/pt-br\/wp-json\/wp\/v2\/comments?post=4283"}],"wp:featuredmedia":[{"embeddable":true,"href":"https:\/\/www.excalibur-generator.com\/pt-br\/wp-json\/wp\/v2\/media\/4284"}],"wp:attachment":[{"href":"https:\/\/www.excalibur-generator.com\/pt-br\/wp-json\/wp\/v2\/media?parent=4283"}],"wp:term":[{"taxonomy":"product_brand","embeddable":true,"href":"https:\/\/www.excalibur-generator.com\/pt-br\/wp-json\/wp\/v2\/product_brand?post=4283"},{"taxonomy":"product_cat","embeddable":true,"href":"https:\/\/www.excalibur-generator.com\/pt-br\/wp-json\/wp\/v2\/product_cat?post=4283"},{"taxonomy":"product_tag","embeddable":true,"href":"https:\/\/www.excalibur-generator.com\/pt-br\/wp-json\/wp\/v2\/product_tag?post=4283"}],"curies":[{"name":"wp","href":"https:\/\/api.w.org\/{rel}","templated":true}]}}