{"id":4289,"date":"2024-05-24T11:10:40","date_gmt":"2024-05-24T03:10:40","guid":{"rendered":"https:\/\/www.excalibur-generator.com\/geradores-a-diesel-silenciosos-15-kva\/"},"modified":"2024-09-27T15:25:24","modified_gmt":"2024-09-27T07:25:24","slug":"geradores-a-diesel-silenciosos-15-kva","status":"publish","type":"product","link":"https:\/\/www.excalibur-generator.com\/pt-br\/geradores-a-diesel-silenciosos-15-kva.html","title":{"rendered":"Geradores a diesel silenciosos 15 kva"},"content":{"rendered":"<table>\n<colgroup>\n<col \/>\n<col \/>\n<col \/>\n<col \/>\n<col \/><\/colgroup>\n<tbody>\n<tr class=\"firstRow\">\n<td>Modelo<\/td>\n<td>S12000DS PRO\/DS3 PRO<\/td>\n<td>S13000DS PRO\/DS3 PRO<\/td>\n<td>S15000DS\/3Pro<\/td>\n<td>S18000DS\/3Pro<\/td>\n<\/tr>\n<tr>\n<td>Frequ\u00eancia (Hz)<\/td>\n<td>50\/60<\/td>\n<td>50\/60<\/td>\n<td>50\/60<\/td>\n<td>50<\/td>\n<\/tr>\n<tr>\n<td>Tens\u00e3o nominal (V)<\/td>\n<td colspan=\"4\">110\/115\/120\/220\/230\/240\/380\/400\/415<\/td>\n<\/tr>\n<tr>\n<td>Pot\u00eancia nominal de sa\u00edda KW<\/td>\n<td>10\/10.5<\/td>\n<td>11.5\/12<\/td>\n<td>15\/15.5<\/td>\n<td>16<\/td>\n<\/tr>\n<tr>\n<td>Pot\u00eancia m\u00e1xima de sa\u00edda em kW<\/td>\n<td>10.5\/11<\/td>\n<td>12\/12.5<\/td>\n<td>16\/16.5<\/td>\n<td>16.5<\/td>\n<\/tr>\n<tr>\n<td>Sa\u00edda de corrente cont\u00ednua<\/td>\n<td>12V-8.3A<\/td>\n<td>12V-8.3A<\/td>\n<td>12V-8.3A<\/td>\n<td>12V-8.3A<\/td>\n<\/tr>\n<tr>\n<td>Fator de pot\u00eancia<\/td>\n<td>1\/0.8<\/td>\n<td>1\/0.8<\/td>\n<td>1\/0.8<\/td>\n<td>1\/0.8<\/td>\n<\/tr>\n<tr>\n<td>N\u00edvel de ru\u00eddo (7m) db (A)<\/td>\n<td>73<\/td>\n<td>73<\/td>\n<td>75<\/td>\n<td>78<\/td>\n<\/tr>\n<tr>\n<td>Modelo do motor<\/td>\n<td>SV288FE<\/td>\n<td>SV292FE<\/td>\n<td>SV295FE<\/td>\n<td>S2V98F<\/td>\n<\/tr>\n<tr>\n<td>Tipo de motor<\/td>\n<td colspan=\"4\">Cilindro V-Twin, 4 tempos, refrigerado a ar, inje\u00e7\u00e3o direta<\/td>\n<\/tr>\n<tr>\n<td>Furo*Curso (mm)<\/td>\n<td>2-88*75<\/td>\n<td>2-92*75<\/td>\n<td>2-95*88<\/td>\n<td>2-98*88<\/td>\n<\/tr>\n<tr>\n<td>Deslocamento (cc)<\/td>\n<td>912<\/td>\n<td>997<\/td>\n<td>1247<\/td>\n<td>1326<\/td>\n<\/tr>\n<tr>\n<td>Tipo de combust\u00edvel<\/td>\n<td colspan=\"4\">0 # Diesel (ver\u00e3o): -10#1 Diesel (inverno)\uff0c-35# Diesel (muito frio)<\/td>\n<\/tr>\n<tr>\n<td>Capacidade do tanque de combust\u00edvel (L)<\/td>\n<td>25<\/td>\n<td>25<\/td>\n<td>25<\/td>\n<td>25<\/td>\n<\/tr>\n<tr>\n<td>Sistema de partida<\/td>\n<td>Partida el\u00e9trica<\/td>\n<td>Partida el\u00e9trica<\/td>\n<td>Partida el\u00e9trica<\/td>\n<td>Partida el\u00e9trica<\/td>\n<\/tr>\n<tr>\n<td>Peso l\u00edquido (kg)<\/td>\n<td>257<\/td>\n<td>267<\/td>\n<td>297<\/td>\n<td>335<\/td>\n<\/tr>\n<tr>\n<td>Tamanho da embalagem da s\u00e9rie regular (C * L * A) mm<\/td>\n<td>1125*680*895<\/td>\n<td>1125*680*895<\/td>\n<td>\/<\/td>\n<td>\/<\/td>\n<\/tr>\n<tr>\n<td>S\u00e9rie Pro: Tamanho da embalagem (C * L * A) mm<\/td>\n<td>1325*825*940<\/td>\n<td>1325*825*940<\/td>\n<td>1325*825*940<\/td>\n<td>1325*825*940<\/td>\n<\/tr>\n<tr>\n<td>Comprimento e di\u00e2metro do n\u00facleo do motor (mm)<\/td>\n<td>245*130<\/td>\n<td>245*150<\/td>\n<td>270*170<\/td>\n<td>270*170<\/td>\n<\/tr>\n<tr>\n<td>Recursos padr\u00e3o<\/td>\n<td colspan=\"4\">Opcional,\u25cf Configura\u00e7\u00e3o padr\u00e3o<\/td>\n<\/tr>\n<tr>\n<td>Prote\u00e7\u00e3o do \u00f3leo<\/td>\n<td>\u25cf<\/td>\n<td>\u25cf<\/td>\n<td>\u25cf<\/td>\n<td>\u25cf<\/td>\n<\/tr>\n<tr>\n<td>Rodas 4&#215;4<\/td>\n<td>\u25cf<\/td>\n<td>\u25cf<\/td>\n<td>\u25cf<\/td>\n<td>\u25cf<\/td>\n<\/tr>\n<tr>\n<td>Rodas 4&#215;3\u201d<\/td>\n<td>\u25cf<\/td>\n<td>\u25cf<\/td>\n<td>\/<\/td>\n<td>\/<\/td>\n<\/tr>\n<tr>\n<td>Interruptor de transfer\u00eancia autom\u00e1tica<\/td>\n<td>\u25cb<\/td>\n<td>\u25cb<\/td>\n<td>\u25cb<\/td>\n<td>\u25cb<\/td>\n<\/tr>\n<tr>\n<td>Interruptor de transfer\u00eancia autom\u00e1tica Modelo adequado<\/td>\n<td>EX-ATS-004<\/td>\n<td>EX-ATS-004<\/td>\n<td>EX-ATS-004<\/td>\n<td>EX-ATS -004<\/td>\n<\/tr>\n<tr>\n<td>Medidor digital<\/td>\n<td>\u25cb<\/td>\n<td>\u25cb<\/td>\n<td>\u25cb<\/td>\n<td>\u25cb<\/td>\n<\/tr>\n<tr>\n<td>Sistema de partida remota<\/td>\n<td>\u25cb<\/td>\n<td>\u25cb<\/td>\n<td>\u25cb<\/td>\n<td>\u25cb<\/td>\n<\/tr>\n<tr>\n<td>Sa\u00edda USB USB<\/td>\n<td>\u25cb<\/td>\n<td>\u25cb<\/td>\n<td>\u25cb<\/td>\n<td>\u25cb<\/td>\n<\/tr>\n<tr>\n<td>Sa\u00edda mais leve<\/td>\n<td>\u25cb<\/td>\n<td>\u25cb<\/td>\n<td>\u25cb<\/td>\n<td>\u25cb<\/td>\n<\/tr>\n<tr>\n<td>Certifica\u00e7\u00e3o<\/td>\n<td>CE\/EU5<\/td>\n<td>CE\/EU5<\/td>\n<td>CE\/EU5<\/td>\n<td>CE\/EU5<\/td>\n<\/tr>\n<\/tbody>\n<\/table>\n","protected":false},"excerpt":{"rendered":"<p><strong>Modelo: <\/strong><\/p>\n<div>\n<p>S1200ODS PRO\/DS3 PRO<\/p>\n<div>S1300ODS PRO\/DS3 PRO<\/div>\n<div>S15000DS\/DS3 PRO<\/div>\n<div>S18000DS\/DS3 PRO<\/div>\n<div><\/div>\n<div><strong>Sa\u00edda nominal: <\/strong><\/div>\n<div>10KW\/10.5KW\/11.5KW\/12KW\/15KW\/15.5KW\/16KW<\/div>\n<\/div>\n<div><\/div>\n<div><strong>Sa\u00edda de corrente cont\u00ednua:<\/strong><\/div>\n<div>12V-8,3A<\/div>\n","protected":false},"featured_media":4290,"comment_status":"open","ping_status":"closed","template":"","meta":{"site-sidebar-layout":"default","site-content-layout":"","ast-site-content-layout":"default","site-content-style":"default","site-sidebar-style":"default","ast-global-header-display":"","ast-banner-title-visibility":"","ast-main-header-display":"","ast-hfb-above-header-display":"","ast-hfb-below-header-display":"","ast-hfb-mobile-header-display":"","site-post-title":"","ast-breadcrumbs-content":"","ast-featured-img":"","footer-sml-layout":"","theme-transparent-header-meta":"default","adv-header-id-meta":"","stick-header-meta":"","header-above-stick-meta":"","header-main-stick-meta":"","header-below-stick-meta":"","astra-migrate-meta-layouts":"set","ast-page-background-enabled":"default","ast-page-background-meta":{"desktop":{"background-color":"var(--ast-global-color-4)","background-image":"","background-repeat":"repeat","background-position":"center center","background-size":"auto","background-attachment":"scroll","background-type":"","background-media":"","overlay-type":"","overlay-color":"","overlay-opacity":"","overlay-gradient":""},"tablet":{"background-color":"","background-image":"","background-repeat":"repeat","background-position":"center center","background-size":"auto","background-attachment":"scroll","background-type":"","background-media":"","overlay-type":"","overlay-color":"","overlay-opacity":"","overlay-gradient":""},"mobile":{"background-color":"","background-image":"","background-repeat":"repeat","background-position":"center center","background-size":"auto","background-attachment":"scroll","background-type":"","background-media":"","overlay-type":"","overlay-color":"","overlay-opacity":"","overlay-gradient":""}},"ast-content-background-meta":{"desktop":{"background-color":"var(--ast-global-color-5)","background-image":"","background-repeat":"repeat","background-position":"center center","background-size":"auto","background-attachment":"scroll","background-type":"","background-media":"","overlay-type":"","overlay-color":"","overlay-opacity":"","overlay-gradient":""},"tablet":{"background-color":"var(--ast-global-color-5)","background-image":"","background-repeat":"repeat","background-position":"center center","background-size":"auto","background-attachment":"scroll","background-type":"","background-media":"","overlay-type":"","overlay-color":"","overlay-opacity":"","overlay-gradient":""},"mobile":{"background-color":"var(--ast-global-color-5)","background-image":"","background-repeat":"repeat","background-position":"center center","background-size":"auto","background-attachment":"scroll","background-type":"","background-media":"","overlay-type":"","overlay-color":"","overlay-opacity":"","overlay-gradient":""}}},"product_brand":[],"product_cat":[67],"product_tag":[68],"class_list":{"0":"post-4289","1":"product","2":"type-product","3":"status-publish","4":"has-post-thumbnail","6":"product_cat-sem-categoria","7":"product_tag-gerador-silencioso","8":"desktop-align-left","9":"tablet-align-left","10":"mobile-align-left","12":"first","13":"instock","14":"shipping-taxable","15":"product-type-simple"},"yoast_head":"<!-- This site is optimized with the Yoast SEO plugin v26.5 - https:\/\/yoast.com\/wordpress\/plugins\/seo\/ -->\n<title>Geradores a diesel silenciosos 15 kva &#8211; Excalibur Generator<\/title>\n<meta name=\"description\" content=\"O gerador a diesel silencioso de 15kVA fornece energia eficiente e silenciosa para aplica\u00e7\u00f5es residenciais e comerciais. Seu design robusto garante desempenho confi\u00e1vel durante interrup\u00e7\u00f5es, atendendo a diversas demandas de energia.\" \/>\n<meta name=\"robots\" content=\"index, follow, max-snippet:-1, max-image-preview:large, max-video-preview:-1\" \/>\n<link rel=\"canonical\" href=\"https:\/\/www.excalibur-generator.com\/pt-br\/geradores-a-diesel-silenciosos-15-kva.html\" \/>\n<meta name=\"twitter:label1\" content=\"Est. tempo de leitura\" \/>\n\t<meta name=\"twitter:data1\" content=\"2 minutos\" \/>\n<script type=\"application\/ld+json\" class=\"yoast-schema-graph\">{\"@context\":\"https:\/\/schema.org\",\"@graph\":[{\"@type\":\"WebPage\",\"@id\":\"https:\/\/www.excalibur-generator.com\/pt-br\/geradores-a-diesel-silenciosos-15-kva.html\",\"url\":\"https:\/\/www.excalibur-generator.com\/pt-br\/geradores-a-diesel-silenciosos-15-kva.html\",\"name\":\"Geradores a diesel silenciosos 15 kva &#8211; Excalibur Generator\",\"isPartOf\":{\"@id\":\"https:\/\/www.excalibur-generator.com\/pt-br\/#website\"},\"primaryImageOfPage\":{\"@id\":\"https:\/\/www.excalibur-generator.com\/pt-br\/geradores-a-diesel-silenciosos-15-kva.html#primaryimage\"},\"image\":{\"@id\":\"https:\/\/www.excalibur-generator.com\/pt-br\/geradores-a-diesel-silenciosos-15-kva.html#primaryimage\"},\"thumbnailUrl\":\"https:\/\/www.excalibur-generator.com\/wp-content\/uploads\/2024\/05\/15kw-diesel-generator.webp\",\"datePublished\":\"2024-05-24T03:10:40+00:00\",\"dateModified\":\"2024-09-27T07:25:24+00:00\",\"description\":\"O gerador a diesel silencioso de 15kVA fornece energia eficiente e silenciosa para aplica\u00e7\u00f5es residenciais e comerciais. Seu design robusto garante desempenho confi\u00e1vel durante interrup\u00e7\u00f5es, atendendo a diversas demandas de energia.\",\"breadcrumb\":{\"@id\":\"https:\/\/www.excalibur-generator.com\/pt-br\/geradores-a-diesel-silenciosos-15-kva.html#breadcrumb\"},\"inLanguage\":\"pt-BR\",\"potentialAction\":[{\"@type\":\"ReadAction\",\"target\":[\"https:\/\/www.excalibur-generator.com\/pt-br\/geradores-a-diesel-silenciosos-15-kva.html\"]}]},{\"@type\":\"ImageObject\",\"inLanguage\":\"pt-BR\",\"@id\":\"https:\/\/www.excalibur-generator.com\/pt-br\/geradores-a-diesel-silenciosos-15-kva.html#primaryimage\",\"url\":\"https:\/\/www.excalibur-generator.com\/wp-content\/uploads\/2024\/05\/15kw-diesel-generator.webp\",\"contentUrl\":\"https:\/\/www.excalibur-generator.com\/wp-content\/uploads\/2024\/05\/15kw-diesel-generator.webp\",\"width\":800,\"height\":800,\"caption\":\"gerador a diesel de 15 kW\"},{\"@type\":\"BreadcrumbList\",\"@id\":\"https:\/\/www.excalibur-generator.com\/pt-br\/geradores-a-diesel-silenciosos-15-kva.html#breadcrumb\",\"itemListElement\":[{\"@type\":\"ListItem\",\"position\":1,\"name\":\"Home\",\"item\":\"https:\/\/www.excalibur-generator.com\/pt-br\/\"},{\"@type\":\"ListItem\",\"position\":2,\"name\":\"Produtos\",\"item\":\"https:\/\/www.excalibur-generator.com\/pt-br\/produtos.html\"},{\"@type\":\"ListItem\",\"position\":3,\"name\":\"Geradores a diesel silenciosos 15 kva\"}]},{\"@type\":\"WebSite\",\"@id\":\"https:\/\/www.excalibur-generator.com\/pt-br\/#website\",\"url\":\"https:\/\/www.excalibur-generator.com\/pt-br\/\",\"name\":\"Excalibur Generator\",\"description\":\"\",\"publisher\":{\"@id\":\"https:\/\/www.excalibur-generator.com\/pt-br\/#organization\"},\"potentialAction\":[{\"@type\":\"SearchAction\",\"target\":{\"@type\":\"EntryPoint\",\"urlTemplate\":\"https:\/\/www.excalibur-generator.com\/pt-br\/?s={search_term_string}\"},\"query-input\":{\"@type\":\"PropertyValueSpecification\",\"valueRequired\":true,\"valueName\":\"search_term_string\"}}],\"inLanguage\":\"pt-BR\"},{\"@type\":\"Organization\",\"@id\":\"https:\/\/www.excalibur-generator.com\/pt-br\/#organization\",\"name\":\"Excalibur Generator\",\"url\":\"https:\/\/www.excalibur-generator.com\/pt-br\/\",\"logo\":{\"@type\":\"ImageObject\",\"inLanguage\":\"pt-BR\",\"@id\":\"https:\/\/www.excalibur-generator.com\/pt-br\/#\/schema\/logo\/image\/\",\"url\":\"https:\/\/www.excalibur-generator.com\/wp-content\/uploads\/2024\/05\/EXCALIBUR.png\",\"contentUrl\":\"https:\/\/www.excalibur-generator.com\/wp-content\/uploads\/2024\/05\/EXCALIBUR.png\",\"width\":350,\"height\":79,\"caption\":\"Excalibur Generator\"},\"image\":{\"@id\":\"https:\/\/www.excalibur-generator.com\/pt-br\/#\/schema\/logo\/image\/\"}}]}<\/script>\n<!-- \/ Yoast SEO plugin. -->","yoast_head_json":{"title":"Geradores a diesel silenciosos 15 kva &#8211; Excalibur Generator","description":"O gerador a diesel silencioso de 15kVA fornece energia eficiente e silenciosa para aplica\u00e7\u00f5es residenciais e comerciais. Seu design robusto garante desempenho confi\u00e1vel durante interrup\u00e7\u00f5es, atendendo a diversas demandas de energia.","robots":{"index":"index","follow":"follow","max-snippet":"max-snippet:-1","max-image-preview":"max-image-preview:large","max-video-preview":"max-video-preview:-1"},"canonical":"https:\/\/www.excalibur-generator.com\/pt-br\/geradores-a-diesel-silenciosos-15-kva.html","twitter_misc":{"Est. tempo de leitura":"2 minutos"},"schema":{"@context":"https:\/\/schema.org","@graph":[{"@type":"WebPage","@id":"https:\/\/www.excalibur-generator.com\/pt-br\/geradores-a-diesel-silenciosos-15-kva.html","url":"https:\/\/www.excalibur-generator.com\/pt-br\/geradores-a-diesel-silenciosos-15-kva.html","name":"Geradores a diesel silenciosos 15 kva &#8211; Excalibur Generator","isPartOf":{"@id":"https:\/\/www.excalibur-generator.com\/pt-br\/#website"},"primaryImageOfPage":{"@id":"https:\/\/www.excalibur-generator.com\/pt-br\/geradores-a-diesel-silenciosos-15-kva.html#primaryimage"},"image":{"@id":"https:\/\/www.excalibur-generator.com\/pt-br\/geradores-a-diesel-silenciosos-15-kva.html#primaryimage"},"thumbnailUrl":"https:\/\/www.excalibur-generator.com\/wp-content\/uploads\/2024\/05\/15kw-diesel-generator.webp","datePublished":"2024-05-24T03:10:40+00:00","dateModified":"2024-09-27T07:25:24+00:00","description":"O gerador a diesel silencioso de 15kVA fornece energia eficiente e silenciosa para aplica\u00e7\u00f5es residenciais e comerciais. Seu design robusto garante desempenho confi\u00e1vel durante interrup\u00e7\u00f5es, atendendo a diversas demandas de energia.","breadcrumb":{"@id":"https:\/\/www.excalibur-generator.com\/pt-br\/geradores-a-diesel-silenciosos-15-kva.html#breadcrumb"},"inLanguage":"pt-BR","potentialAction":[{"@type":"ReadAction","target":["https:\/\/www.excalibur-generator.com\/pt-br\/geradores-a-diesel-silenciosos-15-kva.html"]}]},{"@type":"ImageObject","inLanguage":"pt-BR","@id":"https:\/\/www.excalibur-generator.com\/pt-br\/geradores-a-diesel-silenciosos-15-kva.html#primaryimage","url":"https:\/\/www.excalibur-generator.com\/wp-content\/uploads\/2024\/05\/15kw-diesel-generator.webp","contentUrl":"https:\/\/www.excalibur-generator.com\/wp-content\/uploads\/2024\/05\/15kw-diesel-generator.webp","width":800,"height":800,"caption":"gerador a diesel de 15 kW"},{"@type":"BreadcrumbList","@id":"https:\/\/www.excalibur-generator.com\/pt-br\/geradores-a-diesel-silenciosos-15-kva.html#breadcrumb","itemListElement":[{"@type":"ListItem","position":1,"name":"Home","item":"https:\/\/www.excalibur-generator.com\/pt-br\/"},{"@type":"ListItem","position":2,"name":"Produtos","item":"https:\/\/www.excalibur-generator.com\/pt-br\/produtos.html"},{"@type":"ListItem","position":3,"name":"Geradores a diesel silenciosos 15 kva"}]},{"@type":"WebSite","@id":"https:\/\/www.excalibur-generator.com\/pt-br\/#website","url":"https:\/\/www.excalibur-generator.com\/pt-br\/","name":"Excalibur Generator","description":"","publisher":{"@id":"https:\/\/www.excalibur-generator.com\/pt-br\/#organization"},"potentialAction":[{"@type":"SearchAction","target":{"@type":"EntryPoint","urlTemplate":"https:\/\/www.excalibur-generator.com\/pt-br\/?s={search_term_string}"},"query-input":{"@type":"PropertyValueSpecification","valueRequired":true,"valueName":"search_term_string"}}],"inLanguage":"pt-BR"},{"@type":"Organization","@id":"https:\/\/www.excalibur-generator.com\/pt-br\/#organization","name":"Excalibur Generator","url":"https:\/\/www.excalibur-generator.com\/pt-br\/","logo":{"@type":"ImageObject","inLanguage":"pt-BR","@id":"https:\/\/www.excalibur-generator.com\/pt-br\/#\/schema\/logo\/image\/","url":"https:\/\/www.excalibur-generator.com\/wp-content\/uploads\/2024\/05\/EXCALIBUR.png","contentUrl":"https:\/\/www.excalibur-generator.com\/wp-content\/uploads\/2024\/05\/EXCALIBUR.png","width":350,"height":79,"caption":"Excalibur Generator"},"image":{"@id":"https:\/\/www.excalibur-generator.com\/pt-br\/#\/schema\/logo\/image\/"}}]}},"_links":{"self":[{"href":"https:\/\/www.excalibur-generator.com\/pt-br\/wp-json\/wp\/v2\/product\/4289","targetHints":{"allow":["GET"]}}],"collection":[{"href":"https:\/\/www.excalibur-generator.com\/pt-br\/wp-json\/wp\/v2\/product"}],"about":[{"href":"https:\/\/www.excalibur-generator.com\/pt-br\/wp-json\/wp\/v2\/types\/product"}],"replies":[{"embeddable":true,"href":"https:\/\/www.excalibur-generator.com\/pt-br\/wp-json\/wp\/v2\/comments?post=4289"}],"wp:featuredmedia":[{"embeddable":true,"href":"https:\/\/www.excalibur-generator.com\/pt-br\/wp-json\/wp\/v2\/media\/4290"}],"wp:attachment":[{"href":"https:\/\/www.excalibur-generator.com\/pt-br\/wp-json\/wp\/v2\/media?parent=4289"}],"wp:term":[{"taxonomy":"product_brand","embeddable":true,"href":"https:\/\/www.excalibur-generator.com\/pt-br\/wp-json\/wp\/v2\/product_brand?post=4289"},{"taxonomy":"product_cat","embeddable":true,"href":"https:\/\/www.excalibur-generator.com\/pt-br\/wp-json\/wp\/v2\/product_cat?post=4289"},{"taxonomy":"product_tag","embeddable":true,"href":"https:\/\/www.excalibur-generator.com\/pt-br\/wp-json\/wp\/v2\/product_tag?post=4289"}],"curies":[{"name":"wp","href":"https:\/\/api.w.org\/{rel}","templated":true}]}}