{"id":4295,"date":"2024-05-24T10:56:33","date_gmt":"2024-05-24T02:56:33","guid":{"rendered":"https:\/\/www.excalibur-generator.com\/motor-diesel-s2v98fe-2-cilindros-4-tempos\/"},"modified":"2024-09-27T15:48:03","modified_gmt":"2024-09-27T07:48:03","slug":"motor-diesel-s2v98fe-2-cilindros-4-tempos","status":"publish","type":"product","link":"https:\/\/www.excalibur-generator.com\/pt-br\/motor-diesel-s2v98fe-2-cilindros-4-tempos.html","title":{"rendered":"Motor Diesel S2V98FE 2 Cilindros 4 tempos"},"content":{"rendered":"<table>\n<colgroup>\n<col \/>\n<col \/><\/colgroup>\n<tbody>\n<tr class=\"firstRow\">\n<td>Modelo<\/td>\n<td>S2V98FE<\/td>\n<\/tr>\n<tr>\n<td>Tipo de motor<\/td>\n<td>Dois cilindros, &#8220;V&#8221;, 4 tempos, resfriado a ar, inje\u00e7\u00e3o direta<\/td>\n<\/tr>\n<tr>\n<td>Furo*Curso(mm)<\/td>\n<td>99*88<\/td>\n<\/tr>\n<tr>\n<td>Deslocamento (cc)<\/td>\n<td>1.326<\/td>\n<\/tr>\n<tr>\n<td>Taxa de combust\u00e3o<\/td>\n<td>20:1<\/td>\n<\/tr>\n<tr>\n<td rowspan=\"2\">Pot\u00eancia nominal (kW\/rpm)<\/td>\n<td>20\/3000<\/td>\n<\/tr>\n<tr>\n<td>21\/3600<\/td>\n<\/tr>\n<tr>\n<td>Combust\u00edvel<\/td>\n<td>0# (ver\u00e3o) -10# (inverno) \uff0c-35 # (muito frio) Diesel<\/td>\n<\/tr>\n<tr>\n<td>Tipo de \u00f3leo lubrificante<\/td>\n<td>SAE10W30 (magnitude do CD\uff09<\/td>\n<\/tr>\n<tr>\n<td>Lubrificante[L(US .gal)]<\/td>\n<td>2.7<\/td>\n<\/tr>\n<tr>\n<td>Modo de trabalho<\/td>\n<td>12 horas de opera\u00e7\u00e3o cont\u00ednua<\/td>\n<\/tr>\n<tr>\n<td>Consumo de combust\u00edvel (100% de carga)<\/td>\n<td>\u2264250g\/kw.h<\/td>\n<\/tr>\n<tr>\n<td>Capacidade do tanque de combust\u00edvel (L)<\/td>\n<td>12.5<\/td>\n<\/tr>\n<tr>\n<td>N\u00edvel de ru\u00eddo (7m) db (A)<\/td>\n<td>80<\/td>\n<\/tr>\n<tr>\n<td>Sistema de partida<\/td>\n<td>Partida el\u00e9trica<\/td>\n<\/tr>\n<tr>\n<td>Tamanho da embalagem (C*L*A) mm<\/td>\n<td>640*640*845<\/td>\n<\/tr>\n<tr>\n<td>Peso l\u00edquido (kg)<\/td>\n<td>92<\/td>\n<\/tr>\n<\/tbody>\n<\/table>\n","protected":false},"excerpt":{"rendered":"<p>Modelo S2V98FE Tipo de motor Dois cilindros, &#8220;V&#8221;, 4 tempos, resfriado a ar, inje\u00e7\u00e3o direta Furo*Curso(mm) 99*88 Deslocamento (cc) 1.326 Taxa de combust\u00e3o 20:1 Pot\u00eancia nominal (kW\/rpm) 20\/3000 21\/3600 Combust\u00edvel 0# (ver\u00e3o) -10# (inverno) \uff0c-35 # (muito frio) Diesel Tipo de \u00f3leo lubrificante SAE10W30 (magnitude do CD\uff09 Lubrificante[L(US .gal)] 2.7 Modo de trabalho 12 horas de opera\u00e7\u00e3o cont\u00ednua Consumo de combust\u00edvel (100% de carga) \u2264250g\/kw.h Capacidade do tanque de combust\u00edvel (L) 12.5 N\u00edvel de ru\u00eddo (7m) db (A) 80 Sistema de partida Partida el\u00e9trica Tamanho da embalagem (C*L*A) mm 640*640*845 Peso l\u00edquido (kg) 92<\/p>\n","protected":false},"featured_media":4296,"comment_status":"open","ping_status":"closed","template":"","meta":{"site-sidebar-layout":"default","site-content-layout":"","ast-site-content-layout":"default","site-content-style":"default","site-sidebar-style":"default","ast-global-header-display":"","ast-banner-title-visibility":"","ast-main-header-display":"","ast-hfb-above-header-display":"","ast-hfb-below-header-display":"","ast-hfb-mobile-header-display":"","site-post-title":"","ast-breadcrumbs-content":"","ast-featured-img":"","footer-sml-layout":"","theme-transparent-header-meta":"default","adv-header-id-meta":"","stick-header-meta":"","header-above-stick-meta":"","header-main-stick-meta":"","header-below-stick-meta":"","astra-migrate-meta-layouts":"set","ast-page-background-enabled":"default","ast-page-background-meta":{"desktop":{"background-color":"var(--ast-global-color-4)","background-image":"","background-repeat":"repeat","background-position":"center center","background-size":"auto","background-attachment":"scroll","background-type":"","background-media":"","overlay-type":"","overlay-color":"","overlay-opacity":"","overlay-gradient":""},"tablet":{"background-color":"","background-image":"","background-repeat":"repeat","background-position":"center center","background-size":"auto","background-attachment":"scroll","background-type":"","background-media":"","overlay-type":"","overlay-color":"","overlay-opacity":"","overlay-gradient":""},"mobile":{"background-color":"","background-image":"","background-repeat":"repeat","background-position":"center center","background-size":"auto","background-attachment":"scroll","background-type":"","background-media":"","overlay-type":"","overlay-color":"","overlay-opacity":"","overlay-gradient":""}},"ast-content-background-meta":{"desktop":{"background-color":"var(--ast-global-color-5)","background-image":"","background-repeat":"repeat","background-position":"center center","background-size":"auto","background-attachment":"scroll","background-type":"","background-media":"","overlay-type":"","overlay-color":"","overlay-opacity":"","overlay-gradient":""},"tablet":{"background-color":"var(--ast-global-color-5)","background-image":"","background-repeat":"repeat","background-position":"center center","background-size":"auto","background-attachment":"scroll","background-type":"","background-media":"","overlay-type":"","overlay-color":"","overlay-opacity":"","overlay-gradient":""},"mobile":{"background-color":"var(--ast-global-color-5)","background-image":"","background-repeat":"repeat","background-position":"center center","background-size":"auto","background-attachment":"scroll","background-type":"","background-media":"","overlay-type":"","overlay-color":"","overlay-opacity":"","overlay-gradient":""}}},"product_brand":[],"product_cat":[67],"product_tag":[],"class_list":{"0":"post-4295","1":"product","2":"type-product","3":"status-publish","4":"has-post-thumbnail","6":"product_cat-sem-categoria","7":"desktop-align-left","8":"tablet-align-left","9":"mobile-align-left","11":"first","12":"instock","13":"shipping-taxable","14":"product-type-simple"},"yoast_head":"<!-- This site is optimized with the Yoast SEO plugin v26.5 - https:\/\/yoast.com\/wordpress\/plugins\/seo\/ -->\n<title>Motor Diesel S2V98FE 2 Cilindros 4 tempos &#8211; Excalibur Generator<\/title>\n<meta name=\"description\" content=\"O motor diesel S2V98FE, com design de 2 cilindros e 4 tempos, fornece pot\u00eancia robusta e eficiente para diversas aplica\u00e7\u00f5es, garantindo confiabilidade e desempenho ideal.\" \/>\n<meta name=\"robots\" content=\"index, follow, max-snippet:-1, max-image-preview:large, max-video-preview:-1\" \/>\n<link rel=\"canonical\" href=\"https:\/\/www.excalibur-generator.com\/pt-br\/motor-diesel-s2v98fe-2-cilindros-4-tempos.html\" \/>\n<meta name=\"twitter:label1\" content=\"Est. tempo de leitura\" \/>\n\t<meta name=\"twitter:data1\" content=\"1 minuto\" \/>\n<script type=\"application\/ld+json\" class=\"yoast-schema-graph\">{\"@context\":\"https:\/\/schema.org\",\"@graph\":[{\"@type\":\"WebPage\",\"@id\":\"https:\/\/www.excalibur-generator.com\/pt-br\/motor-diesel-s2v98fe-2-cilindros-4-tempos.html\",\"url\":\"https:\/\/www.excalibur-generator.com\/pt-br\/motor-diesel-s2v98fe-2-cilindros-4-tempos.html\",\"name\":\"Motor Diesel S2V98FE 2 Cilindros 4 tempos &#8211; Excalibur Generator\",\"isPartOf\":{\"@id\":\"https:\/\/www.excalibur-generator.com\/pt-br\/#website\"},\"primaryImageOfPage\":{\"@id\":\"https:\/\/www.excalibur-generator.com\/pt-br\/motor-diesel-s2v98fe-2-cilindros-4-tempos.html#primaryimage\"},\"image\":{\"@id\":\"https:\/\/www.excalibur-generator.com\/pt-br\/motor-diesel-s2v98fe-2-cilindros-4-tempos.html#primaryimage\"},\"thumbnailUrl\":\"https:\/\/www.excalibur-generator.com\/wp-content\/uploads\/2024\/05\/S2V98FE-Diesel-Engine-2-Cylinder-4-stroke.jpg\",\"datePublished\":\"2024-05-24T02:56:33+00:00\",\"dateModified\":\"2024-09-27T07:48:03+00:00\",\"description\":\"O motor diesel S2V98FE, com design de 2 cilindros e 4 tempos, fornece pot\u00eancia robusta e eficiente para diversas aplica\u00e7\u00f5es, garantindo confiabilidade e desempenho ideal.\",\"breadcrumb\":{\"@id\":\"https:\/\/www.excalibur-generator.com\/pt-br\/motor-diesel-s2v98fe-2-cilindros-4-tempos.html#breadcrumb\"},\"inLanguage\":\"pt-BR\",\"potentialAction\":[{\"@type\":\"ReadAction\",\"target\":[\"https:\/\/www.excalibur-generator.com\/pt-br\/motor-diesel-s2v98fe-2-cilindros-4-tempos.html\"]}]},{\"@type\":\"ImageObject\",\"inLanguage\":\"pt-BR\",\"@id\":\"https:\/\/www.excalibur-generator.com\/pt-br\/motor-diesel-s2v98fe-2-cilindros-4-tempos.html#primaryimage\",\"url\":\"https:\/\/www.excalibur-generator.com\/wp-content\/uploads\/2024\/05\/S2V98FE-Diesel-Engine-2-Cylinder-4-stroke.jpg\",\"contentUrl\":\"https:\/\/www.excalibur-generator.com\/wp-content\/uploads\/2024\/05\/S2V98FE-Diesel-Engine-2-Cylinder-4-stroke.jpg\",\"width\":800,\"height\":800,\"caption\":\"S2V98FE-Motor Diesel-2-Cilindros-4-Tempos\"},{\"@type\":\"BreadcrumbList\",\"@id\":\"https:\/\/www.excalibur-generator.com\/pt-br\/motor-diesel-s2v98fe-2-cilindros-4-tempos.html#breadcrumb\",\"itemListElement\":[{\"@type\":\"ListItem\",\"position\":1,\"name\":\"Home\",\"item\":\"https:\/\/www.excalibur-generator.com\/pt-br\/\"},{\"@type\":\"ListItem\",\"position\":2,\"name\":\"Produtos\",\"item\":\"https:\/\/www.excalibur-generator.com\/pt-br\/produtos.html\"},{\"@type\":\"ListItem\",\"position\":3,\"name\":\"Motor Diesel S2V98FE 2 Cilindros 4 tempos\"}]},{\"@type\":\"WebSite\",\"@id\":\"https:\/\/www.excalibur-generator.com\/pt-br\/#website\",\"url\":\"https:\/\/www.excalibur-generator.com\/pt-br\/\",\"name\":\"Excalibur Generator\",\"description\":\"\",\"publisher\":{\"@id\":\"https:\/\/www.excalibur-generator.com\/pt-br\/#organization\"},\"potentialAction\":[{\"@type\":\"SearchAction\",\"target\":{\"@type\":\"EntryPoint\",\"urlTemplate\":\"https:\/\/www.excalibur-generator.com\/pt-br\/?s={search_term_string}\"},\"query-input\":{\"@type\":\"PropertyValueSpecification\",\"valueRequired\":true,\"valueName\":\"search_term_string\"}}],\"inLanguage\":\"pt-BR\"},{\"@type\":\"Organization\",\"@id\":\"https:\/\/www.excalibur-generator.com\/pt-br\/#organization\",\"name\":\"Excalibur Generator\",\"url\":\"https:\/\/www.excalibur-generator.com\/pt-br\/\",\"logo\":{\"@type\":\"ImageObject\",\"inLanguage\":\"pt-BR\",\"@id\":\"https:\/\/www.excalibur-generator.com\/pt-br\/#\/schema\/logo\/image\/\",\"url\":\"https:\/\/www.excalibur-generator.com\/wp-content\/uploads\/2024\/05\/EXCALIBUR.png\",\"contentUrl\":\"https:\/\/www.excalibur-generator.com\/wp-content\/uploads\/2024\/05\/EXCALIBUR.png\",\"width\":350,\"height\":79,\"caption\":\"Excalibur Generator\"},\"image\":{\"@id\":\"https:\/\/www.excalibur-generator.com\/pt-br\/#\/schema\/logo\/image\/\"}}]}<\/script>\n<!-- \/ Yoast SEO plugin. -->","yoast_head_json":{"title":"Motor Diesel S2V98FE 2 Cilindros 4 tempos &#8211; Excalibur Generator","description":"O motor diesel S2V98FE, com design de 2 cilindros e 4 tempos, fornece pot\u00eancia robusta e eficiente para diversas aplica\u00e7\u00f5es, garantindo confiabilidade e desempenho ideal.","robots":{"index":"index","follow":"follow","max-snippet":"max-snippet:-1","max-image-preview":"max-image-preview:large","max-video-preview":"max-video-preview:-1"},"canonical":"https:\/\/www.excalibur-generator.com\/pt-br\/motor-diesel-s2v98fe-2-cilindros-4-tempos.html","twitter_misc":{"Est. tempo de leitura":"1 minuto"},"schema":{"@context":"https:\/\/schema.org","@graph":[{"@type":"WebPage","@id":"https:\/\/www.excalibur-generator.com\/pt-br\/motor-diesel-s2v98fe-2-cilindros-4-tempos.html","url":"https:\/\/www.excalibur-generator.com\/pt-br\/motor-diesel-s2v98fe-2-cilindros-4-tempos.html","name":"Motor Diesel S2V98FE 2 Cilindros 4 tempos &#8211; Excalibur Generator","isPartOf":{"@id":"https:\/\/www.excalibur-generator.com\/pt-br\/#website"},"primaryImageOfPage":{"@id":"https:\/\/www.excalibur-generator.com\/pt-br\/motor-diesel-s2v98fe-2-cilindros-4-tempos.html#primaryimage"},"image":{"@id":"https:\/\/www.excalibur-generator.com\/pt-br\/motor-diesel-s2v98fe-2-cilindros-4-tempos.html#primaryimage"},"thumbnailUrl":"https:\/\/www.excalibur-generator.com\/wp-content\/uploads\/2024\/05\/S2V98FE-Diesel-Engine-2-Cylinder-4-stroke.jpg","datePublished":"2024-05-24T02:56:33+00:00","dateModified":"2024-09-27T07:48:03+00:00","description":"O motor diesel S2V98FE, com design de 2 cilindros e 4 tempos, fornece pot\u00eancia robusta e eficiente para diversas aplica\u00e7\u00f5es, garantindo confiabilidade e desempenho ideal.","breadcrumb":{"@id":"https:\/\/www.excalibur-generator.com\/pt-br\/motor-diesel-s2v98fe-2-cilindros-4-tempos.html#breadcrumb"},"inLanguage":"pt-BR","potentialAction":[{"@type":"ReadAction","target":["https:\/\/www.excalibur-generator.com\/pt-br\/motor-diesel-s2v98fe-2-cilindros-4-tempos.html"]}]},{"@type":"ImageObject","inLanguage":"pt-BR","@id":"https:\/\/www.excalibur-generator.com\/pt-br\/motor-diesel-s2v98fe-2-cilindros-4-tempos.html#primaryimage","url":"https:\/\/www.excalibur-generator.com\/wp-content\/uploads\/2024\/05\/S2V98FE-Diesel-Engine-2-Cylinder-4-stroke.jpg","contentUrl":"https:\/\/www.excalibur-generator.com\/wp-content\/uploads\/2024\/05\/S2V98FE-Diesel-Engine-2-Cylinder-4-stroke.jpg","width":800,"height":800,"caption":"S2V98FE-Motor Diesel-2-Cilindros-4-Tempos"},{"@type":"BreadcrumbList","@id":"https:\/\/www.excalibur-generator.com\/pt-br\/motor-diesel-s2v98fe-2-cilindros-4-tempos.html#breadcrumb","itemListElement":[{"@type":"ListItem","position":1,"name":"Home","item":"https:\/\/www.excalibur-generator.com\/pt-br\/"},{"@type":"ListItem","position":2,"name":"Produtos","item":"https:\/\/www.excalibur-generator.com\/pt-br\/produtos.html"},{"@type":"ListItem","position":3,"name":"Motor Diesel S2V98FE 2 Cilindros 4 tempos"}]},{"@type":"WebSite","@id":"https:\/\/www.excalibur-generator.com\/pt-br\/#website","url":"https:\/\/www.excalibur-generator.com\/pt-br\/","name":"Excalibur Generator","description":"","publisher":{"@id":"https:\/\/www.excalibur-generator.com\/pt-br\/#organization"},"potentialAction":[{"@type":"SearchAction","target":{"@type":"EntryPoint","urlTemplate":"https:\/\/www.excalibur-generator.com\/pt-br\/?s={search_term_string}"},"query-input":{"@type":"PropertyValueSpecification","valueRequired":true,"valueName":"search_term_string"}}],"inLanguage":"pt-BR"},{"@type":"Organization","@id":"https:\/\/www.excalibur-generator.com\/pt-br\/#organization","name":"Excalibur Generator","url":"https:\/\/www.excalibur-generator.com\/pt-br\/","logo":{"@type":"ImageObject","inLanguage":"pt-BR","@id":"https:\/\/www.excalibur-generator.com\/pt-br\/#\/schema\/logo\/image\/","url":"https:\/\/www.excalibur-generator.com\/wp-content\/uploads\/2024\/05\/EXCALIBUR.png","contentUrl":"https:\/\/www.excalibur-generator.com\/wp-content\/uploads\/2024\/05\/EXCALIBUR.png","width":350,"height":79,"caption":"Excalibur Generator"},"image":{"@id":"https:\/\/www.excalibur-generator.com\/pt-br\/#\/schema\/logo\/image\/"}}]}},"_links":{"self":[{"href":"https:\/\/www.excalibur-generator.com\/pt-br\/wp-json\/wp\/v2\/product\/4295","targetHints":{"allow":["GET"]}}],"collection":[{"href":"https:\/\/www.excalibur-generator.com\/pt-br\/wp-json\/wp\/v2\/product"}],"about":[{"href":"https:\/\/www.excalibur-generator.com\/pt-br\/wp-json\/wp\/v2\/types\/product"}],"replies":[{"embeddable":true,"href":"https:\/\/www.excalibur-generator.com\/pt-br\/wp-json\/wp\/v2\/comments?post=4295"}],"wp:featuredmedia":[{"embeddable":true,"href":"https:\/\/www.excalibur-generator.com\/pt-br\/wp-json\/wp\/v2\/media\/4296"}],"wp:attachment":[{"href":"https:\/\/www.excalibur-generator.com\/pt-br\/wp-json\/wp\/v2\/media?parent=4295"}],"wp:term":[{"taxonomy":"product_brand","embeddable":true,"href":"https:\/\/www.excalibur-generator.com\/pt-br\/wp-json\/wp\/v2\/product_brand?post=4295"},{"taxonomy":"product_cat","embeddable":true,"href":"https:\/\/www.excalibur-generator.com\/pt-br\/wp-json\/wp\/v2\/product_cat?post=4295"},{"taxonomy":"product_tag","embeddable":true,"href":"https:\/\/www.excalibur-generator.com\/pt-br\/wp-json\/wp\/v2\/product_tag?post=4295"}],"curies":[{"name":"wp","href":"https:\/\/api.w.org\/{rel}","templated":true}]}}