{"id":4301,"date":"2024-05-24T10:46:33","date_gmt":"2024-05-24T02:46:33","guid":{"rendered":"https:\/\/www.excalibur-generator.com\/motor-a-gasolina-vertical-s20\/"},"modified":"2024-09-27T16:23:00","modified_gmt":"2024-09-27T08:23:00","slug":"motor-a-gasolina-vertical-s20","status":"publish","type":"product","link":"https:\/\/www.excalibur-generator.com\/pt-br\/motor-a-gasolina-vertical-s20.html","title":{"rendered":"Motor a gasolina vertical S20"},"content":{"rendered":"<table>\n<colgroup>\n<col \/>\n<col \/><\/colgroup>\n<tbody>\n<tr class=\"firstRow\">\n<td>Modelo<\/td>\n<td>S20<\/td>\n<\/tr>\n<tr>\n<td>Tipo de motor<\/td>\n<td>Refrigerado a ar, 4 ciclos, cilindro \u00fanico, v\u00e1lvula lateral<\/td>\n<\/tr>\n<tr>\n<td>Furo*Curso(mm)<\/td>\n<td>67*52<\/td>\n<\/tr>\n<tr>\n<td>Deslocamento (cc)<\/td>\n<td>183<\/td>\n<\/tr>\n<tr>\n<td>Pot\u00eancia nominal kW (hp)\/rpm<\/td>\n<td>2.65(3.5)\/3600<\/td>\n<\/tr>\n<tr>\n<td>Pot\u00eancia m\u00e1xima de sa\u00edda kW (hp)\/rpm<\/td>\n<td>3.73(5.0)\/4000<\/td>\n<\/tr>\n<tr>\n<td>Sentido de rota\u00e7\u00e3o<\/td>\n<td>Sentido anti-hor\u00e1rio, voltado para o eixo da tomada de for\u00e7a<\/td>\n<\/tr>\n<tr>\n<td>Combust\u00edvel<\/td>\n<td>Autom\u00f3vel Gasolina sem chumbo<\/td>\n<\/tr>\n<tr>\n<td>Capacidade do tanque de combust\u00edvel (L)<\/td>\n<td>3.8<\/td>\n<\/tr>\n<tr>\n<td>Capacidade de \u00f3leo lubrificante (L)<\/td>\n<td>0.6<\/td>\n<\/tr>\n<tr>\n<td>Vela de igni\u00e7\u00e3o<\/td>\n<td>E6TC<\/td>\n<\/tr>\n<tr>\n<td>Sistema de partida<\/td>\n<td>Arrancador de bobina<\/td>\n<\/tr>\n<tr>\n<td>Tamanho da embalagem (mm)<\/td>\n<td>380*370*425<\/td>\n<\/tr>\n<tr>\n<td>Peso l\u00edquido<\/td>\n<td>15<\/td>\n<\/tr>\n<\/tbody>\n<\/table>\n","protected":false},"excerpt":{"rendered":"<p>Modelo S20 Tipo de motor Refrigerado a ar, 4 ciclos, cilindro \u00fanico, v\u00e1lvula lateral Furo*Curso(mm) 67*52 Deslocamento (cc) 183 Pot\u00eancia nominal kW (hp)\/rpm 2.65(3.5)\/3600 Pot\u00eancia m\u00e1xima de sa\u00edda kW (hp)\/rpm 3.73(5.0)\/4000 Sentido de rota\u00e7\u00e3o Sentido anti-hor\u00e1rio, voltado para o eixo da tomada de for\u00e7a Combust\u00edvel Autom\u00f3vel Gasolina sem chumbo Capacidade do tanque de combust\u00edvel (L) 3.8 Capacidade de \u00f3leo lubrificante (L) 0.6 Vela de igni\u00e7\u00e3o E6TC Sistema de partida Arrancador de bobina Tamanho da embalagem (mm) 380*370*425 Peso l\u00edquido 15<\/p>\n","protected":false},"featured_media":4302,"comment_status":"open","ping_status":"closed","template":"","meta":{"site-sidebar-layout":"default","site-content-layout":"","ast-site-content-layout":"default","site-content-style":"default","site-sidebar-style":"default","ast-global-header-display":"","ast-banner-title-visibility":"","ast-main-header-display":"","ast-hfb-above-header-display":"","ast-hfb-below-header-display":"","ast-hfb-mobile-header-display":"","site-post-title":"","ast-breadcrumbs-content":"","ast-featured-img":"","footer-sml-layout":"","theme-transparent-header-meta":"default","adv-header-id-meta":"","stick-header-meta":"","header-above-stick-meta":"","header-main-stick-meta":"","header-below-stick-meta":"","astra-migrate-meta-layouts":"set","ast-page-background-enabled":"default","ast-page-background-meta":{"desktop":{"background-color":"var(--ast-global-color-4)","background-image":"","background-repeat":"repeat","background-position":"center center","background-size":"auto","background-attachment":"scroll","background-type":"","background-media":"","overlay-type":"","overlay-color":"","overlay-opacity":"","overlay-gradient":""},"tablet":{"background-color":"","background-image":"","background-repeat":"repeat","background-position":"center center","background-size":"auto","background-attachment":"scroll","background-type":"","background-media":"","overlay-type":"","overlay-color":"","overlay-opacity":"","overlay-gradient":""},"mobile":{"background-color":"","background-image":"","background-repeat":"repeat","background-position":"center center","background-size":"auto","background-attachment":"scroll","background-type":"","background-media":"","overlay-type":"","overlay-color":"","overlay-opacity":"","overlay-gradient":""}},"ast-content-background-meta":{"desktop":{"background-color":"var(--ast-global-color-5)","background-image":"","background-repeat":"repeat","background-position":"center center","background-size":"auto","background-attachment":"scroll","background-type":"","background-media":"","overlay-type":"","overlay-color":"","overlay-opacity":"","overlay-gradient":""},"tablet":{"background-color":"var(--ast-global-color-5)","background-image":"","background-repeat":"repeat","background-position":"center center","background-size":"auto","background-attachment":"scroll","background-type":"","background-media":"","overlay-type":"","overlay-color":"","overlay-opacity":"","overlay-gradient":""},"mobile":{"background-color":"var(--ast-global-color-5)","background-image":"","background-repeat":"repeat","background-position":"center center","background-size":"auto","background-attachment":"scroll","background-type":"","background-media":"","overlay-type":"","overlay-color":"","overlay-opacity":"","overlay-gradient":""}}},"product_brand":[],"product_cat":[67],"product_tag":[],"class_list":{"0":"post-4301","1":"product","2":"type-product","3":"status-publish","4":"has-post-thumbnail","6":"product_cat-sem-categoria","7":"desktop-align-left","8":"tablet-align-left","9":"mobile-align-left","11":"first","12":"instock","13":"shipping-taxable","14":"product-type-simple"},"yoast_head":"<!-- This site is optimized with the Yoast SEO plugin v26.5 - https:\/\/yoast.com\/wordpress\/plugins\/seo\/ -->\n<title>Motor gasolina vertical S20 &#8211; Excalibur Generator<\/title>\n<meta name=\"description\" content=\"O S20 Vertical Gasoline Engine ostenta um design potente, ideal para v\u00e1rias aplica\u00e7\u00f5es. Com uma constru\u00e7\u00e3o robusta e sa\u00edda de 20 cavalos de pot\u00eancia, ele garante desempenho e efici\u00eancia confi\u00e1veis, tornando-o uma escolha vers\u00e1til para diferentes tarefas.\" \/>\n<meta name=\"robots\" content=\"index, follow, max-snippet:-1, max-image-preview:large, max-video-preview:-1\" \/>\n<link rel=\"canonical\" href=\"https:\/\/www.excalibur-generator.com\/pt-br\/motor-a-gasolina-vertical-s20.html\" \/>\n<meta name=\"twitter:label1\" content=\"Est. tempo de leitura\" \/>\n\t<meta name=\"twitter:data1\" content=\"1 minuto\" \/>\n<script type=\"application\/ld+json\" class=\"yoast-schema-graph\">{\"@context\":\"https:\/\/schema.org\",\"@graph\":[{\"@type\":\"WebPage\",\"@id\":\"https:\/\/www.excalibur-generator.com\/pt-br\/motor-a-gasolina-vertical-s20.html\",\"url\":\"https:\/\/www.excalibur-generator.com\/pt-br\/motor-a-gasolina-vertical-s20.html\",\"name\":\"Motor gasolina vertical S20 &#8211; Excalibur Generator\",\"isPartOf\":{\"@id\":\"https:\/\/www.excalibur-generator.com\/pt-br\/#website\"},\"primaryImageOfPage\":{\"@id\":\"https:\/\/www.excalibur-generator.com\/pt-br\/motor-a-gasolina-vertical-s20.html#primaryimage\"},\"image\":{\"@id\":\"https:\/\/www.excalibur-generator.com\/pt-br\/motor-a-gasolina-vertical-s20.html#primaryimage\"},\"thumbnailUrl\":\"https:\/\/www.excalibur-generator.com\/wp-content\/uploads\/2024\/05\/S20-Vertical-Gasoline-Engine.jpg\",\"datePublished\":\"2024-05-24T02:46:33+00:00\",\"dateModified\":\"2024-09-27T08:23:00+00:00\",\"description\":\"O S20 Vertical Gasoline Engine ostenta um design potente, ideal para v\u00e1rias aplica\u00e7\u00f5es. Com uma constru\u00e7\u00e3o robusta e sa\u00edda de 20 cavalos de pot\u00eancia, ele garante desempenho e efici\u00eancia confi\u00e1veis, tornando-o uma escolha vers\u00e1til para diferentes tarefas.\",\"breadcrumb\":{\"@id\":\"https:\/\/www.excalibur-generator.com\/pt-br\/motor-a-gasolina-vertical-s20.html#breadcrumb\"},\"inLanguage\":\"pt-BR\",\"potentialAction\":[{\"@type\":\"ReadAction\",\"target\":[\"https:\/\/www.excalibur-generator.com\/pt-br\/motor-a-gasolina-vertical-s20.html\"]}]},{\"@type\":\"ImageObject\",\"inLanguage\":\"pt-BR\",\"@id\":\"https:\/\/www.excalibur-generator.com\/pt-br\/motor-a-gasolina-vertical-s20.html#primaryimage\",\"url\":\"https:\/\/www.excalibur-generator.com\/wp-content\/uploads\/2024\/05\/S20-Vertical-Gasoline-Engine.jpg\",\"contentUrl\":\"https:\/\/www.excalibur-generator.com\/wp-content\/uploads\/2024\/05\/S20-Vertical-Gasoline-Engine.jpg\",\"width\":800,\"height\":800,\"caption\":\"S20-Motor-Vertical-Gasolina\"},{\"@type\":\"BreadcrumbList\",\"@id\":\"https:\/\/www.excalibur-generator.com\/pt-br\/motor-a-gasolina-vertical-s20.html#breadcrumb\",\"itemListElement\":[{\"@type\":\"ListItem\",\"position\":1,\"name\":\"Home\",\"item\":\"https:\/\/www.excalibur-generator.com\/pt-br\/\"},{\"@type\":\"ListItem\",\"position\":2,\"name\":\"Produtos\",\"item\":\"https:\/\/www.excalibur-generator.com\/pt-br\/produtos.html\"},{\"@type\":\"ListItem\",\"position\":3,\"name\":\"Motor a gasolina vertical S20\"}]},{\"@type\":\"WebSite\",\"@id\":\"https:\/\/www.excalibur-generator.com\/pt-br\/#website\",\"url\":\"https:\/\/www.excalibur-generator.com\/pt-br\/\",\"name\":\"Excalibur Generator\",\"description\":\"\",\"publisher\":{\"@id\":\"https:\/\/www.excalibur-generator.com\/pt-br\/#organization\"},\"potentialAction\":[{\"@type\":\"SearchAction\",\"target\":{\"@type\":\"EntryPoint\",\"urlTemplate\":\"https:\/\/www.excalibur-generator.com\/pt-br\/?s={search_term_string}\"},\"query-input\":{\"@type\":\"PropertyValueSpecification\",\"valueRequired\":true,\"valueName\":\"search_term_string\"}}],\"inLanguage\":\"pt-BR\"},{\"@type\":\"Organization\",\"@id\":\"https:\/\/www.excalibur-generator.com\/pt-br\/#organization\",\"name\":\"Excalibur Generator\",\"url\":\"https:\/\/www.excalibur-generator.com\/pt-br\/\",\"logo\":{\"@type\":\"ImageObject\",\"inLanguage\":\"pt-BR\",\"@id\":\"https:\/\/www.excalibur-generator.com\/pt-br\/#\/schema\/logo\/image\/\",\"url\":\"https:\/\/www.excalibur-generator.com\/wp-content\/uploads\/2024\/05\/EXCALIBUR.png\",\"contentUrl\":\"https:\/\/www.excalibur-generator.com\/wp-content\/uploads\/2024\/05\/EXCALIBUR.png\",\"width\":350,\"height\":79,\"caption\":\"Excalibur Generator\"},\"image\":{\"@id\":\"https:\/\/www.excalibur-generator.com\/pt-br\/#\/schema\/logo\/image\/\"}}]}<\/script>\n<!-- \/ Yoast SEO plugin. -->","yoast_head_json":{"title":"Motor gasolina vertical S20 &#8211; Excalibur Generator","description":"O S20 Vertical Gasoline Engine ostenta um design potente, ideal para v\u00e1rias aplica\u00e7\u00f5es. Com uma constru\u00e7\u00e3o robusta e sa\u00edda de 20 cavalos de pot\u00eancia, ele garante desempenho e efici\u00eancia confi\u00e1veis, tornando-o uma escolha vers\u00e1til para diferentes tarefas.","robots":{"index":"index","follow":"follow","max-snippet":"max-snippet:-1","max-image-preview":"max-image-preview:large","max-video-preview":"max-video-preview:-1"},"canonical":"https:\/\/www.excalibur-generator.com\/pt-br\/motor-a-gasolina-vertical-s20.html","twitter_misc":{"Est. tempo de leitura":"1 minuto"},"schema":{"@context":"https:\/\/schema.org","@graph":[{"@type":"WebPage","@id":"https:\/\/www.excalibur-generator.com\/pt-br\/motor-a-gasolina-vertical-s20.html","url":"https:\/\/www.excalibur-generator.com\/pt-br\/motor-a-gasolina-vertical-s20.html","name":"Motor gasolina vertical S20 &#8211; Excalibur Generator","isPartOf":{"@id":"https:\/\/www.excalibur-generator.com\/pt-br\/#website"},"primaryImageOfPage":{"@id":"https:\/\/www.excalibur-generator.com\/pt-br\/motor-a-gasolina-vertical-s20.html#primaryimage"},"image":{"@id":"https:\/\/www.excalibur-generator.com\/pt-br\/motor-a-gasolina-vertical-s20.html#primaryimage"},"thumbnailUrl":"https:\/\/www.excalibur-generator.com\/wp-content\/uploads\/2024\/05\/S20-Vertical-Gasoline-Engine.jpg","datePublished":"2024-05-24T02:46:33+00:00","dateModified":"2024-09-27T08:23:00+00:00","description":"O S20 Vertical Gasoline Engine ostenta um design potente, ideal para v\u00e1rias aplica\u00e7\u00f5es. Com uma constru\u00e7\u00e3o robusta e sa\u00edda de 20 cavalos de pot\u00eancia, ele garante desempenho e efici\u00eancia confi\u00e1veis, tornando-o uma escolha vers\u00e1til para diferentes tarefas.","breadcrumb":{"@id":"https:\/\/www.excalibur-generator.com\/pt-br\/motor-a-gasolina-vertical-s20.html#breadcrumb"},"inLanguage":"pt-BR","potentialAction":[{"@type":"ReadAction","target":["https:\/\/www.excalibur-generator.com\/pt-br\/motor-a-gasolina-vertical-s20.html"]}]},{"@type":"ImageObject","inLanguage":"pt-BR","@id":"https:\/\/www.excalibur-generator.com\/pt-br\/motor-a-gasolina-vertical-s20.html#primaryimage","url":"https:\/\/www.excalibur-generator.com\/wp-content\/uploads\/2024\/05\/S20-Vertical-Gasoline-Engine.jpg","contentUrl":"https:\/\/www.excalibur-generator.com\/wp-content\/uploads\/2024\/05\/S20-Vertical-Gasoline-Engine.jpg","width":800,"height":800,"caption":"S20-Motor-Vertical-Gasolina"},{"@type":"BreadcrumbList","@id":"https:\/\/www.excalibur-generator.com\/pt-br\/motor-a-gasolina-vertical-s20.html#breadcrumb","itemListElement":[{"@type":"ListItem","position":1,"name":"Home","item":"https:\/\/www.excalibur-generator.com\/pt-br\/"},{"@type":"ListItem","position":2,"name":"Produtos","item":"https:\/\/www.excalibur-generator.com\/pt-br\/produtos.html"},{"@type":"ListItem","position":3,"name":"Motor a gasolina vertical S20"}]},{"@type":"WebSite","@id":"https:\/\/www.excalibur-generator.com\/pt-br\/#website","url":"https:\/\/www.excalibur-generator.com\/pt-br\/","name":"Excalibur Generator","description":"","publisher":{"@id":"https:\/\/www.excalibur-generator.com\/pt-br\/#organization"},"potentialAction":[{"@type":"SearchAction","target":{"@type":"EntryPoint","urlTemplate":"https:\/\/www.excalibur-generator.com\/pt-br\/?s={search_term_string}"},"query-input":{"@type":"PropertyValueSpecification","valueRequired":true,"valueName":"search_term_string"}}],"inLanguage":"pt-BR"},{"@type":"Organization","@id":"https:\/\/www.excalibur-generator.com\/pt-br\/#organization","name":"Excalibur Generator","url":"https:\/\/www.excalibur-generator.com\/pt-br\/","logo":{"@type":"ImageObject","inLanguage":"pt-BR","@id":"https:\/\/www.excalibur-generator.com\/pt-br\/#\/schema\/logo\/image\/","url":"https:\/\/www.excalibur-generator.com\/wp-content\/uploads\/2024\/05\/EXCALIBUR.png","contentUrl":"https:\/\/www.excalibur-generator.com\/wp-content\/uploads\/2024\/05\/EXCALIBUR.png","width":350,"height":79,"caption":"Excalibur Generator"},"image":{"@id":"https:\/\/www.excalibur-generator.com\/pt-br\/#\/schema\/logo\/image\/"}}]}},"_links":{"self":[{"href":"https:\/\/www.excalibur-generator.com\/pt-br\/wp-json\/wp\/v2\/product\/4301","targetHints":{"allow":["GET"]}}],"collection":[{"href":"https:\/\/www.excalibur-generator.com\/pt-br\/wp-json\/wp\/v2\/product"}],"about":[{"href":"https:\/\/www.excalibur-generator.com\/pt-br\/wp-json\/wp\/v2\/types\/product"}],"replies":[{"embeddable":true,"href":"https:\/\/www.excalibur-generator.com\/pt-br\/wp-json\/wp\/v2\/comments?post=4301"}],"wp:featuredmedia":[{"embeddable":true,"href":"https:\/\/www.excalibur-generator.com\/pt-br\/wp-json\/wp\/v2\/media\/4302"}],"wp:attachment":[{"href":"https:\/\/www.excalibur-generator.com\/pt-br\/wp-json\/wp\/v2\/media?parent=4301"}],"wp:term":[{"taxonomy":"product_brand","embeddable":true,"href":"https:\/\/www.excalibur-generator.com\/pt-br\/wp-json\/wp\/v2\/product_brand?post=4301"},{"taxonomy":"product_cat","embeddable":true,"href":"https:\/\/www.excalibur-generator.com\/pt-br\/wp-json\/wp\/v2\/product_cat?post=4301"},{"taxonomy":"product_tag","embeddable":true,"href":"https:\/\/www.excalibur-generator.com\/pt-br\/wp-json\/wp\/v2\/product_tag?post=4301"}],"curies":[{"name":"wp","href":"https:\/\/api.w.org\/{rel}","templated":true}]}}