{"id":4303,"date":"2024-05-24T10:35:45","date_gmt":"2024-05-24T02:35:45","guid":{"rendered":"https:\/\/www.excalibur-generator.com\/motor-estacionario-a-gasolina-vertical-s28d\/"},"modified":"2024-09-27T16:40:18","modified_gmt":"2024-09-27T08:40:18","slug":"motor-estacionario-a-gasolina-vertical-s28d","status":"publish","type":"product","link":"https:\/\/www.excalibur-generator.com\/pt-br\/motor-estacionario-a-gasolina-vertical-s28d.html","title":{"rendered":"Motor estacion\u00e1rio a gasolina vertical S28D"},"content":{"rendered":"<table>\n<colgroup>\n<col \/>\n<col \/><\/colgroup>\n<tbody>\n<tr class=\"firstRow\">\n<td>Modelo<\/td>\n<td>S28D<\/td>\n<\/tr>\n<tr>\n<td>Tipo de motor<\/td>\n<td>Refrigerado a ar, 4 ciclos, cilindro \u00fanico, v\u00e1lvula lateral<\/td>\n<\/tr>\n<tr>\n<td>Furo*Curso(mm)<\/td>\n<td>75*62<\/td>\n<\/tr>\n<tr>\n<td>Displacement (cc)<\/td>\n<td>273<\/td>\n<\/tr>\n<tr>\n<td>Pot\u00eancia nominal kW (hp)\/rpm<\/td>\n<td>4.2(5.7)\/3600<\/td>\n<\/tr>\n<tr>\n<td>Pot\u00eancia m\u00e1xima de sa\u00edda kW (hp)\/rpm<\/td>\n<td>5.91(8.0)\/4000<\/td>\n<\/tr>\n<tr>\n<td>Sentido de rota\u00e7\u00e3o<\/td>\n<td>Sentido anti-hor\u00e1rio, voltado para o eixo da tomada de for\u00e7a<\/td>\n<\/tr>\n<tr>\n<td>Combust\u00edvel<\/td>\n<td>Autom\u00f3vel Gasolina sem chumbo<\/td>\n<\/tr>\n<tr>\n<td>Capacidade do tanque de combust\u00edvel (L)<\/td>\n<td>5.5<\/td>\n<\/tr>\n<tr>\n<td>Capacidade de \u00f3leo lubrificante (L)<\/td>\n<td>0.85<\/td>\n<\/tr>\n<tr>\n<td>Vela de igni\u00e7\u00e3o<\/td>\n<td>E6TC<\/td>\n<\/tr>\n<tr>\n<td>Sistema de partida<\/td>\n<td>Arrancador de bobina<\/td>\n<\/tr>\n<tr>\n<td>Tamanho da embalagem (mm)<\/td>\n<td>440*380*460<\/td>\n<\/tr>\n<tr>\n<td>Peso l\u00edquido<\/td>\n<td>21.5<\/td>\n<\/tr>\n<\/tbody>\n<\/table>\n","protected":false},"excerpt":{"rendered":"<p>Modelo S28D Tipo de motor Refrigerado a ar, 4 ciclos, cilindro \u00fanico, v\u00e1lvula lateral Furo*Curso(mm) 75*62 Displacement (cc) 273 Pot\u00eancia nominal kW (hp)\/rpm 4.2(5.7)\/3600 Pot\u00eancia m\u00e1xima de sa\u00edda kW (hp)\/rpm 5.91(8.0)\/4000 Sentido de rota\u00e7\u00e3o Sentido anti-hor\u00e1rio, voltado para o eixo da tomada de for\u00e7a Combust\u00edvel Autom\u00f3vel Gasolina sem chumbo Capacidade do tanque de combust\u00edvel (L) 5.5 Capacidade de \u00f3leo lubrificante (L) 0.85 Vela de igni\u00e7\u00e3o E6TC Sistema de partida Arrancador de bobina Tamanho da embalagem (mm) 440*380*460 Peso l\u00edquido 21.5<\/p>\n","protected":false},"featured_media":4304,"comment_status":"open","ping_status":"closed","template":"","meta":{"site-sidebar-layout":"default","site-content-layout":"","ast-site-content-layout":"default","site-content-style":"default","site-sidebar-style":"default","ast-global-header-display":"","ast-banner-title-visibility":"","ast-main-header-display":"","ast-hfb-above-header-display":"","ast-hfb-below-header-display":"","ast-hfb-mobile-header-display":"","site-post-title":"","ast-breadcrumbs-content":"","ast-featured-img":"","footer-sml-layout":"","theme-transparent-header-meta":"default","adv-header-id-meta":"","stick-header-meta":"","header-above-stick-meta":"","header-main-stick-meta":"","header-below-stick-meta":"","astra-migrate-meta-layouts":"set","ast-page-background-enabled":"default","ast-page-background-meta":{"desktop":{"background-color":"var(--ast-global-color-4)","background-image":"","background-repeat":"repeat","background-position":"center center","background-size":"auto","background-attachment":"scroll","background-type":"","background-media":"","overlay-type":"","overlay-color":"","overlay-opacity":"","overlay-gradient":""},"tablet":{"background-color":"","background-image":"","background-repeat":"repeat","background-position":"center center","background-size":"auto","background-attachment":"scroll","background-type":"","background-media":"","overlay-type":"","overlay-color":"","overlay-opacity":"","overlay-gradient":""},"mobile":{"background-color":"","background-image":"","background-repeat":"repeat","background-position":"center center","background-size":"auto","background-attachment":"scroll","background-type":"","background-media":"","overlay-type":"","overlay-color":"","overlay-opacity":"","overlay-gradient":""}},"ast-content-background-meta":{"desktop":{"background-color":"var(--ast-global-color-5)","background-image":"","background-repeat":"repeat","background-position":"center center","background-size":"auto","background-attachment":"scroll","background-type":"","background-media":"","overlay-type":"","overlay-color":"","overlay-opacity":"","overlay-gradient":""},"tablet":{"background-color":"var(--ast-global-color-5)","background-image":"","background-repeat":"repeat","background-position":"center center","background-size":"auto","background-attachment":"scroll","background-type":"","background-media":"","overlay-type":"","overlay-color":"","overlay-opacity":"","overlay-gradient":""},"mobile":{"background-color":"var(--ast-global-color-5)","background-image":"","background-repeat":"repeat","background-position":"center center","background-size":"auto","background-attachment":"scroll","background-type":"","background-media":"","overlay-type":"","overlay-color":"","overlay-opacity":"","overlay-gradient":""}}},"product_brand":[],"product_cat":[67],"product_tag":[],"class_list":{"0":"post-4303","1":"product","2":"type-product","3":"status-publish","4":"has-post-thumbnail","6":"product_cat-sem-categoria","7":"desktop-align-left","8":"tablet-align-left","9":"mobile-align-left","11":"first","12":"instock","13":"shipping-taxable","14":"product-type-simple"},"yoast_head":"<!-- This site is optimized with the Yoast SEO plugin v26.5 - https:\/\/yoast.com\/wordpress\/plugins\/seo\/ -->\n<title>Motor estacion\u00e1rio a gasolina vertical S28D &#8211; Excalibur Generator<\/title>\n<meta name=\"description\" content=\"O S28D Vertical Gasoline Engine \u00e9 um motor de 4 tempos potente e confi\u00e1vel com design vertical, ideal para uma variedade de aplica\u00e7\u00f5es. Com engenharia de precis\u00e3o, ele oferece desempenho eficiente e durabilidade, tornando-o uma escolha vers\u00e1til para v\u00e1rias tarefas.\" \/>\n<meta name=\"robots\" content=\"index, follow, max-snippet:-1, max-image-preview:large, max-video-preview:-1\" \/>\n<link rel=\"canonical\" href=\"https:\/\/www.excalibur-generator.com\/pt-br\/motor-estacionario-a-gasolina-vertical-s28d.html\" \/>\n<meta name=\"twitter:label1\" content=\"Est. tempo de leitura\" \/>\n\t<meta name=\"twitter:data1\" content=\"1 minuto\" \/>\n<script type=\"application\/ld+json\" class=\"yoast-schema-graph\">{\"@context\":\"https:\/\/schema.org\",\"@graph\":[{\"@type\":\"WebPage\",\"@id\":\"https:\/\/www.excalibur-generator.com\/pt-br\/motor-estacionario-a-gasolina-vertical-s28d.html\",\"url\":\"https:\/\/www.excalibur-generator.com\/pt-br\/motor-estacionario-a-gasolina-vertical-s28d.html\",\"name\":\"Motor estacion\u00e1rio a gasolina vertical S28D &#8211; Excalibur Generator\",\"isPartOf\":{\"@id\":\"https:\/\/www.excalibur-generator.com\/pt-br\/#website\"},\"primaryImageOfPage\":{\"@id\":\"https:\/\/www.excalibur-generator.com\/pt-br\/motor-estacionario-a-gasolina-vertical-s28d.html#primaryimage\"},\"image\":{\"@id\":\"https:\/\/www.excalibur-generator.com\/pt-br\/motor-estacionario-a-gasolina-vertical-s28d.html#primaryimage\"},\"thumbnailUrl\":\"https:\/\/www.excalibur-generator.com\/wp-content\/uploads\/2024\/05\/S28D-Vertical-Gasoline-Engine.jpg\",\"datePublished\":\"2024-05-24T02:35:45+00:00\",\"dateModified\":\"2024-09-27T08:40:18+00:00\",\"description\":\"O S28D Vertical Gasoline Engine \u00e9 um motor de 4 tempos potente e confi\u00e1vel com design vertical, ideal para uma variedade de aplica\u00e7\u00f5es. Com engenharia de precis\u00e3o, ele oferece desempenho eficiente e durabilidade, tornando-o uma escolha vers\u00e1til para v\u00e1rias tarefas.\",\"breadcrumb\":{\"@id\":\"https:\/\/www.excalibur-generator.com\/pt-br\/motor-estacionario-a-gasolina-vertical-s28d.html#breadcrumb\"},\"inLanguage\":\"pt-BR\",\"potentialAction\":[{\"@type\":\"ReadAction\",\"target\":[\"https:\/\/www.excalibur-generator.com\/pt-br\/motor-estacionario-a-gasolina-vertical-s28d.html\"]}]},{\"@type\":\"ImageObject\",\"inLanguage\":\"pt-BR\",\"@id\":\"https:\/\/www.excalibur-generator.com\/pt-br\/motor-estacionario-a-gasolina-vertical-s28d.html#primaryimage\",\"url\":\"https:\/\/www.excalibur-generator.com\/wp-content\/uploads\/2024\/05\/S28D-Vertical-Gasoline-Engine.jpg\",\"contentUrl\":\"https:\/\/www.excalibur-generator.com\/wp-content\/uploads\/2024\/05\/S28D-Vertical-Gasoline-Engine.jpg\",\"width\":800,\"height\":800,\"caption\":\"S28D-Motor-Vertical-Gasolina\"},{\"@type\":\"BreadcrumbList\",\"@id\":\"https:\/\/www.excalibur-generator.com\/pt-br\/motor-estacionario-a-gasolina-vertical-s28d.html#breadcrumb\",\"itemListElement\":[{\"@type\":\"ListItem\",\"position\":1,\"name\":\"Home\",\"item\":\"https:\/\/www.excalibur-generator.com\/pt-br\/\"},{\"@type\":\"ListItem\",\"position\":2,\"name\":\"Produtos\",\"item\":\"https:\/\/www.excalibur-generator.com\/pt-br\/produtos.html\"},{\"@type\":\"ListItem\",\"position\":3,\"name\":\"Motor estacion\u00e1rio a gasolina vertical S28D\"}]},{\"@type\":\"WebSite\",\"@id\":\"https:\/\/www.excalibur-generator.com\/pt-br\/#website\",\"url\":\"https:\/\/www.excalibur-generator.com\/pt-br\/\",\"name\":\"Excalibur Generator\",\"description\":\"\",\"publisher\":{\"@id\":\"https:\/\/www.excalibur-generator.com\/pt-br\/#organization\"},\"potentialAction\":[{\"@type\":\"SearchAction\",\"target\":{\"@type\":\"EntryPoint\",\"urlTemplate\":\"https:\/\/www.excalibur-generator.com\/pt-br\/?s={search_term_string}\"},\"query-input\":{\"@type\":\"PropertyValueSpecification\",\"valueRequired\":true,\"valueName\":\"search_term_string\"}}],\"inLanguage\":\"pt-BR\"},{\"@type\":\"Organization\",\"@id\":\"https:\/\/www.excalibur-generator.com\/pt-br\/#organization\",\"name\":\"Excalibur Generator\",\"url\":\"https:\/\/www.excalibur-generator.com\/pt-br\/\",\"logo\":{\"@type\":\"ImageObject\",\"inLanguage\":\"pt-BR\",\"@id\":\"https:\/\/www.excalibur-generator.com\/pt-br\/#\/schema\/logo\/image\/\",\"url\":\"https:\/\/www.excalibur-generator.com\/wp-content\/uploads\/2024\/05\/EXCALIBUR.png\",\"contentUrl\":\"https:\/\/www.excalibur-generator.com\/wp-content\/uploads\/2024\/05\/EXCALIBUR.png\",\"width\":350,\"height\":79,\"caption\":\"Excalibur Generator\"},\"image\":{\"@id\":\"https:\/\/www.excalibur-generator.com\/pt-br\/#\/schema\/logo\/image\/\"}}]}<\/script>\n<!-- \/ Yoast SEO plugin. -->","yoast_head_json":{"title":"Motor estacion\u00e1rio a gasolina vertical S28D &#8211; Excalibur Generator","description":"O S28D Vertical Gasoline Engine \u00e9 um motor de 4 tempos potente e confi\u00e1vel com design vertical, ideal para uma variedade de aplica\u00e7\u00f5es. Com engenharia de precis\u00e3o, ele oferece desempenho eficiente e durabilidade, tornando-o uma escolha vers\u00e1til para v\u00e1rias tarefas.","robots":{"index":"index","follow":"follow","max-snippet":"max-snippet:-1","max-image-preview":"max-image-preview:large","max-video-preview":"max-video-preview:-1"},"canonical":"https:\/\/www.excalibur-generator.com\/pt-br\/motor-estacionario-a-gasolina-vertical-s28d.html","twitter_misc":{"Est. tempo de leitura":"1 minuto"},"schema":{"@context":"https:\/\/schema.org","@graph":[{"@type":"WebPage","@id":"https:\/\/www.excalibur-generator.com\/pt-br\/motor-estacionario-a-gasolina-vertical-s28d.html","url":"https:\/\/www.excalibur-generator.com\/pt-br\/motor-estacionario-a-gasolina-vertical-s28d.html","name":"Motor estacion\u00e1rio a gasolina vertical S28D &#8211; Excalibur Generator","isPartOf":{"@id":"https:\/\/www.excalibur-generator.com\/pt-br\/#website"},"primaryImageOfPage":{"@id":"https:\/\/www.excalibur-generator.com\/pt-br\/motor-estacionario-a-gasolina-vertical-s28d.html#primaryimage"},"image":{"@id":"https:\/\/www.excalibur-generator.com\/pt-br\/motor-estacionario-a-gasolina-vertical-s28d.html#primaryimage"},"thumbnailUrl":"https:\/\/www.excalibur-generator.com\/wp-content\/uploads\/2024\/05\/S28D-Vertical-Gasoline-Engine.jpg","datePublished":"2024-05-24T02:35:45+00:00","dateModified":"2024-09-27T08:40:18+00:00","description":"O S28D Vertical Gasoline Engine \u00e9 um motor de 4 tempos potente e confi\u00e1vel com design vertical, ideal para uma variedade de aplica\u00e7\u00f5es. Com engenharia de precis\u00e3o, ele oferece desempenho eficiente e durabilidade, tornando-o uma escolha vers\u00e1til para v\u00e1rias tarefas.","breadcrumb":{"@id":"https:\/\/www.excalibur-generator.com\/pt-br\/motor-estacionario-a-gasolina-vertical-s28d.html#breadcrumb"},"inLanguage":"pt-BR","potentialAction":[{"@type":"ReadAction","target":["https:\/\/www.excalibur-generator.com\/pt-br\/motor-estacionario-a-gasolina-vertical-s28d.html"]}]},{"@type":"ImageObject","inLanguage":"pt-BR","@id":"https:\/\/www.excalibur-generator.com\/pt-br\/motor-estacionario-a-gasolina-vertical-s28d.html#primaryimage","url":"https:\/\/www.excalibur-generator.com\/wp-content\/uploads\/2024\/05\/S28D-Vertical-Gasoline-Engine.jpg","contentUrl":"https:\/\/www.excalibur-generator.com\/wp-content\/uploads\/2024\/05\/S28D-Vertical-Gasoline-Engine.jpg","width":800,"height":800,"caption":"S28D-Motor-Vertical-Gasolina"},{"@type":"BreadcrumbList","@id":"https:\/\/www.excalibur-generator.com\/pt-br\/motor-estacionario-a-gasolina-vertical-s28d.html#breadcrumb","itemListElement":[{"@type":"ListItem","position":1,"name":"Home","item":"https:\/\/www.excalibur-generator.com\/pt-br\/"},{"@type":"ListItem","position":2,"name":"Produtos","item":"https:\/\/www.excalibur-generator.com\/pt-br\/produtos.html"},{"@type":"ListItem","position":3,"name":"Motor estacion\u00e1rio a gasolina vertical S28D"}]},{"@type":"WebSite","@id":"https:\/\/www.excalibur-generator.com\/pt-br\/#website","url":"https:\/\/www.excalibur-generator.com\/pt-br\/","name":"Excalibur Generator","description":"","publisher":{"@id":"https:\/\/www.excalibur-generator.com\/pt-br\/#organization"},"potentialAction":[{"@type":"SearchAction","target":{"@type":"EntryPoint","urlTemplate":"https:\/\/www.excalibur-generator.com\/pt-br\/?s={search_term_string}"},"query-input":{"@type":"PropertyValueSpecification","valueRequired":true,"valueName":"search_term_string"}}],"inLanguage":"pt-BR"},{"@type":"Organization","@id":"https:\/\/www.excalibur-generator.com\/pt-br\/#organization","name":"Excalibur Generator","url":"https:\/\/www.excalibur-generator.com\/pt-br\/","logo":{"@type":"ImageObject","inLanguage":"pt-BR","@id":"https:\/\/www.excalibur-generator.com\/pt-br\/#\/schema\/logo\/image\/","url":"https:\/\/www.excalibur-generator.com\/wp-content\/uploads\/2024\/05\/EXCALIBUR.png","contentUrl":"https:\/\/www.excalibur-generator.com\/wp-content\/uploads\/2024\/05\/EXCALIBUR.png","width":350,"height":79,"caption":"Excalibur Generator"},"image":{"@id":"https:\/\/www.excalibur-generator.com\/pt-br\/#\/schema\/logo\/image\/"}}]}},"_links":{"self":[{"href":"https:\/\/www.excalibur-generator.com\/pt-br\/wp-json\/wp\/v2\/product\/4303","targetHints":{"allow":["GET"]}}],"collection":[{"href":"https:\/\/www.excalibur-generator.com\/pt-br\/wp-json\/wp\/v2\/product"}],"about":[{"href":"https:\/\/www.excalibur-generator.com\/pt-br\/wp-json\/wp\/v2\/types\/product"}],"replies":[{"embeddable":true,"href":"https:\/\/www.excalibur-generator.com\/pt-br\/wp-json\/wp\/v2\/comments?post=4303"}],"wp:featuredmedia":[{"embeddable":true,"href":"https:\/\/www.excalibur-generator.com\/pt-br\/wp-json\/wp\/v2\/media\/4304"}],"wp:attachment":[{"href":"https:\/\/www.excalibur-generator.com\/pt-br\/wp-json\/wp\/v2\/media?parent=4303"}],"wp:term":[{"taxonomy":"product_brand","embeddable":true,"href":"https:\/\/www.excalibur-generator.com\/pt-br\/wp-json\/wp\/v2\/product_brand?post=4303"},{"taxonomy":"product_cat","embeddable":true,"href":"https:\/\/www.excalibur-generator.com\/pt-br\/wp-json\/wp\/v2\/product_cat?post=4303"},{"taxonomy":"product_tag","embeddable":true,"href":"https:\/\/www.excalibur-generator.com\/pt-br\/wp-json\/wp\/v2\/product_tag?post=4303"}],"curies":[{"name":"wp","href":"https:\/\/api.w.org\/{rel}","templated":true}]}}