{"id":4315,"date":"2024-05-24T09:42:25","date_gmt":"2024-05-24T01:42:25","guid":{"rendered":"https:\/\/www.excalibur-generator.com\/motor-diesel-sl292fe-14kw-15kw-2-cilindros\/"},"modified":"2024-09-27T17:20:46","modified_gmt":"2024-09-27T09:20:46","slug":"motor-diesel-sl292fe-14kw-15kw-2-cilindros","status":"publish","type":"product","link":"https:\/\/www.excalibur-generator.com\/pt-br\/motor-diesel-sl292fe-14kw-15kw-2-cilindros.html","title":{"rendered":"Motor Diesel SL292FE 14KW\/15KW 2 Cilindros"},"content":{"rendered":"<table width=\"686\">\n<colgroup>\n<col \/>\n<col \/>\n<col \/><\/colgroup>\n<tbody>\n<tr class=\"firstRow\">\n<td>Modelo<\/td>\n<td colspan=\"2\">SL292FE<\/td>\n<\/tr>\n<tr>\n<td>Tipo de motor<\/td>\n<td colspan=\"2\">Em linha, 2 cilindros, resfriado a ar, 4 tempos<\/td>\n<\/tr>\n<tr>\n<td>Furo*curso(mm)<\/td>\n<td colspan=\"2\">2-92*75<\/td>\n<\/tr>\n<tr>\n<td>Deslocamento (L)<\/td>\n<td colspan=\"2\">0.997<\/td>\n<\/tr>\n<tr>\n<td>Taxa de compress\u00e3o<\/td>\n<td colspan=\"2\">20:1<\/td>\n<\/tr>\n<tr>\n<td>Pot\u00eancia nominal (kW\/rpm]<\/td>\n<td>14\/3000<\/td>\n<td>15\/3600<\/td>\n<\/tr>\n<tr>\n<td>Tipo de combust\u00edvel<\/td>\n<td colspan=\"2\">0# (Ver\u00e3o) -10# (Inverno)-35 # (Muito frio) Diesel<\/td>\n<\/tr>\n<tr>\n<td>Tipo de \u00f3leo lubrificanteModo de trabalho<\/td>\n<td colspan=\"2\">SAE10W30 (magnitude do CD)<\/td>\n<\/tr>\n<tr>\n<td>Lubrificante[L(US.gal)<\/td>\n<td colspan=\"2\">4.2<\/td>\n<\/tr>\n<tr>\n<td>Modo de trabalho<\/td>\n<td colspan=\"2\">12 horas de opera\u00e7\u00e3o cont\u00ednua<\/td>\n<\/tr>\n<tr>\n<td>Consumo de combust\u00edvel (100% de carga))<\/td>\n<td colspan=\"2\">\u2264250g\/kw.h<\/td>\n<\/tr>\n<tr>\n<td>Capacidade do tanque de combust\u00edvel (L)<\/td>\n<td colspan=\"2\">6.5<\/td>\n<\/tr>\n<tr>\n<td>N\u00edvel de ru\u00eddo (7m) db (A)<\/td>\n<td colspan=\"2\">82<\/td>\n<\/tr>\n<tr>\n<td>Sistema de partida<\/td>\n<td colspan=\"2\">Partida el\u00e9trica<\/td>\n<\/tr>\n<tr>\n<td>Tamanho da embalagem (C*A) mm<\/td>\n<td colspan=\"2\">420*480*590<\/td>\n<\/tr>\n<tr>\n<td>Peso l\u00edquido (kg)<\/td>\n<td colspan=\"2\">78<\/td>\n<\/tr>\n<\/tbody>\n<\/table>\n","protected":false},"excerpt":{"rendered":"<p>Modelo SL292FE Tipo de motor Em linha, 2 cilindros, resfriado a ar, 4 tempos Furo*curso(mm) 2-92*75 Deslocamento (L) 0.997 Taxa de compress\u00e3o 20:1 Pot\u00eancia nominal (kW\/rpm] 14\/3000 15\/3600 Tipo de combust\u00edvel 0# (Ver\u00e3o) -10# (Inverno)-35 # (Muito frio) Diesel Tipo de \u00f3leo lubrificanteModo de trabalho SAE10W30 (magnitude do CD) Lubrificante[L(US.gal) 4.2 Modo de trabalho 12 horas de opera\u00e7\u00e3o cont\u00ednua Consumo de combust\u00edvel (100% de carga)) \u2264250g\/kw.h Capacidade do tanque de combust\u00edvel (L) 6.5 N\u00edvel de ru\u00eddo (7m) db (A) 82 Sistema de partida Partida el\u00e9trica Tamanho da embalagem (C*A) mm 420*480*590 Peso l\u00edquido (kg) 78<\/p>\n","protected":false},"featured_media":4316,"comment_status":"open","ping_status":"closed","template":"","meta":{"site-sidebar-layout":"default","site-content-layout":"","ast-site-content-layout":"default","site-content-style":"default","site-sidebar-style":"default","ast-global-header-display":"","ast-banner-title-visibility":"","ast-main-header-display":"","ast-hfb-above-header-display":"","ast-hfb-below-header-display":"","ast-hfb-mobile-header-display":"","site-post-title":"","ast-breadcrumbs-content":"","ast-featured-img":"","footer-sml-layout":"","theme-transparent-header-meta":"default","adv-header-id-meta":"","stick-header-meta":"","header-above-stick-meta":"","header-main-stick-meta":"","header-below-stick-meta":"","astra-migrate-meta-layouts":"set","ast-page-background-enabled":"default","ast-page-background-meta":{"desktop":{"background-color":"var(--ast-global-color-4)","background-image":"","background-repeat":"repeat","background-position":"center center","background-size":"auto","background-attachment":"scroll","background-type":"","background-media":"","overlay-type":"","overlay-color":"","overlay-opacity":"","overlay-gradient":""},"tablet":{"background-color":"","background-image":"","background-repeat":"repeat","background-position":"center center","background-size":"auto","background-attachment":"scroll","background-type":"","background-media":"","overlay-type":"","overlay-color":"","overlay-opacity":"","overlay-gradient":""},"mobile":{"background-color":"","background-image":"","background-repeat":"repeat","background-position":"center center","background-size":"auto","background-attachment":"scroll","background-type":"","background-media":"","overlay-type":"","overlay-color":"","overlay-opacity":"","overlay-gradient":""}},"ast-content-background-meta":{"desktop":{"background-color":"var(--ast-global-color-5)","background-image":"","background-repeat":"repeat","background-position":"center center","background-size":"auto","background-attachment":"scroll","background-type":"","background-media":"","overlay-type":"","overlay-color":"","overlay-opacity":"","overlay-gradient":""},"tablet":{"background-color":"var(--ast-global-color-5)","background-image":"","background-repeat":"repeat","background-position":"center center","background-size":"auto","background-attachment":"scroll","background-type":"","background-media":"","overlay-type":"","overlay-color":"","overlay-opacity":"","overlay-gradient":""},"mobile":{"background-color":"var(--ast-global-color-5)","background-image":"","background-repeat":"repeat","background-position":"center center","background-size":"auto","background-attachment":"scroll","background-type":"","background-media":"","overlay-type":"","overlay-color":"","overlay-opacity":"","overlay-gradient":""}}},"product_brand":[],"product_cat":[67],"product_tag":[],"class_list":{"0":"post-4315","1":"product","2":"type-product","3":"status-publish","4":"has-post-thumbnail","6":"product_cat-sem-categoria","7":"desktop-align-left","8":"tablet-align-left","9":"mobile-align-left","11":"first","12":"instock","13":"shipping-taxable","14":"product-type-simple"},"yoast_head":"<!-- This site is optimized with the Yoast SEO plugin v26.5 - https:\/\/yoast.com\/wordpress\/plugins\/seo\/ -->\n<title>Motor Diesel SL292FE 14KW\/15KW 2 Cilindros &#8211; Excalibur Generator<\/title>\n<meta name=\"description\" content=\"O motor diesel SL292FE de 14 kW\/15 kW, equipado com um design de 2 cilindros, combina pot\u00eancia e efici\u00eancia para um desempenho confi\u00e1vel em diversas aplica\u00e7\u00f5es, tornando-o a escolha ideal para tarefas vers\u00e1teis e exigentes.\" \/>\n<meta name=\"robots\" content=\"index, follow, max-snippet:-1, max-image-preview:large, max-video-preview:-1\" \/>\n<link rel=\"canonical\" href=\"https:\/\/www.excalibur-generator.com\/pt-br\/motor-diesel-sl292fe-14kw-15kw-2-cilindros.html\" \/>\n<meta name=\"twitter:label1\" content=\"Est. tempo de leitura\" \/>\n\t<meta name=\"twitter:data1\" content=\"1 minuto\" \/>\n<script type=\"application\/ld+json\" class=\"yoast-schema-graph\">{\"@context\":\"https:\/\/schema.org\",\"@graph\":[{\"@type\":\"WebPage\",\"@id\":\"https:\/\/www.excalibur-generator.com\/pt-br\/motor-diesel-sl292fe-14kw-15kw-2-cilindros.html\",\"url\":\"https:\/\/www.excalibur-generator.com\/pt-br\/motor-diesel-sl292fe-14kw-15kw-2-cilindros.html\",\"name\":\"Motor Diesel SL292FE 14KW\/15KW 2 Cilindros &#8211; Excalibur Generator\",\"isPartOf\":{\"@id\":\"https:\/\/www.excalibur-generator.com\/pt-br\/#website\"},\"primaryImageOfPage\":{\"@id\":\"https:\/\/www.excalibur-generator.com\/pt-br\/motor-diesel-sl292fe-14kw-15kw-2-cilindros.html#primaryimage\"},\"image\":{\"@id\":\"https:\/\/www.excalibur-generator.com\/pt-br\/motor-diesel-sl292fe-14kw-15kw-2-cilindros.html#primaryimage\"},\"thumbnailUrl\":\"https:\/\/www.excalibur-generator.com\/wp-content\/uploads\/2024\/05\/14KW-15KW-SL292FE-Diesel-Engine-2-Cylinder.jpg\",\"datePublished\":\"2024-05-24T01:42:25+00:00\",\"dateModified\":\"2024-09-27T09:20:46+00:00\",\"description\":\"O motor diesel SL292FE de 14 kW\/15 kW, equipado com um design de 2 cilindros, combina pot\u00eancia e efici\u00eancia para um desempenho confi\u00e1vel em diversas aplica\u00e7\u00f5es, tornando-o a escolha ideal para tarefas vers\u00e1teis e exigentes.\",\"breadcrumb\":{\"@id\":\"https:\/\/www.excalibur-generator.com\/pt-br\/motor-diesel-sl292fe-14kw-15kw-2-cilindros.html#breadcrumb\"},\"inLanguage\":\"pt-BR\",\"potentialAction\":[{\"@type\":\"ReadAction\",\"target\":[\"https:\/\/www.excalibur-generator.com\/pt-br\/motor-diesel-sl292fe-14kw-15kw-2-cilindros.html\"]}]},{\"@type\":\"ImageObject\",\"inLanguage\":\"pt-BR\",\"@id\":\"https:\/\/www.excalibur-generator.com\/pt-br\/motor-diesel-sl292fe-14kw-15kw-2-cilindros.html#primaryimage\",\"url\":\"https:\/\/www.excalibur-generator.com\/wp-content\/uploads\/2024\/05\/14KW-15KW-SL292FE-Diesel-Engine-2-Cylinder.jpg\",\"contentUrl\":\"https:\/\/www.excalibur-generator.com\/wp-content\/uploads\/2024\/05\/14KW-15KW-SL292FE-Diesel-Engine-2-Cylinder.jpg\",\"width\":800,\"height\":800,\"caption\":\"14KW-15KW-SL292FE-Motor Diesel-2-Cilindros\"},{\"@type\":\"BreadcrumbList\",\"@id\":\"https:\/\/www.excalibur-generator.com\/pt-br\/motor-diesel-sl292fe-14kw-15kw-2-cilindros.html#breadcrumb\",\"itemListElement\":[{\"@type\":\"ListItem\",\"position\":1,\"name\":\"Home\",\"item\":\"https:\/\/www.excalibur-generator.com\/pt-br\/\"},{\"@type\":\"ListItem\",\"position\":2,\"name\":\"Produtos\",\"item\":\"https:\/\/www.excalibur-generator.com\/pt-br\/produtos.html\"},{\"@type\":\"ListItem\",\"position\":3,\"name\":\"Motor Diesel SL292FE 14KW\/15KW 2 Cilindros\"}]},{\"@type\":\"WebSite\",\"@id\":\"https:\/\/www.excalibur-generator.com\/pt-br\/#website\",\"url\":\"https:\/\/www.excalibur-generator.com\/pt-br\/\",\"name\":\"Excalibur Generator\",\"description\":\"\",\"publisher\":{\"@id\":\"https:\/\/www.excalibur-generator.com\/pt-br\/#organization\"},\"potentialAction\":[{\"@type\":\"SearchAction\",\"target\":{\"@type\":\"EntryPoint\",\"urlTemplate\":\"https:\/\/www.excalibur-generator.com\/pt-br\/?s={search_term_string}\"},\"query-input\":{\"@type\":\"PropertyValueSpecification\",\"valueRequired\":true,\"valueName\":\"search_term_string\"}}],\"inLanguage\":\"pt-BR\"},{\"@type\":\"Organization\",\"@id\":\"https:\/\/www.excalibur-generator.com\/pt-br\/#organization\",\"name\":\"Excalibur Generator\",\"url\":\"https:\/\/www.excalibur-generator.com\/pt-br\/\",\"logo\":{\"@type\":\"ImageObject\",\"inLanguage\":\"pt-BR\",\"@id\":\"https:\/\/www.excalibur-generator.com\/pt-br\/#\/schema\/logo\/image\/\",\"url\":\"https:\/\/www.excalibur-generator.com\/wp-content\/uploads\/2024\/05\/EXCALIBUR.png\",\"contentUrl\":\"https:\/\/www.excalibur-generator.com\/wp-content\/uploads\/2024\/05\/EXCALIBUR.png\",\"width\":350,\"height\":79,\"caption\":\"Excalibur Generator\"},\"image\":{\"@id\":\"https:\/\/www.excalibur-generator.com\/pt-br\/#\/schema\/logo\/image\/\"}}]}<\/script>\n<!-- \/ Yoast SEO plugin. -->","yoast_head_json":{"title":"Motor Diesel SL292FE 14KW\/15KW 2 Cilindros &#8211; Excalibur Generator","description":"O motor diesel SL292FE de 14 kW\/15 kW, equipado com um design de 2 cilindros, combina pot\u00eancia e efici\u00eancia para um desempenho confi\u00e1vel em diversas aplica\u00e7\u00f5es, tornando-o a escolha ideal para tarefas vers\u00e1teis e exigentes.","robots":{"index":"index","follow":"follow","max-snippet":"max-snippet:-1","max-image-preview":"max-image-preview:large","max-video-preview":"max-video-preview:-1"},"canonical":"https:\/\/www.excalibur-generator.com\/pt-br\/motor-diesel-sl292fe-14kw-15kw-2-cilindros.html","twitter_misc":{"Est. tempo de leitura":"1 minuto"},"schema":{"@context":"https:\/\/schema.org","@graph":[{"@type":"WebPage","@id":"https:\/\/www.excalibur-generator.com\/pt-br\/motor-diesel-sl292fe-14kw-15kw-2-cilindros.html","url":"https:\/\/www.excalibur-generator.com\/pt-br\/motor-diesel-sl292fe-14kw-15kw-2-cilindros.html","name":"Motor Diesel SL292FE 14KW\/15KW 2 Cilindros &#8211; Excalibur Generator","isPartOf":{"@id":"https:\/\/www.excalibur-generator.com\/pt-br\/#website"},"primaryImageOfPage":{"@id":"https:\/\/www.excalibur-generator.com\/pt-br\/motor-diesel-sl292fe-14kw-15kw-2-cilindros.html#primaryimage"},"image":{"@id":"https:\/\/www.excalibur-generator.com\/pt-br\/motor-diesel-sl292fe-14kw-15kw-2-cilindros.html#primaryimage"},"thumbnailUrl":"https:\/\/www.excalibur-generator.com\/wp-content\/uploads\/2024\/05\/14KW-15KW-SL292FE-Diesel-Engine-2-Cylinder.jpg","datePublished":"2024-05-24T01:42:25+00:00","dateModified":"2024-09-27T09:20:46+00:00","description":"O motor diesel SL292FE de 14 kW\/15 kW, equipado com um design de 2 cilindros, combina pot\u00eancia e efici\u00eancia para um desempenho confi\u00e1vel em diversas aplica\u00e7\u00f5es, tornando-o a escolha ideal para tarefas vers\u00e1teis e exigentes.","breadcrumb":{"@id":"https:\/\/www.excalibur-generator.com\/pt-br\/motor-diesel-sl292fe-14kw-15kw-2-cilindros.html#breadcrumb"},"inLanguage":"pt-BR","potentialAction":[{"@type":"ReadAction","target":["https:\/\/www.excalibur-generator.com\/pt-br\/motor-diesel-sl292fe-14kw-15kw-2-cilindros.html"]}]},{"@type":"ImageObject","inLanguage":"pt-BR","@id":"https:\/\/www.excalibur-generator.com\/pt-br\/motor-diesel-sl292fe-14kw-15kw-2-cilindros.html#primaryimage","url":"https:\/\/www.excalibur-generator.com\/wp-content\/uploads\/2024\/05\/14KW-15KW-SL292FE-Diesel-Engine-2-Cylinder.jpg","contentUrl":"https:\/\/www.excalibur-generator.com\/wp-content\/uploads\/2024\/05\/14KW-15KW-SL292FE-Diesel-Engine-2-Cylinder.jpg","width":800,"height":800,"caption":"14KW-15KW-SL292FE-Motor Diesel-2-Cilindros"},{"@type":"BreadcrumbList","@id":"https:\/\/www.excalibur-generator.com\/pt-br\/motor-diesel-sl292fe-14kw-15kw-2-cilindros.html#breadcrumb","itemListElement":[{"@type":"ListItem","position":1,"name":"Home","item":"https:\/\/www.excalibur-generator.com\/pt-br\/"},{"@type":"ListItem","position":2,"name":"Produtos","item":"https:\/\/www.excalibur-generator.com\/pt-br\/produtos.html"},{"@type":"ListItem","position":3,"name":"Motor Diesel SL292FE 14KW\/15KW 2 Cilindros"}]},{"@type":"WebSite","@id":"https:\/\/www.excalibur-generator.com\/pt-br\/#website","url":"https:\/\/www.excalibur-generator.com\/pt-br\/","name":"Excalibur Generator","description":"","publisher":{"@id":"https:\/\/www.excalibur-generator.com\/pt-br\/#organization"},"potentialAction":[{"@type":"SearchAction","target":{"@type":"EntryPoint","urlTemplate":"https:\/\/www.excalibur-generator.com\/pt-br\/?s={search_term_string}"},"query-input":{"@type":"PropertyValueSpecification","valueRequired":true,"valueName":"search_term_string"}}],"inLanguage":"pt-BR"},{"@type":"Organization","@id":"https:\/\/www.excalibur-generator.com\/pt-br\/#organization","name":"Excalibur Generator","url":"https:\/\/www.excalibur-generator.com\/pt-br\/","logo":{"@type":"ImageObject","inLanguage":"pt-BR","@id":"https:\/\/www.excalibur-generator.com\/pt-br\/#\/schema\/logo\/image\/","url":"https:\/\/www.excalibur-generator.com\/wp-content\/uploads\/2024\/05\/EXCALIBUR.png","contentUrl":"https:\/\/www.excalibur-generator.com\/wp-content\/uploads\/2024\/05\/EXCALIBUR.png","width":350,"height":79,"caption":"Excalibur Generator"},"image":{"@id":"https:\/\/www.excalibur-generator.com\/pt-br\/#\/schema\/logo\/image\/"}}]}},"_links":{"self":[{"href":"https:\/\/www.excalibur-generator.com\/pt-br\/wp-json\/wp\/v2\/product\/4315","targetHints":{"allow":["GET"]}}],"collection":[{"href":"https:\/\/www.excalibur-generator.com\/pt-br\/wp-json\/wp\/v2\/product"}],"about":[{"href":"https:\/\/www.excalibur-generator.com\/pt-br\/wp-json\/wp\/v2\/types\/product"}],"replies":[{"embeddable":true,"href":"https:\/\/www.excalibur-generator.com\/pt-br\/wp-json\/wp\/v2\/comments?post=4315"}],"wp:featuredmedia":[{"embeddable":true,"href":"https:\/\/www.excalibur-generator.com\/pt-br\/wp-json\/wp\/v2\/media\/4316"}],"wp:attachment":[{"href":"https:\/\/www.excalibur-generator.com\/pt-br\/wp-json\/wp\/v2\/media?parent=4315"}],"wp:term":[{"taxonomy":"product_brand","embeddable":true,"href":"https:\/\/www.excalibur-generator.com\/pt-br\/wp-json\/wp\/v2\/product_brand?post=4315"},{"taxonomy":"product_cat","embeddable":true,"href":"https:\/\/www.excalibur-generator.com\/pt-br\/wp-json\/wp\/v2\/product_cat?post=4315"},{"taxonomy":"product_tag","embeddable":true,"href":"https:\/\/www.excalibur-generator.com\/pt-br\/wp-json\/wp\/v2\/product_tag?post=4315"}],"curies":[{"name":"wp","href":"https:\/\/api.w.org\/{rel}","templated":true}]}}