{"id":4331,"date":"2024-05-23T17:22:27","date_gmt":"2024-05-23T09:22:27","guid":{"rendered":"https:\/\/www.excalibur-generator.com\/bomba-de-agua-de-ferro-fundido-de-alta-pressao\/"},"modified":"2024-09-29T08:58:46","modified_gmt":"2024-09-29T00:58:46","slug":"bomba-de-agua-de-ferro-fundido-de-alta-pressao","status":"publish","type":"product","link":"https:\/\/www.excalibur-generator.com\/pt-br\/bomba-de-agua-de-ferro-fundido-de-alta-pressao.html","title":{"rendered":"Bomba de \u00e1gua de ferro fundido de alta press\u00e3o"},"content":{"rendered":"<table>\n<colgroup>\n<col \/>\n<col span=\"2\" \/>\n<col \/>\n<col \/>\n<col span=\"2\" \/>\n<col \/>\n<col \/><\/colgroup>\n<tbody>\n<tr class=\"firstRow\">\n<td colspan=\"4\">Tipo de diesel<\/td>\n<td colspan=\"3\">Tipo de gasolina<\/td>\n<td colspan=\"2\">Tipo diesel de dois cilindros<\/td>\n<\/tr>\n<tr>\n<td>Modelo<\/td>\n<td>SHP50DEL<\/td>\n<td>SHP80DEL<\/td>\n<td>SHP100DEL<\/td>\n<td>SHP50BL<\/td>\n<td>SHP80BL<\/td>\n<td>SHP100BL<\/td>\n<td>SHP80DEL<\/td>\n<td>SHP100DEL<\/td>\n<\/tr>\n<tr>\n<td>Tipo de bomba<\/td>\n<td colspan=\"6\">Bomba centr\u00edfuga autoescorvante<\/td>\n<td colspan=\"2\">Bomba centr\u00edfuga autoescorvante<\/td>\n<\/tr>\n<tr>\n<td>Suc\u00e7\u00e3o*entrega (mm) (polegadas)<\/td>\n<td>50*50\/2*2<\/td>\n<td>80*80\/3*3<\/td>\n<td>100*100\/4*4<\/td>\n<td>50*50\/2*2<\/td>\n<td>80*80\/3*3<\/td>\n<td>100*100\/4*4<\/td>\n<td>155*155\/6*6<\/td>\n<td>200*200\/8*8<\/td>\n<\/tr>\n<tr>\n<td>Cabe\u00e7a total (m)<\/td>\n<td>85<\/td>\n<td>75<\/td>\n<td>55<\/td>\n<td>85<\/td>\n<td>75<\/td>\n<td>55<\/td>\n<td>95<\/td>\n<td>85<\/td>\n<\/tr>\n<tr>\n<td>Altura de suc\u00e7\u00e3o (m)<\/td>\n<td>6<\/td>\n<td>6<\/td>\n<td>6<\/td>\n<td>6<\/td>\n<td>6<\/td>\n<td>6<\/td>\n<td>8<\/td>\n<td>5<\/td>\n<\/tr>\n<tr>\n<td>Volume m\u00e1ximo de entrega (m\u00b3\/h)<\/td>\n<td>35<\/td>\n<td>42<\/td>\n<td>120<\/td>\n<td>35<\/td>\n<td>42<\/td>\n<td>120<\/td>\n<td>101<\/td>\n<td>120<\/td>\n<\/tr>\n<tr>\n<td>Selo mec\u00e2nico<\/td>\n<td colspan=\"6\">Carbono cer\u00e2mico<\/td>\n<td colspan=\"2\">Carbono cer\u00e2mico<\/td>\n<\/tr>\n<tr>\n<td>Modelo do motor<\/td>\n<td>S178F(E)<\/td>\n<td>S186FA(E)<\/td>\n<td>S192F(E)<\/td>\n<td>S210F<\/td>\n<td>S210F<\/td>\n<td>S420F<\/td>\n<td colspan=\"2\">SV292FE<\/td>\n<\/tr>\n<tr>\n<td>Capacidade do tanque de combust\u00edvel (L)<\/td>\n<td>3.5<\/td>\n<td>5.5<\/td>\n<td>5.5<\/td>\n<td>3.6<\/td>\n<td>3.6<\/td>\n<td>6.5<\/td>\n<td colspan=\"2\">12.5<\/td>\n<\/tr>\n<tr>\n<td>Sistema de partida<\/td>\n<td><\/td>\n<td><\/td>\n<td colspan=\"2\">Partida manual\/partida el\u00e9trica<\/td>\n<td><\/td>\n<td><\/td>\n<td colspan=\"2\">Partida el\u00e9trica<\/td>\n<\/tr>\n<tr>\n<td>Tamanho da embalagem (C*L*A) mm<\/td>\n<td>580*490*570<\/td>\n<td>580*490*630<\/td>\n<td>585*490*635<\/td>\n<td>470*380*450<\/td>\n<td>510*38*450<\/td>\n<td>620*535*545<\/td>\n<td colspan=\"2\" rowspan=\"2\"><\/td>\n<\/tr>\n<tr>\n<td>Peso l\u00edquido (KG)<\/td>\n<td>50<\/td>\n<td>68<\/td>\n<td>75<\/td>\n<td>35<\/td>\n<td>42<\/td>\n<td>55<\/td>\n<\/tr>\n<\/tbody>\n<\/table>\n","protected":false},"excerpt":{"rendered":"<p>Tipo de diesel Tipo de gasolina Tipo diesel de dois cilindros Modelo SHP50DEL SHP80DEL SHP100DEL SHP50BL SHP80BL SHP100BL SHP80DEL SHP100DEL Tipo de bomba Bomba centr\u00edfuga autoescorvante Bomba centr\u00edfuga autoescorvante Suc\u00e7\u00e3o*entrega (mm) (polegadas) 50*50\/2*2 80*80\/3*3 100*100\/4*4 50*50\/2*2 80*80\/3*3 100*100\/4*4 155*155\/6*6 200*200\/8*8 Cabe\u00e7a total (m) 85 75 55 85 75 55 95 85 Altura de suc\u00e7\u00e3o (m) 6 6 6 6 6 6 8 5 Volume m\u00e1ximo de entrega (m\u00b3\/h) 35 42 120 35 42 120 101 120 Selo mec\u00e2nico Carbono cer\u00e2mico Carbono cer\u00e2mico Modelo do motor S178F(E) S186FA(E) S192F(E) S210F S210F S420F SV292FE Capacidade do tanque de combust\u00edvel (L) 3.5 5.5 5.5 3.6 3.6 6.5 12.5 Sistema de partida Partida manual\/partida el\u00e9trica Partida el\u00e9trica Tamanho da embalagem (C*L*A) mm 580*490*570 580*490*630 585*490*635 470*380*450 510*38*450 620*535*545 Peso l\u00edquido (KG) 50 68 75 35 42 55<\/p>\n","protected":false},"featured_media":4332,"comment_status":"open","ping_status":"closed","template":"","meta":{"site-sidebar-layout":"default","site-content-layout":"","ast-site-content-layout":"default","site-content-style":"default","site-sidebar-style":"default","ast-global-header-display":"","ast-banner-title-visibility":"","ast-main-header-display":"","ast-hfb-above-header-display":"","ast-hfb-below-header-display":"","ast-hfb-mobile-header-display":"","site-post-title":"","ast-breadcrumbs-content":"","ast-featured-img":"","footer-sml-layout":"","theme-transparent-header-meta":"default","adv-header-id-meta":"","stick-header-meta":"","header-above-stick-meta":"","header-main-stick-meta":"","header-below-stick-meta":"","astra-migrate-meta-layouts":"set","ast-page-background-enabled":"default","ast-page-background-meta":{"desktop":{"background-color":"var(--ast-global-color-4)","background-image":"","background-repeat":"repeat","background-position":"center center","background-size":"auto","background-attachment":"scroll","background-type":"","background-media":"","overlay-type":"","overlay-color":"","overlay-opacity":"","overlay-gradient":""},"tablet":{"background-color":"","background-image":"","background-repeat":"repeat","background-position":"center center","background-size":"auto","background-attachment":"scroll","background-type":"","background-media":"","overlay-type":"","overlay-color":"","overlay-opacity":"","overlay-gradient":""},"mobile":{"background-color":"","background-image":"","background-repeat":"repeat","background-position":"center center","background-size":"auto","background-attachment":"scroll","background-type":"","background-media":"","overlay-type":"","overlay-color":"","overlay-opacity":"","overlay-gradient":""}},"ast-content-background-meta":{"desktop":{"background-color":"var(--ast-global-color-5)","background-image":"","background-repeat":"repeat","background-position":"center center","background-size":"auto","background-attachment":"scroll","background-type":"","background-media":"","overlay-type":"","overlay-color":"","overlay-opacity":"","overlay-gradient":""},"tablet":{"background-color":"var(--ast-global-color-5)","background-image":"","background-repeat":"repeat","background-position":"center center","background-size":"auto","background-attachment":"scroll","background-type":"","background-media":"","overlay-type":"","overlay-color":"","overlay-opacity":"","overlay-gradient":""},"mobile":{"background-color":"var(--ast-global-color-5)","background-image":"","background-repeat":"repeat","background-position":"center center","background-size":"auto","background-attachment":"scroll","background-type":"","background-media":"","overlay-type":"","overlay-color":"","overlay-opacity":"","overlay-gradient":""}}},"product_brand":[],"product_cat":[67],"product_tag":[],"class_list":{"0":"post-4331","1":"product","2":"type-product","3":"status-publish","4":"has-post-thumbnail","6":"product_cat-sem-categoria","7":"desktop-align-left","8":"tablet-align-left","9":"mobile-align-left","11":"first","12":"instock","13":"shipping-taxable","14":"product-type-simple"},"yoast_head":"<!-- This site is optimized with the Yoast SEO plugin v26.5 - https:\/\/yoast.com\/wordpress\/plugins\/seo\/ -->\n<title>Bomba de \u00e1gua de ferro fundido de alta press\u00e3o &#8211; Excalibur Generator<\/title>\n<meta name=\"description\" content=\"Uma bomba de \u00e1gua de ferro fundido de alta press\u00e3o dur\u00e1vel \u00e9 projetada para transfer\u00eancia eficiente de \u00e1gua. A constru\u00e7\u00e3o robusta garante confiabilidade, tornando-a ideal para v\u00e1rias aplica\u00e7\u00f5es, desde irriga\u00e7\u00e3o at\u00e9 uso industrial.\" \/>\n<meta name=\"robots\" content=\"index, follow, max-snippet:-1, max-image-preview:large, max-video-preview:-1\" \/>\n<link rel=\"canonical\" href=\"https:\/\/www.excalibur-generator.com\/pt-br\/bomba-de-agua-de-ferro-fundido-de-alta-pressao.html\" \/>\n<meta name=\"twitter:label1\" content=\"Est. tempo de leitura\" \/>\n\t<meta name=\"twitter:data1\" content=\"1 minuto\" \/>\n<script type=\"application\/ld+json\" class=\"yoast-schema-graph\">{\"@context\":\"https:\/\/schema.org\",\"@graph\":[{\"@type\":\"WebPage\",\"@id\":\"https:\/\/www.excalibur-generator.com\/pt-br\/bomba-de-agua-de-ferro-fundido-de-alta-pressao.html\",\"url\":\"https:\/\/www.excalibur-generator.com\/pt-br\/bomba-de-agua-de-ferro-fundido-de-alta-pressao.html\",\"name\":\"Bomba de \u00e1gua de ferro fundido de alta press\u00e3o &#8211; Excalibur Generator\",\"isPartOf\":{\"@id\":\"https:\/\/www.excalibur-generator.com\/pt-br\/#website\"},\"primaryImageOfPage\":{\"@id\":\"https:\/\/www.excalibur-generator.com\/pt-br\/bomba-de-agua-de-ferro-fundido-de-alta-pressao.html#primaryimage\"},\"image\":{\"@id\":\"https:\/\/www.excalibur-generator.com\/pt-br\/bomba-de-agua-de-ferro-fundido-de-alta-pressao.html#primaryimage\"},\"thumbnailUrl\":\"https:\/\/www.excalibur-generator.com\/wp-content\/uploads\/2024\/05\/High-Pressure-Cast-Iron-Water-Pump.jpg\",\"datePublished\":\"2024-05-23T09:22:27+00:00\",\"dateModified\":\"2024-09-29T00:58:46+00:00\",\"description\":\"Uma bomba de \u00e1gua de ferro fundido de alta press\u00e3o dur\u00e1vel \u00e9 projetada para transfer\u00eancia eficiente de \u00e1gua. A constru\u00e7\u00e3o robusta garante confiabilidade, tornando-a ideal para v\u00e1rias aplica\u00e7\u00f5es, desde irriga\u00e7\u00e3o at\u00e9 uso industrial.\",\"breadcrumb\":{\"@id\":\"https:\/\/www.excalibur-generator.com\/pt-br\/bomba-de-agua-de-ferro-fundido-de-alta-pressao.html#breadcrumb\"},\"inLanguage\":\"pt-BR\",\"potentialAction\":[{\"@type\":\"ReadAction\",\"target\":[\"https:\/\/www.excalibur-generator.com\/pt-br\/bomba-de-agua-de-ferro-fundido-de-alta-pressao.html\"]}]},{\"@type\":\"ImageObject\",\"inLanguage\":\"pt-BR\",\"@id\":\"https:\/\/www.excalibur-generator.com\/pt-br\/bomba-de-agua-de-ferro-fundido-de-alta-pressao.html#primaryimage\",\"url\":\"https:\/\/www.excalibur-generator.com\/wp-content\/uploads\/2024\/05\/High-Pressure-Cast-Iron-Water-Pump.jpg\",\"contentUrl\":\"https:\/\/www.excalibur-generator.com\/wp-content\/uploads\/2024\/05\/High-Pressure-Cast-Iron-Water-Pump.jpg\",\"width\":800,\"height\":800,\"caption\":\"Bomba de \u00e1gua de ferro fundido de alta press\u00e3o\"},{\"@type\":\"BreadcrumbList\",\"@id\":\"https:\/\/www.excalibur-generator.com\/pt-br\/bomba-de-agua-de-ferro-fundido-de-alta-pressao.html#breadcrumb\",\"itemListElement\":[{\"@type\":\"ListItem\",\"position\":1,\"name\":\"Home\",\"item\":\"https:\/\/www.excalibur-generator.com\/pt-br\/\"},{\"@type\":\"ListItem\",\"position\":2,\"name\":\"Produtos\",\"item\":\"https:\/\/www.excalibur-generator.com\/pt-br\/produtos.html\"},{\"@type\":\"ListItem\",\"position\":3,\"name\":\"Bomba de \u00e1gua de ferro fundido de alta press\u00e3o\"}]},{\"@type\":\"WebSite\",\"@id\":\"https:\/\/www.excalibur-generator.com\/pt-br\/#website\",\"url\":\"https:\/\/www.excalibur-generator.com\/pt-br\/\",\"name\":\"Excalibur Generator\",\"description\":\"\",\"publisher\":{\"@id\":\"https:\/\/www.excalibur-generator.com\/pt-br\/#organization\"},\"potentialAction\":[{\"@type\":\"SearchAction\",\"target\":{\"@type\":\"EntryPoint\",\"urlTemplate\":\"https:\/\/www.excalibur-generator.com\/pt-br\/?s={search_term_string}\"},\"query-input\":{\"@type\":\"PropertyValueSpecification\",\"valueRequired\":true,\"valueName\":\"search_term_string\"}}],\"inLanguage\":\"pt-BR\"},{\"@type\":\"Organization\",\"@id\":\"https:\/\/www.excalibur-generator.com\/pt-br\/#organization\",\"name\":\"Excalibur Generator\",\"url\":\"https:\/\/www.excalibur-generator.com\/pt-br\/\",\"logo\":{\"@type\":\"ImageObject\",\"inLanguage\":\"pt-BR\",\"@id\":\"https:\/\/www.excalibur-generator.com\/pt-br\/#\/schema\/logo\/image\/\",\"url\":\"https:\/\/www.excalibur-generator.com\/wp-content\/uploads\/2024\/05\/EXCALIBUR.png\",\"contentUrl\":\"https:\/\/www.excalibur-generator.com\/wp-content\/uploads\/2024\/05\/EXCALIBUR.png\",\"width\":350,\"height\":79,\"caption\":\"Excalibur Generator\"},\"image\":{\"@id\":\"https:\/\/www.excalibur-generator.com\/pt-br\/#\/schema\/logo\/image\/\"}}]}<\/script>\n<!-- \/ Yoast SEO plugin. -->","yoast_head_json":{"title":"Bomba de \u00e1gua de ferro fundido de alta press\u00e3o &#8211; Excalibur Generator","description":"Uma bomba de \u00e1gua de ferro fundido de alta press\u00e3o dur\u00e1vel \u00e9 projetada para transfer\u00eancia eficiente de \u00e1gua. A constru\u00e7\u00e3o robusta garante confiabilidade, tornando-a ideal para v\u00e1rias aplica\u00e7\u00f5es, desde irriga\u00e7\u00e3o at\u00e9 uso industrial.","robots":{"index":"index","follow":"follow","max-snippet":"max-snippet:-1","max-image-preview":"max-image-preview:large","max-video-preview":"max-video-preview:-1"},"canonical":"https:\/\/www.excalibur-generator.com\/pt-br\/bomba-de-agua-de-ferro-fundido-de-alta-pressao.html","twitter_misc":{"Est. tempo de leitura":"1 minuto"},"schema":{"@context":"https:\/\/schema.org","@graph":[{"@type":"WebPage","@id":"https:\/\/www.excalibur-generator.com\/pt-br\/bomba-de-agua-de-ferro-fundido-de-alta-pressao.html","url":"https:\/\/www.excalibur-generator.com\/pt-br\/bomba-de-agua-de-ferro-fundido-de-alta-pressao.html","name":"Bomba de \u00e1gua de ferro fundido de alta press\u00e3o &#8211; Excalibur Generator","isPartOf":{"@id":"https:\/\/www.excalibur-generator.com\/pt-br\/#website"},"primaryImageOfPage":{"@id":"https:\/\/www.excalibur-generator.com\/pt-br\/bomba-de-agua-de-ferro-fundido-de-alta-pressao.html#primaryimage"},"image":{"@id":"https:\/\/www.excalibur-generator.com\/pt-br\/bomba-de-agua-de-ferro-fundido-de-alta-pressao.html#primaryimage"},"thumbnailUrl":"https:\/\/www.excalibur-generator.com\/wp-content\/uploads\/2024\/05\/High-Pressure-Cast-Iron-Water-Pump.jpg","datePublished":"2024-05-23T09:22:27+00:00","dateModified":"2024-09-29T00:58:46+00:00","description":"Uma bomba de \u00e1gua de ferro fundido de alta press\u00e3o dur\u00e1vel \u00e9 projetada para transfer\u00eancia eficiente de \u00e1gua. A constru\u00e7\u00e3o robusta garante confiabilidade, tornando-a ideal para v\u00e1rias aplica\u00e7\u00f5es, desde irriga\u00e7\u00e3o at\u00e9 uso industrial.","breadcrumb":{"@id":"https:\/\/www.excalibur-generator.com\/pt-br\/bomba-de-agua-de-ferro-fundido-de-alta-pressao.html#breadcrumb"},"inLanguage":"pt-BR","potentialAction":[{"@type":"ReadAction","target":["https:\/\/www.excalibur-generator.com\/pt-br\/bomba-de-agua-de-ferro-fundido-de-alta-pressao.html"]}]},{"@type":"ImageObject","inLanguage":"pt-BR","@id":"https:\/\/www.excalibur-generator.com\/pt-br\/bomba-de-agua-de-ferro-fundido-de-alta-pressao.html#primaryimage","url":"https:\/\/www.excalibur-generator.com\/wp-content\/uploads\/2024\/05\/High-Pressure-Cast-Iron-Water-Pump.jpg","contentUrl":"https:\/\/www.excalibur-generator.com\/wp-content\/uploads\/2024\/05\/High-Pressure-Cast-Iron-Water-Pump.jpg","width":800,"height":800,"caption":"Bomba de \u00e1gua de ferro fundido de alta press\u00e3o"},{"@type":"BreadcrumbList","@id":"https:\/\/www.excalibur-generator.com\/pt-br\/bomba-de-agua-de-ferro-fundido-de-alta-pressao.html#breadcrumb","itemListElement":[{"@type":"ListItem","position":1,"name":"Home","item":"https:\/\/www.excalibur-generator.com\/pt-br\/"},{"@type":"ListItem","position":2,"name":"Produtos","item":"https:\/\/www.excalibur-generator.com\/pt-br\/produtos.html"},{"@type":"ListItem","position":3,"name":"Bomba de \u00e1gua de ferro fundido de alta press\u00e3o"}]},{"@type":"WebSite","@id":"https:\/\/www.excalibur-generator.com\/pt-br\/#website","url":"https:\/\/www.excalibur-generator.com\/pt-br\/","name":"Excalibur Generator","description":"","publisher":{"@id":"https:\/\/www.excalibur-generator.com\/pt-br\/#organization"},"potentialAction":[{"@type":"SearchAction","target":{"@type":"EntryPoint","urlTemplate":"https:\/\/www.excalibur-generator.com\/pt-br\/?s={search_term_string}"},"query-input":{"@type":"PropertyValueSpecification","valueRequired":true,"valueName":"search_term_string"}}],"inLanguage":"pt-BR"},{"@type":"Organization","@id":"https:\/\/www.excalibur-generator.com\/pt-br\/#organization","name":"Excalibur Generator","url":"https:\/\/www.excalibur-generator.com\/pt-br\/","logo":{"@type":"ImageObject","inLanguage":"pt-BR","@id":"https:\/\/www.excalibur-generator.com\/pt-br\/#\/schema\/logo\/image\/","url":"https:\/\/www.excalibur-generator.com\/wp-content\/uploads\/2024\/05\/EXCALIBUR.png","contentUrl":"https:\/\/www.excalibur-generator.com\/wp-content\/uploads\/2024\/05\/EXCALIBUR.png","width":350,"height":79,"caption":"Excalibur Generator"},"image":{"@id":"https:\/\/www.excalibur-generator.com\/pt-br\/#\/schema\/logo\/image\/"}}]}},"_links":{"self":[{"href":"https:\/\/www.excalibur-generator.com\/pt-br\/wp-json\/wp\/v2\/product\/4331","targetHints":{"allow":["GET"]}}],"collection":[{"href":"https:\/\/www.excalibur-generator.com\/pt-br\/wp-json\/wp\/v2\/product"}],"about":[{"href":"https:\/\/www.excalibur-generator.com\/pt-br\/wp-json\/wp\/v2\/types\/product"}],"replies":[{"embeddable":true,"href":"https:\/\/www.excalibur-generator.com\/pt-br\/wp-json\/wp\/v2\/comments?post=4331"}],"wp:featuredmedia":[{"embeddable":true,"href":"https:\/\/www.excalibur-generator.com\/pt-br\/wp-json\/wp\/v2\/media\/4332"}],"wp:attachment":[{"href":"https:\/\/www.excalibur-generator.com\/pt-br\/wp-json\/wp\/v2\/media?parent=4331"}],"wp:term":[{"taxonomy":"product_brand","embeddable":true,"href":"https:\/\/www.excalibur-generator.com\/pt-br\/wp-json\/wp\/v2\/product_brand?post=4331"},{"taxonomy":"product_cat","embeddable":true,"href":"https:\/\/www.excalibur-generator.com\/pt-br\/wp-json\/wp\/v2\/product_cat?post=4331"},{"taxonomy":"product_tag","embeddable":true,"href":"https:\/\/www.excalibur-generator.com\/pt-br\/wp-json\/wp\/v2\/product_tag?post=4331"}],"curies":[{"name":"wp","href":"https:\/\/api.w.org\/{rel}","templated":true}]}}