{"id":4336,"date":"2024-05-23T16:42:31","date_gmt":"2024-05-23T08:42:31","guid":{"rendered":"https:\/\/www.excalibur-generator.com\/bomba-d-agua-de-alta-pressao-de-aluminio\/"},"modified":"2024-09-29T09:09:39","modified_gmt":"2024-09-29T01:09:39","slug":"bomba-d-agua-de-alta-pressao-de-aluminio","status":"publish","type":"product","link":"https:\/\/www.excalibur-generator.com\/pt-br\/bomba-d-agua-de-alta-pressao-de-aluminio.html","title":{"rendered":"Bomba d \u00e1gua de alta press\u00e3o de alum\u00ednio"},"content":{"rendered":"<table>\n<colgroup>\n<col \/>\n<col \/>\n<col \/>\n<col \/>\n<col \/>\n<col \/>\n<col \/><\/colgroup>\n<tbody>\n<tr class=\"firstRow\">\n<td><\/td>\n<td colspan=\"3\">TIPO DE GASOLINA<\/td>\n<td colspan=\"3\">TIPO DIESEL<\/td>\n<\/tr>\n<tr>\n<td>Modelo<\/td>\n<td>SHP-15B<\/td>\n<td>SHP-20B<\/td>\n<td>SHP-30B<\/td>\n<td>SHP-15D<\/td>\n<td>SHP-20D<\/td>\n<td>SHP-30D<\/td>\n<\/tr>\n<tr>\n<td>Tipo<\/td>\n<td colspan=\"6\">Bomba centr\u00edfuga autoescorvante<\/td>\n<\/tr>\n<tr>\n<td>Suc\u00e7\u00e3o (polegadas)<\/td>\n<td>1*1.5<\/td>\n<td>1*2<\/td>\n<td>1*3<\/td>\n<td>1*1.5<\/td>\n<td>1*2<\/td>\n<td>1*3<\/td>\n<\/tr>\n<tr>\n<td>Entrega (polegadas)<\/td>\n<td>1*1,5 polegada+2*1 polegada<\/td>\n<td>1*2 polegadas + 2*1,5 polegadas<\/td>\n<td>1*3 polegadas<\/td>\n<td>1*1,5 polegada+2*1 polegada<\/td>\n<td>1*2polegadas+2*1,5 polegadas<\/td>\n<td>1*3 polegadas<\/td>\n<\/tr>\n<tr>\n<td>Altura Total (m)<\/td>\n<td>55<\/td>\n<td>65<\/td>\n<td>80<\/td>\n<td>55<\/td>\n<td>65<\/td>\n<td>80<\/td>\n<\/tr>\n<tr>\n<td>Altura de suc\u00e7\u00e3o (m)<\/td>\n<td>7<\/td>\n<td>7<\/td>\n<td>7<\/td>\n<td>7<\/td>\n<td>7<\/td>\n<td>7<\/td>\n<\/tr>\n<tr>\n<td>Volume m\u00e1ximo de entrega (m3\/h)<\/td>\n<td>20<\/td>\n<td>30<\/td>\n<td>40<\/td>\n<td>20<\/td>\n<td>30<\/td>\n<td>40<\/td>\n<\/tr>\n<tr>\n<td>Selo mec\u00e2nico<\/td>\n<td colspan=\"6\">Carbono Cer\u00e2mico<\/td>\n<\/tr>\n<tr>\n<td>Modelo do motor<\/td>\n<td colspan=\"2\">S200F 6,5 cv<\/td>\n<td>S390F 13cv<\/td>\n<td>S173F(E)<\/td>\n<td>S178F(E)<\/td>\n<td>S186FA(E)<\/td>\n<\/tr>\n<tr>\n<td>Capacidade do tanque de combust\u00edvel (L)<\/td>\n<td>3.6<\/td>\n<td>3.6<\/td>\n<td>6.5<\/td>\n<td>2.5<\/td>\n<td>3.5<\/td>\n<td>5.5<\/td>\n<\/tr>\n<tr>\n<td>Sistema de partida<\/td>\n<td colspan=\"3\">Partida manual<\/td>\n<td colspan=\"3\">Partida manual ou partida el\u00e9trica<\/td>\n<\/tr>\n<tr>\n<td>Tamanho da embalagem (C*L*A) mm<\/td>\n<td>535*490*465<\/td>\n<td>510*380*450<\/td>\n<td>620*535*545<\/td>\n<td>520*420*380<\/td>\n<td>570*465*560<\/td>\n<td>690*535*560<\/td>\n<\/tr>\n<tr>\n<td>Peso l\u00edquido (kg)<\/td>\n<td>30<\/td>\n<td>28<\/td>\n<td>50<\/td>\n<td>32<\/td>\n<td>45<\/td>\n<td>64<\/td>\n<\/tr>\n<\/tbody>\n<\/table>\n","protected":false},"excerpt":{"rendered":"<p>TIPO DE GASOLINA TIPO DIESEL Modelo SHP-15B SHP-20B SHP-30B SHP-15D SHP-20D SHP-30D Tipo Bomba centr\u00edfuga autoescorvante Suc\u00e7\u00e3o (polegadas) 1*1.5 1*2 1*3 1*1.5 1*2 1*3 Entrega (polegadas) 1*1,5 polegada+2*1 polegada 1*2 polegadas + 2*1,5 polegadas 1*3 polegadas 1*1,5 polegada+2*1 polegada 1*2polegadas+2*1,5 polegadas 1*3 polegadas Altura Total (m) 55 65 80 55 65 80 Altura de suc\u00e7\u00e3o (m) 7 7 7 7 7 7 Volume m\u00e1ximo de entrega (m3\/h) 20 30 40 20 30 40 Selo mec\u00e2nico Carbono Cer\u00e2mico Modelo do motor S200F 6,5 cv S390F 13cv S173F(E) S178F(E) S186FA(E) Capacidade do tanque de combust\u00edvel (L) 3.6 3.6 6.5 2.5 3.5 5.5 Sistema de partida Partida manual Partida manual ou partida el\u00e9trica Tamanho da embalagem (C*L*A) mm 535*490*465 510*380*450 620*535*545 520*420*380 570*465*560 690*535*560 Peso l\u00edquido (kg) 30 28 50 32 45 64<\/p>\n","protected":false},"featured_media":4337,"comment_status":"open","ping_status":"closed","template":"","meta":{"site-sidebar-layout":"default","site-content-layout":"","ast-site-content-layout":"default","site-content-style":"default","site-sidebar-style":"default","ast-global-header-display":"","ast-banner-title-visibility":"","ast-main-header-display":"","ast-hfb-above-header-display":"","ast-hfb-below-header-display":"","ast-hfb-mobile-header-display":"","site-post-title":"","ast-breadcrumbs-content":"","ast-featured-img":"","footer-sml-layout":"","theme-transparent-header-meta":"default","adv-header-id-meta":"","stick-header-meta":"","header-above-stick-meta":"","header-main-stick-meta":"","header-below-stick-meta":"","astra-migrate-meta-layouts":"set","ast-page-background-enabled":"default","ast-page-background-meta":{"desktop":{"background-color":"var(--ast-global-color-4)","background-image":"","background-repeat":"repeat","background-position":"center center","background-size":"auto","background-attachment":"scroll","background-type":"","background-media":"","overlay-type":"","overlay-color":"","overlay-opacity":"","overlay-gradient":""},"tablet":{"background-color":"","background-image":"","background-repeat":"repeat","background-position":"center center","background-size":"auto","background-attachment":"scroll","background-type":"","background-media":"","overlay-type":"","overlay-color":"","overlay-opacity":"","overlay-gradient":""},"mobile":{"background-color":"","background-image":"","background-repeat":"repeat","background-position":"center center","background-size":"auto","background-attachment":"scroll","background-type":"","background-media":"","overlay-type":"","overlay-color":"","overlay-opacity":"","overlay-gradient":""}},"ast-content-background-meta":{"desktop":{"background-color":"var(--ast-global-color-5)","background-image":"","background-repeat":"repeat","background-position":"center center","background-size":"auto","background-attachment":"scroll","background-type":"","background-media":"","overlay-type":"","overlay-color":"","overlay-opacity":"","overlay-gradient":""},"tablet":{"background-color":"var(--ast-global-color-5)","background-image":"","background-repeat":"repeat","background-position":"center center","background-size":"auto","background-attachment":"scroll","background-type":"","background-media":"","overlay-type":"","overlay-color":"","overlay-opacity":"","overlay-gradient":""},"mobile":{"background-color":"var(--ast-global-color-5)","background-image":"","background-repeat":"repeat","background-position":"center center","background-size":"auto","background-attachment":"scroll","background-type":"","background-media":"","overlay-type":"","overlay-color":"","overlay-opacity":"","overlay-gradient":""}}},"product_brand":[],"product_cat":[67],"product_tag":[],"class_list":{"0":"post-4336","1":"product","2":"type-product","3":"status-publish","4":"has-post-thumbnail","6":"product_cat-sem-categoria","7":"desktop-align-left","8":"tablet-align-left","9":"mobile-align-left","11":"first","12":"instock","13":"shipping-taxable","14":"product-type-simple"},"yoast_head":"<!-- This site is optimized with the Yoast SEO plugin v26.5 - https:\/\/yoast.com\/wordpress\/plugins\/seo\/ -->\n<title>Bomba d \u00e1gua de alta press\u00e3o de alum\u00ednio &#8211; Excalibur Generator<\/title>\n<meta name=\"description\" content=\"A bomba de alum\u00ednio de alta press\u00e3o oferece desempenho superior, durabilidade e portabilidade leve para transfer\u00eancia eficiente de \u00e1gua, tornando-a ideal para diversas aplica\u00e7\u00f5es em ambientes exigentes.\" \/>\n<meta name=\"robots\" content=\"index, follow, max-snippet:-1, max-image-preview:large, max-video-preview:-1\" \/>\n<link rel=\"canonical\" href=\"https:\/\/www.excalibur-generator.com\/pt-br\/bomba-d-agua-de-alta-pressao-de-aluminio.html\" \/>\n<meta name=\"twitter:label1\" content=\"Est. tempo de leitura\" \/>\n\t<meta name=\"twitter:data1\" content=\"1 minuto\" \/>\n<script type=\"application\/ld+json\" class=\"yoast-schema-graph\">{\"@context\":\"https:\/\/schema.org\",\"@graph\":[{\"@type\":\"WebPage\",\"@id\":\"https:\/\/www.excalibur-generator.com\/pt-br\/bomba-d-agua-de-alta-pressao-de-aluminio.html\",\"url\":\"https:\/\/www.excalibur-generator.com\/pt-br\/bomba-d-agua-de-alta-pressao-de-aluminio.html\",\"name\":\"Bomba d \u00e1gua de alta press\u00e3o de alum\u00ednio &#8211; Excalibur Generator\",\"isPartOf\":{\"@id\":\"https:\/\/www.excalibur-generator.com\/pt-br\/#website\"},\"primaryImageOfPage\":{\"@id\":\"https:\/\/www.excalibur-generator.com\/pt-br\/bomba-d-agua-de-alta-pressao-de-aluminio.html#primaryimage\"},\"image\":{\"@id\":\"https:\/\/www.excalibur-generator.com\/pt-br\/bomba-d-agua-de-alta-pressao-de-aluminio.html#primaryimage\"},\"thumbnailUrl\":\"https:\/\/www.excalibur-generator.com\/wp-content\/uploads\/2024\/05\/High-Pressure-Aluminum-Pump.jpg\",\"datePublished\":\"2024-05-23T08:42:31+00:00\",\"dateModified\":\"2024-09-29T01:09:39+00:00\",\"description\":\"A bomba de alum\u00ednio de alta press\u00e3o oferece desempenho superior, durabilidade e portabilidade leve para transfer\u00eancia eficiente de \u00e1gua, tornando-a ideal para diversas aplica\u00e7\u00f5es em ambientes exigentes.\",\"breadcrumb\":{\"@id\":\"https:\/\/www.excalibur-generator.com\/pt-br\/bomba-d-agua-de-alta-pressao-de-aluminio.html#breadcrumb\"},\"inLanguage\":\"pt-BR\",\"potentialAction\":[{\"@type\":\"ReadAction\",\"target\":[\"https:\/\/www.excalibur-generator.com\/pt-br\/bomba-d-agua-de-alta-pressao-de-aluminio.html\"]}]},{\"@type\":\"ImageObject\",\"inLanguage\":\"pt-BR\",\"@id\":\"https:\/\/www.excalibur-generator.com\/pt-br\/bomba-d-agua-de-alta-pressao-de-aluminio.html#primaryimage\",\"url\":\"https:\/\/www.excalibur-generator.com\/wp-content\/uploads\/2024\/05\/High-Pressure-Aluminum-Pump.jpg\",\"contentUrl\":\"https:\/\/www.excalibur-generator.com\/wp-content\/uploads\/2024\/05\/High-Pressure-Aluminum-Pump.jpg\",\"width\":800,\"height\":800,\"caption\":\"Bomba de alum\u00ednio de alta press\u00e3o\"},{\"@type\":\"BreadcrumbList\",\"@id\":\"https:\/\/www.excalibur-generator.com\/pt-br\/bomba-d-agua-de-alta-pressao-de-aluminio.html#breadcrumb\",\"itemListElement\":[{\"@type\":\"ListItem\",\"position\":1,\"name\":\"Home\",\"item\":\"https:\/\/www.excalibur-generator.com\/pt-br\/\"},{\"@type\":\"ListItem\",\"position\":2,\"name\":\"Produtos\",\"item\":\"https:\/\/www.excalibur-generator.com\/pt-br\/produtos.html\"},{\"@type\":\"ListItem\",\"position\":3,\"name\":\"Bomba d \u00e1gua de alta press\u00e3o de alum\u00ednio\"}]},{\"@type\":\"WebSite\",\"@id\":\"https:\/\/www.excalibur-generator.com\/pt-br\/#website\",\"url\":\"https:\/\/www.excalibur-generator.com\/pt-br\/\",\"name\":\"Excalibur Generator\",\"description\":\"\",\"publisher\":{\"@id\":\"https:\/\/www.excalibur-generator.com\/pt-br\/#organization\"},\"potentialAction\":[{\"@type\":\"SearchAction\",\"target\":{\"@type\":\"EntryPoint\",\"urlTemplate\":\"https:\/\/www.excalibur-generator.com\/pt-br\/?s={search_term_string}\"},\"query-input\":{\"@type\":\"PropertyValueSpecification\",\"valueRequired\":true,\"valueName\":\"search_term_string\"}}],\"inLanguage\":\"pt-BR\"},{\"@type\":\"Organization\",\"@id\":\"https:\/\/www.excalibur-generator.com\/pt-br\/#organization\",\"name\":\"Excalibur Generator\",\"url\":\"https:\/\/www.excalibur-generator.com\/pt-br\/\",\"logo\":{\"@type\":\"ImageObject\",\"inLanguage\":\"pt-BR\",\"@id\":\"https:\/\/www.excalibur-generator.com\/pt-br\/#\/schema\/logo\/image\/\",\"url\":\"https:\/\/www.excalibur-generator.com\/wp-content\/uploads\/2024\/05\/EXCALIBUR.png\",\"contentUrl\":\"https:\/\/www.excalibur-generator.com\/wp-content\/uploads\/2024\/05\/EXCALIBUR.png\",\"width\":350,\"height\":79,\"caption\":\"Excalibur Generator\"},\"image\":{\"@id\":\"https:\/\/www.excalibur-generator.com\/pt-br\/#\/schema\/logo\/image\/\"}}]}<\/script>\n<!-- \/ Yoast SEO plugin. -->","yoast_head_json":{"title":"Bomba d \u00e1gua de alta press\u00e3o de alum\u00ednio &#8211; Excalibur Generator","description":"A bomba de alum\u00ednio de alta press\u00e3o oferece desempenho superior, durabilidade e portabilidade leve para transfer\u00eancia eficiente de \u00e1gua, tornando-a ideal para diversas aplica\u00e7\u00f5es em ambientes exigentes.","robots":{"index":"index","follow":"follow","max-snippet":"max-snippet:-1","max-image-preview":"max-image-preview:large","max-video-preview":"max-video-preview:-1"},"canonical":"https:\/\/www.excalibur-generator.com\/pt-br\/bomba-d-agua-de-alta-pressao-de-aluminio.html","twitter_misc":{"Est. tempo de leitura":"1 minuto"},"schema":{"@context":"https:\/\/schema.org","@graph":[{"@type":"WebPage","@id":"https:\/\/www.excalibur-generator.com\/pt-br\/bomba-d-agua-de-alta-pressao-de-aluminio.html","url":"https:\/\/www.excalibur-generator.com\/pt-br\/bomba-d-agua-de-alta-pressao-de-aluminio.html","name":"Bomba d \u00e1gua de alta press\u00e3o de alum\u00ednio &#8211; Excalibur Generator","isPartOf":{"@id":"https:\/\/www.excalibur-generator.com\/pt-br\/#website"},"primaryImageOfPage":{"@id":"https:\/\/www.excalibur-generator.com\/pt-br\/bomba-d-agua-de-alta-pressao-de-aluminio.html#primaryimage"},"image":{"@id":"https:\/\/www.excalibur-generator.com\/pt-br\/bomba-d-agua-de-alta-pressao-de-aluminio.html#primaryimage"},"thumbnailUrl":"https:\/\/www.excalibur-generator.com\/wp-content\/uploads\/2024\/05\/High-Pressure-Aluminum-Pump.jpg","datePublished":"2024-05-23T08:42:31+00:00","dateModified":"2024-09-29T01:09:39+00:00","description":"A bomba de alum\u00ednio de alta press\u00e3o oferece desempenho superior, durabilidade e portabilidade leve para transfer\u00eancia eficiente de \u00e1gua, tornando-a ideal para diversas aplica\u00e7\u00f5es em ambientes exigentes.","breadcrumb":{"@id":"https:\/\/www.excalibur-generator.com\/pt-br\/bomba-d-agua-de-alta-pressao-de-aluminio.html#breadcrumb"},"inLanguage":"pt-BR","potentialAction":[{"@type":"ReadAction","target":["https:\/\/www.excalibur-generator.com\/pt-br\/bomba-d-agua-de-alta-pressao-de-aluminio.html"]}]},{"@type":"ImageObject","inLanguage":"pt-BR","@id":"https:\/\/www.excalibur-generator.com\/pt-br\/bomba-d-agua-de-alta-pressao-de-aluminio.html#primaryimage","url":"https:\/\/www.excalibur-generator.com\/wp-content\/uploads\/2024\/05\/High-Pressure-Aluminum-Pump.jpg","contentUrl":"https:\/\/www.excalibur-generator.com\/wp-content\/uploads\/2024\/05\/High-Pressure-Aluminum-Pump.jpg","width":800,"height":800,"caption":"Bomba de alum\u00ednio de alta press\u00e3o"},{"@type":"BreadcrumbList","@id":"https:\/\/www.excalibur-generator.com\/pt-br\/bomba-d-agua-de-alta-pressao-de-aluminio.html#breadcrumb","itemListElement":[{"@type":"ListItem","position":1,"name":"Home","item":"https:\/\/www.excalibur-generator.com\/pt-br\/"},{"@type":"ListItem","position":2,"name":"Produtos","item":"https:\/\/www.excalibur-generator.com\/pt-br\/produtos.html"},{"@type":"ListItem","position":3,"name":"Bomba d \u00e1gua de alta press\u00e3o de alum\u00ednio"}]},{"@type":"WebSite","@id":"https:\/\/www.excalibur-generator.com\/pt-br\/#website","url":"https:\/\/www.excalibur-generator.com\/pt-br\/","name":"Excalibur Generator","description":"","publisher":{"@id":"https:\/\/www.excalibur-generator.com\/pt-br\/#organization"},"potentialAction":[{"@type":"SearchAction","target":{"@type":"EntryPoint","urlTemplate":"https:\/\/www.excalibur-generator.com\/pt-br\/?s={search_term_string}"},"query-input":{"@type":"PropertyValueSpecification","valueRequired":true,"valueName":"search_term_string"}}],"inLanguage":"pt-BR"},{"@type":"Organization","@id":"https:\/\/www.excalibur-generator.com\/pt-br\/#organization","name":"Excalibur Generator","url":"https:\/\/www.excalibur-generator.com\/pt-br\/","logo":{"@type":"ImageObject","inLanguage":"pt-BR","@id":"https:\/\/www.excalibur-generator.com\/pt-br\/#\/schema\/logo\/image\/","url":"https:\/\/www.excalibur-generator.com\/wp-content\/uploads\/2024\/05\/EXCALIBUR.png","contentUrl":"https:\/\/www.excalibur-generator.com\/wp-content\/uploads\/2024\/05\/EXCALIBUR.png","width":350,"height":79,"caption":"Excalibur Generator"},"image":{"@id":"https:\/\/www.excalibur-generator.com\/pt-br\/#\/schema\/logo\/image\/"}}]}},"_links":{"self":[{"href":"https:\/\/www.excalibur-generator.com\/pt-br\/wp-json\/wp\/v2\/product\/4336","targetHints":{"allow":["GET"]}}],"collection":[{"href":"https:\/\/www.excalibur-generator.com\/pt-br\/wp-json\/wp\/v2\/product"}],"about":[{"href":"https:\/\/www.excalibur-generator.com\/pt-br\/wp-json\/wp\/v2\/types\/product"}],"replies":[{"embeddable":true,"href":"https:\/\/www.excalibur-generator.com\/pt-br\/wp-json\/wp\/v2\/comments?post=4336"}],"wp:featuredmedia":[{"embeddable":true,"href":"https:\/\/www.excalibur-generator.com\/pt-br\/wp-json\/wp\/v2\/media\/4337"}],"wp:attachment":[{"href":"https:\/\/www.excalibur-generator.com\/pt-br\/wp-json\/wp\/v2\/media?parent=4336"}],"wp:term":[{"taxonomy":"product_brand","embeddable":true,"href":"https:\/\/www.excalibur-generator.com\/pt-br\/wp-json\/wp\/v2\/product_brand?post=4336"},{"taxonomy":"product_cat","embeddable":true,"href":"https:\/\/www.excalibur-generator.com\/pt-br\/wp-json\/wp\/v2\/product_cat?post=4336"},{"taxonomy":"product_tag","embeddable":true,"href":"https:\/\/www.excalibur-generator.com\/pt-br\/wp-json\/wp\/v2\/product_tag?post=4336"}],"curies":[{"name":"wp","href":"https:\/\/api.w.org\/{rel}","templated":true}]}}