{"id":6969,"date":"2025-06-25T17:17:37","date_gmt":"2025-06-25T09:17:37","guid":{"rendered":"https:\/\/www.excalibur-generator.com\/rolo-compactador-montado-shr-860-855\/"},"modified":"2025-06-25T17:17:37","modified_gmt":"2025-06-25T09:17:37","slug":"rolo-compactador-montado-shr-860-855","status":"publish","type":"product","link":"https:\/\/www.excalibur-generator.com\/pt-br\/rolo-compactador-montado-shr-860-855\/","title":{"rendered":"Rolo Compactador Montado SHR 860\/855"},"content":{"rendered":"<table>\n<tbody>\n<tr>\n<td>Modelo<\/td>\n<td>SHR-860<\/td>\n<td>SHR-855<\/td>\n<\/tr>\n<tr>\n<td>Velocidade da caminhada<\/td>\n<td colspan=\"2\">0-5km\/h<\/td>\n<\/tr>\n<tr>\n<td>Habilidade de classifica\u00e7\u00e3o<\/td>\n<td colspan=\"2\">30%<\/td>\n<\/tr>\n<tr>\n<td>Tipo de unidade<\/td>\n<td colspan=\"2\">Transmiss\u00e3o hidrost\u00e1tica completa<\/td>\n<\/tr>\n<tr>\n<td>Tipo de vibra\u00e7\u00e3o<\/td>\n<td colspan=\"2\">Embreagem eletromagn\u00e9tica<\/td>\n<\/tr>\n<tr>\n<td>Loa Linear Est\u00e1ticod<\/td>\n<td colspan=\"2\">55N\/cm<\/td>\n<\/tr>\n<tr>\n<td>Amplitude Nominal<\/td>\n<td colspan=\"2\">0.5mm<\/td>\n<\/tr>\n<tr>\n<td>Frequ\u00eancia de vibra\u00e7\u00e3o<\/td>\n<td colspan=\"2\">70Hz<\/td>\n<\/tr>\n<tr>\n<td>For\u00e7a Emocionante<\/td>\n<td colspan=\"2\">20kN<\/td>\n<\/tr>\n<tr>\n<td>Tanque de \u00e1gua<\/td>\n<td>20L<\/td>\n<td>15L<\/td>\n<\/tr>\n<tr>\n<td>Tanque de \u00f3leo hidr\u00e1ulico<\/td>\n<td>19L<\/td>\n<td>5L<\/td>\n<\/tr>\n<tr>\n<td>Modelo do motor<\/td>\n<td>S186FA<\/td>\n<td>HONDA GX270\/S178F<\/td>\n<\/tr>\n<tr>\n<td>Poder<\/td>\n<td>10.0HP<\/td>\n<td>9.0HP\/7.0HP<\/td>\n<\/tr>\n<tr>\n<td>Tamanho da roda de a\u00e7o<\/td>\n<td>\u00d8540*740mm \u00d8425*675mm<\/td>\n<td>\u00d8560*700mm \u00d8425*500mm<\/td>\n<\/tr>\n<tr>\n<td>Tamanho da embalagem<\/td>\n<td>1720*860*1400mm<\/td>\n<td>1900*1100*1300mm<\/td>\n<\/tr>\n<tr>\n<td>Peso de trabalho<\/td>\n<td>800kg<\/td>\n<td>700kg<\/td>\n<\/tr>\n<tr>\n<td>Modo de partida<\/td>\n<td colspan=\"2\">M\u00e3o e El\u00e9trica<\/td>\n<\/tr>\n<\/tbody>\n<\/table>\n","protected":false},"excerpt":{"rendered":"<ul>\n<li>Transmiss\u00e3o hidrost\u00e1tica completa com rampa de 30% para subidas fortes.<\/li>\n<li>Embreagem de vibra\u00e7\u00e3o eletromagn\u00e9tica com for\u00e7a de 20 kN garante compacta\u00e7\u00e3o profunda.<\/li>\n<li>Tanques de \u00e1gua duplos e partida el\u00e9trica melhoram a usabilidade e o tempo de execu\u00e7\u00e3o.<\/li>\n<\/ul>\n","protected":false},"featured_media":6779,"comment_status":"open","ping_status":"closed","template":"","meta":{"site-sidebar-layout":"default","site-content-layout":"","ast-site-content-layout":"default","site-content-style":"default","site-sidebar-style":"default","ast-global-header-display":"","ast-banner-title-visibility":"","ast-main-header-display":"","ast-hfb-above-header-display":"","ast-hfb-below-header-display":"","ast-hfb-mobile-header-display":"","site-post-title":"","ast-breadcrumbs-content":"","ast-featured-img":"","footer-sml-layout":"","theme-transparent-header-meta":"default","adv-header-id-meta":"","stick-header-meta":"","header-above-stick-meta":"","header-main-stick-meta":"","header-below-stick-meta":"","astra-migrate-meta-layouts":"default","ast-page-background-enabled":"default","ast-page-background-meta":{"desktop":{"background-color":"var(--ast-global-color-4)","background-image":"","background-repeat":"repeat","background-position":"center center","background-size":"auto","background-attachment":"scroll","background-type":"","background-media":"","overlay-type":"","overlay-color":"","overlay-opacity":"","overlay-gradient":""},"tablet":{"background-color":"","background-image":"","background-repeat":"repeat","background-position":"center center","background-size":"auto","background-attachment":"scroll","background-type":"","background-media":"","overlay-type":"","overlay-color":"","overlay-opacity":"","overlay-gradient":""},"mobile":{"background-color":"","background-image":"","background-repeat":"repeat","background-position":"center center","background-size":"auto","background-attachment":"scroll","background-type":"","background-media":"","overlay-type":"","overlay-color":"","overlay-opacity":"","overlay-gradient":""}},"ast-content-background-meta":{"desktop":{"background-color":"var(--ast-global-color-5)","background-image":"","background-repeat":"repeat","background-position":"center center","background-size":"auto","background-attachment":"scroll","background-type":"","background-media":"","overlay-type":"","overlay-color":"","overlay-opacity":"","overlay-gradient":""},"tablet":{"background-color":"var(--ast-global-color-5)","background-image":"","background-repeat":"repeat","background-position":"center center","background-size":"auto","background-attachment":"scroll","background-type":"","background-media":"","overlay-type":"","overlay-color":"","overlay-opacity":"","overlay-gradient":""},"mobile":{"background-color":"var(--ast-global-color-5)","background-image":"","background-repeat":"repeat","background-position":"center center","background-size":"auto","background-attachment":"scroll","background-type":"","background-media":"","overlay-type":"","overlay-color":"","overlay-opacity":"","overlay-gradient":""}}},"product_brand":[],"product_cat":[67],"product_tag":[],"class_list":{"0":"post-6969","1":"product","2":"type-product","3":"status-publish","4":"has-post-thumbnail","6":"product_cat-sem-categoria","7":"desktop-align-left","8":"tablet-align-left","9":"mobile-align-left","11":"first","12":"instock","13":"shipping-taxable","14":"product-type-simple"},"yoast_head":"<!-- This site is optimized with the Yoast SEO plugin v26.5 - https:\/\/yoast.com\/wordpress\/plugins\/seo\/ -->\n<title>Rolo Compactador Montado SHR 860\/855 &#8211; Excalibur Generator<\/title>\n<meta name=\"description\" content=\"Os rolos compactadores SHR 860\/855 contam com transmiss\u00e3o hidrost\u00e1tica completa, forte for\u00e7a de vibra\u00e7\u00e3o de 20 kN e desempenho compacto e eficiente para locais de trabalho apertados.\" \/>\n<meta name=\"robots\" content=\"index, follow, max-snippet:-1, max-image-preview:large, max-video-preview:-1\" \/>\n<link rel=\"canonical\" href=\"https:\/\/www.excalibur-generator.com\/pt-br\/rolo-compactador-montado-shr-860-855\/\" \/>\n<meta name=\"twitter:label1\" content=\"Est. tempo de leitura\" \/>\n\t<meta name=\"twitter:data1\" content=\"1 minuto\" \/>\n<script type=\"application\/ld+json\" class=\"yoast-schema-graph\">{\"@context\":\"https:\/\/schema.org\",\"@graph\":[{\"@type\":\"WebPage\",\"@id\":\"https:\/\/www.excalibur-generator.com\/pt-br\/rolo-compactador-montado-shr-860-855\/\",\"url\":\"https:\/\/www.excalibur-generator.com\/pt-br\/rolo-compactador-montado-shr-860-855\/\",\"name\":\"Rolo Compactador Montado SHR 860\/855 &#8211; Excalibur Generator\",\"isPartOf\":{\"@id\":\"https:\/\/www.excalibur-generator.com\/pt-br\/#website\"},\"primaryImageOfPage\":{\"@id\":\"https:\/\/www.excalibur-generator.com\/pt-br\/rolo-compactador-montado-shr-860-855\/#primaryimage\"},\"image\":{\"@id\":\"https:\/\/www.excalibur-generator.com\/pt-br\/rolo-compactador-montado-shr-860-855\/#primaryimage\"},\"thumbnailUrl\":\"https:\/\/www.excalibur-generator.com\/wp-content\/uploads\/2025\/06\/Ride-on-road-roller-1.jpg\",\"datePublished\":\"2025-06-25T09:17:37+00:00\",\"description\":\"Os rolos compactadores SHR 860\/855 contam com transmiss\u00e3o hidrost\u00e1tica completa, forte for\u00e7a de vibra\u00e7\u00e3o de 20 kN e desempenho compacto e eficiente para locais de trabalho apertados.\",\"breadcrumb\":{\"@id\":\"https:\/\/www.excalibur-generator.com\/pt-br\/rolo-compactador-montado-shr-860-855\/#breadcrumb\"},\"inLanguage\":\"pt-BR\",\"potentialAction\":[{\"@type\":\"ReadAction\",\"target\":[\"https:\/\/www.excalibur-generator.com\/pt-br\/rolo-compactador-montado-shr-860-855\/\"]}]},{\"@type\":\"ImageObject\",\"inLanguage\":\"pt-BR\",\"@id\":\"https:\/\/www.excalibur-generator.com\/pt-br\/rolo-compactador-montado-shr-860-855\/#primaryimage\",\"url\":\"https:\/\/www.excalibur-generator.com\/wp-content\/uploads\/2025\/06\/Ride-on-road-roller-1.jpg\",\"contentUrl\":\"https:\/\/www.excalibur-generator.com\/wp-content\/uploads\/2025\/06\/Ride-on-road-roller-1.jpg\",\"width\":800,\"height\":800,\"caption\":\"Rolo compactador de passeio\"},{\"@type\":\"BreadcrumbList\",\"@id\":\"https:\/\/www.excalibur-generator.com\/pt-br\/rolo-compactador-montado-shr-860-855\/#breadcrumb\",\"itemListElement\":[{\"@type\":\"ListItem\",\"position\":1,\"name\":\"Home\",\"item\":\"https:\/\/www.excalibur-generator.com\/pt-br\/\"},{\"@type\":\"ListItem\",\"position\":2,\"name\":\"Produtos\",\"item\":\"https:\/\/www.excalibur-generator.com\/pt-br\/produtos.html\"},{\"@type\":\"ListItem\",\"position\":3,\"name\":\"Rolo Compactador Montado SHR 860\/855\"}]},{\"@type\":\"WebSite\",\"@id\":\"https:\/\/www.excalibur-generator.com\/pt-br\/#website\",\"url\":\"https:\/\/www.excalibur-generator.com\/pt-br\/\",\"name\":\"Excalibur Generator\",\"description\":\"\",\"publisher\":{\"@id\":\"https:\/\/www.excalibur-generator.com\/pt-br\/#organization\"},\"potentialAction\":[{\"@type\":\"SearchAction\",\"target\":{\"@type\":\"EntryPoint\",\"urlTemplate\":\"https:\/\/www.excalibur-generator.com\/pt-br\/?s={search_term_string}\"},\"query-input\":{\"@type\":\"PropertyValueSpecification\",\"valueRequired\":true,\"valueName\":\"search_term_string\"}}],\"inLanguage\":\"pt-BR\"},{\"@type\":\"Organization\",\"@id\":\"https:\/\/www.excalibur-generator.com\/pt-br\/#organization\",\"name\":\"Excalibur Generator\",\"url\":\"https:\/\/www.excalibur-generator.com\/pt-br\/\",\"logo\":{\"@type\":\"ImageObject\",\"inLanguage\":\"pt-BR\",\"@id\":\"https:\/\/www.excalibur-generator.com\/pt-br\/#\/schema\/logo\/image\/\",\"url\":\"https:\/\/www.excalibur-generator.com\/wp-content\/uploads\/2024\/05\/EXCALIBUR.png\",\"contentUrl\":\"https:\/\/www.excalibur-generator.com\/wp-content\/uploads\/2024\/05\/EXCALIBUR.png\",\"width\":350,\"height\":79,\"caption\":\"Excalibur Generator\"},\"image\":{\"@id\":\"https:\/\/www.excalibur-generator.com\/pt-br\/#\/schema\/logo\/image\/\"}}]}<\/script>\n<!-- \/ Yoast SEO plugin. -->","yoast_head_json":{"title":"Rolo Compactador Montado SHR 860\/855 &#8211; Excalibur Generator","description":"Os rolos compactadores SHR 860\/855 contam com transmiss\u00e3o hidrost\u00e1tica completa, forte for\u00e7a de vibra\u00e7\u00e3o de 20 kN e desempenho compacto e eficiente para locais de trabalho apertados.","robots":{"index":"index","follow":"follow","max-snippet":"max-snippet:-1","max-image-preview":"max-image-preview:large","max-video-preview":"max-video-preview:-1"},"canonical":"https:\/\/www.excalibur-generator.com\/pt-br\/rolo-compactador-montado-shr-860-855\/","twitter_misc":{"Est. tempo de leitura":"1 minuto"},"schema":{"@context":"https:\/\/schema.org","@graph":[{"@type":"WebPage","@id":"https:\/\/www.excalibur-generator.com\/pt-br\/rolo-compactador-montado-shr-860-855\/","url":"https:\/\/www.excalibur-generator.com\/pt-br\/rolo-compactador-montado-shr-860-855\/","name":"Rolo Compactador Montado SHR 860\/855 &#8211; Excalibur Generator","isPartOf":{"@id":"https:\/\/www.excalibur-generator.com\/pt-br\/#website"},"primaryImageOfPage":{"@id":"https:\/\/www.excalibur-generator.com\/pt-br\/rolo-compactador-montado-shr-860-855\/#primaryimage"},"image":{"@id":"https:\/\/www.excalibur-generator.com\/pt-br\/rolo-compactador-montado-shr-860-855\/#primaryimage"},"thumbnailUrl":"https:\/\/www.excalibur-generator.com\/wp-content\/uploads\/2025\/06\/Ride-on-road-roller-1.jpg","datePublished":"2025-06-25T09:17:37+00:00","description":"Os rolos compactadores SHR 860\/855 contam com transmiss\u00e3o hidrost\u00e1tica completa, forte for\u00e7a de vibra\u00e7\u00e3o de 20 kN e desempenho compacto e eficiente para locais de trabalho apertados.","breadcrumb":{"@id":"https:\/\/www.excalibur-generator.com\/pt-br\/rolo-compactador-montado-shr-860-855\/#breadcrumb"},"inLanguage":"pt-BR","potentialAction":[{"@type":"ReadAction","target":["https:\/\/www.excalibur-generator.com\/pt-br\/rolo-compactador-montado-shr-860-855\/"]}]},{"@type":"ImageObject","inLanguage":"pt-BR","@id":"https:\/\/www.excalibur-generator.com\/pt-br\/rolo-compactador-montado-shr-860-855\/#primaryimage","url":"https:\/\/www.excalibur-generator.com\/wp-content\/uploads\/2025\/06\/Ride-on-road-roller-1.jpg","contentUrl":"https:\/\/www.excalibur-generator.com\/wp-content\/uploads\/2025\/06\/Ride-on-road-roller-1.jpg","width":800,"height":800,"caption":"Rolo compactador de passeio"},{"@type":"BreadcrumbList","@id":"https:\/\/www.excalibur-generator.com\/pt-br\/rolo-compactador-montado-shr-860-855\/#breadcrumb","itemListElement":[{"@type":"ListItem","position":1,"name":"Home","item":"https:\/\/www.excalibur-generator.com\/pt-br\/"},{"@type":"ListItem","position":2,"name":"Produtos","item":"https:\/\/www.excalibur-generator.com\/pt-br\/produtos.html"},{"@type":"ListItem","position":3,"name":"Rolo Compactador Montado SHR 860\/855"}]},{"@type":"WebSite","@id":"https:\/\/www.excalibur-generator.com\/pt-br\/#website","url":"https:\/\/www.excalibur-generator.com\/pt-br\/","name":"Excalibur Generator","description":"","publisher":{"@id":"https:\/\/www.excalibur-generator.com\/pt-br\/#organization"},"potentialAction":[{"@type":"SearchAction","target":{"@type":"EntryPoint","urlTemplate":"https:\/\/www.excalibur-generator.com\/pt-br\/?s={search_term_string}"},"query-input":{"@type":"PropertyValueSpecification","valueRequired":true,"valueName":"search_term_string"}}],"inLanguage":"pt-BR"},{"@type":"Organization","@id":"https:\/\/www.excalibur-generator.com\/pt-br\/#organization","name":"Excalibur Generator","url":"https:\/\/www.excalibur-generator.com\/pt-br\/","logo":{"@type":"ImageObject","inLanguage":"pt-BR","@id":"https:\/\/www.excalibur-generator.com\/pt-br\/#\/schema\/logo\/image\/","url":"https:\/\/www.excalibur-generator.com\/wp-content\/uploads\/2024\/05\/EXCALIBUR.png","contentUrl":"https:\/\/www.excalibur-generator.com\/wp-content\/uploads\/2024\/05\/EXCALIBUR.png","width":350,"height":79,"caption":"Excalibur Generator"},"image":{"@id":"https:\/\/www.excalibur-generator.com\/pt-br\/#\/schema\/logo\/image\/"}}]}},"_links":{"self":[{"href":"https:\/\/www.excalibur-generator.com\/pt-br\/wp-json\/wp\/v2\/product\/6969","targetHints":{"allow":["GET"]}}],"collection":[{"href":"https:\/\/www.excalibur-generator.com\/pt-br\/wp-json\/wp\/v2\/product"}],"about":[{"href":"https:\/\/www.excalibur-generator.com\/pt-br\/wp-json\/wp\/v2\/types\/product"}],"replies":[{"embeddable":true,"href":"https:\/\/www.excalibur-generator.com\/pt-br\/wp-json\/wp\/v2\/comments?post=6969"}],"wp:featuredmedia":[{"embeddable":true,"href":"https:\/\/www.excalibur-generator.com\/pt-br\/wp-json\/wp\/v2\/media\/6779"}],"wp:attachment":[{"href":"https:\/\/www.excalibur-generator.com\/pt-br\/wp-json\/wp\/v2\/media?parent=6969"}],"wp:term":[{"taxonomy":"product_brand","embeddable":true,"href":"https:\/\/www.excalibur-generator.com\/pt-br\/wp-json\/wp\/v2\/product_brand?post=6969"},{"taxonomy":"product_cat","embeddable":true,"href":"https:\/\/www.excalibur-generator.com\/pt-br\/wp-json\/wp\/v2\/product_cat?post=6969"},{"taxonomy":"product_tag","embeddable":true,"href":"https:\/\/www.excalibur-generator.com\/pt-br\/wp-json\/wp\/v2\/product_tag?post=6969"}],"curies":[{"name":"wp","href":"https:\/\/api.w.org\/{rel}","templated":true}]}}