{"id":6970,"date":"2025-06-25T17:02:30","date_gmt":"2025-06-25T09:02:30","guid":{"rendered":"https:\/\/www.excalibur-generator.com\/rolo-compactador-hidraulico-shr-800-shr-800c\/"},"modified":"2025-06-25T17:02:30","modified_gmt":"2025-06-25T09:02:30","slug":"rolo-compactador-hidraulico-shr-800-shr-800c","status":"publish","type":"product","link":"https:\/\/www.excalibur-generator.com\/pt-br\/rolo-compactador-hidraulico-shr-800-shr-800c\/","title":{"rendered":"Rolo Compactador Hidr\u00e1ulico SHR-800\/SHR-800C"},"content":{"rendered":"<table>\n<tbody>\n<tr>\n<td>Modelo<\/td>\n<td>SHR-800<\/td>\n<td>SHR-800C<\/td>\n<\/tr>\n<tr>\n<td>Velocidade da caminhada<\/td>\n<td colspan=\"2\">0-4km\/h<\/td>\n<\/tr>\n<tr>\n<td>Habilidade de Grau<\/td>\n<td colspan=\"2\">30%<\/td>\n<\/tr>\n<tr>\n<td>Tipo de unidade<\/td>\n<td colspan=\"2\">Transmiss\u00e3o hidr\u00e1ulica<\/td>\n<\/tr>\n<tr>\n<td>Tipo de vibra\u00e7\u00e3o<\/td>\n<td colspan=\"2\">Embreagem eletromagn\u00e9tica<\/td>\n<\/tr>\n<tr>\n<td>Carga Linear Est\u00e1tica<\/td>\n<td colspan=\"2\">75N\/cm<\/td>\n<\/tr>\n<tr>\n<td>Nominal Amplitude<\/td>\n<td colspan=\"2\">0.5mm<\/td>\n<\/tr>\n<tr>\n<td>Frequ\u00eancia de vibra\u00e7\u00e3o<\/td>\n<td colspan=\"2\">70Hz<\/td>\n<\/tr>\n<tr>\n<td>For\u00e7a Emocionante<\/td>\n<td colspan=\"2\">20kN<\/td>\n<\/tr>\n<tr>\n<td>Tanque de \u00e1gua<\/td>\n<td colspan=\"2\">26L<\/td>\n<\/tr>\n<tr>\n<td>Tanque de \u00f3leo hidr\u00e1ulico<\/td>\n<td colspan=\"2\">20L<\/td>\n<\/tr>\n<tr>\n<td>Modelo do motor<\/td>\n<td>Honda GX390<\/td>\n<td>S186FA<\/td>\n<\/tr>\n<tr>\n<td>Poder<\/td>\n<td>13.0HP<\/td>\n<td>10.0HP<\/td>\n<\/tr>\n<tr>\n<td>Tamanho da roda de a\u00e7o<\/td>\n<td colspan=\"2\">\u00d8350X636mmX2<\/td>\n<\/tr>\n<tr>\n<td>Tamanho da embalagem<\/td>\n<td colspan=\"2\"> 1510X870X1920mm<\/td>\n<\/tr>\n<tr>\n<td>Peso de trabalho<\/td>\n<td>780kg<\/td>\n<td>800kg<\/td>\n<\/tr>\n<tr>\n<td>Modo de partida<\/td>\n<td colspan=\"2\">M\u00e3o e El\u00e9trica<\/td>\n<\/tr>\n<\/tbody>\n<\/table>\n","protected":false},"excerpt":{"rendered":"<ul>\n<li>O acionamento hidr\u00e1ulico garante uma opera\u00e7\u00e3o suave em v\u00e1rios tipos de superf\u00edcies.<\/li>\n<li>Forte for\u00e7a de vibra\u00e7\u00e3o e capacidade de inclina\u00e7\u00e3o de 30% aumentam o desempenho.<\/li>\n<li>Tambores duplos de a\u00e7o e design compacto melhoram a compacta\u00e7\u00e3o do solo.<\/li>\n<\/ul>\n","protected":false},"featured_media":6775,"comment_status":"open","ping_status":"closed","template":"","meta":{"site-sidebar-layout":"default","site-content-layout":"","ast-site-content-layout":"default","site-content-style":"default","site-sidebar-style":"default","ast-global-header-display":"","ast-banner-title-visibility":"","ast-main-header-display":"","ast-hfb-above-header-display":"","ast-hfb-below-header-display":"","ast-hfb-mobile-header-display":"","site-post-title":"","ast-breadcrumbs-content":"","ast-featured-img":"","footer-sml-layout":"","theme-transparent-header-meta":"default","adv-header-id-meta":"","stick-header-meta":"","header-above-stick-meta":"","header-main-stick-meta":"","header-below-stick-meta":"","astra-migrate-meta-layouts":"default","ast-page-background-enabled":"default","ast-page-background-meta":{"desktop":{"background-color":"var(--ast-global-color-4)","background-image":"","background-repeat":"repeat","background-position":"center center","background-size":"auto","background-attachment":"scroll","background-type":"","background-media":"","overlay-type":"","overlay-color":"","overlay-opacity":"","overlay-gradient":""},"tablet":{"background-color":"","background-image":"","background-repeat":"repeat","background-position":"center center","background-size":"auto","background-attachment":"scroll","background-type":"","background-media":"","overlay-type":"","overlay-color":"","overlay-opacity":"","overlay-gradient":""},"mobile":{"background-color":"","background-image":"","background-repeat":"repeat","background-position":"center center","background-size":"auto","background-attachment":"scroll","background-type":"","background-media":"","overlay-type":"","overlay-color":"","overlay-opacity":"","overlay-gradient":""}},"ast-content-background-meta":{"desktop":{"background-color":"var(--ast-global-color-5)","background-image":"","background-repeat":"repeat","background-position":"center center","background-size":"auto","background-attachment":"scroll","background-type":"","background-media":"","overlay-type":"","overlay-color":"","overlay-opacity":"","overlay-gradient":""},"tablet":{"background-color":"var(--ast-global-color-5)","background-image":"","background-repeat":"repeat","background-position":"center center","background-size":"auto","background-attachment":"scroll","background-type":"","background-media":"","overlay-type":"","overlay-color":"","overlay-opacity":"","overlay-gradient":""},"mobile":{"background-color":"var(--ast-global-color-5)","background-image":"","background-repeat":"repeat","background-position":"center center","background-size":"auto","background-attachment":"scroll","background-type":"","background-media":"","overlay-type":"","overlay-color":"","overlay-opacity":"","overlay-gradient":""}}},"product_brand":[],"product_cat":[67],"product_tag":[],"class_list":{"0":"post-6970","1":"product","2":"type-product","3":"status-publish","4":"has-post-thumbnail","6":"product_cat-sem-categoria","7":"desktop-align-left","8":"tablet-align-left","9":"mobile-align-left","11":"first","12":"instock","13":"shipping-taxable","14":"product-type-simple"},"yoast_head":"<!-- This site is optimized with the Yoast SEO plugin v26.5 - https:\/\/yoast.com\/wordpress\/plugins\/seo\/ -->\n<title>Rolo Compactador Hidr\u00e1ulico SHR-800\/SHR-800C &#8211; Excalibur Generator<\/title>\n<meta name=\"description\" content=\"O SHR-800\/SHR-800C possui acionamento hidr\u00e1ulico, forte for\u00e7a de vibra\u00e7\u00e3o de 20 kN, tambores de a\u00e7o duplos e compacta\u00e7\u00e3o eficiente em at\u00e9 30% de inclina\u00e7\u00e3o.\" \/>\n<meta name=\"robots\" content=\"index, follow, max-snippet:-1, max-image-preview:large, max-video-preview:-1\" \/>\n<link rel=\"canonical\" href=\"https:\/\/www.excalibur-generator.com\/pt-br\/rolo-compactador-hidraulico-shr-800-shr-800c\/\" \/>\n<script type=\"application\/ld+json\" class=\"yoast-schema-graph\">{\"@context\":\"https:\/\/schema.org\",\"@graph\":[{\"@type\":\"WebPage\",\"@id\":\"https:\/\/www.excalibur-generator.com\/pt-br\/rolo-compactador-hidraulico-shr-800-shr-800c\/\",\"url\":\"https:\/\/www.excalibur-generator.com\/pt-br\/rolo-compactador-hidraulico-shr-800-shr-800c\/\",\"name\":\"Rolo Compactador Hidr\u00e1ulico SHR-800\/SHR-800C &#8211; Excalibur Generator\",\"isPartOf\":{\"@id\":\"https:\/\/www.excalibur-generator.com\/pt-br\/#website\"},\"primaryImageOfPage\":{\"@id\":\"https:\/\/www.excalibur-generator.com\/pt-br\/rolo-compactador-hidraulico-shr-800-shr-800c\/#primaryimage\"},\"image\":{\"@id\":\"https:\/\/www.excalibur-generator.com\/pt-br\/rolo-compactador-hidraulico-shr-800-shr-800c\/#primaryimage\"},\"thumbnailUrl\":\"https:\/\/www.excalibur-generator.com\/wp-content\/uploads\/2025\/06\/SHR-800SHR-800C-Hydraulic-Road-Roller-1.jpg\",\"datePublished\":\"2025-06-25T09:02:30+00:00\",\"description\":\"O SHR-800\/SHR-800C possui acionamento hidr\u00e1ulico, forte for\u00e7a de vibra\u00e7\u00e3o de 20 kN, tambores de a\u00e7o duplos e compacta\u00e7\u00e3o eficiente em at\u00e9 30% de inclina\u00e7\u00e3o.\",\"breadcrumb\":{\"@id\":\"https:\/\/www.excalibur-generator.com\/pt-br\/rolo-compactador-hidraulico-shr-800-shr-800c\/#breadcrumb\"},\"inLanguage\":\"pt-BR\",\"potentialAction\":[{\"@type\":\"ReadAction\",\"target\":[\"https:\/\/www.excalibur-generator.com\/pt-br\/rolo-compactador-hidraulico-shr-800-shr-800c\/\"]}]},{\"@type\":\"ImageObject\",\"inLanguage\":\"pt-BR\",\"@id\":\"https:\/\/www.excalibur-generator.com\/pt-br\/rolo-compactador-hidraulico-shr-800-shr-800c\/#primaryimage\",\"url\":\"https:\/\/www.excalibur-generator.com\/wp-content\/uploads\/2025\/06\/SHR-800SHR-800C-Hydraulic-Road-Roller-1.jpg\",\"contentUrl\":\"https:\/\/www.excalibur-generator.com\/wp-content\/uploads\/2025\/06\/SHR-800SHR-800C-Hydraulic-Road-Roller-1.jpg\",\"width\":800,\"height\":800,\"caption\":\"Rolo compactador hidr\u00e1ulico SHR-800SHR-800C\"},{\"@type\":\"BreadcrumbList\",\"@id\":\"https:\/\/www.excalibur-generator.com\/pt-br\/rolo-compactador-hidraulico-shr-800-shr-800c\/#breadcrumb\",\"itemListElement\":[{\"@type\":\"ListItem\",\"position\":1,\"name\":\"Home\",\"item\":\"https:\/\/www.excalibur-generator.com\/pt-br\/\"},{\"@type\":\"ListItem\",\"position\":2,\"name\":\"Produtos\",\"item\":\"https:\/\/www.excalibur-generator.com\/pt-br\/produtos.html\"},{\"@type\":\"ListItem\",\"position\":3,\"name\":\"Rolo Compactador Hidr\u00e1ulico SHR-800\/SHR-800C\"}]},{\"@type\":\"WebSite\",\"@id\":\"https:\/\/www.excalibur-generator.com\/pt-br\/#website\",\"url\":\"https:\/\/www.excalibur-generator.com\/pt-br\/\",\"name\":\"Excalibur Generator\",\"description\":\"\",\"publisher\":{\"@id\":\"https:\/\/www.excalibur-generator.com\/pt-br\/#organization\"},\"potentialAction\":[{\"@type\":\"SearchAction\",\"target\":{\"@type\":\"EntryPoint\",\"urlTemplate\":\"https:\/\/www.excalibur-generator.com\/pt-br\/?s={search_term_string}\"},\"query-input\":{\"@type\":\"PropertyValueSpecification\",\"valueRequired\":true,\"valueName\":\"search_term_string\"}}],\"inLanguage\":\"pt-BR\"},{\"@type\":\"Organization\",\"@id\":\"https:\/\/www.excalibur-generator.com\/pt-br\/#organization\",\"name\":\"Excalibur Generator\",\"url\":\"https:\/\/www.excalibur-generator.com\/pt-br\/\",\"logo\":{\"@type\":\"ImageObject\",\"inLanguage\":\"pt-BR\",\"@id\":\"https:\/\/www.excalibur-generator.com\/pt-br\/#\/schema\/logo\/image\/\",\"url\":\"https:\/\/www.excalibur-generator.com\/wp-content\/uploads\/2024\/05\/EXCALIBUR.png\",\"contentUrl\":\"https:\/\/www.excalibur-generator.com\/wp-content\/uploads\/2024\/05\/EXCALIBUR.png\",\"width\":350,\"height\":79,\"caption\":\"Excalibur Generator\"},\"image\":{\"@id\":\"https:\/\/www.excalibur-generator.com\/pt-br\/#\/schema\/logo\/image\/\"}}]}<\/script>\n<!-- \/ Yoast SEO plugin. -->","yoast_head_json":{"title":"Rolo Compactador Hidr\u00e1ulico SHR-800\/SHR-800C &#8211; Excalibur Generator","description":"O SHR-800\/SHR-800C possui acionamento hidr\u00e1ulico, forte for\u00e7a de vibra\u00e7\u00e3o de 20 kN, tambores de a\u00e7o duplos e compacta\u00e7\u00e3o eficiente em at\u00e9 30% de inclina\u00e7\u00e3o.","robots":{"index":"index","follow":"follow","max-snippet":"max-snippet:-1","max-image-preview":"max-image-preview:large","max-video-preview":"max-video-preview:-1"},"canonical":"https:\/\/www.excalibur-generator.com\/pt-br\/rolo-compactador-hidraulico-shr-800-shr-800c\/","schema":{"@context":"https:\/\/schema.org","@graph":[{"@type":"WebPage","@id":"https:\/\/www.excalibur-generator.com\/pt-br\/rolo-compactador-hidraulico-shr-800-shr-800c\/","url":"https:\/\/www.excalibur-generator.com\/pt-br\/rolo-compactador-hidraulico-shr-800-shr-800c\/","name":"Rolo Compactador Hidr\u00e1ulico SHR-800\/SHR-800C &#8211; Excalibur Generator","isPartOf":{"@id":"https:\/\/www.excalibur-generator.com\/pt-br\/#website"},"primaryImageOfPage":{"@id":"https:\/\/www.excalibur-generator.com\/pt-br\/rolo-compactador-hidraulico-shr-800-shr-800c\/#primaryimage"},"image":{"@id":"https:\/\/www.excalibur-generator.com\/pt-br\/rolo-compactador-hidraulico-shr-800-shr-800c\/#primaryimage"},"thumbnailUrl":"https:\/\/www.excalibur-generator.com\/wp-content\/uploads\/2025\/06\/SHR-800SHR-800C-Hydraulic-Road-Roller-1.jpg","datePublished":"2025-06-25T09:02:30+00:00","description":"O SHR-800\/SHR-800C possui acionamento hidr\u00e1ulico, forte for\u00e7a de vibra\u00e7\u00e3o de 20 kN, tambores de a\u00e7o duplos e compacta\u00e7\u00e3o eficiente em at\u00e9 30% de inclina\u00e7\u00e3o.","breadcrumb":{"@id":"https:\/\/www.excalibur-generator.com\/pt-br\/rolo-compactador-hidraulico-shr-800-shr-800c\/#breadcrumb"},"inLanguage":"pt-BR","potentialAction":[{"@type":"ReadAction","target":["https:\/\/www.excalibur-generator.com\/pt-br\/rolo-compactador-hidraulico-shr-800-shr-800c\/"]}]},{"@type":"ImageObject","inLanguage":"pt-BR","@id":"https:\/\/www.excalibur-generator.com\/pt-br\/rolo-compactador-hidraulico-shr-800-shr-800c\/#primaryimage","url":"https:\/\/www.excalibur-generator.com\/wp-content\/uploads\/2025\/06\/SHR-800SHR-800C-Hydraulic-Road-Roller-1.jpg","contentUrl":"https:\/\/www.excalibur-generator.com\/wp-content\/uploads\/2025\/06\/SHR-800SHR-800C-Hydraulic-Road-Roller-1.jpg","width":800,"height":800,"caption":"Rolo compactador hidr\u00e1ulico SHR-800SHR-800C"},{"@type":"BreadcrumbList","@id":"https:\/\/www.excalibur-generator.com\/pt-br\/rolo-compactador-hidraulico-shr-800-shr-800c\/#breadcrumb","itemListElement":[{"@type":"ListItem","position":1,"name":"Home","item":"https:\/\/www.excalibur-generator.com\/pt-br\/"},{"@type":"ListItem","position":2,"name":"Produtos","item":"https:\/\/www.excalibur-generator.com\/pt-br\/produtos.html"},{"@type":"ListItem","position":3,"name":"Rolo Compactador Hidr\u00e1ulico SHR-800\/SHR-800C"}]},{"@type":"WebSite","@id":"https:\/\/www.excalibur-generator.com\/pt-br\/#website","url":"https:\/\/www.excalibur-generator.com\/pt-br\/","name":"Excalibur Generator","description":"","publisher":{"@id":"https:\/\/www.excalibur-generator.com\/pt-br\/#organization"},"potentialAction":[{"@type":"SearchAction","target":{"@type":"EntryPoint","urlTemplate":"https:\/\/www.excalibur-generator.com\/pt-br\/?s={search_term_string}"},"query-input":{"@type":"PropertyValueSpecification","valueRequired":true,"valueName":"search_term_string"}}],"inLanguage":"pt-BR"},{"@type":"Organization","@id":"https:\/\/www.excalibur-generator.com\/pt-br\/#organization","name":"Excalibur Generator","url":"https:\/\/www.excalibur-generator.com\/pt-br\/","logo":{"@type":"ImageObject","inLanguage":"pt-BR","@id":"https:\/\/www.excalibur-generator.com\/pt-br\/#\/schema\/logo\/image\/","url":"https:\/\/www.excalibur-generator.com\/wp-content\/uploads\/2024\/05\/EXCALIBUR.png","contentUrl":"https:\/\/www.excalibur-generator.com\/wp-content\/uploads\/2024\/05\/EXCALIBUR.png","width":350,"height":79,"caption":"Excalibur Generator"},"image":{"@id":"https:\/\/www.excalibur-generator.com\/pt-br\/#\/schema\/logo\/image\/"}}]}},"_links":{"self":[{"href":"https:\/\/www.excalibur-generator.com\/pt-br\/wp-json\/wp\/v2\/product\/6970","targetHints":{"allow":["GET"]}}],"collection":[{"href":"https:\/\/www.excalibur-generator.com\/pt-br\/wp-json\/wp\/v2\/product"}],"about":[{"href":"https:\/\/www.excalibur-generator.com\/pt-br\/wp-json\/wp\/v2\/types\/product"}],"replies":[{"embeddable":true,"href":"https:\/\/www.excalibur-generator.com\/pt-br\/wp-json\/wp\/v2\/comments?post=6970"}],"wp:featuredmedia":[{"embeddable":true,"href":"https:\/\/www.excalibur-generator.com\/pt-br\/wp-json\/wp\/v2\/media\/6775"}],"wp:attachment":[{"href":"https:\/\/www.excalibur-generator.com\/pt-br\/wp-json\/wp\/v2\/media?parent=6970"}],"wp:term":[{"taxonomy":"product_brand","embeddable":true,"href":"https:\/\/www.excalibur-generator.com\/pt-br\/wp-json\/wp\/v2\/product_brand?post=6970"},{"taxonomy":"product_cat","embeddable":true,"href":"https:\/\/www.excalibur-generator.com\/pt-br\/wp-json\/wp\/v2\/product_cat?post=6970"},{"taxonomy":"product_tag","embeddable":true,"href":"https:\/\/www.excalibur-generator.com\/pt-br\/wp-json\/wp\/v2\/product_tag?post=6970"}],"curies":[{"name":"wp","href":"https:\/\/api.w.org\/{rel}","templated":true}]}}