{"id":6971,"date":"2025-06-25T16:54:57","date_gmt":"2025-06-25T08:54:57","guid":{"rendered":"https:\/\/www.excalibur-generator.com\/rolo-compactador-de-conducao-manual-svr700h-700d\/"},"modified":"2025-06-25T16:54:57","modified_gmt":"2025-06-25T08:54:57","slug":"rolo-compactador-de-conducao-manual-svr700h-700d","status":"publish","type":"product","link":"https:\/\/www.excalibur-generator.com\/pt-br\/rolo-compactador-de-conducao-manual-svr700h-700d\/","title":{"rendered":"Rolo Compactador de Condu\u00e7\u00e3o Manual SVR700H\/700D"},"content":{"rendered":"<table width=\"892\">\n<tbody>\n<tr>\n<td width=\"269\">Modelo<\/td>\n<td width=\"410\">SVR700H<\/td>\n<td width=\"213\">SVR700D<\/td>\n<\/tr>\n<tr>\n<td width=\"269\">Marca do motor<\/td>\n<td width=\"410\">HONDA GX390\/GX270<\/td>\n<td width=\"213\">S178F<\/td>\n<\/tr>\n<tr>\n<td width=\"269\">Modelo do motor<\/td>\n<td width=\"410\">Gasolina e cilindro \u00fanico e vertical e quatro tempos Diesel cilindro \u00fanico vertical e quatro tempos e v\u00e1lvulas suspensas<\/td>\n<td width=\"213\">Inje\u00e7\u00e3o de ar e direta<\/td>\n<\/tr>\n<tr>\n<td width=\"269\">Poder<\/td>\n<td width=\"410\">9.7kw<\/td>\n<td width=\"213\">4.4kw<\/td>\n<\/tr>\n<tr>\n<td width=\"269\">Velocidade de rota\u00e7\u00e3o<\/td>\n<td width=\"410\">3600rpm<\/td>\n<td width=\"213\">3600rpm<\/td>\n<\/tr>\n<tr>\n<td width=\"269\">Capacidade de combust\u00edvel<\/td>\n<td width=\"410\">6.5L<\/td>\n<td width=\"213\">3.5L<\/td>\n<\/tr>\n<tr>\n<td width=\"269\">\u00d3leo lubrificante<\/td>\n<td width=\"410\">1.1L<\/td>\n<td width=\"213\">1.1L<\/td>\n<\/tr>\n<tr>\n<td width=\"269\">Comece<\/td>\n<td colspan=\"2\" width=\"623\">Recuo manual\/partida el\u00e9trica<\/td>\n<\/tr>\n<tr>\n<td width=\"269\">Carga est\u00e1tica<\/td>\n<td colspan=\"2\">45n\/cm<\/td>\n<\/tr>\n<tr>\n<td width=\"269\">Frequ\u00eancia de vibra\u00e7\u00e3o<\/td>\n<td colspan=\"2\" width=\"623\">70hz<\/td>\n<\/tr>\n<tr>\n<td width=\"269\">Amplitude nominal<\/td>\n<td colspan=\"2\" width=\"623\">0.6mm<\/td>\n<\/tr>\n<tr>\n<td width=\"269\">For\u00e7a Emocionante<\/td>\n<td colspan=\"2\" width=\"623\">20kn<\/td>\n<\/tr>\n<tr>\n<td width=\"269\">Caminho a p\u00e9<\/td>\n<td colspan=\"2\" width=\"623\">Transmiss\u00e3o por corrente hidr\u00e1ulica bidirecional<\/td>\n<\/tr>\n<tr>\n<td width=\"269\">Velocidade de caminhada<\/td>\n<td colspan=\"2\" width=\"623\">4.5km\/h<\/td>\n<\/tr>\n<tr>\n<td width=\"269\">Capacidade te\u00f3rica de escalada<\/td>\n<td colspan=\"2\" width=\"623\">30%<\/td>\n<\/tr>\n<tr>\n<td width=\"269\">Capacidade do tanque hidr\u00e1ulico<\/td>\n<td width=\"410\">15L<\/td>\n<td width=\"213\">15L<\/td>\n<\/tr>\n<tr>\n<td width=\"269\">Capacidade do tanque de \u00e1gua<\/td>\n<td colspan=\"2\" width=\"623\">20L<\/td>\n<\/tr>\n<tr>\n<td width=\"269\">Sistema de irriga\u00e7\u00e3o<\/td>\n<td colspan=\"2\" width=\"623\">Rega por gravidade<\/td>\n<\/tr>\n<tr>\n<td width=\"269\">Tamanho da roda<\/td>\n<td colspan=\"2\" width=\"623\">\u03c6530*700mm<\/td>\n<\/tr>\n<tr>\n<td width=\"269\">Largura total<\/td>\n<td colspan=\"2\" width=\"623\">880mm<\/td>\n<\/tr>\n<tr>\n<td width=\"269\">Comprimento da m\u00e1quina (descarga da estrutura de prote\u00e7\u00e3o)<\/td>\n<td colspan=\"2\" width=\"623\">2150mm<\/td>\n<\/tr>\n<tr>\n<td width=\"269\">Altura da m\u00e1quina (suporte de prote\u00e7\u00e3o ereto)<\/td>\n<td colspan=\"2\" width=\"623\">1870mm<\/td>\n<\/tr>\n<tr>\n<td width=\"269\">Tamanho da embalagem<\/td>\n<td colspan=\"2\" width=\"623\">1200*920*1920mm<\/td>\n<\/tr>\n<tr>\n<td width=\"269\">Peso<\/td>\n<td colspan=\"2\" width=\"623\">550kg<\/td>\n<\/tr>\n<\/tbody>\n<\/table>\n","protected":false},"excerpt":{"rendered":"<ul>\n<li>Pot\u00eancia de marca, forte desempenho e f\u00e1cil inicializa\u00e7\u00e3o.<\/li>\n<li>O pequeno raio de opera\u00e7\u00e3o \u00e9 adequado para \u00e1reas de trabalho extremamente estreitas.<\/li>\n<li>Bombas hidr\u00e1ulicas dom\u00e9sticas e motores garantem f\u00e1cil opera\u00e7\u00e3o bidirecional.<\/li>\n<li>Apoio de bra\u00e7o alongado, conforto na dire\u00e7\u00e3o<\/li>\n<li>Rolamentos FYH e correias MITSUBOSHI garantem desempenho confi\u00e1vel da m\u00e1quina.<\/li>\n<li>Acabamento em spray de superf\u00edcie, apar\u00eancia atraente, resistente \u00e0 ferrugem e \u00e0 corros\u00e3o.<\/li>\n<\/ul>\n","protected":false},"featured_media":6770,"comment_status":"open","ping_status":"closed","template":"","meta":{"site-sidebar-layout":"default","site-content-layout":"","ast-site-content-layout":"default","site-content-style":"default","site-sidebar-style":"default","ast-global-header-display":"","ast-banner-title-visibility":"","ast-main-header-display":"","ast-hfb-above-header-display":"","ast-hfb-below-header-display":"","ast-hfb-mobile-header-display":"","site-post-title":"","ast-breadcrumbs-content":"","ast-featured-img":"","footer-sml-layout":"","theme-transparent-header-meta":"default","adv-header-id-meta":"","stick-header-meta":"","header-above-stick-meta":"","header-main-stick-meta":"","header-below-stick-meta":"","astra-migrate-meta-layouts":"default","ast-page-background-enabled":"default","ast-page-background-meta":{"desktop":{"background-color":"var(--ast-global-color-4)","background-image":"","background-repeat":"repeat","background-position":"center center","background-size":"auto","background-attachment":"scroll","background-type":"","background-media":"","overlay-type":"","overlay-color":"","overlay-opacity":"","overlay-gradient":""},"tablet":{"background-color":"","background-image":"","background-repeat":"repeat","background-position":"center center","background-size":"auto","background-attachment":"scroll","background-type":"","background-media":"","overlay-type":"","overlay-color":"","overlay-opacity":"","overlay-gradient":""},"mobile":{"background-color":"","background-image":"","background-repeat":"repeat","background-position":"center center","background-size":"auto","background-attachment":"scroll","background-type":"","background-media":"","overlay-type":"","overlay-color":"","overlay-opacity":"","overlay-gradient":""}},"ast-content-background-meta":{"desktop":{"background-color":"var(--ast-global-color-5)","background-image":"","background-repeat":"repeat","background-position":"center center","background-size":"auto","background-attachment":"scroll","background-type":"","background-media":"","overlay-type":"","overlay-color":"","overlay-opacity":"","overlay-gradient":""},"tablet":{"background-color":"var(--ast-global-color-5)","background-image":"","background-repeat":"repeat","background-position":"center center","background-size":"auto","background-attachment":"scroll","background-type":"","background-media":"","overlay-type":"","overlay-color":"","overlay-opacity":"","overlay-gradient":""},"mobile":{"background-color":"var(--ast-global-color-5)","background-image":"","background-repeat":"repeat","background-position":"center center","background-size":"auto","background-attachment":"scroll","background-type":"","background-media":"","overlay-type":"","overlay-color":"","overlay-opacity":"","overlay-gradient":""}}},"product_brand":[],"product_cat":[67],"product_tag":[],"class_list":{"0":"post-6971","1":"product","2":"type-product","3":"status-publish","4":"has-post-thumbnail","6":"product_cat-sem-categoria","7":"desktop-align-left","8":"tablet-align-left","9":"mobile-align-left","11":"first","12":"instock","13":"shipping-taxable","14":"product-type-simple"},"yoast_head":"<!-- This site is optimized with the Yoast SEO plugin v26.5 - https:\/\/yoast.com\/wordpress\/plugins\/seo\/ -->\n<title>Rolo Compactador de Condu\u00e7\u00e3o Manual SVR700H\/700D &#8211; Excalibur Generator<\/title>\n<meta name=\"description\" content=\"O rolo compactador manual SVR700H\/700D fornece for\u00e7a de 20 kN, acionamento hidr\u00e1ulico bidirecional e compacta\u00e7\u00e3o eficiente com op\u00e7\u00f5es de energia a gasolina ou diesel.\" \/>\n<meta name=\"robots\" content=\"index, follow, max-snippet:-1, max-image-preview:large, max-video-preview:-1\" \/>\n<link rel=\"canonical\" href=\"https:\/\/www.excalibur-generator.com\/pt-br\/rolo-compactador-de-conducao-manual-svr700h-700d\/\" \/>\n<meta name=\"twitter:label1\" content=\"Est. tempo de leitura\" \/>\n\t<meta name=\"twitter:data1\" content=\"1 minuto\" \/>\n<script type=\"application\/ld+json\" class=\"yoast-schema-graph\">{\"@context\":\"https:\/\/schema.org\",\"@graph\":[{\"@type\":\"WebPage\",\"@id\":\"https:\/\/www.excalibur-generator.com\/pt-br\/rolo-compactador-de-conducao-manual-svr700h-700d\/\",\"url\":\"https:\/\/www.excalibur-generator.com\/pt-br\/rolo-compactador-de-conducao-manual-svr700h-700d\/\",\"name\":\"Rolo Compactador de Condu\u00e7\u00e3o Manual SVR700H\/700D &#8211; Excalibur Generator\",\"isPartOf\":{\"@id\":\"https:\/\/www.excalibur-generator.com\/pt-br\/#website\"},\"primaryImageOfPage\":{\"@id\":\"https:\/\/www.excalibur-generator.com\/pt-br\/rolo-compactador-de-conducao-manual-svr700h-700d\/#primaryimage\"},\"image\":{\"@id\":\"https:\/\/www.excalibur-generator.com\/pt-br\/rolo-compactador-de-conducao-manual-svr700h-700d\/#primaryimage\"},\"thumbnailUrl\":\"https:\/\/www.excalibur-generator.com\/wp-content\/uploads\/2025\/06\/SVR700H-700D-walk-behind-raod-roller.jpg\",\"datePublished\":\"2025-06-25T08:54:57+00:00\",\"description\":\"O rolo compactador manual SVR700H\/700D fornece for\u00e7a de 20 kN, acionamento hidr\u00e1ulico bidirecional e compacta\u00e7\u00e3o eficiente com op\u00e7\u00f5es de energia a gasolina ou diesel.\",\"breadcrumb\":{\"@id\":\"https:\/\/www.excalibur-generator.com\/pt-br\/rolo-compactador-de-conducao-manual-svr700h-700d\/#breadcrumb\"},\"inLanguage\":\"pt-BR\",\"potentialAction\":[{\"@type\":\"ReadAction\",\"target\":[\"https:\/\/www.excalibur-generator.com\/pt-br\/rolo-compactador-de-conducao-manual-svr700h-700d\/\"]}]},{\"@type\":\"ImageObject\",\"inLanguage\":\"pt-BR\",\"@id\":\"https:\/\/www.excalibur-generator.com\/pt-br\/rolo-compactador-de-conducao-manual-svr700h-700d\/#primaryimage\",\"url\":\"https:\/\/www.excalibur-generator.com\/wp-content\/uploads\/2025\/06\/SVR700H-700D-walk-behind-raod-roller.jpg\",\"contentUrl\":\"https:\/\/www.excalibur-generator.com\/wp-content\/uploads\/2025\/06\/SVR700H-700D-walk-behind-raod-roller.jpg\",\"width\":800,\"height\":800,\"caption\":\"Rolo compactador manual SVR700H 700D\"},{\"@type\":\"BreadcrumbList\",\"@id\":\"https:\/\/www.excalibur-generator.com\/pt-br\/rolo-compactador-de-conducao-manual-svr700h-700d\/#breadcrumb\",\"itemListElement\":[{\"@type\":\"ListItem\",\"position\":1,\"name\":\"Home\",\"item\":\"https:\/\/www.excalibur-generator.com\/pt-br\/\"},{\"@type\":\"ListItem\",\"position\":2,\"name\":\"Produtos\",\"item\":\"https:\/\/www.excalibur-generator.com\/pt-br\/produtos.html\"},{\"@type\":\"ListItem\",\"position\":3,\"name\":\"Rolo Compactador de Condu\u00e7\u00e3o Manual SVR700H\/700D\"}]},{\"@type\":\"WebSite\",\"@id\":\"https:\/\/www.excalibur-generator.com\/pt-br\/#website\",\"url\":\"https:\/\/www.excalibur-generator.com\/pt-br\/\",\"name\":\"Excalibur Generator\",\"description\":\"\",\"publisher\":{\"@id\":\"https:\/\/www.excalibur-generator.com\/pt-br\/#organization\"},\"potentialAction\":[{\"@type\":\"SearchAction\",\"target\":{\"@type\":\"EntryPoint\",\"urlTemplate\":\"https:\/\/www.excalibur-generator.com\/pt-br\/?s={search_term_string}\"},\"query-input\":{\"@type\":\"PropertyValueSpecification\",\"valueRequired\":true,\"valueName\":\"search_term_string\"}}],\"inLanguage\":\"pt-BR\"},{\"@type\":\"Organization\",\"@id\":\"https:\/\/www.excalibur-generator.com\/pt-br\/#organization\",\"name\":\"Excalibur Generator\",\"url\":\"https:\/\/www.excalibur-generator.com\/pt-br\/\",\"logo\":{\"@type\":\"ImageObject\",\"inLanguage\":\"pt-BR\",\"@id\":\"https:\/\/www.excalibur-generator.com\/pt-br\/#\/schema\/logo\/image\/\",\"url\":\"https:\/\/www.excalibur-generator.com\/wp-content\/uploads\/2024\/05\/EXCALIBUR.png\",\"contentUrl\":\"https:\/\/www.excalibur-generator.com\/wp-content\/uploads\/2024\/05\/EXCALIBUR.png\",\"width\":350,\"height\":79,\"caption\":\"Excalibur Generator\"},\"image\":{\"@id\":\"https:\/\/www.excalibur-generator.com\/pt-br\/#\/schema\/logo\/image\/\"}}]}<\/script>\n<!-- \/ Yoast SEO plugin. -->","yoast_head_json":{"title":"Rolo Compactador de Condu\u00e7\u00e3o Manual SVR700H\/700D &#8211; Excalibur Generator","description":"O rolo compactador manual SVR700H\/700D fornece for\u00e7a de 20 kN, acionamento hidr\u00e1ulico bidirecional e compacta\u00e7\u00e3o eficiente com op\u00e7\u00f5es de energia a gasolina ou diesel.","robots":{"index":"index","follow":"follow","max-snippet":"max-snippet:-1","max-image-preview":"max-image-preview:large","max-video-preview":"max-video-preview:-1"},"canonical":"https:\/\/www.excalibur-generator.com\/pt-br\/rolo-compactador-de-conducao-manual-svr700h-700d\/","twitter_misc":{"Est. tempo de leitura":"1 minuto"},"schema":{"@context":"https:\/\/schema.org","@graph":[{"@type":"WebPage","@id":"https:\/\/www.excalibur-generator.com\/pt-br\/rolo-compactador-de-conducao-manual-svr700h-700d\/","url":"https:\/\/www.excalibur-generator.com\/pt-br\/rolo-compactador-de-conducao-manual-svr700h-700d\/","name":"Rolo Compactador de Condu\u00e7\u00e3o Manual SVR700H\/700D &#8211; Excalibur Generator","isPartOf":{"@id":"https:\/\/www.excalibur-generator.com\/pt-br\/#website"},"primaryImageOfPage":{"@id":"https:\/\/www.excalibur-generator.com\/pt-br\/rolo-compactador-de-conducao-manual-svr700h-700d\/#primaryimage"},"image":{"@id":"https:\/\/www.excalibur-generator.com\/pt-br\/rolo-compactador-de-conducao-manual-svr700h-700d\/#primaryimage"},"thumbnailUrl":"https:\/\/www.excalibur-generator.com\/wp-content\/uploads\/2025\/06\/SVR700H-700D-walk-behind-raod-roller.jpg","datePublished":"2025-06-25T08:54:57+00:00","description":"O rolo compactador manual SVR700H\/700D fornece for\u00e7a de 20 kN, acionamento hidr\u00e1ulico bidirecional e compacta\u00e7\u00e3o eficiente com op\u00e7\u00f5es de energia a gasolina ou diesel.","breadcrumb":{"@id":"https:\/\/www.excalibur-generator.com\/pt-br\/rolo-compactador-de-conducao-manual-svr700h-700d\/#breadcrumb"},"inLanguage":"pt-BR","potentialAction":[{"@type":"ReadAction","target":["https:\/\/www.excalibur-generator.com\/pt-br\/rolo-compactador-de-conducao-manual-svr700h-700d\/"]}]},{"@type":"ImageObject","inLanguage":"pt-BR","@id":"https:\/\/www.excalibur-generator.com\/pt-br\/rolo-compactador-de-conducao-manual-svr700h-700d\/#primaryimage","url":"https:\/\/www.excalibur-generator.com\/wp-content\/uploads\/2025\/06\/SVR700H-700D-walk-behind-raod-roller.jpg","contentUrl":"https:\/\/www.excalibur-generator.com\/wp-content\/uploads\/2025\/06\/SVR700H-700D-walk-behind-raod-roller.jpg","width":800,"height":800,"caption":"Rolo compactador manual SVR700H 700D"},{"@type":"BreadcrumbList","@id":"https:\/\/www.excalibur-generator.com\/pt-br\/rolo-compactador-de-conducao-manual-svr700h-700d\/#breadcrumb","itemListElement":[{"@type":"ListItem","position":1,"name":"Home","item":"https:\/\/www.excalibur-generator.com\/pt-br\/"},{"@type":"ListItem","position":2,"name":"Produtos","item":"https:\/\/www.excalibur-generator.com\/pt-br\/produtos.html"},{"@type":"ListItem","position":3,"name":"Rolo Compactador de Condu\u00e7\u00e3o Manual SVR700H\/700D"}]},{"@type":"WebSite","@id":"https:\/\/www.excalibur-generator.com\/pt-br\/#website","url":"https:\/\/www.excalibur-generator.com\/pt-br\/","name":"Excalibur Generator","description":"","publisher":{"@id":"https:\/\/www.excalibur-generator.com\/pt-br\/#organization"},"potentialAction":[{"@type":"SearchAction","target":{"@type":"EntryPoint","urlTemplate":"https:\/\/www.excalibur-generator.com\/pt-br\/?s={search_term_string}"},"query-input":{"@type":"PropertyValueSpecification","valueRequired":true,"valueName":"search_term_string"}}],"inLanguage":"pt-BR"},{"@type":"Organization","@id":"https:\/\/www.excalibur-generator.com\/pt-br\/#organization","name":"Excalibur Generator","url":"https:\/\/www.excalibur-generator.com\/pt-br\/","logo":{"@type":"ImageObject","inLanguage":"pt-BR","@id":"https:\/\/www.excalibur-generator.com\/pt-br\/#\/schema\/logo\/image\/","url":"https:\/\/www.excalibur-generator.com\/wp-content\/uploads\/2024\/05\/EXCALIBUR.png","contentUrl":"https:\/\/www.excalibur-generator.com\/wp-content\/uploads\/2024\/05\/EXCALIBUR.png","width":350,"height":79,"caption":"Excalibur Generator"},"image":{"@id":"https:\/\/www.excalibur-generator.com\/pt-br\/#\/schema\/logo\/image\/"}}]}},"_links":{"self":[{"href":"https:\/\/www.excalibur-generator.com\/pt-br\/wp-json\/wp\/v2\/product\/6971","targetHints":{"allow":["GET"]}}],"collection":[{"href":"https:\/\/www.excalibur-generator.com\/pt-br\/wp-json\/wp\/v2\/product"}],"about":[{"href":"https:\/\/www.excalibur-generator.com\/pt-br\/wp-json\/wp\/v2\/types\/product"}],"replies":[{"embeddable":true,"href":"https:\/\/www.excalibur-generator.com\/pt-br\/wp-json\/wp\/v2\/comments?post=6971"}],"wp:featuredmedia":[{"embeddable":true,"href":"https:\/\/www.excalibur-generator.com\/pt-br\/wp-json\/wp\/v2\/media\/6770"}],"wp:attachment":[{"href":"https:\/\/www.excalibur-generator.com\/pt-br\/wp-json\/wp\/v2\/media?parent=6971"}],"wp:term":[{"taxonomy":"product_brand","embeddable":true,"href":"https:\/\/www.excalibur-generator.com\/pt-br\/wp-json\/wp\/v2\/product_brand?post=6971"},{"taxonomy":"product_cat","embeddable":true,"href":"https:\/\/www.excalibur-generator.com\/pt-br\/wp-json\/wp\/v2\/product_cat?post=6971"},{"taxonomy":"product_tag","embeddable":true,"href":"https:\/\/www.excalibur-generator.com\/pt-br\/wp-json\/wp\/v2\/product_tag?post=6971"}],"curies":[{"name":"wp","href":"https:\/\/api.w.org\/{rel}","templated":true}]}}